{"id":39849,"date":"2023-01-01T10:00:50","date_gmt":"2023-01-01T10:00:50","guid":{"rendered":"https:\/\/www.aceweb.advertis.es\/producto\/quaderns-destructures-48\/"},"modified":"2023-03-22T15:59:00","modified_gmt":"2023-03-22T15:59:00","slug":"quaderns-destructures-48","status":"publish","type":"product","link":"https:\/\/aceweb.cat\/es\/producto\/quaderns-destructures-48\/","title":{"rendered":"Quaderns d&#8217;Estructures 48"},"content":{"rendered":"<p>Este n\u00famero incluye:<\/p>\n<h2><strong>1. Editorial<\/strong><\/h2>\n<p>Art\u00edculo redactado por\u00a0<strong>XAVIER MATEU<\/strong>. Descarga la revista para conocer la creaci\u00f3n de los Premios ACE de Estructuras:<\/p>\n<p><em>\u201cCronol\u00f3gicamente, y sin apenas saberlo, los objetivos iniciales de nuestra Asociaci\u00f3n han sido la uni\u00f3n, la comprensi\u00f3n, la complicidad, la solidaridad, el compartir la informaci\u00f3n y un largo etc\u00e9tera relacionado con estos prop\u00f3sitos. <\/em><\/p>\n<p><em>A medida que esta comunidad ha madurado con los a\u00f1os, estos logros se han ido consiguiendo con cierta facilidad y se han ido persiguiendo miras m\u00e1s lejanas. As\u00ed que aparecieron la formaci\u00f3n y el reconocimiento. formaci\u00f3n, porque lo que tiene el conocimiento tiene la obligaci\u00f3n de compartirlo, y reconocimiento por que recibir es la consecuencia natural del hecho de dar.<\/em><\/p>\n<p><em>De esta manera lleg\u00f3 un d\u00eda en el que un entonces joven apasionado de este mundo de las estructuras propuso el Premio a la mejor estructura del a\u00f1o. Hablamos del actual presidente de la ACE David Garcia y, como tuve la casualidad de coincidir en el lugar y en el tiempo, soy testigo de ese azar y con la obligaci\u00f3n de dar fe de ello.\u201d<\/ me><\/p>\n<h2><strong>2. Introducci\u00f3n<\/strong><\/h2>\n<p>Art\u00edculo redactado por\u00a0<b>MIQUEL RODR\u00cdGUEZ<\/b>. Descarga la revista para conocer los beneficios para todos, tener unos premios organizados por la ACE.<\/p>\n<p><em>\u201cHace muchos a\u00f1os que alguien pens\u00f3 en realizar la convocatoria de unos premios al mejor proyecto de estructuras. En su d\u00eda no se llev\u00f3 a cabo, pero este 2013, finalmente ha sido una realidad. Por primera vez la ACE convocaba a todos los interesados en presentarse al 1er concurso de estructuras de la ACE.<\/em><\/p>\n<p><em>Un premio de esta categor\u00eda tiene grandes beneficios para todos. Por un lado, da mayor visibilidad a nuestra asociaci\u00f3n a sectores ajenos al nuestro. Tambi\u00e9n es un reconocimiento para los participantes de su trabajo realizado. Para el resto de profesionales que no se presentan, es una oportunidad de ver lo que hacen otros especialistas, y sobre todo, ver c\u00f3mo se han desarrollado algunos de los proyectos m\u00e1s caracter\u00edsticos de nuestro sector. As\u00ed, la realizaci\u00f3n de este premio es y ser\u00e1 todo ventajas.\u201d<\/em><\/p>\n<h2><strong>3. Candidaturas en los Premios<\/strong><\/h2>\n<ul>\n<li><em>\u201cRecalce de los fundamentos de la Sagrada Familia<\/a>\u201c, Carlos Buxad\u00e9, Joan Margarit, \u00c1gata Buxad\u00e9, Ram\u00f3n Ferrando y Carlos Gelp\u00ed.<\/em><\/li>\n<li><em>\u201cSoftware SCT para el c\u00e1lculo de apuntalamientos en estructuras de hormig\u00f3n armado, analizando la transmisi\u00f3n de cargas en los procesos de cimbrado-descimbrado de forjados sucesivos en altura\u201d, Jordi Garcia.<\/em><\/li>\n<li><em>\u201cEdificio de oficinas en la Plaza de Europa de Hospitalet de Llobregat\u201d, Bl\u00e1zquez Guanter SLP.<\/em><\/li>\n<li><em>\u201cMuro de micropilotes gunidad de forma descendente entre medianeras\u201d, Indus C\u00e1lculo SA.<\/em><\/li>\n<li><em>\u201cCentro de tecnificaci\u00f3n \u2013 Centro deportivo\u201d, Jorge Blasco Miguel.<\/em><\/li>\n<li><em>\u201cProyecto de dos viviendas unifamiliares pareadas\u201d, Mart\u00ed Cabestany Pu\u00e9rtolas.<\/em><\/li>\n<li><em>\u201cDise\u00f1o de un procedimiento basado en t\u00e9cnicas no destructivas para determinar la carga incidente en columnas pre-existentes\u201d, Miquel Llorens Sulivera.<\/em><\/li>\n<li><em>\u201cSistema no invasivo de refundamentaci\u00f3n con aparatos de recalce 2PE\u201d, Juan Jos\u00e9 Rosas Alaguero.\u201d<\/em><\/li>\n<\/ul>\n<h2><strong>4. Acta del jurado de la primera edici\u00f3n de los Premios ACE<\/strong><\/h2>\n<p>Miembros del jurado:<\/p>\n<ul>\n<li>David Garcia (presidente)<\/li>\n<li>Miquel Rodr\u00edguez (secretario)<\/li>\n<li>Fructuoso Ma\u00f1\u00e1<\/li>\n<li>Jordi Maristany<\/li>\n<li>Robert Brufau.<\/li>\n<\/ul>\n<h2><strong>5. Lista de miembros de la asociaci\u00f3n<\/strong><\/h2>\n<p>Conoce a los\u00a0miembros\u00a0de la Asociaci\u00f3n Consultores de Estructuras. Podr\u00e1s ver a los nuevos integrantes que participan por el reconocimiento de la profesi\u00f3n dentro del mundo de la construcci\u00f3n.<\/p>\n","protected":false},"excerpt":{"rendered":"<ul>\n<li>1. Editorial<\/li>\n<li>2. Introducci\u00f3n<\/li>\n<li>3. Candidaturas en los Premios<\/li>\n<li>4. Acta del jurado de la primera edici\u00f3n de los Premios ACE<\/li>\n<li>5. Lista de miembros de la Asociaci\u00f3n<\/li>\n<\/ul>\n","protected":false},"featured_media":37790,"template":"","meta":{"_acf_changed":false,"site-sidebar-layout":"default","site-content-layout":"default","ast-global-header-display":"","ast-main-header-display":"","ast-hfb-above-header-display":"","ast-hfb-below-header-display":"","ast-hfb-mobile-header-display":"","site-post-title":"","ast-breadcrumbs-content":"","ast-featured-img":"","footer-sml-layout":"","theme-transparent-header-meta":"default","adv-header-id-meta":"","stick-header-meta":"","header-above-stick-meta":"","header-main-stick-meta":"","header-below-stick-meta":""},"product_brand":[],"product_cat":[595],"product_tag":[],"class_list":{"0":"post-39849","1":"product","2":"type-product","3":"status-publish","4":"has-post-thumbnail","6":"product_cat-cuaderno-de-estructuras","7":"desktop-align-left","8":"tablet-align-left","9":"mobile-align-left","11":"first","12":"instock","13":"taxable","14":"shipping-taxable","15":"purchasable","16":"product-type-variable","17":"has-default-attributes"},"acf":[],"yoast_head":"<!-- This site is optimized with the Yoast SEO plugin v27.1.1 - https:\/\/yoast.com\/product\/yoast-seo-wordpress\/ -->\n<title>Quaderns d&#039;Estructures 48 | ACE<\/title>\n<meta name=\"description\" content=\"Revista n\u00ba 48 con art\u00edculos de actualidad que tratan sobre la construcci\u00f3n de estructuras y publica la Asociaci\u00f3n de Consultores de Estructuras (ACE).\" \/>\n<meta name=\"robots\" content=\"index, follow, max-snippet:-1, max-image-preview:large, max-video-preview:-1\" \/>\n<link rel=\"canonical\" href=\"https:\/\/aceweb.cat\/es\/producto\/quaderns-destructures-48\/\" \/>\n<meta property=\"og:locale\" content=\"es_ES\" \/>\n<meta property=\"og:type\" content=\"article\" \/>\n<meta property=\"og:title\" content=\"Quaderns d&#039;Estructures 48 | ACE\" \/>\n<meta property=\"og:description\" content=\"Revista n\u00ba 48 con art\u00edculos de actualidad que tratan sobre la construcci\u00f3n de estructuras y publica la Asociaci\u00f3n de Consultores de Estructuras (ACE).\" \/>\n<meta property=\"og:url\" content=\"https:\/\/aceweb.cat\/es\/producto\/quaderns-destructures-48\/\" \/>\n<meta property=\"og:site_name\" content=\"aceweb.cat\" \/>\n<meta property=\"article:modified_time\" content=\"2023-03-22T15:59:00+00:00\" \/>\n<meta property=\"og:image\" content=\"https:\/\/aceweb.cat\/wp-content\/uploads\/2023\/02\/ACE-Quaderns-Estructures-048.jpg\" \/>\n\t<meta property=\"og:image:width\" content=\"724\" \/>\n\t<meta property=\"og:image:height\" content=\"1024\" \/>\n\t<meta property=\"og:image:type\" content=\"image\/jpeg\" \/>\n<meta name=\"twitter:card\" content=\"summary_large_image\" \/>\n<meta name=\"twitter:label1\" content=\"Tiempo de lectura\" \/>\n\t<meta name=\"twitter:data1\" content=\"3 minutos\" \/>\n<script type=\"application\/ld+json\" class=\"yoast-schema-graph\">{\"@context\":\"https:\/\/schema.org\",\"@graph\":[{\"@type\":\"WebPage\",\"@id\":\"https:\/\/aceweb.cat\/es\/producto\/quaderns-destructures-48\/\",\"url\":\"https:\/\/aceweb.cat\/es\/producto\/quaderns-destructures-48\/\",\"name\":\"Quaderns d'Estructures 48 | ACE\",\"isPartOf\":{\"@id\":\"https:\/\/aceweb.cat\/#website\"},\"primaryImageOfPage\":{\"@id\":\"https:\/\/aceweb.cat\/es\/producto\/quaderns-destructures-48\/#primaryimage\"},\"image\":{\"@id\":\"https:\/\/aceweb.cat\/es\/producto\/quaderns-destructures-48\/#primaryimage\"},\"thumbnailUrl\":\"https:\/\/aceweb.cat\/wp-content\/uploads\/2023\/02\/ACE-Quaderns-Estructures-048.jpg\",\"datePublished\":\"2023-01-01T10:00:50+00:00\",\"dateModified\":\"2023-03-22T15:59:00+00:00\",\"description\":\"Revista n\u00ba 48 con art\u00edculos de actualidad que tratan sobre la construcci\u00f3n de estructuras y publica la Asociaci\u00f3n de Consultores de Estructuras (ACE).\",\"breadcrumb\":{\"@id\":\"https:\/\/aceweb.cat\/es\/producto\/quaderns-destructures-48\/#breadcrumb\"},\"inLanguage\":\"es\",\"potentialAction\":[{\"@type\":\"ReadAction\",\"target\":[\"https:\/\/aceweb.cat\/es\/producto\/quaderns-destructures-48\/\"]}]},{\"@type\":\"ImageObject\",\"inLanguage\":\"es\",\"@id\":\"https:\/\/aceweb.cat\/es\/producto\/quaderns-destructures-48\/#primaryimage\",\"url\":\"https:\/\/aceweb.cat\/wp-content\/uploads\/2023\/02\/ACE-Quaderns-Estructures-048.jpg\",\"contentUrl\":\"https:\/\/aceweb.cat\/wp-content\/uploads\/2023\/02\/ACE-Quaderns-Estructures-048.jpg\",\"width\":724,\"height\":1024},{\"@type\":\"BreadcrumbList\",\"@id\":\"https:\/\/aceweb.cat\/es\/producto\/quaderns-destructures-48\/#breadcrumb\",\"itemListElement\":[{\"@type\":\"ListItem\",\"position\":1,\"name\":\"Inici\",\"item\":\"https:\/\/aceweb.cat\/\"},{\"@type\":\"ListItem\",\"position\":2,\"name\":\"Tienda\",\"item\":\"https:\/\/aceweb.cat\/es\/tienda\/\"},{\"@type\":\"ListItem\",\"position\":3,\"name\":\"Quadern d\u2019Estructures\",\"item\":\"https:\/\/aceweb.cat\/es\/categoria-producto\/cuaderno-de-estructuras\/\"},{\"@type\":\"ListItem\",\"position\":4,\"name\":\"Quaderns d&#8217;Estructures 48\"}]},{\"@type\":\"WebSite\",\"@id\":\"https:\/\/aceweb.cat\/#website\",\"url\":\"https:\/\/aceweb.cat\/\",\"name\":\"ACE\",\"description\":\"Associaci\u00f3 de Consultors d&#039;Estructures | ACE\",\"publisher\":{\"@id\":\"https:\/\/aceweb.cat\/#organization\"},\"alternateName\":\"ACE\",\"potentialAction\":[{\"@type\":\"SearchAction\",\"target\":{\"@type\":\"EntryPoint\",\"urlTemplate\":\"https:\/\/aceweb.cat\/?s={search_term_string}\"},\"query-input\":{\"@type\":\"PropertyValueSpecification\",\"valueRequired\":true,\"valueName\":\"search_term_string\"}}],\"inLanguage\":\"es\"},{\"@type\":\"Organization\",\"@id\":\"https:\/\/aceweb.cat\/#organization\",\"name\":\"ACE\",\"alternateName\":\"ACE\",\"url\":\"https:\/\/aceweb.cat\/\",\"logo\":{\"@type\":\"ImageObject\",\"inLanguage\":\"es\",\"@id\":\"https:\/\/aceweb.cat\/#\/schema\/logo\/image\/\",\"url\":\"https:\/\/aceweb.cat\/wp-content\/uploads\/2022\/10\/logo.svg\",\"contentUrl\":\"https:\/\/aceweb.cat\/wp-content\/uploads\/2022\/10\/logo.svg\",\"width\":1,\"height\":1,\"caption\":\"ACE\"},\"image\":{\"@id\":\"https:\/\/aceweb.cat\/#\/schema\/logo\/image\/\"}}]}<\/script>\n<!-- \/ Yoast SEO plugin. -->","yoast_head_json":{"title":"Quaderns d'Estructures 48 | ACE","description":"Revista n\u00ba 48 con art\u00edculos de actualidad que tratan sobre la construcci\u00f3n de estructuras y publica la Asociaci\u00f3n de Consultores de Estructuras (ACE).","robots":{"index":"index","follow":"follow","max-snippet":"max-snippet:-1","max-image-preview":"max-image-preview:large","max-video-preview":"max-video-preview:-1"},"canonical":"https:\/\/aceweb.cat\/es\/producto\/quaderns-destructures-48\/","og_locale":"es_ES","og_type":"article","og_title":"Quaderns d'Estructures 48 | ACE","og_description":"Revista n\u00ba 48 con art\u00edculos de actualidad que tratan sobre la construcci\u00f3n de estructuras y publica la Asociaci\u00f3n de Consultores de Estructuras (ACE).","og_url":"https:\/\/aceweb.cat\/es\/producto\/quaderns-destructures-48\/","og_site_name":"aceweb.cat","article_modified_time":"2023-03-22T15:59:00+00:00","og_image":[{"width":724,"height":1024,"url":"https:\/\/aceweb.cat\/wp-content\/uploads\/2023\/02\/ACE-Quaderns-Estructures-048.jpg","type":"image\/jpeg"}],"twitter_card":"summary_large_image","twitter_misc":{"Tiempo de lectura":"3 minutos"},"schema":{"@context":"https:\/\/schema.org","@graph":[{"@type":"WebPage","@id":"https:\/\/aceweb.cat\/es\/producto\/quaderns-destructures-48\/","url":"https:\/\/aceweb.cat\/es\/producto\/quaderns-destructures-48\/","name":"Quaderns d'Estructures 48 | ACE","isPartOf":{"@id":"https:\/\/aceweb.cat\/#website"},"primaryImageOfPage":{"@id":"https:\/\/aceweb.cat\/es\/producto\/quaderns-destructures-48\/#primaryimage"},"image":{"@id":"https:\/\/aceweb.cat\/es\/producto\/quaderns-destructures-48\/#primaryimage"},"thumbnailUrl":"https:\/\/aceweb.cat\/wp-content\/uploads\/2023\/02\/ACE-Quaderns-Estructures-048.jpg","datePublished":"2023-01-01T10:00:50+00:00","dateModified":"2023-03-22T15:59:00+00:00","description":"Revista n\u00ba 48 con art\u00edculos de actualidad que tratan sobre la construcci\u00f3n de estructuras y publica la Asociaci\u00f3n de Consultores de Estructuras (ACE).","breadcrumb":{"@id":"https:\/\/aceweb.cat\/es\/producto\/quaderns-destructures-48\/#breadcrumb"},"inLanguage":"es","potentialAction":[{"@type":"ReadAction","target":["https:\/\/aceweb.cat\/es\/producto\/quaderns-destructures-48\/"]}]},{"@type":"ImageObject","inLanguage":"es","@id":"https:\/\/aceweb.cat\/es\/producto\/quaderns-destructures-48\/#primaryimage","url":"https:\/\/aceweb.cat\/wp-content\/uploads\/2023\/02\/ACE-Quaderns-Estructures-048.jpg","contentUrl":"https:\/\/aceweb.cat\/wp-content\/uploads\/2023\/02\/ACE-Quaderns-Estructures-048.jpg","width":724,"height":1024},{"@type":"BreadcrumbList","@id":"https:\/\/aceweb.cat\/es\/producto\/quaderns-destructures-48\/#breadcrumb","itemListElement":[{"@type":"ListItem","position":1,"name":"Inici","item":"https:\/\/aceweb.cat\/"},{"@type":"ListItem","position":2,"name":"Tienda","item":"https:\/\/aceweb.cat\/es\/tienda\/"},{"@type":"ListItem","position":3,"name":"Quadern d\u2019Estructures","item":"https:\/\/aceweb.cat\/es\/categoria-producto\/cuaderno-de-estructuras\/"},{"@type":"ListItem","position":4,"name":"Quaderns d&#8217;Estructures 48"}]},{"@type":"WebSite","@id":"https:\/\/aceweb.cat\/#website","url":"https:\/\/aceweb.cat\/","name":"ACE","description":"Associaci\u00f3 de Consultors d&#039;Estructures | ACE","publisher":{"@id":"https:\/\/aceweb.cat\/#organization"},"alternateName":"ACE","potentialAction":[{"@type":"SearchAction","target":{"@type":"EntryPoint","urlTemplate":"https:\/\/aceweb.cat\/?s={search_term_string}"},"query-input":{"@type":"PropertyValueSpecification","valueRequired":true,"valueName":"search_term_string"}}],"inLanguage":"es"},{"@type":"Organization","@id":"https:\/\/aceweb.cat\/#organization","name":"ACE","alternateName":"ACE","url":"https:\/\/aceweb.cat\/","logo":{"@type":"ImageObject","inLanguage":"es","@id":"https:\/\/aceweb.cat\/#\/schema\/logo\/image\/","url":"https:\/\/aceweb.cat\/wp-content\/uploads\/2022\/10\/logo.svg","contentUrl":"https:\/\/aceweb.cat\/wp-content\/uploads\/2022\/10\/logo.svg","width":1,"height":1,"caption":"ACE"},"image":{"@id":"https:\/\/aceweb.cat\/#\/schema\/logo\/image\/"}}]}},"_links":{"self":[{"href":"https:\/\/aceweb.cat\/es\/wp-json\/wp\/v2\/product\/39849","targetHints":{"allow":["GET"]}}],"collection":[{"href":"https:\/\/aceweb.cat\/es\/wp-json\/wp\/v2\/product"}],"about":[{"href":"https:\/\/aceweb.cat\/es\/wp-json\/wp\/v2\/types\/product"}],"version-history":[{"count":1,"href":"https:\/\/aceweb.cat\/es\/wp-json\/wp\/v2\/product\/39849\/revisions"}],"predecessor-version":[{"id":41029,"href":"https:\/\/aceweb.cat\/es\/wp-json\/wp\/v2\/product\/39849\/revisions\/41029"}],"wp:featuredmedia":[{"embeddable":true,"href":"https:\/\/aceweb.cat\/es\/wp-json\/wp\/v2\/media\/37790"}],"wp:attachment":[{"href":"https:\/\/aceweb.cat\/es\/wp-json\/wp\/v2\/media?parent=39849"}],"wp:term":[{"taxonomy":"product_brand","embeddable":true,"href":"https:\/\/aceweb.cat\/es\/wp-json\/wp\/v2\/product_brand?post=39849"},{"taxonomy":"product_cat","embeddable":true,"href":"https:\/\/aceweb.cat\/es\/wp-json\/wp\/v2\/product_cat?post=39849"},{"taxonomy":"product_tag","embeddable":true,"href":"https:\/\/aceweb.cat\/es\/wp-json\/wp\/v2\/product_tag?post=39849"}],"curies":[{"name":"wp","href":"https:\/\/api.w.org\/{rel}","templated":true}]}}