{"id":39852,"date":"2023-01-02T10:00:03","date_gmt":"2023-01-02T10:00:03","guid":{"rendered":"https:\/\/www.aceweb.advertis.es\/producto\/quaderns-destructures-49\/"},"modified":"2023-03-22T15:59:13","modified_gmt":"2023-03-22T15:59:13","slug":"quaderns-destructures-49","status":"publish","type":"product","link":"https:\/\/aceweb.cat\/es\/producto\/quaderns-destructures-49\/","title":{"rendered":"Quaderns d&#8217;Estructures 49"},"content":{"rendered":"<p>Este n\u00famero incluye:<\/p>\n<h2><strong>1. Editorial<\/strong><\/h2>\n<p>Art\u00edculo redactado por\u00a0<b>DAVID GARCIA<\/b>. Descarga la revista para conocer el legado que nos dej\u00f3 en\u00a0<a href=\"https:\/\/legadoexposevilla.org\/muere-felix-escrig-autor-de-varios-disenos-de-estructuras-de-sombra-para-expo92 \/\" target=\"_blank\" rel=\"noopener noreferrer\"><strong>F\u00e9lix Escrig<\/strong><\/a>:<\/p>\n<p><em>\u201cHace pocos meses, F\u00e9lix nos dej\u00f3. Con discreci\u00f3n, como siempre actu\u00f3. Despu\u00e9s de una larga enfermedad contra la que luch\u00f3 con firmeza, como siempre hab\u00eda vivido. <\/em><em>Una vida centrada en las estructuras ligeras, desde la innovaci\u00f3n, como siempre hab\u00eda pensado. Con intensidad. Porque, probablemente, una de las palabras que mejor definir\u00edan a F\u00e9lix ser\u00eda \u00e9sta: intensidad.<\/em><\/p>\n<p><em>Su legado es imparable desde todos los puntos de vista; desde los proyectos profesionales, la investigaci\u00f3n, el mundo editorial o el entorno acad\u00e9mico. Siempre fue un trabajador incansable, un pensador dotado de una capacidad creativa y de una intuici\u00f3n extraordinaria.<\/em><em>\u201d<\/em><\/p>\n<h2><strong>2. F\u00e9lix Escrig y las estructuras desplegables<\/strong><\/h2>\n<p>Art\u00edculo redactado por\u00a0<strong>JUAN P\u00c9REZ VALC\u00c1RCEL<\/strong><b>. <\/b>Descarga la revista para conocer el homenaje a F\u00e9lix Escrig :<\/p>\n<p><em>\u201cEste art\u00edculo nace como consecuencia de una iniciativa de la Asociaci\u00f3n de Consultores de Estructuras de hacer un homenaje a la obra de F\u00e9lix Escrig Pallar\u00e9s.<\/em><\/p>\n<p><em>Para m\u00ed, F\u00e9lix fue primer compa\u00f1ero de estudios y despu\u00e9s de investigaciones, pero sobre todo un gran amigo. Por eso quiero ante todo agradecer a la ACE esta iniciativa a la que quiero contribuir de la mejor manera que sepa.<\/em><\/p>\n<p><em>Como tambi\u00e9n otros amigos van a hacer sus propias contribuciones, centrar\u00e9 la m\u00eda en un campo muy concreto, el de las estructuras desplegables, en el que F\u00e9lix ha sido una referencia a nivel internacional y en el que durante muchos a\u00f1os hemos trabajado conjuntamente. Por eso creo que puedo aportar muchos datos de los que tengo informaci\u00f3n de primera mano y que pueden servir para explicar su extraordinaria contribuci\u00f3n sobre el conocimiento de estructuras m\u00f3viles y desplegables. Pero tambi\u00e9n creo poder aportar datos de inter\u00e9s sobre la inteligencia creativa de F\u00e9lix Escrig, su capacidad de trabajo y su altura intelectual.\u201d<\/em><\/p>\n<h2><strong>3. Las estructuras de F\u00e9lix Escrig, arquitecto (1950-2013)<\/strong><\/h2>\n<p>Art\u00edculo redactado por\u00a0<strong>JOS\u00c9 S\u00c1NCHEZ S\u00c1NCHEZ<\/strong>.<\/p>\n<p><em>\u201cEs complejo describir en pocas p\u00e1ginas las obras de F\u00e9lix Escrig. Desde las primeras clases que recib\u00ed en el curso 87\/88 para el t\u00edtulo de Arquitecto en la Escuela de Sevilla, como las nuevas propuestas en los cursos de Doctorado que impart\u00eda, desplegables, Tensegrity, colgadas, modulares\u2026 F\u00e9lix ya las dominaba y ense\u00f1aba; s\u00f3lo necesitaba encargos para desarrollar sus ideas.<\/em><\/p>\n<p><em>Durante las clases planteaba a los alumnos m\u00faltiples \u00abProblemas\u00bb a los que yo intentaba dar respuesta y estas largas \u00abdiscusiones\u00bb fueron el inicio de mi colaboraci\u00f3n con \u00e9l, que continuaron hasta la \u00faltima semana del mes de agosto de 2013 intentando resolver los problemas de plegabilidad a un expositor desplegable para la exposici\u00f3n \u00abmaquetas desplegables\u00bb como apoyo al congreso TRANSFORMABLES 2013 que se desarrollar\u00eda pocos d\u00edas despu\u00e9s en la Escuela de Arquitectura de Sevilla.\u201d<\/em><\/p>\n<h2><strong>4. Algunos recuerdos de F\u00e9lix Escrig<\/strong><\/h2>\n<p>Art\u00edculo redactado por\u00a0<strong>ROBERT BRUFAU NIUB\u00d3<\/strong>.<\/p>\n<p><em>\u201cConoc\u00ed a F\u00e9lix Escrig (1950-2013) cumplir\u00e1 unos quince a\u00f1os, con ocasi\u00f3n de la composici\u00f3n de un tribunal para validar una tesis doctoral. posteriormente hemos continuado coincidiendo en otros tribunales, de Tesis o para la obtenci\u00f3n de una plaza de Titular Universitario. En ese momento hab\u00eda o\u00eddo hablar mucho de \u00e9l y conoc\u00eda su publicaci\u00f3n \u00abLa c\u00fapula y la torre\u00bb (1994).<\/em><\/p>\n<p><em>F\u00e9lix era cuatro a\u00f1os m\u00e1s joven que yo, y algo mayor que mi socio desde hace 35 a\u00f1os, Agust\u00edn Obiol. Ambos nacieron en la provincia de Castell\u00f3n y siguieron pasos universitarios bastante similares como profesores y catedr\u00e1ticos en la disciplina del dise\u00f1o y c\u00e1lculo estructural, Agust\u00ed en las Universidades Polit\u00e9cnicas de Valencia y Barcelona, mientras que la actividad de F\u00e9lix es desarrollaba en la de Sevilla. A menudo recib\u00eda, a trav\u00e9s de Agust\u00ed, noticias de las construcciones experimentales de F\u00e9lix, creciendo en m\u00ed una evidente curiosidad por conocer su actividad profesional y universitaria.\u201d<\/em><\/p>\n<h2><strong>5. Las publicaciones de F\u00e9lix Escrig Pallar\u00e9s<\/strong><\/h2>\n<p>Art\u00edculo redactado por\u00a0<strong>JAVIER L\u00d3PEZ-REY<\/strong>.<\/p>\n<p><em>\u201cLa prematura muerte de F\u00e9lix Escrig provoc\u00f3 en la revista de la ACE, Cuadernos de Estructuras, la decisi\u00f3n de dedicar un monogr\u00e1fico a su memoria. El bajo firmante se responsabiliz\u00f3 de sus publicaciones nacionales.<\/em><\/p>\n<p><em>A la cr\u00edtica de los textos que se va a exponer a continuaci\u00f3n, le faltar\u00e1 algo de la objetividad y distanciamiento que se requiere para este cometido. La relaci\u00f3n entre el analizado y el analista, quiera o no, es siempre tendenciosa. En este caso, se procurar\u00e1 que esta carencia de objetividad sea la menor posible. El autor de estas l\u00edneas ya no se ruboriza por ello.\u201d<\/em><\/p>\n<h2><strong>6. F\u00e9lix Escrig, in memoriam<\/strong><\/h2>\n<p>Art\u00edculo redactado por\u00a0<strong>RAMON SASTRE<\/strong>.<\/p>\n<p><em>\u201cConoc\u00ed a F\u00e9lix Escrig en una reuni\u00f3n acad\u00e9mica, donde hab\u00eda profesores de tecnolog\u00eda de algunas escuelas de arquitectura espa\u00f1olas.<\/em><\/p>\n<p><em>Me sorprendi\u00f3 que un profesor originario de la Comunidad Valenciana estuviera en Sevilla. En esa \u00e9poca no hab\u00eda, en nuestro entorno, mucha movilidad de profesorado. Su car\u00e1cter afable, pero al mismo tiempo vivo, me sorprendi\u00f3.<\/em><\/p>\n<p><em>Un tiempo despu\u00e9s, no sabr\u00eda precisarlo, volvimos a coincidir, tambi\u00e9n por motivos acad\u00e9micos en la ETSA de Sevilla. Y aqu\u00ed vi que, no s\u00f3lo su car\u00e1cter me interesaba, sino que est\u00e1bamos trabajando en temas comunes: la arquitectura tensada.\u201d<\/em><\/p>\n<h2><strong>7. Cubierta desplegable para una piscina en Sevilla<\/strong><\/h2>\n<p>Art\u00edculo redactado por\u00a0<strong>F\u00c9LIX ESCRIGO<\/strong>,\u00a0<strong>JUAN P\u00c9REZ VALC\u00c1RCEL<\/strong>\u00a0y\u00a0<strong>JOS\u00c9 S\u00c1NCHEZ<\/strong>. Descarga la revista para conocer los nuevos proyectos del \u00e1rea t\u00e9cnica en el sector de la construcci\u00f3n:<\/p>\n<p><em>\u201cLas mallas desplegables han generado una gran cantidad de literatura y propuestas te\u00f3ricas, pero hasta el momento s\u00f3lo unas pocas realizaciones. \u00c9sta es la raz\u00f3n por la que es importante el proceso que ha concluido con la construcci\u00f3n de un edificio desplegable a partir de dos paquetes de 33 m<sup>3<\/sup>, incluyendo la estructura, la cubierta de tela y elementos complementarios, hasta un volumen total que cubre 11.000 m<sup>3<\/sup>\u00a0en el tiempo que se tarda en colgar estos dos paquetes de una gr\u00faa, desplegarlos por gravedad y anclar los puntos bajos en las bases y soportes .<\/em><\/p>\n<p><em>Se describen las bases del dise\u00f1o, as\u00ed como los detalles constructivos, proceso de construcci\u00f3n y el aspecto final del conjunto.\u201d<\/em><\/p>\n<h2><strong>8. Miscel\u00e1nea<\/strong><\/h2>\n<h2><strong>9. Lista de miembros de la Asociaci\u00f3n<\/strong><\/h2>\n<p>Conoce a los\u00a0miembros\u00a0de la Asociaci\u00f3n Consultores de Estructuras. Podr\u00e1s ver a los nuevos integrantes que participan por el reconocimiento de la profesi\u00f3n dentro del mundo de la construcci\u00f3n.<\/p>\n","protected":false},"excerpt":{"rendered":"<ul>\n<li>1. Editorial<\/li>\n<li>2. F\u00e9lix Escrig y las estructuras desplegables<\/li>\n<li>3. Las estructuras de F\u00e9lix Escrig, arquitecto (1950-2013)<\/li>\n<li>4. Algunos recuerdos de F\u00e9lix Escrig<\/li>\n<li>5. Las publicaciones de F\u00e9lix Escrig Pallar\u00e9s<\/li>\n<li>6. F\u00e9lix Escrig, in memoriam<\/li>\n<li>7. Cubierta desplegable para una piscina en Sevilla<\/li>\n<li>8. Miscel\u00e1nea<\/li>\n<li>9. Lista de miembros de la Asociaci\u00f3n<\/li>\n<\/ul>\n","protected":false},"featured_media":37778,"template":"","meta":{"_acf_changed":false,"site-sidebar-layout":"default","site-content-layout":"default","ast-global-header-display":"","ast-main-header-display":"","ast-hfb-above-header-display":"","ast-hfb-below-header-display":"","ast-hfb-mobile-header-display":"","site-post-title":"","ast-breadcrumbs-content":"","ast-featured-img":"","footer-sml-layout":"","theme-transparent-header-meta":"default","adv-header-id-meta":"","stick-header-meta":"","header-above-stick-meta":"","header-main-stick-meta":"","header-below-stick-meta":""},"product_brand":[],"product_cat":[595],"product_tag":[],"class_list":{"0":"post-39852","1":"product","2":"type-product","3":"status-publish","4":"has-post-thumbnail","6":"product_cat-cuaderno-de-estructuras","7":"desktop-align-left","8":"tablet-align-left","9":"mobile-align-left","11":"first","12":"instock","13":"taxable","14":"shipping-taxable","15":"purchasable","16":"product-type-variable","17":"has-default-attributes"},"acf":[],"yoast_head":"<!-- This site is optimized with the Yoast SEO plugin v27.1.1 - https:\/\/yoast.com\/product\/yoast-seo-wordpress\/ -->\n<title>Quaderns d&#039;Estructures 49 | ACE<\/title>\n<meta name=\"description\" content=\"Revista n\u00ba 49 con art\u00edculos de actualidad que tratan sobre la construcci\u00f3n de estructuras y que publica la Asociaci\u00f3n de Consultores de Estructuras (ACE).\" \/>\n<meta name=\"robots\" content=\"index, follow, max-snippet:-1, max-image-preview:large, max-video-preview:-1\" \/>\n<link rel=\"canonical\" href=\"https:\/\/aceweb.cat\/es\/producto\/quaderns-destructures-49\/\" \/>\n<meta property=\"og:locale\" content=\"es_ES\" \/>\n<meta property=\"og:type\" content=\"article\" \/>\n<meta property=\"og:title\" content=\"Quaderns d&#039;Estructures 49 | ACE\" \/>\n<meta property=\"og:description\" content=\"Revista n\u00ba 49 con art\u00edculos de actualidad que tratan sobre la construcci\u00f3n de estructuras y que publica la Asociaci\u00f3n de Consultores de Estructuras (ACE).\" \/>\n<meta property=\"og:url\" content=\"https:\/\/aceweb.cat\/es\/producto\/quaderns-destructures-49\/\" \/>\n<meta property=\"og:site_name\" content=\"aceweb.cat\" \/>\n<meta property=\"article:modified_time\" content=\"2023-03-22T15:59:13+00:00\" \/>\n<meta property=\"og:image\" content=\"https:\/\/aceweb.cat\/wp-content\/uploads\/2023\/02\/ACE-Quaderns-Estructures-049.jpg\" \/>\n\t<meta property=\"og:image:width\" content=\"718\" \/>\n\t<meta property=\"og:image:height\" content=\"1024\" \/>\n\t<meta property=\"og:image:type\" content=\"image\/jpeg\" \/>\n<meta name=\"twitter:card\" content=\"summary_large_image\" \/>\n<meta name=\"twitter:label1\" content=\"Tiempo de lectura\" \/>\n\t<meta name=\"twitter:data1\" content=\"6 minutos\" \/>\n<script type=\"application\/ld+json\" class=\"yoast-schema-graph\">{\"@context\":\"https:\/\/schema.org\",\"@graph\":[{\"@type\":\"WebPage\",\"@id\":\"https:\/\/aceweb.cat\/es\/producto\/quaderns-destructures-49\/\",\"url\":\"https:\/\/aceweb.cat\/es\/producto\/quaderns-destructures-49\/\",\"name\":\"Quaderns d'Estructures 49 | ACE\",\"isPartOf\":{\"@id\":\"https:\/\/aceweb.cat\/#website\"},\"primaryImageOfPage\":{\"@id\":\"https:\/\/aceweb.cat\/es\/producto\/quaderns-destructures-49\/#primaryimage\"},\"image\":{\"@id\":\"https:\/\/aceweb.cat\/es\/producto\/quaderns-destructures-49\/#primaryimage\"},\"thumbnailUrl\":\"https:\/\/aceweb.cat\/wp-content\/uploads\/2023\/02\/ACE-Quaderns-Estructures-049.jpg\",\"datePublished\":\"2023-01-02T10:00:03+00:00\",\"dateModified\":\"2023-03-22T15:59:13+00:00\",\"description\":\"Revista n\u00ba 49 con art\u00edculos de actualidad que tratan sobre la construcci\u00f3n de estructuras y que publica la Asociaci\u00f3n de Consultores de Estructuras (ACE).\",\"breadcrumb\":{\"@id\":\"https:\/\/aceweb.cat\/es\/producto\/quaderns-destructures-49\/#breadcrumb\"},\"inLanguage\":\"es\",\"potentialAction\":[{\"@type\":\"ReadAction\",\"target\":[\"https:\/\/aceweb.cat\/es\/producto\/quaderns-destructures-49\/\"]}]},{\"@type\":\"ImageObject\",\"inLanguage\":\"es\",\"@id\":\"https:\/\/aceweb.cat\/es\/producto\/quaderns-destructures-49\/#primaryimage\",\"url\":\"https:\/\/aceweb.cat\/wp-content\/uploads\/2023\/02\/ACE-Quaderns-Estructures-049.jpg\",\"contentUrl\":\"https:\/\/aceweb.cat\/wp-content\/uploads\/2023\/02\/ACE-Quaderns-Estructures-049.jpg\",\"width\":718,\"height\":1024},{\"@type\":\"BreadcrumbList\",\"@id\":\"https:\/\/aceweb.cat\/es\/producto\/quaderns-destructures-49\/#breadcrumb\",\"itemListElement\":[{\"@type\":\"ListItem\",\"position\":1,\"name\":\"Inici\",\"item\":\"https:\/\/aceweb.cat\/\"},{\"@type\":\"ListItem\",\"position\":2,\"name\":\"Tienda\",\"item\":\"https:\/\/aceweb.cat\/es\/tienda\/\"},{\"@type\":\"ListItem\",\"position\":3,\"name\":\"Quadern d\u2019Estructures\",\"item\":\"https:\/\/aceweb.cat\/es\/categoria-producto\/cuaderno-de-estructuras\/\"},{\"@type\":\"ListItem\",\"position\":4,\"name\":\"Quaderns d&#8217;Estructures 49\"}]},{\"@type\":\"WebSite\",\"@id\":\"https:\/\/aceweb.cat\/#website\",\"url\":\"https:\/\/aceweb.cat\/\",\"name\":\"ACE\",\"description\":\"Associaci\u00f3 de Consultors d&#039;Estructures | ACE\",\"publisher\":{\"@id\":\"https:\/\/aceweb.cat\/#organization\"},\"alternateName\":\"ACE\",\"potentialAction\":[{\"@type\":\"SearchAction\",\"target\":{\"@type\":\"EntryPoint\",\"urlTemplate\":\"https:\/\/aceweb.cat\/?s={search_term_string}\"},\"query-input\":{\"@type\":\"PropertyValueSpecification\",\"valueRequired\":true,\"valueName\":\"search_term_string\"}}],\"inLanguage\":\"es\"},{\"@type\":\"Organization\",\"@id\":\"https:\/\/aceweb.cat\/#organization\",\"name\":\"ACE\",\"alternateName\":\"ACE\",\"url\":\"https:\/\/aceweb.cat\/\",\"logo\":{\"@type\":\"ImageObject\",\"inLanguage\":\"es\",\"@id\":\"https:\/\/aceweb.cat\/#\/schema\/logo\/image\/\",\"url\":\"https:\/\/aceweb.cat\/wp-content\/uploads\/2022\/10\/logo.svg\",\"contentUrl\":\"https:\/\/aceweb.cat\/wp-content\/uploads\/2022\/10\/logo.svg\",\"width\":1,\"height\":1,\"caption\":\"ACE\"},\"image\":{\"@id\":\"https:\/\/aceweb.cat\/#\/schema\/logo\/image\/\"}}]}<\/script>\n<!-- \/ Yoast SEO plugin. -->","yoast_head_json":{"title":"Quaderns d'Estructures 49 | ACE","description":"Revista n\u00ba 49 con art\u00edculos de actualidad que tratan sobre la construcci\u00f3n de estructuras y que publica la Asociaci\u00f3n de Consultores de Estructuras (ACE).","robots":{"index":"index","follow":"follow","max-snippet":"max-snippet:-1","max-image-preview":"max-image-preview:large","max-video-preview":"max-video-preview:-1"},"canonical":"https:\/\/aceweb.cat\/es\/producto\/quaderns-destructures-49\/","og_locale":"es_ES","og_type":"article","og_title":"Quaderns d'Estructures 49 | ACE","og_description":"Revista n\u00ba 49 con art\u00edculos de actualidad que tratan sobre la construcci\u00f3n de estructuras y que publica la Asociaci\u00f3n de Consultores de Estructuras (ACE).","og_url":"https:\/\/aceweb.cat\/es\/producto\/quaderns-destructures-49\/","og_site_name":"aceweb.cat","article_modified_time":"2023-03-22T15:59:13+00:00","og_image":[{"width":718,"height":1024,"url":"https:\/\/aceweb.cat\/wp-content\/uploads\/2023\/02\/ACE-Quaderns-Estructures-049.jpg","type":"image\/jpeg"}],"twitter_card":"summary_large_image","twitter_misc":{"Tiempo de lectura":"6 minutos"},"schema":{"@context":"https:\/\/schema.org","@graph":[{"@type":"WebPage","@id":"https:\/\/aceweb.cat\/es\/producto\/quaderns-destructures-49\/","url":"https:\/\/aceweb.cat\/es\/producto\/quaderns-destructures-49\/","name":"Quaderns d'Estructures 49 | ACE","isPartOf":{"@id":"https:\/\/aceweb.cat\/#website"},"primaryImageOfPage":{"@id":"https:\/\/aceweb.cat\/es\/producto\/quaderns-destructures-49\/#primaryimage"},"image":{"@id":"https:\/\/aceweb.cat\/es\/producto\/quaderns-destructures-49\/#primaryimage"},"thumbnailUrl":"https:\/\/aceweb.cat\/wp-content\/uploads\/2023\/02\/ACE-Quaderns-Estructures-049.jpg","datePublished":"2023-01-02T10:00:03+00:00","dateModified":"2023-03-22T15:59:13+00:00","description":"Revista n\u00ba 49 con art\u00edculos de actualidad que tratan sobre la construcci\u00f3n de estructuras y que publica la Asociaci\u00f3n de Consultores de Estructuras (ACE).","breadcrumb":{"@id":"https:\/\/aceweb.cat\/es\/producto\/quaderns-destructures-49\/#breadcrumb"},"inLanguage":"es","potentialAction":[{"@type":"ReadAction","target":["https:\/\/aceweb.cat\/es\/producto\/quaderns-destructures-49\/"]}]},{"@type":"ImageObject","inLanguage":"es","@id":"https:\/\/aceweb.cat\/es\/producto\/quaderns-destructures-49\/#primaryimage","url":"https:\/\/aceweb.cat\/wp-content\/uploads\/2023\/02\/ACE-Quaderns-Estructures-049.jpg","contentUrl":"https:\/\/aceweb.cat\/wp-content\/uploads\/2023\/02\/ACE-Quaderns-Estructures-049.jpg","width":718,"height":1024},{"@type":"BreadcrumbList","@id":"https:\/\/aceweb.cat\/es\/producto\/quaderns-destructures-49\/#breadcrumb","itemListElement":[{"@type":"ListItem","position":1,"name":"Inici","item":"https:\/\/aceweb.cat\/"},{"@type":"ListItem","position":2,"name":"Tienda","item":"https:\/\/aceweb.cat\/es\/tienda\/"},{"@type":"ListItem","position":3,"name":"Quadern d\u2019Estructures","item":"https:\/\/aceweb.cat\/es\/categoria-producto\/cuaderno-de-estructuras\/"},{"@type":"ListItem","position":4,"name":"Quaderns d&#8217;Estructures 49"}]},{"@type":"WebSite","@id":"https:\/\/aceweb.cat\/#website","url":"https:\/\/aceweb.cat\/","name":"ACE","description":"Associaci\u00f3 de Consultors d&#039;Estructures | ACE","publisher":{"@id":"https:\/\/aceweb.cat\/#organization"},"alternateName":"ACE","potentialAction":[{"@type":"SearchAction","target":{"@type":"EntryPoint","urlTemplate":"https:\/\/aceweb.cat\/?s={search_term_string}"},"query-input":{"@type":"PropertyValueSpecification","valueRequired":true,"valueName":"search_term_string"}}],"inLanguage":"es"},{"@type":"Organization","@id":"https:\/\/aceweb.cat\/#organization","name":"ACE","alternateName":"ACE","url":"https:\/\/aceweb.cat\/","logo":{"@type":"ImageObject","inLanguage":"es","@id":"https:\/\/aceweb.cat\/#\/schema\/logo\/image\/","url":"https:\/\/aceweb.cat\/wp-content\/uploads\/2022\/10\/logo.svg","contentUrl":"https:\/\/aceweb.cat\/wp-content\/uploads\/2022\/10\/logo.svg","width":1,"height":1,"caption":"ACE"},"image":{"@id":"https:\/\/aceweb.cat\/#\/schema\/logo\/image\/"}}]}},"_links":{"self":[{"href":"https:\/\/aceweb.cat\/es\/wp-json\/wp\/v2\/product\/39852","targetHints":{"allow":["GET"]}}],"collection":[{"href":"https:\/\/aceweb.cat\/es\/wp-json\/wp\/v2\/product"}],"about":[{"href":"https:\/\/aceweb.cat\/es\/wp-json\/wp\/v2\/types\/product"}],"version-history":[{"count":1,"href":"https:\/\/aceweb.cat\/es\/wp-json\/wp\/v2\/product\/39852\/revisions"}],"predecessor-version":[{"id":41030,"href":"https:\/\/aceweb.cat\/es\/wp-json\/wp\/v2\/product\/39852\/revisions\/41030"}],"wp:featuredmedia":[{"embeddable":true,"href":"https:\/\/aceweb.cat\/es\/wp-json\/wp\/v2\/media\/37778"}],"wp:attachment":[{"href":"https:\/\/aceweb.cat\/es\/wp-json\/wp\/v2\/media?parent=39852"}],"wp:term":[{"taxonomy":"product_brand","embeddable":true,"href":"https:\/\/aceweb.cat\/es\/wp-json\/wp\/v2\/product_brand?post=39852"},{"taxonomy":"product_cat","embeddable":true,"href":"https:\/\/aceweb.cat\/es\/wp-json\/wp\/v2\/product_cat?post=39852"},{"taxonomy":"product_tag","embeddable":true,"href":"https:\/\/aceweb.cat\/es\/wp-json\/wp\/v2\/product_tag?post=39852"}],"curies":[{"name":"wp","href":"https:\/\/api.w.org\/{rel}","templated":true}]}}