{"id":39855,"date":"2023-01-03T10:00:08","date_gmt":"2023-01-03T10:00:08","guid":{"rendered":"https:\/\/www.aceweb.advertis.es\/producto\/quaderns-destructures-50\/"},"modified":"2023-03-17T11:30:10","modified_gmt":"2023-03-17T11:30:10","slug":"quaderns-destructures-50","status":"publish","type":"product","link":"https:\/\/aceweb.cat\/es\/producto\/quaderns-destructures-50\/","title":{"rendered":"Quaderns d&#8217;Estructures 50"},"content":{"rendered":"<p>Este n\u00famero incluye:<\/p>\n<h2><strong>1. Editorial<\/strong><\/h2>\n<p>Art\u00edculo redactado por\u00a0<b>ROBERT BRUFAU, JOSEP M\u00aa. VALERI, ANTONI MASSAGU\u00c9<\/b>\u00a0y\u00a0<b>DAVID GARCIA<\/b>. Descarga la revista para conocer y hacer balance del \u00faltimo a\u00f1o:<\/p>\n<p><em>\u201c\u00ab50 Cuadernos de Estructuras\u00bb\u00a0<\/em><em>La presente editorial no es una m\u00e1s, es la editorial n\u00famero 50. No es sencillo llegar, por una publicaci\u00f3n peri\u00f3dica de tipo t\u00e9cnico, a una efem\u00e9ride de esta entidad.<\/em><\/p>\n<p><em>Cincuenta ediciones no son las de una publicaci\u00f3n consolidada, sino m\u00e1s bien las de una publicaci\u00f3n decana, de un cl\u00e1sico. Y si consideramos el tama\u00f1o de la entidad que la publica, la ACE, el m\u00e9rito es ya m\u00e1s que apreciable, es extraordinario.<\/em><\/p>\n<p><em>Debemos felicitarnos todos, los socios, profesionales, los protectores, el equipo redactor, los anunciantes y todo el mundo que ha participado durante todos estos a\u00f1os en la creaci\u00f3n de este fen\u00f3meno que es nuestra revista Quaderns d estructuras.<\/em><em>\u201d<\/em><\/p>\n<h2><strong>2. 50 Cuadernos del ACE<\/strong><\/h2>\n<p>Art\u00edculo redactado por\u00a0<strong>XAVIER MATEU<\/strong><b>. <\/b>Descarga la revista para conocer los nuevos proyectos del \u00e1rea t\u00e9cnica en el sector de la construcci\u00f3n:<\/p>\n<p>\u201cCon esta edici\u00f3n llegamos a los 50 n\u00fameros de nuestra revista. Y es el momento de celebrarlo. El promotor de la idea fue Robert Brufau quien la expuso en la Junta de noviembre de 1995, con el apoyo de Antoni Massagu\u00e9. Los miembros de la Junta r\u00e1pidamente se pusieron de acuerdo. Josep Maria Genesc\u00e0 y Berna Farr\u00e9 se ofrecieron a orientar sobre las directrices principales a los dos designados, Xavier Mateu y Ra\u00fcl N\u00fa\u00f1ez, quienes acababan de ingresar en las listas de socios de la Asociaci\u00f3n.\u201d<\/p>\n<h2><strong>3.<\/strong><strong> Jornada t\u00e9cnica \u00abFijaci\u00f3n a la existente con anclajes\u00bb<\/strong><\/h2>\n<p>Art\u00edculo redactado por ENRIC XERCAVINS VALLS y\u00a0<strong>JOSEP XERCAVINS BATLL\u00d3<\/strong><b>. <\/b>Descarga la revista para conocer los nuevos proyectos del \u00e1rea t\u00e9cnica en el sector de la construcci\u00f3n:<\/p>\n<p>\u201cEn el pasado se confiaba la estabilidad y la durabilidad de una estructura en la sabidur\u00eda, experiencia y sentido com\u00fan del maestro de obras ya que no exist\u00edan normativas para la construcci\u00f3n y la edificaci\u00f3n. Exist\u00edan c\u00f3digos que preve\u00edan condenas amenazadoras a los responsables de los posibles accidentes en la construcci\u00f3n de las estructuras que afectaran a personas relacionadas con la obra. El\u00a0<a href=\"https:\/\/es.wikipedia.org\/wiki\/Estela_d%27Hammurabi\" target=\"_blank\" rel=\"noopener noreferrer\">C\u00f3digo de Hammurabi<\/a>, rey de Babilonia (siglo II a.C. ), es el m\u00e1s conocido.<\/p>\n<p>Encontramos referencias a sistemas de fijaci\u00f3n de materiales en los libros del ingeniero y arquitecto Vitrubi (siglo y a.C.), en los que describe soluciones pr\u00e1cticas para aplicaciones de anclajes met\u00e1licos. En las ruinas del Coliseo de Roma se observan agujeros para fijaciones con anclajes tipo perno para ensartar piezas de piedra de su estructura.\u201d<\/p>\n<h2><strong>4. Miscel\u00e1nea<\/strong><\/h2>\n<h2><strong>5. Lista de miembros de la Asociaci\u00f3n<\/strong><\/h2>\n<p>Conoce a los miembros de la Asociaci\u00f3n Consultores de Estructuras. Podr\u00e1s ver a los nuevos integrantes que participan por el reconocimiento de la profesi\u00f3n dentro del mundo de la construcci\u00f3n.<\/p>\n","protected":false},"excerpt":{"rendered":"<ul>\n<li>1. Editorial<\/li>\n<li>2. 50 Cuadernos del ACE<\/li>\n<li>3. Jornada t\u00e9cnica \u00abFijaci\u00f3n a la existente con anclajes\u00bb<\/li>\n<li>4. Miscel\u00e1nea<\/li>\n<li>5. Listado de miembros de la Asociaci\u00f3n<\/li>\n<\/ul>\n","protected":false},"featured_media":37770,"template":"","meta":{"_acf_changed":false,"site-sidebar-layout":"default","site-content-layout":"default","ast-global-header-display":"","ast-main-header-display":"","ast-hfb-above-header-display":"","ast-hfb-below-header-display":"","ast-hfb-mobile-header-display":"","site-post-title":"","ast-breadcrumbs-content":"","ast-featured-img":"","footer-sml-layout":"","theme-transparent-header-meta":"default","adv-header-id-meta":"","stick-header-meta":"","header-above-stick-meta":"","header-main-stick-meta":"","header-below-stick-meta":""},"product_brand":[],"product_cat":[595],"product_tag":[],"class_list":{"0":"post-39855","1":"product","2":"type-product","3":"status-publish","4":"has-post-thumbnail","6":"product_cat-cuaderno-de-estructuras","7":"desktop-align-left","8":"tablet-align-left","9":"mobile-align-left","11":"first","12":"instock","13":"taxable","14":"shipping-taxable","15":"purchasable","16":"product-type-variable","17":"has-default-attributes"},"acf":[],"yoast_head":"<!-- This site is optimized with the Yoast SEO plugin v27.1.1 - https:\/\/yoast.com\/product\/yoast-seo-wordpress\/ -->\n<title>Quaderns d&#039;Estructures 50 | ACE<\/title>\n<meta name=\"description\" content=\"Revista n\u00ba 50 con art\u00edculos de actualidad que tratan sobre la construcci\u00f3n de estructuras y que publica la Asociaci\u00f3n de Consultores de Estructuras (ACE).\" \/>\n<meta name=\"robots\" content=\"index, follow, max-snippet:-1, max-image-preview:large, max-video-preview:-1\" \/>\n<link rel=\"canonical\" href=\"https:\/\/aceweb.cat\/es\/producto\/quaderns-destructures-50\/\" \/>\n<meta property=\"og:locale\" content=\"es_ES\" \/>\n<meta property=\"og:type\" content=\"article\" \/>\n<meta property=\"og:title\" content=\"Quaderns d&#039;Estructures 50 | ACE\" \/>\n<meta property=\"og:description\" content=\"Revista n\u00ba 50 con art\u00edculos de actualidad que tratan sobre la construcci\u00f3n de estructuras y que publica la Asociaci\u00f3n de Consultores de Estructuras (ACE).\" \/>\n<meta property=\"og:url\" content=\"https:\/\/aceweb.cat\/es\/producto\/quaderns-destructures-50\/\" \/>\n<meta property=\"og:site_name\" content=\"aceweb.cat\" \/>\n<meta property=\"article:modified_time\" content=\"2023-03-17T11:30:10+00:00\" \/>\n<meta property=\"og:image\" content=\"https:\/\/aceweb.cat\/wp-content\/uploads\/2023\/02\/ACE-Quaderns-Estructures-050.jpg\" \/>\n\t<meta property=\"og:image:width\" content=\"724\" \/>\n\t<meta property=\"og:image:height\" content=\"1024\" \/>\n\t<meta property=\"og:image:type\" content=\"image\/jpeg\" \/>\n<meta name=\"twitter:card\" content=\"summary_large_image\" \/>\n<meta name=\"twitter:label1\" content=\"Tiempo de lectura\" \/>\n\t<meta name=\"twitter:data1\" content=\"3 minutos\" \/>\n<script type=\"application\/ld+json\" class=\"yoast-schema-graph\">{\"@context\":\"https:\/\/schema.org\",\"@graph\":[{\"@type\":\"WebPage\",\"@id\":\"https:\/\/aceweb.cat\/es\/producto\/quaderns-destructures-50\/\",\"url\":\"https:\/\/aceweb.cat\/es\/producto\/quaderns-destructures-50\/\",\"name\":\"Quaderns d'Estructures 50 | ACE\",\"isPartOf\":{\"@id\":\"https:\/\/aceweb.cat\/#website\"},\"primaryImageOfPage\":{\"@id\":\"https:\/\/aceweb.cat\/es\/producto\/quaderns-destructures-50\/#primaryimage\"},\"image\":{\"@id\":\"https:\/\/aceweb.cat\/es\/producto\/quaderns-destructures-50\/#primaryimage\"},\"thumbnailUrl\":\"https:\/\/aceweb.cat\/wp-content\/uploads\/2023\/02\/ACE-Quaderns-Estructures-050.jpg\",\"datePublished\":\"2023-01-03T10:00:08+00:00\",\"dateModified\":\"2023-03-17T11:30:10+00:00\",\"description\":\"Revista n\u00ba 50 con art\u00edculos de actualidad que tratan sobre la construcci\u00f3n de estructuras y que publica la Asociaci\u00f3n de Consultores de Estructuras (ACE).\",\"breadcrumb\":{\"@id\":\"https:\/\/aceweb.cat\/es\/producto\/quaderns-destructures-50\/#breadcrumb\"},\"inLanguage\":\"es\",\"potentialAction\":[{\"@type\":\"ReadAction\",\"target\":[\"https:\/\/aceweb.cat\/es\/producto\/quaderns-destructures-50\/\"]}]},{\"@type\":\"ImageObject\",\"inLanguage\":\"es\",\"@id\":\"https:\/\/aceweb.cat\/es\/producto\/quaderns-destructures-50\/#primaryimage\",\"url\":\"https:\/\/aceweb.cat\/wp-content\/uploads\/2023\/02\/ACE-Quaderns-Estructures-050.jpg\",\"contentUrl\":\"https:\/\/aceweb.cat\/wp-content\/uploads\/2023\/02\/ACE-Quaderns-Estructures-050.jpg\",\"width\":724,\"height\":1024},{\"@type\":\"BreadcrumbList\",\"@id\":\"https:\/\/aceweb.cat\/es\/producto\/quaderns-destructures-50\/#breadcrumb\",\"itemListElement\":[{\"@type\":\"ListItem\",\"position\":1,\"name\":\"Inici\",\"item\":\"https:\/\/aceweb.cat\/\"},{\"@type\":\"ListItem\",\"position\":2,\"name\":\"Tienda\",\"item\":\"https:\/\/aceweb.cat\/es\/tienda\/\"},{\"@type\":\"ListItem\",\"position\":3,\"name\":\"Quadern d\u2019Estructures\",\"item\":\"https:\/\/aceweb.cat\/es\/categoria-producto\/cuaderno-de-estructuras\/\"},{\"@type\":\"ListItem\",\"position\":4,\"name\":\"Quaderns d&#8217;Estructures 50\"}]},{\"@type\":\"WebSite\",\"@id\":\"https:\/\/aceweb.cat\/#website\",\"url\":\"https:\/\/aceweb.cat\/\",\"name\":\"ACE\",\"description\":\"Associaci\u00f3 de Consultors d&#039;Estructures | ACE\",\"publisher\":{\"@id\":\"https:\/\/aceweb.cat\/#organization\"},\"alternateName\":\"ACE\",\"potentialAction\":[{\"@type\":\"SearchAction\",\"target\":{\"@type\":\"EntryPoint\",\"urlTemplate\":\"https:\/\/aceweb.cat\/?s={search_term_string}\"},\"query-input\":{\"@type\":\"PropertyValueSpecification\",\"valueRequired\":true,\"valueName\":\"search_term_string\"}}],\"inLanguage\":\"es\"},{\"@type\":\"Organization\",\"@id\":\"https:\/\/aceweb.cat\/#organization\",\"name\":\"ACE\",\"alternateName\":\"ACE\",\"url\":\"https:\/\/aceweb.cat\/\",\"logo\":{\"@type\":\"ImageObject\",\"inLanguage\":\"es\",\"@id\":\"https:\/\/aceweb.cat\/#\/schema\/logo\/image\/\",\"url\":\"https:\/\/aceweb.cat\/wp-content\/uploads\/2022\/10\/logo.svg\",\"contentUrl\":\"https:\/\/aceweb.cat\/wp-content\/uploads\/2022\/10\/logo.svg\",\"width\":1,\"height\":1,\"caption\":\"ACE\"},\"image\":{\"@id\":\"https:\/\/aceweb.cat\/#\/schema\/logo\/image\/\"}}]}<\/script>\n<!-- \/ Yoast SEO plugin. -->","yoast_head_json":{"title":"Quaderns d'Estructures 50 | ACE","description":"Revista n\u00ba 50 con art\u00edculos de actualidad que tratan sobre la construcci\u00f3n de estructuras y que publica la Asociaci\u00f3n de Consultores de Estructuras (ACE).","robots":{"index":"index","follow":"follow","max-snippet":"max-snippet:-1","max-image-preview":"max-image-preview:large","max-video-preview":"max-video-preview:-1"},"canonical":"https:\/\/aceweb.cat\/es\/producto\/quaderns-destructures-50\/","og_locale":"es_ES","og_type":"article","og_title":"Quaderns d'Estructures 50 | ACE","og_description":"Revista n\u00ba 50 con art\u00edculos de actualidad que tratan sobre la construcci\u00f3n de estructuras y que publica la Asociaci\u00f3n de Consultores de Estructuras (ACE).","og_url":"https:\/\/aceweb.cat\/es\/producto\/quaderns-destructures-50\/","og_site_name":"aceweb.cat","article_modified_time":"2023-03-17T11:30:10+00:00","og_image":[{"width":724,"height":1024,"url":"https:\/\/aceweb.cat\/wp-content\/uploads\/2023\/02\/ACE-Quaderns-Estructures-050.jpg","type":"image\/jpeg"}],"twitter_card":"summary_large_image","twitter_misc":{"Tiempo de lectura":"3 minutos"},"schema":{"@context":"https:\/\/schema.org","@graph":[{"@type":"WebPage","@id":"https:\/\/aceweb.cat\/es\/producto\/quaderns-destructures-50\/","url":"https:\/\/aceweb.cat\/es\/producto\/quaderns-destructures-50\/","name":"Quaderns d'Estructures 50 | ACE","isPartOf":{"@id":"https:\/\/aceweb.cat\/#website"},"primaryImageOfPage":{"@id":"https:\/\/aceweb.cat\/es\/producto\/quaderns-destructures-50\/#primaryimage"},"image":{"@id":"https:\/\/aceweb.cat\/es\/producto\/quaderns-destructures-50\/#primaryimage"},"thumbnailUrl":"https:\/\/aceweb.cat\/wp-content\/uploads\/2023\/02\/ACE-Quaderns-Estructures-050.jpg","datePublished":"2023-01-03T10:00:08+00:00","dateModified":"2023-03-17T11:30:10+00:00","description":"Revista n\u00ba 50 con art\u00edculos de actualidad que tratan sobre la construcci\u00f3n de estructuras y que publica la Asociaci\u00f3n de Consultores de Estructuras (ACE).","breadcrumb":{"@id":"https:\/\/aceweb.cat\/es\/producto\/quaderns-destructures-50\/#breadcrumb"},"inLanguage":"es","potentialAction":[{"@type":"ReadAction","target":["https:\/\/aceweb.cat\/es\/producto\/quaderns-destructures-50\/"]}]},{"@type":"ImageObject","inLanguage":"es","@id":"https:\/\/aceweb.cat\/es\/producto\/quaderns-destructures-50\/#primaryimage","url":"https:\/\/aceweb.cat\/wp-content\/uploads\/2023\/02\/ACE-Quaderns-Estructures-050.jpg","contentUrl":"https:\/\/aceweb.cat\/wp-content\/uploads\/2023\/02\/ACE-Quaderns-Estructures-050.jpg","width":724,"height":1024},{"@type":"BreadcrumbList","@id":"https:\/\/aceweb.cat\/es\/producto\/quaderns-destructures-50\/#breadcrumb","itemListElement":[{"@type":"ListItem","position":1,"name":"Inici","item":"https:\/\/aceweb.cat\/"},{"@type":"ListItem","position":2,"name":"Tienda","item":"https:\/\/aceweb.cat\/es\/tienda\/"},{"@type":"ListItem","position":3,"name":"Quadern d\u2019Estructures","item":"https:\/\/aceweb.cat\/es\/categoria-producto\/cuaderno-de-estructuras\/"},{"@type":"ListItem","position":4,"name":"Quaderns d&#8217;Estructures 50"}]},{"@type":"WebSite","@id":"https:\/\/aceweb.cat\/#website","url":"https:\/\/aceweb.cat\/","name":"ACE","description":"Associaci\u00f3 de Consultors d&#039;Estructures | ACE","publisher":{"@id":"https:\/\/aceweb.cat\/#organization"},"alternateName":"ACE","potentialAction":[{"@type":"SearchAction","target":{"@type":"EntryPoint","urlTemplate":"https:\/\/aceweb.cat\/?s={search_term_string}"},"query-input":{"@type":"PropertyValueSpecification","valueRequired":true,"valueName":"search_term_string"}}],"inLanguage":"es"},{"@type":"Organization","@id":"https:\/\/aceweb.cat\/#organization","name":"ACE","alternateName":"ACE","url":"https:\/\/aceweb.cat\/","logo":{"@type":"ImageObject","inLanguage":"es","@id":"https:\/\/aceweb.cat\/#\/schema\/logo\/image\/","url":"https:\/\/aceweb.cat\/wp-content\/uploads\/2022\/10\/logo.svg","contentUrl":"https:\/\/aceweb.cat\/wp-content\/uploads\/2022\/10\/logo.svg","width":1,"height":1,"caption":"ACE"},"image":{"@id":"https:\/\/aceweb.cat\/#\/schema\/logo\/image\/"}}]}},"_links":{"self":[{"href":"https:\/\/aceweb.cat\/es\/wp-json\/wp\/v2\/product\/39855","targetHints":{"allow":["GET"]}}],"collection":[{"href":"https:\/\/aceweb.cat\/es\/wp-json\/wp\/v2\/product"}],"about":[{"href":"https:\/\/aceweb.cat\/es\/wp-json\/wp\/v2\/types\/product"}],"version-history":[{"count":2,"href":"https:\/\/aceweb.cat\/es\/wp-json\/wp\/v2\/product\/39855\/revisions"}],"predecessor-version":[{"id":40455,"href":"https:\/\/aceweb.cat\/es\/wp-json\/wp\/v2\/product\/39855\/revisions\/40455"}],"wp:featuredmedia":[{"embeddable":true,"href":"https:\/\/aceweb.cat\/es\/wp-json\/wp\/v2\/media\/37770"}],"wp:attachment":[{"href":"https:\/\/aceweb.cat\/es\/wp-json\/wp\/v2\/media?parent=39855"}],"wp:term":[{"taxonomy":"product_brand","embeddable":true,"href":"https:\/\/aceweb.cat\/es\/wp-json\/wp\/v2\/product_brand?post=39855"},{"taxonomy":"product_cat","embeddable":true,"href":"https:\/\/aceweb.cat\/es\/wp-json\/wp\/v2\/product_cat?post=39855"},{"taxonomy":"product_tag","embeddable":true,"href":"https:\/\/aceweb.cat\/es\/wp-json\/wp\/v2\/product_tag?post=39855"}],"curies":[{"name":"wp","href":"https:\/\/api.w.org\/{rel}","templated":true}]}}