{"id":39858,"date":"2023-01-04T10:00:13","date_gmt":"2023-01-04T10:00:13","guid":{"rendered":"https:\/\/www.aceweb.advertis.es\/producto\/quaderns-destructures-51\/"},"modified":"2023-03-22T15:59:26","modified_gmt":"2023-03-22T15:59:26","slug":"quaderns-destructures-51","status":"publish","type":"product","link":"https:\/\/aceweb.cat\/es\/producto\/quaderns-destructures-51\/","title":{"rendered":"Quaderns d&#8217;Estructures 51"},"content":{"rendered":"<p>Este n\u00famero incluye:<\/p>\n<h2><strong>1. Editorial<\/strong><\/h2>\n<p>Art\u00edculo redactado por\u00a0<b>MIQUEL RODR\u00cdGUEZ<\/b>. Descarga la revista para conocer y hacer balance de los \u00faltimos dos a\u00f1os:<\/P><\/p>\n<p><em>\u201cHace dos a\u00f1os que naci\u00f3 la iniciativa de premiar los mejores trabajos relacionados con el mundo de la consultor\u00eda estructural. El a\u00f1o pasado, el primero, cost\u00f3 que se presentaran candidaturas, pero este a\u00f1o se han mantenido e incluso se han aumentado las del pasado a\u00f1o.<\/em><\/p>\n<p><em>El nivel de los trabajos presentados representa muy bien los est\u00e1ndares de la asociaci\u00f3n, pudi\u00e9ndose destacar trabajos rigurosos y creativos con los conceptos del dise\u00f1o, la seguridad y la funcionalidad.<\/em><\/p>\n<p><em>El premio ACE es todav\u00eda un premio joven, pero que empieza a tomar impulso. Para el pr\u00f3ximo a\u00f1o, se introducir\u00e1 otra modalidad de premio, la de la mejor realizaci\u00f3n de trabajo singular de \u00abdimensiones reducidas\u00bb. Es decir, que se volanimar donde todo el mundo que realice cualquier tipo de proyecto, ya sea a gran oa peque\u00f1a escala, a que lo presente.<\/em><em>\u201d<\/em><\/p>\n<h2><strong>2. 2a edici\u00f3n de los Premios ACE. Unas palabras de un miembro del jurado<\/strong><\/h2>\n<p>Art\u00edculo redactado por\u00a0<strong>CARLES BUXAD\u00c9<\/strong><b>. <\/b>Descarga la revista para conocer los nuevos proyectos del \u00e1rea t\u00e9cnica en el sector de la construcci\u00f3n:<\/p>\n<p>\u201cCuando vi, como miembro del jurado, los proyectos presentados este a\u00f1o en el premio ACE a la mejor estructura, tuve la sensaci\u00f3n de presenciar el final de una etapa, a\u00fan quiz\u00e1 en sus \u00faltimos estertores, pero ya con un cierto aroma de anticuada.<\/p>\n<p>Una etapa con muchas obras arquitect\u00f3nicas colosales, espectaculares, sorprendentes, simb\u00f3licas y car\u00edsimas. Una arquitectura para poner de manifiesto el poder econ\u00f3mico de personas, empresas o entidades, pero cuando ya el mundo se ve\u00eda arrastrado por el derroche econ\u00f3mico a una crisis de gran alcance y sin precedentes. Y la caracter\u00edstica m\u00e1s significativa de esta arquitectura de la opulencia es no saber ni poder contestar a las preguntas m\u00e1s sencillas como: \u00bfy todo esto para qu\u00e9? \u00bfHay que hacer este ostentoso gasto?\u201d<\/p>\n<h2><strong>3. Acta del jurado de la segunda edici\u00f3n de los Premios ACE<\/strong><\/h2>\n<p>Miembros de jurado: Miquel Rodr\u00edguez (presidente), Mart\u00ed Cabestany (secretario), Carles Buxad\u00e9, Josep Maria Genesc\u00e0. Reuni\u00f3n: 13 de mayo de 2014 en la sede de la ACE, Barcelona. Los miembros del jurado se re\u00fanen a las doce de la ma\u00f1ana. Todos ellos reconocen no haber resentado ninguna candidatura y no tener ning\u00fan tipo de preferencia en las obras presentadas.<\/P><\/p>\n<h2><strong>4. Miscel\u00e1nea<\/strong><\/h2>\n<p>Jornada t\u00e9cnica de <a href=\"https:\/\/www.mapei.com\/es\" target=\"_blank\" rel=\"noopener noreferrer\">Ibermapei<\/a>. El pasado d\u00eda 7 de mayo realizamos en nuestra sede de Santa Perp\u00e8tua de Moguda (Barcelona) una jornada t\u00e9cnica para la Asociaci\u00f3n de Consultores de Estructuras (ACE). Contamos con la presencia de 20 asistentes, asociados de ACE y consultores de estructuras.<\/p>\n<p>El director general de Ibermapei, Francesc Busquets, abri\u00f3 la jornada dando la bienvenida a los asistentes. Tambi\u00e9n quiso aprovechar la ocasi\u00f3n para explicitar nuestro compromiso con la formaci\u00f3n y desarrollo de los profesionales del sector, tanto a nivel interno como externo, especialmente mediante seminarios t\u00e9cnicos que den a conocer los sistemas y soluciones innovadoras que Mapei puede aportar a la industria de la construcci\u00f3n.<\/p>\n<h2><strong>5. Lista de miembros de la Asociaci\u00f3n<\/strong><\/h2>\n<p>Conoce a los\u00a0miembros\u00a0de la Asociaci\u00f3n Consultores de Estructuras. Podr\u00e1s ver a los nuevos integrantes que participan por el reconocimiento de la profesi\u00f3n dentro del mundo de la construcci\u00f3n.<\/p>\n","protected":false},"excerpt":{"rendered":"<ul>\n<li>1. Editorial<\/li>\n<li>2. 2a edici\u00f3n de los Premios ACE. Unas palabras de un miembro del jurado<\/li>\n<li>3. Acta del jurado de la segunda edici\u00f3n de los Premios ACE<\/li>\n<li>4. Miscel\u00e1nea<\/li>\n<li>5. Listado de miembros de la Asociaci\u00f3n<\/li>\n<\/ul>\n","protected":false},"featured_media":37762,"template":"","meta":{"_acf_changed":false,"site-sidebar-layout":"default","site-content-layout":"default","ast-global-header-display":"","ast-main-header-display":"","ast-hfb-above-header-display":"","ast-hfb-below-header-display":"","ast-hfb-mobile-header-display":"","site-post-title":"","ast-breadcrumbs-content":"","ast-featured-img":"","footer-sml-layout":"","theme-transparent-header-meta":"default","adv-header-id-meta":"","stick-header-meta":"","header-above-stick-meta":"","header-main-stick-meta":"","header-below-stick-meta":""},"product_brand":[],"product_cat":[595],"product_tag":[],"class_list":{"0":"post-39858","1":"product","2":"type-product","3":"status-publish","4":"has-post-thumbnail","6":"product_cat-cuaderno-de-estructuras","7":"desktop-align-left","8":"tablet-align-left","9":"mobile-align-left","11":"first","12":"instock","13":"taxable","14":"shipping-taxable","15":"purchasable","16":"product-type-variable","17":"has-default-attributes"},"acf":[],"yoast_head":"<!-- This site is optimized with the Yoast SEO plugin v27.1.1 - https:\/\/yoast.com\/product\/yoast-seo-wordpress\/ -->\n<title>Quaderns d&#039;Estructures 51 | ACE<\/title>\n<meta name=\"description\" content=\"Revista n\u00ba 51 con art\u00edculos de actualidad que tratan sobre la construcci\u00f3n de estructuras y que publica la Asociaci\u00f3n de Consultores de Estructuras (ACE).\" \/>\n<meta name=\"robots\" content=\"index, follow, max-snippet:-1, max-image-preview:large, max-video-preview:-1\" \/>\n<link rel=\"canonical\" href=\"https:\/\/aceweb.cat\/es\/producto\/quaderns-destructures-51\/\" \/>\n<meta property=\"og:locale\" content=\"es_ES\" \/>\n<meta property=\"og:type\" content=\"article\" \/>\n<meta property=\"og:title\" content=\"Quaderns d&#039;Estructures 51 | ACE\" \/>\n<meta property=\"og:description\" content=\"Revista n\u00ba 51 con art\u00edculos de actualidad que tratan sobre la construcci\u00f3n de estructuras y que publica la Asociaci\u00f3n de Consultores de Estructuras (ACE).\" \/>\n<meta property=\"og:url\" content=\"https:\/\/aceweb.cat\/es\/producto\/quaderns-destructures-51\/\" \/>\n<meta property=\"og:site_name\" content=\"aceweb.cat\" \/>\n<meta property=\"article:modified_time\" content=\"2023-03-22T15:59:26+00:00\" \/>\n<meta property=\"og:image\" content=\"https:\/\/aceweb.cat\/wp-content\/uploads\/2023\/02\/ACE-Quaderns-Estructures-051.jpg\" \/>\n\t<meta property=\"og:image:width\" content=\"724\" \/>\n\t<meta property=\"og:image:height\" content=\"1024\" \/>\n\t<meta property=\"og:image:type\" content=\"image\/jpeg\" \/>\n<meta name=\"twitter:card\" content=\"summary_large_image\" \/>\n<meta name=\"twitter:label1\" content=\"Tiempo de lectura\" \/>\n\t<meta name=\"twitter:data1\" content=\"3 minutos\" \/>\n<script type=\"application\/ld+json\" class=\"yoast-schema-graph\">{\"@context\":\"https:\/\/schema.org\",\"@graph\":[{\"@type\":\"WebPage\",\"@id\":\"https:\/\/aceweb.cat\/es\/producto\/quaderns-destructures-51\/\",\"url\":\"https:\/\/aceweb.cat\/es\/producto\/quaderns-destructures-51\/\",\"name\":\"Quaderns d'Estructures 51 | ACE\",\"isPartOf\":{\"@id\":\"https:\/\/aceweb.cat\/#website\"},\"primaryImageOfPage\":{\"@id\":\"https:\/\/aceweb.cat\/es\/producto\/quaderns-destructures-51\/#primaryimage\"},\"image\":{\"@id\":\"https:\/\/aceweb.cat\/es\/producto\/quaderns-destructures-51\/#primaryimage\"},\"thumbnailUrl\":\"https:\/\/aceweb.cat\/wp-content\/uploads\/2023\/02\/ACE-Quaderns-Estructures-051.jpg\",\"datePublished\":\"2023-01-04T10:00:13+00:00\",\"dateModified\":\"2023-03-22T15:59:26+00:00\",\"description\":\"Revista n\u00ba 51 con art\u00edculos de actualidad que tratan sobre la construcci\u00f3n de estructuras y que publica la Asociaci\u00f3n de Consultores de Estructuras (ACE).\",\"breadcrumb\":{\"@id\":\"https:\/\/aceweb.cat\/es\/producto\/quaderns-destructures-51\/#breadcrumb\"},\"inLanguage\":\"es\",\"potentialAction\":[{\"@type\":\"ReadAction\",\"target\":[\"https:\/\/aceweb.cat\/es\/producto\/quaderns-destructures-51\/\"]}]},{\"@type\":\"ImageObject\",\"inLanguage\":\"es\",\"@id\":\"https:\/\/aceweb.cat\/es\/producto\/quaderns-destructures-51\/#primaryimage\",\"url\":\"https:\/\/aceweb.cat\/wp-content\/uploads\/2023\/02\/ACE-Quaderns-Estructures-051.jpg\",\"contentUrl\":\"https:\/\/aceweb.cat\/wp-content\/uploads\/2023\/02\/ACE-Quaderns-Estructures-051.jpg\",\"width\":724,\"height\":1024},{\"@type\":\"BreadcrumbList\",\"@id\":\"https:\/\/aceweb.cat\/es\/producto\/quaderns-destructures-51\/#breadcrumb\",\"itemListElement\":[{\"@type\":\"ListItem\",\"position\":1,\"name\":\"Inici\",\"item\":\"https:\/\/aceweb.cat\/\"},{\"@type\":\"ListItem\",\"position\":2,\"name\":\"Tienda\",\"item\":\"https:\/\/aceweb.cat\/es\/tienda\/\"},{\"@type\":\"ListItem\",\"position\":3,\"name\":\"Quadern d\u2019Estructures\",\"item\":\"https:\/\/aceweb.cat\/es\/categoria-producto\/cuaderno-de-estructuras\/\"},{\"@type\":\"ListItem\",\"position\":4,\"name\":\"Quaderns d&#8217;Estructures 51\"}]},{\"@type\":\"WebSite\",\"@id\":\"https:\/\/aceweb.cat\/#website\",\"url\":\"https:\/\/aceweb.cat\/\",\"name\":\"ACE\",\"description\":\"Associaci\u00f3 de Consultors d&#039;Estructures | ACE\",\"publisher\":{\"@id\":\"https:\/\/aceweb.cat\/#organization\"},\"alternateName\":\"ACE\",\"potentialAction\":[{\"@type\":\"SearchAction\",\"target\":{\"@type\":\"EntryPoint\",\"urlTemplate\":\"https:\/\/aceweb.cat\/?s={search_term_string}\"},\"query-input\":{\"@type\":\"PropertyValueSpecification\",\"valueRequired\":true,\"valueName\":\"search_term_string\"}}],\"inLanguage\":\"es\"},{\"@type\":\"Organization\",\"@id\":\"https:\/\/aceweb.cat\/#organization\",\"name\":\"ACE\",\"alternateName\":\"ACE\",\"url\":\"https:\/\/aceweb.cat\/\",\"logo\":{\"@type\":\"ImageObject\",\"inLanguage\":\"es\",\"@id\":\"https:\/\/aceweb.cat\/#\/schema\/logo\/image\/\",\"url\":\"https:\/\/aceweb.cat\/wp-content\/uploads\/2022\/10\/logo.svg\",\"contentUrl\":\"https:\/\/aceweb.cat\/wp-content\/uploads\/2022\/10\/logo.svg\",\"width\":1,\"height\":1,\"caption\":\"ACE\"},\"image\":{\"@id\":\"https:\/\/aceweb.cat\/#\/schema\/logo\/image\/\"}}]}<\/script>\n<!-- \/ Yoast SEO plugin. -->","yoast_head_json":{"title":"Quaderns d'Estructures 51 | ACE","description":"Revista n\u00ba 51 con art\u00edculos de actualidad que tratan sobre la construcci\u00f3n de estructuras y que publica la Asociaci\u00f3n de Consultores de Estructuras (ACE).","robots":{"index":"index","follow":"follow","max-snippet":"max-snippet:-1","max-image-preview":"max-image-preview:large","max-video-preview":"max-video-preview:-1"},"canonical":"https:\/\/aceweb.cat\/es\/producto\/quaderns-destructures-51\/","og_locale":"es_ES","og_type":"article","og_title":"Quaderns d'Estructures 51 | ACE","og_description":"Revista n\u00ba 51 con art\u00edculos de actualidad que tratan sobre la construcci\u00f3n de estructuras y que publica la Asociaci\u00f3n de Consultores de Estructuras (ACE).","og_url":"https:\/\/aceweb.cat\/es\/producto\/quaderns-destructures-51\/","og_site_name":"aceweb.cat","article_modified_time":"2023-03-22T15:59:26+00:00","og_image":[{"width":724,"height":1024,"url":"https:\/\/aceweb.cat\/wp-content\/uploads\/2023\/02\/ACE-Quaderns-Estructures-051.jpg","type":"image\/jpeg"}],"twitter_card":"summary_large_image","twitter_misc":{"Tiempo de lectura":"3 minutos"},"schema":{"@context":"https:\/\/schema.org","@graph":[{"@type":"WebPage","@id":"https:\/\/aceweb.cat\/es\/producto\/quaderns-destructures-51\/","url":"https:\/\/aceweb.cat\/es\/producto\/quaderns-destructures-51\/","name":"Quaderns d'Estructures 51 | ACE","isPartOf":{"@id":"https:\/\/aceweb.cat\/#website"},"primaryImageOfPage":{"@id":"https:\/\/aceweb.cat\/es\/producto\/quaderns-destructures-51\/#primaryimage"},"image":{"@id":"https:\/\/aceweb.cat\/es\/producto\/quaderns-destructures-51\/#primaryimage"},"thumbnailUrl":"https:\/\/aceweb.cat\/wp-content\/uploads\/2023\/02\/ACE-Quaderns-Estructures-051.jpg","datePublished":"2023-01-04T10:00:13+00:00","dateModified":"2023-03-22T15:59:26+00:00","description":"Revista n\u00ba 51 con art\u00edculos de actualidad que tratan sobre la construcci\u00f3n de estructuras y que publica la Asociaci\u00f3n de Consultores de Estructuras (ACE).","breadcrumb":{"@id":"https:\/\/aceweb.cat\/es\/producto\/quaderns-destructures-51\/#breadcrumb"},"inLanguage":"es","potentialAction":[{"@type":"ReadAction","target":["https:\/\/aceweb.cat\/es\/producto\/quaderns-destructures-51\/"]}]},{"@type":"ImageObject","inLanguage":"es","@id":"https:\/\/aceweb.cat\/es\/producto\/quaderns-destructures-51\/#primaryimage","url":"https:\/\/aceweb.cat\/wp-content\/uploads\/2023\/02\/ACE-Quaderns-Estructures-051.jpg","contentUrl":"https:\/\/aceweb.cat\/wp-content\/uploads\/2023\/02\/ACE-Quaderns-Estructures-051.jpg","width":724,"height":1024},{"@type":"BreadcrumbList","@id":"https:\/\/aceweb.cat\/es\/producto\/quaderns-destructures-51\/#breadcrumb","itemListElement":[{"@type":"ListItem","position":1,"name":"Inici","item":"https:\/\/aceweb.cat\/"},{"@type":"ListItem","position":2,"name":"Tienda","item":"https:\/\/aceweb.cat\/es\/tienda\/"},{"@type":"ListItem","position":3,"name":"Quadern d\u2019Estructures","item":"https:\/\/aceweb.cat\/es\/categoria-producto\/cuaderno-de-estructuras\/"},{"@type":"ListItem","position":4,"name":"Quaderns d&#8217;Estructures 51"}]},{"@type":"WebSite","@id":"https:\/\/aceweb.cat\/#website","url":"https:\/\/aceweb.cat\/","name":"ACE","description":"Associaci\u00f3 de Consultors d&#039;Estructures | ACE","publisher":{"@id":"https:\/\/aceweb.cat\/#organization"},"alternateName":"ACE","potentialAction":[{"@type":"SearchAction","target":{"@type":"EntryPoint","urlTemplate":"https:\/\/aceweb.cat\/?s={search_term_string}"},"query-input":{"@type":"PropertyValueSpecification","valueRequired":true,"valueName":"search_term_string"}}],"inLanguage":"es"},{"@type":"Organization","@id":"https:\/\/aceweb.cat\/#organization","name":"ACE","alternateName":"ACE","url":"https:\/\/aceweb.cat\/","logo":{"@type":"ImageObject","inLanguage":"es","@id":"https:\/\/aceweb.cat\/#\/schema\/logo\/image\/","url":"https:\/\/aceweb.cat\/wp-content\/uploads\/2022\/10\/logo.svg","contentUrl":"https:\/\/aceweb.cat\/wp-content\/uploads\/2022\/10\/logo.svg","width":1,"height":1,"caption":"ACE"},"image":{"@id":"https:\/\/aceweb.cat\/#\/schema\/logo\/image\/"}}]}},"_links":{"self":[{"href":"https:\/\/aceweb.cat\/es\/wp-json\/wp\/v2\/product\/39858","targetHints":{"allow":["GET"]}}],"collection":[{"href":"https:\/\/aceweb.cat\/es\/wp-json\/wp\/v2\/product"}],"about":[{"href":"https:\/\/aceweb.cat\/es\/wp-json\/wp\/v2\/types\/product"}],"version-history":[{"count":1,"href":"https:\/\/aceweb.cat\/es\/wp-json\/wp\/v2\/product\/39858\/revisions"}],"predecessor-version":[{"id":41031,"href":"https:\/\/aceweb.cat\/es\/wp-json\/wp\/v2\/product\/39858\/revisions\/41031"}],"wp:featuredmedia":[{"embeddable":true,"href":"https:\/\/aceweb.cat\/es\/wp-json\/wp\/v2\/media\/37762"}],"wp:attachment":[{"href":"https:\/\/aceweb.cat\/es\/wp-json\/wp\/v2\/media?parent=39858"}],"wp:term":[{"taxonomy":"product_brand","embeddable":true,"href":"https:\/\/aceweb.cat\/es\/wp-json\/wp\/v2\/product_brand?post=39858"},{"taxonomy":"product_cat","embeddable":true,"href":"https:\/\/aceweb.cat\/es\/wp-json\/wp\/v2\/product_cat?post=39858"},{"taxonomy":"product_tag","embeddable":true,"href":"https:\/\/aceweb.cat\/es\/wp-json\/wp\/v2\/product_tag?post=39858"}],"curies":[{"name":"wp","href":"https:\/\/api.w.org\/{rel}","templated":true}]}}