{"id":39861,"date":"2023-01-05T10:00:33","date_gmt":"2023-01-05T10:00:33","guid":{"rendered":"https:\/\/www.aceweb.advertis.es\/producto\/quaderns-destructures-52\/"},"modified":"2023-03-22T15:59:55","modified_gmt":"2023-03-22T15:59:55","slug":"quaderns-destructures-52","status":"publish","type":"product","link":"https:\/\/aceweb.cat\/es\/producto\/quaderns-destructures-52\/","title":{"rendered":"Quaderns d&#8217;Estructures 52"},"content":{"rendered":"<p>Este n\u00famero incluye:<\/p>\n<h2><strong>1. Editorial<\/strong><\/h2>\n<p>Art\u00edculo redactado por\u00a0<b>XAVIER MATEU<\/b>. Descarga la revista para conocer y hacer balance del a\u00f1o:<\/p>\n<p><em>\u201cHemos pasado m\u00e1s de siete a\u00f1os de incertidumbre, nervios, malestares\u2026 A nivel profesional y personal. Y no s\u00f3lo nosotros; todos. Y nadie nos ha dicho cu\u00e1ndo empezaba, ni cu\u00e1ndo terminaba, si es que ya ha terminado. Pero la verdad, sin quererlo, todos estamos en el mismo escenario. Y todos volvemos a empezar. Tabula zanja. Reinvenci\u00f3n. Repensar.<\/em><\/p>\n<p><em>Y empezamos con los que somos y con lo que somos. \u00bfQu\u00e9 est\u00e1 pasando? \u00bfQu\u00e9 ha pasado? S\u00ed, un crisis, un momento decisivo de importantes consecuencias, una situaci\u00f3n que conlleva cambios, para mejor o para peor. Y cualquier cambio nos genera miedos. Algo a lo que deberemos acostumbrarnos r\u00e1pido, porque la incertidumbre ser\u00e1 la nueva normalidad.<\/em><em>\u201d<\/em><\/p>\n<h2><strong>2. Rehabilitar con madera<\/strong><\/h2>\n<p>Art\u00edculo redactado por\u00a0<strong>ESTER MART\u00cdNEZ NAVARRO<\/strong>\u00a0y\u00a0<strong>XAVIER BOTET CAMPDERROSO<\/strong><b>. <\/b>Descarga la revista para conocer los nuevos proyectos del \u00e1rea t\u00e9cnica en el sector de la construcci\u00f3n:<\/p>\n<p>\u201cLa aparici\u00f3n en los \u00faltimos a\u00f1os de nuevos productos basados en la madera industrializada, invitan a realizar una reflexi\u00f3n sobre su aplicaci\u00f3n en rehabilitaci\u00f3n. Uno de los campos en los que puede resultar interesante su aplicaci\u00f3n es en la rehabilitaci\u00f3n de forjados de madera, considerando especialmente su similitud en el material existente.<\/p>\n<p>Hasta la actualidad, la utilizaci\u00f3n del hormig\u00f3n en la realizaci\u00f3n de capas de compresi\u00f3n para la rehabilitaci\u00f3n de forjados de viguetas de madera ha sido un fen\u00f3meno ampliamente extendido. En estos momentos, el efecto de la utilizaci\u00f3n del hormig\u00f3n de forma indiscriminada en las rehabilitaciones es objeto de debate en los congresos y seminarios sobre rehabilitaci\u00f3n.\u201d<\/p>\n<h2><strong>3. Refuerzo mediante inyecciones de resina expansiva de un tramo de canal mina de agua<\/strong><\/h2>\n<p>Art\u00edculo redactado por\u00a0<strong>RUB\u00c9N GALISTEO<\/strong><b>. <\/b>Descarga la revista para conocer los nuevos proyectos del \u00e1rea t\u00e9cnica en el sector de la construcci\u00f3n:<\/p>\n<p>\u201cEl ayuntamiento de Torroella de Montgr\u00ed nos pide nuestra colaboraci\u00f3n para el estudio y ejecuci\u00f3n de un refuerzo de un terreno situado en el trasd\u00f3s y sobre la b\u00f3veda de una antigua galer\u00eda de agua de unos 40 ml de longitud, que tienen previsto abrir al p\u00fablico como galer\u00eda visitable. Dada la complejidad de acceso a la galer\u00eda, y la necesidad de actuar desde el vial superior, el sistema de inyecciones de resina expansiva Uretek Geoplus, se considera como la opci\u00f3n t\u00e9cnicamente m\u00e1s viable.<\/p>\n<p>Esta \u00abmina de agua\u00bb se construy\u00f3 como bien p\u00fablico en el siglo XIV, en diferentes fases y \u00e9pocas, con la intenci\u00f3n de utilizarse para conducir (por gravedad) el agua del nivel fre\u00e1tico, apto para el consumo humano y animal, desde uno o varios pozos enterrados hasta una cisterna de agua, que daba servicio a una fuente p\u00fablica situada en la plaza del ayuntamiento de la misma poblaci\u00f3n de Torroella de Montgr\u00ed.\u201d<\/p>\n<h2><strong>4. Las paredes de tapia desde el punto de vista estructural<\/strong><\/h2>\n<p>Art\u00edculo redactado por\u00a0<strong>JOSEP BAQUER SISTACH<\/strong><b>. <\/b>Descarga la revista para conocer los nuevos proyectos del \u00e1rea t\u00e9cnica en el sector de la construcci\u00f3n:<\/p>\n<p>\u201cCuando debemos rehabilitar edificios con muros de tapia, o bien realizar alg\u00fan tipo de intervenci\u00f3n o informe, acostumbramos a tener una gran sensaci\u00f3n de incertidumbre. Nos movemos entre la evidencia de que aquellas gruesas paredes de carga est\u00e1n all\u00ed quiz\u00e1s desde hace m\u00e1s de un siglo, y la incertidumbre de si seguir\u00e1n aguantando como hasta ahora. A veces el miedo condiciona nuestra actuaci\u00f3n profesional, un miedo con cimiento porque sabemos que muchos de los edificios que se han derrumbado estos \u00faltimos a\u00f1os, hab\u00edan sido construidos con paredes de tapia. Por otra parte, no hay normativa que pueda servirnos de referente para poder establecer criterios razonables de cara a tomar decisiones. Por supuesto, el C\u00f3digo T\u00e9cnico ni habla de ello, al menos directamente.<\/p>\n<p>Lo veremos.\u201d<\/p>\n<h2><strong>5. \u00bfQu\u00e9 considero inventos de Satan\u00e1s?<\/strong><\/h2>\n<p>Art\u00edculo redactado por\u00a0<strong>JUAN RAM\u00d3N GOITIA<\/strong><b>. <\/b>Descarga la revista para conocer los nuevos proyectos del \u00e1rea t\u00e9cnica en el sector de la construcci\u00f3n:<\/p>\n<p>\u201cPues considero que son aquellas soluciones constructivas con apariencia innovadora, y rodeadas por un aura de misterio en cuanto a su justificaci\u00f3n y m\u00e9todos de c\u00e1lculo, que llegan a fascinar a t\u00e9cnicos y constructores de todo tipo que las adoptan y abrazan con pasi\u00f3n, estamos tentados a utilizarlas, y nos decimos: es el progreso que no se puede detener, \u00a1participamos de \u00e9l! Pero Satan\u00e1s siempre hace que pierdas algo, o mucho, al abrazarlo, y ya veremos cu\u00e1l es la p\u00e9rdida.<\/p>\n<p>A lo largo de muchos a\u00f1os calculando estructuras me he cruzado con los llamados collares de cortante, que siempre han estado fuera de normativa, y el c\u00e1lculo no se puede justificar al proceder de ensayos en laboratorio, que no obstant esto se utilizan mucho, tanto es as\u00ed que m\u00e1s de una vez y ante mi negativa a usarlos, en una placa llena de huecos alrededor del pilar, y como les pidiera que alejaran los huecos, me dec\u00edan: \u00ab pone una cruceta met\u00e1lica que lo aguanta todo, como hace Fulano de Tal y d\u00e9jate de romances\u00bb. Yo contestaba: \u00abno, que es un invento de Satan\u00e1s\u00bb, me tomaban por un predicador dedicado a la salvaci\u00f3n de almas, y la siguiente obra se la adjudicaban a Fulano de Tal.\u201d<\/p>\n<h2><strong>6. Miscel\u00e1nea<\/strong><\/h2>\n<p><a href=\"https:\/\/ca.wikipedia.org\/wiki\/Frei_Otto\" target=\"_blank\" rel=\"noopener noreferrer\"><strong>Frei Otto<\/strong><\/a>, Premio Pritzker de arquitectura.<\/p>\n<h2><strong>7. Lista de miembros de la Asociaci\u00f3n<\/strong><\/h2>\n<p>Conoce a los miembros de la Asociaci\u00f3n Consultores de Estructuras. Podr\u00e1s ver a los nuevos integrantes que participan por el reconocimiento de la profesi\u00f3n dentro del mundo de la construcci\u00f3n.<\/p>\n","protected":false},"excerpt":{"rendered":"<ul>\n<li>1. Editorial<\/li>\n<li>2. Rehabilitar con madera<\/li>\n<li>3. Refuerzo mediante inyecciones de resina expansiva de un tramo de canal mina de agua<\/li>\n<li>4. Las paredes de tapia desde el punto de vista estructural<\/li>\n<li>5. \u00bfQu\u00e9 considero inventos de Satan\u00e1s?<\/li>\n<li>6. Miscel\u00e1nea<\/li>\n<li>7. Listado de miembros de la Asociaci\u00f3n<\/li>\n<\/ul>\n","protected":false},"featured_media":37752,"template":"","meta":{"_acf_changed":false,"site-sidebar-layout":"default","site-content-layout":"default","ast-global-header-display":"","ast-main-header-display":"","ast-hfb-above-header-display":"","ast-hfb-below-header-display":"","ast-hfb-mobile-header-display":"","site-post-title":"","ast-breadcrumbs-content":"","ast-featured-img":"","footer-sml-layout":"","theme-transparent-header-meta":"default","adv-header-id-meta":"","stick-header-meta":"","header-above-stick-meta":"","header-main-stick-meta":"","header-below-stick-meta":""},"product_brand":[],"product_cat":[595],"product_tag":[],"class_list":{"0":"post-39861","1":"product","2":"type-product","3":"status-publish","4":"has-post-thumbnail","6":"product_cat-cuaderno-de-estructuras","7":"desktop-align-left","8":"tablet-align-left","9":"mobile-align-left","11":"first","12":"instock","13":"taxable","14":"shipping-taxable","15":"purchasable","16":"product-type-variable","17":"has-default-attributes"},"acf":[],"yoast_head":"<!-- This site is optimized with the Yoast SEO plugin v27.1.1 - https:\/\/yoast.com\/product\/yoast-seo-wordpress\/ -->\n<title>Quaderns d&#039;Estructures 52 | ACE<\/title>\n<meta name=\"description\" content=\"Revista n\u00ba 52 con art\u00edculos de actualidad que tratan sobre la construcci\u00f3n de estructuras y publica la Asociaci\u00f3n de Consultores de Estructuras (ACE).\" \/>\n<meta name=\"robots\" content=\"index, follow, max-snippet:-1, max-image-preview:large, max-video-preview:-1\" \/>\n<link rel=\"canonical\" href=\"https:\/\/aceweb.cat\/es\/producto\/quaderns-destructures-52\/\" \/>\n<meta property=\"og:locale\" content=\"es_ES\" \/>\n<meta property=\"og:type\" content=\"article\" \/>\n<meta property=\"og:title\" content=\"Quaderns d&#039;Estructures 52 | ACE\" \/>\n<meta property=\"og:description\" content=\"Revista n\u00ba 52 con art\u00edculos de actualidad que tratan sobre la construcci\u00f3n de estructuras y publica la Asociaci\u00f3n de Consultores de Estructuras (ACE).\" \/>\n<meta property=\"og:url\" content=\"https:\/\/aceweb.cat\/es\/producto\/quaderns-destructures-52\/\" \/>\n<meta property=\"og:site_name\" content=\"aceweb.cat\" \/>\n<meta property=\"article:modified_time\" content=\"2023-03-22T15:59:55+00:00\" \/>\n<meta property=\"og:image\" content=\"https:\/\/aceweb.cat\/wp-content\/uploads\/2023\/02\/ACE-Quaderns-Estructures-052.jpg\" \/>\n\t<meta property=\"og:image:width\" content=\"724\" \/>\n\t<meta property=\"og:image:height\" content=\"1024\" \/>\n\t<meta property=\"og:image:type\" content=\"image\/jpeg\" \/>\n<meta name=\"twitter:card\" content=\"summary_large_image\" \/>\n<meta name=\"twitter:label1\" content=\"Tiempo de lectura\" \/>\n\t<meta name=\"twitter:data1\" content=\"5 minutos\" \/>\n<script type=\"application\/ld+json\" class=\"yoast-schema-graph\">{\"@context\":\"https:\/\/schema.org\",\"@graph\":[{\"@type\":\"WebPage\",\"@id\":\"https:\/\/aceweb.cat\/es\/producto\/quaderns-destructures-52\/\",\"url\":\"https:\/\/aceweb.cat\/es\/producto\/quaderns-destructures-52\/\",\"name\":\"Quaderns d'Estructures 52 | ACE\",\"isPartOf\":{\"@id\":\"https:\/\/aceweb.cat\/#website\"},\"primaryImageOfPage\":{\"@id\":\"https:\/\/aceweb.cat\/es\/producto\/quaderns-destructures-52\/#primaryimage\"},\"image\":{\"@id\":\"https:\/\/aceweb.cat\/es\/producto\/quaderns-destructures-52\/#primaryimage\"},\"thumbnailUrl\":\"https:\/\/aceweb.cat\/wp-content\/uploads\/2023\/02\/ACE-Quaderns-Estructures-052.jpg\",\"datePublished\":\"2023-01-05T10:00:33+00:00\",\"dateModified\":\"2023-03-22T15:59:55+00:00\",\"description\":\"Revista n\u00ba 52 con art\u00edculos de actualidad que tratan sobre la construcci\u00f3n de estructuras y publica la Asociaci\u00f3n de Consultores de Estructuras (ACE).\",\"breadcrumb\":{\"@id\":\"https:\/\/aceweb.cat\/es\/producto\/quaderns-destructures-52\/#breadcrumb\"},\"inLanguage\":\"es\",\"potentialAction\":[{\"@type\":\"ReadAction\",\"target\":[\"https:\/\/aceweb.cat\/es\/producto\/quaderns-destructures-52\/\"]}]},{\"@type\":\"ImageObject\",\"inLanguage\":\"es\",\"@id\":\"https:\/\/aceweb.cat\/es\/producto\/quaderns-destructures-52\/#primaryimage\",\"url\":\"https:\/\/aceweb.cat\/wp-content\/uploads\/2023\/02\/ACE-Quaderns-Estructures-052.jpg\",\"contentUrl\":\"https:\/\/aceweb.cat\/wp-content\/uploads\/2023\/02\/ACE-Quaderns-Estructures-052.jpg\",\"width\":724,\"height\":1024},{\"@type\":\"BreadcrumbList\",\"@id\":\"https:\/\/aceweb.cat\/es\/producto\/quaderns-destructures-52\/#breadcrumb\",\"itemListElement\":[{\"@type\":\"ListItem\",\"position\":1,\"name\":\"Inici\",\"item\":\"https:\/\/aceweb.cat\/\"},{\"@type\":\"ListItem\",\"position\":2,\"name\":\"Tienda\",\"item\":\"https:\/\/aceweb.cat\/es\/tienda\/\"},{\"@type\":\"ListItem\",\"position\":3,\"name\":\"Quadern d\u2019Estructures\",\"item\":\"https:\/\/aceweb.cat\/es\/categoria-producto\/cuaderno-de-estructuras\/\"},{\"@type\":\"ListItem\",\"position\":4,\"name\":\"Quaderns d&#8217;Estructures 52\"}]},{\"@type\":\"WebSite\",\"@id\":\"https:\/\/aceweb.cat\/#website\",\"url\":\"https:\/\/aceweb.cat\/\",\"name\":\"ACE\",\"description\":\"Associaci\u00f3 de Consultors d&#039;Estructures | ACE\",\"publisher\":{\"@id\":\"https:\/\/aceweb.cat\/#organization\"},\"alternateName\":\"ACE\",\"potentialAction\":[{\"@type\":\"SearchAction\",\"target\":{\"@type\":\"EntryPoint\",\"urlTemplate\":\"https:\/\/aceweb.cat\/?s={search_term_string}\"},\"query-input\":{\"@type\":\"PropertyValueSpecification\",\"valueRequired\":true,\"valueName\":\"search_term_string\"}}],\"inLanguage\":\"es\"},{\"@type\":\"Organization\",\"@id\":\"https:\/\/aceweb.cat\/#organization\",\"name\":\"ACE\",\"alternateName\":\"ACE\",\"url\":\"https:\/\/aceweb.cat\/\",\"logo\":{\"@type\":\"ImageObject\",\"inLanguage\":\"es\",\"@id\":\"https:\/\/aceweb.cat\/#\/schema\/logo\/image\/\",\"url\":\"https:\/\/aceweb.cat\/wp-content\/uploads\/2022\/10\/logo.svg\",\"contentUrl\":\"https:\/\/aceweb.cat\/wp-content\/uploads\/2022\/10\/logo.svg\",\"width\":1,\"height\":1,\"caption\":\"ACE\"},\"image\":{\"@id\":\"https:\/\/aceweb.cat\/#\/schema\/logo\/image\/\"}}]}<\/script>\n<!-- \/ Yoast SEO plugin. -->","yoast_head_json":{"title":"Quaderns d'Estructures 52 | ACE","description":"Revista n\u00ba 52 con art\u00edculos de actualidad que tratan sobre la construcci\u00f3n de estructuras y publica la Asociaci\u00f3n de Consultores de Estructuras (ACE).","robots":{"index":"index","follow":"follow","max-snippet":"max-snippet:-1","max-image-preview":"max-image-preview:large","max-video-preview":"max-video-preview:-1"},"canonical":"https:\/\/aceweb.cat\/es\/producto\/quaderns-destructures-52\/","og_locale":"es_ES","og_type":"article","og_title":"Quaderns d'Estructures 52 | ACE","og_description":"Revista n\u00ba 52 con art\u00edculos de actualidad que tratan sobre la construcci\u00f3n de estructuras y publica la Asociaci\u00f3n de Consultores de Estructuras (ACE).","og_url":"https:\/\/aceweb.cat\/es\/producto\/quaderns-destructures-52\/","og_site_name":"aceweb.cat","article_modified_time":"2023-03-22T15:59:55+00:00","og_image":[{"width":724,"height":1024,"url":"https:\/\/aceweb.cat\/wp-content\/uploads\/2023\/02\/ACE-Quaderns-Estructures-052.jpg","type":"image\/jpeg"}],"twitter_card":"summary_large_image","twitter_misc":{"Tiempo de lectura":"5 minutos"},"schema":{"@context":"https:\/\/schema.org","@graph":[{"@type":"WebPage","@id":"https:\/\/aceweb.cat\/es\/producto\/quaderns-destructures-52\/","url":"https:\/\/aceweb.cat\/es\/producto\/quaderns-destructures-52\/","name":"Quaderns d'Estructures 52 | ACE","isPartOf":{"@id":"https:\/\/aceweb.cat\/#website"},"primaryImageOfPage":{"@id":"https:\/\/aceweb.cat\/es\/producto\/quaderns-destructures-52\/#primaryimage"},"image":{"@id":"https:\/\/aceweb.cat\/es\/producto\/quaderns-destructures-52\/#primaryimage"},"thumbnailUrl":"https:\/\/aceweb.cat\/wp-content\/uploads\/2023\/02\/ACE-Quaderns-Estructures-052.jpg","datePublished":"2023-01-05T10:00:33+00:00","dateModified":"2023-03-22T15:59:55+00:00","description":"Revista n\u00ba 52 con art\u00edculos de actualidad que tratan sobre la construcci\u00f3n de estructuras y publica la Asociaci\u00f3n de Consultores de Estructuras (ACE).","breadcrumb":{"@id":"https:\/\/aceweb.cat\/es\/producto\/quaderns-destructures-52\/#breadcrumb"},"inLanguage":"es","potentialAction":[{"@type":"ReadAction","target":["https:\/\/aceweb.cat\/es\/producto\/quaderns-destructures-52\/"]}]},{"@type":"ImageObject","inLanguage":"es","@id":"https:\/\/aceweb.cat\/es\/producto\/quaderns-destructures-52\/#primaryimage","url":"https:\/\/aceweb.cat\/wp-content\/uploads\/2023\/02\/ACE-Quaderns-Estructures-052.jpg","contentUrl":"https:\/\/aceweb.cat\/wp-content\/uploads\/2023\/02\/ACE-Quaderns-Estructures-052.jpg","width":724,"height":1024},{"@type":"BreadcrumbList","@id":"https:\/\/aceweb.cat\/es\/producto\/quaderns-destructures-52\/#breadcrumb","itemListElement":[{"@type":"ListItem","position":1,"name":"Inici","item":"https:\/\/aceweb.cat\/"},{"@type":"ListItem","position":2,"name":"Tienda","item":"https:\/\/aceweb.cat\/es\/tienda\/"},{"@type":"ListItem","position":3,"name":"Quadern d\u2019Estructures","item":"https:\/\/aceweb.cat\/es\/categoria-producto\/cuaderno-de-estructuras\/"},{"@type":"ListItem","position":4,"name":"Quaderns d&#8217;Estructures 52"}]},{"@type":"WebSite","@id":"https:\/\/aceweb.cat\/#website","url":"https:\/\/aceweb.cat\/","name":"ACE","description":"Associaci\u00f3 de Consultors d&#039;Estructures | ACE","publisher":{"@id":"https:\/\/aceweb.cat\/#organization"},"alternateName":"ACE","potentialAction":[{"@type":"SearchAction","target":{"@type":"EntryPoint","urlTemplate":"https:\/\/aceweb.cat\/?s={search_term_string}"},"query-input":{"@type":"PropertyValueSpecification","valueRequired":true,"valueName":"search_term_string"}}],"inLanguage":"es"},{"@type":"Organization","@id":"https:\/\/aceweb.cat\/#organization","name":"ACE","alternateName":"ACE","url":"https:\/\/aceweb.cat\/","logo":{"@type":"ImageObject","inLanguage":"es","@id":"https:\/\/aceweb.cat\/#\/schema\/logo\/image\/","url":"https:\/\/aceweb.cat\/wp-content\/uploads\/2022\/10\/logo.svg","contentUrl":"https:\/\/aceweb.cat\/wp-content\/uploads\/2022\/10\/logo.svg","width":1,"height":1,"caption":"ACE"},"image":{"@id":"https:\/\/aceweb.cat\/#\/schema\/logo\/image\/"}}]}},"_links":{"self":[{"href":"https:\/\/aceweb.cat\/es\/wp-json\/wp\/v2\/product\/39861","targetHints":{"allow":["GET"]}}],"collection":[{"href":"https:\/\/aceweb.cat\/es\/wp-json\/wp\/v2\/product"}],"about":[{"href":"https:\/\/aceweb.cat\/es\/wp-json\/wp\/v2\/types\/product"}],"version-history":[{"count":1,"href":"https:\/\/aceweb.cat\/es\/wp-json\/wp\/v2\/product\/39861\/revisions"}],"predecessor-version":[{"id":41032,"href":"https:\/\/aceweb.cat\/es\/wp-json\/wp\/v2\/product\/39861\/revisions\/41032"}],"wp:featuredmedia":[{"embeddable":true,"href":"https:\/\/aceweb.cat\/es\/wp-json\/wp\/v2\/media\/37752"}],"wp:attachment":[{"href":"https:\/\/aceweb.cat\/es\/wp-json\/wp\/v2\/media?parent=39861"}],"wp:term":[{"taxonomy":"product_brand","embeddable":true,"href":"https:\/\/aceweb.cat\/es\/wp-json\/wp\/v2\/product_brand?post=39861"},{"taxonomy":"product_cat","embeddable":true,"href":"https:\/\/aceweb.cat\/es\/wp-json\/wp\/v2\/product_cat?post=39861"},{"taxonomy":"product_tag","embeddable":true,"href":"https:\/\/aceweb.cat\/es\/wp-json\/wp\/v2\/product_tag?post=39861"}],"curies":[{"name":"wp","href":"https:\/\/api.w.org\/{rel}","templated":true}]}}