{"id":39864,"date":"2023-01-06T10:00:24","date_gmt":"2023-01-06T10:00:24","guid":{"rendered":"https:\/\/www.aceweb.advertis.es\/producto\/quaderns-destructures-53\/"},"modified":"2023-03-22T16:00:10","modified_gmt":"2023-03-22T16:00:10","slug":"quaderns-destructures-53","status":"publish","type":"product","link":"https:\/\/aceweb.cat\/es\/producto\/quaderns-destructures-53\/","title":{"rendered":"Quaderns d&#8217;Estructures 53"},"content":{"rendered":"<p>Este n\u00famero incluye:<\/p>\n<h2><strong>1. Editorial<\/strong><\/h2>\n<p>Art\u00edculo redactado por la\u00a0<b>JUNTA DEL ACE<\/b>. Descarga la revista para conocer y hacer balance del a\u00f1o:<\/p>\n<p><em>\u201cA mediados de junio, la Asamblea marc\u00f3 el final y el comienzo de un nuevo mandato de cuatro a\u00f1os para la Junta. El equipo cesante se present\u00f3 como \u00abcandidatura nueva\u00bb. Es la misma pero con aire fresco y renovador. Este volver a empezar ha servido para disponernos cerramos tabula rasa y as\u00ed volver a plantear nuestros objetivos y retos.<\/em><\/p>\n<p><em>Durante estos largos a\u00f1os de profundo baj\u00f3n econ\u00f3mico y profesional han pasado muchas cosas y hemos vivido circunstancias impredecibles. Han cambiado escenarios e incluso nosotros mismos hemos cambiado. Y, en cualquier caso, se trata de un proyecto de continuidad porque el proyecto funciona pero necesita desarrollarse.\u201d<\/em><\/p>\n<h2><strong>2. Una vida dedicada al c\u00e1lculo de estructuras (1962-2004)<\/strong><\/h2>\n<p>Art\u00edculo redactado por\u00a0<strong>LAURE\u00c0 MIR\u00d3<\/strong><b>. <\/b>Descarga la revista para conocer los nuevos proyectos del \u00e1rea t\u00e9cnica en el sector de la construcci\u00f3n:<\/p>\n<p>\u201cA modo de homenaje a Antoni Torrent i Marqu\u00e8s en el d\u00e9cimo aniversario de su jubilaci\u00f3n transcribimos las notas de la conferencia que tuvo lugar el 16 de diciembre de 2004 en el edificio Nexus de la UPC, con motivo de la concesi\u00f3n del t\u00edtulo de Socio Honor\u00edfico otorgado por la Asociaci\u00f3n de Consultores de Estructuras (ACE).\u201d<\/p>\n<h2><strong>3. Refuerzo de pilares de hormig\u00f3n con perfiles met\u00e1licos<\/strong><\/h2>\n<p>Art\u00edculo redactado por\u00a0<strong>XAVIER HALGUERA VALVERDE<\/strong><b>. <\/b>Descarga la revista para conocer los nuevos proyectos del \u00e1rea t\u00e9cnica en el sector de la construcci\u00f3n:<\/p>\n<p>\u201cEn alg\u00fan momento se nos puede plantear el hecho de tener que reforzar un pilar de hormig\u00f3n armado de secci\u00f3n rectangular. Los motivos pueden ser varios y podemos destacar algunos de ellos:<\/p>\n<ul>\n<li>La resistencia del hormig\u00f3n est\u00e1 por debajo de la del proyecto, en caso de estructuras en construcci\u00f3n.<\/li>\n<li>La construcci\u00f3n del elemento ha sido deficiente.<\/li>\n<li>El c\u00e1lculo del proyecto es equivocado y el dimensionado del pilar es insuficiente.<\/li>\n<li>El aumento de la carga que recibe el pilar motivado por un aumento de la carga de los techos que inciden.\u201d<\/li>\n<\/ul>\n<h2><strong>4. 3a edici\u00f3n de los Premios ACE. Rehabilitaci\u00f3n de vivienda y local comercial entre medianeras en Blanes<\/strong><\/h2>\n<p>Art\u00edculo redactado por\u00a0<strong>XAVIER BOTET, MARTA GAL\u00cd, ALBA FOLQU\u00c9<\/strong>\u00a0y\u00a0<strong>ROSER BARBA<\/strong><b>. <\/b>Descarga la revista para conocer los nuevos proyectos del \u00e1rea t\u00e9cnica en el sector de la construcci\u00f3n:<\/p>\n<p>\u201cSe trata de la rehabilitaci\u00f3n de una vivienda y local comercial entre medianeras. El edificio se ubica en una parcela pasando de 60 m2 en el centro hist\u00f3rico de la poblaci\u00f3n. La fachada principal se abre a una de las calles comerciales m\u00e1s importantes de la villa, con mucha intensidad de tr\u00e1fico, tan rodado como peatonal (c\/Ample).<\/p>\n<p>En cambio, la fachada posterior mira a una calle estrecha y tranquila (c\/Lloro). La edificaci\u00f3n existente constaba de dos cuerpos construidos con muros de carga y separados por una pared central, tambi\u00e9n estructural, sobre la que apoyaban forjados de madera a distintos niveles. El cuerpo de la c\/Ample est\u00e1 formado por planta baja y planta piso de alturas nobles, pero en cambio, el volumen correspondiente a la c\/Lloro, consta de planta baja y dos plantas con alturas de forjados diferentes al otro volumen.\u201d <\/p>\n<h2><strong>5. Jornadas ACE: Condiciones de ejecuci\u00f3n de anclajes<\/strong><\/h2>\n<p>\u201cViernes 12 de junio, en el Hotel Campanile de Cornell\u00e0 tuvo lugar la Jornada de condiciones de ejecuci\u00f3n de anclajes promovida por ACE y\u00a0<a href=\"https:\/\/www.hilti.es\/\" target=\"_blank\" rel=\"noopener noreferrer\">HILTI<\/a>, socio protector de nuestra asociaci\u00f3n.<\/p>\n<p>Abri\u00f3 la jornada Josep Baquer, Vice Presidente de la ACE junto con Antonio Calvo, Director de la Oficina T\u00e9cnica de HILTI, que resumi\u00f3 la historia de la empresa desde su fundaci\u00f3n por iniciativa de Martin Hilti, en 1941, en Liechtenstein.\u201d<\/p>\n<h2><strong>6. Miscel\u00e1nea<\/strong><\/h2>\n<p>Construmado 2015.<\/p>\n<h2><strong>7. Lista de miembros de la Asociaci\u00f3n<\/strong><\/h2>\n<p>Conoce a los miembros de la Asociaci\u00f3n Consultores de Estructuras. Podr\u00e1s ver a los nuevos integrantes que participan por el reconocimiento de la profesi\u00f3n dentro del mundo de la construcci\u00f3n.<\/p>\n","protected":false},"excerpt":{"rendered":"<ul>\n<li>1. Editorial<\/li>\n<li>2. Una vida dedicada al c\u00e1lculo de estructuras (1962-2004)<\/li>\n<li>3. Refuerzo de pilares de hormig\u00f3n con perfiles met\u00e1licos<\/li>\n<li>4. 3a edici\u00f3n de los Premios ACE. Rehabilitaci\u00f3n de vivienda y local comercial entre medianeras en Blanes<\/li>\n<li>5. Jornadas ACE: Condiciones de ejecuci\u00f3n de anclajes<\/li>\n<li>6. Miscel\u00e1nea<\/li>\n<li>7. Listado de miembros de la Asociaci\u00f3n<\/li>\n<\/ul>\n","protected":false},"featured_media":37742,"template":"","meta":{"_acf_changed":false,"site-sidebar-layout":"default","site-content-layout":"default","ast-global-header-display":"","ast-main-header-display":"","ast-hfb-above-header-display":"","ast-hfb-below-header-display":"","ast-hfb-mobile-header-display":"","site-post-title":"","ast-breadcrumbs-content":"","ast-featured-img":"","footer-sml-layout":"","theme-transparent-header-meta":"default","adv-header-id-meta":"","stick-header-meta":"","header-above-stick-meta":"","header-main-stick-meta":"","header-below-stick-meta":""},"product_brand":[],"product_cat":[595],"product_tag":[],"class_list":{"0":"post-39864","1":"product","2":"type-product","3":"status-publish","4":"has-post-thumbnail","6":"product_cat-cuaderno-de-estructuras","7":"desktop-align-left","8":"tablet-align-left","9":"mobile-align-left","11":"first","12":"instock","13":"taxable","14":"shipping-taxable","15":"purchasable","16":"product-type-variable","17":"has-default-attributes"},"acf":[],"yoast_head":"<!-- This site is optimized with the Yoast SEO plugin v27.1.1 - https:\/\/yoast.com\/product\/yoast-seo-wordpress\/ -->\n<title>Quaderns d&#039;Estructures 53 | ACE<\/title>\n<meta name=\"description\" content=\"Revista n\u00ba 53 con art\u00edculos de actualidad que tratan sobre la construcci\u00f3n de estructuras y que publica la Asociaci\u00f3n de Consultores de Estructuras (ACE).\" \/>\n<meta name=\"robots\" content=\"index, follow, max-snippet:-1, max-image-preview:large, max-video-preview:-1\" \/>\n<link rel=\"canonical\" href=\"https:\/\/aceweb.cat\/es\/producto\/quaderns-destructures-53\/\" \/>\n<meta property=\"og:locale\" content=\"es_ES\" \/>\n<meta property=\"og:type\" content=\"article\" \/>\n<meta property=\"og:title\" content=\"Quaderns d&#039;Estructures 53 | ACE\" \/>\n<meta property=\"og:description\" content=\"Revista n\u00ba 53 con art\u00edculos de actualidad que tratan sobre la construcci\u00f3n de estructuras y que publica la Asociaci\u00f3n de Consultores de Estructuras (ACE).\" \/>\n<meta property=\"og:url\" content=\"https:\/\/aceweb.cat\/es\/producto\/quaderns-destructures-53\/\" \/>\n<meta property=\"og:site_name\" content=\"aceweb.cat\" \/>\n<meta property=\"article:modified_time\" content=\"2023-03-22T16:00:10+00:00\" \/>\n<meta property=\"og:image\" content=\"https:\/\/aceweb.cat\/wp-content\/uploads\/2023\/02\/ACE-Quaderns-Estructures-053.jpg\" \/>\n\t<meta property=\"og:image:width\" content=\"724\" \/>\n\t<meta property=\"og:image:height\" content=\"1024\" \/>\n\t<meta property=\"og:image:type\" content=\"image\/jpeg\" \/>\n<meta name=\"twitter:card\" content=\"summary_large_image\" \/>\n<meta name=\"twitter:label1\" content=\"Tiempo de lectura\" \/>\n\t<meta name=\"twitter:data1\" content=\"3 minutos\" \/>\n<script type=\"application\/ld+json\" class=\"yoast-schema-graph\">{\"@context\":\"https:\/\/schema.org\",\"@graph\":[{\"@type\":\"WebPage\",\"@id\":\"https:\/\/aceweb.cat\/es\/producto\/quaderns-destructures-53\/\",\"url\":\"https:\/\/aceweb.cat\/es\/producto\/quaderns-destructures-53\/\",\"name\":\"Quaderns d'Estructures 53 | ACE\",\"isPartOf\":{\"@id\":\"https:\/\/aceweb.cat\/#website\"},\"primaryImageOfPage\":{\"@id\":\"https:\/\/aceweb.cat\/es\/producto\/quaderns-destructures-53\/#primaryimage\"},\"image\":{\"@id\":\"https:\/\/aceweb.cat\/es\/producto\/quaderns-destructures-53\/#primaryimage\"},\"thumbnailUrl\":\"https:\/\/aceweb.cat\/wp-content\/uploads\/2023\/02\/ACE-Quaderns-Estructures-053.jpg\",\"datePublished\":\"2023-01-06T10:00:24+00:00\",\"dateModified\":\"2023-03-22T16:00:10+00:00\",\"description\":\"Revista n\u00ba 53 con art\u00edculos de actualidad que tratan sobre la construcci\u00f3n de estructuras y que publica la Asociaci\u00f3n de Consultores de Estructuras (ACE).\",\"breadcrumb\":{\"@id\":\"https:\/\/aceweb.cat\/es\/producto\/quaderns-destructures-53\/#breadcrumb\"},\"inLanguage\":\"es\",\"potentialAction\":[{\"@type\":\"ReadAction\",\"target\":[\"https:\/\/aceweb.cat\/es\/producto\/quaderns-destructures-53\/\"]}]},{\"@type\":\"ImageObject\",\"inLanguage\":\"es\",\"@id\":\"https:\/\/aceweb.cat\/es\/producto\/quaderns-destructures-53\/#primaryimage\",\"url\":\"https:\/\/aceweb.cat\/wp-content\/uploads\/2023\/02\/ACE-Quaderns-Estructures-053.jpg\",\"contentUrl\":\"https:\/\/aceweb.cat\/wp-content\/uploads\/2023\/02\/ACE-Quaderns-Estructures-053.jpg\",\"width\":724,\"height\":1024},{\"@type\":\"BreadcrumbList\",\"@id\":\"https:\/\/aceweb.cat\/es\/producto\/quaderns-destructures-53\/#breadcrumb\",\"itemListElement\":[{\"@type\":\"ListItem\",\"position\":1,\"name\":\"Inici\",\"item\":\"https:\/\/aceweb.cat\/\"},{\"@type\":\"ListItem\",\"position\":2,\"name\":\"Tienda\",\"item\":\"https:\/\/aceweb.cat\/es\/tienda\/\"},{\"@type\":\"ListItem\",\"position\":3,\"name\":\"Quadern d\u2019Estructures\",\"item\":\"https:\/\/aceweb.cat\/es\/categoria-producto\/cuaderno-de-estructuras\/\"},{\"@type\":\"ListItem\",\"position\":4,\"name\":\"Quaderns d&#8217;Estructures 53\"}]},{\"@type\":\"WebSite\",\"@id\":\"https:\/\/aceweb.cat\/#website\",\"url\":\"https:\/\/aceweb.cat\/\",\"name\":\"ACE\",\"description\":\"Associaci\u00f3 de Consultors d&#039;Estructures | ACE\",\"publisher\":{\"@id\":\"https:\/\/aceweb.cat\/#organization\"},\"alternateName\":\"ACE\",\"potentialAction\":[{\"@type\":\"SearchAction\",\"target\":{\"@type\":\"EntryPoint\",\"urlTemplate\":\"https:\/\/aceweb.cat\/?s={search_term_string}\"},\"query-input\":{\"@type\":\"PropertyValueSpecification\",\"valueRequired\":true,\"valueName\":\"search_term_string\"}}],\"inLanguage\":\"es\"},{\"@type\":\"Organization\",\"@id\":\"https:\/\/aceweb.cat\/#organization\",\"name\":\"ACE\",\"alternateName\":\"ACE\",\"url\":\"https:\/\/aceweb.cat\/\",\"logo\":{\"@type\":\"ImageObject\",\"inLanguage\":\"es\",\"@id\":\"https:\/\/aceweb.cat\/#\/schema\/logo\/image\/\",\"url\":\"https:\/\/aceweb.cat\/wp-content\/uploads\/2022\/10\/logo.svg\",\"contentUrl\":\"https:\/\/aceweb.cat\/wp-content\/uploads\/2022\/10\/logo.svg\",\"width\":1,\"height\":1,\"caption\":\"ACE\"},\"image\":{\"@id\":\"https:\/\/aceweb.cat\/#\/schema\/logo\/image\/\"}}]}<\/script>\n<!-- \/ Yoast SEO plugin. -->","yoast_head_json":{"title":"Quaderns d'Estructures 53 | ACE","description":"Revista n\u00ba 53 con art\u00edculos de actualidad que tratan sobre la construcci\u00f3n de estructuras y que publica la Asociaci\u00f3n de Consultores de Estructuras (ACE).","robots":{"index":"index","follow":"follow","max-snippet":"max-snippet:-1","max-image-preview":"max-image-preview:large","max-video-preview":"max-video-preview:-1"},"canonical":"https:\/\/aceweb.cat\/es\/producto\/quaderns-destructures-53\/","og_locale":"es_ES","og_type":"article","og_title":"Quaderns d'Estructures 53 | ACE","og_description":"Revista n\u00ba 53 con art\u00edculos de actualidad que tratan sobre la construcci\u00f3n de estructuras y que publica la Asociaci\u00f3n de Consultores de Estructuras (ACE).","og_url":"https:\/\/aceweb.cat\/es\/producto\/quaderns-destructures-53\/","og_site_name":"aceweb.cat","article_modified_time":"2023-03-22T16:00:10+00:00","og_image":[{"width":724,"height":1024,"url":"https:\/\/aceweb.cat\/wp-content\/uploads\/2023\/02\/ACE-Quaderns-Estructures-053.jpg","type":"image\/jpeg"}],"twitter_card":"summary_large_image","twitter_misc":{"Tiempo de lectura":"3 minutos"},"schema":{"@context":"https:\/\/schema.org","@graph":[{"@type":"WebPage","@id":"https:\/\/aceweb.cat\/es\/producto\/quaderns-destructures-53\/","url":"https:\/\/aceweb.cat\/es\/producto\/quaderns-destructures-53\/","name":"Quaderns d'Estructures 53 | ACE","isPartOf":{"@id":"https:\/\/aceweb.cat\/#website"},"primaryImageOfPage":{"@id":"https:\/\/aceweb.cat\/es\/producto\/quaderns-destructures-53\/#primaryimage"},"image":{"@id":"https:\/\/aceweb.cat\/es\/producto\/quaderns-destructures-53\/#primaryimage"},"thumbnailUrl":"https:\/\/aceweb.cat\/wp-content\/uploads\/2023\/02\/ACE-Quaderns-Estructures-053.jpg","datePublished":"2023-01-06T10:00:24+00:00","dateModified":"2023-03-22T16:00:10+00:00","description":"Revista n\u00ba 53 con art\u00edculos de actualidad que tratan sobre la construcci\u00f3n de estructuras y que publica la Asociaci\u00f3n de Consultores de Estructuras (ACE).","breadcrumb":{"@id":"https:\/\/aceweb.cat\/es\/producto\/quaderns-destructures-53\/#breadcrumb"},"inLanguage":"es","potentialAction":[{"@type":"ReadAction","target":["https:\/\/aceweb.cat\/es\/producto\/quaderns-destructures-53\/"]}]},{"@type":"ImageObject","inLanguage":"es","@id":"https:\/\/aceweb.cat\/es\/producto\/quaderns-destructures-53\/#primaryimage","url":"https:\/\/aceweb.cat\/wp-content\/uploads\/2023\/02\/ACE-Quaderns-Estructures-053.jpg","contentUrl":"https:\/\/aceweb.cat\/wp-content\/uploads\/2023\/02\/ACE-Quaderns-Estructures-053.jpg","width":724,"height":1024},{"@type":"BreadcrumbList","@id":"https:\/\/aceweb.cat\/es\/producto\/quaderns-destructures-53\/#breadcrumb","itemListElement":[{"@type":"ListItem","position":1,"name":"Inici","item":"https:\/\/aceweb.cat\/"},{"@type":"ListItem","position":2,"name":"Tienda","item":"https:\/\/aceweb.cat\/es\/tienda\/"},{"@type":"ListItem","position":3,"name":"Quadern d\u2019Estructures","item":"https:\/\/aceweb.cat\/es\/categoria-producto\/cuaderno-de-estructuras\/"},{"@type":"ListItem","position":4,"name":"Quaderns d&#8217;Estructures 53"}]},{"@type":"WebSite","@id":"https:\/\/aceweb.cat\/#website","url":"https:\/\/aceweb.cat\/","name":"ACE","description":"Associaci\u00f3 de Consultors d&#039;Estructures | ACE","publisher":{"@id":"https:\/\/aceweb.cat\/#organization"},"alternateName":"ACE","potentialAction":[{"@type":"SearchAction","target":{"@type":"EntryPoint","urlTemplate":"https:\/\/aceweb.cat\/?s={search_term_string}"},"query-input":{"@type":"PropertyValueSpecification","valueRequired":true,"valueName":"search_term_string"}}],"inLanguage":"es"},{"@type":"Organization","@id":"https:\/\/aceweb.cat\/#organization","name":"ACE","alternateName":"ACE","url":"https:\/\/aceweb.cat\/","logo":{"@type":"ImageObject","inLanguage":"es","@id":"https:\/\/aceweb.cat\/#\/schema\/logo\/image\/","url":"https:\/\/aceweb.cat\/wp-content\/uploads\/2022\/10\/logo.svg","contentUrl":"https:\/\/aceweb.cat\/wp-content\/uploads\/2022\/10\/logo.svg","width":1,"height":1,"caption":"ACE"},"image":{"@id":"https:\/\/aceweb.cat\/#\/schema\/logo\/image\/"}}]}},"_links":{"self":[{"href":"https:\/\/aceweb.cat\/es\/wp-json\/wp\/v2\/product\/39864","targetHints":{"allow":["GET"]}}],"collection":[{"href":"https:\/\/aceweb.cat\/es\/wp-json\/wp\/v2\/product"}],"about":[{"href":"https:\/\/aceweb.cat\/es\/wp-json\/wp\/v2\/types\/product"}],"version-history":[{"count":1,"href":"https:\/\/aceweb.cat\/es\/wp-json\/wp\/v2\/product\/39864\/revisions"}],"predecessor-version":[{"id":41033,"href":"https:\/\/aceweb.cat\/es\/wp-json\/wp\/v2\/product\/39864\/revisions\/41033"}],"wp:featuredmedia":[{"embeddable":true,"href":"https:\/\/aceweb.cat\/es\/wp-json\/wp\/v2\/media\/37742"}],"wp:attachment":[{"href":"https:\/\/aceweb.cat\/es\/wp-json\/wp\/v2\/media?parent=39864"}],"wp:term":[{"taxonomy":"product_brand","embeddable":true,"href":"https:\/\/aceweb.cat\/es\/wp-json\/wp\/v2\/product_brand?post=39864"},{"taxonomy":"product_cat","embeddable":true,"href":"https:\/\/aceweb.cat\/es\/wp-json\/wp\/v2\/product_cat?post=39864"},{"taxonomy":"product_tag","embeddable":true,"href":"https:\/\/aceweb.cat\/es\/wp-json\/wp\/v2\/product_tag?post=39864"}],"curies":[{"name":"wp","href":"https:\/\/api.w.org\/{rel}","templated":true}]}}