{"id":39867,"date":"2023-01-07T10:00:24","date_gmt":"2023-01-07T10:00:24","guid":{"rendered":"https:\/\/www.aceweb.advertis.es\/producto\/quaderns-destructures-54\/"},"modified":"2023-03-22T16:00:24","modified_gmt":"2023-03-22T16:00:24","slug":"quaderns-destructures-54","status":"publish","type":"product","link":"https:\/\/aceweb.cat\/es\/producto\/quaderns-destructures-54\/","title":{"rendered":"Quaderns d&#8217;Estructures 54"},"content":{"rendered":"<p>Este n\u00famero incluye:<\/p>\n<h2><strong>1. Editorial<\/strong><\/h2>\n<p>Art\u00edculo redactado por\u00a0<b>MIQUEL RODR\u00cdGUEZ. <\/b>Descarga la revista para conocer y hacer balance del a\u00f1o:<\/p>\n<p><i>\u201cSe acerca el fin de a\u00f1o y vuelve a ser tiempo de\u00a0<strong>hacer balance de c\u00f3mo ha ido todo<\/strong>. Desde que empez\u00f3 la crisis hacia el 2008, cuando llega ese momento siempre miramos con los ojos entreabiertos el balance a ver si aparece una sorpresa y nos ha ido mejor de lo que ya sabemos.<\/i><\/p>\n<p><i>En los \u00faltimos a\u00f1os hab\u00eda siempre esperanza de que apareces la sorpresa, pero al abrir bien los ojos volv\u00edamos al acto a la realidad (negra realidad).<\/i><i>\u201d<\/i>< \/p><\/p>\n<h2><strong>2. El buen comportamiento de la madera frente al fuego<\/strong><\/h2>\n<p>Art\u00edculo redactado por\u00a0<strong>JORGE BLASCO MIGUEL<\/strong><b>. <\/b>Descarga la revista para conocer los nuevos proyectos del \u00e1rea t\u00e9cnica en el sector de la construcci\u00f3n:<\/p>\n<p>\u201cLa creaci\u00f3n del fuego mediante el rozamiento de dos palos y su uso como combustible para la cocina y calefacci\u00f3n\u00a0<strong>han influido decisivamente en la desconfianza de la madera como elemento estructural<\/strong>.<\/ p><\/p>\n<p>Los sucesos hist\u00f3ricos de grandes incendios en ciudades con edificios de madera aument\u00f3 esta desconfianza [Roma, a\u00f1o 64; Londres, 1666 -dio a la primera normativa contra la madera por incorporar barreras entre edificios medianeros-, Trondhein (Noruega), 1717].\u201d<\/p>\n<h2><strong>3. Restauraci\u00f3n de la c\u00fapula del pabell\u00f3n de San Rafael del Hospital de la Santa Cruz y San Pablo de Barcelona<\/strong><\/h2>\n<p>Art\u00edculo redactado por\u00a0<strong>MANEL FERN\u00c1NDEZ<\/strong>\u00a0y\u00a0<strong>JORDI BERNUZ<\/strong><b>. <\/b>Descarga la revista para conocer los nuevos proyectos del \u00e1rea t\u00e9cnica en el sector de la construcci\u00f3n:<\/p>\n<p>\u201cEn el proceso de restauraci\u00f3n que se est\u00e1 llevando a cabo en los \u00faltimos a\u00f1os en el recinto modernista del <a href=\"https:\/\/es.wikipedia.org\/wiki\/Hospital_de_la_Santa_Creu_i_Sant_Pau\" target=\"_blank\" rel=\"noopener noreferrer\">Hospital de la Santa Cruz y San Pablo de Barcelona<\/a>, se quiere destacar la restauraci\u00f3n de la c\u00fapula del pabell\u00f3n de San Rafael, b\u00e1sicamente por el <strong>procedimiento de ejecuci\u00f3n empleado utilizando una combinaci\u00f3n de materiales tradicionales y otros de nueva generaci\u00f3n<\/strong>.<\/p>\n<p>El recinto modernista del Hospital de la Santa Cruz y San Pablo empez\u00f3 su construcci\u00f3n a inicios del siglo xx, fruto del dise\u00f1o del arquitecto Llu\u00eds Dom\u00e8nech i Muntaner, pero no fue inaugurado hasta inicios de los a\u00f1os 30.\u201d<\/p>\n<h2><strong>4. Consolidaci\u00f3n de terreno mediante inyecciones de resina expansiva en obras de patrimonio<\/strong><\/h2>\n<p>Art\u00edculo redactado por la <strong>OFICINA T\u00c9CNICA DE GEOSEC<\/strong><b>. <\/b>Descarga la revista para conocer los nuevos proyectos del \u00e1rea t\u00e9cnica en el sector de la construcci\u00f3n:<\/p>\n<p>\u201cLa utilizaci\u00f3n de inyecciones de resina expansiva de poliuretano mediante la\u00a0<strong>t\u00e9cnica SEE &amp; SHOOT\u00ae<\/strong>\u00a0es un m\u00e9todo eficaz, din\u00e1mico, r\u00e1pido y de baja invasividad para el recalce de cimentaci\u00f3n en edificios de patrimonio hist\u00f3rico.\u201d<\/p>\n<h2><strong>5. Hablamos de se\u00edsmos<\/strong><\/h2>\n<p>Art\u00edculo redactado por\u00a0<strong>JOSEP BAQUER<\/strong><b>. <\/b>Descarga la revista para conocer los nuevos proyectos del \u00e1rea t\u00e9cnica en el sector de la construcci\u00f3n:<\/p>\n<p>\u201c<strong>Todos sabemos que la Tierra es un planeta din\u00e1mico<\/strong>, pero esto acostumbramos a recordarlo s\u00f3lo cuando nos enteramos de que la Tierra, en un sitio u otro, ha temblado o cuando un volc\u00e1n dormido se despierta o cuando un tsunami arrastra y destruye todo lo que encuentra tierra adentro.<\/P><\/p>\n<p>No hace mucho, a todos nos sorprendi\u00f3 el terremoto de Lorca. Hubo v\u00edctimas mortales, muchas personas heridas y muchos da\u00f1os materiales.\u201d<\/P><\/p>\n<h2><strong>6. Miscel\u00e1nea<\/strong><\/h2>\n<p>C\u00e1lculos detallados. <strong>Estructuras de paso y contenci\u00f3n<\/strong>.<\/p>\n<h2><strong>7. Lista de miembros de la Asociaci\u00f3n<\/strong><\/h2>\n<p>Conoce a los miembros de la Asociaci\u00f3n Consultores de Estructuras. Podr\u00e1s ver a los nuevos integrantes que participan por el reconocimiento de la profesi\u00f3n dentro del mundo de la construcci\u00f3n.<\/p>\n","protected":false},"excerpt":{"rendered":"<ul>\n<li>1. Editorial<\/li>\n<li>2. El buen comportamiento de la madera frente al fuego<\/li>\n<li>3. Restauraci\u00f3n de la c\u00fapula del pabell\u00f3n de San Rafael del Hospital de la Santa Cruz y San Pablo de Barcelona<\/li>\n<li>4. Consolidaci\u00f3n de terreno mediante inyecciones de resina expansiva en obras de patrimonio<\/li>\n<li>5. Hablemos de se\u00edsmos<\/li>\n<li>6. Miscel\u00e1nea<\/li>\n<li>7. Listado de miembros de la Asociaci\u00f3n<\/li>\n<\/ul>\n","protected":false},"featured_media":37626,"template":"","meta":{"_acf_changed":false,"site-sidebar-layout":"default","site-content-layout":"default","ast-global-header-display":"","ast-main-header-display":"","ast-hfb-above-header-display":"","ast-hfb-below-header-display":"","ast-hfb-mobile-header-display":"","site-post-title":"","ast-breadcrumbs-content":"","ast-featured-img":"","footer-sml-layout":"","theme-transparent-header-meta":"default","adv-header-id-meta":"","stick-header-meta":"","header-above-stick-meta":"","header-main-stick-meta":"","header-below-stick-meta":""},"product_brand":[],"product_cat":[595],"product_tag":[],"class_list":{"0":"post-39867","1":"product","2":"type-product","3":"status-publish","4":"has-post-thumbnail","6":"product_cat-cuaderno-de-estructuras","7":"desktop-align-left","8":"tablet-align-left","9":"mobile-align-left","11":"first","12":"instock","13":"taxable","14":"shipping-taxable","15":"purchasable","16":"product-type-variable","17":"has-default-attributes"},"acf":[],"yoast_head":"<!-- This site is optimized with the Yoast SEO plugin v27.1.1 - https:\/\/yoast.com\/product\/yoast-seo-wordpress\/ -->\n<title>Quaderns d&#039;Estructures 54 | ACE<\/title>\n<meta name=\"description\" content=\"Revista n\u00ba 54 con art\u00edculos de actualidad que tratan sobre la construcci\u00f3n de estructuras y que publica la Asociaci\u00f3n de Consultores de Estructuras (ACE).\" \/>\n<meta name=\"robots\" content=\"index, follow, max-snippet:-1, max-image-preview:large, max-video-preview:-1\" \/>\n<link rel=\"canonical\" href=\"https:\/\/aceweb.cat\/es\/producto\/quaderns-destructures-54\/\" \/>\n<meta property=\"og:locale\" content=\"es_ES\" \/>\n<meta property=\"og:type\" content=\"article\" \/>\n<meta property=\"og:title\" content=\"Quaderns d&#039;Estructures 54 | ACE\" \/>\n<meta property=\"og:description\" content=\"Revista n\u00ba 54 con art\u00edculos de actualidad que tratan sobre la construcci\u00f3n de estructuras y que publica la Asociaci\u00f3n de Consultores de Estructuras (ACE).\" \/>\n<meta property=\"og:url\" content=\"https:\/\/aceweb.cat\/es\/producto\/quaderns-destructures-54\/\" \/>\n<meta property=\"og:site_name\" content=\"aceweb.cat\" \/>\n<meta property=\"article:modified_time\" content=\"2023-03-22T16:00:24+00:00\" \/>\n<meta property=\"og:image\" content=\"https:\/\/aceweb.cat\/wp-content\/uploads\/2023\/02\/ACE-Quaderns-Estructures-054.jpg\" \/>\n\t<meta property=\"og:image:width\" content=\"724\" \/>\n\t<meta property=\"og:image:height\" content=\"1024\" \/>\n\t<meta property=\"og:image:type\" content=\"image\/jpeg\" \/>\n<meta name=\"twitter:card\" content=\"summary_large_image\" \/>\n<meta name=\"twitter:label1\" content=\"Tiempo de lectura\" \/>\n\t<meta name=\"twitter:data1\" content=\"3 minutos\" \/>\n<script type=\"application\/ld+json\" class=\"yoast-schema-graph\">{\"@context\":\"https:\/\/schema.org\",\"@graph\":[{\"@type\":\"WebPage\",\"@id\":\"https:\/\/aceweb.cat\/es\/producto\/quaderns-destructures-54\/\",\"url\":\"https:\/\/aceweb.cat\/es\/producto\/quaderns-destructures-54\/\",\"name\":\"Quaderns d'Estructures 54 | ACE\",\"isPartOf\":{\"@id\":\"https:\/\/aceweb.cat\/#website\"},\"primaryImageOfPage\":{\"@id\":\"https:\/\/aceweb.cat\/es\/producto\/quaderns-destructures-54\/#primaryimage\"},\"image\":{\"@id\":\"https:\/\/aceweb.cat\/es\/producto\/quaderns-destructures-54\/#primaryimage\"},\"thumbnailUrl\":\"https:\/\/aceweb.cat\/wp-content\/uploads\/2023\/02\/ACE-Quaderns-Estructures-054.jpg\",\"datePublished\":\"2023-01-07T10:00:24+00:00\",\"dateModified\":\"2023-03-22T16:00:24+00:00\",\"description\":\"Revista n\u00ba 54 con art\u00edculos de actualidad que tratan sobre la construcci\u00f3n de estructuras y que publica la Asociaci\u00f3n de Consultores de Estructuras (ACE).\",\"breadcrumb\":{\"@id\":\"https:\/\/aceweb.cat\/es\/producto\/quaderns-destructures-54\/#breadcrumb\"},\"inLanguage\":\"es\",\"potentialAction\":[{\"@type\":\"ReadAction\",\"target\":[\"https:\/\/aceweb.cat\/es\/producto\/quaderns-destructures-54\/\"]}]},{\"@type\":\"ImageObject\",\"inLanguage\":\"es\",\"@id\":\"https:\/\/aceweb.cat\/es\/producto\/quaderns-destructures-54\/#primaryimage\",\"url\":\"https:\/\/aceweb.cat\/wp-content\/uploads\/2023\/02\/ACE-Quaderns-Estructures-054.jpg\",\"contentUrl\":\"https:\/\/aceweb.cat\/wp-content\/uploads\/2023\/02\/ACE-Quaderns-Estructures-054.jpg\",\"width\":724,\"height\":1024},{\"@type\":\"BreadcrumbList\",\"@id\":\"https:\/\/aceweb.cat\/es\/producto\/quaderns-destructures-54\/#breadcrumb\",\"itemListElement\":[{\"@type\":\"ListItem\",\"position\":1,\"name\":\"Inici\",\"item\":\"https:\/\/aceweb.cat\/\"},{\"@type\":\"ListItem\",\"position\":2,\"name\":\"Tienda\",\"item\":\"https:\/\/aceweb.cat\/es\/tienda\/\"},{\"@type\":\"ListItem\",\"position\":3,\"name\":\"Quadern d\u2019Estructures\",\"item\":\"https:\/\/aceweb.cat\/es\/categoria-producto\/cuaderno-de-estructuras\/\"},{\"@type\":\"ListItem\",\"position\":4,\"name\":\"Quaderns d&#8217;Estructures 54\"}]},{\"@type\":\"WebSite\",\"@id\":\"https:\/\/aceweb.cat\/#website\",\"url\":\"https:\/\/aceweb.cat\/\",\"name\":\"ACE\",\"description\":\"Associaci\u00f3 de Consultors d&#039;Estructures | ACE\",\"publisher\":{\"@id\":\"https:\/\/aceweb.cat\/#organization\"},\"alternateName\":\"ACE\",\"potentialAction\":[{\"@type\":\"SearchAction\",\"target\":{\"@type\":\"EntryPoint\",\"urlTemplate\":\"https:\/\/aceweb.cat\/?s={search_term_string}\"},\"query-input\":{\"@type\":\"PropertyValueSpecification\",\"valueRequired\":true,\"valueName\":\"search_term_string\"}}],\"inLanguage\":\"es\"},{\"@type\":\"Organization\",\"@id\":\"https:\/\/aceweb.cat\/#organization\",\"name\":\"ACE\",\"alternateName\":\"ACE\",\"url\":\"https:\/\/aceweb.cat\/\",\"logo\":{\"@type\":\"ImageObject\",\"inLanguage\":\"es\",\"@id\":\"https:\/\/aceweb.cat\/#\/schema\/logo\/image\/\",\"url\":\"https:\/\/aceweb.cat\/wp-content\/uploads\/2022\/10\/logo.svg\",\"contentUrl\":\"https:\/\/aceweb.cat\/wp-content\/uploads\/2022\/10\/logo.svg\",\"width\":1,\"height\":1,\"caption\":\"ACE\"},\"image\":{\"@id\":\"https:\/\/aceweb.cat\/#\/schema\/logo\/image\/\"}}]}<\/script>\n<!-- \/ Yoast SEO plugin. -->","yoast_head_json":{"title":"Quaderns d'Estructures 54 | ACE","description":"Revista n\u00ba 54 con art\u00edculos de actualidad que tratan sobre la construcci\u00f3n de estructuras y que publica la Asociaci\u00f3n de Consultores de Estructuras (ACE).","robots":{"index":"index","follow":"follow","max-snippet":"max-snippet:-1","max-image-preview":"max-image-preview:large","max-video-preview":"max-video-preview:-1"},"canonical":"https:\/\/aceweb.cat\/es\/producto\/quaderns-destructures-54\/","og_locale":"es_ES","og_type":"article","og_title":"Quaderns d'Estructures 54 | ACE","og_description":"Revista n\u00ba 54 con art\u00edculos de actualidad que tratan sobre la construcci\u00f3n de estructuras y que publica la Asociaci\u00f3n de Consultores de Estructuras (ACE).","og_url":"https:\/\/aceweb.cat\/es\/producto\/quaderns-destructures-54\/","og_site_name":"aceweb.cat","article_modified_time":"2023-03-22T16:00:24+00:00","og_image":[{"width":724,"height":1024,"url":"https:\/\/aceweb.cat\/wp-content\/uploads\/2023\/02\/ACE-Quaderns-Estructures-054.jpg","type":"image\/jpeg"}],"twitter_card":"summary_large_image","twitter_misc":{"Tiempo de lectura":"3 minutos"},"schema":{"@context":"https:\/\/schema.org","@graph":[{"@type":"WebPage","@id":"https:\/\/aceweb.cat\/es\/producto\/quaderns-destructures-54\/","url":"https:\/\/aceweb.cat\/es\/producto\/quaderns-destructures-54\/","name":"Quaderns d'Estructures 54 | ACE","isPartOf":{"@id":"https:\/\/aceweb.cat\/#website"},"primaryImageOfPage":{"@id":"https:\/\/aceweb.cat\/es\/producto\/quaderns-destructures-54\/#primaryimage"},"image":{"@id":"https:\/\/aceweb.cat\/es\/producto\/quaderns-destructures-54\/#primaryimage"},"thumbnailUrl":"https:\/\/aceweb.cat\/wp-content\/uploads\/2023\/02\/ACE-Quaderns-Estructures-054.jpg","datePublished":"2023-01-07T10:00:24+00:00","dateModified":"2023-03-22T16:00:24+00:00","description":"Revista n\u00ba 54 con art\u00edculos de actualidad que tratan sobre la construcci\u00f3n de estructuras y que publica la Asociaci\u00f3n de Consultores de Estructuras (ACE).","breadcrumb":{"@id":"https:\/\/aceweb.cat\/es\/producto\/quaderns-destructures-54\/#breadcrumb"},"inLanguage":"es","potentialAction":[{"@type":"ReadAction","target":["https:\/\/aceweb.cat\/es\/producto\/quaderns-destructures-54\/"]}]},{"@type":"ImageObject","inLanguage":"es","@id":"https:\/\/aceweb.cat\/es\/producto\/quaderns-destructures-54\/#primaryimage","url":"https:\/\/aceweb.cat\/wp-content\/uploads\/2023\/02\/ACE-Quaderns-Estructures-054.jpg","contentUrl":"https:\/\/aceweb.cat\/wp-content\/uploads\/2023\/02\/ACE-Quaderns-Estructures-054.jpg","width":724,"height":1024},{"@type":"BreadcrumbList","@id":"https:\/\/aceweb.cat\/es\/producto\/quaderns-destructures-54\/#breadcrumb","itemListElement":[{"@type":"ListItem","position":1,"name":"Inici","item":"https:\/\/aceweb.cat\/"},{"@type":"ListItem","position":2,"name":"Tienda","item":"https:\/\/aceweb.cat\/es\/tienda\/"},{"@type":"ListItem","position":3,"name":"Quadern d\u2019Estructures","item":"https:\/\/aceweb.cat\/es\/categoria-producto\/cuaderno-de-estructuras\/"},{"@type":"ListItem","position":4,"name":"Quaderns d&#8217;Estructures 54"}]},{"@type":"WebSite","@id":"https:\/\/aceweb.cat\/#website","url":"https:\/\/aceweb.cat\/","name":"ACE","description":"Associaci\u00f3 de Consultors d&#039;Estructures | ACE","publisher":{"@id":"https:\/\/aceweb.cat\/#organization"},"alternateName":"ACE","potentialAction":[{"@type":"SearchAction","target":{"@type":"EntryPoint","urlTemplate":"https:\/\/aceweb.cat\/?s={search_term_string}"},"query-input":{"@type":"PropertyValueSpecification","valueRequired":true,"valueName":"search_term_string"}}],"inLanguage":"es"},{"@type":"Organization","@id":"https:\/\/aceweb.cat\/#organization","name":"ACE","alternateName":"ACE","url":"https:\/\/aceweb.cat\/","logo":{"@type":"ImageObject","inLanguage":"es","@id":"https:\/\/aceweb.cat\/#\/schema\/logo\/image\/","url":"https:\/\/aceweb.cat\/wp-content\/uploads\/2022\/10\/logo.svg","contentUrl":"https:\/\/aceweb.cat\/wp-content\/uploads\/2022\/10\/logo.svg","width":1,"height":1,"caption":"ACE"},"image":{"@id":"https:\/\/aceweb.cat\/#\/schema\/logo\/image\/"}}]}},"_links":{"self":[{"href":"https:\/\/aceweb.cat\/es\/wp-json\/wp\/v2\/product\/39867","targetHints":{"allow":["GET"]}}],"collection":[{"href":"https:\/\/aceweb.cat\/es\/wp-json\/wp\/v2\/product"}],"about":[{"href":"https:\/\/aceweb.cat\/es\/wp-json\/wp\/v2\/types\/product"}],"version-history":[{"count":1,"href":"https:\/\/aceweb.cat\/es\/wp-json\/wp\/v2\/product\/39867\/revisions"}],"predecessor-version":[{"id":41034,"href":"https:\/\/aceweb.cat\/es\/wp-json\/wp\/v2\/product\/39867\/revisions\/41034"}],"wp:featuredmedia":[{"embeddable":true,"href":"https:\/\/aceweb.cat\/es\/wp-json\/wp\/v2\/media\/37626"}],"wp:attachment":[{"href":"https:\/\/aceweb.cat\/es\/wp-json\/wp\/v2\/media?parent=39867"}],"wp:term":[{"taxonomy":"product_brand","embeddable":true,"href":"https:\/\/aceweb.cat\/es\/wp-json\/wp\/v2\/product_brand?post=39867"},{"taxonomy":"product_cat","embeddable":true,"href":"https:\/\/aceweb.cat\/es\/wp-json\/wp\/v2\/product_cat?post=39867"},{"taxonomy":"product_tag","embeddable":true,"href":"https:\/\/aceweb.cat\/es\/wp-json\/wp\/v2\/product_tag?post=39867"}],"curies":[{"name":"wp","href":"https:\/\/api.w.org\/{rel}","templated":true}]}}