{"id":39870,"date":"2023-01-08T10:00:26","date_gmt":"2023-01-08T10:00:26","guid":{"rendered":"https:\/\/www.aceweb.advertis.es\/producto\/quaderns-destructures-55\/"},"modified":"2023-03-17T11:41:35","modified_gmt":"2023-03-17T11:41:35","slug":"quaderns-destructures-55","status":"publish","type":"product","link":"https:\/\/aceweb.cat\/es\/producto\/quaderns-destructures-55\/","title":{"rendered":"Quaderns d&#8217;Estructures 55"},"content":{"rendered":"<p>Este n\u00famero incluye:<\/p>\n<h2><strong>1. Editorial<\/strong><\/h2>\n<p>Art\u00edculo redactado por\u00a0<b>ORIOL PALOU. <\/b>Descarga la revista para conocer el inter\u00e9s en torno a nuestra entidad:<\/p>\n<p><i>\u201cEl pasado mes de diciembre se organiz\u00f3 una encuesta entre los socios de la ACE, promovida desde la Junta, para tener un retorno de diferentes\u00a0<strong>aspectos en torno a nuestra entidad y profesi\u00f3n<\/strong>.<\/i><\/p>\n<p><i>El n\u00famero total de encuestas enviadas fue de 118, de las que fueron respondidas un 45%. Quienes le han respondido, han tenido la oportunidad de colaborar en el reconocimiento de la percepci\u00f3n interna de los que formamos esta asociaci\u00f3n. Por tanto, queremos manifestar sincero agradecimiento a todos los que dedicaste un tiempo y hacer el esfuerzo de responderla.\u201d<\/i><\/p>\n<h2><strong>2. ITE-ACE<\/strong><\/h2>\n<p>Art\u00edculo redactado por\u00a0<strong>ENRIC HEREDIA CAMPMANY-GAUDET<\/strong><b>. <\/b>Descarga la revista para conocer los nuevos proyectos del \u00e1rea t\u00e9cnica en el sector de la construcci\u00f3n:<\/p>\n<p>\u201cLa\u00a0<a href=\"https:\/\/es.wikipedia.org\/wiki\/Inspecci%C3%B3n_T%C3%A9cnica_de_Edificaciones\" target=\"_blank\" rel=\"noopener noreferrer\">Inspecci\u00f3n T\u00e9cnica de Edificios&lt; \/a&gt;\u00a0con Ampliaci\u00f3n de Conocimientos de Estructura, en adelante ITE-ACE, es una\u00a0<strong>gu\u00eda de pre-diagn\u00f3stico para los t\u00e9cnicos<\/strong>\u00a0que precisen profundizar en el an\u00e1lisis de las estructuras de los edificios existentes durante o despu\u00e9s de las ITE oficiales.<\/a><\/p>\n<p>El progresivo aumento de la concienciaci\u00f3n social de la necesidad de mantener los edificios en un estado de conservaci\u00f3n aceptable, ha llevado a la administraci\u00f3n p\u00fablica a impulsar sucesivas iniciativas de ITEs adapt\u00e1ndose a los nuevos y mayores niveles de exigencia social. \u201d<\/p>\n<h2><strong>3. Sobre las ultras especializados<\/strong><\/h2>\n<p>Art\u00edculo redactado por\u00a0<strong>FRUCTUOSO MA\u00d1\u00c1 REIXACH<\/strong><b>. <\/b>Descarga la revista para conocer los nuevos proyectos del \u00e1rea t\u00e9cnica en el sector de la construcci\u00f3n:<\/p>\n<p>\u201cDesde hace un cierto tiempo, posiblemente a\u00f1os, el alumno, compa\u00f1ero y, finalmente, amigo, David Garc\u00eda, me repite con cierta reiteraci\u00f3n que le sorprende mi capacidad (por cierto, una capacidad que podr\u00edamos tachar de perfil bajo o muy bajo) de hablar de los elementos estructurales desde un punto de vista que va m\u00e1s all\u00e1 de lo estrictamente estructural.<\/p>\n<p>Esta capacidad de David de sorprenderse ante un hecho que deber\u00eda ser com\u00fan, ya que deber\u00edamos tender a entender el comportamiento de las estructuras de edificaci\u00f3n desde todos los puntos de vista posible, me ha sugerido las cuatro ideas que voy a exponerles.\u201d<\/p>\n<h2><strong>4. Dise\u00f1o de estructuras met\u00e1licas basado en el an\u00e1lisis global del pandeo<\/strong><\/h2>\n<p>Art\u00edculo redactado por\u00a0<strong>J\u00d3ZSEF SZALAI<\/strong>,\u00a0<strong>FERENC PAPP<\/strong>\u00a0y\u00a0<strong>ALBERT JIM\u00c9NEZ MORALES<\/strong><b>. <\/b>Descarga la revista para conocer los nuevos proyectos del \u00e1rea t\u00e9cnica en el sector de la construcci\u00f3n:<\/p>\n<p>\u201cCada d\u00eda es m\u00e1s habitual la realizaci\u00f3n de modelos 3D completos con gran detalle para realizar c\u00e1lculos estructurales y verificaciones seg\u00fan diferentes normativas, pero, al modo tradicional de tratar estos modelos, s\u00f3lo se termina utilizando el 3D para el c\u00e1lculo esfuerzos en todas las barras y no se aprovecha todo el potencial de la definici\u00f3n geom\u00e9trica del modelo para el dise\u00f1o de la estabilidad de los elementos estructurales.<\/p>\n<p>Esto suele ser debido a la complicaci\u00f3n para los programas tradicionales de estructuras al realizar c\u00e1lculos de los modos de pandeo global \u201cincluyendo la torsi\u00f3n\u201d en los modelos tridimensionales donde estos c\u00e1lculos pueden reflejar la influencia que tienen algunos detalles constructivos definidos\u00a0en el modelo anal\u00edtico en la estabilidad de elementos, como es el caso de las excentricidades existentes entre uniones de barras, excentricidades en soportes, posici\u00f3n exacta de las cargas y trabas etc.\u201d<\/p>\n<h2><strong>5. Distribuci\u00f3n \u00f3ptima de fuerzas en el plano de anillos de compresi\u00f3n de planta el\u00edptica<\/strong><\/h2>\n<p>Art\u00edculo redactado por\u00a0<strong>RODRIGO MART\u00cdN S\u00c1IZ<\/strong><b>. <\/b>Descarga la revista para conocer los nuevos proyectos del \u00e1rea t\u00e9cnica en el sector de la construcci\u00f3n:<\/p>\n<p>\u201cEsta investigaci\u00f3n trata sobre la b\u00fasqueda de\u00a0<strong>las condiciones \u00f3ptimas de dimensionado de los anillos de compresi\u00f3n de planta el\u00edptica con fuerzas radiales en el plano<\/strong>, es decir, de la definici\u00f3n de un sistema de dise\u00f1o que permita aproximar, o incluso igualar, la eficiencia de los anillos de compresi\u00f3n de planta el\u00edptica a la que poseen los de planta circular.<\/p>\n<p>Este sistema determina el valor relativo, la posici\u00f3n y la orientaci\u00f3n de las fuerzas m\u00e1s adecuadas a la curvatura variable de la elipse.\u201d<\/p>\n<h2><strong>6. Miscel\u00e1nea<\/strong><\/h2>\n<p>Damos la bienvenida a los\u00a0<strong>nuevos socios adheridos<\/strong>\u00a0a nuestra asociaci\u00f3n en el primer cuatrimestre de 2016.<\/p>\n<h2><strong>7. Listado de miembros de la Asociaci\u00f3n<\/strong><\/h2>\n<p>Conoce a los miembros de la Asociaci\u00f3n Consultores de Estructuras. Podr\u00e1s ver los nuevos integrantes que participan por el reconocimiento de la profesi\u00f3n dentro del mundo de la construcci\u00f3n.<\/p>\n","protected":false},"excerpt":{"rendered":"<ul>\n<li>1. Editorial<\/li>\n<li>2. ITE-ACE<\/li>\n<li>3. Sobre las ultras especializados<\/li>\n<li>4. Dise\u00f1o de estructuras met\u00e1licas basado en el an\u00e1lisis global del pandeo<\/li>\n<li>5. Distribuci\u00f3n \u00f3ptima de fuerzas en el plano de anillos de compresi\u00f3n de planta el\u00edptica<\/li>\n<li>6. Miscel\u00e1nea<\/li>\n<li>7. Listado de miembros de la Asociaci\u00f3n<\/li>\n<\/ul>\n","protected":false},"featured_media":37616,"template":"","meta":{"_acf_changed":false,"site-sidebar-layout":"default","site-content-layout":"default","ast-global-header-display":"","ast-main-header-display":"","ast-hfb-above-header-display":"","ast-hfb-below-header-display":"","ast-hfb-mobile-header-display":"","site-post-title":"","ast-breadcrumbs-content":"","ast-featured-img":"","footer-sml-layout":"","theme-transparent-header-meta":"default","adv-header-id-meta":"","stick-header-meta":"","header-above-stick-meta":"","header-main-stick-meta":"","header-below-stick-meta":""},"product_brand":[],"product_cat":[595],"product_tag":[],"class_list":{"0":"post-39870","1":"product","2":"type-product","3":"status-publish","4":"has-post-thumbnail","6":"product_cat-cuaderno-de-estructuras","7":"desktop-align-left","8":"tablet-align-left","9":"mobile-align-left","11":"first","12":"instock","13":"taxable","14":"shipping-taxable","15":"purchasable","16":"product-type-variable","17":"has-default-attributes"},"acf":[],"yoast_head":"<!-- This site is optimized with the Yoast SEO plugin v27.1.1 - https:\/\/yoast.com\/product\/yoast-seo-wordpress\/ -->\n<title>Quaderns d&#039;Estructures 55 | ACE<\/title>\n<meta name=\"description\" content=\"Revista n\u00ba 55 con art\u00edculos de actualidad que tratan sobre la construcci\u00f3n de estructuras y que publica la Asociaci\u00f3n de Consultores de Estructuras (ACE).\" \/>\n<meta name=\"robots\" content=\"index, follow, max-snippet:-1, max-image-preview:large, max-video-preview:-1\" \/>\n<link rel=\"canonical\" href=\"https:\/\/aceweb.cat\/es\/producto\/quaderns-destructures-55\/\" \/>\n<meta property=\"og:locale\" content=\"es_ES\" \/>\n<meta property=\"og:type\" content=\"article\" \/>\n<meta property=\"og:title\" content=\"Quaderns d&#039;Estructures 55 | ACE\" \/>\n<meta property=\"og:description\" content=\"Revista n\u00ba 55 con art\u00edculos de actualidad que tratan sobre la construcci\u00f3n de estructuras y que publica la Asociaci\u00f3n de Consultores de Estructuras (ACE).\" \/>\n<meta property=\"og:url\" content=\"https:\/\/aceweb.cat\/es\/producto\/quaderns-destructures-55\/\" \/>\n<meta property=\"og:site_name\" content=\"aceweb.cat\" \/>\n<meta property=\"article:modified_time\" content=\"2023-03-17T11:41:35+00:00\" \/>\n<meta property=\"og:image\" content=\"https:\/\/aceweb.cat\/wp-content\/uploads\/2023\/02\/ACE-Quaderns-Estructures-055.jpg\" \/>\n\t<meta property=\"og:image:width\" content=\"724\" \/>\n\t<meta property=\"og:image:height\" content=\"1024\" \/>\n\t<meta property=\"og:image:type\" content=\"image\/jpeg\" \/>\n<meta name=\"twitter:card\" content=\"summary_large_image\" \/>\n<meta name=\"twitter:label1\" content=\"Tiempo de lectura\" \/>\n\t<meta name=\"twitter:data1\" content=\"4 minutos\" \/>\n<script type=\"application\/ld+json\" class=\"yoast-schema-graph\">{\"@context\":\"https:\/\/schema.org\",\"@graph\":[{\"@type\":\"WebPage\",\"@id\":\"https:\/\/aceweb.cat\/es\/producto\/quaderns-destructures-55\/\",\"url\":\"https:\/\/aceweb.cat\/es\/producto\/quaderns-destructures-55\/\",\"name\":\"Quaderns d'Estructures 55 | ACE\",\"isPartOf\":{\"@id\":\"https:\/\/aceweb.cat\/#website\"},\"primaryImageOfPage\":{\"@id\":\"https:\/\/aceweb.cat\/es\/producto\/quaderns-destructures-55\/#primaryimage\"},\"image\":{\"@id\":\"https:\/\/aceweb.cat\/es\/producto\/quaderns-destructures-55\/#primaryimage\"},\"thumbnailUrl\":\"https:\/\/aceweb.cat\/wp-content\/uploads\/2023\/02\/ACE-Quaderns-Estructures-055.jpg\",\"datePublished\":\"2023-01-08T10:00:26+00:00\",\"dateModified\":\"2023-03-17T11:41:35+00:00\",\"description\":\"Revista n\u00ba 55 con art\u00edculos de actualidad que tratan sobre la construcci\u00f3n de estructuras y que publica la Asociaci\u00f3n de Consultores de Estructuras (ACE).\",\"breadcrumb\":{\"@id\":\"https:\/\/aceweb.cat\/es\/producto\/quaderns-destructures-55\/#breadcrumb\"},\"inLanguage\":\"es\",\"potentialAction\":[{\"@type\":\"ReadAction\",\"target\":[\"https:\/\/aceweb.cat\/es\/producto\/quaderns-destructures-55\/\"]}]},{\"@type\":\"ImageObject\",\"inLanguage\":\"es\",\"@id\":\"https:\/\/aceweb.cat\/es\/producto\/quaderns-destructures-55\/#primaryimage\",\"url\":\"https:\/\/aceweb.cat\/wp-content\/uploads\/2023\/02\/ACE-Quaderns-Estructures-055.jpg\",\"contentUrl\":\"https:\/\/aceweb.cat\/wp-content\/uploads\/2023\/02\/ACE-Quaderns-Estructures-055.jpg\",\"width\":724,\"height\":1024},{\"@type\":\"BreadcrumbList\",\"@id\":\"https:\/\/aceweb.cat\/es\/producto\/quaderns-destructures-55\/#breadcrumb\",\"itemListElement\":[{\"@type\":\"ListItem\",\"position\":1,\"name\":\"Inici\",\"item\":\"https:\/\/aceweb.cat\/\"},{\"@type\":\"ListItem\",\"position\":2,\"name\":\"Tienda\",\"item\":\"https:\/\/aceweb.cat\/es\/tienda\/\"},{\"@type\":\"ListItem\",\"position\":3,\"name\":\"Quadern d\u2019Estructures\",\"item\":\"https:\/\/aceweb.cat\/es\/categoria-producto\/cuaderno-de-estructuras\/\"},{\"@type\":\"ListItem\",\"position\":4,\"name\":\"Quaderns d&#8217;Estructures 55\"}]},{\"@type\":\"WebSite\",\"@id\":\"https:\/\/aceweb.cat\/#website\",\"url\":\"https:\/\/aceweb.cat\/\",\"name\":\"ACE\",\"description\":\"Associaci\u00f3 de Consultors d&#039;Estructures | ACE\",\"publisher\":{\"@id\":\"https:\/\/aceweb.cat\/#organization\"},\"alternateName\":\"ACE\",\"potentialAction\":[{\"@type\":\"SearchAction\",\"target\":{\"@type\":\"EntryPoint\",\"urlTemplate\":\"https:\/\/aceweb.cat\/?s={search_term_string}\"},\"query-input\":{\"@type\":\"PropertyValueSpecification\",\"valueRequired\":true,\"valueName\":\"search_term_string\"}}],\"inLanguage\":\"es\"},{\"@type\":\"Organization\",\"@id\":\"https:\/\/aceweb.cat\/#organization\",\"name\":\"ACE\",\"alternateName\":\"ACE\",\"url\":\"https:\/\/aceweb.cat\/\",\"logo\":{\"@type\":\"ImageObject\",\"inLanguage\":\"es\",\"@id\":\"https:\/\/aceweb.cat\/#\/schema\/logo\/image\/\",\"url\":\"https:\/\/aceweb.cat\/wp-content\/uploads\/2022\/10\/logo.svg\",\"contentUrl\":\"https:\/\/aceweb.cat\/wp-content\/uploads\/2022\/10\/logo.svg\",\"width\":1,\"height\":1,\"caption\":\"ACE\"},\"image\":{\"@id\":\"https:\/\/aceweb.cat\/#\/schema\/logo\/image\/\"}}]}<\/script>\n<!-- \/ Yoast SEO plugin. -->","yoast_head_json":{"title":"Quaderns d'Estructures 55 | ACE","description":"Revista n\u00ba 55 con art\u00edculos de actualidad que tratan sobre la construcci\u00f3n de estructuras y que publica la Asociaci\u00f3n de Consultores de Estructuras (ACE).","robots":{"index":"index","follow":"follow","max-snippet":"max-snippet:-1","max-image-preview":"max-image-preview:large","max-video-preview":"max-video-preview:-1"},"canonical":"https:\/\/aceweb.cat\/es\/producto\/quaderns-destructures-55\/","og_locale":"es_ES","og_type":"article","og_title":"Quaderns d'Estructures 55 | ACE","og_description":"Revista n\u00ba 55 con art\u00edculos de actualidad que tratan sobre la construcci\u00f3n de estructuras y que publica la Asociaci\u00f3n de Consultores de Estructuras (ACE).","og_url":"https:\/\/aceweb.cat\/es\/producto\/quaderns-destructures-55\/","og_site_name":"aceweb.cat","article_modified_time":"2023-03-17T11:41:35+00:00","og_image":[{"width":724,"height":1024,"url":"https:\/\/aceweb.cat\/wp-content\/uploads\/2023\/02\/ACE-Quaderns-Estructures-055.jpg","type":"image\/jpeg"}],"twitter_card":"summary_large_image","twitter_misc":{"Tiempo de lectura":"4 minutos"},"schema":{"@context":"https:\/\/schema.org","@graph":[{"@type":"WebPage","@id":"https:\/\/aceweb.cat\/es\/producto\/quaderns-destructures-55\/","url":"https:\/\/aceweb.cat\/es\/producto\/quaderns-destructures-55\/","name":"Quaderns d'Estructures 55 | ACE","isPartOf":{"@id":"https:\/\/aceweb.cat\/#website"},"primaryImageOfPage":{"@id":"https:\/\/aceweb.cat\/es\/producto\/quaderns-destructures-55\/#primaryimage"},"image":{"@id":"https:\/\/aceweb.cat\/es\/producto\/quaderns-destructures-55\/#primaryimage"},"thumbnailUrl":"https:\/\/aceweb.cat\/wp-content\/uploads\/2023\/02\/ACE-Quaderns-Estructures-055.jpg","datePublished":"2023-01-08T10:00:26+00:00","dateModified":"2023-03-17T11:41:35+00:00","description":"Revista n\u00ba 55 con art\u00edculos de actualidad que tratan sobre la construcci\u00f3n de estructuras y que publica la Asociaci\u00f3n de Consultores de Estructuras (ACE).","breadcrumb":{"@id":"https:\/\/aceweb.cat\/es\/producto\/quaderns-destructures-55\/#breadcrumb"},"inLanguage":"es","potentialAction":[{"@type":"ReadAction","target":["https:\/\/aceweb.cat\/es\/producto\/quaderns-destructures-55\/"]}]},{"@type":"ImageObject","inLanguage":"es","@id":"https:\/\/aceweb.cat\/es\/producto\/quaderns-destructures-55\/#primaryimage","url":"https:\/\/aceweb.cat\/wp-content\/uploads\/2023\/02\/ACE-Quaderns-Estructures-055.jpg","contentUrl":"https:\/\/aceweb.cat\/wp-content\/uploads\/2023\/02\/ACE-Quaderns-Estructures-055.jpg","width":724,"height":1024},{"@type":"BreadcrumbList","@id":"https:\/\/aceweb.cat\/es\/producto\/quaderns-destructures-55\/#breadcrumb","itemListElement":[{"@type":"ListItem","position":1,"name":"Inici","item":"https:\/\/aceweb.cat\/"},{"@type":"ListItem","position":2,"name":"Tienda","item":"https:\/\/aceweb.cat\/es\/tienda\/"},{"@type":"ListItem","position":3,"name":"Quadern d\u2019Estructures","item":"https:\/\/aceweb.cat\/es\/categoria-producto\/cuaderno-de-estructuras\/"},{"@type":"ListItem","position":4,"name":"Quaderns d&#8217;Estructures 55"}]},{"@type":"WebSite","@id":"https:\/\/aceweb.cat\/#website","url":"https:\/\/aceweb.cat\/","name":"ACE","description":"Associaci\u00f3 de Consultors d&#039;Estructures | ACE","publisher":{"@id":"https:\/\/aceweb.cat\/#organization"},"alternateName":"ACE","potentialAction":[{"@type":"SearchAction","target":{"@type":"EntryPoint","urlTemplate":"https:\/\/aceweb.cat\/?s={search_term_string}"},"query-input":{"@type":"PropertyValueSpecification","valueRequired":true,"valueName":"search_term_string"}}],"inLanguage":"es"},{"@type":"Organization","@id":"https:\/\/aceweb.cat\/#organization","name":"ACE","alternateName":"ACE","url":"https:\/\/aceweb.cat\/","logo":{"@type":"ImageObject","inLanguage":"es","@id":"https:\/\/aceweb.cat\/#\/schema\/logo\/image\/","url":"https:\/\/aceweb.cat\/wp-content\/uploads\/2022\/10\/logo.svg","contentUrl":"https:\/\/aceweb.cat\/wp-content\/uploads\/2022\/10\/logo.svg","width":1,"height":1,"caption":"ACE"},"image":{"@id":"https:\/\/aceweb.cat\/#\/schema\/logo\/image\/"}}]}},"_links":{"self":[{"href":"https:\/\/aceweb.cat\/es\/wp-json\/wp\/v2\/product\/39870","targetHints":{"allow":["GET"]}}],"collection":[{"href":"https:\/\/aceweb.cat\/es\/wp-json\/wp\/v2\/product"}],"about":[{"href":"https:\/\/aceweb.cat\/es\/wp-json\/wp\/v2\/types\/product"}],"version-history":[{"count":3,"href":"https:\/\/aceweb.cat\/es\/wp-json\/wp\/v2\/product\/39870\/revisions"}],"predecessor-version":[{"id":40460,"href":"https:\/\/aceweb.cat\/es\/wp-json\/wp\/v2\/product\/39870\/revisions\/40460"}],"wp:featuredmedia":[{"embeddable":true,"href":"https:\/\/aceweb.cat\/es\/wp-json\/wp\/v2\/media\/37616"}],"wp:attachment":[{"href":"https:\/\/aceweb.cat\/es\/wp-json\/wp\/v2\/media?parent=39870"}],"wp:term":[{"taxonomy":"product_brand","embeddable":true,"href":"https:\/\/aceweb.cat\/es\/wp-json\/wp\/v2\/product_brand?post=39870"},{"taxonomy":"product_cat","embeddable":true,"href":"https:\/\/aceweb.cat\/es\/wp-json\/wp\/v2\/product_cat?post=39870"},{"taxonomy":"product_tag","embeddable":true,"href":"https:\/\/aceweb.cat\/es\/wp-json\/wp\/v2\/product_tag?post=39870"}],"curies":[{"name":"wp","href":"https:\/\/api.w.org\/{rel}","templated":true}]}}