{"id":39873,"date":"2023-01-09T10:00:15","date_gmt":"2023-01-09T10:00:15","guid":{"rendered":"https:\/\/www.aceweb.advertis.es\/producto\/quaderns-destructures-56\/"},"modified":"2023-03-17T13:47:23","modified_gmt":"2023-03-17T13:47:23","slug":"quaderns-destructures-56","status":"publish","type":"product","link":"https:\/\/aceweb.cat\/es\/producto\/quaderns-destructures-56\/","title":{"rendered":"Quaderns d&#8217;Estructures 56"},"content":{"rendered":"<p>Este n\u00famero incluye:<\/p>\n<h2><strong>1. Editorial<\/strong><\/h2>\n<p>Art\u00edculo redactado por\u00a0<b>ANTONI BL\u00c1ZQUEZ. <\/b>Descarga la revista para conocer el inter\u00e9s sobre los efectos de los terremotos:<\/p>\n<p><i>\u201cRecientemente, en el Sur de Europa ha habido algunos terremotos de moderada magnitud que han provocado m\u00e1s da\u00f1os de los previsibles. Por este motivo, me he animado a hacer algunas reflexiones sobre este tema que tanto tiene que ver con nuestra profesi\u00f3n.<\/i><\/p>\n<p><i>Los terremotos que me han hecho pensar en este tema, no son de gran magnitud, que pueden comportar grandes p\u00e9rdidas, sino terremotos de entre 5 y 6 grados aproximadamente en la escala de Richter, como son los de Aquila y Amatrice en Italia y el de Lorca en Espa\u00f1a. Terremotos de esta magnitud se pueden producir en Catalu\u00f1a.\u201d<\/i><\/p>\n<h2><strong>2. Escaleras con vuelta a la catalana<\/strong><\/h2>\n<p>Art\u00edculo redactado por\u00a0<strong>JOSEP BAQUER SISTACH<\/strong><b>. <\/b>Descarga la revista para conocer los nuevos proyectos del \u00e1rea t\u00e9cnica en el sector de la construcci\u00f3n:<\/p>\n<p>\u201cEn m\u00e1s de una ocasi\u00f3n, visitando alg\u00fan edificio rom\u00e1nico, g\u00f3tico o incluso de arquitectura modernista como las magn\u00edficas bodegas del Priorat, hemos escuchado explicaciones referentes a las principales caracter\u00edsticas arquitect\u00f3nicas y estructurales de los elementos que los conforman, normalmente sin entrar demasiado en detalles.<\/p>\n<p>Se comenta que hay que observar que todos los elementos que pueden verse son estructurales y que todos trabajan s\u00f3lo a compresi\u00f3n: los muros, los contrafuertes, los arbotantes, los arcos, las b\u00f3vedas, los nervios de los cruceros, etc.\u201d&lt; \/p&gt;<\/p>\n<h2><strong>3. Implementaci\u00f3n BIM en el desarrollo de proyectos de estructuras de edificaci\u00f3n<\/strong><\/h2>\n<p>Art\u00edculo redactado por\u00a0<strong>MIQUEL RODR\u00cdGUEZ NIEDENF\u00dcHR<\/strong><b>. <\/b>Descarga la revista para conocer los nuevos proyectos del \u00e1rea t\u00e9cnica en el sector de la construcci\u00f3n:<\/p>\n<p>\u201cEl\u00a0<strong>BiM es una nueva metodolog\u00eda dentro del \u00e1mbito de la construcci\u00f3n<\/strong>\u00a0que ha venido para quedarse. De hecho no es futuro, sino que ya est\u00e1 presente.<\/p>\n<p>El BiM en el d\u00eda a d\u00eda del consultor de estructuras trae grandes ventajas a tener en cuenta. Adem\u00e1s, las promotoras privadas y las administraciones p\u00fablicas est\u00e1n empezando a exigirlo como requisito.\u201d<\/p>\n<h2><strong>4. Hormig\u00f3n con fibras de polipropileno<\/strong><\/h2>\n<p>Art\u00edculo redactado por\u00a0<strong>JUAN CARLOS ARROYO PORTERO<\/strong>\u00a0y\u00a0<strong>CARLOS R\u00cdOS FRUTOS<\/strong><b>. <\/b>Descarga la revista para conocer los nuevos proyectos del \u00e1rea t\u00e9cnica en el sector de la construcci\u00f3n:<\/p>\n<p>\u201cEn este art\u00edculo se pretende\u00a0<strong>dignificar\u00a0<a href=\"https:\/\/es.wikipedia.org\/wiki\/Contrapiso\" target=\"_blank\" rel=\"noopener noreferrer\">la solera<\/a> <\/strong>, esa estructura que se construye mucho y se calcula poco, que se arma en una cara, y que la torturamos serr\u00e1ndola con discos de diamante.<\/p>\n<p>Os proponemos calcular las soleras, firmarlas, responsabilizarnos de su proyecto y ejecuci\u00f3n, de su ruptura y de su fisuraci\u00f3n.\u201d<\/p>\n<h2><strong>5. Miscel\u00e1nea<\/strong><\/h2>\n<p>Damos la bienvenida a los\u00a0<strong>nuevos socios adheridos<\/strong>\u00a0a nuestra asociaci\u00f3n durante el segundo cuatrimestre de 2016.<\/p>\n<h2><strong>6. Listado de miembros de la Asociaci\u00f3n<\/strong><\/h2>\n<p>Conoce a los miembros de la Asociaci\u00f3n Consultores de Estructuras. Podr\u00e1s ver a los nuevos integrantes que participan por el reconocimiento de la profesi\u00f3n dentro del mundo de la construcci\u00f3n.<\/p>\n","protected":false},"excerpt":{"rendered":"<ul>\n<li>1. Editorial<\/li>\n<li>2. Escaleras con vuelta a la catalana<\/li>\n<li>3. Implementaci\u00f3n BIM en el desarrollo de proyectos de estructuras de edificaci\u00f3n<\/li>\n<li>4. Hormig\u00f3n con fibras de polipropileno<\/li>\n<li>5. Miscel\u00e1nea<\/li>\n<li>6. Listado de miembros de la Asociaci\u00f3n<\/li>\n<\/ul>\n","protected":false},"featured_media":37604,"template":"","meta":{"_acf_changed":false,"site-sidebar-layout":"default","site-content-layout":"default","ast-global-header-display":"","ast-main-header-display":"","ast-hfb-above-header-display":"","ast-hfb-below-header-display":"","ast-hfb-mobile-header-display":"","site-post-title":"","ast-breadcrumbs-content":"","ast-featured-img":"","footer-sml-layout":"","theme-transparent-header-meta":"default","adv-header-id-meta":"","stick-header-meta":"","header-above-stick-meta":"","header-main-stick-meta":"","header-below-stick-meta":""},"product_brand":[],"product_cat":[595],"product_tag":[],"class_list":{"0":"post-39873","1":"product","2":"type-product","3":"status-publish","4":"has-post-thumbnail","6":"product_cat-cuaderno-de-estructuras","7":"desktop-align-left","8":"tablet-align-left","9":"mobile-align-left","11":"first","12":"instock","13":"taxable","14":"shipping-taxable","15":"purchasable","16":"product-type-variable","17":"has-default-attributes"},"acf":[],"yoast_head":"<!-- This site is optimized with the Yoast SEO plugin v27.1.1 - https:\/\/yoast.com\/product\/yoast-seo-wordpress\/ -->\n<title>Quaderns d&#039;Estructures 56 | ACE<\/title>\n<meta name=\"description\" content=\"Revista n\u00ba 56 con art\u00edculos de actualidad que tratan sobre la construcci\u00f3n de estructuras y que publica la Asociaci\u00f3n de Consultores de Estructuras (ACE).\" \/>\n<meta name=\"robots\" content=\"index, follow, max-snippet:-1, max-image-preview:large, max-video-preview:-1\" \/>\n<link rel=\"canonical\" href=\"https:\/\/aceweb.cat\/es\/producto\/quaderns-destructures-56\/\" \/>\n<meta property=\"og:locale\" content=\"es_ES\" \/>\n<meta property=\"og:type\" content=\"article\" \/>\n<meta property=\"og:title\" content=\"Quaderns d&#039;Estructures 56 | ACE\" \/>\n<meta property=\"og:description\" content=\"Revista n\u00ba 56 con art\u00edculos de actualidad que tratan sobre la construcci\u00f3n de estructuras y que publica la Asociaci\u00f3n de Consultores de Estructuras (ACE).\" \/>\n<meta property=\"og:url\" content=\"https:\/\/aceweb.cat\/es\/producto\/quaderns-destructures-56\/\" \/>\n<meta property=\"og:site_name\" content=\"aceweb.cat\" \/>\n<meta property=\"article:modified_time\" content=\"2023-03-17T13:47:23+00:00\" \/>\n<meta property=\"og:image\" content=\"https:\/\/aceweb.cat\/wp-content\/uploads\/2023\/02\/ACE-Quaderns-Estructures-056.jpg\" \/>\n\t<meta property=\"og:image:width\" content=\"724\" \/>\n\t<meta property=\"og:image:height\" content=\"1024\" \/>\n\t<meta property=\"og:image:type\" content=\"image\/jpeg\" \/>\n<meta name=\"twitter:card\" content=\"summary_large_image\" \/>\n<meta name=\"twitter:label1\" content=\"Tiempo de lectura\" \/>\n\t<meta name=\"twitter:data1\" content=\"3 minutos\" \/>\n<script type=\"application\/ld+json\" class=\"yoast-schema-graph\">{\"@context\":\"https:\/\/schema.org\",\"@graph\":[{\"@type\":\"WebPage\",\"@id\":\"https:\/\/aceweb.cat\/es\/producto\/quaderns-destructures-56\/\",\"url\":\"https:\/\/aceweb.cat\/es\/producto\/quaderns-destructures-56\/\",\"name\":\"Quaderns d'Estructures 56 | ACE\",\"isPartOf\":{\"@id\":\"https:\/\/aceweb.cat\/#website\"},\"primaryImageOfPage\":{\"@id\":\"https:\/\/aceweb.cat\/es\/producto\/quaderns-destructures-56\/#primaryimage\"},\"image\":{\"@id\":\"https:\/\/aceweb.cat\/es\/producto\/quaderns-destructures-56\/#primaryimage\"},\"thumbnailUrl\":\"https:\/\/aceweb.cat\/wp-content\/uploads\/2023\/02\/ACE-Quaderns-Estructures-056.jpg\",\"datePublished\":\"2023-01-09T10:00:15+00:00\",\"dateModified\":\"2023-03-17T13:47:23+00:00\",\"description\":\"Revista n\u00ba 56 con art\u00edculos de actualidad que tratan sobre la construcci\u00f3n de estructuras y que publica la Asociaci\u00f3n de Consultores de Estructuras (ACE).\",\"breadcrumb\":{\"@id\":\"https:\/\/aceweb.cat\/es\/producto\/quaderns-destructures-56\/#breadcrumb\"},\"inLanguage\":\"es\",\"potentialAction\":[{\"@type\":\"ReadAction\",\"target\":[\"https:\/\/aceweb.cat\/es\/producto\/quaderns-destructures-56\/\"]}]},{\"@type\":\"ImageObject\",\"inLanguage\":\"es\",\"@id\":\"https:\/\/aceweb.cat\/es\/producto\/quaderns-destructures-56\/#primaryimage\",\"url\":\"https:\/\/aceweb.cat\/wp-content\/uploads\/2023\/02\/ACE-Quaderns-Estructures-056.jpg\",\"contentUrl\":\"https:\/\/aceweb.cat\/wp-content\/uploads\/2023\/02\/ACE-Quaderns-Estructures-056.jpg\",\"width\":724,\"height\":1024},{\"@type\":\"BreadcrumbList\",\"@id\":\"https:\/\/aceweb.cat\/es\/producto\/quaderns-destructures-56\/#breadcrumb\",\"itemListElement\":[{\"@type\":\"ListItem\",\"position\":1,\"name\":\"Inici\",\"item\":\"https:\/\/aceweb.cat\/\"},{\"@type\":\"ListItem\",\"position\":2,\"name\":\"Tienda\",\"item\":\"https:\/\/aceweb.cat\/es\/tienda\/\"},{\"@type\":\"ListItem\",\"position\":3,\"name\":\"Quadern d\u2019Estructures\",\"item\":\"https:\/\/aceweb.cat\/es\/categoria-producto\/cuaderno-de-estructuras\/\"},{\"@type\":\"ListItem\",\"position\":4,\"name\":\"Quaderns d&#8217;Estructures 56\"}]},{\"@type\":\"WebSite\",\"@id\":\"https:\/\/aceweb.cat\/#website\",\"url\":\"https:\/\/aceweb.cat\/\",\"name\":\"ACE\",\"description\":\"Associaci\u00f3 de Consultors d&#039;Estructures | ACE\",\"publisher\":{\"@id\":\"https:\/\/aceweb.cat\/#organization\"},\"alternateName\":\"ACE\",\"potentialAction\":[{\"@type\":\"SearchAction\",\"target\":{\"@type\":\"EntryPoint\",\"urlTemplate\":\"https:\/\/aceweb.cat\/?s={search_term_string}\"},\"query-input\":{\"@type\":\"PropertyValueSpecification\",\"valueRequired\":true,\"valueName\":\"search_term_string\"}}],\"inLanguage\":\"es\"},{\"@type\":\"Organization\",\"@id\":\"https:\/\/aceweb.cat\/#organization\",\"name\":\"ACE\",\"alternateName\":\"ACE\",\"url\":\"https:\/\/aceweb.cat\/\",\"logo\":{\"@type\":\"ImageObject\",\"inLanguage\":\"es\",\"@id\":\"https:\/\/aceweb.cat\/#\/schema\/logo\/image\/\",\"url\":\"https:\/\/aceweb.cat\/wp-content\/uploads\/2022\/10\/logo.svg\",\"contentUrl\":\"https:\/\/aceweb.cat\/wp-content\/uploads\/2022\/10\/logo.svg\",\"width\":1,\"height\":1,\"caption\":\"ACE\"},\"image\":{\"@id\":\"https:\/\/aceweb.cat\/#\/schema\/logo\/image\/\"}}]}<\/script>\n<!-- \/ Yoast SEO plugin. -->","yoast_head_json":{"title":"Quaderns d'Estructures 56 | ACE","description":"Revista n\u00ba 56 con art\u00edculos de actualidad que tratan sobre la construcci\u00f3n de estructuras y que publica la Asociaci\u00f3n de Consultores de Estructuras (ACE).","robots":{"index":"index","follow":"follow","max-snippet":"max-snippet:-1","max-image-preview":"max-image-preview:large","max-video-preview":"max-video-preview:-1"},"canonical":"https:\/\/aceweb.cat\/es\/producto\/quaderns-destructures-56\/","og_locale":"es_ES","og_type":"article","og_title":"Quaderns d'Estructures 56 | ACE","og_description":"Revista n\u00ba 56 con art\u00edculos de actualidad que tratan sobre la construcci\u00f3n de estructuras y que publica la Asociaci\u00f3n de Consultores de Estructuras (ACE).","og_url":"https:\/\/aceweb.cat\/es\/producto\/quaderns-destructures-56\/","og_site_name":"aceweb.cat","article_modified_time":"2023-03-17T13:47:23+00:00","og_image":[{"width":724,"height":1024,"url":"https:\/\/aceweb.cat\/wp-content\/uploads\/2023\/02\/ACE-Quaderns-Estructures-056.jpg","type":"image\/jpeg"}],"twitter_card":"summary_large_image","twitter_misc":{"Tiempo de lectura":"3 minutos"},"schema":{"@context":"https:\/\/schema.org","@graph":[{"@type":"WebPage","@id":"https:\/\/aceweb.cat\/es\/producto\/quaderns-destructures-56\/","url":"https:\/\/aceweb.cat\/es\/producto\/quaderns-destructures-56\/","name":"Quaderns d'Estructures 56 | ACE","isPartOf":{"@id":"https:\/\/aceweb.cat\/#website"},"primaryImageOfPage":{"@id":"https:\/\/aceweb.cat\/es\/producto\/quaderns-destructures-56\/#primaryimage"},"image":{"@id":"https:\/\/aceweb.cat\/es\/producto\/quaderns-destructures-56\/#primaryimage"},"thumbnailUrl":"https:\/\/aceweb.cat\/wp-content\/uploads\/2023\/02\/ACE-Quaderns-Estructures-056.jpg","datePublished":"2023-01-09T10:00:15+00:00","dateModified":"2023-03-17T13:47:23+00:00","description":"Revista n\u00ba 56 con art\u00edculos de actualidad que tratan sobre la construcci\u00f3n de estructuras y que publica la Asociaci\u00f3n de Consultores de Estructuras (ACE).","breadcrumb":{"@id":"https:\/\/aceweb.cat\/es\/producto\/quaderns-destructures-56\/#breadcrumb"},"inLanguage":"es","potentialAction":[{"@type":"ReadAction","target":["https:\/\/aceweb.cat\/es\/producto\/quaderns-destructures-56\/"]}]},{"@type":"ImageObject","inLanguage":"es","@id":"https:\/\/aceweb.cat\/es\/producto\/quaderns-destructures-56\/#primaryimage","url":"https:\/\/aceweb.cat\/wp-content\/uploads\/2023\/02\/ACE-Quaderns-Estructures-056.jpg","contentUrl":"https:\/\/aceweb.cat\/wp-content\/uploads\/2023\/02\/ACE-Quaderns-Estructures-056.jpg","width":724,"height":1024},{"@type":"BreadcrumbList","@id":"https:\/\/aceweb.cat\/es\/producto\/quaderns-destructures-56\/#breadcrumb","itemListElement":[{"@type":"ListItem","position":1,"name":"Inici","item":"https:\/\/aceweb.cat\/"},{"@type":"ListItem","position":2,"name":"Tienda","item":"https:\/\/aceweb.cat\/es\/tienda\/"},{"@type":"ListItem","position":3,"name":"Quadern d\u2019Estructures","item":"https:\/\/aceweb.cat\/es\/categoria-producto\/cuaderno-de-estructuras\/"},{"@type":"ListItem","position":4,"name":"Quaderns d&#8217;Estructures 56"}]},{"@type":"WebSite","@id":"https:\/\/aceweb.cat\/#website","url":"https:\/\/aceweb.cat\/","name":"ACE","description":"Associaci\u00f3 de Consultors d&#039;Estructures | ACE","publisher":{"@id":"https:\/\/aceweb.cat\/#organization"},"alternateName":"ACE","potentialAction":[{"@type":"SearchAction","target":{"@type":"EntryPoint","urlTemplate":"https:\/\/aceweb.cat\/?s={search_term_string}"},"query-input":{"@type":"PropertyValueSpecification","valueRequired":true,"valueName":"search_term_string"}}],"inLanguage":"es"},{"@type":"Organization","@id":"https:\/\/aceweb.cat\/#organization","name":"ACE","alternateName":"ACE","url":"https:\/\/aceweb.cat\/","logo":{"@type":"ImageObject","inLanguage":"es","@id":"https:\/\/aceweb.cat\/#\/schema\/logo\/image\/","url":"https:\/\/aceweb.cat\/wp-content\/uploads\/2022\/10\/logo.svg","contentUrl":"https:\/\/aceweb.cat\/wp-content\/uploads\/2022\/10\/logo.svg","width":1,"height":1,"caption":"ACE"},"image":{"@id":"https:\/\/aceweb.cat\/#\/schema\/logo\/image\/"}}]}},"_links":{"self":[{"href":"https:\/\/aceweb.cat\/es\/wp-json\/wp\/v2\/product\/39873","targetHints":{"allow":["GET"]}}],"collection":[{"href":"https:\/\/aceweb.cat\/es\/wp-json\/wp\/v2\/product"}],"about":[{"href":"https:\/\/aceweb.cat\/es\/wp-json\/wp\/v2\/types\/product"}],"version-history":[{"count":1,"href":"https:\/\/aceweb.cat\/es\/wp-json\/wp\/v2\/product\/39873\/revisions"}],"predecessor-version":[{"id":40509,"href":"https:\/\/aceweb.cat\/es\/wp-json\/wp\/v2\/product\/39873\/revisions\/40509"}],"wp:featuredmedia":[{"embeddable":true,"href":"https:\/\/aceweb.cat\/es\/wp-json\/wp\/v2\/media\/37604"}],"wp:attachment":[{"href":"https:\/\/aceweb.cat\/es\/wp-json\/wp\/v2\/media?parent=39873"}],"wp:term":[{"taxonomy":"product_brand","embeddable":true,"href":"https:\/\/aceweb.cat\/es\/wp-json\/wp\/v2\/product_brand?post=39873"},{"taxonomy":"product_cat","embeddable":true,"href":"https:\/\/aceweb.cat\/es\/wp-json\/wp\/v2\/product_cat?post=39873"},{"taxonomy":"product_tag","embeddable":true,"href":"https:\/\/aceweb.cat\/es\/wp-json\/wp\/v2\/product_tag?post=39873"}],"curies":[{"name":"wp","href":"https:\/\/api.w.org\/{rel}","templated":true}]}}