{"id":39876,"date":"2023-01-10T10:00:44","date_gmt":"2023-01-10T10:00:44","guid":{"rendered":"https:\/\/www.aceweb.advertis.es\/producto\/quaderns-destructures-57\/"},"modified":"2023-03-17T11:39:53","modified_gmt":"2023-03-17T11:39:53","slug":"quaderns-destructures-57","status":"publish","type":"product","link":"https:\/\/aceweb.cat\/es\/producto\/quaderns-destructures-57\/","title":{"rendered":"Quaderns d&#8217;Estructures 57"},"content":{"rendered":"<p>Este n\u00famero incluye:<\/p>\n<h2><strong>1. Editorial<\/strong><\/h2>\n<p>Art\u00edculo redactado por\u00a0<b>JORGE BLASCO. <\/b>Descarga la revista para conocer el inter\u00e9s hacia la construcci\u00f3n sostenible con madera:<\/p>\n<p><i>\u201cEl inter\u00e9s hacia la construcci\u00f3n sostenible con madera se est\u00e1 convirtiendo en una tendencia creciente entre los profesionales de la arquitectura, el interiorismo, la construcci\u00f3n, la producci\u00f3n de materiales, y tambi\u00e9n entre la sociedad en general.<\/i><\/p>\n<p><i>Las soluciones constructivas en madera tienen el potencial de revolucionar la industria de la construcci\u00f3n a trav\u00e9s del desarrollo sostenible de alta calidad, generando riqueza y econom\u00eda local, contribuyendo a minimizar el cambio clim\u00e1tico.\u201d<\/i><\/p>\n<h2><strong>2. An\u00e1lisis hist\u00f3rico del comportamiento estructural de una viga sometida a flexi\u00f3n.<\/strong><\/h2>\n<p>Art\u00edculo redactado por\u00a0<b>ROBERT BRUFAU NIUB\u00d3. <\/b>Descarga la revista para conocer los nuevos proyectos del \u00e1rea t\u00e9cnica en el sector de la construcci\u00f3n:<\/p>\n<p>\u201cLa resoluci\u00f3n del fen\u00f3meno del comportamiento resistente de cualquier secci\u00f3n de una viga sometida a flexi\u00f3n ha sido, a lo largo de la Historia de la Ciencia oficial,\u00a0<strong>una de las mayores preocupaciones de los f\u00edsicos, ge\u00f3metros y matem\u00e1ticos de todas las \u00e9pocas<\/strong>. La evoluci\u00f3n de las teor\u00edas sobre el comportamiento tensional de las secciones y, muy especialmente, sobre la posici\u00f3n de la \u201cl\u00ednea neutra\u201d ha dado pie a numerosos estudios a lo largo de estos \u00faltimos a\u00f1os.<\/p>\n<p>El texto que sigue pretende recoger, de forma bastante simplificada, los sucesivos pasos que se fueron dando al respecto. El tratamiento secuencial que se sigue en estas p\u00e1ginas pr\u00f3ximas le permitir\u00e1 al lector advertir los numerosos \u00aberrores\u00bb conceptuales que desde Galileo Galilei se cometieron -entre los siglos XVII y XIX- hasta llegar al momento en que Navier y Barr\u00e9 de Saint-Venant asentar de forma definitiva la teor\u00eda actual al respecto.\u201d<\/p>\n<h2><strong>3. La vuelta toroidal del palacio de Carlos V a Granada<\/strong><\/h2>\n<p>Art\u00edculo redactado por\u00a0<strong>BERNARDINO L\u00cdNDEZ V\u00cdLCHEZ<\/strong>,\u00a0<strong>DAVID L\u00d3PEZ MART\u00cdN<\/strong>\u00a0y\u00a0<strong>RAFAEL GALLEGO SEVILLA<\/strong><b>. <\/b>Descarga la revista para conocer los nuevos proyectos del \u00e1rea t\u00e9cnica en el sector de la construcci\u00f3n:<\/p>\n<p>\u201cEl art\u00edculo describe el\u00a0<strong>toroide que conforma la galer\u00eda inferior del\u00a0<a href=\"https:\/\/www.alhambra.org\/palacio-carlos-v.html\" target=\"_blank\" rel=\"noopener noreferrer\">Palacio de Carlos V en Granada<\/a><\/strong>, realizado en f\u00e1brica de piedra picada con perfil carpanel por tranquilo, es un sistema estructuralmente autoestable una vez finalizada la construcci\u00f3n.<\/p>\n<p>Los empujones al exterior se equilibran con el peso de la masa construida perimetralmente. Sin embargo, hacia el interior, la propia forma toroidal, junto al anillo de dovelas que integran el arco plano hecho bajar sobre columnas, equilibra los empujones cuya resultante es nula.\u201d<\/p>\n<h2><strong>4. Refuerzo de forjado de techo de s\u00f3tano para instalaci\u00f3n de piscina de olas<\/strong><\/h2>\n<p>Art\u00edculo redactado por\u00a0<strong>H\u00c9CTOR FA\u00daNDEZ VELASCO<\/strong><b>. <\/b>Descarga la revista para conocer los nuevos proyectos del \u00e1rea t\u00e9cnica en el sector de la construcci\u00f3n:<\/p>\n<p>\u201cHay ocasiones en la vida profesional de un t\u00e9cnico freelance en el que uno no sabe si cuando le suena el tel\u00e9fono es para darle a una alegr\u00eda o un disgusto. Un encargo profesional puede convertirse, con toda facilidad, en una satisfacci\u00f3n o en aut\u00e9ntico dolor de cabeza.<\/p>\n<p>La actuaci\u00f3n objeto de este art\u00edculo se inscribe dentro de\u00a0<strong>las obras que Carrefour Property Espa\u00f1a SLU ha realizado a lo largo de los a\u00f1os 2015 y 2016 para la remodelaci\u00f3n del centro comercial Carrefour de la ciudad de Mallorca&lt; \/strong&gt;, que despu\u00e9s de la misma pasar\u00e1 a denominarse FAN MALLORCA SHOPPING.\u201d<\/strong><\/p>\n<h2><strong>5. Lista de miembros de la asociaci\u00f3n<\/strong><\/h2>\n<p>Conoce a los miembros de la Asociaci\u00f3n Consultores de Estructuras. Podr\u00e1s ver a los nuevos integrantes que participan por el reconocimiento de la profesi\u00f3n dentro del mundo de la construcci\u00f3n.<\/p>\n","protected":false},"excerpt":{"rendered":"<ul>\n<li>1. Editorial<\/li>\n<li>2. An\u00e1lisis hist\u00f3rico del comportamiento estructural de una viga sometida a flexi\u00f3n<\/li>\n<li>3. La vuelta toroidal del palacio de Carlos V a Granada<\/li>\n<li>4. Refuerzo de forjado de techo de s\u00f3tano para instalaci\u00f3n de piscina de olas<\/li>\n<li>5. Lista de miembros de la asociaci\u00f3n<\/li>\n<\/ul>\n","protected":false},"featured_media":37594,"template":"","meta":{"_acf_changed":false,"site-sidebar-layout":"default","site-content-layout":"default","ast-global-header-display":"","ast-main-header-display":"","ast-hfb-above-header-display":"","ast-hfb-below-header-display":"","ast-hfb-mobile-header-display":"","site-post-title":"","ast-breadcrumbs-content":"","ast-featured-img":"","footer-sml-layout":"","theme-transparent-header-meta":"default","adv-header-id-meta":"","stick-header-meta":"","header-above-stick-meta":"","header-main-stick-meta":"","header-below-stick-meta":""},"product_brand":[],"product_cat":[595],"product_tag":[],"class_list":{"0":"post-39876","1":"product","2":"type-product","3":"status-publish","4":"has-post-thumbnail","6":"product_cat-cuaderno-de-estructuras","7":"desktop-align-left","8":"tablet-align-left","9":"mobile-align-left","11":"first","12":"instock","13":"taxable","14":"shipping-taxable","15":"purchasable","16":"product-type-variable","17":"has-default-attributes"},"acf":[],"yoast_head":"<!-- This site is optimized with the Yoast SEO plugin v27.1.1 - https:\/\/yoast.com\/product\/yoast-seo-wordpress\/ -->\n<title>Quaderns d&#039;Estructures 57 | ACE<\/title>\n<meta name=\"description\" content=\"Revista n\u00ba 57 con art\u00edculos de actualidad que tratan sobre la construcci\u00f3n de estructuras y que publica la Asociaci\u00f3n de Consultores de Estructuras (ACE).\" \/>\n<meta name=\"robots\" content=\"index, follow, max-snippet:-1, max-image-preview:large, max-video-preview:-1\" \/>\n<link rel=\"canonical\" href=\"https:\/\/aceweb.cat\/es\/producto\/quaderns-destructures-57\/\" \/>\n<meta property=\"og:locale\" content=\"es_ES\" \/>\n<meta property=\"og:type\" content=\"article\" \/>\n<meta property=\"og:title\" content=\"Quaderns d&#039;Estructures 57 | ACE\" \/>\n<meta property=\"og:description\" content=\"Revista n\u00ba 57 con art\u00edculos de actualidad que tratan sobre la construcci\u00f3n de estructuras y que publica la Asociaci\u00f3n de Consultores de Estructuras (ACE).\" \/>\n<meta property=\"og:url\" content=\"https:\/\/aceweb.cat\/es\/producto\/quaderns-destructures-57\/\" \/>\n<meta property=\"og:site_name\" content=\"aceweb.cat\" \/>\n<meta property=\"article:modified_time\" content=\"2023-03-17T11:39:53+00:00\" \/>\n<meta property=\"og:image\" content=\"https:\/\/aceweb.cat\/wp-content\/uploads\/2023\/02\/ACE-Quaderns-Estructures-057.jpg\" \/>\n\t<meta property=\"og:image:width\" content=\"724\" \/>\n\t<meta property=\"og:image:height\" content=\"1024\" \/>\n\t<meta property=\"og:image:type\" content=\"image\/jpeg\" \/>\n<meta name=\"twitter:card\" content=\"summary_large_image\" \/>\n<meta name=\"twitter:label1\" content=\"Tiempo de lectura\" \/>\n\t<meta name=\"twitter:data1\" content=\"4 minutos\" \/>\n<script type=\"application\/ld+json\" class=\"yoast-schema-graph\">{\"@context\":\"https:\/\/schema.org\",\"@graph\":[{\"@type\":\"WebPage\",\"@id\":\"https:\/\/aceweb.cat\/es\/producto\/quaderns-destructures-57\/\",\"url\":\"https:\/\/aceweb.cat\/es\/producto\/quaderns-destructures-57\/\",\"name\":\"Quaderns d'Estructures 57 | ACE\",\"isPartOf\":{\"@id\":\"https:\/\/aceweb.cat\/#website\"},\"primaryImageOfPage\":{\"@id\":\"https:\/\/aceweb.cat\/es\/producto\/quaderns-destructures-57\/#primaryimage\"},\"image\":{\"@id\":\"https:\/\/aceweb.cat\/es\/producto\/quaderns-destructures-57\/#primaryimage\"},\"thumbnailUrl\":\"https:\/\/aceweb.cat\/wp-content\/uploads\/2023\/02\/ACE-Quaderns-Estructures-057.jpg\",\"datePublished\":\"2023-01-10T10:00:44+00:00\",\"dateModified\":\"2023-03-17T11:39:53+00:00\",\"description\":\"Revista n\u00ba 57 con art\u00edculos de actualidad que tratan sobre la construcci\u00f3n de estructuras y que publica la Asociaci\u00f3n de Consultores de Estructuras (ACE).\",\"breadcrumb\":{\"@id\":\"https:\/\/aceweb.cat\/es\/producto\/quaderns-destructures-57\/#breadcrumb\"},\"inLanguage\":\"es\",\"potentialAction\":[{\"@type\":\"ReadAction\",\"target\":[\"https:\/\/aceweb.cat\/es\/producto\/quaderns-destructures-57\/\"]}]},{\"@type\":\"ImageObject\",\"inLanguage\":\"es\",\"@id\":\"https:\/\/aceweb.cat\/es\/producto\/quaderns-destructures-57\/#primaryimage\",\"url\":\"https:\/\/aceweb.cat\/wp-content\/uploads\/2023\/02\/ACE-Quaderns-Estructures-057.jpg\",\"contentUrl\":\"https:\/\/aceweb.cat\/wp-content\/uploads\/2023\/02\/ACE-Quaderns-Estructures-057.jpg\",\"width\":724,\"height\":1024},{\"@type\":\"BreadcrumbList\",\"@id\":\"https:\/\/aceweb.cat\/es\/producto\/quaderns-destructures-57\/#breadcrumb\",\"itemListElement\":[{\"@type\":\"ListItem\",\"position\":1,\"name\":\"Inici\",\"item\":\"https:\/\/aceweb.cat\/\"},{\"@type\":\"ListItem\",\"position\":2,\"name\":\"Tienda\",\"item\":\"https:\/\/aceweb.cat\/es\/tienda\/\"},{\"@type\":\"ListItem\",\"position\":3,\"name\":\"Quadern d\u2019Estructures\",\"item\":\"https:\/\/aceweb.cat\/es\/categoria-producto\/cuaderno-de-estructuras\/\"},{\"@type\":\"ListItem\",\"position\":4,\"name\":\"Quaderns d&#8217;Estructures 57\"}]},{\"@type\":\"WebSite\",\"@id\":\"https:\/\/aceweb.cat\/#website\",\"url\":\"https:\/\/aceweb.cat\/\",\"name\":\"ACE\",\"description\":\"Associaci\u00f3 de Consultors d&#039;Estructures | ACE\",\"publisher\":{\"@id\":\"https:\/\/aceweb.cat\/#organization\"},\"alternateName\":\"ACE\",\"potentialAction\":[{\"@type\":\"SearchAction\",\"target\":{\"@type\":\"EntryPoint\",\"urlTemplate\":\"https:\/\/aceweb.cat\/?s={search_term_string}\"},\"query-input\":{\"@type\":\"PropertyValueSpecification\",\"valueRequired\":true,\"valueName\":\"search_term_string\"}}],\"inLanguage\":\"es\"},{\"@type\":\"Organization\",\"@id\":\"https:\/\/aceweb.cat\/#organization\",\"name\":\"ACE\",\"alternateName\":\"ACE\",\"url\":\"https:\/\/aceweb.cat\/\",\"logo\":{\"@type\":\"ImageObject\",\"inLanguage\":\"es\",\"@id\":\"https:\/\/aceweb.cat\/#\/schema\/logo\/image\/\",\"url\":\"https:\/\/aceweb.cat\/wp-content\/uploads\/2022\/10\/logo.svg\",\"contentUrl\":\"https:\/\/aceweb.cat\/wp-content\/uploads\/2022\/10\/logo.svg\",\"width\":1,\"height\":1,\"caption\":\"ACE\"},\"image\":{\"@id\":\"https:\/\/aceweb.cat\/#\/schema\/logo\/image\/\"}}]}<\/script>\n<!-- \/ Yoast SEO plugin. -->","yoast_head_json":{"title":"Quaderns d'Estructures 57 | ACE","description":"Revista n\u00ba 57 con art\u00edculos de actualidad que tratan sobre la construcci\u00f3n de estructuras y que publica la Asociaci\u00f3n de Consultores de Estructuras (ACE).","robots":{"index":"index","follow":"follow","max-snippet":"max-snippet:-1","max-image-preview":"max-image-preview:large","max-video-preview":"max-video-preview:-1"},"canonical":"https:\/\/aceweb.cat\/es\/producto\/quaderns-destructures-57\/","og_locale":"es_ES","og_type":"article","og_title":"Quaderns d'Estructures 57 | ACE","og_description":"Revista n\u00ba 57 con art\u00edculos de actualidad que tratan sobre la construcci\u00f3n de estructuras y que publica la Asociaci\u00f3n de Consultores de Estructuras (ACE).","og_url":"https:\/\/aceweb.cat\/es\/producto\/quaderns-destructures-57\/","og_site_name":"aceweb.cat","article_modified_time":"2023-03-17T11:39:53+00:00","og_image":[{"width":724,"height":1024,"url":"https:\/\/aceweb.cat\/wp-content\/uploads\/2023\/02\/ACE-Quaderns-Estructures-057.jpg","type":"image\/jpeg"}],"twitter_card":"summary_large_image","twitter_misc":{"Tiempo de lectura":"4 minutos"},"schema":{"@context":"https:\/\/schema.org","@graph":[{"@type":"WebPage","@id":"https:\/\/aceweb.cat\/es\/producto\/quaderns-destructures-57\/","url":"https:\/\/aceweb.cat\/es\/producto\/quaderns-destructures-57\/","name":"Quaderns d'Estructures 57 | ACE","isPartOf":{"@id":"https:\/\/aceweb.cat\/#website"},"primaryImageOfPage":{"@id":"https:\/\/aceweb.cat\/es\/producto\/quaderns-destructures-57\/#primaryimage"},"image":{"@id":"https:\/\/aceweb.cat\/es\/producto\/quaderns-destructures-57\/#primaryimage"},"thumbnailUrl":"https:\/\/aceweb.cat\/wp-content\/uploads\/2023\/02\/ACE-Quaderns-Estructures-057.jpg","datePublished":"2023-01-10T10:00:44+00:00","dateModified":"2023-03-17T11:39:53+00:00","description":"Revista n\u00ba 57 con art\u00edculos de actualidad que tratan sobre la construcci\u00f3n de estructuras y que publica la Asociaci\u00f3n de Consultores de Estructuras (ACE).","breadcrumb":{"@id":"https:\/\/aceweb.cat\/es\/producto\/quaderns-destructures-57\/#breadcrumb"},"inLanguage":"es","potentialAction":[{"@type":"ReadAction","target":["https:\/\/aceweb.cat\/es\/producto\/quaderns-destructures-57\/"]}]},{"@type":"ImageObject","inLanguage":"es","@id":"https:\/\/aceweb.cat\/es\/producto\/quaderns-destructures-57\/#primaryimage","url":"https:\/\/aceweb.cat\/wp-content\/uploads\/2023\/02\/ACE-Quaderns-Estructures-057.jpg","contentUrl":"https:\/\/aceweb.cat\/wp-content\/uploads\/2023\/02\/ACE-Quaderns-Estructures-057.jpg","width":724,"height":1024},{"@type":"BreadcrumbList","@id":"https:\/\/aceweb.cat\/es\/producto\/quaderns-destructures-57\/#breadcrumb","itemListElement":[{"@type":"ListItem","position":1,"name":"Inici","item":"https:\/\/aceweb.cat\/"},{"@type":"ListItem","position":2,"name":"Tienda","item":"https:\/\/aceweb.cat\/es\/tienda\/"},{"@type":"ListItem","position":3,"name":"Quadern d\u2019Estructures","item":"https:\/\/aceweb.cat\/es\/categoria-producto\/cuaderno-de-estructuras\/"},{"@type":"ListItem","position":4,"name":"Quaderns d&#8217;Estructures 57"}]},{"@type":"WebSite","@id":"https:\/\/aceweb.cat\/#website","url":"https:\/\/aceweb.cat\/","name":"ACE","description":"Associaci\u00f3 de Consultors d&#039;Estructures | ACE","publisher":{"@id":"https:\/\/aceweb.cat\/#organization"},"alternateName":"ACE","potentialAction":[{"@type":"SearchAction","target":{"@type":"EntryPoint","urlTemplate":"https:\/\/aceweb.cat\/?s={search_term_string}"},"query-input":{"@type":"PropertyValueSpecification","valueRequired":true,"valueName":"search_term_string"}}],"inLanguage":"es"},{"@type":"Organization","@id":"https:\/\/aceweb.cat\/#organization","name":"ACE","alternateName":"ACE","url":"https:\/\/aceweb.cat\/","logo":{"@type":"ImageObject","inLanguage":"es","@id":"https:\/\/aceweb.cat\/#\/schema\/logo\/image\/","url":"https:\/\/aceweb.cat\/wp-content\/uploads\/2022\/10\/logo.svg","contentUrl":"https:\/\/aceweb.cat\/wp-content\/uploads\/2022\/10\/logo.svg","width":1,"height":1,"caption":"ACE"},"image":{"@id":"https:\/\/aceweb.cat\/#\/schema\/logo\/image\/"}}]}},"_links":{"self":[{"href":"https:\/\/aceweb.cat\/es\/wp-json\/wp\/v2\/product\/39876","targetHints":{"allow":["GET"]}}],"collection":[{"href":"https:\/\/aceweb.cat\/es\/wp-json\/wp\/v2\/product"}],"about":[{"href":"https:\/\/aceweb.cat\/es\/wp-json\/wp\/v2\/types\/product"}],"version-history":[{"count":1,"href":"https:\/\/aceweb.cat\/es\/wp-json\/wp\/v2\/product\/39876\/revisions"}],"predecessor-version":[{"id":40458,"href":"https:\/\/aceweb.cat\/es\/wp-json\/wp\/v2\/product\/39876\/revisions\/40458"}],"wp:featuredmedia":[{"embeddable":true,"href":"https:\/\/aceweb.cat\/es\/wp-json\/wp\/v2\/media\/37594"}],"wp:attachment":[{"href":"https:\/\/aceweb.cat\/es\/wp-json\/wp\/v2\/media?parent=39876"}],"wp:term":[{"taxonomy":"product_brand","embeddable":true,"href":"https:\/\/aceweb.cat\/es\/wp-json\/wp\/v2\/product_brand?post=39876"},{"taxonomy":"product_cat","embeddable":true,"href":"https:\/\/aceweb.cat\/es\/wp-json\/wp\/v2\/product_cat?post=39876"},{"taxonomy":"product_tag","embeddable":true,"href":"https:\/\/aceweb.cat\/es\/wp-json\/wp\/v2\/product_tag?post=39876"}],"curies":[{"name":"wp","href":"https:\/\/api.w.org\/{rel}","templated":true}]}}