{"id":39879,"date":"2023-01-11T10:00:22","date_gmt":"2023-01-11T10:00:22","guid":{"rendered":"https:\/\/www.aceweb.advertis.es\/producto\/quaderns-destructures-58\/"},"modified":"2023-03-17T13:52:37","modified_gmt":"2023-03-17T13:52:37","slug":"quaderns-destructures-58","status":"publish","type":"product","link":"https:\/\/aceweb.cat\/es\/producto\/quaderns-destructures-58\/","title":{"rendered":"Quaderns d&#8217;Estructures 58"},"content":{"rendered":"<p>Este n\u00famero incluye:<\/p>\n<h2><strong>1. Editorial<\/strong><\/h2>\n<p>Art\u00edculo redactado por\u00a0<b>JOSEP BAQUER SISTACH<\/b>. Descarga la revista para conocer los nuevos proyectos del \u00e1rea t\u00e9cnica en el sector de la construcci\u00f3n:<\/p>\n<p><i>\u201cTodo el mundo juega con las cifras y todo el mundo barre hacia casa. Las macroecon\u00f3micas parecen empezar a no ser negativas \u2014no entiendo demasiado, pero no me atrever\u00eda a decir que sean positivas todav\u00eda\u2026\u2014 pero la deuda del Estado dicen que es descomunal y que todav\u00eda sube.<\/i><\/p>\n<p>&gt;<\/p>\n<p><i>Lo cierto es que los niveles de pobreza en nuestro pa\u00eds son m\u00e1s que significativos y, si como dicen, la macroeconom\u00eda empieza a remontar, lo cierto es que esto no ha llegado a las bases.\u201d&lt; \/i&gt;<\/i><\/p>\n<h2><strong>2. Protecci\u00f3n y reparaci\u00f3n de estructuras de hormig\u00f3n, un inhibidor de corrosi\u00f3n efectivo y duradero en base silano MasterProtect 8000 CI<\/strong><\/h2>\n<p>Art\u00edculo redactado por\u00a0<b>ANNA CABALLERO VERA<\/b>. Descarga la revista para conocer los nuevos proyectos del \u00e1rea t\u00e9cnica en el sector de la construcci\u00f3n:<\/p>\n<p>\u201cLa oxidaci\u00f3n de las armaduras es una de las patolog\u00edas presentes en el hormig\u00f3n armado que reduce tanto sus prestaciones mec\u00e1nicas como su durabilidad.<\/p>\n<p><b>Las estructuras est\u00e1n expuestas a la oxidaci\u00f3n de las armaduras debido principalmente al proceso de carbonataci\u00f3n<\/b>, que es fruto de la reacci\u00f3n del hidr\u00f3xido c\u00e1lcico (portlandita) con el di\u00f3xido de carbono atmosf\u00e9rico. \u201d<\/p>\n<h2><strong>3. Protecci\u00f3n cat\u00f3dica galv\u00e1nica de estructuras de hormig\u00f3n armado<\/strong><\/h2>\n<p>Art\u00edculo redactado por\u00a0<b>GABRIEL-\u00c0NGEL ORT\u00cdN RULL<\/b>. Descarga la revista para conocer los nuevos proyectos del \u00e1rea t\u00e9cnica en el sector de la construcci\u00f3n:<\/p>\n<p>\u201cEl art\u00edculo describe los fen\u00f3menos de\u00a0<b>corrosi\u00f3n en las estructuras de hormig\u00f3n armado, tanto los provocados por la carbonataci\u00f3n del hormig\u00f3n como los debidos a la afectaci\u00f3n por cloruros<\/b>, incidiendo en los m\u00e9todos de prevenci\u00f3n y protecci\u00f3n cat\u00f3dico-galv\u00e1nica, distinguiendo entre el de corriente impresa y el de \u00e1nodos galv\u00e1nicos.<\/p>\n<p>Se explica la escalera de nobleza de los metales y el principio de funcionamiento de la celda galv\u00e1nica. Se describe el desarrollo de las fases de la corrosi\u00f3n en el tiempo, seg\u00fan sea provocada por la carbonataci\u00f3n del hormig\u00f3n o por la presencia de cloruros.\u201d<\/p>\n<h2><strong>4. Sistema Steel Framing<\/strong><\/h2>\n<p>Art\u00edculo redactado por\u00a0<b>PASCUAL PESUDO<\/b>. Descarga la revista para conocer los nuevos proyectos del \u00e1rea t\u00e9cnica en el sector de la construcci\u00f3n:<\/p>\n<p>\u201cEl sistema constructivo \u201ccasas de acero\u201d se basa en el uso, como elementos resistentes, de perfiles de acero galvanizado de bajo grosor, obtenidos por un proceso de conformaci\u00f3n en fr\u00edo.<\/p>\n<p>Entonces, es\u00a0<b>un sistema extremadamente ligero y \u00aben seco\u00bb, con las correspondientes ventajas que ello conlleva<\/b>.<\/p>\n<p>Como resumen, el sistema contempla la integraci\u00f3n de tres conceptos:<\/p>\n<ul>\n<li aria-level=\"1\">La estructura realizada a partir de perfiler\u00eda de acero galvanizado conformada en fr\u00edo y unida mediante tornillos autoperforantes. Debido al proceso de conformado es posible optimizar la estructura permitiendo de esta forma todo tipo de configuraciones arquitect\u00f3nicas sin limitaciones de forma.<\/li>\n<li aria-level=\"1\">Las particiones interiores realizadas con la tecnolog\u00eda de la placa de yeso sobre esqueleto met\u00e1lico, soluci\u00f3n ampliamente conocida por sus altas prestaciones y calidad de acabados.<\/li>\n<li aria-level=\"1\">El acabado exterior o envolvente realizada con paneles hidr\u00f3fugos sobre los que es posible aplicar cualquier tipo de acabado tradicional.\u201d<\/li>\n<\/ul>\n<h2><strong>5. An\u00e1lisis del Ciclo de Vida. Soluciones de reparaci\u00f3n y mantenimiento para torres de refrigeraci\u00f3n<\/strong><\/h2>\n<p>Art\u00edculo redactado por\u00a0<b>RAM\u00d3N MART\u00cdNEZ<\/b>. Descarga la revista para conocer los nuevos proyectos del \u00e1rea t\u00e9cnica en el sector de la construcci\u00f3n:<\/p>\n<p>\u201cLas rehabilitaciones de las torres de refrigeraci\u00f3n en centrales el\u00e9ctricas son complejas debido a su forma y corta ventana de tiempo permitida para los trabajos de reparaci\u00f3n.<\/p>\n<p>Este art\u00edculo compara\u00a0<b>diferentes sistemas de protecci\u00f3n y reparaci\u00f3n disponibles, en relaci\u00f3n con la extensi\u00f3n de la vida \u00fatil estructural<\/b>, y muestra c\u00f3mo este sistema puede ayudar a proyectista y al contratista, en beneficio de cliente .<\/p>\n<p>Se lleva a cabo un An\u00e1lisis de Ciclo de Vida (ACV) de diferentes soluciones y materiales basados en experiencias pr\u00e1cticas de la vida real, para evaluar y comparar sus potenciales impactos ambientales.\u201d<\/p>\n<h2><strong>6. Consideraciones t\u00e9cnicas y econ\u00f3micas de forjados aligerados<\/strong><\/h2>\n<p>Art\u00edculo redactado por\u00a0<b>FRANCESCO GUIDETTI<\/b>. Descarga la revista para conocer los nuevos proyectos del \u00e1rea t\u00e9cnica en el sector de la construcci\u00f3n:<\/p>\n<p>\u201cActualmente el uso de losas para la ejecuci\u00f3n de forjados est\u00e1 muy generalizado en la construcci\u00f3n espa\u00f1ola.<\/p>\n<p>Sin embargo, todav\u00eda los forjados unidireccionales est\u00e1n muy extendidos aunque los primeros alcanzan cada vez m\u00e1s porcentaje de construcci\u00f3n sobre los segundos.<\/p>\n<p>Si tenemos en cuenta lo que actualmente se ejecuta, las vigas planas o de colgado se construyen s\u00f3lo en los pa\u00edses donde el coste de los materiales supera ampliamente el coste de la mano de obra. Sin embargo,\u00a0<b>en la mayor\u00eda de los pa\u00edses industrializados, se ejecutan normalmente forjados con losas.<\/b>\u201d<\/p>\n<h2><strong>7. Novedades en el M\u00e1ster en rehabilitaci\u00f3n y patolog\u00eda de estructuras<\/strong><\/h2>\n<p>Descarga la revista para conocer los nuevos proyectos del \u00e1rea t\u00e9cnica en el sector de la construcci\u00f3n:<\/p>\n<p>\u201cYa hace cuatro a\u00f1os que la ACE, a trav\u00e9s de <a href=\"https:\/\/entitats.cat\/fundacio-privada-institut-d-estudis-estructurals\" target=\"_blank\" rel=\"noopener noreferrer\">Instituto de Estudios Estructurales<\/a>\u00a0y con el apoyo tecnol\u00f3gico y comercial de Zigurat, puso en marcha el \u00abM\u00e1ster en Estructuras de Edificaci\u00f3n: Rehabilitaci\u00f3n y Patolog\u00eda basada en casos reales\u00bb.<\/p>\n<p>Las encuestas llevadas a cabo y la recogida de opiniones de los alumnos muestran que el m\u00e1ster alcanza su objetivo de forma m\u00e1s que notable: los participantes que lo superan adquieren la\u00a0<b>capacidad profesional necesaria para iniciar su carrera como consultores de estructuras especializados en patolog\u00eda y rehabilitaci\u00f3n<\/b>.\u201d<\/p>\n<h2><strong>8. Miscel\u00e1nea<\/strong><\/h2>\n<p>Una selecci\u00f3n de art\u00edculos de inter\u00e9s por parte de los socios protectores donde se ofrecen informaci\u00f3n de valor para los especialistas de c\u00e1lculo de estructuras.<\/p>\n<h2><strong>9. Lista de miembros de la asociaci\u00f3n<\/strong><\/h2>\n<p>Conoce a los miembros de la Asociaci\u00f3n Consultores de Estructuras. Podr\u00e1s ver a los nuevos integrantes que participan por el reconocimiento de la profesi\u00f3n dentro del mundo de la construcci\u00f3n.<\/p>\n","protected":false},"excerpt":{"rendered":"<ul>\n<li>1. Editorial<\/li>\n<li>2. Protecci\u00f3n y reparaci\u00f3n de estructuras de hormig\u00f3n, un inhibidor de corrosi\u00f3n efectivo y duradero en base silano MasterProtect 8000 CI<\/li>\n<li>3. Protecci\u00f3n cat\u00f3dica galv\u00e1nica de estructuras de hormig\u00f3n armado<\/li>\n<li>4. Sistema Steel Framing<\/li>\n<li>5. An\u00e1lisis del Ciclo de Vida. Soluciones de reparaci\u00f3n y mantenimiento para torres de refrigeraci\u00f3n<\/li>\n<li>6. Consideraciones t\u00e9cnicas y econ\u00f3micas de forjados aligerados<\/li>\n<li>7. Novedades en el M\u00e1ster en rehabilitaci\u00f3n y patolog\u00eda de estructuras<\/li>\n<li>8. Miscel\u00e1nea<\/li>\n<li>9. Lista de miembros de la asociaci\u00f3n<\/li>\n<\/ul>\n","protected":false},"featured_media":37584,"template":"","meta":{"_acf_changed":false,"site-sidebar-layout":"default","site-content-layout":"default","ast-global-header-display":"","ast-main-header-display":"","ast-hfb-above-header-display":"","ast-hfb-below-header-display":"","ast-hfb-mobile-header-display":"","site-post-title":"","ast-breadcrumbs-content":"","ast-featured-img":"","footer-sml-layout":"","theme-transparent-header-meta":"default","adv-header-id-meta":"","stick-header-meta":"","header-above-stick-meta":"","header-main-stick-meta":"","header-below-stick-meta":""},"product_brand":[],"product_cat":[595],"product_tag":[],"class_list":{"0":"post-39879","1":"product","2":"type-product","3":"status-publish","4":"has-post-thumbnail","6":"product_cat-cuaderno-de-estructuras","7":"desktop-align-left","8":"tablet-align-left","9":"mobile-align-left","11":"first","12":"instock","13":"taxable","14":"shipping-taxable","15":"purchasable","16":"product-type-variable","17":"has-default-attributes"},"acf":[],"yoast_head":"<!-- This site is optimized with the Yoast SEO plugin v27.1.1 - https:\/\/yoast.com\/product\/yoast-seo-wordpress\/ -->\n<title>Quaderns d&#039;Estructures 58 | ACE<\/title>\n<meta name=\"description\" content=\"Revista n\u00ba 58 con art\u00edculos de actualidad que tratan sobre la construcci\u00f3n de estructuras y que publica la Asociaci\u00f3n de Consultores de Estructuras (ACE).\" \/>\n<meta name=\"robots\" content=\"index, follow, max-snippet:-1, max-image-preview:large, max-video-preview:-1\" \/>\n<link rel=\"canonical\" href=\"https:\/\/aceweb.cat\/es\/producto\/quaderns-destructures-58\/\" \/>\n<meta property=\"og:locale\" content=\"es_ES\" \/>\n<meta property=\"og:type\" content=\"article\" \/>\n<meta property=\"og:title\" content=\"Quaderns d&#039;Estructures 58 | ACE\" \/>\n<meta property=\"og:description\" content=\"Revista n\u00ba 58 con art\u00edculos de actualidad que tratan sobre la construcci\u00f3n de estructuras y que publica la Asociaci\u00f3n de Consultores de Estructuras (ACE).\" \/>\n<meta property=\"og:url\" content=\"https:\/\/aceweb.cat\/es\/producto\/quaderns-destructures-58\/\" \/>\n<meta property=\"og:site_name\" content=\"aceweb.cat\" \/>\n<meta property=\"article:modified_time\" content=\"2023-03-17T13:52:37+00:00\" \/>\n<meta property=\"og:image\" content=\"https:\/\/aceweb.cat\/wp-content\/uploads\/2023\/02\/ACE-Quaderns-Estructures-058.jpg\" \/>\n\t<meta property=\"og:image:width\" content=\"724\" \/>\n\t<meta property=\"og:image:height\" content=\"1024\" \/>\n\t<meta property=\"og:image:type\" content=\"image\/jpeg\" \/>\n<meta name=\"twitter:card\" content=\"summary_large_image\" \/>\n<meta name=\"twitter:label1\" content=\"Tiempo de lectura\" \/>\n\t<meta name=\"twitter:data1\" content=\"6 minutos\" \/>\n<script type=\"application\/ld+json\" class=\"yoast-schema-graph\">{\"@context\":\"https:\/\/schema.org\",\"@graph\":[{\"@type\":\"WebPage\",\"@id\":\"https:\/\/aceweb.cat\/es\/producto\/quaderns-destructures-58\/\",\"url\":\"https:\/\/aceweb.cat\/es\/producto\/quaderns-destructures-58\/\",\"name\":\"Quaderns d'Estructures 58 | ACE\",\"isPartOf\":{\"@id\":\"https:\/\/aceweb.cat\/#website\"},\"primaryImageOfPage\":{\"@id\":\"https:\/\/aceweb.cat\/es\/producto\/quaderns-destructures-58\/#primaryimage\"},\"image\":{\"@id\":\"https:\/\/aceweb.cat\/es\/producto\/quaderns-destructures-58\/#primaryimage\"},\"thumbnailUrl\":\"https:\/\/aceweb.cat\/wp-content\/uploads\/2023\/02\/ACE-Quaderns-Estructures-058.jpg\",\"datePublished\":\"2023-01-11T10:00:22+00:00\",\"dateModified\":\"2023-03-17T13:52:37+00:00\",\"description\":\"Revista n\u00ba 58 con art\u00edculos de actualidad que tratan sobre la construcci\u00f3n de estructuras y que publica la Asociaci\u00f3n de Consultores de Estructuras (ACE).\",\"breadcrumb\":{\"@id\":\"https:\/\/aceweb.cat\/es\/producto\/quaderns-destructures-58\/#breadcrumb\"},\"inLanguage\":\"es\",\"potentialAction\":[{\"@type\":\"ReadAction\",\"target\":[\"https:\/\/aceweb.cat\/es\/producto\/quaderns-destructures-58\/\"]}]},{\"@type\":\"ImageObject\",\"inLanguage\":\"es\",\"@id\":\"https:\/\/aceweb.cat\/es\/producto\/quaderns-destructures-58\/#primaryimage\",\"url\":\"https:\/\/aceweb.cat\/wp-content\/uploads\/2023\/02\/ACE-Quaderns-Estructures-058.jpg\",\"contentUrl\":\"https:\/\/aceweb.cat\/wp-content\/uploads\/2023\/02\/ACE-Quaderns-Estructures-058.jpg\",\"width\":724,\"height\":1024},{\"@type\":\"BreadcrumbList\",\"@id\":\"https:\/\/aceweb.cat\/es\/producto\/quaderns-destructures-58\/#breadcrumb\",\"itemListElement\":[{\"@type\":\"ListItem\",\"position\":1,\"name\":\"Inici\",\"item\":\"https:\/\/aceweb.cat\/\"},{\"@type\":\"ListItem\",\"position\":2,\"name\":\"Tienda\",\"item\":\"https:\/\/aceweb.cat\/es\/tienda\/\"},{\"@type\":\"ListItem\",\"position\":3,\"name\":\"Quadern d\u2019Estructures\",\"item\":\"https:\/\/aceweb.cat\/es\/categoria-producto\/cuaderno-de-estructuras\/\"},{\"@type\":\"ListItem\",\"position\":4,\"name\":\"Quaderns d&#8217;Estructures 58\"}]},{\"@type\":\"WebSite\",\"@id\":\"https:\/\/aceweb.cat\/#website\",\"url\":\"https:\/\/aceweb.cat\/\",\"name\":\"ACE\",\"description\":\"Associaci\u00f3 de Consultors d&#039;Estructures | ACE\",\"publisher\":{\"@id\":\"https:\/\/aceweb.cat\/#organization\"},\"alternateName\":\"ACE\",\"potentialAction\":[{\"@type\":\"SearchAction\",\"target\":{\"@type\":\"EntryPoint\",\"urlTemplate\":\"https:\/\/aceweb.cat\/?s={search_term_string}\"},\"query-input\":{\"@type\":\"PropertyValueSpecification\",\"valueRequired\":true,\"valueName\":\"search_term_string\"}}],\"inLanguage\":\"es\"},{\"@type\":\"Organization\",\"@id\":\"https:\/\/aceweb.cat\/#organization\",\"name\":\"ACE\",\"alternateName\":\"ACE\",\"url\":\"https:\/\/aceweb.cat\/\",\"logo\":{\"@type\":\"ImageObject\",\"inLanguage\":\"es\",\"@id\":\"https:\/\/aceweb.cat\/#\/schema\/logo\/image\/\",\"url\":\"https:\/\/aceweb.cat\/wp-content\/uploads\/2022\/10\/logo.svg\",\"contentUrl\":\"https:\/\/aceweb.cat\/wp-content\/uploads\/2022\/10\/logo.svg\",\"width\":1,\"height\":1,\"caption\":\"ACE\"},\"image\":{\"@id\":\"https:\/\/aceweb.cat\/#\/schema\/logo\/image\/\"}}]}<\/script>\n<!-- \/ Yoast SEO plugin. -->","yoast_head_json":{"title":"Quaderns d'Estructures 58 | ACE","description":"Revista n\u00ba 58 con art\u00edculos de actualidad que tratan sobre la construcci\u00f3n de estructuras y que publica la Asociaci\u00f3n de Consultores de Estructuras (ACE).","robots":{"index":"index","follow":"follow","max-snippet":"max-snippet:-1","max-image-preview":"max-image-preview:large","max-video-preview":"max-video-preview:-1"},"canonical":"https:\/\/aceweb.cat\/es\/producto\/quaderns-destructures-58\/","og_locale":"es_ES","og_type":"article","og_title":"Quaderns d'Estructures 58 | ACE","og_description":"Revista n\u00ba 58 con art\u00edculos de actualidad que tratan sobre la construcci\u00f3n de estructuras y que publica la Asociaci\u00f3n de Consultores de Estructuras (ACE).","og_url":"https:\/\/aceweb.cat\/es\/producto\/quaderns-destructures-58\/","og_site_name":"aceweb.cat","article_modified_time":"2023-03-17T13:52:37+00:00","og_image":[{"width":724,"height":1024,"url":"https:\/\/aceweb.cat\/wp-content\/uploads\/2023\/02\/ACE-Quaderns-Estructures-058.jpg","type":"image\/jpeg"}],"twitter_card":"summary_large_image","twitter_misc":{"Tiempo de lectura":"6 minutos"},"schema":{"@context":"https:\/\/schema.org","@graph":[{"@type":"WebPage","@id":"https:\/\/aceweb.cat\/es\/producto\/quaderns-destructures-58\/","url":"https:\/\/aceweb.cat\/es\/producto\/quaderns-destructures-58\/","name":"Quaderns d'Estructures 58 | ACE","isPartOf":{"@id":"https:\/\/aceweb.cat\/#website"},"primaryImageOfPage":{"@id":"https:\/\/aceweb.cat\/es\/producto\/quaderns-destructures-58\/#primaryimage"},"image":{"@id":"https:\/\/aceweb.cat\/es\/producto\/quaderns-destructures-58\/#primaryimage"},"thumbnailUrl":"https:\/\/aceweb.cat\/wp-content\/uploads\/2023\/02\/ACE-Quaderns-Estructures-058.jpg","datePublished":"2023-01-11T10:00:22+00:00","dateModified":"2023-03-17T13:52:37+00:00","description":"Revista n\u00ba 58 con art\u00edculos de actualidad que tratan sobre la construcci\u00f3n de estructuras y que publica la Asociaci\u00f3n de Consultores de Estructuras (ACE).","breadcrumb":{"@id":"https:\/\/aceweb.cat\/es\/producto\/quaderns-destructures-58\/#breadcrumb"},"inLanguage":"es","potentialAction":[{"@type":"ReadAction","target":["https:\/\/aceweb.cat\/es\/producto\/quaderns-destructures-58\/"]}]},{"@type":"ImageObject","inLanguage":"es","@id":"https:\/\/aceweb.cat\/es\/producto\/quaderns-destructures-58\/#primaryimage","url":"https:\/\/aceweb.cat\/wp-content\/uploads\/2023\/02\/ACE-Quaderns-Estructures-058.jpg","contentUrl":"https:\/\/aceweb.cat\/wp-content\/uploads\/2023\/02\/ACE-Quaderns-Estructures-058.jpg","width":724,"height":1024},{"@type":"BreadcrumbList","@id":"https:\/\/aceweb.cat\/es\/producto\/quaderns-destructures-58\/#breadcrumb","itemListElement":[{"@type":"ListItem","position":1,"name":"Inici","item":"https:\/\/aceweb.cat\/"},{"@type":"ListItem","position":2,"name":"Tienda","item":"https:\/\/aceweb.cat\/es\/tienda\/"},{"@type":"ListItem","position":3,"name":"Quadern d\u2019Estructures","item":"https:\/\/aceweb.cat\/es\/categoria-producto\/cuaderno-de-estructuras\/"},{"@type":"ListItem","position":4,"name":"Quaderns d&#8217;Estructures 58"}]},{"@type":"WebSite","@id":"https:\/\/aceweb.cat\/#website","url":"https:\/\/aceweb.cat\/","name":"ACE","description":"Associaci\u00f3 de Consultors d&#039;Estructures | ACE","publisher":{"@id":"https:\/\/aceweb.cat\/#organization"},"alternateName":"ACE","potentialAction":[{"@type":"SearchAction","target":{"@type":"EntryPoint","urlTemplate":"https:\/\/aceweb.cat\/?s={search_term_string}"},"query-input":{"@type":"PropertyValueSpecification","valueRequired":true,"valueName":"search_term_string"}}],"inLanguage":"es"},{"@type":"Organization","@id":"https:\/\/aceweb.cat\/#organization","name":"ACE","alternateName":"ACE","url":"https:\/\/aceweb.cat\/","logo":{"@type":"ImageObject","inLanguage":"es","@id":"https:\/\/aceweb.cat\/#\/schema\/logo\/image\/","url":"https:\/\/aceweb.cat\/wp-content\/uploads\/2022\/10\/logo.svg","contentUrl":"https:\/\/aceweb.cat\/wp-content\/uploads\/2022\/10\/logo.svg","width":1,"height":1,"caption":"ACE"},"image":{"@id":"https:\/\/aceweb.cat\/#\/schema\/logo\/image\/"}}]}},"_links":{"self":[{"href":"https:\/\/aceweb.cat\/es\/wp-json\/wp\/v2\/product\/39879","targetHints":{"allow":["GET"]}}],"collection":[{"href":"https:\/\/aceweb.cat\/es\/wp-json\/wp\/v2\/product"}],"about":[{"href":"https:\/\/aceweb.cat\/es\/wp-json\/wp\/v2\/types\/product"}],"version-history":[{"count":1,"href":"https:\/\/aceweb.cat\/es\/wp-json\/wp\/v2\/product\/39879\/revisions"}],"predecessor-version":[{"id":40514,"href":"https:\/\/aceweb.cat\/es\/wp-json\/wp\/v2\/product\/39879\/revisions\/40514"}],"wp:featuredmedia":[{"embeddable":true,"href":"https:\/\/aceweb.cat\/es\/wp-json\/wp\/v2\/media\/37584"}],"wp:attachment":[{"href":"https:\/\/aceweb.cat\/es\/wp-json\/wp\/v2\/media?parent=39879"}],"wp:term":[{"taxonomy":"product_brand","embeddable":true,"href":"https:\/\/aceweb.cat\/es\/wp-json\/wp\/v2\/product_brand?post=39879"},{"taxonomy":"product_cat","embeddable":true,"href":"https:\/\/aceweb.cat\/es\/wp-json\/wp\/v2\/product_cat?post=39879"},{"taxonomy":"product_tag","embeddable":true,"href":"https:\/\/aceweb.cat\/es\/wp-json\/wp\/v2\/product_tag?post=39879"}],"curies":[{"name":"wp","href":"https:\/\/api.w.org\/{rel}","templated":true}]}}