{"id":39882,"date":"2023-01-12T10:00:51","date_gmt":"2023-01-12T10:00:51","guid":{"rendered":"https:\/\/www.aceweb.advertis.es\/producto\/quaderns-destructures-59\/"},"modified":"2023-03-17T14:00:40","modified_gmt":"2023-03-17T14:00:40","slug":"quaderns-destructures-59","status":"publish","type":"product","link":"https:\/\/aceweb.cat\/es\/producto\/quaderns-destructures-59\/","title":{"rendered":"Quaderns d&#8217;Estructures 59"},"content":{"rendered":"<p>Este n\u00famero incluye:<\/p>\n<h2><strong>1. Editorial<\/strong><\/h2>\n<p>Art\u00edculo redactado por\u00a0<b>MART\u00cd CABESTANY<\/b>. Descarga la revista para conocer los nuevos proyectos del \u00e1rea t\u00e9cnica en el sector de la construcci\u00f3n:<\/p>\n<p><i>\u201cEl pasado jueves 25 de mayo, en el espacio que la ACE mont\u00f3 en Construmat, se celebr\u00f3 la entrega de premios de la IV edici\u00f3n de los Premios ACE, dos hechos que nos llenan de orgullo. Por un lado hemos estado, por segunda vez, presentes en la feria de la construcci\u00f3n, rodeados de socios protectores.<\/i><\/p>\n<p><i>Gracias a ellos, nuestra asociaci\u00f3n ha disfrutado de un espacio, que este a\u00f1o ha brillado con luz propia, donde poder desarrollar aquellas actividades propias de una feria: charlas, conferencias, presentaci\u00f3n de estudios, l &#8216;Asamblea anual y la entrega de premios.<\/i><i>\u201d<\/i><\/p>\n<h2><strong>2. Puente Nelson Mandela sobre el r\u00edo Llobregat<\/strong><\/h2>\n<p>Art\u00edculo redactado por\u00a0<b>MANUEL REVENTOSO Y ROVIRA<\/b>. <b>Premio a la mejor obra de estructura. <\/b>Descarga la revista para conocer los nuevos proyectos del \u00e1rea t\u00e9cnica en el sector de la construcci\u00f3n:<\/p>\n<p>\u201cEl \u00faltimo puente sobre el R\u00edo Llobregat se finaliz\u00f3 durante el 2015, y con 150 m de luz,\u00a0<b>se convirti\u00f3 en el mayor arco de Catalu\u00f1a<\/b>. Aparte del reto t\u00e9cnico que supuso su proyecto y ejecuci\u00f3n, el puente es una pieza ic\u00f3nica que es visible desde los aviones que aterrizan en el Aeropuerto del Prat.<\/p>\n<p>Es una de las puertas de entrada a Barcelona. inicialmente lo conoc\u00edamos como Puente de la Garganta del Llobregat pero en febrero de 2016 el Ayuntamiento de El Prat del Llobregat lo bautiz\u00f3 como\u00a0<a href=\"https:\/\/es.wikipedia.org\/wiki\/Puente_Nelson_Mandela_(El_Prat_de_Llobregat)\" target=\"_blank\" rel=\"noopener noreferrer\">Puente Nelson Mandela<\/a>\u00a0en honor del pol\u00edtico sudafricano.\u201d<\/p>\n<h2><strong>3. Restauraci\u00f3n y refuerzo estructural del campanario de la iglesia de Vistabella, obra de Jos\u00e9 Mar\u00eda Jujol<\/strong><\/h2>\n<p>Art\u00edculo redactado por\u00a0<b>ROGER SE\u00d1\u00cdS L\u00d3PEZ<\/b>. <b>Premio a la mejor obra de estructura peque\u00f1a. <\/b>Descarga la revista para conocer los nuevos proyectos del \u00e1rea t\u00e9cnica en el sector de la construcci\u00f3n:<\/p>\n<p>\u201cLa iglesia del Sagrado Coraz\u00f3n de Jes\u00fas de Vistabella (La Secuita, Tarragona), que data de 1923 (encargo de 1917), es obra del arquitecto Josep Maria Jujol (1879-1949) como se documenta en el Plan Director del a\u00f1o 2008.\u201d<\/p>\n<h2><strong>4. Anillos no circulares<\/strong><\/h2>\n<p>Art\u00edculo redactado por\u00a0<b>RODRIGO MART\u00cdN-S\u00c1IZ. Premio al mejor trabajo de investigaci\u00f3n, estudio o informe.<\/b>\u00a0Descarga la revista para conocer los nuevos proyectos del \u00e1rea t\u00e9cnica en el sector de la construcci\u00f3n:<\/p>\n<p>\u201cEn las cubiertas tensadas y de grandes luces resulta m\u00e1s ventajoso absorber las fuerzas internas de forma aut\u00f3noma, mediante elementos r\u00edgidos equilibrantes, que utilizando elementos o recursos de fuera de la estructura.<\/p>\n<p><b>Los elementos r\u00edgidos equilibrantes forman un circuito cerrado de fuerzas y convierten la estructura (internamiento hiperest\u00e1tica) en externamente isost\u00e1tica<\/b>. Si la estructura es espacial, estos elementos tienen forma de anillo o pol\u00edgono r\u00edgido de compresi\u00f3n.\u201d<\/p>\n<h2><strong>5. Hospital IESS Machala<\/strong><\/h2>\n<p>Art\u00edculo redactado por\u00a0<b>PMMT Forward Thinking Healthcare Architecture\u00a0<\/b>y<b>\u00a0BIS STRUCTURAS<\/b>. Descarga la revista para conocer los nuevos proyectos del \u00e1rea t\u00e9cnica en el sector de la construcci\u00f3n:<\/p>\n<p>\u201cEdificio de 48.000 m<sup>2<\/sup>\u00a0de estructura met\u00e1lica galvanizada con un peso total de 1.600 Tn en perfiles armados y vigas tipo Boyd, todos ellos con uniones atornilladas en obra. La cimentaci\u00f3n es de tipolog\u00eda profunda resuelta mediante pilotos prefabricados hincados.\u201d<\/p>\n<h2><strong>6. Transformaci\u00f3n de la antigua sede de la BBK en edificio comercial y de oficinas<\/strong><\/h2>\n<p>Art\u00edculo redactado por\u00a0<b>ROBERT BRUFAU Y NIUB\u00d3\u00a0<\/b>y<b>\u00a0DIGO MART\u00cdN-S\u00c1IZ<\/b>. Descarga la revista para conocer los nuevos proyectos del \u00e1rea t\u00e9cnica en el sector de la construcci\u00f3n:<\/p>\n<p>\u201cEl edificio de la antigua sede de la BBK en la Gran V\u00eda de Bilbao fue adquirido por una conocida marca de ropa, con la intenci\u00f3n de convertirlo en uno de sus mayores centros comerciales.\u201d<\/p>\n<p>&gt;<\/p>\n<h2><strong>7. Escala \u00abh\u00e9lice\u00bb en el Centro Gl\u00f2ries Diagonal \u00abel mercado\u00bb<\/strong><\/h2>\n<p>Art\u00edculo redactado por\u00a0<b>JOSEP BAQUER SISTACH<\/b>. Descarga la revista para conocer los nuevos proyectos del \u00e1rea t\u00e9cnica en el sector de la construcci\u00f3n:<\/p>\n<p>\u201cLa escalera circular que presentamos, deb\u00eda ser toda ella de cristal. La Propiedad realiz\u00f3 un estudio de precios y plazos de ejecuci\u00f3n, y decidi\u00f3 cambiar de sistema, sin renunciar a que fuera lo m\u00e1s transparente posible. Fue entonces cuando se me pidi\u00f3 mi colaboraci\u00f3n.<\/p>\n<p><b>Junto con la arquitecta Gisela Silva del equipo de L35 Arquitectos y yo mismo, Josep Baquer (ACE)<\/b>, pusimos manos a la obra en cuanto al dise\u00f1o y c\u00e1lculo. La idea inicial fue del arquitecto Jos\u00e9 Ignacio Gal\u00e1n (\u20202015).\u201d<\/p>\n<h2><strong>8. Pasera peatonal en la ampliaci\u00f3n del parque de Can Buxeres<\/strong><\/h2>\n<p>Art\u00edculo redactado por\u00a0<b>XAVIER FALGUERA VALVERDE<\/b>. Descarga la revista para conocer los nuevos proyectos del \u00e1rea t\u00e9cnica en el sector de la construcci\u00f3n:<\/p>\n<p>\u201cSe trata de\u00a0<b>la pasarela peatonal que sirve para comunicar el existente parque de Can Buxeres con la ampliaci\u00f3n de este parque<\/b>, situado en Hospitalet de Llobregat.<\/p>\n<p>El proyecto de la ampliaci\u00f3n, donde existen otras actuaciones estructurales y de urbanizaci\u00f3n, ha sido redactado por los arquitectos Elena Valls, Anna Planas, Pep Buxad\u00e9 y Chiara Segatti.\u201d<\/p>\n<h2><strong>9. Miscel\u00e1nea<\/strong><\/h2>\n<p>Una selecci\u00f3n de art\u00edculos de inter\u00e9s por parte de los socios protectores donde se ofrecen informaci\u00f3n de valor para los especialistas de c\u00e1lculo de estructuras.<\/p>\n<h2><strong>10. Lista de\u00a0miembros\u00a0de la asociaci\u00f3n<\/strong><\/h2>\n<p>Conoce a los miembros de la Asociaci\u00f3n Consultores de Estructuras. Podr\u00e1s ver a los nuevos integrantes que participan por el reconocimiento de la profesi\u00f3n dentro del mundo de la construcci\u00f3n.<\/p>\n","protected":false},"excerpt":{"rendered":"<ul>\n<li>1. Editorial<\/li>\n<li>2. Puente Nelson Mandela sobre el r\u00edo Llobregat<\/li>\n<li>3. Restauraci\u00f3n y refuerzo estructural del campanario de la iglesia de Vistabella, obra de Jos\u00e9 Mar\u00eda Jujol<\/li>\n<li>4. Anillos no circulares<\/li>\n<li>5. Hospital IESS Machala<\/li>\n<li>6. Transformaci\u00f3n de la antigua sede de la BBK en edificio comercial y de oficinas<\/li>\n<li>7. Escala \u00abh\u00e9lice\u00bb en el Centro Gl\u00f2ries Diagonal \u00abel mercado\u00bb<\/li>\n<li>8. Pasera peatonal en la ampliaci\u00f3n del parque de Can Buxeres<\/li>\n<li>9. Miscel\u00e1nea<\/li>\n<li>10. Lista de miembros de la asociaci\u00f3n<\/li>\n<\/ul>\n","protected":false},"featured_media":37572,"template":"","meta":{"_acf_changed":false,"site-sidebar-layout":"default","site-content-layout":"default","ast-global-header-display":"","ast-main-header-display":"","ast-hfb-above-header-display":"","ast-hfb-below-header-display":"","ast-hfb-mobile-header-display":"","site-post-title":"","ast-breadcrumbs-content":"","ast-featured-img":"","footer-sml-layout":"","theme-transparent-header-meta":"default","adv-header-id-meta":"","stick-header-meta":"","header-above-stick-meta":"","header-main-stick-meta":"","header-below-stick-meta":""},"product_brand":[],"product_cat":[595],"product_tag":[],"class_list":{"0":"post-39882","1":"product","2":"type-product","3":"status-publish","4":"has-post-thumbnail","6":"product_cat-cuaderno-de-estructuras","7":"desktop-align-left","8":"tablet-align-left","9":"mobile-align-left","11":"first","12":"instock","13":"taxable","14":"shipping-taxable","15":"purchasable","16":"product-type-variable","17":"has-default-attributes"},"acf":[],"yoast_head":"<!-- This site is optimized with the Yoast SEO plugin v27.1.1 - https:\/\/yoast.com\/product\/yoast-seo-wordpress\/ -->\n<title>Quaderns d&#039;Estructures 59 | ACE<\/title>\n<meta name=\"description\" content=\"Revista n\u00ba 59 con art\u00edculos de actualidad que tratan sobre la construcci\u00f3n de estructuras y que publica la Asociaci\u00f3n de Consultores de Estructuras (ACE).\" \/>\n<meta name=\"robots\" content=\"index, follow, max-snippet:-1, max-image-preview:large, max-video-preview:-1\" \/>\n<link rel=\"canonical\" href=\"https:\/\/aceweb.cat\/es\/producto\/quaderns-destructures-59\/\" \/>\n<meta property=\"og:locale\" content=\"es_ES\" \/>\n<meta property=\"og:type\" content=\"article\" \/>\n<meta property=\"og:title\" content=\"Quaderns d&#039;Estructures 59 | ACE\" \/>\n<meta property=\"og:description\" content=\"Revista n\u00ba 59 con art\u00edculos de actualidad que tratan sobre la construcci\u00f3n de estructuras y que publica la Asociaci\u00f3n de Consultores de Estructuras (ACE).\" \/>\n<meta property=\"og:url\" content=\"https:\/\/aceweb.cat\/es\/producto\/quaderns-destructures-59\/\" \/>\n<meta property=\"og:site_name\" content=\"aceweb.cat\" \/>\n<meta property=\"article:modified_time\" content=\"2023-03-17T14:00:40+00:00\" \/>\n<meta property=\"og:image\" content=\"https:\/\/aceweb.cat\/wp-content\/uploads\/2023\/02\/ACE-Quaderns-Estructures-059.jpg\" \/>\n\t<meta property=\"og:image:width\" content=\"724\" \/>\n\t<meta property=\"og:image:height\" content=\"1024\" \/>\n\t<meta property=\"og:image:type\" content=\"image\/jpeg\" \/>\n<meta name=\"twitter:card\" content=\"summary_large_image\" \/>\n<meta name=\"twitter:label1\" content=\"Tiempo de lectura\" \/>\n\t<meta name=\"twitter:data1\" content=\"5 minutos\" \/>\n<script type=\"application\/ld+json\" class=\"yoast-schema-graph\">{\"@context\":\"https:\/\/schema.org\",\"@graph\":[{\"@type\":\"WebPage\",\"@id\":\"https:\/\/aceweb.cat\/es\/producto\/quaderns-destructures-59\/\",\"url\":\"https:\/\/aceweb.cat\/es\/producto\/quaderns-destructures-59\/\",\"name\":\"Quaderns d'Estructures 59 | ACE\",\"isPartOf\":{\"@id\":\"https:\/\/aceweb.cat\/#website\"},\"primaryImageOfPage\":{\"@id\":\"https:\/\/aceweb.cat\/es\/producto\/quaderns-destructures-59\/#primaryimage\"},\"image\":{\"@id\":\"https:\/\/aceweb.cat\/es\/producto\/quaderns-destructures-59\/#primaryimage\"},\"thumbnailUrl\":\"https:\/\/aceweb.cat\/wp-content\/uploads\/2023\/02\/ACE-Quaderns-Estructures-059.jpg\",\"datePublished\":\"2023-01-12T10:00:51+00:00\",\"dateModified\":\"2023-03-17T14:00:40+00:00\",\"description\":\"Revista n\u00ba 59 con art\u00edculos de actualidad que tratan sobre la construcci\u00f3n de estructuras y que publica la Asociaci\u00f3n de Consultores de Estructuras (ACE).\",\"breadcrumb\":{\"@id\":\"https:\/\/aceweb.cat\/es\/producto\/quaderns-destructures-59\/#breadcrumb\"},\"inLanguage\":\"es\",\"potentialAction\":[{\"@type\":\"ReadAction\",\"target\":[\"https:\/\/aceweb.cat\/es\/producto\/quaderns-destructures-59\/\"]}]},{\"@type\":\"ImageObject\",\"inLanguage\":\"es\",\"@id\":\"https:\/\/aceweb.cat\/es\/producto\/quaderns-destructures-59\/#primaryimage\",\"url\":\"https:\/\/aceweb.cat\/wp-content\/uploads\/2023\/02\/ACE-Quaderns-Estructures-059.jpg\",\"contentUrl\":\"https:\/\/aceweb.cat\/wp-content\/uploads\/2023\/02\/ACE-Quaderns-Estructures-059.jpg\",\"width\":724,\"height\":1024},{\"@type\":\"BreadcrumbList\",\"@id\":\"https:\/\/aceweb.cat\/es\/producto\/quaderns-destructures-59\/#breadcrumb\",\"itemListElement\":[{\"@type\":\"ListItem\",\"position\":1,\"name\":\"Inici\",\"item\":\"https:\/\/aceweb.cat\/\"},{\"@type\":\"ListItem\",\"position\":2,\"name\":\"Tienda\",\"item\":\"https:\/\/aceweb.cat\/es\/tienda\/\"},{\"@type\":\"ListItem\",\"position\":3,\"name\":\"Quadern d\u2019Estructures\",\"item\":\"https:\/\/aceweb.cat\/es\/categoria-producto\/cuaderno-de-estructuras\/\"},{\"@type\":\"ListItem\",\"position\":4,\"name\":\"Quaderns d&#8217;Estructures 59\"}]},{\"@type\":\"WebSite\",\"@id\":\"https:\/\/aceweb.cat\/#website\",\"url\":\"https:\/\/aceweb.cat\/\",\"name\":\"ACE\",\"description\":\"Associaci\u00f3 de Consultors d&#039;Estructures | ACE\",\"publisher\":{\"@id\":\"https:\/\/aceweb.cat\/#organization\"},\"alternateName\":\"ACE\",\"potentialAction\":[{\"@type\":\"SearchAction\",\"target\":{\"@type\":\"EntryPoint\",\"urlTemplate\":\"https:\/\/aceweb.cat\/?s={search_term_string}\"},\"query-input\":{\"@type\":\"PropertyValueSpecification\",\"valueRequired\":true,\"valueName\":\"search_term_string\"}}],\"inLanguage\":\"es\"},{\"@type\":\"Organization\",\"@id\":\"https:\/\/aceweb.cat\/#organization\",\"name\":\"ACE\",\"alternateName\":\"ACE\",\"url\":\"https:\/\/aceweb.cat\/\",\"logo\":{\"@type\":\"ImageObject\",\"inLanguage\":\"es\",\"@id\":\"https:\/\/aceweb.cat\/#\/schema\/logo\/image\/\",\"url\":\"https:\/\/aceweb.cat\/wp-content\/uploads\/2022\/10\/logo.svg\",\"contentUrl\":\"https:\/\/aceweb.cat\/wp-content\/uploads\/2022\/10\/logo.svg\",\"width\":1,\"height\":1,\"caption\":\"ACE\"},\"image\":{\"@id\":\"https:\/\/aceweb.cat\/#\/schema\/logo\/image\/\"}}]}<\/script>\n<!-- \/ Yoast SEO plugin. -->","yoast_head_json":{"title":"Quaderns d'Estructures 59 | ACE","description":"Revista n\u00ba 59 con art\u00edculos de actualidad que tratan sobre la construcci\u00f3n de estructuras y que publica la Asociaci\u00f3n de Consultores de Estructuras (ACE).","robots":{"index":"index","follow":"follow","max-snippet":"max-snippet:-1","max-image-preview":"max-image-preview:large","max-video-preview":"max-video-preview:-1"},"canonical":"https:\/\/aceweb.cat\/es\/producto\/quaderns-destructures-59\/","og_locale":"es_ES","og_type":"article","og_title":"Quaderns d'Estructures 59 | ACE","og_description":"Revista n\u00ba 59 con art\u00edculos de actualidad que tratan sobre la construcci\u00f3n de estructuras y que publica la Asociaci\u00f3n de Consultores de Estructuras (ACE).","og_url":"https:\/\/aceweb.cat\/es\/producto\/quaderns-destructures-59\/","og_site_name":"aceweb.cat","article_modified_time":"2023-03-17T14:00:40+00:00","og_image":[{"width":724,"height":1024,"url":"https:\/\/aceweb.cat\/wp-content\/uploads\/2023\/02\/ACE-Quaderns-Estructures-059.jpg","type":"image\/jpeg"}],"twitter_card":"summary_large_image","twitter_misc":{"Tiempo de lectura":"5 minutos"},"schema":{"@context":"https:\/\/schema.org","@graph":[{"@type":"WebPage","@id":"https:\/\/aceweb.cat\/es\/producto\/quaderns-destructures-59\/","url":"https:\/\/aceweb.cat\/es\/producto\/quaderns-destructures-59\/","name":"Quaderns d'Estructures 59 | ACE","isPartOf":{"@id":"https:\/\/aceweb.cat\/#website"},"primaryImageOfPage":{"@id":"https:\/\/aceweb.cat\/es\/producto\/quaderns-destructures-59\/#primaryimage"},"image":{"@id":"https:\/\/aceweb.cat\/es\/producto\/quaderns-destructures-59\/#primaryimage"},"thumbnailUrl":"https:\/\/aceweb.cat\/wp-content\/uploads\/2023\/02\/ACE-Quaderns-Estructures-059.jpg","datePublished":"2023-01-12T10:00:51+00:00","dateModified":"2023-03-17T14:00:40+00:00","description":"Revista n\u00ba 59 con art\u00edculos de actualidad que tratan sobre la construcci\u00f3n de estructuras y que publica la Asociaci\u00f3n de Consultores de Estructuras (ACE).","breadcrumb":{"@id":"https:\/\/aceweb.cat\/es\/producto\/quaderns-destructures-59\/#breadcrumb"},"inLanguage":"es","potentialAction":[{"@type":"ReadAction","target":["https:\/\/aceweb.cat\/es\/producto\/quaderns-destructures-59\/"]}]},{"@type":"ImageObject","inLanguage":"es","@id":"https:\/\/aceweb.cat\/es\/producto\/quaderns-destructures-59\/#primaryimage","url":"https:\/\/aceweb.cat\/wp-content\/uploads\/2023\/02\/ACE-Quaderns-Estructures-059.jpg","contentUrl":"https:\/\/aceweb.cat\/wp-content\/uploads\/2023\/02\/ACE-Quaderns-Estructures-059.jpg","width":724,"height":1024},{"@type":"BreadcrumbList","@id":"https:\/\/aceweb.cat\/es\/producto\/quaderns-destructures-59\/#breadcrumb","itemListElement":[{"@type":"ListItem","position":1,"name":"Inici","item":"https:\/\/aceweb.cat\/"},{"@type":"ListItem","position":2,"name":"Tienda","item":"https:\/\/aceweb.cat\/es\/tienda\/"},{"@type":"ListItem","position":3,"name":"Quadern d\u2019Estructures","item":"https:\/\/aceweb.cat\/es\/categoria-producto\/cuaderno-de-estructuras\/"},{"@type":"ListItem","position":4,"name":"Quaderns d&#8217;Estructures 59"}]},{"@type":"WebSite","@id":"https:\/\/aceweb.cat\/#website","url":"https:\/\/aceweb.cat\/","name":"ACE","description":"Associaci\u00f3 de Consultors d&#039;Estructures | ACE","publisher":{"@id":"https:\/\/aceweb.cat\/#organization"},"alternateName":"ACE","potentialAction":[{"@type":"SearchAction","target":{"@type":"EntryPoint","urlTemplate":"https:\/\/aceweb.cat\/?s={search_term_string}"},"query-input":{"@type":"PropertyValueSpecification","valueRequired":true,"valueName":"search_term_string"}}],"inLanguage":"es"},{"@type":"Organization","@id":"https:\/\/aceweb.cat\/#organization","name":"ACE","alternateName":"ACE","url":"https:\/\/aceweb.cat\/","logo":{"@type":"ImageObject","inLanguage":"es","@id":"https:\/\/aceweb.cat\/#\/schema\/logo\/image\/","url":"https:\/\/aceweb.cat\/wp-content\/uploads\/2022\/10\/logo.svg","contentUrl":"https:\/\/aceweb.cat\/wp-content\/uploads\/2022\/10\/logo.svg","width":1,"height":1,"caption":"ACE"},"image":{"@id":"https:\/\/aceweb.cat\/#\/schema\/logo\/image\/"}}]}},"_links":{"self":[{"href":"https:\/\/aceweb.cat\/es\/wp-json\/wp\/v2\/product\/39882","targetHints":{"allow":["GET"]}}],"collection":[{"href":"https:\/\/aceweb.cat\/es\/wp-json\/wp\/v2\/product"}],"about":[{"href":"https:\/\/aceweb.cat\/es\/wp-json\/wp\/v2\/types\/product"}],"version-history":[{"count":1,"href":"https:\/\/aceweb.cat\/es\/wp-json\/wp\/v2\/product\/39882\/revisions"}],"predecessor-version":[{"id":40519,"href":"https:\/\/aceweb.cat\/es\/wp-json\/wp\/v2\/product\/39882\/revisions\/40519"}],"wp:featuredmedia":[{"embeddable":true,"href":"https:\/\/aceweb.cat\/es\/wp-json\/wp\/v2\/media\/37572"}],"wp:attachment":[{"href":"https:\/\/aceweb.cat\/es\/wp-json\/wp\/v2\/media?parent=39882"}],"wp:term":[{"taxonomy":"product_brand","embeddable":true,"href":"https:\/\/aceweb.cat\/es\/wp-json\/wp\/v2\/product_brand?post=39882"},{"taxonomy":"product_cat","embeddable":true,"href":"https:\/\/aceweb.cat\/es\/wp-json\/wp\/v2\/product_cat?post=39882"},{"taxonomy":"product_tag","embeddable":true,"href":"https:\/\/aceweb.cat\/es\/wp-json\/wp\/v2\/product_tag?post=39882"}],"curies":[{"name":"wp","href":"https:\/\/api.w.org\/{rel}","templated":true}]}}