{"id":39885,"date":"2023-01-14T10:00:09","date_gmt":"2023-01-14T10:00:09","guid":{"rendered":"https:\/\/www.aceweb.advertis.es\/producto\/quaderns-destructures-60\/"},"modified":"2023-03-17T14:08:18","modified_gmt":"2023-03-17T14:08:18","slug":"quaderns-destructures-60","status":"publish","type":"product","link":"https:\/\/aceweb.cat\/es\/producto\/quaderns-destructures-60\/","title":{"rendered":"Quaderns d&#8217;Estructures 60"},"content":{"rendered":"<p>Este n\u00famero incluye:<\/p>\n<h2><strong>1. Editorial<\/strong><\/h2>\n<p>Art\u00edculo redactado por\u00a0<b>DAVID GARCIA\u00a0<\/b>y<b>\u00a0JOSEP BAQUER<\/b>. Descarga la revista para conocer el inicio de una nueva etapa para la ACE en el sector de la construcci\u00f3n:<\/p>\n<p><i>\u201c\u201cGrupo de inter\u00e9s\u201d suena mejor que \u201clobby\u201d que, como sabemos, significa \u201cgrupo de presi\u00f3n\u201d y es por eso que el Parlament de Catalunya, y por unanimidad, con fecha 28\/07 \/2015, aprob\u00f3 el Decreto Ley 171\/2015 sobre el \u00abRegistro de grupos de inter\u00e9s de la Administraci\u00f3n de la Generalidad y de su sector p\u00fablico\u00bb evitando la palabra inglesa que es la que se utiliza normalmente en la calle.&lt;\/ i&gt;<\/i><\/p>\n<p><i>Este decreto tiene como objetivo implementar la Ley de Transparencia 19\/2014. Cito algunos p\u00e1rrafos del pre\u00e1mbulo del decreto como declaraci\u00f3n de intenciones y justificaci\u00f3n que da sentido a lo que se pretende regular.<\/i><i>\u201d<\/i><\/p>\n<h2><strong>2. Pol\u00edgono funicular<\/strong><\/h2>\n<p>Art\u00edculo redactado por\u00a0<b>JOSEP M. GENESC\u00c0 Y RAMON<\/b>. Descarga la revista para conocer el inicio de una nueva etapa para la ACE en el sector de la construcci\u00f3n:<\/p>\n<p>\u201cEn el n\u00famero 39 de los Cuadernos de estructuras se publicaba un art\u00edculo referente a la validaci\u00f3n anal\u00edtica de los forjados unidireccionales existentes. En la segunda parte de las conclusiones se dec\u00eda literalmente: \u00abSi el r\u00e9gimen en estado actual es el el\u00e1stico, con o sin lesiones, se propone homogeneizar el conjunto de elementos que constituyen el forjado, tengan o no propiedades mec\u00e1nicas, y establecer el equilibrio aprovech\u00e1ndose del plus de propiedades resistentes que tal homogeneizaci\u00f3n provoca\u00bb.\u201d<\/p>\n<h2><strong>3. Apeo de dos pilares en un edificio de oficinas<\/strong><\/h2>\n<p>Art\u00edculo redactado por\u00a0<b>LUIS GUANTER Y FAIXAS<\/b>. Descarga la revista para conocer el inicio de una nueva etapa para la ACE en el sector de la construcci\u00f3n:<\/p>\n<p>\u201cEl proyecto estructural consist\u00eda en la supresi\u00f3n de dos pilares existentes en el sal\u00f3n de actos de un edificio de planta baja y planta piso. <b>Se proyect\u00f3 un apeo a base de perfiles de acero laminado<\/b>, con una luz final de 14,40 m y, para minimizar los efectos de la deformaci\u00f3n de las nuevas vigas sobre tabiques y pavimentos de la planta superior , se dise\u00f1\u00f3 un sistema para hacerlas entrar en carga antes de cortar los pilares a suprimir.\u201d<\/p>\n<h2><strong>4. La rehabilitaci\u00f3n gestionada con metodolog\u00eda BIM<\/strong><\/h2>\n<p>Art\u00edculo redactado por\u00a0<b>MIQUEL RODR\u00cdGUEZ NIEDENF\u00dcHR<\/b>. Descarga la revista para conocer el inicio de una nueva etapa para la ACE en el sector de la construcci\u00f3n:<\/p>\n<p>\u201c<b><a href=\"https:\/\/es.wikipedia.org\/wiki\/Modelado_de_informaci%C3%B3n_de_construcci%C3%B3n\" target=\"_blank\" rel=\"noopener noreferrer\">BIM&lt;\/a &gt;\u00a0es una metodolog\u00eda dentro del \u00e1mbito de la construcci\u00f3n que ayuda de forma muy especial en proyectos de rehabilitaci\u00f3n<\/a><\/b>. Habitualmente, en un proyecto de estructuras de obra nueva, la informaci\u00f3n que refleja la documentaci\u00f3n es principalmente la que define los elementos estructurales a construir. En un proyecto de rehabilitaci\u00f3n es necesario introducir la variable tiempo y las posibles interferencias con elementos preexistentes. Estos \u00faltimos dos factores, que son complejos de reflejo en la documentaci\u00f3n generada actualmente (CAD), se facilita mucho con el modelado 3D, y m\u00e1s si dicho modelado es BIM, por lo que puedo a\u00f1adir Par\u00e1metros que controlan la fase tiempo.\u201d<\/p>\n<p>&gt;<\/p>\n<h2><strong>5. Miscel\u00e1nea<\/strong><\/h2>\n<p>Una selecci\u00f3n de art\u00edculos de inter\u00e9s por parte de los socios protectores donde se ofrecen informaci\u00f3n de valor para los especialistas de c\u00e1lculo de estructuras.<\/p>\n<h2><strong>6. Lista de\u00a0miembros\u00a0de la asociaci\u00f3n<\/strong><\/h2>\n<p>Conoce a los miembros de la Asociaci\u00f3n Consultores de Estructuras. Podr\u00e1s ver a los nuevos integrantes que participan por el reconocimiento de la profesi\u00f3n dentro del mundo de la construcci\u00f3n.<\/p>\n","protected":false},"excerpt":{"rendered":"<ul>\n<li>1. Editorial<\/li>\n<li>2. Pol\u00edgono funicular<\/li>\n<li>3. Apeo de dos pilares en un edificio de oficinas<\/li>\n<li>4. La rehabilitaci\u00f3n gestionada con metodolog\u00eda BIM<\/li>\n<li>5. Miscel\u00e1nea<\/li>\n<li>6. Lista de\u00a0miembros\u00a0de la asociaci\u00f3n<\/li>\n<\/ul>\n","protected":false},"featured_media":37560,"template":"","meta":{"_acf_changed":false,"site-sidebar-layout":"default","site-content-layout":"default","ast-global-header-display":"","ast-main-header-display":"","ast-hfb-above-header-display":"","ast-hfb-below-header-display":"","ast-hfb-mobile-header-display":"","site-post-title":"","ast-breadcrumbs-content":"","ast-featured-img":"","footer-sml-layout":"","theme-transparent-header-meta":"default","adv-header-id-meta":"","stick-header-meta":"","header-above-stick-meta":"","header-main-stick-meta":"","header-below-stick-meta":""},"product_brand":[],"product_cat":[595],"product_tag":[],"class_list":{"0":"post-39885","1":"product","2":"type-product","3":"status-publish","4":"has-post-thumbnail","6":"product_cat-cuaderno-de-estructuras","7":"desktop-align-left","8":"tablet-align-left","9":"mobile-align-left","11":"first","12":"instock","13":"taxable","14":"shipping-taxable","15":"purchasable","16":"product-type-variable","17":"has-default-attributes"},"acf":[],"yoast_head":"<!-- This site is optimized with the Yoast SEO plugin v27.1.1 - https:\/\/yoast.com\/product\/yoast-seo-wordpress\/ -->\n<title>Quaderns d&#039;Estructures 60 | ACE<\/title>\n<meta name=\"description\" content=\"Revista n\u00ba 60 con art\u00edculos de actualidad que tratan sobre la construcci\u00f3n de estructuras y que publica la Asociaci\u00f3n de Consultores de Estructuras (ACE).\" \/>\n<meta name=\"robots\" content=\"index, follow, max-snippet:-1, max-image-preview:large, max-video-preview:-1\" \/>\n<link rel=\"canonical\" href=\"https:\/\/aceweb.cat\/es\/producto\/quaderns-destructures-60\/\" \/>\n<meta property=\"og:locale\" content=\"es_ES\" \/>\n<meta property=\"og:type\" content=\"article\" \/>\n<meta property=\"og:title\" content=\"Quaderns d&#039;Estructures 60 | ACE\" \/>\n<meta property=\"og:description\" content=\"Revista n\u00ba 60 con art\u00edculos de actualidad que tratan sobre la construcci\u00f3n de estructuras y que publica la Asociaci\u00f3n de Consultores de Estructuras (ACE).\" \/>\n<meta property=\"og:url\" content=\"https:\/\/aceweb.cat\/es\/producto\/quaderns-destructures-60\/\" \/>\n<meta property=\"og:site_name\" content=\"aceweb.cat\" \/>\n<meta property=\"article:modified_time\" content=\"2023-03-17T14:08:18+00:00\" \/>\n<meta property=\"og:image\" content=\"https:\/\/aceweb.cat\/wp-content\/uploads\/2023\/02\/ACE-Quaderns-Estructures-060.jpg\" \/>\n\t<meta property=\"og:image:width\" content=\"724\" \/>\n\t<meta property=\"og:image:height\" content=\"1024\" \/>\n\t<meta property=\"og:image:type\" content=\"image\/jpeg\" \/>\n<meta name=\"twitter:card\" content=\"summary_large_image\" \/>\n<meta name=\"twitter:label1\" content=\"Tiempo de lectura\" \/>\n\t<meta name=\"twitter:data1\" content=\"4 minutos\" \/>\n<script type=\"application\/ld+json\" class=\"yoast-schema-graph\">{\"@context\":\"https:\/\/schema.org\",\"@graph\":[{\"@type\":\"WebPage\",\"@id\":\"https:\/\/aceweb.cat\/es\/producto\/quaderns-destructures-60\/\",\"url\":\"https:\/\/aceweb.cat\/es\/producto\/quaderns-destructures-60\/\",\"name\":\"Quaderns d'Estructures 60 | ACE\",\"isPartOf\":{\"@id\":\"https:\/\/aceweb.cat\/#website\"},\"primaryImageOfPage\":{\"@id\":\"https:\/\/aceweb.cat\/es\/producto\/quaderns-destructures-60\/#primaryimage\"},\"image\":{\"@id\":\"https:\/\/aceweb.cat\/es\/producto\/quaderns-destructures-60\/#primaryimage\"},\"thumbnailUrl\":\"https:\/\/aceweb.cat\/wp-content\/uploads\/2023\/02\/ACE-Quaderns-Estructures-060.jpg\",\"datePublished\":\"2023-01-14T10:00:09+00:00\",\"dateModified\":\"2023-03-17T14:08:18+00:00\",\"description\":\"Revista n\u00ba 60 con art\u00edculos de actualidad que tratan sobre la construcci\u00f3n de estructuras y que publica la Asociaci\u00f3n de Consultores de Estructuras (ACE).\",\"breadcrumb\":{\"@id\":\"https:\/\/aceweb.cat\/es\/producto\/quaderns-destructures-60\/#breadcrumb\"},\"inLanguage\":\"es\",\"potentialAction\":[{\"@type\":\"ReadAction\",\"target\":[\"https:\/\/aceweb.cat\/es\/producto\/quaderns-destructures-60\/\"]}]},{\"@type\":\"ImageObject\",\"inLanguage\":\"es\",\"@id\":\"https:\/\/aceweb.cat\/es\/producto\/quaderns-destructures-60\/#primaryimage\",\"url\":\"https:\/\/aceweb.cat\/wp-content\/uploads\/2023\/02\/ACE-Quaderns-Estructures-060.jpg\",\"contentUrl\":\"https:\/\/aceweb.cat\/wp-content\/uploads\/2023\/02\/ACE-Quaderns-Estructures-060.jpg\",\"width\":724,\"height\":1024},{\"@type\":\"BreadcrumbList\",\"@id\":\"https:\/\/aceweb.cat\/es\/producto\/quaderns-destructures-60\/#breadcrumb\",\"itemListElement\":[{\"@type\":\"ListItem\",\"position\":1,\"name\":\"Inici\",\"item\":\"https:\/\/aceweb.cat\/\"},{\"@type\":\"ListItem\",\"position\":2,\"name\":\"Tienda\",\"item\":\"https:\/\/aceweb.cat\/es\/tienda\/\"},{\"@type\":\"ListItem\",\"position\":3,\"name\":\"Quadern d\u2019Estructures\",\"item\":\"https:\/\/aceweb.cat\/es\/categoria-producto\/cuaderno-de-estructuras\/\"},{\"@type\":\"ListItem\",\"position\":4,\"name\":\"Quaderns d&#8217;Estructures 60\"}]},{\"@type\":\"WebSite\",\"@id\":\"https:\/\/aceweb.cat\/#website\",\"url\":\"https:\/\/aceweb.cat\/\",\"name\":\"ACE\",\"description\":\"Associaci\u00f3 de Consultors d&#039;Estructures | ACE\",\"publisher\":{\"@id\":\"https:\/\/aceweb.cat\/#organization\"},\"alternateName\":\"ACE\",\"potentialAction\":[{\"@type\":\"SearchAction\",\"target\":{\"@type\":\"EntryPoint\",\"urlTemplate\":\"https:\/\/aceweb.cat\/?s={search_term_string}\"},\"query-input\":{\"@type\":\"PropertyValueSpecification\",\"valueRequired\":true,\"valueName\":\"search_term_string\"}}],\"inLanguage\":\"es\"},{\"@type\":\"Organization\",\"@id\":\"https:\/\/aceweb.cat\/#organization\",\"name\":\"ACE\",\"alternateName\":\"ACE\",\"url\":\"https:\/\/aceweb.cat\/\",\"logo\":{\"@type\":\"ImageObject\",\"inLanguage\":\"es\",\"@id\":\"https:\/\/aceweb.cat\/#\/schema\/logo\/image\/\",\"url\":\"https:\/\/aceweb.cat\/wp-content\/uploads\/2022\/10\/logo.svg\",\"contentUrl\":\"https:\/\/aceweb.cat\/wp-content\/uploads\/2022\/10\/logo.svg\",\"width\":1,\"height\":1,\"caption\":\"ACE\"},\"image\":{\"@id\":\"https:\/\/aceweb.cat\/#\/schema\/logo\/image\/\"}}]}<\/script>\n<!-- \/ Yoast SEO plugin. -->","yoast_head_json":{"title":"Quaderns d'Estructures 60 | ACE","description":"Revista n\u00ba 60 con art\u00edculos de actualidad que tratan sobre la construcci\u00f3n de estructuras y que publica la Asociaci\u00f3n de Consultores de Estructuras (ACE).","robots":{"index":"index","follow":"follow","max-snippet":"max-snippet:-1","max-image-preview":"max-image-preview:large","max-video-preview":"max-video-preview:-1"},"canonical":"https:\/\/aceweb.cat\/es\/producto\/quaderns-destructures-60\/","og_locale":"es_ES","og_type":"article","og_title":"Quaderns d'Estructures 60 | ACE","og_description":"Revista n\u00ba 60 con art\u00edculos de actualidad que tratan sobre la construcci\u00f3n de estructuras y que publica la Asociaci\u00f3n de Consultores de Estructuras (ACE).","og_url":"https:\/\/aceweb.cat\/es\/producto\/quaderns-destructures-60\/","og_site_name":"aceweb.cat","article_modified_time":"2023-03-17T14:08:18+00:00","og_image":[{"width":724,"height":1024,"url":"https:\/\/aceweb.cat\/wp-content\/uploads\/2023\/02\/ACE-Quaderns-Estructures-060.jpg","type":"image\/jpeg"}],"twitter_card":"summary_large_image","twitter_misc":{"Tiempo de lectura":"4 minutos"},"schema":{"@context":"https:\/\/schema.org","@graph":[{"@type":"WebPage","@id":"https:\/\/aceweb.cat\/es\/producto\/quaderns-destructures-60\/","url":"https:\/\/aceweb.cat\/es\/producto\/quaderns-destructures-60\/","name":"Quaderns d'Estructures 60 | ACE","isPartOf":{"@id":"https:\/\/aceweb.cat\/#website"},"primaryImageOfPage":{"@id":"https:\/\/aceweb.cat\/es\/producto\/quaderns-destructures-60\/#primaryimage"},"image":{"@id":"https:\/\/aceweb.cat\/es\/producto\/quaderns-destructures-60\/#primaryimage"},"thumbnailUrl":"https:\/\/aceweb.cat\/wp-content\/uploads\/2023\/02\/ACE-Quaderns-Estructures-060.jpg","datePublished":"2023-01-14T10:00:09+00:00","dateModified":"2023-03-17T14:08:18+00:00","description":"Revista n\u00ba 60 con art\u00edculos de actualidad que tratan sobre la construcci\u00f3n de estructuras y que publica la Asociaci\u00f3n de Consultores de Estructuras (ACE).","breadcrumb":{"@id":"https:\/\/aceweb.cat\/es\/producto\/quaderns-destructures-60\/#breadcrumb"},"inLanguage":"es","potentialAction":[{"@type":"ReadAction","target":["https:\/\/aceweb.cat\/es\/producto\/quaderns-destructures-60\/"]}]},{"@type":"ImageObject","inLanguage":"es","@id":"https:\/\/aceweb.cat\/es\/producto\/quaderns-destructures-60\/#primaryimage","url":"https:\/\/aceweb.cat\/wp-content\/uploads\/2023\/02\/ACE-Quaderns-Estructures-060.jpg","contentUrl":"https:\/\/aceweb.cat\/wp-content\/uploads\/2023\/02\/ACE-Quaderns-Estructures-060.jpg","width":724,"height":1024},{"@type":"BreadcrumbList","@id":"https:\/\/aceweb.cat\/es\/producto\/quaderns-destructures-60\/#breadcrumb","itemListElement":[{"@type":"ListItem","position":1,"name":"Inici","item":"https:\/\/aceweb.cat\/"},{"@type":"ListItem","position":2,"name":"Tienda","item":"https:\/\/aceweb.cat\/es\/tienda\/"},{"@type":"ListItem","position":3,"name":"Quadern d\u2019Estructures","item":"https:\/\/aceweb.cat\/es\/categoria-producto\/cuaderno-de-estructuras\/"},{"@type":"ListItem","position":4,"name":"Quaderns d&#8217;Estructures 60"}]},{"@type":"WebSite","@id":"https:\/\/aceweb.cat\/#website","url":"https:\/\/aceweb.cat\/","name":"ACE","description":"Associaci\u00f3 de Consultors d&#039;Estructures | ACE","publisher":{"@id":"https:\/\/aceweb.cat\/#organization"},"alternateName":"ACE","potentialAction":[{"@type":"SearchAction","target":{"@type":"EntryPoint","urlTemplate":"https:\/\/aceweb.cat\/?s={search_term_string}"},"query-input":{"@type":"PropertyValueSpecification","valueRequired":true,"valueName":"search_term_string"}}],"inLanguage":"es"},{"@type":"Organization","@id":"https:\/\/aceweb.cat\/#organization","name":"ACE","alternateName":"ACE","url":"https:\/\/aceweb.cat\/","logo":{"@type":"ImageObject","inLanguage":"es","@id":"https:\/\/aceweb.cat\/#\/schema\/logo\/image\/","url":"https:\/\/aceweb.cat\/wp-content\/uploads\/2022\/10\/logo.svg","contentUrl":"https:\/\/aceweb.cat\/wp-content\/uploads\/2022\/10\/logo.svg","width":1,"height":1,"caption":"ACE"},"image":{"@id":"https:\/\/aceweb.cat\/#\/schema\/logo\/image\/"}}]}},"_links":{"self":[{"href":"https:\/\/aceweb.cat\/es\/wp-json\/wp\/v2\/product\/39885","targetHints":{"allow":["GET"]}}],"collection":[{"href":"https:\/\/aceweb.cat\/es\/wp-json\/wp\/v2\/product"}],"about":[{"href":"https:\/\/aceweb.cat\/es\/wp-json\/wp\/v2\/types\/product"}],"version-history":[{"count":1,"href":"https:\/\/aceweb.cat\/es\/wp-json\/wp\/v2\/product\/39885\/revisions"}],"predecessor-version":[{"id":40526,"href":"https:\/\/aceweb.cat\/es\/wp-json\/wp\/v2\/product\/39885\/revisions\/40526"}],"wp:featuredmedia":[{"embeddable":true,"href":"https:\/\/aceweb.cat\/es\/wp-json\/wp\/v2\/media\/37560"}],"wp:attachment":[{"href":"https:\/\/aceweb.cat\/es\/wp-json\/wp\/v2\/media?parent=39885"}],"wp:term":[{"taxonomy":"product_brand","embeddable":true,"href":"https:\/\/aceweb.cat\/es\/wp-json\/wp\/v2\/product_brand?post=39885"},{"taxonomy":"product_cat","embeddable":true,"href":"https:\/\/aceweb.cat\/es\/wp-json\/wp\/v2\/product_cat?post=39885"},{"taxonomy":"product_tag","embeddable":true,"href":"https:\/\/aceweb.cat\/es\/wp-json\/wp\/v2\/product_tag?post=39885"}],"curies":[{"name":"wp","href":"https:\/\/api.w.org\/{rel}","templated":true}]}}