{"id":39888,"date":"2023-01-14T10:00:41","date_gmt":"2023-01-14T10:00:41","guid":{"rendered":"https:\/\/www.aceweb.advertis.es\/producto\/quaderns-destructures-61\/"},"modified":"2023-03-20T07:21:53","modified_gmt":"2023-03-20T07:21:53","slug":"quaderns-destructures-61","status":"publish","type":"product","link":"https:\/\/aceweb.cat\/es\/producto\/quaderns-destructures-61\/","title":{"rendered":"Quaderns d&#8217;Estructures 61"},"content":{"rendered":"<p>Este n\u00famero incluye:<\/p>\n<h2><strong>1. Editorial<\/strong><\/h2>\n<p>Art\u00edculo redactado por\u00a0<b>ENRIC HEREDIA CAMPMANY-GAUDET<\/b>. Descarga la revista para conocer el inicio de una nueva etapa para la ACE en el sector de la construcci\u00f3n:<\/p>\n<p><i>\u201cEn 1986 se fund\u00f3 el ACE de la mano de un reducido colectivo de profesionales de la consultor\u00eda de estructuras, a d\u00eda de hoy son m\u00e1s de tres d\u00e9cadas de historia de logros. El objetivo que se persegu\u00eda, y se sigue persiguiendo, es el de dignificar una profesi\u00f3n lo suficientemente importante como es la de consultor de estructuras. A ra\u00edz de la inicial consolidaci\u00f3n de la ACE, se han alcanzado una serie de metas entre las que cabe destacar:<\/i><\/p>\n<ul>\n<li aria-level=\"1\"><i>El reconocimiento como colectivo de los que se dedicamos a la consultor\u00eda de estructuras; de lo que cabe remarcar entre otros valores, la de ser un colectivo transversal y ajeno a rivalidades entre diferentes titulaciones universitarias, aportando as\u00ed cada uno su sesgo particular y enriqueciendo al colectivo.<\/i><\/li>\n<li aria-level=\"1\">La creaci\u00f3n de la revista Quaderns d&#8217;Estructures en 1996 con m\u00e1s de 60 n\u00fameros hasta la fecha.<\/li>\n<li aria-level=\"1\">La organizaci\u00f3n de jornadas t\u00e9cnicas de intercambio altruista de conocimientos llamadas Los jueves en el ACE.\u201d<\/li>\n<\/ul>\n<h2><strong>2. Centro Comercial \u201cGl\u00f2ries\u201d (Barcelona)<\/strong><\/h2>\n<p>Art\u00edculo redactado por\u00a0<b>JOSEP BAQUER SISTACH<\/b>. Descarga la revista para conocer el inicio de una nueva etapa para la ACE en el sector de la construcci\u00f3n:<\/p>\n<p>\u201cPocas veces ocurre que\u00a0<b>los mismos equipos t\u00e9cnicos proyecten y dirijan una obra y la renueven y rehabiliten al cabo de m\u00e1s de veinte a\u00f1os<\/b>. \u00c9ste es el caso del \u201cCentro Comercial Gl\u00f2ries\u201d de Barcelona. Desde el punto de vista de la concepci\u00f3n arquitect\u00f3nica, el \u00abpadre de la criatura\u00bb fue Jos\u00e9 ignacio Gal\u00e1n, fundador y director de L35 Arquitectos, pero sobre todo un gran amigo, fallecido en 2015 tras dise\u00f1ar las bases del nuevo proyecto de reforma, ampliaci\u00f3n y rehabilitaci\u00f3n de este centro comercial que ahora nos ocupa.<\/p>\n<p>En 1992, se terminaba el proyecto de la s\u00faper-isla de la f\u00e1brica Olivetti, con cambio de uso para oficinas y centro comercial. Se inaugur\u00f3 en 1995. tres equipos de arquitectos (BSV-Madrid; Cirici-Bass\u00f3 y L35 BCN), liderados por L35, redactaron lo b\u00e1sico y el ejecutivo.<\/p>\n<p>Lo que ahora describir\u00edamos como \u00abproyecto parcial de estructura\u00bb, se confi\u00f3 a dos equipos: NB35 [J. Jim\u00e9nez, I. F. Fungairi\u00f1o] y el departamento de estructuras del propio L35 el responsable era quien firma este art\u00edculo.\u201d<\/p>\n<h2><strong>3. La c\u00fapula \u201cMedusa\u201d en el puerto de A Coru\u00f1a<\/strong><\/h2>\n<p>Art\u00edculo redactado por\u00a0<b>FRANCISCO JURADO JIM\u00c9NEZ\u00a0<\/b>y<b>\u00a0SILVIA FUENTES S\u00c1NCHEZ<\/b>. Descarga la revista para conocer el inicio de una nueva etapa para la ACE en el sector de la construcci\u00f3n:<\/p>\n<p>\u201cLa compa\u00f1\u00eda Uni\u00f3n Fenosa Generaci\u00f3n ten\u00eda proyectada\u00a0<b>la construcci\u00f3n de una cubierta de silo de carb\u00f3n en el extremo del muelle del\u00a0<a href=\"https:\/\/es.wikipedia.org\/wiki\/Puerto_de_La_Coru %C3%B1a#Centenario\" target=\"_blank\" rel=\"noopener noreferrer\">Centenario del puerto de A Coru\u00f1a<\/a><\/b>, lo que completar\u00eda la obra civil de las instalaciones de sistema de descarga ecol\u00f3gico de carb\u00f3n para la central t\u00e9rmica de Meirama.<\/p>\n<p>En el extremo del muelle del Centenario se hab\u00eda preparado previamente una zona ganada al mar en la que, para mejorar el terreno y reducir los asientos el\u00e1sticos, sobre el relleno realizado entre los a\u00f1os 1997 y 1998, se realiz\u00f3 un tratamiento de mejora del firme por precarga con una altura de 13 metros de tierras, que transmiti\u00f3 una carga superior a la que supondr\u00eda el futuro romer\u00eda de carb\u00f3n y que se mantuvo m\u00e1s de dos a\u00f1os, habi\u00e9ndose estabilizado los asientos a uno nivel aceptable en el a\u00f1o 2005.\u201d<\/p>\n<h2><strong>4. Construcci\u00f3n industrializada de escuelas (II) 2008-17<\/strong><\/h2>\n<p>Art\u00edculo redactado por\u00a0<b>ENRIQUE JERGAVINOS Y VALLS\u00a0<\/b>y<b>\u00a0JOSEP JERCAVINS Y BATLL\u00d3<\/b>. Descarga la revista para conocer el inicio de una nueva etapa para la ACE en el sector de la construcci\u00f3n:<\/p>\n<p>\u201cCONSTRUCCI\u00d3N INDUSTRIALIZADA DE ESCUELAS (II) 2008-17, es una segunda entrega sobre el eterno\u00a0<b>debate entre industrializaci\u00f3n y construcci\u00f3n tradicional, aplicada a la construcci\u00f3n escolar<\/b>. Construcci\u00f3n industrializada de escuelas (I) 2000-08, fue publicado en el n\u00ba 32 de la revista Quaderns d&#8217;Estructures.<\/p>\n<p>Las estructuras industrializadas solucionan las urgencias del derecho b\u00e1sico de escolarizaci\u00f3n, realizando una arquitectura escolar de calidad, con procesos industriales sostenibles de residuos m\u00ednimos y ahorro de agua y con un f\u00e1cil montaje en obra.<\/p>\n<p>En el art\u00edculo recordamos los precedentes de la industrializaci\u00f3n en la construcci\u00f3n, definimos una clasificaci\u00f3n de los niveles de industrializaci\u00f3n, valoramos la otra construcci\u00f3n en los pa\u00edses desarrollados y pensamos en el futuro de las impresoras 3D.\u201d<\/p>\n<h2><strong>5. Miscel\u00e1nea<\/strong><\/h2>\n<p>Una selecci\u00f3n de art\u00edculos de inter\u00e9s por parte de los socios protectores donde se ofrecen informaci\u00f3n de valor para los especialistas de c\u00e1lculo de estructuras.<\/p>\n<h2><strong>6. Lista de\u00a0miembros\u00a0de la asociaci\u00f3n<\/strong><\/h2>\n<p>Conoce a los miembros de la Asociaci\u00f3n Consultores de Estructuras. Podr\u00e1s ver a los nuevos integrantes que participan por el reconocimiento de la profesi\u00f3n dentro del mundo de la construcci\u00f3n.<\/p>\n","protected":false},"excerpt":{"rendered":"<ul>\n<li>1. Editorial<\/li>\n<li>2. Centro Comercial \u201cGl\u00f2ries\u201d (Barcelona)<\/li>\n<li>3. La c\u00fapula \u201cMedusa\u201d en el puerto de A Coru\u00f1a<\/li>\n<li>4. Construcci\u00f3n industrializada de escuelas (II) 2008-17<\/li>\n<li>5. Miscel\u00e1nea<\/li>\n<li>6. Lista de\u00a0miembros\u00a0de la asociaci\u00f3n<\/li>\n<\/ul>\n","protected":false},"featured_media":37546,"template":"","meta":{"_acf_changed":false,"site-sidebar-layout":"default","site-content-layout":"default","ast-global-header-display":"","ast-main-header-display":"","ast-hfb-above-header-display":"","ast-hfb-below-header-display":"","ast-hfb-mobile-header-display":"","site-post-title":"","ast-breadcrumbs-content":"","ast-featured-img":"","footer-sml-layout":"","theme-transparent-header-meta":"default","adv-header-id-meta":"","stick-header-meta":"","header-above-stick-meta":"","header-main-stick-meta":"","header-below-stick-meta":""},"product_brand":[],"product_cat":[595],"product_tag":[],"class_list":{"0":"post-39888","1":"product","2":"type-product","3":"status-publish","4":"has-post-thumbnail","6":"product_cat-cuaderno-de-estructuras","7":"desktop-align-left","8":"tablet-align-left","9":"mobile-align-left","11":"first","12":"instock","13":"taxable","14":"shipping-taxable","15":"purchasable","16":"product-type-variable","17":"has-default-attributes"},"acf":[],"yoast_head":"<!-- This site is optimized with the Yoast SEO plugin v27.1.1 - https:\/\/yoast.com\/product\/yoast-seo-wordpress\/ -->\n<title>Quaderns d&#039;Estructures 61 | ACE<\/title>\n<meta name=\"description\" content=\"Revista n\u00ba 61 con art\u00edculos de actualidad que tratan sobre la construcci\u00f3n de estructuras y que publica la Asociaci\u00f3n de Consultores de Estructuras (ACE).\" \/>\n<meta name=\"robots\" content=\"index, follow, max-snippet:-1, max-image-preview:large, max-video-preview:-1\" \/>\n<link rel=\"canonical\" href=\"https:\/\/aceweb.cat\/es\/producto\/quaderns-destructures-61\/\" \/>\n<meta property=\"og:locale\" content=\"es_ES\" \/>\n<meta property=\"og:type\" content=\"article\" \/>\n<meta property=\"og:title\" content=\"Quaderns d&#039;Estructures 61 | ACE\" \/>\n<meta property=\"og:description\" content=\"Revista n\u00ba 61 con art\u00edculos de actualidad que tratan sobre la construcci\u00f3n de estructuras y que publica la Asociaci\u00f3n de Consultores de Estructuras (ACE).\" \/>\n<meta property=\"og:url\" content=\"https:\/\/aceweb.cat\/es\/producto\/quaderns-destructures-61\/\" \/>\n<meta property=\"og:site_name\" content=\"aceweb.cat\" \/>\n<meta property=\"article:modified_time\" content=\"2023-03-20T07:21:53+00:00\" \/>\n<meta property=\"og:image\" content=\"https:\/\/aceweb.cat\/wp-content\/uploads\/2023\/02\/ACE-Quaderns-Estructures-061.jpg\" \/>\n\t<meta property=\"og:image:width\" content=\"724\" \/>\n\t<meta property=\"og:image:height\" content=\"1024\" \/>\n\t<meta property=\"og:image:type\" content=\"image\/jpeg\" \/>\n<meta name=\"twitter:card\" content=\"summary_large_image\" \/>\n<meta name=\"twitter:label1\" content=\"Tiempo de lectura\" \/>\n\t<meta name=\"twitter:data1\" content=\"5 minutos\" \/>\n<script type=\"application\/ld+json\" class=\"yoast-schema-graph\">{\"@context\":\"https:\/\/schema.org\",\"@graph\":[{\"@type\":\"WebPage\",\"@id\":\"https:\/\/aceweb.cat\/es\/producto\/quaderns-destructures-61\/\",\"url\":\"https:\/\/aceweb.cat\/es\/producto\/quaderns-destructures-61\/\",\"name\":\"Quaderns d'Estructures 61 | ACE\",\"isPartOf\":{\"@id\":\"https:\/\/aceweb.cat\/#website\"},\"primaryImageOfPage\":{\"@id\":\"https:\/\/aceweb.cat\/es\/producto\/quaderns-destructures-61\/#primaryimage\"},\"image\":{\"@id\":\"https:\/\/aceweb.cat\/es\/producto\/quaderns-destructures-61\/#primaryimage\"},\"thumbnailUrl\":\"https:\/\/aceweb.cat\/wp-content\/uploads\/2023\/02\/ACE-Quaderns-Estructures-061.jpg\",\"datePublished\":\"2023-01-14T10:00:41+00:00\",\"dateModified\":\"2023-03-20T07:21:53+00:00\",\"description\":\"Revista n\u00ba 61 con art\u00edculos de actualidad que tratan sobre la construcci\u00f3n de estructuras y que publica la Asociaci\u00f3n de Consultores de Estructuras (ACE).\",\"breadcrumb\":{\"@id\":\"https:\/\/aceweb.cat\/es\/producto\/quaderns-destructures-61\/#breadcrumb\"},\"inLanguage\":\"es\",\"potentialAction\":[{\"@type\":\"ReadAction\",\"target\":[\"https:\/\/aceweb.cat\/es\/producto\/quaderns-destructures-61\/\"]}]},{\"@type\":\"ImageObject\",\"inLanguage\":\"es\",\"@id\":\"https:\/\/aceweb.cat\/es\/producto\/quaderns-destructures-61\/#primaryimage\",\"url\":\"https:\/\/aceweb.cat\/wp-content\/uploads\/2023\/02\/ACE-Quaderns-Estructures-061.jpg\",\"contentUrl\":\"https:\/\/aceweb.cat\/wp-content\/uploads\/2023\/02\/ACE-Quaderns-Estructures-061.jpg\",\"width\":724,\"height\":1024},{\"@type\":\"BreadcrumbList\",\"@id\":\"https:\/\/aceweb.cat\/es\/producto\/quaderns-destructures-61\/#breadcrumb\",\"itemListElement\":[{\"@type\":\"ListItem\",\"position\":1,\"name\":\"Inici\",\"item\":\"https:\/\/aceweb.cat\/\"},{\"@type\":\"ListItem\",\"position\":2,\"name\":\"Tienda\",\"item\":\"https:\/\/aceweb.cat\/es\/tienda\/\"},{\"@type\":\"ListItem\",\"position\":3,\"name\":\"Quadern d\u2019Estructures\",\"item\":\"https:\/\/aceweb.cat\/es\/categoria-producto\/cuaderno-de-estructuras\/\"},{\"@type\":\"ListItem\",\"position\":4,\"name\":\"Quaderns d&#8217;Estructures 61\"}]},{\"@type\":\"WebSite\",\"@id\":\"https:\/\/aceweb.cat\/#website\",\"url\":\"https:\/\/aceweb.cat\/\",\"name\":\"ACE\",\"description\":\"Associaci\u00f3 de Consultors d&#039;Estructures | ACE\",\"publisher\":{\"@id\":\"https:\/\/aceweb.cat\/#organization\"},\"alternateName\":\"ACE\",\"potentialAction\":[{\"@type\":\"SearchAction\",\"target\":{\"@type\":\"EntryPoint\",\"urlTemplate\":\"https:\/\/aceweb.cat\/?s={search_term_string}\"},\"query-input\":{\"@type\":\"PropertyValueSpecification\",\"valueRequired\":true,\"valueName\":\"search_term_string\"}}],\"inLanguage\":\"es\"},{\"@type\":\"Organization\",\"@id\":\"https:\/\/aceweb.cat\/#organization\",\"name\":\"ACE\",\"alternateName\":\"ACE\",\"url\":\"https:\/\/aceweb.cat\/\",\"logo\":{\"@type\":\"ImageObject\",\"inLanguage\":\"es\",\"@id\":\"https:\/\/aceweb.cat\/#\/schema\/logo\/image\/\",\"url\":\"https:\/\/aceweb.cat\/wp-content\/uploads\/2022\/10\/logo.svg\",\"contentUrl\":\"https:\/\/aceweb.cat\/wp-content\/uploads\/2022\/10\/logo.svg\",\"width\":1,\"height\":1,\"caption\":\"ACE\"},\"image\":{\"@id\":\"https:\/\/aceweb.cat\/#\/schema\/logo\/image\/\"}}]}<\/script>\n<!-- \/ Yoast SEO plugin. -->","yoast_head_json":{"title":"Quaderns d'Estructures 61 | ACE","description":"Revista n\u00ba 61 con art\u00edculos de actualidad que tratan sobre la construcci\u00f3n de estructuras y que publica la Asociaci\u00f3n de Consultores de Estructuras (ACE).","robots":{"index":"index","follow":"follow","max-snippet":"max-snippet:-1","max-image-preview":"max-image-preview:large","max-video-preview":"max-video-preview:-1"},"canonical":"https:\/\/aceweb.cat\/es\/producto\/quaderns-destructures-61\/","og_locale":"es_ES","og_type":"article","og_title":"Quaderns d'Estructures 61 | ACE","og_description":"Revista n\u00ba 61 con art\u00edculos de actualidad que tratan sobre la construcci\u00f3n de estructuras y que publica la Asociaci\u00f3n de Consultores de Estructuras (ACE).","og_url":"https:\/\/aceweb.cat\/es\/producto\/quaderns-destructures-61\/","og_site_name":"aceweb.cat","article_modified_time":"2023-03-20T07:21:53+00:00","og_image":[{"width":724,"height":1024,"url":"https:\/\/aceweb.cat\/wp-content\/uploads\/2023\/02\/ACE-Quaderns-Estructures-061.jpg","type":"image\/jpeg"}],"twitter_card":"summary_large_image","twitter_misc":{"Tiempo de lectura":"5 minutos"},"schema":{"@context":"https:\/\/schema.org","@graph":[{"@type":"WebPage","@id":"https:\/\/aceweb.cat\/es\/producto\/quaderns-destructures-61\/","url":"https:\/\/aceweb.cat\/es\/producto\/quaderns-destructures-61\/","name":"Quaderns d'Estructures 61 | ACE","isPartOf":{"@id":"https:\/\/aceweb.cat\/#website"},"primaryImageOfPage":{"@id":"https:\/\/aceweb.cat\/es\/producto\/quaderns-destructures-61\/#primaryimage"},"image":{"@id":"https:\/\/aceweb.cat\/es\/producto\/quaderns-destructures-61\/#primaryimage"},"thumbnailUrl":"https:\/\/aceweb.cat\/wp-content\/uploads\/2023\/02\/ACE-Quaderns-Estructures-061.jpg","datePublished":"2023-01-14T10:00:41+00:00","dateModified":"2023-03-20T07:21:53+00:00","description":"Revista n\u00ba 61 con art\u00edculos de actualidad que tratan sobre la construcci\u00f3n de estructuras y que publica la Asociaci\u00f3n de Consultores de Estructuras (ACE).","breadcrumb":{"@id":"https:\/\/aceweb.cat\/es\/producto\/quaderns-destructures-61\/#breadcrumb"},"inLanguage":"es","potentialAction":[{"@type":"ReadAction","target":["https:\/\/aceweb.cat\/es\/producto\/quaderns-destructures-61\/"]}]},{"@type":"ImageObject","inLanguage":"es","@id":"https:\/\/aceweb.cat\/es\/producto\/quaderns-destructures-61\/#primaryimage","url":"https:\/\/aceweb.cat\/wp-content\/uploads\/2023\/02\/ACE-Quaderns-Estructures-061.jpg","contentUrl":"https:\/\/aceweb.cat\/wp-content\/uploads\/2023\/02\/ACE-Quaderns-Estructures-061.jpg","width":724,"height":1024},{"@type":"BreadcrumbList","@id":"https:\/\/aceweb.cat\/es\/producto\/quaderns-destructures-61\/#breadcrumb","itemListElement":[{"@type":"ListItem","position":1,"name":"Inici","item":"https:\/\/aceweb.cat\/"},{"@type":"ListItem","position":2,"name":"Tienda","item":"https:\/\/aceweb.cat\/es\/tienda\/"},{"@type":"ListItem","position":3,"name":"Quadern d\u2019Estructures","item":"https:\/\/aceweb.cat\/es\/categoria-producto\/cuaderno-de-estructuras\/"},{"@type":"ListItem","position":4,"name":"Quaderns d&#8217;Estructures 61"}]},{"@type":"WebSite","@id":"https:\/\/aceweb.cat\/#website","url":"https:\/\/aceweb.cat\/","name":"ACE","description":"Associaci\u00f3 de Consultors d&#039;Estructures | ACE","publisher":{"@id":"https:\/\/aceweb.cat\/#organization"},"alternateName":"ACE","potentialAction":[{"@type":"SearchAction","target":{"@type":"EntryPoint","urlTemplate":"https:\/\/aceweb.cat\/?s={search_term_string}"},"query-input":{"@type":"PropertyValueSpecification","valueRequired":true,"valueName":"search_term_string"}}],"inLanguage":"es"},{"@type":"Organization","@id":"https:\/\/aceweb.cat\/#organization","name":"ACE","alternateName":"ACE","url":"https:\/\/aceweb.cat\/","logo":{"@type":"ImageObject","inLanguage":"es","@id":"https:\/\/aceweb.cat\/#\/schema\/logo\/image\/","url":"https:\/\/aceweb.cat\/wp-content\/uploads\/2022\/10\/logo.svg","contentUrl":"https:\/\/aceweb.cat\/wp-content\/uploads\/2022\/10\/logo.svg","width":1,"height":1,"caption":"ACE"},"image":{"@id":"https:\/\/aceweb.cat\/#\/schema\/logo\/image\/"}}]}},"_links":{"self":[{"href":"https:\/\/aceweb.cat\/es\/wp-json\/wp\/v2\/product\/39888","targetHints":{"allow":["GET"]}}],"collection":[{"href":"https:\/\/aceweb.cat\/es\/wp-json\/wp\/v2\/product"}],"about":[{"href":"https:\/\/aceweb.cat\/es\/wp-json\/wp\/v2\/types\/product"}],"version-history":[{"count":1,"href":"https:\/\/aceweb.cat\/es\/wp-json\/wp\/v2\/product\/39888\/revisions"}],"predecessor-version":[{"id":40537,"href":"https:\/\/aceweb.cat\/es\/wp-json\/wp\/v2\/product\/39888\/revisions\/40537"}],"wp:featuredmedia":[{"embeddable":true,"href":"https:\/\/aceweb.cat\/es\/wp-json\/wp\/v2\/media\/37546"}],"wp:attachment":[{"href":"https:\/\/aceweb.cat\/es\/wp-json\/wp\/v2\/media?parent=39888"}],"wp:term":[{"taxonomy":"product_brand","embeddable":true,"href":"https:\/\/aceweb.cat\/es\/wp-json\/wp\/v2\/product_brand?post=39888"},{"taxonomy":"product_cat","embeddable":true,"href":"https:\/\/aceweb.cat\/es\/wp-json\/wp\/v2\/product_cat?post=39888"},{"taxonomy":"product_tag","embeddable":true,"href":"https:\/\/aceweb.cat\/es\/wp-json\/wp\/v2\/product_tag?post=39888"}],"curies":[{"name":"wp","href":"https:\/\/api.w.org\/{rel}","templated":true}]}}