{"id":39891,"date":"2023-01-15T10:00:22","date_gmt":"2023-01-15T10:00:22","guid":{"rendered":"https:\/\/www.aceweb.advertis.es\/producto\/quaderns-destructures-62\/"},"modified":"2023-03-22T16:01:10","modified_gmt":"2023-03-22T16:01:10","slug":"quaderns-destructures-62","status":"publish","type":"product","link":"https:\/\/aceweb.cat\/es\/producto\/quaderns-destructures-62\/","title":{"rendered":"Quaderns d&#8217;Estructures 62"},"content":{"rendered":"<p>Este n\u00famero incluye:<\/p>\n<h2><strong>1. Editorial: La evoluci\u00f3n de las estructuras. La revoluci\u00f3n de las estructuras<\/strong><\/h2>\n<p>Art\u00edculo redactado por\u00a0<b>XAVIER MATEU<\/b>. Descarga la revista para conocer el inicio de una nueva etapa para la ACE en el sector de la construcci\u00f3n:<\/p>\n<p><i>\u201cLa vida, cualquier disciplina, cualquier profesi\u00f3n, es evoluci\u00f3n. D\u00eda a d\u00eda se introducen peque\u00f1as mejoras, peque\u00f1os ajustes de direcci\u00f3n, pero no les llamamos cambios. S\u00f3lo llamamos cambio cuando algo, despu\u00e9s de ir probando estos retoques y el resultado sigue siendo el mismo o peor, aplicamos algo distinto, algo muy distinto o algo radicalmente distinto. Esa detecci\u00f3n de que algo no funciona, se llama crisis y, ese cambio radical exigido, se llama revoluci\u00f3n. Lo hacemos sin ser conscientes de ello: probamos el m\u00e9todo evolucionario (poco a poco) y, si \u00e9ste no funciona, ensayamos con el m\u00e9todo revolucionario (de golpe).<\/i><i>\u201d<\/i><\/ p><\/p>\n<h2><strong>2. \u00bfLo hacemos bastante bien?<\/strong><\/h2>\n<p>Art\u00edculo redactado por\u00a0<b>FRUCTUOSO MA\u00d1\u00c0 REIXACH<\/b>. Descarga la revista para conocer el inicio de una nueva etapa para la ACE en el sector de la construcci\u00f3n:<\/p>\n<p>\u201cEn los primeros a\u00f1os de la d\u00e9cada de los 60 se empezaron a promover los sistemas de c\u00e1lculo del hormig\u00f3n armado en ruptura. En Espa\u00f1a fue Eduardo Torroja quien desarroll\u00f3 su\u00a0<b>m\u00e9todo anel\u00e1stico concretado en la teor\u00eda del \u00abmomento tope\u00bb<\/b>. Antes, los reglamentos y los m\u00e9todos de c\u00e1lculo correspondientes, como en casi todo, se basaban en autores alemanes, que llevaban d\u00e9cadas utilizando m\u00e9todos basados en la elasticidad lineal. Es muy posible que la propuesta de Torroja tuviera alguna relaci\u00f3n con la normativa aparecida durante los a\u00f1os 40 dirigida al ahorro del acero en la construcci\u00f3n.\u201d<\/p>\n<h2><strong>3. <\/strong><strong>La anomal\u00eda de P\u00e1ez: \u00bfla inoportunidad de un ensayo?<\/strong><\/h2>\n<p>Art\u00edculo redactado por\u00a0<b>JOSEP M. GENESC\u00c0 Y RAMON<\/b>. Descarga la revista para conocer el inicio de una nueva etapa para la ACE en el sector de la construcci\u00f3n:<\/p>\n<p>\u201c\u00bfNo parece m\u00e1s l\u00f3gico que la teor\u00eda se elabore a partir de la experimentaci\u00f3n y no al rev\u00e9s? Aqu\u00ed se expone un caso, el de Alfredo P\u00e1ez Balaca, quien, bas\u00e1ndose exclusivamente en datos emp\u00edricos, propuso un m\u00e9todo de dimensionamiento del hormig\u00f3n armado. El m\u00e9todo no tuvo el \u00e9xito esperado. En este art\u00edculo se explica el sistema utilizado y las posibles causas de este desacuerdo t\u00e9cnico.\u201d<\/P><\/p>\n<h2><strong>4. La consolidaci\u00f3n de una estructura \u00fanica: el paraguas de Pola de Siero<\/strong><\/h2>\n<p>Art\u00edculo redactado por\u00a0<b>ROBERT BRUFAU NIUB\u00d3, ANTONIO AGUADO DE CEA, ALBERT DE LA FUENTE ANTEQUERA Y JORDI PAYOLA LAHOZ.<\/b>\u00a0Descarga la revista para conocer el inicio de una nueva etapa para el ACE en el sector de la construcci\u00f3n:<\/p>\n<p>\u201cEl ingeniero\u00a0<a href=\"https:\/\/es.wikipedia.org\/wiki\/Ildefonso_S%C3%A1nchez_del_R%C3%ADo\" target=\"_blank\" rel=\"noopener noreferrer\">Ildefonso S\u00e1nchez del R\u00edo <\/a>\u00a0proyect\u00f3 distintos paraguas situados en varios puntos de la ciudad de Oviedo. Actualmente se conservan dos de ellos, el conocido como paraguas de la Leche y el de la Corredur\u00eda. Eran los a\u00f1os veinte, y las at\u00edpicas propuestas de paraguas con planta circular fueron bien recibidas. La denominaci\u00f3n se deb\u00eda a su \u00fanico soporte central ya su planta circular<\/b>. Su di\u00e1metro era relativamente modesto, puesto que en ning\u00fan caso alcanz\u00f3 los 15 metros.\u201d<\/p>\n<h2><strong>5. Miscel\u00e1nea<\/strong><\/h2>\n<p>Una selecci\u00f3n de art\u00edculos de inter\u00e9s por parte de los socios protectores donde se ofrecen informaci\u00f3n de valor para los especialistas de c\u00e1lculo de estructuras.<\/p>\n<h2><strong>6. Lista de\u00a0miembros\u00a0de la asociaci\u00f3n<\/strong><\/h2>\n<p>Conoce a los miembros de la Asociaci\u00f3n Consultores de Estructuras. Podr\u00e1s ver a los nuevos integrantes que participan por el reconocimiento de la profesi\u00f3n dentro del mundo de la construcci\u00f3n.<\/p>\n","protected":false},"excerpt":{"rendered":"<ul>\n<li>1. Editorial<\/li>\n<li>2. \u00bfLo hacemos bastante bien?<\/li>\n<li>3. La anomal\u00eda de P\u00e1ez: \u00bfla inoportunidad de un ensayo?<\/li>\n<li>4. La consolidaci\u00f3n de una estructura \u00fanica: el paraguas de Pola de Siero<\/li>\n<li>5. Miscel\u00e1nea<\/li>\n<li>6. Lista de\u00a0miembros\u00a0de la asociaci\u00f3n<\/li>\n<\/ul>\n","protected":false},"featured_media":37540,"template":"","meta":{"_acf_changed":false,"site-sidebar-layout":"default","site-content-layout":"default","ast-global-header-display":"","ast-main-header-display":"","ast-hfb-above-header-display":"","ast-hfb-below-header-display":"","ast-hfb-mobile-header-display":"","site-post-title":"","ast-breadcrumbs-content":"","ast-featured-img":"","footer-sml-layout":"","theme-transparent-header-meta":"default","adv-header-id-meta":"","stick-header-meta":"","header-above-stick-meta":"","header-main-stick-meta":"","header-below-stick-meta":""},"product_brand":[],"product_cat":[595],"product_tag":[],"class_list":{"0":"post-39891","1":"product","2":"type-product","3":"status-publish","4":"has-post-thumbnail","6":"product_cat-cuaderno-de-estructuras","7":"desktop-align-left","8":"tablet-align-left","9":"mobile-align-left","11":"first","12":"instock","13":"taxable","14":"shipping-taxable","15":"purchasable","16":"product-type-variable","17":"has-default-attributes"},"acf":[],"yoast_head":"<!-- This site is optimized with the Yoast SEO plugin v27.1.1 - https:\/\/yoast.com\/product\/yoast-seo-wordpress\/ -->\n<title>Quaderns d&#039;Estructures 62 | ACE<\/title>\n<meta name=\"description\" content=\"Revista n\u00ba 62 amb articles d&#039;actualitat que tracten sobre la construcci\u00f3 d&#039;estructures i que publica l&#039;Associaci\u00f3 de Consultors d&#039;Estructures (ACE).\" \/>\n<meta name=\"robots\" content=\"index, follow, max-snippet:-1, max-image-preview:large, max-video-preview:-1\" \/>\n<link rel=\"canonical\" href=\"https:\/\/aceweb.cat\/es\/producto\/quaderns-destructures-62\/\" \/>\n<meta property=\"og:locale\" content=\"es_ES\" \/>\n<meta property=\"og:type\" content=\"article\" \/>\n<meta property=\"og:title\" content=\"Quaderns d&#039;Estructures 62 | ACE\" \/>\n<meta property=\"og:description\" content=\"Revista n\u00ba 62 amb articles d&#039;actualitat que tracten sobre la construcci\u00f3 d&#039;estructures i que publica l&#039;Associaci\u00f3 de Consultors d&#039;Estructures (ACE).\" \/>\n<meta property=\"og:url\" content=\"https:\/\/aceweb.cat\/es\/producto\/quaderns-destructures-62\/\" \/>\n<meta property=\"og:site_name\" content=\"aceweb.cat\" \/>\n<meta property=\"article:modified_time\" content=\"2023-03-22T16:01:10+00:00\" \/>\n<meta property=\"og:image\" content=\"https:\/\/aceweb.cat\/wp-content\/uploads\/2023\/02\/ACE-Quaderns-Estructures-062.jpg\" \/>\n\t<meta property=\"og:image:width\" content=\"724\" \/>\n\t<meta property=\"og:image:height\" content=\"1024\" \/>\n\t<meta property=\"og:image:type\" content=\"image\/jpeg\" \/>\n<meta name=\"twitter:card\" content=\"summary_large_image\" \/>\n<meta name=\"twitter:label1\" content=\"Tiempo de lectura\" \/>\n\t<meta name=\"twitter:data1\" content=\"3 minutos\" \/>\n<script type=\"application\/ld+json\" class=\"yoast-schema-graph\">{\"@context\":\"https:\/\/schema.org\",\"@graph\":[{\"@type\":\"WebPage\",\"@id\":\"https:\/\/aceweb.cat\/es\/producto\/quaderns-destructures-62\/\",\"url\":\"https:\/\/aceweb.cat\/es\/producto\/quaderns-destructures-62\/\",\"name\":\"Quaderns d'Estructures 62 | ACE\",\"isPartOf\":{\"@id\":\"https:\/\/aceweb.cat\/#website\"},\"primaryImageOfPage\":{\"@id\":\"https:\/\/aceweb.cat\/es\/producto\/quaderns-destructures-62\/#primaryimage\"},\"image\":{\"@id\":\"https:\/\/aceweb.cat\/es\/producto\/quaderns-destructures-62\/#primaryimage\"},\"thumbnailUrl\":\"https:\/\/aceweb.cat\/wp-content\/uploads\/2023\/02\/ACE-Quaderns-Estructures-062.jpg\",\"datePublished\":\"2023-01-15T10:00:22+00:00\",\"dateModified\":\"2023-03-22T16:01:10+00:00\",\"description\":\"Revista n\u00ba 62 amb articles d'actualitat que tracten sobre la construcci\u00f3 d'estructures i que publica l'Associaci\u00f3 de Consultors d'Estructures (ACE).\",\"breadcrumb\":{\"@id\":\"https:\/\/aceweb.cat\/es\/producto\/quaderns-destructures-62\/#breadcrumb\"},\"inLanguage\":\"es\",\"potentialAction\":[{\"@type\":\"ReadAction\",\"target\":[\"https:\/\/aceweb.cat\/es\/producto\/quaderns-destructures-62\/\"]}]},{\"@type\":\"ImageObject\",\"inLanguage\":\"es\",\"@id\":\"https:\/\/aceweb.cat\/es\/producto\/quaderns-destructures-62\/#primaryimage\",\"url\":\"https:\/\/aceweb.cat\/wp-content\/uploads\/2023\/02\/ACE-Quaderns-Estructures-062.jpg\",\"contentUrl\":\"https:\/\/aceweb.cat\/wp-content\/uploads\/2023\/02\/ACE-Quaderns-Estructures-062.jpg\",\"width\":724,\"height\":1024},{\"@type\":\"BreadcrumbList\",\"@id\":\"https:\/\/aceweb.cat\/es\/producto\/quaderns-destructures-62\/#breadcrumb\",\"itemListElement\":[{\"@type\":\"ListItem\",\"position\":1,\"name\":\"Inici\",\"item\":\"https:\/\/aceweb.cat\/\"},{\"@type\":\"ListItem\",\"position\":2,\"name\":\"Tienda\",\"item\":\"https:\/\/aceweb.cat\/es\/tienda\/\"},{\"@type\":\"ListItem\",\"position\":3,\"name\":\"Quadern d\u2019Estructures\",\"item\":\"https:\/\/aceweb.cat\/es\/categoria-producto\/cuaderno-de-estructuras\/\"},{\"@type\":\"ListItem\",\"position\":4,\"name\":\"Quaderns d&#8217;Estructures 62\"}]},{\"@type\":\"WebSite\",\"@id\":\"https:\/\/aceweb.cat\/#website\",\"url\":\"https:\/\/aceweb.cat\/\",\"name\":\"ACE\",\"description\":\"Associaci\u00f3 de Consultors d&#039;Estructures | ACE\",\"publisher\":{\"@id\":\"https:\/\/aceweb.cat\/#organization\"},\"alternateName\":\"ACE\",\"potentialAction\":[{\"@type\":\"SearchAction\",\"target\":{\"@type\":\"EntryPoint\",\"urlTemplate\":\"https:\/\/aceweb.cat\/?s={search_term_string}\"},\"query-input\":{\"@type\":\"PropertyValueSpecification\",\"valueRequired\":true,\"valueName\":\"search_term_string\"}}],\"inLanguage\":\"es\"},{\"@type\":\"Organization\",\"@id\":\"https:\/\/aceweb.cat\/#organization\",\"name\":\"ACE\",\"alternateName\":\"ACE\",\"url\":\"https:\/\/aceweb.cat\/\",\"logo\":{\"@type\":\"ImageObject\",\"inLanguage\":\"es\",\"@id\":\"https:\/\/aceweb.cat\/#\/schema\/logo\/image\/\",\"url\":\"https:\/\/aceweb.cat\/wp-content\/uploads\/2022\/10\/logo.svg\",\"contentUrl\":\"https:\/\/aceweb.cat\/wp-content\/uploads\/2022\/10\/logo.svg\",\"width\":1,\"height\":1,\"caption\":\"ACE\"},\"image\":{\"@id\":\"https:\/\/aceweb.cat\/#\/schema\/logo\/image\/\"}}]}<\/script>\n<!-- \/ Yoast SEO plugin. -->","yoast_head_json":{"title":"Quaderns d'Estructures 62 | ACE","description":"Revista n\u00ba 62 amb articles d'actualitat que tracten sobre la construcci\u00f3 d'estructures i que publica l'Associaci\u00f3 de Consultors d'Estructures (ACE).","robots":{"index":"index","follow":"follow","max-snippet":"max-snippet:-1","max-image-preview":"max-image-preview:large","max-video-preview":"max-video-preview:-1"},"canonical":"https:\/\/aceweb.cat\/es\/producto\/quaderns-destructures-62\/","og_locale":"es_ES","og_type":"article","og_title":"Quaderns d'Estructures 62 | ACE","og_description":"Revista n\u00ba 62 amb articles d'actualitat que tracten sobre la construcci\u00f3 d'estructures i que publica l'Associaci\u00f3 de Consultors d'Estructures (ACE).","og_url":"https:\/\/aceweb.cat\/es\/producto\/quaderns-destructures-62\/","og_site_name":"aceweb.cat","article_modified_time":"2023-03-22T16:01:10+00:00","og_image":[{"width":724,"height":1024,"url":"https:\/\/aceweb.cat\/wp-content\/uploads\/2023\/02\/ACE-Quaderns-Estructures-062.jpg","type":"image\/jpeg"}],"twitter_card":"summary_large_image","twitter_misc":{"Tiempo de lectura":"3 minutos"},"schema":{"@context":"https:\/\/schema.org","@graph":[{"@type":"WebPage","@id":"https:\/\/aceweb.cat\/es\/producto\/quaderns-destructures-62\/","url":"https:\/\/aceweb.cat\/es\/producto\/quaderns-destructures-62\/","name":"Quaderns d'Estructures 62 | ACE","isPartOf":{"@id":"https:\/\/aceweb.cat\/#website"},"primaryImageOfPage":{"@id":"https:\/\/aceweb.cat\/es\/producto\/quaderns-destructures-62\/#primaryimage"},"image":{"@id":"https:\/\/aceweb.cat\/es\/producto\/quaderns-destructures-62\/#primaryimage"},"thumbnailUrl":"https:\/\/aceweb.cat\/wp-content\/uploads\/2023\/02\/ACE-Quaderns-Estructures-062.jpg","datePublished":"2023-01-15T10:00:22+00:00","dateModified":"2023-03-22T16:01:10+00:00","description":"Revista n\u00ba 62 amb articles d'actualitat que tracten sobre la construcci\u00f3 d'estructures i que publica l'Associaci\u00f3 de Consultors d'Estructures (ACE).","breadcrumb":{"@id":"https:\/\/aceweb.cat\/es\/producto\/quaderns-destructures-62\/#breadcrumb"},"inLanguage":"es","potentialAction":[{"@type":"ReadAction","target":["https:\/\/aceweb.cat\/es\/producto\/quaderns-destructures-62\/"]}]},{"@type":"ImageObject","inLanguage":"es","@id":"https:\/\/aceweb.cat\/es\/producto\/quaderns-destructures-62\/#primaryimage","url":"https:\/\/aceweb.cat\/wp-content\/uploads\/2023\/02\/ACE-Quaderns-Estructures-062.jpg","contentUrl":"https:\/\/aceweb.cat\/wp-content\/uploads\/2023\/02\/ACE-Quaderns-Estructures-062.jpg","width":724,"height":1024},{"@type":"BreadcrumbList","@id":"https:\/\/aceweb.cat\/es\/producto\/quaderns-destructures-62\/#breadcrumb","itemListElement":[{"@type":"ListItem","position":1,"name":"Inici","item":"https:\/\/aceweb.cat\/"},{"@type":"ListItem","position":2,"name":"Tienda","item":"https:\/\/aceweb.cat\/es\/tienda\/"},{"@type":"ListItem","position":3,"name":"Quadern d\u2019Estructures","item":"https:\/\/aceweb.cat\/es\/categoria-producto\/cuaderno-de-estructuras\/"},{"@type":"ListItem","position":4,"name":"Quaderns d&#8217;Estructures 62"}]},{"@type":"WebSite","@id":"https:\/\/aceweb.cat\/#website","url":"https:\/\/aceweb.cat\/","name":"ACE","description":"Associaci\u00f3 de Consultors d&#039;Estructures | ACE","publisher":{"@id":"https:\/\/aceweb.cat\/#organization"},"alternateName":"ACE","potentialAction":[{"@type":"SearchAction","target":{"@type":"EntryPoint","urlTemplate":"https:\/\/aceweb.cat\/?s={search_term_string}"},"query-input":{"@type":"PropertyValueSpecification","valueRequired":true,"valueName":"search_term_string"}}],"inLanguage":"es"},{"@type":"Organization","@id":"https:\/\/aceweb.cat\/#organization","name":"ACE","alternateName":"ACE","url":"https:\/\/aceweb.cat\/","logo":{"@type":"ImageObject","inLanguage":"es","@id":"https:\/\/aceweb.cat\/#\/schema\/logo\/image\/","url":"https:\/\/aceweb.cat\/wp-content\/uploads\/2022\/10\/logo.svg","contentUrl":"https:\/\/aceweb.cat\/wp-content\/uploads\/2022\/10\/logo.svg","width":1,"height":1,"caption":"ACE"},"image":{"@id":"https:\/\/aceweb.cat\/#\/schema\/logo\/image\/"}}]}},"_links":{"self":[{"href":"https:\/\/aceweb.cat\/es\/wp-json\/wp\/v2\/product\/39891","targetHints":{"allow":["GET"]}}],"collection":[{"href":"https:\/\/aceweb.cat\/es\/wp-json\/wp\/v2\/product"}],"about":[{"href":"https:\/\/aceweb.cat\/es\/wp-json\/wp\/v2\/types\/product"}],"version-history":[{"count":1,"href":"https:\/\/aceweb.cat\/es\/wp-json\/wp\/v2\/product\/39891\/revisions"}],"predecessor-version":[{"id":41035,"href":"https:\/\/aceweb.cat\/es\/wp-json\/wp\/v2\/product\/39891\/revisions\/41035"}],"wp:featuredmedia":[{"embeddable":true,"href":"https:\/\/aceweb.cat\/es\/wp-json\/wp\/v2\/media\/37540"}],"wp:attachment":[{"href":"https:\/\/aceweb.cat\/es\/wp-json\/wp\/v2\/media?parent=39891"}],"wp:term":[{"taxonomy":"product_brand","embeddable":true,"href":"https:\/\/aceweb.cat\/es\/wp-json\/wp\/v2\/product_brand?post=39891"},{"taxonomy":"product_cat","embeddable":true,"href":"https:\/\/aceweb.cat\/es\/wp-json\/wp\/v2\/product_cat?post=39891"},{"taxonomy":"product_tag","embeddable":true,"href":"https:\/\/aceweb.cat\/es\/wp-json\/wp\/v2\/product_tag?post=39891"}],"curies":[{"name":"wp","href":"https:\/\/api.w.org\/{rel}","templated":true}]}}