{"id":39894,"date":"2023-01-16T10:00:51","date_gmt":"2023-01-16T10:00:51","guid":{"rendered":"https:\/\/www.aceweb.advertis.es\/producto\/quaderns-destructures-63\/"},"modified":"2023-03-20T07:36:03","modified_gmt":"2023-03-20T07:36:03","slug":"quaderns-destructures-63","status":"publish","type":"product","link":"https:\/\/aceweb.cat\/es\/producto\/quaderns-destructures-63\/","title":{"rendered":"Quaderns d&#8217;Estructures 63"},"content":{"rendered":"<p>Este n\u00famero incluye:<\/p>\n<h2><strong>1. Editorial<\/strong><\/h2>\n<p>Art\u00edculo redactado por\u00a0<b>MIQUEL RODR\u00cdGUEZ NIEDENF\u00dcHR<\/b>. Descarga la revista para conocer el inicio de una nueva etapa para la ACE en el sector de la construcci\u00f3n:<\/p>\n<p><i>\u201cEn lo que va de a\u00f1o parece que el sector de la construcci\u00f3n est\u00e1 yendo a un ritmo vertiginoso en lo que se refiere al ritmo de construcci\u00f3n. Este incremento viene dado principalmente por las viviendas, de las que se ha disparado la construcci\u00f3n.<\/i><i>\u201d<\/i><\/p>\n<h2><strong>2. El inter\u00e9s de las segundas opiniones<\/strong><\/h2>\n<p>Art\u00edculo redactado por\u00a0<b>MELIT\u00d3N CAMPRUB\u00cd Y PUIG<\/b>. Descarga la revista para conocer el inicio de una nueva etapa para la ACE en el sector de la construcci\u00f3n:<\/p>\n<p>\u201cLos problemas, grandes, peque\u00f1os, o inexistentes, de\u00a0<b>las estructuras de los edificios antiguos, o hist\u00f3ricos, son dif\u00edciles de abordar<\/b>\u00a0con los repertorios instrumentales y normativos modernos que responden a las necesidades de otros conceptos de funcionamiento estructural y otros tipos de materiales. En algunas escuelas, en la ETSAB por ejemplo, los arquitectos han sido formados en el c\u00e1lculo de estructuras \u00abmoderno\u00bb y han sido dotados de un t\u00edtulo generalista que les habilita para afrontar cualquier problema estructural, edificios antiguos incluidos.\u201d&lt;\/ p&gt;<\/p>\n<h2><strong>3. Estabilizaci\u00f3n de la vertiente de Veri<\/strong><\/h2>\n<p>Art\u00edculo redactado por\u00a0<b>LUIS CH\u00d3LIZ DEL JUNCO<\/b>. Descarga la revista para conocer el inicio de una nueva etapa para la ACE en el sector de la construcci\u00f3n:<\/p>\n<p>\u201cUn muro de contenci\u00f3n de tierras puede ser un trabajo complicado. En el caso de la vertiente de Aig\u00fces de Veri, en el Pirineo aragon\u00e9s, el primer problema fue determinar cu\u00e1l es\u00a0<b>el empuje del terreno y despu\u00e9s, qu\u00e9 soluciones eran viables<\/b>. Un problema adicional fue la magnitud de los n\u00fameros, tan grandes que condujeron a anclajes de 50 m de longitud trabajando a 174 toneladas.\u201d<\/p>\n<h2><strong>4. Entrevista a Robert Brufau<\/strong><\/h2>\n<p>Art\u00edculo redactado por\u00a0<b>MAR\u00cdA LEACH<\/b>. Descarga la revista para conocer el inicio de una nueva etapa para la ACE en el sector de la construcci\u00f3n:<\/p>\n<p>\u201cPocas personas en nuestro pa\u00eds han contribuido a enaltecer tanto la profesi\u00f3n de consultor de estructuras como Robert Brufau. A punto de cumplirse el trig\u00e9simo cuarto aniversario de la prestigiosa ACE, charlamos con el que fue su primer presidente, de los hitos por los que luch\u00f3 y de los objetivos alcanzados, toda una serie de avances que hoy permiten a los cuatrocientos asociados de esta entidad diversa y transversal ejercer con dignidad su oficio.\u201d<\/p>\n<p><i>\u201cEl trabajo del arquitecto estructurista es entender los equilibrios de todo lo que hay.\u201d<\/i>\u00a0<b>Robert Brufau y Niub\u00f3<\/b><\/p>\n<h2><strong>5. La torre Libeskind y el proyecto CityLife<\/strong><\/h2>\n<p>Art\u00edculo redactado por\u00a0<a href=\"https:\/\/www.mapei.com\/es\/es\/pagina-de-inicio\" target=\"_blank\" rel=\"noopener noreferrer\"><b>MAPEI&lt;\/b &gt;<\/b><\/a>. Descarga la revista para conocer el inicio de una nueva etapa para la ACE en el sector de la construcci\u00f3n:<\/p>\n<p>\u201cLos que leen realt\u00e1ndo Mapei International ya sabr\u00e1n: Mapei siempre ha prestado mucha atenci\u00f3n a los grandes cambios que la ciudad de Mil\u00e1n ha tenido que hacer frente durante los \u00faltimos a\u00f1os de dise\u00f1o y desarrollo urbanos. El Grupo ha tenido un papel destacado y pr\u00e1ctico en la <b>la construcci\u00f3n del nuevo perfil urban\u00edstico de la ciudad<\/b>.\u201d<\/p>\n<h2><strong>6. Miscel\u00e1nea<\/strong><\/h2>\n<p>Una selecci\u00f3n de art\u00edculos de inter\u00e9s por parte de los socios protectores donde se ofrecen informaci\u00f3n de valor para los especialistas de c\u00e1lculo de estructuras.<\/p>\n<h2><strong>7. Lista de\u00a0miembros\u00a0de la asociaci\u00f3n<\/strong><\/h2>\n<p>Conoce a los miembros de la Asociaci\u00f3n Consultores de Estructuras. Podr\u00e1s ver a los nuevos integrantes que participan por el reconocimiento de la profesi\u00f3n dentro del mundo de la construcci\u00f3n.<\/p>\n","protected":false},"excerpt":{"rendered":"<ul>\n<li>1. Editorial<\/li>\n<li>2. El inter\u00e9s de las segundas opiniones<\/li>\n<li>3. Estabilizaci\u00f3n de la vertiente de Veri<\/li>\n<li>4. Entrevista a Robert Brufau<\/li>\n<li>5. La torre Libeskind y el proyecto CityLife<\/li>\n<li>6. Miscel\u00e1nea<\/li>\n<li>7. Lista de\u00a0miembros\u00a0de la asociaci\u00f3n<\/li>\n<\/ul>\n","protected":false},"featured_media":37529,"template":"","meta":{"_acf_changed":false,"site-sidebar-layout":"default","site-content-layout":"default","ast-global-header-display":"","ast-main-header-display":"","ast-hfb-above-header-display":"","ast-hfb-below-header-display":"","ast-hfb-mobile-header-display":"","site-post-title":"","ast-breadcrumbs-content":"","ast-featured-img":"","footer-sml-layout":"","theme-transparent-header-meta":"default","adv-header-id-meta":"","stick-header-meta":"","header-above-stick-meta":"","header-main-stick-meta":"","header-below-stick-meta":""},"product_brand":[],"product_cat":[595],"product_tag":[],"class_list":{"0":"post-39894","1":"product","2":"type-product","3":"status-publish","4":"has-post-thumbnail","6":"product_cat-cuaderno-de-estructuras","7":"desktop-align-left","8":"tablet-align-left","9":"mobile-align-left","11":"first","12":"instock","13":"taxable","14":"shipping-taxable","15":"purchasable","16":"product-type-variable","17":"has-default-attributes"},"acf":[],"yoast_head":"<!-- This site is optimized with the Yoast SEO plugin v27.1.1 - https:\/\/yoast.com\/product\/yoast-seo-wordpress\/ -->\n<title>Quaderns d&#039;Estructures 63 | ACE<\/title>\n<meta name=\"description\" content=\"Revista n\u00ba 63 con art\u00edculos de actualidad que tratan sobre la construcci\u00f3n de estructuras y que publica la Asociaci\u00f3n de Consultores de Estructuras (ACE).\" \/>\n<meta name=\"robots\" content=\"index, follow, max-snippet:-1, max-image-preview:large, max-video-preview:-1\" \/>\n<link rel=\"canonical\" href=\"https:\/\/aceweb.cat\/es\/producto\/quaderns-destructures-63\/\" \/>\n<meta property=\"og:locale\" content=\"es_ES\" \/>\n<meta property=\"og:type\" content=\"article\" \/>\n<meta property=\"og:title\" content=\"Quaderns d&#039;Estructures 63 | ACE\" \/>\n<meta property=\"og:description\" content=\"Revista n\u00ba 63 con art\u00edculos de actualidad que tratan sobre la construcci\u00f3n de estructuras y que publica la Asociaci\u00f3n de Consultores de Estructuras (ACE).\" \/>\n<meta property=\"og:url\" content=\"https:\/\/aceweb.cat\/es\/producto\/quaderns-destructures-63\/\" \/>\n<meta property=\"og:site_name\" content=\"aceweb.cat\" \/>\n<meta property=\"article:modified_time\" content=\"2023-03-20T07:36:03+00:00\" \/>\n<meta property=\"og:image\" content=\"https:\/\/aceweb.cat\/wp-content\/uploads\/2023\/02\/ACE-Quaderns-Estructures-063.jpg\" \/>\n\t<meta property=\"og:image:width\" content=\"724\" \/>\n\t<meta property=\"og:image:height\" content=\"1024\" \/>\n\t<meta property=\"og:image:type\" content=\"image\/jpeg\" \/>\n<meta name=\"twitter:card\" content=\"summary_large_image\" \/>\n<meta name=\"twitter:label1\" content=\"Tiempo de lectura\" \/>\n\t<meta name=\"twitter:data1\" content=\"4 minutos\" \/>\n<script type=\"application\/ld+json\" class=\"yoast-schema-graph\">{\"@context\":\"https:\/\/schema.org\",\"@graph\":[{\"@type\":\"WebPage\",\"@id\":\"https:\/\/aceweb.cat\/es\/producto\/quaderns-destructures-63\/\",\"url\":\"https:\/\/aceweb.cat\/es\/producto\/quaderns-destructures-63\/\",\"name\":\"Quaderns d'Estructures 63 | ACE\",\"isPartOf\":{\"@id\":\"https:\/\/aceweb.cat\/#website\"},\"primaryImageOfPage\":{\"@id\":\"https:\/\/aceweb.cat\/es\/producto\/quaderns-destructures-63\/#primaryimage\"},\"image\":{\"@id\":\"https:\/\/aceweb.cat\/es\/producto\/quaderns-destructures-63\/#primaryimage\"},\"thumbnailUrl\":\"https:\/\/aceweb.cat\/wp-content\/uploads\/2023\/02\/ACE-Quaderns-Estructures-063.jpg\",\"datePublished\":\"2023-01-16T10:00:51+00:00\",\"dateModified\":\"2023-03-20T07:36:03+00:00\",\"description\":\"Revista n\u00ba 63 con art\u00edculos de actualidad que tratan sobre la construcci\u00f3n de estructuras y que publica la Asociaci\u00f3n de Consultores de Estructuras (ACE).\",\"breadcrumb\":{\"@id\":\"https:\/\/aceweb.cat\/es\/producto\/quaderns-destructures-63\/#breadcrumb\"},\"inLanguage\":\"es\",\"potentialAction\":[{\"@type\":\"ReadAction\",\"target\":[\"https:\/\/aceweb.cat\/es\/producto\/quaderns-destructures-63\/\"]}]},{\"@type\":\"ImageObject\",\"inLanguage\":\"es\",\"@id\":\"https:\/\/aceweb.cat\/es\/producto\/quaderns-destructures-63\/#primaryimage\",\"url\":\"https:\/\/aceweb.cat\/wp-content\/uploads\/2023\/02\/ACE-Quaderns-Estructures-063.jpg\",\"contentUrl\":\"https:\/\/aceweb.cat\/wp-content\/uploads\/2023\/02\/ACE-Quaderns-Estructures-063.jpg\",\"width\":724,\"height\":1024},{\"@type\":\"BreadcrumbList\",\"@id\":\"https:\/\/aceweb.cat\/es\/producto\/quaderns-destructures-63\/#breadcrumb\",\"itemListElement\":[{\"@type\":\"ListItem\",\"position\":1,\"name\":\"Inici\",\"item\":\"https:\/\/aceweb.cat\/\"},{\"@type\":\"ListItem\",\"position\":2,\"name\":\"Tienda\",\"item\":\"https:\/\/aceweb.cat\/es\/tienda\/\"},{\"@type\":\"ListItem\",\"position\":3,\"name\":\"Quadern d\u2019Estructures\",\"item\":\"https:\/\/aceweb.cat\/es\/categoria-producto\/cuaderno-de-estructuras\/\"},{\"@type\":\"ListItem\",\"position\":4,\"name\":\"Quaderns d&#8217;Estructures 63\"}]},{\"@type\":\"WebSite\",\"@id\":\"https:\/\/aceweb.cat\/#website\",\"url\":\"https:\/\/aceweb.cat\/\",\"name\":\"ACE\",\"description\":\"Associaci\u00f3 de Consultors d&#039;Estructures | ACE\",\"publisher\":{\"@id\":\"https:\/\/aceweb.cat\/#organization\"},\"alternateName\":\"ACE\",\"potentialAction\":[{\"@type\":\"SearchAction\",\"target\":{\"@type\":\"EntryPoint\",\"urlTemplate\":\"https:\/\/aceweb.cat\/?s={search_term_string}\"},\"query-input\":{\"@type\":\"PropertyValueSpecification\",\"valueRequired\":true,\"valueName\":\"search_term_string\"}}],\"inLanguage\":\"es\"},{\"@type\":\"Organization\",\"@id\":\"https:\/\/aceweb.cat\/#organization\",\"name\":\"ACE\",\"alternateName\":\"ACE\",\"url\":\"https:\/\/aceweb.cat\/\",\"logo\":{\"@type\":\"ImageObject\",\"inLanguage\":\"es\",\"@id\":\"https:\/\/aceweb.cat\/#\/schema\/logo\/image\/\",\"url\":\"https:\/\/aceweb.cat\/wp-content\/uploads\/2022\/10\/logo.svg\",\"contentUrl\":\"https:\/\/aceweb.cat\/wp-content\/uploads\/2022\/10\/logo.svg\",\"width\":1,\"height\":1,\"caption\":\"ACE\"},\"image\":{\"@id\":\"https:\/\/aceweb.cat\/#\/schema\/logo\/image\/\"}}]}<\/script>\n<!-- \/ Yoast SEO plugin. -->","yoast_head_json":{"title":"Quaderns d'Estructures 63 | ACE","description":"Revista n\u00ba 63 con art\u00edculos de actualidad que tratan sobre la construcci\u00f3n de estructuras y que publica la Asociaci\u00f3n de Consultores de Estructuras (ACE).","robots":{"index":"index","follow":"follow","max-snippet":"max-snippet:-1","max-image-preview":"max-image-preview:large","max-video-preview":"max-video-preview:-1"},"canonical":"https:\/\/aceweb.cat\/es\/producto\/quaderns-destructures-63\/","og_locale":"es_ES","og_type":"article","og_title":"Quaderns d'Estructures 63 | ACE","og_description":"Revista n\u00ba 63 con art\u00edculos de actualidad que tratan sobre la construcci\u00f3n de estructuras y que publica la Asociaci\u00f3n de Consultores de Estructuras (ACE).","og_url":"https:\/\/aceweb.cat\/es\/producto\/quaderns-destructures-63\/","og_site_name":"aceweb.cat","article_modified_time":"2023-03-20T07:36:03+00:00","og_image":[{"width":724,"height":1024,"url":"https:\/\/aceweb.cat\/wp-content\/uploads\/2023\/02\/ACE-Quaderns-Estructures-063.jpg","type":"image\/jpeg"}],"twitter_card":"summary_large_image","twitter_misc":{"Tiempo de lectura":"4 minutos"},"schema":{"@context":"https:\/\/schema.org","@graph":[{"@type":"WebPage","@id":"https:\/\/aceweb.cat\/es\/producto\/quaderns-destructures-63\/","url":"https:\/\/aceweb.cat\/es\/producto\/quaderns-destructures-63\/","name":"Quaderns d'Estructures 63 | ACE","isPartOf":{"@id":"https:\/\/aceweb.cat\/#website"},"primaryImageOfPage":{"@id":"https:\/\/aceweb.cat\/es\/producto\/quaderns-destructures-63\/#primaryimage"},"image":{"@id":"https:\/\/aceweb.cat\/es\/producto\/quaderns-destructures-63\/#primaryimage"},"thumbnailUrl":"https:\/\/aceweb.cat\/wp-content\/uploads\/2023\/02\/ACE-Quaderns-Estructures-063.jpg","datePublished":"2023-01-16T10:00:51+00:00","dateModified":"2023-03-20T07:36:03+00:00","description":"Revista n\u00ba 63 con art\u00edculos de actualidad que tratan sobre la construcci\u00f3n de estructuras y que publica la Asociaci\u00f3n de Consultores de Estructuras (ACE).","breadcrumb":{"@id":"https:\/\/aceweb.cat\/es\/producto\/quaderns-destructures-63\/#breadcrumb"},"inLanguage":"es","potentialAction":[{"@type":"ReadAction","target":["https:\/\/aceweb.cat\/es\/producto\/quaderns-destructures-63\/"]}]},{"@type":"ImageObject","inLanguage":"es","@id":"https:\/\/aceweb.cat\/es\/producto\/quaderns-destructures-63\/#primaryimage","url":"https:\/\/aceweb.cat\/wp-content\/uploads\/2023\/02\/ACE-Quaderns-Estructures-063.jpg","contentUrl":"https:\/\/aceweb.cat\/wp-content\/uploads\/2023\/02\/ACE-Quaderns-Estructures-063.jpg","width":724,"height":1024},{"@type":"BreadcrumbList","@id":"https:\/\/aceweb.cat\/es\/producto\/quaderns-destructures-63\/#breadcrumb","itemListElement":[{"@type":"ListItem","position":1,"name":"Inici","item":"https:\/\/aceweb.cat\/"},{"@type":"ListItem","position":2,"name":"Tienda","item":"https:\/\/aceweb.cat\/es\/tienda\/"},{"@type":"ListItem","position":3,"name":"Quadern d\u2019Estructures","item":"https:\/\/aceweb.cat\/es\/categoria-producto\/cuaderno-de-estructuras\/"},{"@type":"ListItem","position":4,"name":"Quaderns d&#8217;Estructures 63"}]},{"@type":"WebSite","@id":"https:\/\/aceweb.cat\/#website","url":"https:\/\/aceweb.cat\/","name":"ACE","description":"Associaci\u00f3 de Consultors d&#039;Estructures | ACE","publisher":{"@id":"https:\/\/aceweb.cat\/#organization"},"alternateName":"ACE","potentialAction":[{"@type":"SearchAction","target":{"@type":"EntryPoint","urlTemplate":"https:\/\/aceweb.cat\/?s={search_term_string}"},"query-input":{"@type":"PropertyValueSpecification","valueRequired":true,"valueName":"search_term_string"}}],"inLanguage":"es"},{"@type":"Organization","@id":"https:\/\/aceweb.cat\/#organization","name":"ACE","alternateName":"ACE","url":"https:\/\/aceweb.cat\/","logo":{"@type":"ImageObject","inLanguage":"es","@id":"https:\/\/aceweb.cat\/#\/schema\/logo\/image\/","url":"https:\/\/aceweb.cat\/wp-content\/uploads\/2022\/10\/logo.svg","contentUrl":"https:\/\/aceweb.cat\/wp-content\/uploads\/2022\/10\/logo.svg","width":1,"height":1,"caption":"ACE"},"image":{"@id":"https:\/\/aceweb.cat\/#\/schema\/logo\/image\/"}}]}},"_links":{"self":[{"href":"https:\/\/aceweb.cat\/es\/wp-json\/wp\/v2\/product\/39894","targetHints":{"allow":["GET"]}}],"collection":[{"href":"https:\/\/aceweb.cat\/es\/wp-json\/wp\/v2\/product"}],"about":[{"href":"https:\/\/aceweb.cat\/es\/wp-json\/wp\/v2\/types\/product"}],"version-history":[{"count":1,"href":"https:\/\/aceweb.cat\/es\/wp-json\/wp\/v2\/product\/39894\/revisions"}],"predecessor-version":[{"id":40542,"href":"https:\/\/aceweb.cat\/es\/wp-json\/wp\/v2\/product\/39894\/revisions\/40542"}],"wp:featuredmedia":[{"embeddable":true,"href":"https:\/\/aceweb.cat\/es\/wp-json\/wp\/v2\/media\/37529"}],"wp:attachment":[{"href":"https:\/\/aceweb.cat\/es\/wp-json\/wp\/v2\/media?parent=39894"}],"wp:term":[{"taxonomy":"product_brand","embeddable":true,"href":"https:\/\/aceweb.cat\/es\/wp-json\/wp\/v2\/product_brand?post=39894"},{"taxonomy":"product_cat","embeddable":true,"href":"https:\/\/aceweb.cat\/es\/wp-json\/wp\/v2\/product_cat?post=39894"},{"taxonomy":"product_tag","embeddable":true,"href":"https:\/\/aceweb.cat\/es\/wp-json\/wp\/v2\/product_tag?post=39894"}],"curies":[{"name":"wp","href":"https:\/\/api.w.org\/{rel}","templated":true}]}}