{"id":39897,"date":"2023-01-17T10:00:52","date_gmt":"2023-01-17T10:00:52","guid":{"rendered":"https:\/\/www.aceweb.advertis.es\/producto\/quaderns-destructures-64\/"},"modified":"2023-03-20T07:49:51","modified_gmt":"2023-03-20T07:49:51","slug":"quaderns-destructures-64","status":"publish","type":"product","link":"https:\/\/aceweb.cat\/es\/producto\/quaderns-destructures-64\/","title":{"rendered":"Quaderns d&#8217;Estructures 64"},"content":{"rendered":"<p>Este n\u00famero incluye:<\/p>\n<h2><strong>1. Editorial<\/strong><\/h2>\n<p>Art\u00edculo redactado por\u00a0<b>MIQUEL RODR\u00cdGUEZ NIEDENF\u00dcHR<\/b>. Descarga la revista para conocer el inicio de una nueva etapa para la ACE en el sector de la construcci\u00f3n:<\/p>\n<p><i>\u201cEstamos viviendo un tiempo donde las siglas CCP no hacen referencia a la titulaci\u00f3n de una ingenier\u00eda sino que son el acr\u00f3nimo de Calidad-Cost-Plazo y alguien cambi\u00f3 la P de plazo por Precio. i&gt;<\/i><\/p>\n<p><i>La ACE est\u00e1 basada fundamentalmente en la primera C, que es realizar un trabajo de consultor\u00eda estructural de calidad<\/i><i>. Y as\u00ed lo confirma la necesidad de tener que pasar un control de calidad por parte de sus socios de forma peri\u00f3dica cada dos a\u00f1os.<\/i><i><\/i><i>\u201c<\/i><\/p>\n<h2><strong>2. Historias de ballenas<\/strong><\/h2>\n<p>Art\u00edculo redactado por\u00a0<b>IGNACIO COSTALES CALVO<\/b>. Descarga la revista para conocer el inicio de una nueva etapa para la ACE en el sector de la construcci\u00f3n:<\/p>\n<p>\u201cLa primera historia ocurri\u00f3 hace ahora unos nueve a\u00f1os, cuando recib\u00ed un mail donde me preguntaban sobre c\u00f3mo ve\u00eda\u00a0<b>colgar una ballena del techo del edificio F\u00f2rum 2004, en Barcelona<\/b>. Durante los a\u00f1os 2001 y 2003 tuve la fortuna de poder colaborar muy activamente en el dise\u00f1o y construcci\u00f3n de este edificio. Recuerdo que respond\u00ed: depende de si la ballena \u00abva llena\u00bb o no.\u201d<\/p>\n<h2><strong>3. Estudio de estabilidad de las fachadas sur y oeste interior de la Casa Grande del Milagro (fase 1)<\/strong><\/h2>\n<p>Art\u00edculo redactado por\u00a0<b>MARTA TORRAS ISLA<\/b>. Descarga la revista para conocer el inicio de una nueva etapa para la ACE en el sector de la construcci\u00f3n:<\/p>\n<p>\u201cMediante dos art\u00edculos consecutivos, se quieren presentar los estudios de estabilidad estructural que se han realizado para consolidar el patio interior de la Casa Grande del Santuario del Miracle en Riner. La consolidaci\u00f3n de este patio se ha desglosado en dos fases de proyecto.<\/p>\n<p>El equipo redactor de ambas fases del proyecto y la direcci\u00f3n de obra de la fase 1 est\u00e1 formado por Carles Pubill y Melit\u00f3 Camprub\u00ed, arquitectos.<\/p>\n<p>El primer art\u00edculo incluye\u00a0<b>la descripci\u00f3n del edificio y la explicaci\u00f3n de los aspectos estructurales de la primera fase del proyecto<\/b>, redactada en 2012 y ejecutada entre septiembre de 2015 y febrero de 2016.\u201d&lt; \/p&gt;<\/p>\n<h2><strong>4. <a href=\"https:\/\/es.wikipedia.org\/wiki\/%C3%89mile_Clapeyron\" target=\"_blank\" rel=\"noopener noreferrer\">Clapeyron<\/a> vs Ritter, una min\u00fascula historia de la viga continua<\/strong><\/h2>\n<p>Art\u00edculo redactado por\u00a0<b>JOSEP M. GENESC\u00c0 RAMON<\/b>. Descarga la revista para conocer el inicio de una nueva etapa para la ACE en el sector de la construcci\u00f3n:<\/p>\n<p>\u201cClapeyron propone un m\u00e9todo anal\u00edtico de resoluci\u00f3n de vigas continuas pero limita el n\u00famero de tramos. Posteriormente, Ritter resolver\u00e1 la misma cuesti\u00f3n gr\u00e1ficamente pero sin limitaciones. La abrupta aparici\u00f3n del hormig\u00f3n armado y, en consecuencia, de los m\u00e9todos iterativos para resolver vigas hiperest\u00e1ticas desactivar\u00e1n tanto m\u00e9todos anal\u00edticos como gr\u00e1ficos.\u201d<\/p>\n<h2><strong>5. Entrevista a Antoni Bl\u00e1zquez<\/strong><\/h2>\n<p>Art\u00edculo redactado por\u00a0<b>MAR\u00cdA LEACH<\/b>. Descarga la revista para conocer el inicio de una nueva etapa para la ACE en el sector de la construcci\u00f3n:<\/p>\n<p>\u201cCasi dos horas de conversaci\u00f3n con el arquitecto y consultor de estructuras Antoni Bl\u00e1zquez Boya (Badajoz, 1957) hacen pensar, inevitablemente, en c\u00f3mo la vida se las ingenia todas para llevar a aquellas personas con un talento muy claro all\u00ed donde podr\u00e1n sacar el m\u00e1ximo provecho de su potencial. En estos casos, resulta intrascendente el lugar de nacimiento del individuo y, menos a\u00fan, el estatus socioecon\u00f3mico de su entorno m\u00e1s inmediato.\u201d<\/p>\n<p><i>\u201cUna buena estructura se adapta a los requerimientos arquitect\u00f3nicos del proyecto sin af\u00e1n de protagonismo.\u201d<\/i>\u00a0<b>Antoni Bl\u00e1zquez<\/b><\/p>\n<h2><strong>6. Miscel\u00e1nea<\/strong><\/h2>\n<p>Una selecci\u00f3n de art\u00edculos de inter\u00e9s por parte de los socios protectores donde se ofrecen informaci\u00f3n de valor para los especialistas de c\u00e1lculo de estructuras.<\/p>\n<h2><strong>7. Lista de\u00a0miembros\u00a0de la asociaci\u00f3n<\/strong><\/h2>\n<p>Conoce a los miembros de la Asociaci\u00f3n Consultores de Estructuras. Podr\u00e1s ver a los nuevos integrantes que participan por el reconocimiento de la profesi\u00f3n dentro del mundo de la construcci\u00f3n.<\/p>\n","protected":false},"excerpt":{"rendered":"<ul>\n<li>1. Editorial<\/li>\n<li>2. Historias de ballenas<\/li>\n<li>3. Estudio de estabilidad de las fachadas sur y oeste interior de la Casa Gran del Milagro (fase 1)<\/li>\n<li>4. Clapeyron\u00a0vs Ritter, una min\u00fascula historia de la viga continua<\/li>\n<li>5. Entrevista a Antoni Bl\u00e1zquez<\/li>\n<li>6. Miscel\u00e1nea<\/li>\n<li>7. Lista de\u00a0miembros\u00a0de la asociaci\u00f3n<\/li>\n<\/ul>\n","protected":false},"featured_media":37515,"template":"","meta":{"_acf_changed":false,"site-sidebar-layout":"default","site-content-layout":"default","ast-global-header-display":"","ast-main-header-display":"","ast-hfb-above-header-display":"","ast-hfb-below-header-display":"","ast-hfb-mobile-header-display":"","site-post-title":"","ast-breadcrumbs-content":"","ast-featured-img":"","footer-sml-layout":"","theme-transparent-header-meta":"default","adv-header-id-meta":"","stick-header-meta":"","header-above-stick-meta":"","header-main-stick-meta":"","header-below-stick-meta":""},"product_brand":[],"product_cat":[595],"product_tag":[],"class_list":{"0":"post-39897","1":"product","2":"type-product","3":"status-publish","4":"has-post-thumbnail","6":"product_cat-cuaderno-de-estructuras","7":"desktop-align-left","8":"tablet-align-left","9":"mobile-align-left","11":"first","12":"instock","13":"taxable","14":"shipping-taxable","15":"purchasable","16":"product-type-variable","17":"has-default-attributes"},"acf":[],"yoast_head":"<!-- This site is optimized with the Yoast SEO plugin v27.1.1 - https:\/\/yoast.com\/product\/yoast-seo-wordpress\/ -->\n<title>Quaderns d&#039;Estructures 64 | ACE<\/title>\n<meta name=\"description\" content=\"Revista n\u00ba 64 con art\u00edculos de actualidad que tratan sobre la construcci\u00f3n de estructuras y que publica la Asociaci\u00f3n de Consultores de Estructuras (ACE).\" \/>\n<meta name=\"robots\" content=\"index, follow, max-snippet:-1, max-image-preview:large, max-video-preview:-1\" \/>\n<link rel=\"canonical\" href=\"https:\/\/aceweb.cat\/es\/producto\/quaderns-destructures-64\/\" \/>\n<meta property=\"og:locale\" content=\"es_ES\" \/>\n<meta property=\"og:type\" content=\"article\" \/>\n<meta property=\"og:title\" content=\"Quaderns d&#039;Estructures 64 | ACE\" \/>\n<meta property=\"og:description\" content=\"Revista n\u00ba 64 con art\u00edculos de actualidad que tratan sobre la construcci\u00f3n de estructuras y que publica la Asociaci\u00f3n de Consultores de Estructuras (ACE).\" \/>\n<meta property=\"og:url\" content=\"https:\/\/aceweb.cat\/es\/producto\/quaderns-destructures-64\/\" \/>\n<meta property=\"og:site_name\" content=\"aceweb.cat\" \/>\n<meta property=\"article:modified_time\" content=\"2023-03-20T07:49:51+00:00\" \/>\n<meta property=\"og:image\" content=\"https:\/\/aceweb.cat\/wp-content\/uploads\/2023\/02\/ACE-Quaderns-Estructures-064.jpg\" \/>\n\t<meta property=\"og:image:width\" content=\"724\" \/>\n\t<meta property=\"og:image:height\" content=\"1024\" \/>\n\t<meta property=\"og:image:type\" content=\"image\/jpeg\" \/>\n<meta name=\"twitter:card\" content=\"summary_large_image\" \/>\n<meta name=\"twitter:label1\" content=\"Tiempo de lectura\" \/>\n\t<meta name=\"twitter:data1\" content=\"4 minutos\" \/>\n<script type=\"application\/ld+json\" class=\"yoast-schema-graph\">{\"@context\":\"https:\/\/schema.org\",\"@graph\":[{\"@type\":\"WebPage\",\"@id\":\"https:\/\/aceweb.cat\/es\/producto\/quaderns-destructures-64\/\",\"url\":\"https:\/\/aceweb.cat\/es\/producto\/quaderns-destructures-64\/\",\"name\":\"Quaderns d'Estructures 64 | ACE\",\"isPartOf\":{\"@id\":\"https:\/\/aceweb.cat\/#website\"},\"primaryImageOfPage\":{\"@id\":\"https:\/\/aceweb.cat\/es\/producto\/quaderns-destructures-64\/#primaryimage\"},\"image\":{\"@id\":\"https:\/\/aceweb.cat\/es\/producto\/quaderns-destructures-64\/#primaryimage\"},\"thumbnailUrl\":\"https:\/\/aceweb.cat\/wp-content\/uploads\/2023\/02\/ACE-Quaderns-Estructures-064.jpg\",\"datePublished\":\"2023-01-17T10:00:52+00:00\",\"dateModified\":\"2023-03-20T07:49:51+00:00\",\"description\":\"Revista n\u00ba 64 con art\u00edculos de actualidad que tratan sobre la construcci\u00f3n de estructuras y que publica la Asociaci\u00f3n de Consultores de Estructuras (ACE).\",\"breadcrumb\":{\"@id\":\"https:\/\/aceweb.cat\/es\/producto\/quaderns-destructures-64\/#breadcrumb\"},\"inLanguage\":\"es\",\"potentialAction\":[{\"@type\":\"ReadAction\",\"target\":[\"https:\/\/aceweb.cat\/es\/producto\/quaderns-destructures-64\/\"]}]},{\"@type\":\"ImageObject\",\"inLanguage\":\"es\",\"@id\":\"https:\/\/aceweb.cat\/es\/producto\/quaderns-destructures-64\/#primaryimage\",\"url\":\"https:\/\/aceweb.cat\/wp-content\/uploads\/2023\/02\/ACE-Quaderns-Estructures-064.jpg\",\"contentUrl\":\"https:\/\/aceweb.cat\/wp-content\/uploads\/2023\/02\/ACE-Quaderns-Estructures-064.jpg\",\"width\":724,\"height\":1024},{\"@type\":\"BreadcrumbList\",\"@id\":\"https:\/\/aceweb.cat\/es\/producto\/quaderns-destructures-64\/#breadcrumb\",\"itemListElement\":[{\"@type\":\"ListItem\",\"position\":1,\"name\":\"Inici\",\"item\":\"https:\/\/aceweb.cat\/\"},{\"@type\":\"ListItem\",\"position\":2,\"name\":\"Tienda\",\"item\":\"https:\/\/aceweb.cat\/es\/tienda\/\"},{\"@type\":\"ListItem\",\"position\":3,\"name\":\"Quadern d\u2019Estructures\",\"item\":\"https:\/\/aceweb.cat\/es\/categoria-producto\/cuaderno-de-estructuras\/\"},{\"@type\":\"ListItem\",\"position\":4,\"name\":\"Quaderns d&#8217;Estructures 64\"}]},{\"@type\":\"WebSite\",\"@id\":\"https:\/\/aceweb.cat\/#website\",\"url\":\"https:\/\/aceweb.cat\/\",\"name\":\"ACE\",\"description\":\"Associaci\u00f3 de Consultors d&#039;Estructures | ACE\",\"publisher\":{\"@id\":\"https:\/\/aceweb.cat\/#organization\"},\"alternateName\":\"ACE\",\"potentialAction\":[{\"@type\":\"SearchAction\",\"target\":{\"@type\":\"EntryPoint\",\"urlTemplate\":\"https:\/\/aceweb.cat\/?s={search_term_string}\"},\"query-input\":{\"@type\":\"PropertyValueSpecification\",\"valueRequired\":true,\"valueName\":\"search_term_string\"}}],\"inLanguage\":\"es\"},{\"@type\":\"Organization\",\"@id\":\"https:\/\/aceweb.cat\/#organization\",\"name\":\"ACE\",\"alternateName\":\"ACE\",\"url\":\"https:\/\/aceweb.cat\/\",\"logo\":{\"@type\":\"ImageObject\",\"inLanguage\":\"es\",\"@id\":\"https:\/\/aceweb.cat\/#\/schema\/logo\/image\/\",\"url\":\"https:\/\/aceweb.cat\/wp-content\/uploads\/2022\/10\/logo.svg\",\"contentUrl\":\"https:\/\/aceweb.cat\/wp-content\/uploads\/2022\/10\/logo.svg\",\"width\":1,\"height\":1,\"caption\":\"ACE\"},\"image\":{\"@id\":\"https:\/\/aceweb.cat\/#\/schema\/logo\/image\/\"}}]}<\/script>\n<!-- \/ Yoast SEO plugin. -->","yoast_head_json":{"title":"Quaderns d'Estructures 64 | ACE","description":"Revista n\u00ba 64 con art\u00edculos de actualidad que tratan sobre la construcci\u00f3n de estructuras y que publica la Asociaci\u00f3n de Consultores de Estructuras (ACE).","robots":{"index":"index","follow":"follow","max-snippet":"max-snippet:-1","max-image-preview":"max-image-preview:large","max-video-preview":"max-video-preview:-1"},"canonical":"https:\/\/aceweb.cat\/es\/producto\/quaderns-destructures-64\/","og_locale":"es_ES","og_type":"article","og_title":"Quaderns d'Estructures 64 | ACE","og_description":"Revista n\u00ba 64 con art\u00edculos de actualidad que tratan sobre la construcci\u00f3n de estructuras y que publica la Asociaci\u00f3n de Consultores de Estructuras (ACE).","og_url":"https:\/\/aceweb.cat\/es\/producto\/quaderns-destructures-64\/","og_site_name":"aceweb.cat","article_modified_time":"2023-03-20T07:49:51+00:00","og_image":[{"width":724,"height":1024,"url":"https:\/\/aceweb.cat\/wp-content\/uploads\/2023\/02\/ACE-Quaderns-Estructures-064.jpg","type":"image\/jpeg"}],"twitter_card":"summary_large_image","twitter_misc":{"Tiempo de lectura":"4 minutos"},"schema":{"@context":"https:\/\/schema.org","@graph":[{"@type":"WebPage","@id":"https:\/\/aceweb.cat\/es\/producto\/quaderns-destructures-64\/","url":"https:\/\/aceweb.cat\/es\/producto\/quaderns-destructures-64\/","name":"Quaderns d'Estructures 64 | ACE","isPartOf":{"@id":"https:\/\/aceweb.cat\/#website"},"primaryImageOfPage":{"@id":"https:\/\/aceweb.cat\/es\/producto\/quaderns-destructures-64\/#primaryimage"},"image":{"@id":"https:\/\/aceweb.cat\/es\/producto\/quaderns-destructures-64\/#primaryimage"},"thumbnailUrl":"https:\/\/aceweb.cat\/wp-content\/uploads\/2023\/02\/ACE-Quaderns-Estructures-064.jpg","datePublished":"2023-01-17T10:00:52+00:00","dateModified":"2023-03-20T07:49:51+00:00","description":"Revista n\u00ba 64 con art\u00edculos de actualidad que tratan sobre la construcci\u00f3n de estructuras y que publica la Asociaci\u00f3n de Consultores de Estructuras (ACE).","breadcrumb":{"@id":"https:\/\/aceweb.cat\/es\/producto\/quaderns-destructures-64\/#breadcrumb"},"inLanguage":"es","potentialAction":[{"@type":"ReadAction","target":["https:\/\/aceweb.cat\/es\/producto\/quaderns-destructures-64\/"]}]},{"@type":"ImageObject","inLanguage":"es","@id":"https:\/\/aceweb.cat\/es\/producto\/quaderns-destructures-64\/#primaryimage","url":"https:\/\/aceweb.cat\/wp-content\/uploads\/2023\/02\/ACE-Quaderns-Estructures-064.jpg","contentUrl":"https:\/\/aceweb.cat\/wp-content\/uploads\/2023\/02\/ACE-Quaderns-Estructures-064.jpg","width":724,"height":1024},{"@type":"BreadcrumbList","@id":"https:\/\/aceweb.cat\/es\/producto\/quaderns-destructures-64\/#breadcrumb","itemListElement":[{"@type":"ListItem","position":1,"name":"Inici","item":"https:\/\/aceweb.cat\/"},{"@type":"ListItem","position":2,"name":"Tienda","item":"https:\/\/aceweb.cat\/es\/tienda\/"},{"@type":"ListItem","position":3,"name":"Quadern d\u2019Estructures","item":"https:\/\/aceweb.cat\/es\/categoria-producto\/cuaderno-de-estructuras\/"},{"@type":"ListItem","position":4,"name":"Quaderns d&#8217;Estructures 64"}]},{"@type":"WebSite","@id":"https:\/\/aceweb.cat\/#website","url":"https:\/\/aceweb.cat\/","name":"ACE","description":"Associaci\u00f3 de Consultors d&#039;Estructures | ACE","publisher":{"@id":"https:\/\/aceweb.cat\/#organization"},"alternateName":"ACE","potentialAction":[{"@type":"SearchAction","target":{"@type":"EntryPoint","urlTemplate":"https:\/\/aceweb.cat\/?s={search_term_string}"},"query-input":{"@type":"PropertyValueSpecification","valueRequired":true,"valueName":"search_term_string"}}],"inLanguage":"es"},{"@type":"Organization","@id":"https:\/\/aceweb.cat\/#organization","name":"ACE","alternateName":"ACE","url":"https:\/\/aceweb.cat\/","logo":{"@type":"ImageObject","inLanguage":"es","@id":"https:\/\/aceweb.cat\/#\/schema\/logo\/image\/","url":"https:\/\/aceweb.cat\/wp-content\/uploads\/2022\/10\/logo.svg","contentUrl":"https:\/\/aceweb.cat\/wp-content\/uploads\/2022\/10\/logo.svg","width":1,"height":1,"caption":"ACE"},"image":{"@id":"https:\/\/aceweb.cat\/#\/schema\/logo\/image\/"}}]}},"_links":{"self":[{"href":"https:\/\/aceweb.cat\/es\/wp-json\/wp\/v2\/product\/39897","targetHints":{"allow":["GET"]}}],"collection":[{"href":"https:\/\/aceweb.cat\/es\/wp-json\/wp\/v2\/product"}],"about":[{"href":"https:\/\/aceweb.cat\/es\/wp-json\/wp\/v2\/types\/product"}],"version-history":[{"count":2,"href":"https:\/\/aceweb.cat\/es\/wp-json\/wp\/v2\/product\/39897\/revisions"}],"predecessor-version":[{"id":40555,"href":"https:\/\/aceweb.cat\/es\/wp-json\/wp\/v2\/product\/39897\/revisions\/40555"}],"wp:featuredmedia":[{"embeddable":true,"href":"https:\/\/aceweb.cat\/es\/wp-json\/wp\/v2\/media\/37515"}],"wp:attachment":[{"href":"https:\/\/aceweb.cat\/es\/wp-json\/wp\/v2\/media?parent=39897"}],"wp:term":[{"taxonomy":"product_brand","embeddable":true,"href":"https:\/\/aceweb.cat\/es\/wp-json\/wp\/v2\/product_brand?post=39897"},{"taxonomy":"product_cat","embeddable":true,"href":"https:\/\/aceweb.cat\/es\/wp-json\/wp\/v2\/product_cat?post=39897"},{"taxonomy":"product_tag","embeddable":true,"href":"https:\/\/aceweb.cat\/es\/wp-json\/wp\/v2\/product_tag?post=39897"}],"curies":[{"name":"wp","href":"https:\/\/api.w.org\/{rel}","templated":true}]}}