{"id":39900,"date":"2023-01-18T10:00:44","date_gmt":"2023-01-18T10:00:44","guid":{"rendered":"https:\/\/www.aceweb.advertis.es\/producto\/quaderns-destructures-65\/"},"modified":"2023-03-22T16:01:35","modified_gmt":"2023-03-22T16:01:35","slug":"quaderns-destructures-65","status":"publish","type":"product","link":"https:\/\/aceweb.cat\/es\/producto\/quaderns-destructures-65\/","title":{"rendered":"Quaderns d&#8217;Estructures 65"},"content":{"rendered":"<p>Este n\u00famero incluye:<\/p>\n<h2><strong>1. Editorial<\/strong><\/h2>\n<p><span style=\"fuente-weight: 400;\">Art\u00edculo redactado por <\/span><b>CESC ALDAB\u00d3 FERN\u00c1NDEZ<\/b><span style=\"fuente-weight: 400;\">. Descarga la revista para conocer el inicio de una nueva etapa para la ACE en el sector de la construcci\u00f3n:<\/span><\/p>\n<p><i><span style=\"font-weight: 400;\">\u201cQueridos amigos y compa\u00f1eros,<\/span><\/i><\/p>\n<p><i><span style=\"font-weight: 400;\">Hace 15 a\u00f1os Josep Maria Valeri finaliz\u00f3 su mandato como Presidente de esta entidad. Antes lo hab\u00eda sido Robert Brufau. Antoni Massagu\u00e9, quien ocup\u00f3 entonces la presidencia de nuestra Asociaci\u00f3n, me confi\u00f3 la Vicepresidencia de su equipo de Gobierno. Trabajar a su lado signific\u00f3 un aprendizaje impagable, no s\u00f3lo desde el punto de vista institucional, sino tambi\u00e9n y sobre todo en la forma y el estilo de liderar a un grupo de personas tan grande y diverso como <\/span><\/i>< b><i>el colectivo que conforma la Asociaci\u00f3n: socios de honor, numerarios profesionales, acad\u00e9micos, protectores, aspirantes profesionales, aspirantes estudiantes, em\u00e9ritos, amigos del ACE<\/i><\/b><i ><span style=\"fuente-weight: 400;\">&#8230;<\/span><\/i><i><span style=\"fuente-weight: 400;\">\u201d<\/span><\/i> <\/p>\n<h2><strong>2. Estudio de estabilidad de las fachadas sur y oeste interior de la Casa Grande del Milagro (fase 2)<\/strong><\/h2>\n<p>Art\u00edculo redactado por <strong>MARTA TORRAS ISLA<\/strong>. Descarga la revista para conocer el inicio de una nueva etapa para la ACE en el sector de la construcci\u00f3n:<\/p>\n<p>\u201cEn el art\u00edculo del n\u00famero anterior de la revista, se analiz\u00f3 la estabilidad estructural y describir las obras de consolidaci\u00f3n realizadas en la fachada sur del patio interior de la Casa Grande del Santuario del Miracle, las cuales forman parte del proyecto de la fase 1 de consolidaci\u00f3n de este espacio, redactado y dirigido por Carles Pubill y Melit\u00f3 Camprub\u00ed, arquitectos.<\/p>\n<p>En el presente art\u00edculo, se profundiza en <strong>el an\u00e1lisis estructural mediante est\u00e1tica gr\u00e1fica de la fachada oeste<\/strong> del mismo espacio, estudio que forma parte de la fase 2 del proyecto de consolidaci\u00f3n, redactado por el mismo equipo de arquitectos, pero que todav\u00eda no ha sido ejecutado.\u201d<\/p>\n<p>&nbsp;<\/p>\n<h2><strong>3. El seguro decenal y los OCT<\/strong><\/h2>\n<p>Art\u00edculo redactado por <strong>JOSEP PUGIBET MART\u00cd<\/strong>. Descarga la revista para conocer el inicio de una nueva etapa para la ACE en el sector de la construcci\u00f3n:<\/p>\n<p>\u201cEste art\u00edculo pretende divulgar las condiciones t\u00e9cnicas y procedimientos que el seguro decenal establece por <strong>a los <a href=\"https:\/\/www.boe.es\/buscar\/pdf\/1999\/BOE-A-1999 -21567-consolidado.pdf\" target=\"_blank\" rel=\"noopener noreferrer\">OCT<\/a> por el control de los proyectos estructurales y la ejecuci\u00f3n en obra de los cimientos y estructuras de las viviendas<\/strong>; siguiendo las condiciones generales detalladas en la LOE y de las p\u00f3lizas de seguro decenal.<\/p>\n<p>Hay que aclarar que los comentarios aportados en este art\u00edculo son comentarios generales, y por tanto, por cada proyecto o circunstancia particular puede dar origen a soluciones y\/o interpretaciones diferentes de los riesgos declarados en los informes aportados por los OCT a las Compa\u00f1\u00edas de seguro decenal.\u201d<\/p>\n<h2><strong>4. Entrevista a David Garcia<\/strong><\/h2>\n<p>Art\u00edculo redactado por <strong>MAR\u00cdA LEACH<\/strong>. Descarga la revista para conocer el inicio de una nueva etapa para la ACE en el sector de la construcci\u00f3n:<\/p>\n<p>No todas las historias comienzan por el principio. Es el caso de la del \u00faltimo presidente de la ACE, David Garcia y Carrera (Bilbao, 1965), que el pasado mes de junio puso punto y final a su trayectoria en la junta de la asociaci\u00f3n. Despu\u00e9s de siete a\u00f1os de vicepresidente y ocho como presidente, David llevaba tiempo prepar\u00e1ndose mentalmente para esa despedida. No quer\u00eda hacerlo de forma improvisada para no romper el buen ritmo de esta entidad y, organizado como \u00e9l, fue dejando las riendas de forma meditada. Ahora, que acaba de empezar un nuevo ciclo, ha llegado para David el inevitable momento de hacer balance y repasar todas las experiencias vividas durante su mandato.<\/p>\n<h2><strong>5. Miscel\u00e1nea<\/strong><\/h2>\n<p>Una selecci\u00f3n de art\u00edculos de inter\u00e9s por parte de los socios protectores donde se ofrecen informaci\u00f3n de valor para los especialistas de c\u00e1lculo de estructuras.<\/p>\n<h2><strong>6. Lista de miembros de la asociaci\u00f3n<\/strong><\/h2>\n<p>Conoce a los miembros de la Asociaci\u00f3n Consultores de Estructuras. Podr\u00e1s ver a los nuevos integrantes que participan por el reconocimiento de la profesi\u00f3n dentro del mundo de la construcci\u00f3n.<\/p>\n","protected":false},"excerpt":{"rendered":"<ul>\n<li>1. Editorial<\/li>\n<li>2. Estudio de estabilidad de las fachadas sur y oeste interior de la Casa Grande del Milagro (fase 2)<\/li>\n<li>3. El seguro decenal y los OCT<\/li>\n<li>4. Entrevista a David Garcia<\/li>\n<li>5. Miscel\u00e1nea<\/li>\n<li>6. Lista de miembros de la asociaci\u00f3n<\/li>\n<\/ul>\n","protected":false},"featured_media":37502,"template":"","meta":{"_acf_changed":false,"site-sidebar-layout":"default","site-content-layout":"default","ast-global-header-display":"","ast-main-header-display":"","ast-hfb-above-header-display":"","ast-hfb-below-header-display":"","ast-hfb-mobile-header-display":"","site-post-title":"","ast-breadcrumbs-content":"","ast-featured-img":"","footer-sml-layout":"","theme-transparent-header-meta":"default","adv-header-id-meta":"","stick-header-meta":"","header-above-stick-meta":"","header-main-stick-meta":"","header-below-stick-meta":""},"product_brand":[],"product_cat":[595],"product_tag":[],"class_list":{"0":"post-39900","1":"product","2":"type-product","3":"status-publish","4":"has-post-thumbnail","6":"product_cat-cuaderno-de-estructuras","7":"desktop-align-left","8":"tablet-align-left","9":"mobile-align-left","11":"first","12":"instock","13":"taxable","14":"shipping-taxable","15":"purchasable","16":"product-type-variable","17":"has-default-attributes"},"acf":[],"yoast_head":"<!-- This site is optimized with the Yoast SEO plugin v27.1.1 - https:\/\/yoast.com\/product\/yoast-seo-wordpress\/ -->\n<title>Quaderns d&#039;Estructures 65 | ACE<\/title>\n<meta name=\"description\" content=\"Revista n\u00ba 65 con art\u00edculos de actualidad que tratan sobre la construcci\u00f3n de estructuras y que publica la Asociaci\u00f3n de Consultores de Estructuras (ACE).\" \/>\n<meta name=\"robots\" content=\"index, follow, max-snippet:-1, max-image-preview:large, max-video-preview:-1\" \/>\n<link rel=\"canonical\" href=\"https:\/\/aceweb.cat\/es\/producto\/quaderns-destructures-65\/\" \/>\n<meta property=\"og:locale\" content=\"es_ES\" \/>\n<meta property=\"og:type\" content=\"article\" \/>\n<meta property=\"og:title\" content=\"Quaderns d&#039;Estructures 65 | ACE\" \/>\n<meta property=\"og:description\" content=\"Revista n\u00ba 65 con art\u00edculos de actualidad que tratan sobre la construcci\u00f3n de estructuras y que publica la Asociaci\u00f3n de Consultores de Estructuras (ACE).\" \/>\n<meta property=\"og:url\" content=\"https:\/\/aceweb.cat\/es\/producto\/quaderns-destructures-65\/\" \/>\n<meta property=\"og:site_name\" content=\"aceweb.cat\" \/>\n<meta property=\"article:modified_time\" content=\"2023-03-22T16:01:35+00:00\" \/>\n<meta property=\"og:image\" content=\"https:\/\/aceweb.cat\/wp-content\/uploads\/2023\/02\/ACE-Quaderns-Estructures-065.jpg\" \/>\n\t<meta property=\"og:image:width\" content=\"724\" \/>\n\t<meta property=\"og:image:height\" content=\"1024\" \/>\n\t<meta property=\"og:image:type\" content=\"image\/jpeg\" \/>\n<meta name=\"twitter:card\" content=\"summary_large_image\" \/>\n<meta name=\"twitter:label1\" content=\"Tiempo de lectura\" \/>\n\t<meta name=\"twitter:data1\" content=\"3 minutos\" \/>\n<script type=\"application\/ld+json\" class=\"yoast-schema-graph\">{\"@context\":\"https:\/\/schema.org\",\"@graph\":[{\"@type\":\"WebPage\",\"@id\":\"https:\/\/aceweb.cat\/es\/producto\/quaderns-destructures-65\/\",\"url\":\"https:\/\/aceweb.cat\/es\/producto\/quaderns-destructures-65\/\",\"name\":\"Quaderns d'Estructures 65 | ACE\",\"isPartOf\":{\"@id\":\"https:\/\/aceweb.cat\/#website\"},\"primaryImageOfPage\":{\"@id\":\"https:\/\/aceweb.cat\/es\/producto\/quaderns-destructures-65\/#primaryimage\"},\"image\":{\"@id\":\"https:\/\/aceweb.cat\/es\/producto\/quaderns-destructures-65\/#primaryimage\"},\"thumbnailUrl\":\"https:\/\/aceweb.cat\/wp-content\/uploads\/2023\/02\/ACE-Quaderns-Estructures-065.jpg\",\"datePublished\":\"2023-01-18T10:00:44+00:00\",\"dateModified\":\"2023-03-22T16:01:35+00:00\",\"description\":\"Revista n\u00ba 65 con art\u00edculos de actualidad que tratan sobre la construcci\u00f3n de estructuras y que publica la Asociaci\u00f3n de Consultores de Estructuras (ACE).\",\"breadcrumb\":{\"@id\":\"https:\/\/aceweb.cat\/es\/producto\/quaderns-destructures-65\/#breadcrumb\"},\"inLanguage\":\"es\",\"potentialAction\":[{\"@type\":\"ReadAction\",\"target\":[\"https:\/\/aceweb.cat\/es\/producto\/quaderns-destructures-65\/\"]}]},{\"@type\":\"ImageObject\",\"inLanguage\":\"es\",\"@id\":\"https:\/\/aceweb.cat\/es\/producto\/quaderns-destructures-65\/#primaryimage\",\"url\":\"https:\/\/aceweb.cat\/wp-content\/uploads\/2023\/02\/ACE-Quaderns-Estructures-065.jpg\",\"contentUrl\":\"https:\/\/aceweb.cat\/wp-content\/uploads\/2023\/02\/ACE-Quaderns-Estructures-065.jpg\",\"width\":724,\"height\":1024},{\"@type\":\"BreadcrumbList\",\"@id\":\"https:\/\/aceweb.cat\/es\/producto\/quaderns-destructures-65\/#breadcrumb\",\"itemListElement\":[{\"@type\":\"ListItem\",\"position\":1,\"name\":\"Inici\",\"item\":\"https:\/\/aceweb.cat\/\"},{\"@type\":\"ListItem\",\"position\":2,\"name\":\"Tienda\",\"item\":\"https:\/\/aceweb.cat\/es\/tienda\/\"},{\"@type\":\"ListItem\",\"position\":3,\"name\":\"Quadern d\u2019Estructures\",\"item\":\"https:\/\/aceweb.cat\/es\/categoria-producto\/cuaderno-de-estructuras\/\"},{\"@type\":\"ListItem\",\"position\":4,\"name\":\"Quaderns d&#8217;Estructures 65\"}]},{\"@type\":\"WebSite\",\"@id\":\"https:\/\/aceweb.cat\/#website\",\"url\":\"https:\/\/aceweb.cat\/\",\"name\":\"ACE\",\"description\":\"Associaci\u00f3 de Consultors d&#039;Estructures | ACE\",\"publisher\":{\"@id\":\"https:\/\/aceweb.cat\/#organization\"},\"alternateName\":\"ACE\",\"potentialAction\":[{\"@type\":\"SearchAction\",\"target\":{\"@type\":\"EntryPoint\",\"urlTemplate\":\"https:\/\/aceweb.cat\/?s={search_term_string}\"},\"query-input\":{\"@type\":\"PropertyValueSpecification\",\"valueRequired\":true,\"valueName\":\"search_term_string\"}}],\"inLanguage\":\"es\"},{\"@type\":\"Organization\",\"@id\":\"https:\/\/aceweb.cat\/#organization\",\"name\":\"ACE\",\"alternateName\":\"ACE\",\"url\":\"https:\/\/aceweb.cat\/\",\"logo\":{\"@type\":\"ImageObject\",\"inLanguage\":\"es\",\"@id\":\"https:\/\/aceweb.cat\/#\/schema\/logo\/image\/\",\"url\":\"https:\/\/aceweb.cat\/wp-content\/uploads\/2022\/10\/logo.svg\",\"contentUrl\":\"https:\/\/aceweb.cat\/wp-content\/uploads\/2022\/10\/logo.svg\",\"width\":1,\"height\":1,\"caption\":\"ACE\"},\"image\":{\"@id\":\"https:\/\/aceweb.cat\/#\/schema\/logo\/image\/\"}}]}<\/script>\n<!-- \/ Yoast SEO plugin. -->","yoast_head_json":{"title":"Quaderns d'Estructures 65 | ACE","description":"Revista n\u00ba 65 con art\u00edculos de actualidad que tratan sobre la construcci\u00f3n de estructuras y que publica la Asociaci\u00f3n de Consultores de Estructuras (ACE).","robots":{"index":"index","follow":"follow","max-snippet":"max-snippet:-1","max-image-preview":"max-image-preview:large","max-video-preview":"max-video-preview:-1"},"canonical":"https:\/\/aceweb.cat\/es\/producto\/quaderns-destructures-65\/","og_locale":"es_ES","og_type":"article","og_title":"Quaderns d'Estructures 65 | ACE","og_description":"Revista n\u00ba 65 con art\u00edculos de actualidad que tratan sobre la construcci\u00f3n de estructuras y que publica la Asociaci\u00f3n de Consultores de Estructuras (ACE).","og_url":"https:\/\/aceweb.cat\/es\/producto\/quaderns-destructures-65\/","og_site_name":"aceweb.cat","article_modified_time":"2023-03-22T16:01:35+00:00","og_image":[{"width":724,"height":1024,"url":"https:\/\/aceweb.cat\/wp-content\/uploads\/2023\/02\/ACE-Quaderns-Estructures-065.jpg","type":"image\/jpeg"}],"twitter_card":"summary_large_image","twitter_misc":{"Tiempo de lectura":"3 minutos"},"schema":{"@context":"https:\/\/schema.org","@graph":[{"@type":"WebPage","@id":"https:\/\/aceweb.cat\/es\/producto\/quaderns-destructures-65\/","url":"https:\/\/aceweb.cat\/es\/producto\/quaderns-destructures-65\/","name":"Quaderns d'Estructures 65 | ACE","isPartOf":{"@id":"https:\/\/aceweb.cat\/#website"},"primaryImageOfPage":{"@id":"https:\/\/aceweb.cat\/es\/producto\/quaderns-destructures-65\/#primaryimage"},"image":{"@id":"https:\/\/aceweb.cat\/es\/producto\/quaderns-destructures-65\/#primaryimage"},"thumbnailUrl":"https:\/\/aceweb.cat\/wp-content\/uploads\/2023\/02\/ACE-Quaderns-Estructures-065.jpg","datePublished":"2023-01-18T10:00:44+00:00","dateModified":"2023-03-22T16:01:35+00:00","description":"Revista n\u00ba 65 con art\u00edculos de actualidad que tratan sobre la construcci\u00f3n de estructuras y que publica la Asociaci\u00f3n de Consultores de Estructuras (ACE).","breadcrumb":{"@id":"https:\/\/aceweb.cat\/es\/producto\/quaderns-destructures-65\/#breadcrumb"},"inLanguage":"es","potentialAction":[{"@type":"ReadAction","target":["https:\/\/aceweb.cat\/es\/producto\/quaderns-destructures-65\/"]}]},{"@type":"ImageObject","inLanguage":"es","@id":"https:\/\/aceweb.cat\/es\/producto\/quaderns-destructures-65\/#primaryimage","url":"https:\/\/aceweb.cat\/wp-content\/uploads\/2023\/02\/ACE-Quaderns-Estructures-065.jpg","contentUrl":"https:\/\/aceweb.cat\/wp-content\/uploads\/2023\/02\/ACE-Quaderns-Estructures-065.jpg","width":724,"height":1024},{"@type":"BreadcrumbList","@id":"https:\/\/aceweb.cat\/es\/producto\/quaderns-destructures-65\/#breadcrumb","itemListElement":[{"@type":"ListItem","position":1,"name":"Inici","item":"https:\/\/aceweb.cat\/"},{"@type":"ListItem","position":2,"name":"Tienda","item":"https:\/\/aceweb.cat\/es\/tienda\/"},{"@type":"ListItem","position":3,"name":"Quadern d\u2019Estructures","item":"https:\/\/aceweb.cat\/es\/categoria-producto\/cuaderno-de-estructuras\/"},{"@type":"ListItem","position":4,"name":"Quaderns d&#8217;Estructures 65"}]},{"@type":"WebSite","@id":"https:\/\/aceweb.cat\/#website","url":"https:\/\/aceweb.cat\/","name":"ACE","description":"Associaci\u00f3 de Consultors d&#039;Estructures | ACE","publisher":{"@id":"https:\/\/aceweb.cat\/#organization"},"alternateName":"ACE","potentialAction":[{"@type":"SearchAction","target":{"@type":"EntryPoint","urlTemplate":"https:\/\/aceweb.cat\/?s={search_term_string}"},"query-input":{"@type":"PropertyValueSpecification","valueRequired":true,"valueName":"search_term_string"}}],"inLanguage":"es"},{"@type":"Organization","@id":"https:\/\/aceweb.cat\/#organization","name":"ACE","alternateName":"ACE","url":"https:\/\/aceweb.cat\/","logo":{"@type":"ImageObject","inLanguage":"es","@id":"https:\/\/aceweb.cat\/#\/schema\/logo\/image\/","url":"https:\/\/aceweb.cat\/wp-content\/uploads\/2022\/10\/logo.svg","contentUrl":"https:\/\/aceweb.cat\/wp-content\/uploads\/2022\/10\/logo.svg","width":1,"height":1,"caption":"ACE"},"image":{"@id":"https:\/\/aceweb.cat\/#\/schema\/logo\/image\/"}}]}},"_links":{"self":[{"href":"https:\/\/aceweb.cat\/es\/wp-json\/wp\/v2\/product\/39900","targetHints":{"allow":["GET"]}}],"collection":[{"href":"https:\/\/aceweb.cat\/es\/wp-json\/wp\/v2\/product"}],"about":[{"href":"https:\/\/aceweb.cat\/es\/wp-json\/wp\/v2\/types\/product"}],"version-history":[{"count":1,"href":"https:\/\/aceweb.cat\/es\/wp-json\/wp\/v2\/product\/39900\/revisions"}],"predecessor-version":[{"id":41036,"href":"https:\/\/aceweb.cat\/es\/wp-json\/wp\/v2\/product\/39900\/revisions\/41036"}],"wp:featuredmedia":[{"embeddable":true,"href":"https:\/\/aceweb.cat\/es\/wp-json\/wp\/v2\/media\/37502"}],"wp:attachment":[{"href":"https:\/\/aceweb.cat\/es\/wp-json\/wp\/v2\/media?parent=39900"}],"wp:term":[{"taxonomy":"product_brand","embeddable":true,"href":"https:\/\/aceweb.cat\/es\/wp-json\/wp\/v2\/product_brand?post=39900"},{"taxonomy":"product_cat","embeddable":true,"href":"https:\/\/aceweb.cat\/es\/wp-json\/wp\/v2\/product_cat?post=39900"},{"taxonomy":"product_tag","embeddable":true,"href":"https:\/\/aceweb.cat\/es\/wp-json\/wp\/v2\/product_tag?post=39900"}],"curies":[{"name":"wp","href":"https:\/\/api.w.org\/{rel}","templated":true}]}}