{"id":39903,"date":"2023-01-19T10:00:08","date_gmt":"2023-01-19T10:00:08","guid":{"rendered":"https:\/\/www.aceweb.advertis.es\/producto\/quaderns-destructures-66\/"},"modified":"2023-03-20T07:54:02","modified_gmt":"2023-03-20T07:54:02","slug":"quaderns-destructures-66","status":"publish","type":"product","link":"https:\/\/aceweb.cat\/es\/producto\/quaderns-destructures-66\/","title":{"rendered":"Quaderns d&#8217;Estructures 66"},"content":{"rendered":"<p>Este n\u00famero incluye:<\/p>\n<h2><strong>Especial Premios ACE 2019<\/strong><\/h2>\n<h2><strong>1. Editorial<\/strong><\/h2>\n<p>Art\u00edculo redactado por <strong>Manuel Revent\u00f3s y Rovira<\/strong>. Descarga la revista para conocer la presente edici\u00f3n de los Premios ACE en el sector de la construcci\u00f3n:<\/p>\n<p><em>\u00ab<strong>El n\u00facleo de la ciencia estructural es, bajo una demanda o necesidad, social o privada, interpretar y transformar el espacio para transformarlo, en este proceso, transmitir y generar emociones a los usuarios&lt; \/strong&gt; Cuando es exitoso, es lo que D. P. <span class=\"hiddenSpellError\">Ballington<\/span>, en el libro <span class=\"hiddenSpellError\">The<\/span> <span class=\"hiddenSpellError\">Tower <\/span> <span class=\"hiddenSpellError\">and<\/span> <span class=\"hiddenSpellError\">the<\/span> Bridge, defini\u00f3 como \u00abArte Estructural\u00bb.<\/strong><\/em><\/p>\n<p><em>En la presente edici\u00f3n de los premios <span class=\"hiddenSpellError\">ACE<\/span>, la quinta, los miembros del Jurado han tenido el placer de conocer de primera mano, casi en primicia, un conjunto de actuaciones que encajan en esta categor\u00eda art\u00edstica. A veces es suficientemente escondida, como en el delicioso <strong>Patente de limitador de carga para puntales telesc\u00f3picos de obra<\/strong>, notable por su sencillez al solucionar un problema cotidiano en la edificaci\u00f3n; tambi\u00e9n quedamos embobados por la sutileza et\u00e9rea de <strong>\u00abLa ballena vuelve al museo\u00bb. Proceso de dise\u00f1o y c\u00e1lculo de una estructura ligera.<\/strong>\u00ab<\/em><\/p>\n<h2><strong>2. Naturaleza Biss\u00e9<\/strong><\/h2>\n<p><strong>Premio EX-AEQUO MERITO<\/strong> a la mejor obra de estructura. Descarga la revista para conocer este trabajo realizado por <strong>BIS estructuras<\/strong>:<\/p>\n<p>\u00abSe trata de un <strong>edificio de nueva construcci\u00f3n destinado a sede, oficinas, laboratorios y almac\u00e9n de la empresa de cosm\u00e9tica NATURA <span class=\"hiddenSpellError\">Bis\u00e9<\/span><\/strong>. Ocupa un solar situado <strong>en el municipio de Cerdanyola del Vall\u00e8s dentro del espacio urbano del Parque del Alba<\/strong> La parcela linda con v\u00edas p\u00fablicas urbanizadas a los lados oeste y sur, y con parcelas privadas a los lados norte y este, tiene un desnivel de unos siete metros en direcci\u00f3n oeste-este.<\/p>\n<p><strong>El edificio tiene forma rectangular con unas dimensiones m\u00e1ximas de 94 x 39 m.<\/strong> Adem\u00e1s, presenta algunos espacios de servicios adosados a la fachada norte y bajo la rampa de acceso al s\u00f3tano. <strong>Dispone de una planta <span class=\"hiddenGrammarError\">s\u00f3tano<\/span> m\u00e1s cuatro plantas sobre rasante, una de ellas semis\u00f3tano por culpa del desnivel del terreno.<\/strong>\u00bb<\/p>\n<h2><strong>3. Prototipo tecnolog\u00eda ELISA<\/strong><\/h2>\n<p><strong>Premio EX-AEQUO MERITO<\/strong> a la mejor obra de estructura. Descarga la revista para conocer este trabajo realizado por <strong>Esteyco<\/strong>:<\/p>\n<p>\u00ab<strong><span class=\"hiddenSpellError\">Esteyco<\/span> es una empresa de ingenier\u00eda Civil con <span class=\"hiddenGreenError\">50<\/span> a\u00f1os de historia<\/strong>, <span class=\"hiddenGreenError\">22<\/span> a\u00f1os de experiencia en la industria e\u00f3lica, y en concreto, nueve, en e\u00f3lica <span class=\"hiddenSpellError\">offshore<\/span>.<\/p>\n<p>Como empresa l\u00edder y pionera en el sector de las torres e\u00f3licas prefabricadas de hormig\u00f3n, <strong><span class=\"hiddenSpellError\">Esteyco<\/span> reconoce la necesidad de apostar por la innovaci\u00f3n continuada y buscar, mediante el <span class=\"hiddenGrammarError\">I+D<\/span>+i, nuevas f\u00f3rmulas y productos mejorados que le permitan mantener una posici\u00f3n de liderazgo tecnol\u00f3gico y de conocimiento en el sector de la energ\u00eda.<\/strong>\u00bb<\/p>\n<h2><strong>4. Hangar proyectable<\/strong><\/h2>\n<p>Finalista del premio a la mejor obra de estructura. Descarga la revista para conocer este trabajo realizado por <strong>Josep M. Cots Call<\/strong>:<\/p>\n<p>\u00abDescripci\u00f3n: <strong>Se trata de una estructura para un hangar de helic\u00f3pteros y aeronaves peque\u00f1as con una planta de 30 3 47,5 m.<\/strong><\/p>\n<p>Requerimientos principales de la estructura:<br \/>\n&#8211; Ligera por ser desmontable y transportable en contenedores de 20 pies.<br \/>\n&#8211; Puertas para el tr\u00e1fico de aeronaves en ambas fachadas opuestas con apertura libre de 20 3 6 m.<br \/>\n&#8211; Capaz de soportar cargas clim\u00e1ticas muy exigentes dado que se prev\u00e9 su emplazamiento en cualquier punto del planeta.<br \/>\n&#8211; Sistema de elevaci\u00f3n con capacidad de 2.000 kg, suspendido directamente de la cubierta. Altura libre bajo el gancho de la gr\u00faa: 9,80 m.\u00bb<\/p>\n<h2><strong>5. Instituto de investigaci\u00f3n biom\u00e9dica Sant Pau<\/strong><\/h2>\n<p>Finalista del premio a la mejor obra de estructura. Descarga la revista para conocer este trabajo realizado por <strong>2BMFG Arquitectos<\/strong>:<\/p>\n<p>\u00ab<strong>El nuevo edificio del instituto de Investigaci\u00f3n se ha concebido como una \u00abbisagra\u00bb entre los edificios del recinto hist\u00f3rico y el hospital de nueva construcci\u00f3n.<\/strong> Se integra con los edificios del recinto hist\u00f3rico mediante el tratamiento de su fachada, formada por una malla cer\u00e1mica, elemento que contribuye <span class=\"hiddenGrammarError\">en gran medida<\/span> a la eficiencia del edificio.<\/p>\n<p>Contribuci\u00f3n a la sostenibilidad y la eficiencia energ\u00e9tica de las fachadas: <strong>la intervenci\u00f3n consigue una dr\u00e1stica reducci\u00f3n de la demanda de energ\u00eda mediante estrategias puramente arquitect\u00f3nicas, ya partir de ah\u00ed se proponen unos sistemas activos lo m\u00e1s eficientes posibles , pero siempre partiendo de priorizar las medidas pasivas.<\/strong>\u00bb<\/p>\n<h2><strong>6. Rehabilitaci\u00f3n y cambio de uso de la Casa Codina<\/strong><\/h2>\n<p>Proyecto de estructuras y direcci\u00f3n de obra estructural. Descarga la revista para conocer este trabajo realizado por <strong>Indus<\/strong>:<\/p>\n<p>\u00ab<strong>La Casa Codina es un edificio modernista del a\u00f1o 1898 del arquitecto Antoni Rovira i Rabassa situado en el Paseo de Gracia, 94, de Barcelona.<\/strong><\/p>\n<p>Los \u00faltimos usuarios utilizaban la planta baja como tienda y las plantas superiores eran oficinas, actualmente un solo usuario ocupa todo el edificio para uso comercial.<\/p>\n<p><strong>Con el fin de adaptar el edificio al nuevo uso, INDUS realiz\u00f3 multitud de actuaciones.<\/strong>\u00bb<\/p>\n<h2><strong>7. Regeneraci\u00f3n de bancales<\/strong><\/h2>\n<p>Proyecto de estructura. Descarga la revista para conocer este trabajo realizado por <strong>Salvador J. Fonoll\u00e1 Corr\u00f3<\/strong>:<\/p>\n<p>\u00ab- Destrucci\u00f3n de bancales y caminos por corrimiento de tierras.<br \/>\n&#8211; Espacio natural de alta protecci\u00f3n.<br \/>\n&#8211; Orograf\u00eda de enormes pendientes.<br \/>\n&#8211; Terreno poco sustentado y de dif\u00edcil acceso.<br \/>\n&#8211; Imposibilidad de aplicaci\u00f3n de sistemas tradicionales.\u00bb<\/p>\n<h2><strong>8. Grifols P13<\/strong><\/h2>\n<p>Proyecto de estructura. Descarga la revista para conocer este trabajo realizado por <strong>Indus<\/strong>:<\/p>\n<p>\u00ab<strong>Grifols, SA<\/strong>, dentro de su plan de crecimiento y expansi\u00f3n, <strong>decidi\u00f3 llevar a cabo la construcci\u00f3n de un nuevo edificio en su planta farmac\u00e9utica situada en el Pol\u00edgono industrial Levante <\/strong>, en el t\u00e9rmino municipal de Parets del Vall\u00e8s; con el objetivo de albergar nuevas \u00e1reas de acondicionamiento de producto Fibrinsealant y \u00e1reas t\u00e9cnicas asociadas, as\u00ed como nuevas \u00e1reas administrativas y de almacenamiento.\u00bb<\/p>\n<h2><strong>9. Alfonso 41<\/strong><\/h2>\n<p>Proyecto de estructura. Descarga la revista para conocer este trabajo realizado por <strong>Manrique Matute Estructuras<\/strong>:<\/p>\n<p>\u00ab<strong>Se pretende crear 16 apartamentos tur\u00edsticos, en un edificio catalogado, en el casco viejo de Zaragoza. <\/strong><\/p>\n<p><strong>Casa de viviendas con fachada a dos calles y \u00e1ngulo achaflanado que consta de s\u00f3tano y seis plantas<\/strong> (B + entreplanta + 3 + \u00e1tico retranqueado sobre el alero). La fachada es de ladrillo revocado, presenta composici\u00f3n homog\u00e9nea y sim\u00e9trica, ordenada en las plantas de pisos de las dos calles a base de ejes de aberturas <span class=\"hiddenSpellError\">abalconados<\/span>, el vuelo y el tama\u00f1o de las cuales disminuye progresivamente en altura; estas aberturas son de dintel y en arco escarzano en el centro de las fachadas.\u00bb<\/p>\n<h2><strong>10. Acondicionamiento e instalaciones de la estaci\u00f3n de Zona Universit\u00e0ria<\/strong><\/h2>\n<p>Proyecto de estructura. Descarga la revista para conocer este trabajo realizado por <strong>Indus<\/strong>:<\/p>\n<p>\u00ab<strong>La nueva estaci\u00f3n \u00abZona universitaria\u00bb (<span class=\"hiddenSpellError\">ZU<\/span>) se encuentra anexa a la estaci\u00f3n existente del mismo nombre de la L\u00ednea 3 del Metro de Barcelona.&lt; \/strong&gt; Junto a \u00e9sta, forman la nueva estaci\u00f3n \u00abZona universitaria\u00bb que asegura la correspondencia entre las l\u00edneas 3 y 9 de la red ferroviaria soterrada.<\/strong><\/p>\n<p>La estaci\u00f3n se encuentra ubicada entre las futuras estaciones de Campus Sur y Campus Norte de la L\u00ednea 9. En superficie, esta estaci\u00f3n se sit\u00faa en el cruce entre la Avenida Diagonal y el <span class=\"hiddenGrammarError\"> Avenida<\/span> del Doctor Mara\u00f1\u00f3n.<\/p>\n<p><strong>El presente proyecto de Acondicionamiento de la Estaci\u00f3n de metro es un proyecto que trata de resolver con elementos arquitect\u00f3nicos la problem\u00e1tica compleja de la comunicaci\u00f3n vertical \u2014salvando esta profundidad de casi 60 metros\u2014 entre la calle, vest\u00edbulos y andenes .<\/strong>\u00bb<\/p>\n<h2><strong>11. Refuerzo de la chimenea industrial de f\u00e1brica de ladrillo<\/strong><\/h2>\n<p><strong>Premio EX-AEQUO MERITO<\/strong> a la mejor obra de estructura peque\u00f1a. Descarga la revista para conocer este trabajo realizado por <strong>Universidad de Alicante (Departamento de Ingenier\u00eda Civil)<\/strong>:<\/p>\n<p>\u00ab<strong>El objeto de esta intervenci\u00f3n es el de reparar y reforzar la chimenea frente a cargas s\u00edsmicas, dot\u00e1ndola de una capacidad resistente mediante el uso de materiales compuestos y reforzarla frente a las actuales lesiones que presenta, dej\u00e1ndola en servicio para catalogarla como Bien de Relevancia Local y, de esta forma, preservar esta construcci\u00f3n dentro del patrimonio industrial.<\/strong><\/p>\n<p>Durante el siglo XX, en Agost (poblaci\u00f3n de la provincia de Alicante), su principal industria fue la fabricaci\u00f3n de todo tipo material cer\u00e1mica, con 22 f\u00e1bricas en pleno rendimiento.<\/p>\n<p>Actualmente, tan s\u00f3lo<\/p>\n","protected":false},"excerpt":{"rendered":"<ul>\n<li>1. Editorial<\/li>\n<li>2. Naturaleza Biss\u00e9<\/li>\n<li>3. Prototipo tecnolog\u00eda ELISA<\/li>\n<li>4. Hangar proyectable<\/li>\n<li>5. Instituto de investigaci\u00f3n biom\u00e9dica Sant Pau<\/li>\n<li>6. Rehabilitaci\u00f3n y cambio de uso de la Casa Codina<\/li>\n<li>7. Regeneraci\u00f3n de bancales<\/li>\n<li>8. Grifols P13<\/li>\n<li>9. Alfonso 41<\/li>\n<li>10. Acondicionamiento e instalaciones de la estaci\u00f3n de Zona Universit\u00e0ria<\/li>\n<li>11. Refuerzo de la chimenea industrial de f\u00e1brica de ladrillo<\/li>\n<li>12. La consolidaci\u00f3n del mercado del ganado de Pola de Siero<\/li>\n<li>13. Sala de descanso<\/li>\n<li>14. Patente de limitador de carga para puntales telesc\u00f3picos de obra<\/li>\n<li>15. \u00abLa ballena vuelve al museo\u00bb<\/li>\n<\/ul>\n","protected":false},"featured_media":36812,"template":"","meta":{"_acf_changed":false,"site-sidebar-layout":"default","site-content-layout":"default","ast-global-header-display":"","ast-main-header-display":"","ast-hfb-above-header-display":"","ast-hfb-below-header-display":"","ast-hfb-mobile-header-display":"","site-post-title":"","ast-breadcrumbs-content":"","ast-featured-img":"","footer-sml-layout":"","theme-transparent-header-meta":"default","adv-header-id-meta":"","stick-header-meta":"","header-above-stick-meta":"","header-main-stick-meta":"","header-below-stick-meta":""},"product_brand":[],"product_cat":[595],"product_tag":[],"class_list":{"0":"post-39903","1":"product","2":"type-product","3":"status-publish","4":"has-post-thumbnail","6":"product_cat-cuaderno-de-estructuras","7":"desktop-align-left","8":"tablet-align-left","9":"mobile-align-left","11":"first","12":"instock","13":"taxable","14":"shipping-taxable","15":"purchasable","16":"product-type-variable","17":"has-default-attributes"},"acf":[],"yoast_head":"<!-- This site is optimized with the Yoast SEO plugin v27.1.1 - https:\/\/yoast.com\/product\/yoast-seo-wordpress\/ -->\n<title>Quaderns d&#039;Estructures 66 | ACE<\/title>\n<meta name=\"description\" content=\"Revista n\u00ba 66 con art\u00edculos de actualidad que tratan sobre la construcci\u00f3n de estructuras y que publica la Asociaci\u00f3n de Consultores de Estructuras (ACE).\" \/>\n<meta name=\"robots\" content=\"index, follow, max-snippet:-1, max-image-preview:large, max-video-preview:-1\" \/>\n<link rel=\"canonical\" href=\"https:\/\/aceweb.cat\/es\/producto\/quaderns-destructures-66\/\" \/>\n<meta property=\"og:locale\" content=\"es_ES\" \/>\n<meta property=\"og:type\" content=\"article\" \/>\n<meta property=\"og:title\" content=\"Quaderns d&#039;Estructures 66 | ACE\" \/>\n<meta property=\"og:description\" content=\"Revista n\u00ba 66 con art\u00edculos de actualidad que tratan sobre la construcci\u00f3n de estructuras y que publica la Asociaci\u00f3n de Consultores de Estructuras (ACE).\" \/>\n<meta property=\"og:url\" content=\"https:\/\/aceweb.cat\/es\/producto\/quaderns-destructures-66\/\" \/>\n<meta property=\"og:site_name\" content=\"aceweb.cat\" \/>\n<meta property=\"article:modified_time\" content=\"2023-03-20T07:54:02+00:00\" \/>\n<meta property=\"og:image\" content=\"https:\/\/aceweb.cat\/wp-content\/uploads\/2023\/01\/ACE-Quaderns-Estructures-066.jpg\" \/>\n\t<meta property=\"og:image:width\" content=\"724\" \/>\n\t<meta property=\"og:image:height\" content=\"1024\" \/>\n\t<meta property=\"og:image:type\" content=\"image\/jpeg\" \/>\n<meta name=\"twitter:card\" content=\"summary_large_image\" \/>\n<meta name=\"twitter:label1\" content=\"Tiempo de lectura\" \/>\n\t<meta name=\"twitter:data1\" content=\"8 minutos\" \/>\n<script type=\"application\/ld+json\" class=\"yoast-schema-graph\">{\"@context\":\"https:\/\/schema.org\",\"@graph\":[{\"@type\":\"WebPage\",\"@id\":\"https:\/\/aceweb.cat\/es\/producto\/quaderns-destructures-66\/\",\"url\":\"https:\/\/aceweb.cat\/es\/producto\/quaderns-destructures-66\/\",\"name\":\"Quaderns d'Estructures 66 | ACE\",\"isPartOf\":{\"@id\":\"https:\/\/aceweb.cat\/#website\"},\"primaryImageOfPage\":{\"@id\":\"https:\/\/aceweb.cat\/es\/producto\/quaderns-destructures-66\/#primaryimage\"},\"image\":{\"@id\":\"https:\/\/aceweb.cat\/es\/producto\/quaderns-destructures-66\/#primaryimage\"},\"thumbnailUrl\":\"https:\/\/aceweb.cat\/wp-content\/uploads\/2023\/01\/ACE-Quaderns-Estructures-066.jpg\",\"datePublished\":\"2023-01-19T10:00:08+00:00\",\"dateModified\":\"2023-03-20T07:54:02+00:00\",\"description\":\"Revista n\u00ba 66 con art\u00edculos de actualidad que tratan sobre la construcci\u00f3n de estructuras y que publica la Asociaci\u00f3n de Consultores de Estructuras (ACE).\",\"breadcrumb\":{\"@id\":\"https:\/\/aceweb.cat\/es\/producto\/quaderns-destructures-66\/#breadcrumb\"},\"inLanguage\":\"es\",\"potentialAction\":[{\"@type\":\"ReadAction\",\"target\":[\"https:\/\/aceweb.cat\/es\/producto\/quaderns-destructures-66\/\"]}]},{\"@type\":\"ImageObject\",\"inLanguage\":\"es\",\"@id\":\"https:\/\/aceweb.cat\/es\/producto\/quaderns-destructures-66\/#primaryimage\",\"url\":\"https:\/\/aceweb.cat\/wp-content\/uploads\/2023\/01\/ACE-Quaderns-Estructures-066.jpg\",\"contentUrl\":\"https:\/\/aceweb.cat\/wp-content\/uploads\/2023\/01\/ACE-Quaderns-Estructures-066.jpg\",\"width\":724,\"height\":1024},{\"@type\":\"BreadcrumbList\",\"@id\":\"https:\/\/aceweb.cat\/es\/producto\/quaderns-destructures-66\/#breadcrumb\",\"itemListElement\":[{\"@type\":\"ListItem\",\"position\":1,\"name\":\"Inici\",\"item\":\"https:\/\/aceweb.cat\/\"},{\"@type\":\"ListItem\",\"position\":2,\"name\":\"Tienda\",\"item\":\"https:\/\/aceweb.cat\/es\/tienda\/\"},{\"@type\":\"ListItem\",\"position\":3,\"name\":\"Quadern d\u2019Estructures\",\"item\":\"https:\/\/aceweb.cat\/es\/categoria-producto\/cuaderno-de-estructuras\/\"},{\"@type\":\"ListItem\",\"position\":4,\"name\":\"Quaderns d&#8217;Estructures 66\"}]},{\"@type\":\"WebSite\",\"@id\":\"https:\/\/aceweb.cat\/#website\",\"url\":\"https:\/\/aceweb.cat\/\",\"name\":\"ACE\",\"description\":\"Associaci\u00f3 de Consultors d&#039;Estructures | ACE\",\"publisher\":{\"@id\":\"https:\/\/aceweb.cat\/#organization\"},\"alternateName\":\"ACE\",\"potentialAction\":[{\"@type\":\"SearchAction\",\"target\":{\"@type\":\"EntryPoint\",\"urlTemplate\":\"https:\/\/aceweb.cat\/?s={search_term_string}\"},\"query-input\":{\"@type\":\"PropertyValueSpecification\",\"valueRequired\":true,\"valueName\":\"search_term_string\"}}],\"inLanguage\":\"es\"},{\"@type\":\"Organization\",\"@id\":\"https:\/\/aceweb.cat\/#organization\",\"name\":\"ACE\",\"alternateName\":\"ACE\",\"url\":\"https:\/\/aceweb.cat\/\",\"logo\":{\"@type\":\"ImageObject\",\"inLanguage\":\"es\",\"@id\":\"https:\/\/aceweb.cat\/#\/schema\/logo\/image\/\",\"url\":\"https:\/\/aceweb.cat\/wp-content\/uploads\/2022\/10\/logo.svg\",\"contentUrl\":\"https:\/\/aceweb.cat\/wp-content\/uploads\/2022\/10\/logo.svg\",\"width\":1,\"height\":1,\"caption\":\"ACE\"},\"image\":{\"@id\":\"https:\/\/aceweb.cat\/#\/schema\/logo\/image\/\"}}]}<\/script>\n<!-- \/ Yoast SEO plugin. -->","yoast_head_json":{"title":"Quaderns d'Estructures 66 | ACE","description":"Revista n\u00ba 66 con art\u00edculos de actualidad que tratan sobre la construcci\u00f3n de estructuras y que publica la Asociaci\u00f3n de Consultores de Estructuras (ACE).","robots":{"index":"index","follow":"follow","max-snippet":"max-snippet:-1","max-image-preview":"max-image-preview:large","max-video-preview":"max-video-preview:-1"},"canonical":"https:\/\/aceweb.cat\/es\/producto\/quaderns-destructures-66\/","og_locale":"es_ES","og_type":"article","og_title":"Quaderns d'Estructures 66 | ACE","og_description":"Revista n\u00ba 66 con art\u00edculos de actualidad que tratan sobre la construcci\u00f3n de estructuras y que publica la Asociaci\u00f3n de Consultores de Estructuras (ACE).","og_url":"https:\/\/aceweb.cat\/es\/producto\/quaderns-destructures-66\/","og_site_name":"aceweb.cat","article_modified_time":"2023-03-20T07:54:02+00:00","og_image":[{"width":724,"height":1024,"url":"https:\/\/aceweb.cat\/wp-content\/uploads\/2023\/01\/ACE-Quaderns-Estructures-066.jpg","type":"image\/jpeg"}],"twitter_card":"summary_large_image","twitter_misc":{"Tiempo de lectura":"8 minutos"},"schema":{"@context":"https:\/\/schema.org","@graph":[{"@type":"WebPage","@id":"https:\/\/aceweb.cat\/es\/producto\/quaderns-destructures-66\/","url":"https:\/\/aceweb.cat\/es\/producto\/quaderns-destructures-66\/","name":"Quaderns d'Estructures 66 | ACE","isPartOf":{"@id":"https:\/\/aceweb.cat\/#website"},"primaryImageOfPage":{"@id":"https:\/\/aceweb.cat\/es\/producto\/quaderns-destructures-66\/#primaryimage"},"image":{"@id":"https:\/\/aceweb.cat\/es\/producto\/quaderns-destructures-66\/#primaryimage"},"thumbnailUrl":"https:\/\/aceweb.cat\/wp-content\/uploads\/2023\/01\/ACE-Quaderns-Estructures-066.jpg","datePublished":"2023-01-19T10:00:08+00:00","dateModified":"2023-03-20T07:54:02+00:00","description":"Revista n\u00ba 66 con art\u00edculos de actualidad que tratan sobre la construcci\u00f3n de estructuras y que publica la Asociaci\u00f3n de Consultores de Estructuras (ACE).","breadcrumb":{"@id":"https:\/\/aceweb.cat\/es\/producto\/quaderns-destructures-66\/#breadcrumb"},"inLanguage":"es","potentialAction":[{"@type":"ReadAction","target":["https:\/\/aceweb.cat\/es\/producto\/quaderns-destructures-66\/"]}]},{"@type":"ImageObject","inLanguage":"es","@id":"https:\/\/aceweb.cat\/es\/producto\/quaderns-destructures-66\/#primaryimage","url":"https:\/\/aceweb.cat\/wp-content\/uploads\/2023\/01\/ACE-Quaderns-Estructures-066.jpg","contentUrl":"https:\/\/aceweb.cat\/wp-content\/uploads\/2023\/01\/ACE-Quaderns-Estructures-066.jpg","width":724,"height":1024},{"@type":"BreadcrumbList","@id":"https:\/\/aceweb.cat\/es\/producto\/quaderns-destructures-66\/#breadcrumb","itemListElement":[{"@type":"ListItem","position":1,"name":"Inici","item":"https:\/\/aceweb.cat\/"},{"@type":"ListItem","position":2,"name":"Tienda","item":"https:\/\/aceweb.cat\/es\/tienda\/"},{"@type":"ListItem","position":3,"name":"Quadern d\u2019Estructures","item":"https:\/\/aceweb.cat\/es\/categoria-producto\/cuaderno-de-estructuras\/"},{"@type":"ListItem","position":4,"name":"Quaderns d&#8217;Estructures 66"}]},{"@type":"WebSite","@id":"https:\/\/aceweb.cat\/#website","url":"https:\/\/aceweb.cat\/","name":"ACE","description":"Associaci\u00f3 de Consultors d&#039;Estructures | ACE","publisher":{"@id":"https:\/\/aceweb.cat\/#organization"},"alternateName":"ACE","potentialAction":[{"@type":"SearchAction","target":{"@type":"EntryPoint","urlTemplate":"https:\/\/aceweb.cat\/?s={search_term_string}"},"query-input":{"@type":"PropertyValueSpecification","valueRequired":true,"valueName":"search_term_string"}}],"inLanguage":"es"},{"@type":"Organization","@id":"https:\/\/aceweb.cat\/#organization","name":"ACE","alternateName":"ACE","url":"https:\/\/aceweb.cat\/","logo":{"@type":"ImageObject","inLanguage":"es","@id":"https:\/\/aceweb.cat\/#\/schema\/logo\/image\/","url":"https:\/\/aceweb.cat\/wp-content\/uploads\/2022\/10\/logo.svg","contentUrl":"https:\/\/aceweb.cat\/wp-content\/uploads\/2022\/10\/logo.svg","width":1,"height":1,"caption":"ACE"},"image":{"@id":"https:\/\/aceweb.cat\/#\/schema\/logo\/image\/"}}]}},"_links":{"self":[{"href":"https:\/\/aceweb.cat\/es\/wp-json\/wp\/v2\/product\/39903","targetHints":{"allow":["GET"]}}],"collection":[{"href":"https:\/\/aceweb.cat\/es\/wp-json\/wp\/v2\/product"}],"about":[{"href":"https:\/\/aceweb.cat\/es\/wp-json\/wp\/v2\/types\/product"}],"version-history":[{"count":1,"href":"https:\/\/aceweb.cat\/es\/wp-json\/wp\/v2\/product\/39903\/revisions"}],"predecessor-version":[{"id":40561,"href":"https:\/\/aceweb.cat\/es\/wp-json\/wp\/v2\/product\/39903\/revisions\/40561"}],"wp:featuredmedia":[{"embeddable":true,"href":"https:\/\/aceweb.cat\/es\/wp-json\/wp\/v2\/media\/36812"}],"wp:attachment":[{"href":"https:\/\/aceweb.cat\/es\/wp-json\/wp\/v2\/media?parent=39903"}],"wp:term":[{"taxonomy":"product_brand","embeddable":true,"href":"https:\/\/aceweb.cat\/es\/wp-json\/wp\/v2\/product_brand?post=39903"},{"taxonomy":"product_cat","embeddable":true,"href":"https:\/\/aceweb.cat\/es\/wp-json\/wp\/v2\/product_cat?post=39903"},{"taxonomy":"product_tag","embeddable":true,"href":"https:\/\/aceweb.cat\/es\/wp-json\/wp\/v2\/product_tag?post=39903"}],"curies":[{"name":"wp","href":"https:\/\/api.w.org\/{rel}","templated":true}]}}