{"id":39906,"date":"2023-01-20T10:00:21","date_gmt":"2023-01-20T10:00:21","guid":{"rendered":"https:\/\/www.aceweb.advertis.es\/producto\/quaderns-destructures-67\/"},"modified":"2023-03-20T07:59:20","modified_gmt":"2023-03-20T07:59:20","slug":"quaderns-destructures-67","status":"publish","type":"product","link":"https:\/\/aceweb.cat\/es\/producto\/quaderns-destructures-67\/","title":{"rendered":"Quaderns d&#8217;Estructures 67"},"content":{"rendered":"<p>Este n\u00famero incluye:<\/p>\n<h2><strong>1. Editorial<\/strong><\/h2>\n<p>Art\u00edculo redactado por <strong>Enric Heredia Campmany-<span class=\"hiddenSpellError\">Gaudet<\/span><\/strong>. Descarga la revista para conocer el inicio de una nueva etapa para el ACE en el sector de la construcci\u00f3n:<\/p>\n<p><em>\u00abQueridos socios, compa\u00f1eros y amigos,<\/em><\/p>\n<p><em>Como es sabido por muchos de vosotros, <strong>el pasado 13 de junio de 2019 se celebr\u00f3 una asamblea extraordinaria del <span class=\"hiddenSpellError\">ACE<\/span>, con el objetivo principal de cerrar una etapa de dos legislaturas de la presidencia de David <span class=\"hiddenSpellError\">Garc\u00eda<\/span> (2011-2015, 2015-2019), e iniciar una nueva conmigo como presidente de <span class=\"hiddenSpellError\">ACE<\/span><\/strong>.<\/em><\/p>\n<p><em>Seguramente no soy la persona m\u00e1s apropiada para hacer un balance objetivo de la etapa anterior, no lo soy al haber sido part\u00edcipe en primera persona de todas las acciones aprobadas en junta, en la que <strong> he colaborado lo mejor que he podido; primero en el \u00e1rea profesional y seguidamente en el \u00e1rea de formaci\u00f3n desde que David me dio confianza en el 2011<\/strong>.\u00bb<\/em><\/p>\n<h2><strong>2. Una nueva metodolog\u00eda para entender y calcular mejor las estructuras<\/strong><\/h2>\n<p>Art\u00edculo redactado por <strong>Albert <span class=\"hiddenSpellError\">Albareda<\/span> Valls y Jordi Maristany y <span class=\"hiddenSpellError\">Carreras<\/span><\/strong>. Descarga la revista para entender y calcular mejor las estructuras en el sector de la construcci\u00f3n:<\/p>\n<p>\u00ab<strong>La historia del c\u00e1lculo y el posterior dimensionado de las estructuras portantes de los edificios ha ido siempre en paralelo a la b\u00fasqueda constante de un modelo estructural que pudiera reflejar lo m\u00e1s fielmente posible el comportamiento real de cada una de ellas. ellas.<\/strong><br \/>\nAcertar en la elecci\u00f3n del modelo, en muchos casos, no es f\u00e1cil. <strong>El error que se comete a la hora de elegir el modelo puede llegar a ser verdaderamente importante<\/strong>.<\/p>\n<p>La \u00abbuena pr\u00e1ctica constructiva\u00bb nos permite ofrecer importantes garant\u00edas sobre la bondad de los procedimientos habitualmente empleados en el levantamiento de estructuras de hormig\u00f3n armado. Sin embargo, <strong>son muy pocos los estudios que posibilitan la predicci\u00f3n de los estados tensionales a los que el entramado puede verse sometido<\/strong>, tanto en fase de construcci\u00f3n, como durante toda la vida \u00fatil del edificio.\u00bb<\/p>\n<h2><strong>3. Una est\u00e1tica rec\u00edproca<\/strong><\/h2>\n<p>Art\u00edculo redactado por <strong>Josep M. <span class=\"hiddenSpellError\">Genescano<\/span> Ramon<\/strong>. Descarga la revista para conocer las teor\u00edas <span class=\"hiddenSpellError\">reciprocistas<\/span> en el sector de la construcci\u00f3n:<\/p>\n<p>\u00ab<strong>La extraordinaria influencia que las est\u00e1ticas gr\u00e1ficas de Culmann y Ritter tuvieron posteriormente en el c\u00e1lculo de estructuras no se entender\u00eda sin la colaboraci\u00f3n<\/strong> de unos personajes sabios. Fueron fundamentalmente tres: <strong>Rankine, Maxwell y Cremona<\/strong> Contempor\u00e1neos, pero desvinculados entre ellos, <strong>con dedicaciones profesionales y acad\u00e9micas en las que la ingenier\u00eda estructural es marginal, coinciden exponiendo una filosof\u00eda geom\u00e9trico-estructural con criterios de reciprocidad<\/strong>.<\/p>\n<p>Esto permite un desarrollo r\u00e1pido de los m\u00e9todos gr\u00e1ficos de c\u00e1lculo estructural. Despu\u00e9s de una introducci\u00f3n en la que se clarifica el significado de la est\u00e1tica reciprocista, tanto desde el punto de vista geom\u00e9trico como est\u00e1tico, <strong>se expondr\u00e1n aqu\u00ed, de forma exclusivamente gr\u00e1fica, las investigaciones de los autores<\/strong> antes indicados con la intenci\u00f3n de clarificar y colocar en su contexto hist\u00f3rico una cuesti\u00f3n tan importante como poco estudiada.\u00bb<\/p>\n<h2><strong>4. Entrevista a Josep Baquer<\/strong><\/h2>\n<p>Art\u00edculo redactado por <strong>Maria Leach<\/strong> con fotos de <strong>Jordi Tost<\/strong>. Descarga la revista para seguir leyendo esta interesante entrevista:<\/p>\n<p>\u00ab<em>Aqu\u00ed estoy muy bien, <strong>la ventana de mi despacho da a todo este parque lleno de cipreses inmensos<\/strong>. \u00a1Es la envidia de muchos!<\/em><\/p>\n<p>Son las primeras y alegres palabras que me dedica el consultor de estructuras Josep Baquer cuando llego al Centro Borja de Sant Cugat del Vall\u00e8s. Y no me extra\u00f1a que se le note lleno de alegr\u00eda. <strong>Esta comunidad jesuita ubicada al pie de Collserola es el hogar de Josep desde 2011<\/strong> y resulta ser uno de los lugares con m\u00e1s paz y tranquilidad que he pisado nunca. No ser\u00e1 la \u00fanica sorpresa que me proporcionar\u00e1 esta entrevista.<\/p>\n<p>Paseando por los pasillos de este imponente edificio inaugurado hace setenta a\u00f1os, <strong>descubrir\u00e9 a un hombre fascinante, pozo de sabidur\u00eda y experiencias vitales, que disfruta del trabajo con una energ\u00eda y curiosidad extraordinarias<\/strong>. Asimismo, <strong>durante las pr\u00f3ximas dos horas, charlar\u00e9 con un religioso moderno y comprometido con la sociedad, enamorado de la bicicleta, la m\u00fasica y la monta\u00f1a a partes iguales<\/strong>.\u00bb<\/p>\n<h2><strong>5. Miscel\u00e1nea<\/strong><\/h2>\n<p>Una selecci\u00f3n de art\u00edculos de inter\u00e9s por parte de los socios protectores donde se ofrecen informaci\u00f3n de valor para los especialistas de c\u00e1lculo de estructuras.<\/p>\n<h2><strong>6. Lista de miembros de la asociaci\u00f3n<\/strong><\/h2>\n<p>Conoce a los miembros de la Asociaci\u00f3n Consultores de Estructuras. Podr\u00e1s ver a los nuevos integrantes que participan por el reconocimiento de la profesi\u00f3n dentro del mundo de la construcci\u00f3n.<\/p>\n","protected":false},"excerpt":{"rendered":"<ul>\n<li>1. Editorial<\/li>\n<li>2. Una nueva metodolog\u00eda para entender y calcular mejor las estructuras<\/li>\n<li>3. Una est\u00e1tica rec\u00edproca<\/li>\n<li>4. Entrevista a Josep Baquer<\/li>\n<li>5. Miscel\u00e1nea<\/li>\n<li>6. Lista de miembros de la asociaci\u00f3n<\/li>\n<\/ul>\n","protected":false},"featured_media":36800,"template":"","meta":{"_acf_changed":false,"site-sidebar-layout":"default","site-content-layout":"default","ast-global-header-display":"","ast-main-header-display":"","ast-hfb-above-header-display":"","ast-hfb-below-header-display":"","ast-hfb-mobile-header-display":"","site-post-title":"","ast-breadcrumbs-content":"","ast-featured-img":"","footer-sml-layout":"","theme-transparent-header-meta":"default","adv-header-id-meta":"","stick-header-meta":"","header-above-stick-meta":"","header-main-stick-meta":"","header-below-stick-meta":""},"product_brand":[],"product_cat":[595],"product_tag":[],"class_list":{"0":"post-39906","1":"product","2":"type-product","3":"status-publish","4":"has-post-thumbnail","6":"product_cat-cuaderno-de-estructuras","7":"desktop-align-left","8":"tablet-align-left","9":"mobile-align-left","11":"first","12":"instock","13":"taxable","14":"shipping-taxable","15":"purchasable","16":"product-type-variable","17":"has-default-attributes"},"acf":[],"yoast_head":"<!-- This site is optimized with the Yoast SEO plugin v27.1.1 - https:\/\/yoast.com\/product\/yoast-seo-wordpress\/ -->\n<title>Quaderns d&#039;Estructures 67 | ACE<\/title>\n<meta name=\"description\" content=\"Revista n\u00ba 67 con art\u00edculos de actualidad que tratan sobre la construcci\u00f3n de estructuras y que publica la Asociaci\u00f3n de Consultores de Estructuras (ACE).\" \/>\n<meta name=\"robots\" content=\"index, follow, max-snippet:-1, max-image-preview:large, max-video-preview:-1\" \/>\n<link rel=\"canonical\" href=\"https:\/\/aceweb.cat\/es\/producto\/quaderns-destructures-67\/\" \/>\n<meta property=\"og:locale\" content=\"es_ES\" \/>\n<meta property=\"og:type\" content=\"article\" \/>\n<meta property=\"og:title\" content=\"Quaderns d&#039;Estructures 67 | ACE\" \/>\n<meta property=\"og:description\" content=\"Revista n\u00ba 67 con art\u00edculos de actualidad que tratan sobre la construcci\u00f3n de estructuras y que publica la Asociaci\u00f3n de Consultores de Estructuras (ACE).\" \/>\n<meta property=\"og:url\" content=\"https:\/\/aceweb.cat\/es\/producto\/quaderns-destructures-67\/\" \/>\n<meta property=\"og:site_name\" content=\"aceweb.cat\" \/>\n<meta property=\"article:modified_time\" content=\"2023-03-20T07:59:20+00:00\" \/>\n<meta property=\"og:image\" content=\"https:\/\/aceweb.cat\/wp-content\/uploads\/2023\/01\/ACE-Quaderns-Estructures-067.jpg\" \/>\n\t<meta property=\"og:image:width\" content=\"724\" \/>\n\t<meta property=\"og:image:height\" content=\"1024\" \/>\n\t<meta property=\"og:image:type\" content=\"image\/jpeg\" \/>\n<meta name=\"twitter:card\" content=\"summary_large_image\" \/>\n<meta name=\"twitter:label1\" content=\"Tiempo de lectura\" \/>\n\t<meta name=\"twitter:data1\" content=\"4 minutos\" \/>\n<script type=\"application\/ld+json\" class=\"yoast-schema-graph\">{\"@context\":\"https:\/\/schema.org\",\"@graph\":[{\"@type\":\"WebPage\",\"@id\":\"https:\/\/aceweb.cat\/es\/producto\/quaderns-destructures-67\/\",\"url\":\"https:\/\/aceweb.cat\/es\/producto\/quaderns-destructures-67\/\",\"name\":\"Quaderns d'Estructures 67 | ACE\",\"isPartOf\":{\"@id\":\"https:\/\/aceweb.cat\/#website\"},\"primaryImageOfPage\":{\"@id\":\"https:\/\/aceweb.cat\/es\/producto\/quaderns-destructures-67\/#primaryimage\"},\"image\":{\"@id\":\"https:\/\/aceweb.cat\/es\/producto\/quaderns-destructures-67\/#primaryimage\"},\"thumbnailUrl\":\"https:\/\/aceweb.cat\/wp-content\/uploads\/2023\/01\/ACE-Quaderns-Estructures-067.jpg\",\"datePublished\":\"2023-01-20T10:00:21+00:00\",\"dateModified\":\"2023-03-20T07:59:20+00:00\",\"description\":\"Revista n\u00ba 67 con art\u00edculos de actualidad que tratan sobre la construcci\u00f3n de estructuras y que publica la Asociaci\u00f3n de Consultores de Estructuras (ACE).\",\"breadcrumb\":{\"@id\":\"https:\/\/aceweb.cat\/es\/producto\/quaderns-destructures-67\/#breadcrumb\"},\"inLanguage\":\"es\",\"potentialAction\":[{\"@type\":\"ReadAction\",\"target\":[\"https:\/\/aceweb.cat\/es\/producto\/quaderns-destructures-67\/\"]}]},{\"@type\":\"ImageObject\",\"inLanguage\":\"es\",\"@id\":\"https:\/\/aceweb.cat\/es\/producto\/quaderns-destructures-67\/#primaryimage\",\"url\":\"https:\/\/aceweb.cat\/wp-content\/uploads\/2023\/01\/ACE-Quaderns-Estructures-067.jpg\",\"contentUrl\":\"https:\/\/aceweb.cat\/wp-content\/uploads\/2023\/01\/ACE-Quaderns-Estructures-067.jpg\",\"width\":724,\"height\":1024},{\"@type\":\"BreadcrumbList\",\"@id\":\"https:\/\/aceweb.cat\/es\/producto\/quaderns-destructures-67\/#breadcrumb\",\"itemListElement\":[{\"@type\":\"ListItem\",\"position\":1,\"name\":\"Inici\",\"item\":\"https:\/\/aceweb.cat\/\"},{\"@type\":\"ListItem\",\"position\":2,\"name\":\"Tienda\",\"item\":\"https:\/\/aceweb.cat\/es\/tienda\/\"},{\"@type\":\"ListItem\",\"position\":3,\"name\":\"Quadern d\u2019Estructures\",\"item\":\"https:\/\/aceweb.cat\/es\/categoria-producto\/cuaderno-de-estructuras\/\"},{\"@type\":\"ListItem\",\"position\":4,\"name\":\"Quaderns d&#8217;Estructures 67\"}]},{\"@type\":\"WebSite\",\"@id\":\"https:\/\/aceweb.cat\/#website\",\"url\":\"https:\/\/aceweb.cat\/\",\"name\":\"ACE\",\"description\":\"Associaci\u00f3 de Consultors d&#039;Estructures | ACE\",\"publisher\":{\"@id\":\"https:\/\/aceweb.cat\/#organization\"},\"alternateName\":\"ACE\",\"potentialAction\":[{\"@type\":\"SearchAction\",\"target\":{\"@type\":\"EntryPoint\",\"urlTemplate\":\"https:\/\/aceweb.cat\/?s={search_term_string}\"},\"query-input\":{\"@type\":\"PropertyValueSpecification\",\"valueRequired\":true,\"valueName\":\"search_term_string\"}}],\"inLanguage\":\"es\"},{\"@type\":\"Organization\",\"@id\":\"https:\/\/aceweb.cat\/#organization\",\"name\":\"ACE\",\"alternateName\":\"ACE\",\"url\":\"https:\/\/aceweb.cat\/\",\"logo\":{\"@type\":\"ImageObject\",\"inLanguage\":\"es\",\"@id\":\"https:\/\/aceweb.cat\/#\/schema\/logo\/image\/\",\"url\":\"https:\/\/aceweb.cat\/wp-content\/uploads\/2022\/10\/logo.svg\",\"contentUrl\":\"https:\/\/aceweb.cat\/wp-content\/uploads\/2022\/10\/logo.svg\",\"width\":1,\"height\":1,\"caption\":\"ACE\"},\"image\":{\"@id\":\"https:\/\/aceweb.cat\/#\/schema\/logo\/image\/\"}}]}<\/script>\n<!-- \/ Yoast SEO plugin. -->","yoast_head_json":{"title":"Quaderns d'Estructures 67 | ACE","description":"Revista n\u00ba 67 con art\u00edculos de actualidad que tratan sobre la construcci\u00f3n de estructuras y que publica la Asociaci\u00f3n de Consultores de Estructuras (ACE).","robots":{"index":"index","follow":"follow","max-snippet":"max-snippet:-1","max-image-preview":"max-image-preview:large","max-video-preview":"max-video-preview:-1"},"canonical":"https:\/\/aceweb.cat\/es\/producto\/quaderns-destructures-67\/","og_locale":"es_ES","og_type":"article","og_title":"Quaderns d'Estructures 67 | ACE","og_description":"Revista n\u00ba 67 con art\u00edculos de actualidad que tratan sobre la construcci\u00f3n de estructuras y que publica la Asociaci\u00f3n de Consultores de Estructuras (ACE).","og_url":"https:\/\/aceweb.cat\/es\/producto\/quaderns-destructures-67\/","og_site_name":"aceweb.cat","article_modified_time":"2023-03-20T07:59:20+00:00","og_image":[{"width":724,"height":1024,"url":"https:\/\/aceweb.cat\/wp-content\/uploads\/2023\/01\/ACE-Quaderns-Estructures-067.jpg","type":"image\/jpeg"}],"twitter_card":"summary_large_image","twitter_misc":{"Tiempo de lectura":"4 minutos"},"schema":{"@context":"https:\/\/schema.org","@graph":[{"@type":"WebPage","@id":"https:\/\/aceweb.cat\/es\/producto\/quaderns-destructures-67\/","url":"https:\/\/aceweb.cat\/es\/producto\/quaderns-destructures-67\/","name":"Quaderns d'Estructures 67 | ACE","isPartOf":{"@id":"https:\/\/aceweb.cat\/#website"},"primaryImageOfPage":{"@id":"https:\/\/aceweb.cat\/es\/producto\/quaderns-destructures-67\/#primaryimage"},"image":{"@id":"https:\/\/aceweb.cat\/es\/producto\/quaderns-destructures-67\/#primaryimage"},"thumbnailUrl":"https:\/\/aceweb.cat\/wp-content\/uploads\/2023\/01\/ACE-Quaderns-Estructures-067.jpg","datePublished":"2023-01-20T10:00:21+00:00","dateModified":"2023-03-20T07:59:20+00:00","description":"Revista n\u00ba 67 con art\u00edculos de actualidad que tratan sobre la construcci\u00f3n de estructuras y que publica la Asociaci\u00f3n de Consultores de Estructuras (ACE).","breadcrumb":{"@id":"https:\/\/aceweb.cat\/es\/producto\/quaderns-destructures-67\/#breadcrumb"},"inLanguage":"es","potentialAction":[{"@type":"ReadAction","target":["https:\/\/aceweb.cat\/es\/producto\/quaderns-destructures-67\/"]}]},{"@type":"ImageObject","inLanguage":"es","@id":"https:\/\/aceweb.cat\/es\/producto\/quaderns-destructures-67\/#primaryimage","url":"https:\/\/aceweb.cat\/wp-content\/uploads\/2023\/01\/ACE-Quaderns-Estructures-067.jpg","contentUrl":"https:\/\/aceweb.cat\/wp-content\/uploads\/2023\/01\/ACE-Quaderns-Estructures-067.jpg","width":724,"height":1024},{"@type":"BreadcrumbList","@id":"https:\/\/aceweb.cat\/es\/producto\/quaderns-destructures-67\/#breadcrumb","itemListElement":[{"@type":"ListItem","position":1,"name":"Inici","item":"https:\/\/aceweb.cat\/"},{"@type":"ListItem","position":2,"name":"Tienda","item":"https:\/\/aceweb.cat\/es\/tienda\/"},{"@type":"ListItem","position":3,"name":"Quadern d\u2019Estructures","item":"https:\/\/aceweb.cat\/es\/categoria-producto\/cuaderno-de-estructuras\/"},{"@type":"ListItem","position":4,"name":"Quaderns d&#8217;Estructures 67"}]},{"@type":"WebSite","@id":"https:\/\/aceweb.cat\/#website","url":"https:\/\/aceweb.cat\/","name":"ACE","description":"Associaci\u00f3 de Consultors d&#039;Estructures | ACE","publisher":{"@id":"https:\/\/aceweb.cat\/#organization"},"alternateName":"ACE","potentialAction":[{"@type":"SearchAction","target":{"@type":"EntryPoint","urlTemplate":"https:\/\/aceweb.cat\/?s={search_term_string}"},"query-input":{"@type":"PropertyValueSpecification","valueRequired":true,"valueName":"search_term_string"}}],"inLanguage":"es"},{"@type":"Organization","@id":"https:\/\/aceweb.cat\/#organization","name":"ACE","alternateName":"ACE","url":"https:\/\/aceweb.cat\/","logo":{"@type":"ImageObject","inLanguage":"es","@id":"https:\/\/aceweb.cat\/#\/schema\/logo\/image\/","url":"https:\/\/aceweb.cat\/wp-content\/uploads\/2022\/10\/logo.svg","contentUrl":"https:\/\/aceweb.cat\/wp-content\/uploads\/2022\/10\/logo.svg","width":1,"height":1,"caption":"ACE"},"image":{"@id":"https:\/\/aceweb.cat\/#\/schema\/logo\/image\/"}}]}},"_links":{"self":[{"href":"https:\/\/aceweb.cat\/es\/wp-json\/wp\/v2\/product\/39906","targetHints":{"allow":["GET"]}}],"collection":[{"href":"https:\/\/aceweb.cat\/es\/wp-json\/wp\/v2\/product"}],"about":[{"href":"https:\/\/aceweb.cat\/es\/wp-json\/wp\/v2\/types\/product"}],"version-history":[{"count":2,"href":"https:\/\/aceweb.cat\/es\/wp-json\/wp\/v2\/product\/39906\/revisions"}],"predecessor-version":[{"id":40568,"href":"https:\/\/aceweb.cat\/es\/wp-json\/wp\/v2\/product\/39906\/revisions\/40568"}],"wp:featuredmedia":[{"embeddable":true,"href":"https:\/\/aceweb.cat\/es\/wp-json\/wp\/v2\/media\/36800"}],"wp:attachment":[{"href":"https:\/\/aceweb.cat\/es\/wp-json\/wp\/v2\/media?parent=39906"}],"wp:term":[{"taxonomy":"product_brand","embeddable":true,"href":"https:\/\/aceweb.cat\/es\/wp-json\/wp\/v2\/product_brand?post=39906"},{"taxonomy":"product_cat","embeddable":true,"href":"https:\/\/aceweb.cat\/es\/wp-json\/wp\/v2\/product_cat?post=39906"},{"taxonomy":"product_tag","embeddable":true,"href":"https:\/\/aceweb.cat\/es\/wp-json\/wp\/v2\/product_tag?post=39906"}],"curies":[{"name":"wp","href":"https:\/\/api.w.org\/{rel}","templated":true}]}}