{"id":39909,"date":"2023-01-21T10:00:36","date_gmt":"2023-01-21T10:00:36","guid":{"rendered":"https:\/\/www.aceweb.advertis.es\/producto\/quaderns-destructures-68\/"},"modified":"2023-03-20T08:08:31","modified_gmt":"2023-03-20T08:08:31","slug":"quaderns-destructures-68","status":"publish","type":"product","link":"https:\/\/aceweb.cat\/es\/producto\/quaderns-destructures-68\/","title":{"rendered":"Quaderns d&#8217;Estructures 68"},"content":{"rendered":"<p>Este n\u00famero incluye:<\/p>\n<h2><strong>1. Editorial<\/strong><\/h2>\n<p>Art\u00edculo redactado por\u00a0<strong>CESC ALDAB\u00d3 FERN\u00c1NDEZ<\/strong>. Descarga la revista para conocer los nuevos proyectos del \u00e1rea t\u00e9cnica en el sector de la construcci\u00f3n:<\/p>\n<p><em>\u201cEste a\u00f1o 2020 ha empezado fuerte por el <strong>\u00c1rea T\u00e9cnica de la Asociaci\u00f3n<\/strong>; por un lado,\u00a0<strong>tenemos la voluntad de volver a activar las Jornadas T\u00e9cnicas<\/strong>, que sufrieron un par\u00e9ntesis debido al III Congreso de Estructuras celebrado el pasado a\u00f1o; y por otra,\u00a0<strong>empezar a prepararnos al parecer un inminente cambio normativo con la llegada del C\u00f3digo Estructural<\/strong>.<\/em><\/p>\n<p><em>El formato de las Jornadas T\u00e9cnicas ha ido variando a lo largo de la historia de la ACE, yendo desde actos m\u00e1s informales (los originales Jueves en la ACE) celebrados en diferentes lugares (la Sala de Reuniones , el sal\u00f3n de actos del Nexus II, etc.), a actos m\u00e1s elaborados y con m\u00e1s participantes y asistentes, celebrados en espacios con m\u00e1s aforo, como el Aula M\u00e1ster del Campus Norte de la UPC.\u201d<\/em><\/p>\n<h2><strong>2. Deformaciones en las pantallas<\/strong><\/h2>\n<p>Art\u00edculo redactado por\u00a0<strong>Fructuoso Ma\u00f1\u00e0 Reixach<\/strong>. Descarga la revista para conocer c\u00f3mo efectuar los c\u00e1lculos en las deformaciones de las pantallas:<\/p>\n<p><em>\u201cSabemos que los esfuerzos estructurales quedan relativamente bien representados con los m\u00e9todos al alcance, pero a la vez hemos constatado que con las deformaciones no ocurre lo mismo.<\/em><\/p>\n<p><em>A menudo,\u00a0<strong>cuando se nos ocurre medir las deformaciones, nos sorprendemos que entre el calculado y el medido haya diferencias tan significativas<\/strong>.<\/em><\/p>\n<p><em><strong>Este hecho tiene mucha importancia sobre las posibles patolog\u00edas futuras y sobre los procesos de auscultaci\u00f3n, donde interpretamos el bueno o mal comportamiento inicial de la estructura<\/strong>(la pantalla en este caso ) a trav\u00e9s de las deformaciones que nos lee una estaci\u00f3n total.<\/em><\/p>\n<p><em>Ante este problema, el proceso normativo ha desarrollado m\u00e9todos semiemp\u00edricos en los que cada vez aparecen m\u00e1s y m\u00e1s par\u00e1metros que quien sea, en alg\u00fan momento, los ha considerado significativos.\u201d<\/em><\/p>\n<h2><strong>3. Nuevos m\u00e9todos y herramientas para el c\u00e1lculo de uniones en estructuras<\/strong><\/h2>\n<p>Art\u00edculo redactado por\u00a0<strong>Albert Jim\u00e9nez Morales<\/strong>. Descarga la revista para conocer a fondo los nuevos m\u00e9todos y herramientas para el c\u00e1lculo de uniones en estructuras:<\/p>\n<p><em><strong>\u201cLas normas actuales de construcci\u00f3n<\/strong>, como son los Euroc\u00f3digos estructurales, ofrecen unas pautas claras para calcular y verificar uniones met\u00e1licas y regiones D en la H.A basadas en el m\u00e9todo de componentes y el m\u00e9todo de bielas y tirantes respectivamente, pero\u00a0<strong>dan respuesta a geometr\u00edas muy limitadas y no extrapolables a los nuevos dise\u00f1os y requerimientos de la arquitectura actual<\/strong>.<\/em><\/p>\n<p><em>Este hecho genera gran incertidumbre entre los calculistas de estructuras cuando deben solucionar uniones complejas y obliga, en algunos casos, a invertir grandes costes y esfuerzos en el uso de software gen\u00e9rico de elementos finitos avanzados, ya que \u00e9stos no est\u00e1n adaptados a las necesidades espec\u00edficas del ingeniero de estructuras.<\/em><\/p>\n<p><em>Actualmente,\u00a0<strong>existen nuevos m\u00e9todos de dise\u00f1o como el m\u00e9todo\u00a0CBFEM, para uniones met\u00e1licas y regiones D en el H.A<\/strong>\u201c<\/em><\/p>\n<h2><strong>4. C\u00e1lculo y elecci\u00f3n de anclajes<\/strong><\/h2>\n<p>Art\u00edculo redactado por\u00a0<strong>Jos\u00e9 M.a Guill\u00e9n<\/strong>. Descarga la revista para seguir leyendo la propuesta del autor:<\/p>\n<p><em>\u201cCuando\u00a0<strong>estamos calculando una estructura met\u00e1lica, el \u00faltimo eslab\u00f3n es su conexi\u00f3n con un elemento constructivo existente<\/strong>, generalmente construido en hormig\u00f3n y en menor medida en obra de f\u00e1brica. <\/em><\/p>\n<p><em>Con mucha frecuencia\u00a0<strong>esta conexi\u00f3n se produce a trav\u00e9s de elementos<\/strong>, en cierto modo extra\u00f1os al material base, dado que se instalan con posterioridad a su construcci\u00f3n, pero\u00a0&lt; strong&gt;que presentan una uni\u00f3n de alta resistencia con \u00e9ste.<\/em><\/p>\n<p><em><strong>Estamos hablando de los elementos de anclaje<\/strong>. Estos elementos son tan antiguos como las t\u00e9cnicas constructivas m\u00e1s remotas, pero ha sido en las \u00faltimas d\u00e9cadas cuando han experimentado una evoluci\u00f3n m\u00e1s acelerada, que ha generado una gran diversificaci\u00f3n de tipolog\u00edas que, si bien ha servido para satisfacer de forma \u00f3ptima las m\u00faltiples necesidades planteadas, tambi\u00e9n es cierto que su prescripci\u00f3n representa una decisi\u00f3n compleja en el proyecto constructivo, que va m\u00e1s all\u00e1 del cumplimiento de una resistencia mec\u00e1nica.<\/em><\/p>\n<p><em><strong>Anclajes qu\u00edmicos, mec\u00e1nicos de acero o de poliamida; de uni\u00f3n por rozamiento, por adaptaci\u00f3n, por adherencia o mixta; de montaje por roscado o por golpe y de control din\u00e1mico o por recorrido, constituyen un universo tecnol\u00f3gico al que trataremos de poner orden en las p\u00e1ginas sucesivas.<\/strong>\u201c<\/em><\/p>\n<h2><strong>5. Dise\u00f1o responsable para la durabilidad de la madera<\/strong><\/h2>\n<p>Art\u00edculo redactado por\u00a0<strong>Carles Blasco Pin\u00f3s<\/strong>. Descarga la revista para conocer los planteamientos de optimizaci\u00f3n para la durabilidad de la madera:<\/p>\n<p><em>\u201cEn general, a lo largo del tiempo,\u00a0<strong>la madera tiende a perder su integridad y reducir su capacidad resistente<\/strong>\u00a0principalmente por la acci\u00f3n de agentes bi\u00f3ticos o abi\u00f3ticos, especialmente cuando est\u00e1 expuesta a la intemperie. As\u00ed, para aumentar su durabilidad, es conveniente evitar estos efectos.<\/em><\/p>\n<p><em>Exponemos unos criterios orientados a mejorar la durabilidad de la madera en el exterior, resultado de la experiencia, diagnosis y actuaciones cumplidas en un puente peatonal de madera en Calonge (Girona).<\/em><\/p>\n<p><em>El objetivo planteado en este texto es explicar que por encima de la mejora de calidad de los materiales y productos protectores, deducimos que un buen dise\u00f1o y, en particular, el dise\u00f1o de las uniones, resulta una mejor y m\u00e1s sostenible base para optimizar la durabilidad de estructuras de madera en el exterior.<\/em><\/p>\n<p><em><strong>Los objetivos son<\/strong>: detectar los puntos d\u00e9biles en el dise\u00f1o respecto a la durabilidad y los que demandaban gran intensidad de las labores de mantenimiento de la madera, para poder\u00a0<strong>proponer planteamientos de optimizaci\u00f3n de dise\u00f1o dentro de la rehabilitaci\u00f3n que produzcan efectos de durabilidad eficientes<\/strong>.\u201d<\/em><\/p>\n<h2><strong>6. Entrevista a Enric Heredia Campmany-Gaudet<\/strong><\/h2>\n<p>Entrevista realizada por\u00a0<strong>Mar\u00eda Leach<\/strong>\u00a0con fotos de\u00a0<strong>Jordi Tost<\/strong>. Descarga la revista para seguir leyendo esta interesante entrevista:<\/p>\n<p><em>\u201c<strong>El actual presidente de la ACE nos espera en la puerta de Novaltra, su empresa<\/strong>, en mangas de camisa.<\/em><\/p>\n<p><em>Estamos en Castelldefels, a finales de enero, y la temperatura es totalmente veraniega. El sol y la quietud que ahora mismo reinan en este municipio hacen dif\u00edcil creer que, justo una semana atr\u00e1s, la borrasca Gl\u00f2ria estuviera devastando sin piedad el litoral de Catalu\u00f1a.<\/em><\/p>\n<p><em>Hoy, sin embargo, es uno de esos d\u00edas que hacen cierto aquel t\u00f3pico que dice que, despu\u00e9s de la tormenta, siempre llega la calma. Y\u00a0<strong>Enric Heredia, \u00abQuique\u00bb por los amigos<\/strong>, contribuye a este ambiente de templanza recibi\u00e9ndonos con una sonrisa que hace pensar que tiene todo el tiempo del mundo para atendernos.<\/em><\/p>\n<p><em><strong>Despu\u00e9s de un \u00abtour\u00bb r\u00e1pido por la oficina, un espacio di\u00e1fano y abierto donde se mezclan profesionales del c\u00e1lculo y de la programaci\u00f3n de software, entramos en materia.<\/strong>\u201c<\/em><\/p>\n<h2><strong>7. Miscel\u00e1nea<\/strong><\/h2>\n<p>Una selecci\u00f3n de art\u00edculos de inter\u00e9s por parte de los socios protectores donde se ofrecen informaci\u00f3n de valor para los especialistas de c\u00e1lculo de estructuras.<\/p>\n<h2><strong>8. Lista de miembros de la asociaci\u00f3n<\/strong><\/h2>\n<p>Conoce a los miembros de la Asociaci\u00f3n Consultores de Estructuras. Podr\u00e1s ver a los nuevos integrantes que participan por el reconocimiento de la profesi\u00f3n dentro del mundo de la construcci\u00f3n.<\/p>\n","protected":false},"excerpt":{"rendered":"<ul>\n<li>1. Editorial<\/li>\n<li>2. Deformaciones en las pantallas<\/li>\n<li>3. Nuevos m\u00e9todos y herramientas para el c\u00e1lculo de uniones en estructuras<\/li>\n<li>4. C\u00e1lculo y elecci\u00f3n de anclajes<\/li>\n<li>5. Dise\u00f1o responsable para la durabilidad de la madera<\/li>\n<li>6. Entrevista a Enric Heredia Campmany-Gaudet<\/li>\n<li>7. Miscel\u00e1nea<\/li>\n<li>8. Lista de miembros de la asociaci\u00f3n<\/li>\n<\/ul>\n","protected":false},"featured_media":36788,"template":"","meta":{"_acf_changed":false,"site-sidebar-layout":"default","site-content-layout":"default","ast-global-header-display":"","ast-main-header-display":"","ast-hfb-above-header-display":"","ast-hfb-below-header-display":"","ast-hfb-mobile-header-display":"","site-post-title":"","ast-breadcrumbs-content":"","ast-featured-img":"","footer-sml-layout":"","theme-transparent-header-meta":"default","adv-header-id-meta":"","stick-header-meta":"","header-above-stick-meta":"","header-main-stick-meta":"","header-below-stick-meta":""},"product_brand":[],"product_cat":[595],"product_tag":[],"class_list":{"0":"post-39909","1":"product","2":"type-product","3":"status-publish","4":"has-post-thumbnail","6":"product_cat-cuaderno-de-estructuras","7":"desktop-align-left","8":"tablet-align-left","9":"mobile-align-left","11":"first","12":"instock","13":"taxable","14":"shipping-taxable","15":"purchasable","16":"product-type-variable","17":"has-default-attributes"},"acf":[],"yoast_head":"<!-- This site is optimized with the Yoast SEO plugin v27.1.1 - https:\/\/yoast.com\/product\/yoast-seo-wordpress\/ -->\n<title>Quaderns d&#039;Estructures 68 | ACE<\/title>\n<meta name=\"description\" content=\"Revista n\u00ba 68 con art\u00edculos de actualidad que tratan sobre la construcci\u00f3n de estructuras y publica la Asociaci\u00f3n de Consultores de Estructuras (ACE).\" \/>\n<meta name=\"robots\" content=\"index, follow, max-snippet:-1, max-image-preview:large, max-video-preview:-1\" \/>\n<link rel=\"canonical\" href=\"https:\/\/aceweb.cat\/es\/producto\/quaderns-destructures-68\/\" \/>\n<meta property=\"og:locale\" content=\"es_ES\" \/>\n<meta property=\"og:type\" content=\"article\" \/>\n<meta property=\"og:title\" content=\"Quaderns d&#039;Estructures 68 | ACE\" \/>\n<meta property=\"og:description\" content=\"Revista n\u00ba 68 con art\u00edculos de actualidad que tratan sobre la construcci\u00f3n de estructuras y publica la Asociaci\u00f3n de Consultores de Estructuras (ACE).\" \/>\n<meta property=\"og:url\" content=\"https:\/\/aceweb.cat\/es\/producto\/quaderns-destructures-68\/\" \/>\n<meta property=\"og:site_name\" content=\"aceweb.cat\" \/>\n<meta property=\"article:modified_time\" content=\"2023-03-20T08:08:31+00:00\" \/>\n<meta property=\"og:image\" content=\"https:\/\/aceweb.cat\/wp-content\/uploads\/2023\/01\/ACE-Quaderns-Estructures-068.jpg\" \/>\n\t<meta property=\"og:image:width\" content=\"724\" \/>\n\t<meta property=\"og:image:height\" content=\"1024\" \/>\n\t<meta property=\"og:image:type\" content=\"image\/jpeg\" \/>\n<meta name=\"twitter:card\" content=\"summary_large_image\" \/>\n<meta name=\"twitter:label1\" content=\"Tiempo de lectura\" \/>\n\t<meta name=\"twitter:data1\" content=\"7 minutos\" \/>\n<script type=\"application\/ld+json\" class=\"yoast-schema-graph\">{\"@context\":\"https:\/\/schema.org\",\"@graph\":[{\"@type\":\"WebPage\",\"@id\":\"https:\/\/aceweb.cat\/es\/producto\/quaderns-destructures-68\/\",\"url\":\"https:\/\/aceweb.cat\/es\/producto\/quaderns-destructures-68\/\",\"name\":\"Quaderns d'Estructures 68 | ACE\",\"isPartOf\":{\"@id\":\"https:\/\/aceweb.cat\/#website\"},\"primaryImageOfPage\":{\"@id\":\"https:\/\/aceweb.cat\/es\/producto\/quaderns-destructures-68\/#primaryimage\"},\"image\":{\"@id\":\"https:\/\/aceweb.cat\/es\/producto\/quaderns-destructures-68\/#primaryimage\"},\"thumbnailUrl\":\"https:\/\/aceweb.cat\/wp-content\/uploads\/2023\/01\/ACE-Quaderns-Estructures-068.jpg\",\"datePublished\":\"2023-01-21T10:00:36+00:00\",\"dateModified\":\"2023-03-20T08:08:31+00:00\",\"description\":\"Revista n\u00ba 68 con art\u00edculos de actualidad que tratan sobre la construcci\u00f3n de estructuras y publica la Asociaci\u00f3n de Consultores de Estructuras (ACE).\",\"breadcrumb\":{\"@id\":\"https:\/\/aceweb.cat\/es\/producto\/quaderns-destructures-68\/#breadcrumb\"},\"inLanguage\":\"es\",\"potentialAction\":[{\"@type\":\"ReadAction\",\"target\":[\"https:\/\/aceweb.cat\/es\/producto\/quaderns-destructures-68\/\"]}]},{\"@type\":\"ImageObject\",\"inLanguage\":\"es\",\"@id\":\"https:\/\/aceweb.cat\/es\/producto\/quaderns-destructures-68\/#primaryimage\",\"url\":\"https:\/\/aceweb.cat\/wp-content\/uploads\/2023\/01\/ACE-Quaderns-Estructures-068.jpg\",\"contentUrl\":\"https:\/\/aceweb.cat\/wp-content\/uploads\/2023\/01\/ACE-Quaderns-Estructures-068.jpg\",\"width\":724,\"height\":1024,\"caption\":\"ACE-Quaderns-Estructures-068\"},{\"@type\":\"BreadcrumbList\",\"@id\":\"https:\/\/aceweb.cat\/es\/producto\/quaderns-destructures-68\/#breadcrumb\",\"itemListElement\":[{\"@type\":\"ListItem\",\"position\":1,\"name\":\"Inici\",\"item\":\"https:\/\/aceweb.cat\/\"},{\"@type\":\"ListItem\",\"position\":2,\"name\":\"Tienda\",\"item\":\"https:\/\/aceweb.cat\/es\/tienda\/\"},{\"@type\":\"ListItem\",\"position\":3,\"name\":\"Quadern d\u2019Estructures\",\"item\":\"https:\/\/aceweb.cat\/es\/categoria-producto\/cuaderno-de-estructuras\/\"},{\"@type\":\"ListItem\",\"position\":4,\"name\":\"Quaderns d&#8217;Estructures 68\"}]},{\"@type\":\"WebSite\",\"@id\":\"https:\/\/aceweb.cat\/#website\",\"url\":\"https:\/\/aceweb.cat\/\",\"name\":\"ACE\",\"description\":\"Associaci\u00f3 de Consultors d&#039;Estructures | ACE\",\"publisher\":{\"@id\":\"https:\/\/aceweb.cat\/#organization\"},\"alternateName\":\"ACE\",\"potentialAction\":[{\"@type\":\"SearchAction\",\"target\":{\"@type\":\"EntryPoint\",\"urlTemplate\":\"https:\/\/aceweb.cat\/?s={search_term_string}\"},\"query-input\":{\"@type\":\"PropertyValueSpecification\",\"valueRequired\":true,\"valueName\":\"search_term_string\"}}],\"inLanguage\":\"es\"},{\"@type\":\"Organization\",\"@id\":\"https:\/\/aceweb.cat\/#organization\",\"name\":\"ACE\",\"alternateName\":\"ACE\",\"url\":\"https:\/\/aceweb.cat\/\",\"logo\":{\"@type\":\"ImageObject\",\"inLanguage\":\"es\",\"@id\":\"https:\/\/aceweb.cat\/#\/schema\/logo\/image\/\",\"url\":\"https:\/\/aceweb.cat\/wp-content\/uploads\/2022\/10\/logo.svg\",\"contentUrl\":\"https:\/\/aceweb.cat\/wp-content\/uploads\/2022\/10\/logo.svg\",\"width\":1,\"height\":1,\"caption\":\"ACE\"},\"image\":{\"@id\":\"https:\/\/aceweb.cat\/#\/schema\/logo\/image\/\"}}]}<\/script>\n<!-- \/ Yoast SEO plugin. -->","yoast_head_json":{"title":"Quaderns d'Estructures 68 | ACE","description":"Revista n\u00ba 68 con art\u00edculos de actualidad que tratan sobre la construcci\u00f3n de estructuras y publica la Asociaci\u00f3n de Consultores de Estructuras (ACE).","robots":{"index":"index","follow":"follow","max-snippet":"max-snippet:-1","max-image-preview":"max-image-preview:large","max-video-preview":"max-video-preview:-1"},"canonical":"https:\/\/aceweb.cat\/es\/producto\/quaderns-destructures-68\/","og_locale":"es_ES","og_type":"article","og_title":"Quaderns d'Estructures 68 | ACE","og_description":"Revista n\u00ba 68 con art\u00edculos de actualidad que tratan sobre la construcci\u00f3n de estructuras y publica la Asociaci\u00f3n de Consultores de Estructuras (ACE).","og_url":"https:\/\/aceweb.cat\/es\/producto\/quaderns-destructures-68\/","og_site_name":"aceweb.cat","article_modified_time":"2023-03-20T08:08:31+00:00","og_image":[{"width":724,"height":1024,"url":"https:\/\/aceweb.cat\/wp-content\/uploads\/2023\/01\/ACE-Quaderns-Estructures-068.jpg","type":"image\/jpeg"}],"twitter_card":"summary_large_image","twitter_misc":{"Tiempo de lectura":"7 minutos"},"schema":{"@context":"https:\/\/schema.org","@graph":[{"@type":"WebPage","@id":"https:\/\/aceweb.cat\/es\/producto\/quaderns-destructures-68\/","url":"https:\/\/aceweb.cat\/es\/producto\/quaderns-destructures-68\/","name":"Quaderns d'Estructures 68 | ACE","isPartOf":{"@id":"https:\/\/aceweb.cat\/#website"},"primaryImageOfPage":{"@id":"https:\/\/aceweb.cat\/es\/producto\/quaderns-destructures-68\/#primaryimage"},"image":{"@id":"https:\/\/aceweb.cat\/es\/producto\/quaderns-destructures-68\/#primaryimage"},"thumbnailUrl":"https:\/\/aceweb.cat\/wp-content\/uploads\/2023\/01\/ACE-Quaderns-Estructures-068.jpg","datePublished":"2023-01-21T10:00:36+00:00","dateModified":"2023-03-20T08:08:31+00:00","description":"Revista n\u00ba 68 con art\u00edculos de actualidad que tratan sobre la construcci\u00f3n de estructuras y publica la Asociaci\u00f3n de Consultores de Estructuras (ACE).","breadcrumb":{"@id":"https:\/\/aceweb.cat\/es\/producto\/quaderns-destructures-68\/#breadcrumb"},"inLanguage":"es","potentialAction":[{"@type":"ReadAction","target":["https:\/\/aceweb.cat\/es\/producto\/quaderns-destructures-68\/"]}]},{"@type":"ImageObject","inLanguage":"es","@id":"https:\/\/aceweb.cat\/es\/producto\/quaderns-destructures-68\/#primaryimage","url":"https:\/\/aceweb.cat\/wp-content\/uploads\/2023\/01\/ACE-Quaderns-Estructures-068.jpg","contentUrl":"https:\/\/aceweb.cat\/wp-content\/uploads\/2023\/01\/ACE-Quaderns-Estructures-068.jpg","width":724,"height":1024,"caption":"ACE-Quaderns-Estructures-068"},{"@type":"BreadcrumbList","@id":"https:\/\/aceweb.cat\/es\/producto\/quaderns-destructures-68\/#breadcrumb","itemListElement":[{"@type":"ListItem","position":1,"name":"Inici","item":"https:\/\/aceweb.cat\/"},{"@type":"ListItem","position":2,"name":"Tienda","item":"https:\/\/aceweb.cat\/es\/tienda\/"},{"@type":"ListItem","position":3,"name":"Quadern d\u2019Estructures","item":"https:\/\/aceweb.cat\/es\/categoria-producto\/cuaderno-de-estructuras\/"},{"@type":"ListItem","position":4,"name":"Quaderns d&#8217;Estructures 68"}]},{"@type":"WebSite","@id":"https:\/\/aceweb.cat\/#website","url":"https:\/\/aceweb.cat\/","name":"ACE","description":"Associaci\u00f3 de Consultors d&#039;Estructures | ACE","publisher":{"@id":"https:\/\/aceweb.cat\/#organization"},"alternateName":"ACE","potentialAction":[{"@type":"SearchAction","target":{"@type":"EntryPoint","urlTemplate":"https:\/\/aceweb.cat\/?s={search_term_string}"},"query-input":{"@type":"PropertyValueSpecification","valueRequired":true,"valueName":"search_term_string"}}],"inLanguage":"es"},{"@type":"Organization","@id":"https:\/\/aceweb.cat\/#organization","name":"ACE","alternateName":"ACE","url":"https:\/\/aceweb.cat\/","logo":{"@type":"ImageObject","inLanguage":"es","@id":"https:\/\/aceweb.cat\/#\/schema\/logo\/image\/","url":"https:\/\/aceweb.cat\/wp-content\/uploads\/2022\/10\/logo.svg","contentUrl":"https:\/\/aceweb.cat\/wp-content\/uploads\/2022\/10\/logo.svg","width":1,"height":1,"caption":"ACE"},"image":{"@id":"https:\/\/aceweb.cat\/#\/schema\/logo\/image\/"}}]}},"_links":{"self":[{"href":"https:\/\/aceweb.cat\/es\/wp-json\/wp\/v2\/product\/39909","targetHints":{"allow":["GET"]}}],"collection":[{"href":"https:\/\/aceweb.cat\/es\/wp-json\/wp\/v2\/product"}],"about":[{"href":"https:\/\/aceweb.cat\/es\/wp-json\/wp\/v2\/types\/product"}],"version-history":[{"count":2,"href":"https:\/\/aceweb.cat\/es\/wp-json\/wp\/v2\/product\/39909\/revisions"}],"predecessor-version":[{"id":40582,"href":"https:\/\/aceweb.cat\/es\/wp-json\/wp\/v2\/product\/39909\/revisions\/40582"}],"wp:featuredmedia":[{"embeddable":true,"href":"https:\/\/aceweb.cat\/es\/wp-json\/wp\/v2\/media\/36788"}],"wp:attachment":[{"href":"https:\/\/aceweb.cat\/es\/wp-json\/wp\/v2\/media?parent=39909"}],"wp:term":[{"taxonomy":"product_brand","embeddable":true,"href":"https:\/\/aceweb.cat\/es\/wp-json\/wp\/v2\/product_brand?post=39909"},{"taxonomy":"product_cat","embeddable":true,"href":"https:\/\/aceweb.cat\/es\/wp-json\/wp\/v2\/product_cat?post=39909"},{"taxonomy":"product_tag","embeddable":true,"href":"https:\/\/aceweb.cat\/es\/wp-json\/wp\/v2\/product_tag?post=39909"}],"curies":[{"name":"wp","href":"https:\/\/api.w.org\/{rel}","templated":true}]}}