{"id":39913,"date":"2023-01-22T10:00:39","date_gmt":"2023-01-22T10:00:39","guid":{"rendered":"https:\/\/www.aceweb.advertis.es\/producto\/quaderns-destructures-69\/"},"modified":"2023-03-20T08:03:29","modified_gmt":"2023-03-20T08:03:29","slug":"quaderns-destructures-69","status":"publish","type":"product","link":"https:\/\/aceweb.cat\/es\/producto\/quaderns-destructures-69\/","title":{"rendered":"Quaderns d&#8217;Estructures 69"},"content":{"rendered":"<p>Este n\u00famero incluye:<\/p>\n<h2><strong>1. Editorial<\/strong><\/h2>\n<p>Art\u00edculo redactado por <b>Amparo Lecha Gargallo<\/b>. Descarga la revista para conocer la realidad de la posici\u00f3n de la mujer en el sector de la construcci\u00f3n:<\/p>\n<p><em>\u00abCuando me pidieron escribir la editorial tuve claro que, como \u00fanica representante femenina en esta Junta de la asociaci\u00f3n, deb\u00eda aprovechar esta oportunidad para animar a las consultoras de estructuras a participar m\u00e1s activamente de nuestra asociaci\u00f3n.<\/em><\/p>\n<p><em>El sector de la construcci\u00f3n tradicionalmente ha sido un mundo muy masculino y nuestra asociaci\u00f3n no deja de ser una muestra m\u00e1s. Pero las cosas van cambiando poco a poco.<\/em><\/p>\n<p><em>Si miramos las estad\u00edsticas, vemos que el porcentaje de mujeres entre los asociados de m\u00e1s de 50 a\u00f1os no llega a un 5%, pero si miramos la franja inferior, este porcentaje ronda <b>el 30%, el cambio es significativo, aunque todav\u00eda lejos de ser la mitad<\/b>.\u00bb<\/em><\/p>\n<h2><strong>2. Estado actual de la construcci\u00f3n con madera en Espa\u00f1a<\/strong><\/h2>\n<p>Art\u00edculo redactado por <b>Francisco Arriaga Martitegui<\/b>. Descarga la revista para conocer el estatus de este material a nivel estatal:<\/p>\n<p>\u00abEl objeto de este texto es presentar la evoluci\u00f3n de la construcci\u00f3n con madera en Espa\u00f1a en las \u00faltimas d\u00e9cadas, con el fin de reflexionar sobre <b>el cambio que se ha producido en la percepci\u00f3n del mismo material<\/b>.<\/p>\n<p>A partir de la d\u00e9cada de los 80 del siglo pasado, comienza un resurgir del uso estructural de la madera en Espa\u00f1a que ha cambiado de forma muy notable su presencia en la construcci\u00f3n.<\/p>\n<p>Desde una utilizaci\u00f3n pr\u00e1cticamente nula, o reducida a su uso espor\u00e1dico, <b>se ha llegado a una normalizaci\u00f3n como material de construcci\u00f3n, cuya presencia sigue en aumento<\/b>.<\/p>\n<p>Este an\u00e1lisis se ha realizado a trav\u00e9s de la reflexi\u00f3n sobre los aspectos m\u00e1s relevantes del proceso, como la evoluci\u00f3n de la normativa que lo regula, la ense\u00f1anza en la universidad y la pujante y clara tendencia a la conservaci\u00f3n y evaluaci\u00f3n estructuras hist\u00f3ricas, adem\u00e1s de su presencia en las obras construidas.\u00bb<\/p>\n<h2><strong>3. El Edificio Mediterr\u00e1neo y su singular estructura vertical<\/strong><\/h2>\n<p>Art\u00edculo redactado por <b>Robert Brufau Niub\u00f3<\/b>. Descarga la revista para conocer a fondo la estructura de este edificio:<\/p>\n<p>\u00abEl edificio Mediterr\u00e1neo (1960 &#8211; 1966) se emplaza en el cruce de las calles Comte Borrell y Consell de Cent, en Barcelona, en un solar ocupado anteriormente por unas naves de fabricaci\u00f3n de porcelana y por una gran chimenea industrial .<\/p>\n<p>El nuevo conjunto se desarrolla en <strong>dos bloques lineales paralelos, separados entre s\u00ed por tres n\u00facleos de comunicaci\u00f3n vertical<\/strong>. Queda as\u00ed definida una secuencia de patios interiores con una anchura aproximada de cinco metros.<\/p>\n<p>Todas las viviendas del bloque anterior dan frente a la calle Consell de Cent y ventilan por el patio central, mientras que las del bloque posterior abren su fachada principal sobre el gran patio de manzana, con la \u00fanica excepci\u00f3n de las dos \u00faltimas viviendas , que tienen fachada sobre la calle Comte Borrell y sobre el chafl\u00e1n no edificado.\u00bb<\/p>\n<h2><strong>4. La b\u00f3veda de escalera paredada<\/strong><\/h2>\n<p>Art\u00edculo redactado por <b>Manuel Fortea Luna<\/b>. Descarga la revista para seguir leyendo la propuesta del autor:<\/p>\n<p>\u00abLa escalera paredada es una soluci\u00f3n constructiva y estructural que se ha continuado utilizando en obra nueva, incluso cuando la estructura del edificio en general perteneciera a otro g\u00e9nero, bien de hormig\u00f3n armado, bien met\u00e1lico lica.<\/p>\n<p>La raz\u00f3n fundamental es por su facilidad de ejecuci\u00f3n (para quien sabe hacerlo) y por su reducido coste. <b>\u00daltimamente est\u00e1 desapareciendo en obras nuevas, e incluso en obras de rehabilitaci\u00f3n<\/b>.<\/p>\n<p>El motivo no es econ\u00f3mico ni por falta de conocimiento, sino por falta de normativa. Las f\u00e1bricas, y especialmente los elementos horizontales (b\u00f3vedas, c\u00fapulas, escaleras, etc.) han quedado excluidas del CTE y de los Euroc\u00f3digos, solo se contemplan los elementos de f\u00e1brica para piezas verticales, es decir, muros.<\/p>\n<p><b>Vueltas, c\u00fapulas y escaleras de f\u00e1brica han sido condenadas al ostracismo por imperativo legal de la Normativa. Una injusticia que es necesario reparar, y con celeridad.<\/b>.\u00bb<\/p>\n<h2><strong>5. Miscel\u00e1nea<\/strong><\/h2>\n<p>Una selecci\u00f3n de art\u00edculos de inter\u00e9s por parte de los socios protectores donde se ofrecen informaci\u00f3n de valor para los especialistas de c\u00e1lculo de estructuras.<\/p>\n<h2><strong>6. Lista de miembros de la asociaci\u00f3n<\/strong><\/h2>\n<p>Conoce a los miembros de la Asociaci\u00f3n Consultores de Estructuras. Podr\u00e1s ver a los nuevos integrantes que participan por el reconocimiento de la profesi\u00f3n dentro del mundo de la construcci\u00f3n.<\/p>\n","protected":false},"excerpt":{"rendered":"<ul>\n<li>1. Editorial<\/li>\n<li>2. Estado actual de la construcci\u00f3n con madera en Espa\u00f1a<\/li>\n<li>3. El Edificio Mediterr\u00e1neo y su singular estructura vertical<\/li>\n<li>4. La b\u00f3veda de escalera paredada<\/li>\n<li>5. Miscel\u00e1nea<\/li>\n<li>6. Lista de miembros de la asociaci\u00f3n<\/li>\n<\/ul>\n","protected":false},"featured_media":36519,"template":"","meta":{"_acf_changed":false,"site-sidebar-layout":"default","site-content-layout":"default","ast-global-header-display":"","ast-main-header-display":"","ast-hfb-above-header-display":"","ast-hfb-below-header-display":"","ast-hfb-mobile-header-display":"","site-post-title":"","ast-breadcrumbs-content":"","ast-featured-img":"","footer-sml-layout":"","theme-transparent-header-meta":"default","adv-header-id-meta":"","stick-header-meta":"","header-above-stick-meta":"","header-main-stick-meta":"","header-below-stick-meta":""},"product_brand":[],"product_cat":[595],"product_tag":[],"class_list":{"0":"post-39913","1":"product","2":"type-product","3":"status-publish","4":"has-post-thumbnail","6":"product_cat-cuaderno-de-estructuras","7":"desktop-align-left","8":"tablet-align-left","9":"mobile-align-left","11":"first","12":"instock","13":"taxable","14":"shipping-taxable","15":"purchasable","16":"product-type-variable","17":"has-default-attributes"},"acf":[],"yoast_head":"<!-- This site is optimized with the Yoast SEO plugin v27.1.1 - https:\/\/yoast.com\/product\/yoast-seo-wordpress\/ -->\n<title>Quaderns d&#039;Estructures 69 | ACE<\/title>\n<meta name=\"description\" content=\"Revista n\u00ba 69 con art\u00edculos de actualidad que tratan sobre la construcci\u00f3n de estructuras y que publica la Asociaci\u00f3n de Consultores de Estructuras (ACE).\" \/>\n<meta name=\"robots\" content=\"index, follow, max-snippet:-1, max-image-preview:large, max-video-preview:-1\" \/>\n<link rel=\"canonical\" href=\"https:\/\/aceweb.cat\/es\/producto\/quaderns-destructures-69\/\" \/>\n<meta property=\"og:locale\" content=\"es_ES\" \/>\n<meta property=\"og:type\" content=\"article\" \/>\n<meta property=\"og:title\" content=\"Quaderns d&#039;Estructures 69 | ACE\" \/>\n<meta property=\"og:description\" content=\"Revista n\u00ba 69 con art\u00edculos de actualidad que tratan sobre la construcci\u00f3n de estructuras y que publica la Asociaci\u00f3n de Consultores de Estructuras (ACE).\" \/>\n<meta property=\"og:url\" content=\"https:\/\/aceweb.cat\/es\/producto\/quaderns-destructures-69\/\" \/>\n<meta property=\"og:site_name\" content=\"aceweb.cat\" \/>\n<meta property=\"article:modified_time\" content=\"2023-03-20T08:03:29+00:00\" \/>\n<meta property=\"og:image\" content=\"https:\/\/aceweb.cat\/wp-content\/uploads\/2023\/01\/ACE-Quaderns-Estructures-069.jpg\" \/>\n\t<meta property=\"og:image:width\" content=\"724\" \/>\n\t<meta property=\"og:image:height\" content=\"1024\" \/>\n\t<meta property=\"og:image:type\" content=\"image\/jpeg\" \/>\n<meta name=\"twitter:card\" content=\"summary_large_image\" \/>\n<meta name=\"twitter:label1\" content=\"Tiempo de lectura\" \/>\n\t<meta name=\"twitter:data1\" content=\"4 minutos\" \/>\n<script type=\"application\/ld+json\" class=\"yoast-schema-graph\">{\"@context\":\"https:\/\/schema.org\",\"@graph\":[{\"@type\":\"WebPage\",\"@id\":\"https:\/\/aceweb.cat\/es\/producto\/quaderns-destructures-69\/\",\"url\":\"https:\/\/aceweb.cat\/es\/producto\/quaderns-destructures-69\/\",\"name\":\"Quaderns d'Estructures 69 | ACE\",\"isPartOf\":{\"@id\":\"https:\/\/aceweb.cat\/#website\"},\"primaryImageOfPage\":{\"@id\":\"https:\/\/aceweb.cat\/es\/producto\/quaderns-destructures-69\/#primaryimage\"},\"image\":{\"@id\":\"https:\/\/aceweb.cat\/es\/producto\/quaderns-destructures-69\/#primaryimage\"},\"thumbnailUrl\":\"https:\/\/aceweb.cat\/wp-content\/uploads\/2023\/01\/ACE-Quaderns-Estructures-069.jpg\",\"datePublished\":\"2023-01-22T10:00:39+00:00\",\"dateModified\":\"2023-03-20T08:03:29+00:00\",\"description\":\"Revista n\u00ba 69 con art\u00edculos de actualidad que tratan sobre la construcci\u00f3n de estructuras y que publica la Asociaci\u00f3n de Consultores de Estructuras (ACE).\",\"breadcrumb\":{\"@id\":\"https:\/\/aceweb.cat\/es\/producto\/quaderns-destructures-69\/#breadcrumb\"},\"inLanguage\":\"es\",\"potentialAction\":[{\"@type\":\"ReadAction\",\"target\":[\"https:\/\/aceweb.cat\/es\/producto\/quaderns-destructures-69\/\"]}]},{\"@type\":\"ImageObject\",\"inLanguage\":\"es\",\"@id\":\"https:\/\/aceweb.cat\/es\/producto\/quaderns-destructures-69\/#primaryimage\",\"url\":\"https:\/\/aceweb.cat\/wp-content\/uploads\/2023\/01\/ACE-Quaderns-Estructures-069.jpg\",\"contentUrl\":\"https:\/\/aceweb.cat\/wp-content\/uploads\/2023\/01\/ACE-Quaderns-Estructures-069.jpg\",\"width\":724,\"height\":1024,\"caption\":\"ACE-Quaderns-Estructures-069\"},{\"@type\":\"BreadcrumbList\",\"@id\":\"https:\/\/aceweb.cat\/es\/producto\/quaderns-destructures-69\/#breadcrumb\",\"itemListElement\":[{\"@type\":\"ListItem\",\"position\":1,\"name\":\"Inici\",\"item\":\"https:\/\/aceweb.cat\/\"},{\"@type\":\"ListItem\",\"position\":2,\"name\":\"Tienda\",\"item\":\"https:\/\/aceweb.cat\/es\/tienda\/\"},{\"@type\":\"ListItem\",\"position\":3,\"name\":\"Quadern d\u2019Estructures\",\"item\":\"https:\/\/aceweb.cat\/es\/categoria-producto\/cuaderno-de-estructuras\/\"},{\"@type\":\"ListItem\",\"position\":4,\"name\":\"Quaderns d&#8217;Estructures 69\"}]},{\"@type\":\"WebSite\",\"@id\":\"https:\/\/aceweb.cat\/#website\",\"url\":\"https:\/\/aceweb.cat\/\",\"name\":\"ACE\",\"description\":\"Associaci\u00f3 de Consultors d&#039;Estructures | ACE\",\"publisher\":{\"@id\":\"https:\/\/aceweb.cat\/#organization\"},\"alternateName\":\"ACE\",\"potentialAction\":[{\"@type\":\"SearchAction\",\"target\":{\"@type\":\"EntryPoint\",\"urlTemplate\":\"https:\/\/aceweb.cat\/?s={search_term_string}\"},\"query-input\":{\"@type\":\"PropertyValueSpecification\",\"valueRequired\":true,\"valueName\":\"search_term_string\"}}],\"inLanguage\":\"es\"},{\"@type\":\"Organization\",\"@id\":\"https:\/\/aceweb.cat\/#organization\",\"name\":\"ACE\",\"alternateName\":\"ACE\",\"url\":\"https:\/\/aceweb.cat\/\",\"logo\":{\"@type\":\"ImageObject\",\"inLanguage\":\"es\",\"@id\":\"https:\/\/aceweb.cat\/#\/schema\/logo\/image\/\",\"url\":\"https:\/\/aceweb.cat\/wp-content\/uploads\/2022\/10\/logo.svg\",\"contentUrl\":\"https:\/\/aceweb.cat\/wp-content\/uploads\/2022\/10\/logo.svg\",\"width\":1,\"height\":1,\"caption\":\"ACE\"},\"image\":{\"@id\":\"https:\/\/aceweb.cat\/#\/schema\/logo\/image\/\"}}]}<\/script>\n<!-- \/ Yoast SEO plugin. -->","yoast_head_json":{"title":"Quaderns d'Estructures 69 | ACE","description":"Revista n\u00ba 69 con art\u00edculos de actualidad que tratan sobre la construcci\u00f3n de estructuras y que publica la Asociaci\u00f3n de Consultores de Estructuras (ACE).","robots":{"index":"index","follow":"follow","max-snippet":"max-snippet:-1","max-image-preview":"max-image-preview:large","max-video-preview":"max-video-preview:-1"},"canonical":"https:\/\/aceweb.cat\/es\/producto\/quaderns-destructures-69\/","og_locale":"es_ES","og_type":"article","og_title":"Quaderns d'Estructures 69 | ACE","og_description":"Revista n\u00ba 69 con art\u00edculos de actualidad que tratan sobre la construcci\u00f3n de estructuras y que publica la Asociaci\u00f3n de Consultores de Estructuras (ACE).","og_url":"https:\/\/aceweb.cat\/es\/producto\/quaderns-destructures-69\/","og_site_name":"aceweb.cat","article_modified_time":"2023-03-20T08:03:29+00:00","og_image":[{"width":724,"height":1024,"url":"https:\/\/aceweb.cat\/wp-content\/uploads\/2023\/01\/ACE-Quaderns-Estructures-069.jpg","type":"image\/jpeg"}],"twitter_card":"summary_large_image","twitter_misc":{"Tiempo de lectura":"4 minutos"},"schema":{"@context":"https:\/\/schema.org","@graph":[{"@type":"WebPage","@id":"https:\/\/aceweb.cat\/es\/producto\/quaderns-destructures-69\/","url":"https:\/\/aceweb.cat\/es\/producto\/quaderns-destructures-69\/","name":"Quaderns d'Estructures 69 | ACE","isPartOf":{"@id":"https:\/\/aceweb.cat\/#website"},"primaryImageOfPage":{"@id":"https:\/\/aceweb.cat\/es\/producto\/quaderns-destructures-69\/#primaryimage"},"image":{"@id":"https:\/\/aceweb.cat\/es\/producto\/quaderns-destructures-69\/#primaryimage"},"thumbnailUrl":"https:\/\/aceweb.cat\/wp-content\/uploads\/2023\/01\/ACE-Quaderns-Estructures-069.jpg","datePublished":"2023-01-22T10:00:39+00:00","dateModified":"2023-03-20T08:03:29+00:00","description":"Revista n\u00ba 69 con art\u00edculos de actualidad que tratan sobre la construcci\u00f3n de estructuras y que publica la Asociaci\u00f3n de Consultores de Estructuras (ACE).","breadcrumb":{"@id":"https:\/\/aceweb.cat\/es\/producto\/quaderns-destructures-69\/#breadcrumb"},"inLanguage":"es","potentialAction":[{"@type":"ReadAction","target":["https:\/\/aceweb.cat\/es\/producto\/quaderns-destructures-69\/"]}]},{"@type":"ImageObject","inLanguage":"es","@id":"https:\/\/aceweb.cat\/es\/producto\/quaderns-destructures-69\/#primaryimage","url":"https:\/\/aceweb.cat\/wp-content\/uploads\/2023\/01\/ACE-Quaderns-Estructures-069.jpg","contentUrl":"https:\/\/aceweb.cat\/wp-content\/uploads\/2023\/01\/ACE-Quaderns-Estructures-069.jpg","width":724,"height":1024,"caption":"ACE-Quaderns-Estructures-069"},{"@type":"BreadcrumbList","@id":"https:\/\/aceweb.cat\/es\/producto\/quaderns-destructures-69\/#breadcrumb","itemListElement":[{"@type":"ListItem","position":1,"name":"Inici","item":"https:\/\/aceweb.cat\/"},{"@type":"ListItem","position":2,"name":"Tienda","item":"https:\/\/aceweb.cat\/es\/tienda\/"},{"@type":"ListItem","position":3,"name":"Quadern d\u2019Estructures","item":"https:\/\/aceweb.cat\/es\/categoria-producto\/cuaderno-de-estructuras\/"},{"@type":"ListItem","position":4,"name":"Quaderns d&#8217;Estructures 69"}]},{"@type":"WebSite","@id":"https:\/\/aceweb.cat\/#website","url":"https:\/\/aceweb.cat\/","name":"ACE","description":"Associaci\u00f3 de Consultors d&#039;Estructures | ACE","publisher":{"@id":"https:\/\/aceweb.cat\/#organization"},"alternateName":"ACE","potentialAction":[{"@type":"SearchAction","target":{"@type":"EntryPoint","urlTemplate":"https:\/\/aceweb.cat\/?s={search_term_string}"},"query-input":{"@type":"PropertyValueSpecification","valueRequired":true,"valueName":"search_term_string"}}],"inLanguage":"es"},{"@type":"Organization","@id":"https:\/\/aceweb.cat\/#organization","name":"ACE","alternateName":"ACE","url":"https:\/\/aceweb.cat\/","logo":{"@type":"ImageObject","inLanguage":"es","@id":"https:\/\/aceweb.cat\/#\/schema\/logo\/image\/","url":"https:\/\/aceweb.cat\/wp-content\/uploads\/2022\/10\/logo.svg","contentUrl":"https:\/\/aceweb.cat\/wp-content\/uploads\/2022\/10\/logo.svg","width":1,"height":1,"caption":"ACE"},"image":{"@id":"https:\/\/aceweb.cat\/#\/schema\/logo\/image\/"}}]}},"_links":{"self":[{"href":"https:\/\/aceweb.cat\/es\/wp-json\/wp\/v2\/product\/39913","targetHints":{"allow":["GET"]}}],"collection":[{"href":"https:\/\/aceweb.cat\/es\/wp-json\/wp\/v2\/product"}],"about":[{"href":"https:\/\/aceweb.cat\/es\/wp-json\/wp\/v2\/types\/product"}],"version-history":[{"count":1,"href":"https:\/\/aceweb.cat\/es\/wp-json\/wp\/v2\/product\/39913\/revisions"}],"predecessor-version":[{"id":40573,"href":"https:\/\/aceweb.cat\/es\/wp-json\/wp\/v2\/product\/39913\/revisions\/40573"}],"wp:featuredmedia":[{"embeddable":true,"href":"https:\/\/aceweb.cat\/es\/wp-json\/wp\/v2\/media\/36519"}],"wp:attachment":[{"href":"https:\/\/aceweb.cat\/es\/wp-json\/wp\/v2\/media?parent=39913"}],"wp:term":[{"taxonomy":"product_brand","embeddable":true,"href":"https:\/\/aceweb.cat\/es\/wp-json\/wp\/v2\/product_brand?post=39913"},{"taxonomy":"product_cat","embeddable":true,"href":"https:\/\/aceweb.cat\/es\/wp-json\/wp\/v2\/product_cat?post=39913"},{"taxonomy":"product_tag","embeddable":true,"href":"https:\/\/aceweb.cat\/es\/wp-json\/wp\/v2\/product_tag?post=39913"}],"curies":[{"name":"wp","href":"https:\/\/api.w.org\/{rel}","templated":true}]}}