{"id":39916,"date":"2023-01-23T10:00:34","date_gmt":"2023-01-23T10:00:34","guid":{"rendered":"https:\/\/www.aceweb.advertis.es\/producto\/quaderns-destructures-70\/"},"modified":"2023-03-20T07:44:06","modified_gmt":"2023-03-20T07:44:06","slug":"quaderns-destructures-70","status":"publish","type":"product","link":"https:\/\/aceweb.cat\/es\/producto\/quaderns-destructures-70\/","title":{"rendered":"Quaderns d&#8217;Estructures 70"},"content":{"rendered":"<p>Este n\u00famero incluye:<\/p>\n<h2><strong>1. Editorial<\/strong><\/h2>\n<p>Art\u00edculo redactado por <b>Oriol Palou Juli\u00e1n<\/b>. Descarga la revista para conocer lo que llamamos como observatorio profesional que es el ACE:<\/p>\n<p><em>\u00abEntre las m\u00faltiples funciones que hace una entidad como la ACE, las hay que podemos considerar impl\u00edcitas dentro de otras muchas: son aquellas consistentes en conocer el estado de la profesi\u00f3n, del conjunto de personas y empresas de nuestro entorno, del pasado que nos ha llevado hasta el presente y del futuro que imaginamos y por el que luchamos desde el presente. Estas funciones son las que incluye lo que podemos llamar observatorio profesional.<\/em><em>\u00ab<\/em><\/p>\n<h2><strong>2. Estructuras Voladas. \u00bfSostenibilidad?<\/strong><\/h2>\n<p>Art\u00edculo redactado por <b>Enric Xercavins y Valls<\/b> y <b>Josep Xercavins y Batll\u00f3<\/b>. Descarga la revista para conocer, mediante ejemplos, si las estructuras voladas pueden ser un modelo sostenible o no:<\/p>\n<p><em>\u00abSiguiendo su idea de pasear por nuestro entorno m\u00e1s cercano, se confirma la teor\u00eda de una arquitectura imponente, que condiciona estructuras de gran impacto medioambiental y social, complicadas estructuralmente y en consecuencia anti-econ\u00f3micas. \u00c9l nos hablaba de costes superiores al 30%.<\/em><\/p>\n<p><em>Una estructura que seguimos cuando se constru\u00eda y que observamos cuando pasamos por delante, es la Puerta de Hospitalet, que para entrar en el patio interior desde la Ctra. de Collblanc, apeaba 16 pilares de las viviendas en s\u00f3lo cuatro soportes en planta baja. Para arrancar los nuevos pilares, el detalle constructivo se complicaba en unas potentes cartelas met\u00e1licas que forman una diagonal bajo el edificio de seis plantas\u00bb<\/em><\/p>\n<h2><strong>3. Paredes de tapia. Evaluaci\u00f3n Cuantitativa<\/strong><\/h2>\n<p>Art\u00edculo redactado por <b>Josep Baquer Sistach<\/b>. Descarga la revista para conocer dentro del campo de la rehabilitaci\u00f3n, las evaluaciones cuantitativas:<\/p>\n<p><em>\u00abEn el campo de la rehabilitaci\u00f3n, nos encontramos a menudo con edificios centenarios construidos con paredes de tapia, con forjados convencionales, normalmente de vigas de madera y bovedillas cer\u00e1micas o bien con b\u00f3vedas cer\u00e1micas.<\/em>&lt;\/ p&gt;<\/p>\n<p><em>A pesar de que llevan edificados tantos a\u00f1os, el t\u00e9cnico siempre se les mira con cierta sospecha porque no dispone ni de normativa ni de criterio fiable de cara a realizar una evaluaci\u00f3n cuantitativa que le permita tener una seguridad suficiente en la hora de proyectar la reforma o la rehabilitaci\u00f3n.\u00bb<\/em><\/p>\n<p>&nbsp;<\/p>\n<h2><strong>4. Visi\u00f3n cr\u00edtica de la implantaci\u00f3n del BIM en estructuras de hormig\u00f3n armado<\/strong><\/h2>\n<p>Art\u00edculo redactado por <b>Javier Pereiro Barcel\u00f3<\/b>. Descarga la revista para conocer la tendencia del BIM para el dise\u00f1o de edificaciones y obra p\u00fablica:<\/p>\n<p><em>\u00abBuilding Information Modeling (BIM) es una tendencia y pronto un imperativo legal para el dise\u00f1o de edificaciones y de obra p\u00fablica. Por esta raz\u00f3n, resulta imprescindible sentar unas bases s\u00f3lidas para la modelizaci\u00f3n de estructuras de hormig\u00f3n siguiendo la metodolog\u00eda BIM, que tengan como objetivos:<\/em><\/p>\n<p><em>(1) resolver todos los casos contemplados por las normativas, (2) utilizar procesos de intercambio de informaci\u00f3n estables que no dependan del dise\u00f1o del software utilizado, (3) minimizar la introducci\u00f3n manual de datos y (4) obtener resultados acordes en el nuevo marco tecnol\u00f3gico. En este art\u00edculo se presenta la forma de integrar en la metodolog\u00eda BIM el c\u00e1lculo y dise\u00f1o de estructuras de hormig\u00f3n armado.\u00bb<\/em><\/p>\n<h2><strong>5. Miscel\u00e1nea<\/strong><\/h2>\n<p>Una selecci\u00f3n de art\u00edculos de inter\u00e9s por parte de los socios protectores donde se ofrecen informaci\u00f3n de valor para los especialistas de c\u00e1lculo de estructuras.<\/p>\n<h2><strong>6. Lista de miembros de la asociaci\u00f3n<\/strong><\/h2>\n<p>Conoce a los miembros de la Asociaci\u00f3n Consultores de Estructuras. Podr\u00e1s ver a los nuevos integrantes que participan por el reconocimiento de la profesi\u00f3n dentro del mundo de la construcci\u00f3n.<\/p>\n","protected":false},"excerpt":{"rendered":"<ul>\n<li>1. Editorial<\/li>\n<li>2. Estructuras Voladas. \u00bfSostenibilidad?<\/li>\n<li>3. Paredes de tapia. Evaluaci\u00f3n Cuantitativa<\/li>\n<li>4. Visi\u00f3n cr\u00edtica de la implantaci\u00f3n del BIM en estructuras de hormig\u00f3n armado<\/li>\n<li>5. Miscel\u00e1nea<\/li>\n<li>6. Lista de miembros de la asociaci\u00f3n<\/li>\n<\/ul>\n","protected":false},"featured_media":36512,"template":"","meta":{"_acf_changed":false,"site-sidebar-layout":"default","site-content-layout":"default","ast-global-header-display":"","ast-main-header-display":"","ast-hfb-above-header-display":"","ast-hfb-below-header-display":"","ast-hfb-mobile-header-display":"","site-post-title":"","ast-breadcrumbs-content":"","ast-featured-img":"","footer-sml-layout":"","theme-transparent-header-meta":"default","adv-header-id-meta":"","stick-header-meta":"","header-above-stick-meta":"","header-main-stick-meta":"","header-below-stick-meta":""},"product_brand":[],"product_cat":[595],"product_tag":[],"class_list":{"0":"post-39916","1":"product","2":"type-product","3":"status-publish","4":"has-post-thumbnail","6":"product_cat-cuaderno-de-estructuras","7":"desktop-align-left","8":"tablet-align-left","9":"mobile-align-left","11":"first","12":"instock","13":"taxable","14":"shipping-taxable","15":"purchasable","16":"product-type-variable","17":"has-default-attributes"},"acf":[],"yoast_head":"<!-- This site is optimized with the Yoast SEO plugin v27.1.1 - https:\/\/yoast.com\/product\/yoast-seo-wordpress\/ -->\n<title>Quaderns d&#039;Estructures 70 | ACE<\/title>\n<meta name=\"description\" content=\"Revista n\u00ba 70 con art\u00edculos de actualidad que tratan sobre la construcci\u00f3n de estructuras y que publica la Asociaci\u00f3n de Consultores de Estructuras (ACE).\" \/>\n<meta name=\"robots\" content=\"index, follow, max-snippet:-1, max-image-preview:large, max-video-preview:-1\" \/>\n<link rel=\"canonical\" href=\"https:\/\/aceweb.cat\/es\/producto\/quaderns-destructures-70\/\" \/>\n<meta property=\"og:locale\" content=\"es_ES\" \/>\n<meta property=\"og:type\" content=\"article\" \/>\n<meta property=\"og:title\" content=\"Quaderns d&#039;Estructures 70 | ACE\" \/>\n<meta property=\"og:description\" content=\"Revista n\u00ba 70 con art\u00edculos de actualidad que tratan sobre la construcci\u00f3n de estructuras y que publica la Asociaci\u00f3n de Consultores de Estructuras (ACE).\" \/>\n<meta property=\"og:url\" content=\"https:\/\/aceweb.cat\/es\/producto\/quaderns-destructures-70\/\" \/>\n<meta property=\"og:site_name\" content=\"aceweb.cat\" \/>\n<meta property=\"article:modified_time\" content=\"2023-03-20T07:44:06+00:00\" \/>\n<meta property=\"og:image\" content=\"https:\/\/aceweb.cat\/wp-content\/uploads\/2023\/01\/ACE-Quaderns-Estructures-070.jpg\" \/>\n\t<meta property=\"og:image:width\" content=\"724\" \/>\n\t<meta property=\"og:image:height\" content=\"1024\" \/>\n\t<meta property=\"og:image:type\" content=\"image\/jpeg\" \/>\n<meta name=\"twitter:card\" content=\"summary_large_image\" \/>\n<meta name=\"twitter:label1\" content=\"Tiempo de lectura\" \/>\n\t<meta name=\"twitter:data1\" content=\"4 minutos\" \/>\n<script type=\"application\/ld+json\" class=\"yoast-schema-graph\">{\"@context\":\"https:\/\/schema.org\",\"@graph\":[{\"@type\":\"WebPage\",\"@id\":\"https:\/\/aceweb.cat\/es\/producto\/quaderns-destructures-70\/\",\"url\":\"https:\/\/aceweb.cat\/es\/producto\/quaderns-destructures-70\/\",\"name\":\"Quaderns d'Estructures 70 | ACE\",\"isPartOf\":{\"@id\":\"https:\/\/aceweb.cat\/#website\"},\"primaryImageOfPage\":{\"@id\":\"https:\/\/aceweb.cat\/es\/producto\/quaderns-destructures-70\/#primaryimage\"},\"image\":{\"@id\":\"https:\/\/aceweb.cat\/es\/producto\/quaderns-destructures-70\/#primaryimage\"},\"thumbnailUrl\":\"https:\/\/aceweb.cat\/wp-content\/uploads\/2023\/01\/ACE-Quaderns-Estructures-070.jpg\",\"datePublished\":\"2023-01-23T10:00:34+00:00\",\"dateModified\":\"2023-03-20T07:44:06+00:00\",\"description\":\"Revista n\u00ba 70 con art\u00edculos de actualidad que tratan sobre la construcci\u00f3n de estructuras y que publica la Asociaci\u00f3n de Consultores de Estructuras (ACE).\",\"breadcrumb\":{\"@id\":\"https:\/\/aceweb.cat\/es\/producto\/quaderns-destructures-70\/#breadcrumb\"},\"inLanguage\":\"es\",\"potentialAction\":[{\"@type\":\"ReadAction\",\"target\":[\"https:\/\/aceweb.cat\/es\/producto\/quaderns-destructures-70\/\"]}]},{\"@type\":\"ImageObject\",\"inLanguage\":\"es\",\"@id\":\"https:\/\/aceweb.cat\/es\/producto\/quaderns-destructures-70\/#primaryimage\",\"url\":\"https:\/\/aceweb.cat\/wp-content\/uploads\/2023\/01\/ACE-Quaderns-Estructures-070.jpg\",\"contentUrl\":\"https:\/\/aceweb.cat\/wp-content\/uploads\/2023\/01\/ACE-Quaderns-Estructures-070.jpg\",\"width\":724,\"height\":1024,\"caption\":\"ACE-Quaderns-Estructures-070\"},{\"@type\":\"BreadcrumbList\",\"@id\":\"https:\/\/aceweb.cat\/es\/producto\/quaderns-destructures-70\/#breadcrumb\",\"itemListElement\":[{\"@type\":\"ListItem\",\"position\":1,\"name\":\"Inici\",\"item\":\"https:\/\/aceweb.cat\/\"},{\"@type\":\"ListItem\",\"position\":2,\"name\":\"Tienda\",\"item\":\"https:\/\/aceweb.cat\/es\/tienda\/\"},{\"@type\":\"ListItem\",\"position\":3,\"name\":\"Quadern d\u2019Estructures\",\"item\":\"https:\/\/aceweb.cat\/es\/categoria-producto\/cuaderno-de-estructuras\/\"},{\"@type\":\"ListItem\",\"position\":4,\"name\":\"Quaderns d&#8217;Estructures 70\"}]},{\"@type\":\"WebSite\",\"@id\":\"https:\/\/aceweb.cat\/#website\",\"url\":\"https:\/\/aceweb.cat\/\",\"name\":\"ACE\",\"description\":\"Associaci\u00f3 de Consultors d&#039;Estructures | ACE\",\"publisher\":{\"@id\":\"https:\/\/aceweb.cat\/#organization\"},\"alternateName\":\"ACE\",\"potentialAction\":[{\"@type\":\"SearchAction\",\"target\":{\"@type\":\"EntryPoint\",\"urlTemplate\":\"https:\/\/aceweb.cat\/?s={search_term_string}\"},\"query-input\":{\"@type\":\"PropertyValueSpecification\",\"valueRequired\":true,\"valueName\":\"search_term_string\"}}],\"inLanguage\":\"es\"},{\"@type\":\"Organization\",\"@id\":\"https:\/\/aceweb.cat\/#organization\",\"name\":\"ACE\",\"alternateName\":\"ACE\",\"url\":\"https:\/\/aceweb.cat\/\",\"logo\":{\"@type\":\"ImageObject\",\"inLanguage\":\"es\",\"@id\":\"https:\/\/aceweb.cat\/#\/schema\/logo\/image\/\",\"url\":\"https:\/\/aceweb.cat\/wp-content\/uploads\/2022\/10\/logo.svg\",\"contentUrl\":\"https:\/\/aceweb.cat\/wp-content\/uploads\/2022\/10\/logo.svg\",\"width\":1,\"height\":1,\"caption\":\"ACE\"},\"image\":{\"@id\":\"https:\/\/aceweb.cat\/#\/schema\/logo\/image\/\"}}]}<\/script>\n<!-- \/ Yoast SEO plugin. -->","yoast_head_json":{"title":"Quaderns d'Estructures 70 | ACE","description":"Revista n\u00ba 70 con art\u00edculos de actualidad que tratan sobre la construcci\u00f3n de estructuras y que publica la Asociaci\u00f3n de Consultores de Estructuras (ACE).","robots":{"index":"index","follow":"follow","max-snippet":"max-snippet:-1","max-image-preview":"max-image-preview:large","max-video-preview":"max-video-preview:-1"},"canonical":"https:\/\/aceweb.cat\/es\/producto\/quaderns-destructures-70\/","og_locale":"es_ES","og_type":"article","og_title":"Quaderns d'Estructures 70 | ACE","og_description":"Revista n\u00ba 70 con art\u00edculos de actualidad que tratan sobre la construcci\u00f3n de estructuras y que publica la Asociaci\u00f3n de Consultores de Estructuras (ACE).","og_url":"https:\/\/aceweb.cat\/es\/producto\/quaderns-destructures-70\/","og_site_name":"aceweb.cat","article_modified_time":"2023-03-20T07:44:06+00:00","og_image":[{"width":724,"height":1024,"url":"https:\/\/aceweb.cat\/wp-content\/uploads\/2023\/01\/ACE-Quaderns-Estructures-070.jpg","type":"image\/jpeg"}],"twitter_card":"summary_large_image","twitter_misc":{"Tiempo de lectura":"4 minutos"},"schema":{"@context":"https:\/\/schema.org","@graph":[{"@type":"WebPage","@id":"https:\/\/aceweb.cat\/es\/producto\/quaderns-destructures-70\/","url":"https:\/\/aceweb.cat\/es\/producto\/quaderns-destructures-70\/","name":"Quaderns d'Estructures 70 | ACE","isPartOf":{"@id":"https:\/\/aceweb.cat\/#website"},"primaryImageOfPage":{"@id":"https:\/\/aceweb.cat\/es\/producto\/quaderns-destructures-70\/#primaryimage"},"image":{"@id":"https:\/\/aceweb.cat\/es\/producto\/quaderns-destructures-70\/#primaryimage"},"thumbnailUrl":"https:\/\/aceweb.cat\/wp-content\/uploads\/2023\/01\/ACE-Quaderns-Estructures-070.jpg","datePublished":"2023-01-23T10:00:34+00:00","dateModified":"2023-03-20T07:44:06+00:00","description":"Revista n\u00ba 70 con art\u00edculos de actualidad que tratan sobre la construcci\u00f3n de estructuras y que publica la Asociaci\u00f3n de Consultores de Estructuras (ACE).","breadcrumb":{"@id":"https:\/\/aceweb.cat\/es\/producto\/quaderns-destructures-70\/#breadcrumb"},"inLanguage":"es","potentialAction":[{"@type":"ReadAction","target":["https:\/\/aceweb.cat\/es\/producto\/quaderns-destructures-70\/"]}]},{"@type":"ImageObject","inLanguage":"es","@id":"https:\/\/aceweb.cat\/es\/producto\/quaderns-destructures-70\/#primaryimage","url":"https:\/\/aceweb.cat\/wp-content\/uploads\/2023\/01\/ACE-Quaderns-Estructures-070.jpg","contentUrl":"https:\/\/aceweb.cat\/wp-content\/uploads\/2023\/01\/ACE-Quaderns-Estructures-070.jpg","width":724,"height":1024,"caption":"ACE-Quaderns-Estructures-070"},{"@type":"BreadcrumbList","@id":"https:\/\/aceweb.cat\/es\/producto\/quaderns-destructures-70\/#breadcrumb","itemListElement":[{"@type":"ListItem","position":1,"name":"Inici","item":"https:\/\/aceweb.cat\/"},{"@type":"ListItem","position":2,"name":"Tienda","item":"https:\/\/aceweb.cat\/es\/tienda\/"},{"@type":"ListItem","position":3,"name":"Quadern d\u2019Estructures","item":"https:\/\/aceweb.cat\/es\/categoria-producto\/cuaderno-de-estructuras\/"},{"@type":"ListItem","position":4,"name":"Quaderns d&#8217;Estructures 70"}]},{"@type":"WebSite","@id":"https:\/\/aceweb.cat\/#website","url":"https:\/\/aceweb.cat\/","name":"ACE","description":"Associaci\u00f3 de Consultors d&#039;Estructures | ACE","publisher":{"@id":"https:\/\/aceweb.cat\/#organization"},"alternateName":"ACE","potentialAction":[{"@type":"SearchAction","target":{"@type":"EntryPoint","urlTemplate":"https:\/\/aceweb.cat\/?s={search_term_string}"},"query-input":{"@type":"PropertyValueSpecification","valueRequired":true,"valueName":"search_term_string"}}],"inLanguage":"es"},{"@type":"Organization","@id":"https:\/\/aceweb.cat\/#organization","name":"ACE","alternateName":"ACE","url":"https:\/\/aceweb.cat\/","logo":{"@type":"ImageObject","inLanguage":"es","@id":"https:\/\/aceweb.cat\/#\/schema\/logo\/image\/","url":"https:\/\/aceweb.cat\/wp-content\/uploads\/2022\/10\/logo.svg","contentUrl":"https:\/\/aceweb.cat\/wp-content\/uploads\/2022\/10\/logo.svg","width":1,"height":1,"caption":"ACE"},"image":{"@id":"https:\/\/aceweb.cat\/#\/schema\/logo\/image\/"}}]}},"_links":{"self":[{"href":"https:\/\/aceweb.cat\/es\/wp-json\/wp\/v2\/product\/39916","targetHints":{"allow":["GET"]}}],"collection":[{"href":"https:\/\/aceweb.cat\/es\/wp-json\/wp\/v2\/product"}],"about":[{"href":"https:\/\/aceweb.cat\/es\/wp-json\/wp\/v2\/types\/product"}],"version-history":[{"count":3,"href":"https:\/\/aceweb.cat\/es\/wp-json\/wp\/v2\/product\/39916\/revisions"}],"predecessor-version":[{"id":40549,"href":"https:\/\/aceweb.cat\/es\/wp-json\/wp\/v2\/product\/39916\/revisions\/40549"}],"wp:featuredmedia":[{"embeddable":true,"href":"https:\/\/aceweb.cat\/es\/wp-json\/wp\/v2\/media\/36512"}],"wp:attachment":[{"href":"https:\/\/aceweb.cat\/es\/wp-json\/wp\/v2\/media?parent=39916"}],"wp:term":[{"taxonomy":"product_brand","embeddable":true,"href":"https:\/\/aceweb.cat\/es\/wp-json\/wp\/v2\/product_brand?post=39916"},{"taxonomy":"product_cat","embeddable":true,"href":"https:\/\/aceweb.cat\/es\/wp-json\/wp\/v2\/product_cat?post=39916"},{"taxonomy":"product_tag","embeddable":true,"href":"https:\/\/aceweb.cat\/es\/wp-json\/wp\/v2\/product_tag?post=39916"}],"curies":[{"name":"wp","href":"https:\/\/api.w.org\/{rel}","templated":true}]}}