{"id":39919,"date":"2023-01-24T10:00:33","date_gmt":"2023-01-24T10:00:33","guid":{"rendered":"https:\/\/www.aceweb.advertis.es\/producto\/quaderns-destructures-71\/"},"modified":"2023-03-20T07:16:15","modified_gmt":"2023-03-20T07:16:15","slug":"quaderns-destructures-71","status":"publish","type":"product","link":"https:\/\/aceweb.cat\/es\/producto\/quaderns-destructures-71\/","title":{"rendered":"Quaderns d&#8217;Estructures 71"},"content":{"rendered":"<p>Este n\u00famero incluye:<\/p>\n<h2><strong>1. Editorial<\/strong><\/h2>\n<p>Art\u00edculo redactado por <b>Mart\u00ed Cabestany<\/b>. Descarga la revista para conocer la funci\u00f3n de TRAIN4SUSTAIN, de c\u00f3mo ayudar\u00e1 y dar\u00e1 mayor relevancia a los consultores de estructuras y qu\u00e9 responsabilidad tiene para establecer el Est\u00e1ndar de Calidad de Competencia (CQS):<\/p>\n<p><em>\u00abA principios de a\u00f1o, la Generalitat nos invit\u00f3 a participar como consultores del proyecto TRAIN4SUSTAIN (https:\/\/train4sustain.eu), formado por grupos de trabajo en Hungr\u00eda, Alemania, Francia, Italia y Espa\u00f1a para trabajar la sostenibilidad en el sector de la construcci\u00f3n El primer hito del proyecto ha sido establecer la l\u00ednea de base para el Est\u00e1ndar de Calidad de Competencia (CQS).<\/em><\/p>\n<p><em>\u00abEl sector de la construcci\u00f3n europeo se enfrenta a retos sin precedentes para conseguir ambiciosos objetivos de eficiencia energ\u00e9tica que s\u00f3lo se pueden cumplir si se lanzan iniciativas de formaci\u00f3n e instrumentos de pol\u00edtica de apoyo, actuando como trampol\u00edn para estimular la demanda de habilidades de eficiencia energ\u00e9tica.\u00bb<\/em><em>\u00ab<\/em><\/p>\n<h2><strong>2. Recordando al Maestro<\/strong><\/h2>\n<p>Art\u00edculo redactado por <b>Robert Brufau Niub\u00f3<\/b>. Descarga la revista para conocer c\u00f3mo se ha notado la evoluci\u00f3n de la formaci\u00f3n, de los planteamientos, aprendizaje y ense\u00f1anza del c\u00e1lculo de estructuras en las universidades.<\/p>\n<p><em>\u00abCuando estaba cursando la segunda mitad de mis estudios de Arquitectura pude vivir una evoluci\u00f3n de la manera de recibir la ense\u00f1anza que condicion\u00f3 mi futuro. Desde el principio, me hab\u00eda dado cuenta de que que realmente me gustaba eran las estructuras y pronto lo tuve claro: deb\u00eda ser mi especializaci\u00f3n, porque me fascinaba la forma en que se pod\u00edan levantar los m\u00e1s osados edificios que se constru\u00edan por todas partes.<\/em><\/p>\n<p><em>Durante los primeros cursos de estructuras, yo hab\u00eda tenido profesores muy correctos, pero tambi\u00e9n muy convencionales y excesivamente acad\u00e9micos, que no daban las clases demasiado atractivas. Lo cargaban todo con muchas f\u00f3rmulas y metodolog\u00edas, pero de una forma bastante aburrida y con poca componente de arquitectura&#8230; y todos quer\u00edamos ser arquitectos, por encima de todo, al margen de la especializaci\u00f3n que eligi\u00e9ramos.<\/em> <em>\u00ab<\/em><\/p>\n<h2><strong>3. <\/strong><strong>C\u00f3mo puede afectar un asentamiento de un pilar en la estructura de un edificio<\/strong><\/h2>\n<p>Art\u00edculo redactado por <strong>Jordi Maristany y Carreras<\/strong>. Descarga la revista para conocer un caso paradigm\u00e1tico, y muy poco valorado: la relaci\u00f3n que tiene una estructura reticular de vigas y pilares con el terreno en el que se asienta.<\/p>\n<p><em>\u00abEn el mundo cada vez m\u00e1s trepidante, inseguro, superficial y ef\u00edmero que vivimos hoy en d\u00eda, cada vez es m\u00e1s \u00abhabitual\u00bb entender el c\u00e1lculo de las estructuras como un trabajo m\u00e1s que consiste literalmente en introducir unos datos por ordenador por un lado y sacar unos resultados por el otro intentando dedicar el menor tiempo posible a \u00abpensar c\u00f3mo trabaja nuestra estructura\u00bb, que es lo m\u00e1s complicado, pesado y lento \u00abpara que compense econ\u00f3micamente\u00bb.<\/em>&lt;\/ p&gt;<\/p>\n<p><em>Es lo que se ha popularizado con el nombre de cypeades en honor de uno de los programas que m\u00e1s se utiliza actualmente. La realidad suele ser mucho m\u00e1s compleja y, aunque esta forma de trabajar no proporcione unos resultados cuidadosos, normalmente nos permite \u00abgarantizar\u00bb que nuestra estructura aguante las cargas exteriores especulando con los generosos coeficientes de seguridad que la normativa de obligado cumplimiento introduce en el c\u00e1lculo.<\/em><em>\u00ab<\/em><\/p>\n<h2><strong>4. Best Woman Structural Engineer<\/strong><\/h2>\n<p>Art\u00edculo redactado por <strong>Marta Farr\u00fas<\/strong>. Descarga la revista para conocer las reflexiones de la premiada, donde nos explica c\u00f3mo considera este premio como un reconocimiento a todos estos 25 a\u00f1os de lucha, y que espera que sirva de inspiraci\u00f3n para que las j\u00f3venes arquitectas se dediquen a la consultor\u00eda estructural .<\/p>\n<p><em>\u00abPara ser sincera, no soy el tipo de persona que postula por una distinci\u00f3n individual. Siempre he abordado mi pr\u00e1ctica profesional como un trabajo en equipo, como la suma de esfuerzos individuales.\u00a0<\/em>&lt; em&gt;Sin embargo, esta vez, animada por la gerente de mi oficina y compa\u00f1eras de trabajo, finalmente decid\u00ed participar en los premios y fue una gran sorpresa descubrir que hab\u00eda sido preseleccionada.<\/p>\n<p><em>Participar en los premios WICE me ha brindado la oportunidad de detenerme a reflexionar sobre lo que he conseguido durante mi carrera, lo que es casi imposible dado el ritmo acelerado de la vida moderna. <\/em><em>Para m\u00ed, la parte m\u00e1s importante de mi pr\u00e1ctica profesional de todos estos a\u00f1os, en los que he dirigido m\u00e1s de 400 proyectos, aparte de los retos t\u00e9cnicos, que han sido muchos, ha sido participar en la creaci\u00f3n de una forma de trabajar muy diferente a la que encontr\u00e9 al inicio: defendiendo una ambici\u00f3n colectiva sobre la individual, una organizaci\u00f3n transversal opuesta a una piramidal, la conciliaci\u00f3n laboral y familiar, la flexibilizaci\u00f3n horaria&#8230;<\/em><em>\u00ab<\/em><\/p>\n<h2><strong>5. Pruebas de carga en estructura del lucernario de la cubierta del Paraninfo<\/strong><\/h2>\n<p>Art\u00edculo redactado por <strong>Jorge Blasco Miguel<\/strong> y <strong>Oriol Palou Juli\u00e1n<\/strong>. Descarga la revista para conocer las actuaciones de adecuaci\u00f3n del espacio del Paraninfo del recinto de la Escola Industrial de Barcelona.<\/p>\n<p><em>\u00abEl objetivo de este art\u00edculo es ilustrar, a partir de un caso realizado, la utilidad y las posibilidades, as\u00ed como las dificultades y limitaciones, del uso de pruebas de carga en validaci\u00f3n de elementos estructurales existentes: Un m\u00e9todo poco usual, en parte debido al desconocimiento de estos aspectos.<\/em><\/p>\n<p><em>En el marco de las actuaciones de adecuaci\u00f3n del espacio del Paraninfo del recinto de la Escuela Industrial de Barcelona, se plantearon cuestiones relacionadas con la capacidad de la estructura existente que cubre el espacio circular para nuevas cargas de instalaciones que se suspender\u00e1n de la misma.<\/em><\/p>\n<p><em>En la primavera de 2019, la empresa constructora solicit\u00f3 a Sustenta el dise\u00f1o y seguimiento de pruebas de carga para evaluar la aptitud de servicio de la estructura de cubierta met\u00e1lica, as\u00ed como de las pletinas de soporte de sistema de suspensi\u00f3n de truss.\u00bb<\/em><\/p>\n<p>&nbsp;<\/p>\n<h2><strong>6. Refuerzo estructural de elementos de f\u00e1brica de ladrillo<\/strong><\/h2>\n<p>Art\u00edculo redactado por <strong>Juan Ignacio Eskubi Ugarte<\/strong>. Descarga la revista para conocer se procede al dise\u00f1o y construcci\u00f3n de una escalera y un ascensor que comuniquen la totalidad de las plantas, desde el s\u00f3tano hasta la cubierta de la Casa Batll\u00f3.<\/p>\n<p><em>\u00abCasa Batll\u00f3 es un edificio situado en el Paseo de Gracia n\u00famero 43 de Barcelona, construido entre 1875 y 1877 por encargo del Sr. Llu\u00eds Sala S\u00e1nchez al arquitecto Emili Sala Cort\u00e9s. En 1904 fue adquirido por el matrimonio Batll\u00f3-God\u00f3, quien promovi\u00f3 su reforma integral, llevada a cabo por el arquitecto Antoni Gaud\u00ed, en ambos casos, el edificio se dise\u00f1\u00f3 para albergar viviendas.<\/em><\/p>\n<p><em>A partir de 1940 y hasta la actualidad, el edificio ha sido objeto de intervenciones y reformas en las que el edificio ha ido transformando progresivamente su uso inicialmente residencial por un uso de car\u00e1cter cada vez m\u00e1s p\u00fablico (administrativo, comercial y muse\u00edstico). Tambi\u00e9n ha sido objeto de diversas restauraciones y refuerzos o consolidaciones estructurales para adaptarlo a requerimientos normativos y nuevos usos.\u00bb<\/em><\/p>\n<h2><strong>7. Miscel\u00e1nea<\/strong><\/h2>\n<p>Damos la bienvenida a los socios numerarios profesionales.<\/p>\n<h2><strong>8. Lista de miembros de la asociaci\u00f3n<\/strong><\/h2>\n<p>Conoce a los miembros de la Asociaci\u00f3n Consultores de Estructuras. Podr\u00e1s ver a los nuevos integrantes que participan por el reconocimiento de la profesi\u00f3n dentro del mundo de la construcci\u00f3n.<\/p>\n","protected":false},"excerpt":{"rendered":"<ul>\n<li>1. Editorial<\/li>\n<li>2. Recordando al Maestro<\/li>\n<li>3. C\u00f3mo puede afectar un asentamiento de un pilar en la estructura de un edificio<\/li>\n<li>4. Best Woman Structural Engineer<\/li>\n<li>5. Pruebas de carga en estructura del lucernario de la cubierta del Paraninfo<\/li>\n<li>6. Refuerzo estructural de elementos de f\u00e1brica de ladrillo<\/li>\n<li>7. Miscel\u00e1nea<\/li>\n<li>8. Lista de miembros de la asociaci\u00f3n<\/li>\n<\/ul>\n","protected":false},"featured_media":36496,"template":"","meta":{"_acf_changed":false,"site-sidebar-layout":"default","site-content-layout":"default","ast-global-header-display":"","ast-main-header-display":"","ast-hfb-above-header-display":"","ast-hfb-below-header-display":"","ast-hfb-mobile-header-display":"","site-post-title":"","ast-breadcrumbs-content":"","ast-featured-img":"","footer-sml-layout":"","theme-transparent-header-meta":"default","adv-header-id-meta":"","stick-header-meta":"","header-above-stick-meta":"","header-main-stick-meta":"","header-below-stick-meta":""},"product_brand":[],"product_cat":[595],"product_tag":[],"class_list":{"0":"post-39919","1":"product","2":"type-product","3":"status-publish","4":"has-post-thumbnail","6":"product_cat-cuaderno-de-estructuras","7":"desktop-align-left","8":"tablet-align-left","9":"mobile-align-left","11":"first","12":"instock","13":"taxable","14":"shipping-taxable","15":"purchasable","16":"product-type-variable"},"acf":[],"yoast_head":"<!-- This site is optimized with the Yoast SEO plugin v27.1.1 - https:\/\/yoast.com\/product\/yoast-seo-wordpress\/ -->\n<title>Quaderns d&#039;Estructures 71 | ACE<\/title>\n<meta name=\"description\" content=\"Revista n\u00ba 71 con art\u00edculos de actualidad que tratan sobre la construcci\u00f3n de estructuras y que publica la Asociaci\u00f3n de Consultores de Estructuras (ACE).\" \/>\n<meta name=\"robots\" content=\"index, follow, max-snippet:-1, max-image-preview:large, max-video-preview:-1\" \/>\n<link rel=\"canonical\" href=\"https:\/\/aceweb.cat\/es\/producto\/quaderns-destructures-71\/\" \/>\n<meta property=\"og:locale\" content=\"es_ES\" \/>\n<meta property=\"og:type\" content=\"article\" \/>\n<meta property=\"og:title\" content=\"Quaderns d&#039;Estructures 71 | ACE\" \/>\n<meta property=\"og:description\" content=\"Revista n\u00ba 71 con art\u00edculos de actualidad que tratan sobre la construcci\u00f3n de estructuras y que publica la Asociaci\u00f3n de Consultores de Estructuras (ACE).\" \/>\n<meta property=\"og:url\" content=\"https:\/\/aceweb.cat\/es\/producto\/quaderns-destructures-71\/\" \/>\n<meta property=\"og:site_name\" content=\"aceweb.cat\" \/>\n<meta property=\"article:modified_time\" content=\"2023-03-20T07:16:15+00:00\" \/>\n<meta property=\"og:image\" content=\"https:\/\/aceweb.cat\/wp-content\/uploads\/2023\/01\/ACE-Quaderns-Estructures-071.jpg\" \/>\n\t<meta property=\"og:image:width\" content=\"724\" \/>\n\t<meta property=\"og:image:height\" content=\"1024\" \/>\n\t<meta property=\"og:image:type\" content=\"image\/jpeg\" \/>\n<meta name=\"twitter:card\" content=\"summary_large_image\" \/>\n<meta name=\"twitter:label1\" content=\"Tiempo de lectura\" \/>\n\t<meta name=\"twitter:data1\" content=\"7 minutos\" \/>\n<script type=\"application\/ld+json\" class=\"yoast-schema-graph\">{\"@context\":\"https:\/\/schema.org\",\"@graph\":[{\"@type\":\"WebPage\",\"@id\":\"https:\/\/aceweb.cat\/es\/producto\/quaderns-destructures-71\/\",\"url\":\"https:\/\/aceweb.cat\/es\/producto\/quaderns-destructures-71\/\",\"name\":\"Quaderns d'Estructures 71 | ACE\",\"isPartOf\":{\"@id\":\"https:\/\/aceweb.cat\/#website\"},\"primaryImageOfPage\":{\"@id\":\"https:\/\/aceweb.cat\/es\/producto\/quaderns-destructures-71\/#primaryimage\"},\"image\":{\"@id\":\"https:\/\/aceweb.cat\/es\/producto\/quaderns-destructures-71\/#primaryimage\"},\"thumbnailUrl\":\"https:\/\/aceweb.cat\/wp-content\/uploads\/2023\/01\/ACE-Quaderns-Estructures-071.jpg\",\"datePublished\":\"2023-01-24T10:00:33+00:00\",\"dateModified\":\"2023-03-20T07:16:15+00:00\",\"description\":\"Revista n\u00ba 71 con art\u00edculos de actualidad que tratan sobre la construcci\u00f3n de estructuras y que publica la Asociaci\u00f3n de Consultores de Estructuras (ACE).\",\"breadcrumb\":{\"@id\":\"https:\/\/aceweb.cat\/es\/producto\/quaderns-destructures-71\/#breadcrumb\"},\"inLanguage\":\"es\",\"potentialAction\":[{\"@type\":\"ReadAction\",\"target\":[\"https:\/\/aceweb.cat\/es\/producto\/quaderns-destructures-71\/\"]}]},{\"@type\":\"ImageObject\",\"inLanguage\":\"es\",\"@id\":\"https:\/\/aceweb.cat\/es\/producto\/quaderns-destructures-71\/#primaryimage\",\"url\":\"https:\/\/aceweb.cat\/wp-content\/uploads\/2023\/01\/ACE-Quaderns-Estructures-071.jpg\",\"contentUrl\":\"https:\/\/aceweb.cat\/wp-content\/uploads\/2023\/01\/ACE-Quaderns-Estructures-071.jpg\",\"width\":724,\"height\":1024,\"caption\":\"ACE-Quaderns-Estructures-071\"},{\"@type\":\"BreadcrumbList\",\"@id\":\"https:\/\/aceweb.cat\/es\/producto\/quaderns-destructures-71\/#breadcrumb\",\"itemListElement\":[{\"@type\":\"ListItem\",\"position\":1,\"name\":\"Inici\",\"item\":\"https:\/\/aceweb.cat\/\"},{\"@type\":\"ListItem\",\"position\":2,\"name\":\"Tienda\",\"item\":\"https:\/\/aceweb.cat\/es\/tienda\/\"},{\"@type\":\"ListItem\",\"position\":3,\"name\":\"Quadern d\u2019Estructures\",\"item\":\"https:\/\/aceweb.cat\/es\/categoria-producto\/cuaderno-de-estructuras\/\"},{\"@type\":\"ListItem\",\"position\":4,\"name\":\"Quaderns d&#8217;Estructures 71\"}]},{\"@type\":\"WebSite\",\"@id\":\"https:\/\/aceweb.cat\/#website\",\"url\":\"https:\/\/aceweb.cat\/\",\"name\":\"ACE\",\"description\":\"Associaci\u00f3 de Consultors d&#039;Estructures | ACE\",\"publisher\":{\"@id\":\"https:\/\/aceweb.cat\/#organization\"},\"alternateName\":\"ACE\",\"potentialAction\":[{\"@type\":\"SearchAction\",\"target\":{\"@type\":\"EntryPoint\",\"urlTemplate\":\"https:\/\/aceweb.cat\/?s={search_term_string}\"},\"query-input\":{\"@type\":\"PropertyValueSpecification\",\"valueRequired\":true,\"valueName\":\"search_term_string\"}}],\"inLanguage\":\"es\"},{\"@type\":\"Organization\",\"@id\":\"https:\/\/aceweb.cat\/#organization\",\"name\":\"ACE\",\"alternateName\":\"ACE\",\"url\":\"https:\/\/aceweb.cat\/\",\"logo\":{\"@type\":\"ImageObject\",\"inLanguage\":\"es\",\"@id\":\"https:\/\/aceweb.cat\/#\/schema\/logo\/image\/\",\"url\":\"https:\/\/aceweb.cat\/wp-content\/uploads\/2022\/10\/logo.svg\",\"contentUrl\":\"https:\/\/aceweb.cat\/wp-content\/uploads\/2022\/10\/logo.svg\",\"width\":1,\"height\":1,\"caption\":\"ACE\"},\"image\":{\"@id\":\"https:\/\/aceweb.cat\/#\/schema\/logo\/image\/\"}}]}<\/script>\n<!-- \/ Yoast SEO plugin. -->","yoast_head_json":{"title":"Quaderns d'Estructures 71 | ACE","description":"Revista n\u00ba 71 con art\u00edculos de actualidad que tratan sobre la construcci\u00f3n de estructuras y que publica la Asociaci\u00f3n de Consultores de Estructuras (ACE).","robots":{"index":"index","follow":"follow","max-snippet":"max-snippet:-1","max-image-preview":"max-image-preview:large","max-video-preview":"max-video-preview:-1"},"canonical":"https:\/\/aceweb.cat\/es\/producto\/quaderns-destructures-71\/","og_locale":"es_ES","og_type":"article","og_title":"Quaderns d'Estructures 71 | ACE","og_description":"Revista n\u00ba 71 con art\u00edculos de actualidad que tratan sobre la construcci\u00f3n de estructuras y que publica la Asociaci\u00f3n de Consultores de Estructuras (ACE).","og_url":"https:\/\/aceweb.cat\/es\/producto\/quaderns-destructures-71\/","og_site_name":"aceweb.cat","article_modified_time":"2023-03-20T07:16:15+00:00","og_image":[{"width":724,"height":1024,"url":"https:\/\/aceweb.cat\/wp-content\/uploads\/2023\/01\/ACE-Quaderns-Estructures-071.jpg","type":"image\/jpeg"}],"twitter_card":"summary_large_image","twitter_misc":{"Tiempo de lectura":"7 minutos"},"schema":{"@context":"https:\/\/schema.org","@graph":[{"@type":"WebPage","@id":"https:\/\/aceweb.cat\/es\/producto\/quaderns-destructures-71\/","url":"https:\/\/aceweb.cat\/es\/producto\/quaderns-destructures-71\/","name":"Quaderns d'Estructures 71 | ACE","isPartOf":{"@id":"https:\/\/aceweb.cat\/#website"},"primaryImageOfPage":{"@id":"https:\/\/aceweb.cat\/es\/producto\/quaderns-destructures-71\/#primaryimage"},"image":{"@id":"https:\/\/aceweb.cat\/es\/producto\/quaderns-destructures-71\/#primaryimage"},"thumbnailUrl":"https:\/\/aceweb.cat\/wp-content\/uploads\/2023\/01\/ACE-Quaderns-Estructures-071.jpg","datePublished":"2023-01-24T10:00:33+00:00","dateModified":"2023-03-20T07:16:15+00:00","description":"Revista n\u00ba 71 con art\u00edculos de actualidad que tratan sobre la construcci\u00f3n de estructuras y que publica la Asociaci\u00f3n de Consultores de Estructuras (ACE).","breadcrumb":{"@id":"https:\/\/aceweb.cat\/es\/producto\/quaderns-destructures-71\/#breadcrumb"},"inLanguage":"es","potentialAction":[{"@type":"ReadAction","target":["https:\/\/aceweb.cat\/es\/producto\/quaderns-destructures-71\/"]}]},{"@type":"ImageObject","inLanguage":"es","@id":"https:\/\/aceweb.cat\/es\/producto\/quaderns-destructures-71\/#primaryimage","url":"https:\/\/aceweb.cat\/wp-content\/uploads\/2023\/01\/ACE-Quaderns-Estructures-071.jpg","contentUrl":"https:\/\/aceweb.cat\/wp-content\/uploads\/2023\/01\/ACE-Quaderns-Estructures-071.jpg","width":724,"height":1024,"caption":"ACE-Quaderns-Estructures-071"},{"@type":"BreadcrumbList","@id":"https:\/\/aceweb.cat\/es\/producto\/quaderns-destructures-71\/#breadcrumb","itemListElement":[{"@type":"ListItem","position":1,"name":"Inici","item":"https:\/\/aceweb.cat\/"},{"@type":"ListItem","position":2,"name":"Tienda","item":"https:\/\/aceweb.cat\/es\/tienda\/"},{"@type":"ListItem","position":3,"name":"Quadern d\u2019Estructures","item":"https:\/\/aceweb.cat\/es\/categoria-producto\/cuaderno-de-estructuras\/"},{"@type":"ListItem","position":4,"name":"Quaderns d&#8217;Estructures 71"}]},{"@type":"WebSite","@id":"https:\/\/aceweb.cat\/#website","url":"https:\/\/aceweb.cat\/","name":"ACE","description":"Associaci\u00f3 de Consultors d&#039;Estructures | ACE","publisher":{"@id":"https:\/\/aceweb.cat\/#organization"},"alternateName":"ACE","potentialAction":[{"@type":"SearchAction","target":{"@type":"EntryPoint","urlTemplate":"https:\/\/aceweb.cat\/?s={search_term_string}"},"query-input":{"@type":"PropertyValueSpecification","valueRequired":true,"valueName":"search_term_string"}}],"inLanguage":"es"},{"@type":"Organization","@id":"https:\/\/aceweb.cat\/#organization","name":"ACE","alternateName":"ACE","url":"https:\/\/aceweb.cat\/","logo":{"@type":"ImageObject","inLanguage":"es","@id":"https:\/\/aceweb.cat\/#\/schema\/logo\/image\/","url":"https:\/\/aceweb.cat\/wp-content\/uploads\/2022\/10\/logo.svg","contentUrl":"https:\/\/aceweb.cat\/wp-content\/uploads\/2022\/10\/logo.svg","width":1,"height":1,"caption":"ACE"},"image":{"@id":"https:\/\/aceweb.cat\/#\/schema\/logo\/image\/"}}]}},"_links":{"self":[{"href":"https:\/\/aceweb.cat\/es\/wp-json\/wp\/v2\/product\/39919","targetHints":{"allow":["GET"]}}],"collection":[{"href":"https:\/\/aceweb.cat\/es\/wp-json\/wp\/v2\/product"}],"about":[{"href":"https:\/\/aceweb.cat\/es\/wp-json\/wp\/v2\/types\/product"}],"version-history":[{"count":2,"href":"https:\/\/aceweb.cat\/es\/wp-json\/wp\/v2\/product\/39919\/revisions"}],"predecessor-version":[{"id":40532,"href":"https:\/\/aceweb.cat\/es\/wp-json\/wp\/v2\/product\/39919\/revisions\/40532"}],"wp:featuredmedia":[{"embeddable":true,"href":"https:\/\/aceweb.cat\/es\/wp-json\/wp\/v2\/media\/36496"}],"wp:attachment":[{"href":"https:\/\/aceweb.cat\/es\/wp-json\/wp\/v2\/media?parent=39919"}],"wp:term":[{"taxonomy":"product_brand","embeddable":true,"href":"https:\/\/aceweb.cat\/es\/wp-json\/wp\/v2\/product_brand?post=39919"},{"taxonomy":"product_cat","embeddable":true,"href":"https:\/\/aceweb.cat\/es\/wp-json\/wp\/v2\/product_cat?post=39919"},{"taxonomy":"product_tag","embeddable":true,"href":"https:\/\/aceweb.cat\/es\/wp-json\/wp\/v2\/product_tag?post=39919"}],"curies":[{"name":"wp","href":"https:\/\/api.w.org\/{rel}","templated":true}]}}