{"id":39922,"date":"2023-01-25T10:00:16","date_gmt":"2023-01-25T10:00:16","guid":{"rendered":"https:\/\/www.aceweb.advertis.es\/producto\/quaderns-destructures-72\/"},"modified":"2023-03-17T13:38:55","modified_gmt":"2023-03-17T13:38:55","slug":"quaderns-destructures-72","status":"publish","type":"product","link":"https:\/\/aceweb.cat\/es\/producto\/quaderns-destructures-72\/","title":{"rendered":"Quaderns d&#8217;Estructures 72"},"content":{"rendered":"<p>Este n\u00famero incluye:<\/p>\n<h2><strong>1. Editorial<\/strong><\/h2>\n<p>Art\u00edculo redactado por <strong>MIQUEL RODR\u00cdGUEZ NIEDENF\u00dcHR<\/strong>. Descarga la revista para conocer la situaci\u00f3n de nuestra profesi\u00f3n despu\u00e9s de la pandemia.<\/p>\n<p><em>\u00abEstamos, aparentemente, superando la pandemia y, aparentemente, volvemos al ritmo de vida pre pandemia.<\/em><\/p>\n<p><em>A mediados y hasta finales del a\u00f1o 2020 hubo una reducci\u00f3n de la actividad econ\u00f3mica global del pa\u00eds, que evidentemente tambi\u00e9n afect\u00f3 al sector de la construcci\u00f3n. Con la vivencia de la crisis del a\u00f1o 2008 nos acostumbramos a unas condiciones laborales, tanto en tiempos como en honorarios, muy extremas. En una \u00e9poca de crisis se intentan aguantar estas condiciones porque es la \u00fanica opci\u00f3n que existe para mantener la actividad del despacho.<\/em><\/p>\n<p><em>Una vez superada la crisis del a\u00f1o 2008, se intentaron restablecer las condiciones de trabajo en cuanto a honorarios y plazos. No creo que se hayan restablecido las condiciones y ahora vuelve a aparecer otra crisis m\u00e1s puntual, de momento, como es la de la COVID.<\/em><em>\u00ab<\/em><\/p>\n<h2><strong>2. Deformaciones verticales en los soportes de una estructura de hormig\u00f3n armado<\/strong><\/h2>\n<p>Art\u00edculo redactado por <strong>JORDI MARISTANY y CARRERAS<\/strong>. Descarga la revista para conocer los c\u00e1lculos realizados en un edificio real, mediante unas sencillas hojas de c\u00e1lculo que nos permiten obtener estas deformaciones.<\/p>\n<p><em>\u00abLas causas de las deformaciones en pilares y pantallas que se producen en una estructura de hormig\u00f3n armado pueden ser muchas y muy variadas. Estas deformaciones, normalmente de peque\u00f1a magnitud, no suelen modificar sensiblemente el reparto de esfuerzos y, en consecuencia, el dimensionado de los distintos elementos que lo componen.<\/em><\/p>\n<p>&nbsp;<\/p>\n<p><em>Es por eso que en la mayor\u00eda de las estructuras de los edificios habituales que analizamos hoy en d\u00eda en E.L.U. despreciamos este efecto.<\/em><\/p>\n<p><em>Sin embargo, en algunas estructuras de edificios que posean, por ejemplo, una cierta altura (por ejemplo un n\u00famero de plantas elevado) al ser la deformaci\u00f3n un proceso acumulativo planta por planta, la afirmaci\u00f3n anterior deja ser v\u00e1lida. En este caso, nos veremos obligados a analizar detalladamente cu\u00e1les son y c\u00f3mo nos afectan estas deformaciones.<\/em><em>\u00ab<\/em><\/p>\n<h2><strong>3. Recuperaci\u00f3n de la estructura de una nave especial que sufri\u00f3 un grave incendio<\/strong><\/h2>\n<p>Art\u00edculo redactado por <strong>ROBERT BRUFAU<\/strong>, <strong>IVAN MASES<\/strong> y <strong>JOAN RAMON ROSELL<\/strong>. Descarga la revista para saber el proceso de recuperaci\u00f3n de una nave con un alto nivel de degradaci\u00f3n de sus estructuras, causado por un grave incendio.<\/p>\n<p><em>\u00abLa noche del 19 de noviembre de 2019 se produjo un importante incendio en el taller de pintura situado en la planta inferior de la nave de Faurecia, en Abrera.<\/em><\/p>\n<p><em>R\u00e1pidamente se propag\u00f3 y afect\u00f3, con mayor o menor intensidad, a varios elementos estructurales (pilares, vigas y forjados) quedando destruida la totalidad de las<\/em><br \/>\n<em>instalaciones industriales ubicadas en un \u00e1rea de 800 m\u00b2 en planta, que quedaron reducidas a un mont\u00f3n de chatarra quemada. El incendio dur\u00f3 unas horas y fue controlado por 16 dotaciones de los bomberos.<\/em><\/p>\n<p><em>Tanto el hormig\u00f3n como el acero sufrieron un alto nivel de degradaci\u00f3n, y el uso de la zona afectada qued\u00f3 inutilizada, y como consecuencia de este incendio, la empresa Faurecia perdi\u00f3 una gran parte de su actividad.\u00bb<\/em><\/p>\n<h2><strong>4. Miscel\u00e1nea<\/strong><\/h2>\n<p>Damos la bienvenida a los socios numerarios profesionales.<\/p>\n<h2><strong>5. Lista de miembros de la asociaci\u00f3n<\/strong><\/h2>\n<p>Conoce a los miembros de la Asociaci\u00f3n Consultores de Estructuras. Podr\u00e1s ver a los nuevos integrantes que participan por el reconocimiento de la profesi\u00f3n dentro del mundo de la construcci\u00f3n.<\/p>\n","protected":false},"excerpt":{"rendered":"<ul>\n<li>1. Editorial<\/li>\n<li>2. Deformaciones verticales en los soportes de una estructura de hormig\u00f3n armado<\/li>\n<li>3. Recuperaci\u00f3n de la estructura de una nave especial que sufri\u00f3 un grave incendio<\/li>\n<li>4. Miscel\u00e1nea<\/li>\n<li>5. Lista de miembros de la asociaci\u00f3n<\/li>\n<\/ul>\n","protected":false},"featured_media":36483,"template":"","meta":{"_acf_changed":false,"site-sidebar-layout":"default","site-content-layout":"default","ast-global-header-display":"","ast-main-header-display":"","ast-hfb-above-header-display":"","ast-hfb-below-header-display":"","ast-hfb-mobile-header-display":"","site-post-title":"","ast-breadcrumbs-content":"","ast-featured-img":"","footer-sml-layout":"","theme-transparent-header-meta":"default","adv-header-id-meta":"","stick-header-meta":"","header-above-stick-meta":"","header-main-stick-meta":"","header-below-stick-meta":""},"product_brand":[],"product_cat":[595],"product_tag":[],"class_list":{"0":"post-39922","1":"product","2":"type-product","3":"status-publish","4":"has-post-thumbnail","6":"product_cat-cuaderno-de-estructuras","7":"desktop-align-left","8":"tablet-align-left","9":"mobile-align-left","11":"first","12":"instock","13":"taxable","14":"shipping-taxable","15":"purchasable","16":"product-type-variable"},"acf":[],"yoast_head":"<!-- This site is optimized with the Yoast SEO plugin v27.1.1 - https:\/\/yoast.com\/product\/yoast-seo-wordpress\/ -->\n<title>Quaderns d&#039;Estructures 72 | ACE<\/title>\n<meta name=\"description\" content=\"Revista n\u00ba 72 con art\u00edculos de actualidad que tratan sobre la construcci\u00f3n de estructuras y que publica la Asociaci\u00f3n de Consultores de Estructuras (ACE).\" \/>\n<meta name=\"robots\" content=\"index, follow, max-snippet:-1, max-image-preview:large, max-video-preview:-1\" \/>\n<link rel=\"canonical\" href=\"https:\/\/aceweb.cat\/es\/producto\/quaderns-destructures-72\/\" \/>\n<meta property=\"og:locale\" content=\"es_ES\" \/>\n<meta property=\"og:type\" content=\"article\" \/>\n<meta property=\"og:title\" content=\"Quaderns d&#039;Estructures 72 | ACE\" \/>\n<meta property=\"og:description\" content=\"Revista n\u00ba 72 con art\u00edculos de actualidad que tratan sobre la construcci\u00f3n de estructuras y que publica la Asociaci\u00f3n de Consultores de Estructuras (ACE).\" \/>\n<meta property=\"og:url\" content=\"https:\/\/aceweb.cat\/es\/producto\/quaderns-destructures-72\/\" \/>\n<meta property=\"og:site_name\" content=\"aceweb.cat\" \/>\n<meta property=\"article:modified_time\" content=\"2023-03-17T13:38:55+00:00\" \/>\n<meta property=\"og:image\" content=\"https:\/\/aceweb.cat\/wp-content\/uploads\/2023\/01\/ACE-Quaderns-Estructures-072.jpg\" \/>\n\t<meta property=\"og:image:width\" content=\"724\" \/>\n\t<meta property=\"og:image:height\" content=\"1024\" \/>\n\t<meta property=\"og:image:type\" content=\"image\/jpeg\" \/>\n<meta name=\"twitter:card\" content=\"summary_large_image\" \/>\n<meta name=\"twitter:label1\" content=\"Tiempo de lectura\" \/>\n\t<meta name=\"twitter:data1\" content=\"4 minutos\" \/>\n<script type=\"application\/ld+json\" class=\"yoast-schema-graph\">{\"@context\":\"https:\/\/schema.org\",\"@graph\":[{\"@type\":\"WebPage\",\"@id\":\"https:\/\/aceweb.cat\/es\/producto\/quaderns-destructures-72\/\",\"url\":\"https:\/\/aceweb.cat\/es\/producto\/quaderns-destructures-72\/\",\"name\":\"Quaderns d'Estructures 72 | ACE\",\"isPartOf\":{\"@id\":\"https:\/\/aceweb.cat\/#website\"},\"primaryImageOfPage\":{\"@id\":\"https:\/\/aceweb.cat\/es\/producto\/quaderns-destructures-72\/#primaryimage\"},\"image\":{\"@id\":\"https:\/\/aceweb.cat\/es\/producto\/quaderns-destructures-72\/#primaryimage\"},\"thumbnailUrl\":\"https:\/\/aceweb.cat\/wp-content\/uploads\/2023\/01\/ACE-Quaderns-Estructures-072.jpg\",\"datePublished\":\"2023-01-25T10:00:16+00:00\",\"dateModified\":\"2023-03-17T13:38:55+00:00\",\"description\":\"Revista n\u00ba 72 con art\u00edculos de actualidad que tratan sobre la construcci\u00f3n de estructuras y que publica la Asociaci\u00f3n de Consultores de Estructuras (ACE).\",\"breadcrumb\":{\"@id\":\"https:\/\/aceweb.cat\/es\/producto\/quaderns-destructures-72\/#breadcrumb\"},\"inLanguage\":\"es\",\"potentialAction\":[{\"@type\":\"ReadAction\",\"target\":[\"https:\/\/aceweb.cat\/es\/producto\/quaderns-destructures-72\/\"]}]},{\"@type\":\"ImageObject\",\"inLanguage\":\"es\",\"@id\":\"https:\/\/aceweb.cat\/es\/producto\/quaderns-destructures-72\/#primaryimage\",\"url\":\"https:\/\/aceweb.cat\/wp-content\/uploads\/2023\/01\/ACE-Quaderns-Estructures-072.jpg\",\"contentUrl\":\"https:\/\/aceweb.cat\/wp-content\/uploads\/2023\/01\/ACE-Quaderns-Estructures-072.jpg\",\"width\":724,\"height\":1024,\"caption\":\"ACE-Quaderns-Estructures-072\"},{\"@type\":\"BreadcrumbList\",\"@id\":\"https:\/\/aceweb.cat\/es\/producto\/quaderns-destructures-72\/#breadcrumb\",\"itemListElement\":[{\"@type\":\"ListItem\",\"position\":1,\"name\":\"Inici\",\"item\":\"https:\/\/aceweb.cat\/\"},{\"@type\":\"ListItem\",\"position\":2,\"name\":\"Tienda\",\"item\":\"https:\/\/aceweb.cat\/es\/tienda\/\"},{\"@type\":\"ListItem\",\"position\":3,\"name\":\"Quadern d\u2019Estructures\",\"item\":\"https:\/\/aceweb.cat\/es\/categoria-producto\/cuaderno-de-estructuras\/\"},{\"@type\":\"ListItem\",\"position\":4,\"name\":\"Quaderns d&#8217;Estructures 72\"}]},{\"@type\":\"WebSite\",\"@id\":\"https:\/\/aceweb.cat\/#website\",\"url\":\"https:\/\/aceweb.cat\/\",\"name\":\"ACE\",\"description\":\"Associaci\u00f3 de Consultors d&#039;Estructures | ACE\",\"publisher\":{\"@id\":\"https:\/\/aceweb.cat\/#organization\"},\"alternateName\":\"ACE\",\"potentialAction\":[{\"@type\":\"SearchAction\",\"target\":{\"@type\":\"EntryPoint\",\"urlTemplate\":\"https:\/\/aceweb.cat\/?s={search_term_string}\"},\"query-input\":{\"@type\":\"PropertyValueSpecification\",\"valueRequired\":true,\"valueName\":\"search_term_string\"}}],\"inLanguage\":\"es\"},{\"@type\":\"Organization\",\"@id\":\"https:\/\/aceweb.cat\/#organization\",\"name\":\"ACE\",\"alternateName\":\"ACE\",\"url\":\"https:\/\/aceweb.cat\/\",\"logo\":{\"@type\":\"ImageObject\",\"inLanguage\":\"es\",\"@id\":\"https:\/\/aceweb.cat\/#\/schema\/logo\/image\/\",\"url\":\"https:\/\/aceweb.cat\/wp-content\/uploads\/2022\/10\/logo.svg\",\"contentUrl\":\"https:\/\/aceweb.cat\/wp-content\/uploads\/2022\/10\/logo.svg\",\"width\":1,\"height\":1,\"caption\":\"ACE\"},\"image\":{\"@id\":\"https:\/\/aceweb.cat\/#\/schema\/logo\/image\/\"}}]}<\/script>\n<!-- \/ Yoast SEO plugin. -->","yoast_head_json":{"title":"Quaderns d'Estructures 72 | ACE","description":"Revista n\u00ba 72 con art\u00edculos de actualidad que tratan sobre la construcci\u00f3n de estructuras y que publica la Asociaci\u00f3n de Consultores de Estructuras (ACE).","robots":{"index":"index","follow":"follow","max-snippet":"max-snippet:-1","max-image-preview":"max-image-preview:large","max-video-preview":"max-video-preview:-1"},"canonical":"https:\/\/aceweb.cat\/es\/producto\/quaderns-destructures-72\/","og_locale":"es_ES","og_type":"article","og_title":"Quaderns d'Estructures 72 | ACE","og_description":"Revista n\u00ba 72 con art\u00edculos de actualidad que tratan sobre la construcci\u00f3n de estructuras y que publica la Asociaci\u00f3n de Consultores de Estructuras (ACE).","og_url":"https:\/\/aceweb.cat\/es\/producto\/quaderns-destructures-72\/","og_site_name":"aceweb.cat","article_modified_time":"2023-03-17T13:38:55+00:00","og_image":[{"width":724,"height":1024,"url":"https:\/\/aceweb.cat\/wp-content\/uploads\/2023\/01\/ACE-Quaderns-Estructures-072.jpg","type":"image\/jpeg"}],"twitter_card":"summary_large_image","twitter_misc":{"Tiempo de lectura":"4 minutos"},"schema":{"@context":"https:\/\/schema.org","@graph":[{"@type":"WebPage","@id":"https:\/\/aceweb.cat\/es\/producto\/quaderns-destructures-72\/","url":"https:\/\/aceweb.cat\/es\/producto\/quaderns-destructures-72\/","name":"Quaderns d'Estructures 72 | ACE","isPartOf":{"@id":"https:\/\/aceweb.cat\/#website"},"primaryImageOfPage":{"@id":"https:\/\/aceweb.cat\/es\/producto\/quaderns-destructures-72\/#primaryimage"},"image":{"@id":"https:\/\/aceweb.cat\/es\/producto\/quaderns-destructures-72\/#primaryimage"},"thumbnailUrl":"https:\/\/aceweb.cat\/wp-content\/uploads\/2023\/01\/ACE-Quaderns-Estructures-072.jpg","datePublished":"2023-01-25T10:00:16+00:00","dateModified":"2023-03-17T13:38:55+00:00","description":"Revista n\u00ba 72 con art\u00edculos de actualidad que tratan sobre la construcci\u00f3n de estructuras y que publica la Asociaci\u00f3n de Consultores de Estructuras (ACE).","breadcrumb":{"@id":"https:\/\/aceweb.cat\/es\/producto\/quaderns-destructures-72\/#breadcrumb"},"inLanguage":"es","potentialAction":[{"@type":"ReadAction","target":["https:\/\/aceweb.cat\/es\/producto\/quaderns-destructures-72\/"]}]},{"@type":"ImageObject","inLanguage":"es","@id":"https:\/\/aceweb.cat\/es\/producto\/quaderns-destructures-72\/#primaryimage","url":"https:\/\/aceweb.cat\/wp-content\/uploads\/2023\/01\/ACE-Quaderns-Estructures-072.jpg","contentUrl":"https:\/\/aceweb.cat\/wp-content\/uploads\/2023\/01\/ACE-Quaderns-Estructures-072.jpg","width":724,"height":1024,"caption":"ACE-Quaderns-Estructures-072"},{"@type":"BreadcrumbList","@id":"https:\/\/aceweb.cat\/es\/producto\/quaderns-destructures-72\/#breadcrumb","itemListElement":[{"@type":"ListItem","position":1,"name":"Inici","item":"https:\/\/aceweb.cat\/"},{"@type":"ListItem","position":2,"name":"Tienda","item":"https:\/\/aceweb.cat\/es\/tienda\/"},{"@type":"ListItem","position":3,"name":"Quadern d\u2019Estructures","item":"https:\/\/aceweb.cat\/es\/categoria-producto\/cuaderno-de-estructuras\/"},{"@type":"ListItem","position":4,"name":"Quaderns d&#8217;Estructures 72"}]},{"@type":"WebSite","@id":"https:\/\/aceweb.cat\/#website","url":"https:\/\/aceweb.cat\/","name":"ACE","description":"Associaci\u00f3 de Consultors d&#039;Estructures | ACE","publisher":{"@id":"https:\/\/aceweb.cat\/#organization"},"alternateName":"ACE","potentialAction":[{"@type":"SearchAction","target":{"@type":"EntryPoint","urlTemplate":"https:\/\/aceweb.cat\/?s={search_term_string}"},"query-input":{"@type":"PropertyValueSpecification","valueRequired":true,"valueName":"search_term_string"}}],"inLanguage":"es"},{"@type":"Organization","@id":"https:\/\/aceweb.cat\/#organization","name":"ACE","alternateName":"ACE","url":"https:\/\/aceweb.cat\/","logo":{"@type":"ImageObject","inLanguage":"es","@id":"https:\/\/aceweb.cat\/#\/schema\/logo\/image\/","url":"https:\/\/aceweb.cat\/wp-content\/uploads\/2022\/10\/logo.svg","contentUrl":"https:\/\/aceweb.cat\/wp-content\/uploads\/2022\/10\/logo.svg","width":1,"height":1,"caption":"ACE"},"image":{"@id":"https:\/\/aceweb.cat\/#\/schema\/logo\/image\/"}}]}},"_links":{"self":[{"href":"https:\/\/aceweb.cat\/es\/wp-json\/wp\/v2\/product\/39922","targetHints":{"allow":["GET"]}}],"collection":[{"href":"https:\/\/aceweb.cat\/es\/wp-json\/wp\/v2\/product"}],"about":[{"href":"https:\/\/aceweb.cat\/es\/wp-json\/wp\/v2\/types\/product"}],"version-history":[{"count":1,"href":"https:\/\/aceweb.cat\/es\/wp-json\/wp\/v2\/product\/39922\/revisions"}],"predecessor-version":[{"id":40504,"href":"https:\/\/aceweb.cat\/es\/wp-json\/wp\/v2\/product\/39922\/revisions\/40504"}],"wp:featuredmedia":[{"embeddable":true,"href":"https:\/\/aceweb.cat\/es\/wp-json\/wp\/v2\/media\/36483"}],"wp:attachment":[{"href":"https:\/\/aceweb.cat\/es\/wp-json\/wp\/v2\/media?parent=39922"}],"wp:term":[{"taxonomy":"product_brand","embeddable":true,"href":"https:\/\/aceweb.cat\/es\/wp-json\/wp\/v2\/product_brand?post=39922"},{"taxonomy":"product_cat","embeddable":true,"href":"https:\/\/aceweb.cat\/es\/wp-json\/wp\/v2\/product_cat?post=39922"},{"taxonomy":"product_tag","embeddable":true,"href":"https:\/\/aceweb.cat\/es\/wp-json\/wp\/v2\/product_tag?post=39922"}],"curies":[{"name":"wp","href":"https:\/\/api.w.org\/{rel}","templated":true}]}}