{"id":39925,"date":"2023-01-26T10:00:34","date_gmt":"2023-01-26T10:00:34","guid":{"rendered":"https:\/\/www.aceweb.advertis.es\/producto\/quaderns-destructures-73\/"},"modified":"2023-03-22T16:04:21","modified_gmt":"2023-03-22T16:04:21","slug":"quaderns-destructures-73","status":"publish","type":"product","link":"https:\/\/aceweb.cat\/es\/producto\/quaderns-destructures-73\/","title":{"rendered":"Quaderns d&#8217;Estructures 73"},"content":{"rendered":"<p>Este n\u00famero incluye:<\/p>\n<h2><strong>1. Editorial<\/strong><\/h2>\n<p>Art\u00edculo redactado por <strong>Marcel Cruells<\/strong>. Descarga la revista para conocer c\u00f3mo afecta el cambio de exigencias a los coeficientes de seguridad para la rehabilitaci\u00f3n y el nuevo c\u00f3digo estructural:<\/p>\n<p><em>\u00abAl menos desde la Instrucci\u00f3n EHE-98 y hasta la actualidad, la fiabilidad de las estructuras proyectadas, siguiendo los procedimientos de las diversas reglamentaciones vigentes en cada momento, no ha variado. Este hecho no deja de ser curioso porque el grado de control, las capacidades de los materiales y los m\u00e9todos de c\u00e1lculo, incluso los propios coeficientes de seguridad, s\u00ed que han evolucionado.El Nuevo C\u00f3digo Estructural (CE) tambi\u00e9n perpet\u00faa esta costumbre y mantiene los mismos \u00edndices de fiabilidad .<\/em><em>\u00ab<\/em><\/p>\n<h2><strong>2. La interpretaci\u00f3n de las grietas<\/strong><\/h2>\n<p>Art\u00edculo redactado por <strong>Fructuoso Ma\u00f1\u00e0<\/strong>. Descarga la revista para conocer la determinaci\u00f3n de las causas que generan cierta patolog\u00eda en un edificio pasa por saber interpretar los s\u00edntomas que presenta:<\/p>\n<p><em>\u00abLa determinaci\u00f3n de las causas que generan una cierta patolog\u00eda en un edificio pasa por saber interpretar los s\u00edntomas que presenta. Desgraciadamente, al contrario que en la medicina, el paciente no habla, por tanto, s\u00f3lo se puede contar con las posibles relaciones causa-efecto, sin aquellos matices que podr\u00eda aportar el edificio si pudiera decir qu\u00e9 le duele.\u00bb<\/em><\/p>\n<h2><strong>3. Propuesta de reparto de cargas entre un forjado de vigueta y caset\u00f3n y su refuerzo estructural<\/strong><\/h2>\n<p>Art\u00edculo redactado por<strong> Jordi Maristany.<\/strong> Descarga la revista para conocer dentro del campo de la rehabilitaci\u00f3n de forjados existentes:<\/p>\n<p><em>\u00abUno de los trabajos profesionales que m\u00e1s han crecido estos \u00faltimos a\u00f1os en el sector de la construcci\u00f3n es el de la rehabilitaci\u00f3n de viviendas. Y uno de los trabajos m\u00e1s demandados para realizar esta rehabilitaci\u00f3n en el mundo de las estructuras es el de reforzar los forjados existentes.<\/em><em>\u00ab<\/em><\/p>\n<h2><strong>4. LOSA DE SUBPRESI\u00d3N Y PANTALLAS. CAP\u00cdTULO II del extracto del libro: \u00abHistorietas biogr\u00e1ficas de un ingeniero\u00bb<\/strong><\/h2>\n<p>Art\u00edculo redactado por <strong>Florentino Regalado Tesoro.<\/strong> Descarga la revista para conocer c\u00f3mo afecta el cambio de exigencias a los coeficientes de seguridad para la rehabilitaci\u00f3n y el nuevo c\u00f3digo estructural:<\/p>\n<p><em>\u00abReci\u00e9n aterrizado en Alicante en los a\u00f1os setenta del siglo pasado, y trabajando en el Centro de C\u00e1lculo, tuvimos que hacer frente a la cimentaci\u00f3n de un edificio <\/em><em>importante promovido por la promotora que dirig\u00eda a mi hermano.<\/em><\/p>\n<p><em>El tener que calcular manualmente multitud de zapatos fue el acicate que nos impuls\u00f3 a elaborar el programa <\/em><em>ZAPAT\u00d3N, que dimensionaba y armaba autom\u00e1ticamente zapatos centrados, de esquina y de medianera , partiendo de los axilos y momentos existentes en la base de los pilares. Este programa form\u00f3 parte de las primeras versiones del CYPE.\u00bb<\/em><\/p>\n<h2><strong>5. Un edificio soportado por costillas. La ampliaci\u00f3n del Hospital Mois\u00e9s Broggi (Sant Joan Desp\u00ed)<\/strong><\/h2>\n<p>Art\u00edculo redactado por Llu\u00eds Mor\u00e1n, Robert Brufau y Sergi D\u00edaz. Descarga la revista para conocer c\u00f3mo se desarroll\u00f3 la rehabilitaci\u00f3n del hospital:<\/p>\n<p><em>\u00abCon ocasi\u00f3n de la pandemia de la Covid-19, en octubre de 2020, el Cat-Salut puso en marcha la construcci\u00f3n, con car\u00e1cter de emergencia, de cinco m\u00f3dulos hospitalarios, de unos 5.000 m\u00b2 cada uno, asociados a algunos de los principales hospitales de la regi\u00f3n sanitaria catalana Uno de estos hospitales ampliados fue el Mois\u00e8s Broggi, en Sant Joan Desp\u00ed.\u00bb<\/em><\/p>\n<h2><strong>6. Lista de miembros de la asociaci\u00f3n<\/strong><\/h2>\n<p>Conoce a los miembros de la Asociaci\u00f3n Consultores de Estructuras. Podr\u00e1s ver a los nuevos integrantes que participan por el reconocimiento de la profesi\u00f3n dentro del mundo de la construcci\u00f3n.<\/p>\n","protected":false},"excerpt":{"rendered":"<ul>\n<li>1. Editorial<\/li>\n<li>2. La interpretaci\u00f3n de las grietas<\/li>\n<li>3. Propuesta de reparto de cargas entre un forjado de vigueta y caset\u00f3n y su refuerzo estructural<\/li>\n<li>4. LOSA DE SUBPRESI\u00d3N Y PANTALLAS. CAP\u00cdTULO II del extracto del libro: \u00abHistorietas biogr\u00e1ficas de un ingeniero\u00bb<\/li>\n<li>5. Un edificio soportado por costillas. La ampliaci\u00f3n del Hospital Mois\u00e9s Broggi (Sant Joan Desp\u00ed)<\/li>\n<li>6. Lista de miembros de la asociaci\u00f3n<\/li>\n<\/ul>\n","protected":false},"featured_media":36486,"template":"","meta":{"_acf_changed":false,"site-sidebar-layout":"default","site-content-layout":"default","ast-global-header-display":"","ast-main-header-display":"","ast-hfb-above-header-display":"","ast-hfb-below-header-display":"","ast-hfb-mobile-header-display":"","site-post-title":"","ast-breadcrumbs-content":"","ast-featured-img":"","footer-sml-layout":"","theme-transparent-header-meta":"default","adv-header-id-meta":"","stick-header-meta":"","header-above-stick-meta":"","header-main-stick-meta":"","header-below-stick-meta":""},"product_brand":[],"product_cat":[595],"product_tag":[],"class_list":{"0":"post-39925","1":"product","2":"type-product","3":"status-publish","4":"has-post-thumbnail","6":"product_cat-cuaderno-de-estructuras","7":"desktop-align-left","8":"tablet-align-left","9":"mobile-align-left","11":"first","12":"instock","13":"taxable","14":"shipping-taxable","15":"purchasable","16":"product-type-variable"},"acf":[],"yoast_head":"<!-- This site is optimized with the Yoast SEO plugin v27.1.1 - https:\/\/yoast.com\/product\/yoast-seo-wordpress\/ -->\n<title>Quaderns d&#039;Estructures 73 | ACE<\/title>\n<meta name=\"description\" content=\"Revista n\u00ba 73 con art\u00edculos de actualidad que tratan sobre la construcci\u00f3n de estructuras y que publica la Asociaci\u00f3n de Consultores de Estructuras (ACE).\" \/>\n<meta name=\"robots\" content=\"index, follow, max-snippet:-1, max-image-preview:large, max-video-preview:-1\" \/>\n<link rel=\"canonical\" href=\"https:\/\/aceweb.cat\/es\/producto\/quaderns-destructures-73\/\" \/>\n<meta property=\"og:locale\" content=\"es_ES\" \/>\n<meta property=\"og:type\" content=\"article\" \/>\n<meta property=\"og:title\" content=\"Quaderns d&#039;Estructures 73 | ACE\" \/>\n<meta property=\"og:description\" content=\"Revista n\u00ba 73 con art\u00edculos de actualidad que tratan sobre la construcci\u00f3n de estructuras y que publica la Asociaci\u00f3n de Consultores de Estructuras (ACE).\" \/>\n<meta property=\"og:url\" content=\"https:\/\/aceweb.cat\/es\/producto\/quaderns-destructures-73\/\" \/>\n<meta property=\"og:site_name\" content=\"aceweb.cat\" \/>\n<meta property=\"article:modified_time\" content=\"2023-03-22T16:04:21+00:00\" \/>\n<meta property=\"og:image\" content=\"https:\/\/aceweb.cat\/wp-content\/uploads\/2023\/01\/ACE-Quaderns-Estructures-073-1.jpg\" \/>\n\t<meta property=\"og:image:width\" content=\"724\" \/>\n\t<meta property=\"og:image:height\" content=\"1024\" \/>\n\t<meta property=\"og:image:type\" content=\"image\/jpeg\" \/>\n<meta name=\"twitter:card\" content=\"summary_large_image\" \/>\n<meta name=\"twitter:label1\" content=\"Tiempo de lectura\" \/>\n\t<meta name=\"twitter:data1\" content=\"4 minutos\" \/>\n<script type=\"application\/ld+json\" class=\"yoast-schema-graph\">{\"@context\":\"https:\/\/schema.org\",\"@graph\":[{\"@type\":\"WebPage\",\"@id\":\"https:\/\/aceweb.cat\/es\/producto\/quaderns-destructures-73\/\",\"url\":\"https:\/\/aceweb.cat\/es\/producto\/quaderns-destructures-73\/\",\"name\":\"Quaderns d'Estructures 73 | ACE\",\"isPartOf\":{\"@id\":\"https:\/\/aceweb.cat\/#website\"},\"primaryImageOfPage\":{\"@id\":\"https:\/\/aceweb.cat\/es\/producto\/quaderns-destructures-73\/#primaryimage\"},\"image\":{\"@id\":\"https:\/\/aceweb.cat\/es\/producto\/quaderns-destructures-73\/#primaryimage\"},\"thumbnailUrl\":\"https:\/\/aceweb.cat\/wp-content\/uploads\/2023\/01\/ACE-Quaderns-Estructures-073-1.jpg\",\"datePublished\":\"2023-01-26T10:00:34+00:00\",\"dateModified\":\"2023-03-22T16:04:21+00:00\",\"description\":\"Revista n\u00ba 73 con art\u00edculos de actualidad que tratan sobre la construcci\u00f3n de estructuras y que publica la Asociaci\u00f3n de Consultores de Estructuras (ACE).\",\"breadcrumb\":{\"@id\":\"https:\/\/aceweb.cat\/es\/producto\/quaderns-destructures-73\/#breadcrumb\"},\"inLanguage\":\"es\",\"potentialAction\":[{\"@type\":\"ReadAction\",\"target\":[\"https:\/\/aceweb.cat\/es\/producto\/quaderns-destructures-73\/\"]}]},{\"@type\":\"ImageObject\",\"inLanguage\":\"es\",\"@id\":\"https:\/\/aceweb.cat\/es\/producto\/quaderns-destructures-73\/#primaryimage\",\"url\":\"https:\/\/aceweb.cat\/wp-content\/uploads\/2023\/01\/ACE-Quaderns-Estructures-073-1.jpg\",\"contentUrl\":\"https:\/\/aceweb.cat\/wp-content\/uploads\/2023\/01\/ACE-Quaderns-Estructures-073-1.jpg\",\"width\":724,\"height\":1024,\"caption\":\"ACE-Quaderns-Estructures-073\"},{\"@type\":\"BreadcrumbList\",\"@id\":\"https:\/\/aceweb.cat\/es\/producto\/quaderns-destructures-73\/#breadcrumb\",\"itemListElement\":[{\"@type\":\"ListItem\",\"position\":1,\"name\":\"Inici\",\"item\":\"https:\/\/aceweb.cat\/\"},{\"@type\":\"ListItem\",\"position\":2,\"name\":\"Tienda\",\"item\":\"https:\/\/aceweb.cat\/es\/tienda\/\"},{\"@type\":\"ListItem\",\"position\":3,\"name\":\"Quadern d\u2019Estructures\",\"item\":\"https:\/\/aceweb.cat\/es\/categoria-producto\/cuaderno-de-estructuras\/\"},{\"@type\":\"ListItem\",\"position\":4,\"name\":\"Quaderns d&#8217;Estructures 73\"}]},{\"@type\":\"WebSite\",\"@id\":\"https:\/\/aceweb.cat\/#website\",\"url\":\"https:\/\/aceweb.cat\/\",\"name\":\"ACE\",\"description\":\"Associaci\u00f3 de Consultors d&#039;Estructures | ACE\",\"publisher\":{\"@id\":\"https:\/\/aceweb.cat\/#organization\"},\"alternateName\":\"ACE\",\"potentialAction\":[{\"@type\":\"SearchAction\",\"target\":{\"@type\":\"EntryPoint\",\"urlTemplate\":\"https:\/\/aceweb.cat\/?s={search_term_string}\"},\"query-input\":{\"@type\":\"PropertyValueSpecification\",\"valueRequired\":true,\"valueName\":\"search_term_string\"}}],\"inLanguage\":\"es\"},{\"@type\":\"Organization\",\"@id\":\"https:\/\/aceweb.cat\/#organization\",\"name\":\"ACE\",\"alternateName\":\"ACE\",\"url\":\"https:\/\/aceweb.cat\/\",\"logo\":{\"@type\":\"ImageObject\",\"inLanguage\":\"es\",\"@id\":\"https:\/\/aceweb.cat\/#\/schema\/logo\/image\/\",\"url\":\"https:\/\/aceweb.cat\/wp-content\/uploads\/2022\/10\/logo.svg\",\"contentUrl\":\"https:\/\/aceweb.cat\/wp-content\/uploads\/2022\/10\/logo.svg\",\"width\":1,\"height\":1,\"caption\":\"ACE\"},\"image\":{\"@id\":\"https:\/\/aceweb.cat\/#\/schema\/logo\/image\/\"}}]}<\/script>\n<!-- \/ Yoast SEO plugin. -->","yoast_head_json":{"title":"Quaderns d'Estructures 73 | ACE","description":"Revista n\u00ba 73 con art\u00edculos de actualidad que tratan sobre la construcci\u00f3n de estructuras y que publica la Asociaci\u00f3n de Consultores de Estructuras (ACE).","robots":{"index":"index","follow":"follow","max-snippet":"max-snippet:-1","max-image-preview":"max-image-preview:large","max-video-preview":"max-video-preview:-1"},"canonical":"https:\/\/aceweb.cat\/es\/producto\/quaderns-destructures-73\/","og_locale":"es_ES","og_type":"article","og_title":"Quaderns d'Estructures 73 | ACE","og_description":"Revista n\u00ba 73 con art\u00edculos de actualidad que tratan sobre la construcci\u00f3n de estructuras y que publica la Asociaci\u00f3n de Consultores de Estructuras (ACE).","og_url":"https:\/\/aceweb.cat\/es\/producto\/quaderns-destructures-73\/","og_site_name":"aceweb.cat","article_modified_time":"2023-03-22T16:04:21+00:00","og_image":[{"width":724,"height":1024,"url":"https:\/\/aceweb.cat\/wp-content\/uploads\/2023\/01\/ACE-Quaderns-Estructures-073-1.jpg","type":"image\/jpeg"}],"twitter_card":"summary_large_image","twitter_misc":{"Tiempo de lectura":"4 minutos"},"schema":{"@context":"https:\/\/schema.org","@graph":[{"@type":"WebPage","@id":"https:\/\/aceweb.cat\/es\/producto\/quaderns-destructures-73\/","url":"https:\/\/aceweb.cat\/es\/producto\/quaderns-destructures-73\/","name":"Quaderns d'Estructures 73 | ACE","isPartOf":{"@id":"https:\/\/aceweb.cat\/#website"},"primaryImageOfPage":{"@id":"https:\/\/aceweb.cat\/es\/producto\/quaderns-destructures-73\/#primaryimage"},"image":{"@id":"https:\/\/aceweb.cat\/es\/producto\/quaderns-destructures-73\/#primaryimage"},"thumbnailUrl":"https:\/\/aceweb.cat\/wp-content\/uploads\/2023\/01\/ACE-Quaderns-Estructures-073-1.jpg","datePublished":"2023-01-26T10:00:34+00:00","dateModified":"2023-03-22T16:04:21+00:00","description":"Revista n\u00ba 73 con art\u00edculos de actualidad que tratan sobre la construcci\u00f3n de estructuras y que publica la Asociaci\u00f3n de Consultores de Estructuras (ACE).","breadcrumb":{"@id":"https:\/\/aceweb.cat\/es\/producto\/quaderns-destructures-73\/#breadcrumb"},"inLanguage":"es","potentialAction":[{"@type":"ReadAction","target":["https:\/\/aceweb.cat\/es\/producto\/quaderns-destructures-73\/"]}]},{"@type":"ImageObject","inLanguage":"es","@id":"https:\/\/aceweb.cat\/es\/producto\/quaderns-destructures-73\/#primaryimage","url":"https:\/\/aceweb.cat\/wp-content\/uploads\/2023\/01\/ACE-Quaderns-Estructures-073-1.jpg","contentUrl":"https:\/\/aceweb.cat\/wp-content\/uploads\/2023\/01\/ACE-Quaderns-Estructures-073-1.jpg","width":724,"height":1024,"caption":"ACE-Quaderns-Estructures-073"},{"@type":"BreadcrumbList","@id":"https:\/\/aceweb.cat\/es\/producto\/quaderns-destructures-73\/#breadcrumb","itemListElement":[{"@type":"ListItem","position":1,"name":"Inici","item":"https:\/\/aceweb.cat\/"},{"@type":"ListItem","position":2,"name":"Tienda","item":"https:\/\/aceweb.cat\/es\/tienda\/"},{"@type":"ListItem","position":3,"name":"Quadern d\u2019Estructures","item":"https:\/\/aceweb.cat\/es\/categoria-producto\/cuaderno-de-estructuras\/"},{"@type":"ListItem","position":4,"name":"Quaderns d&#8217;Estructures 73"}]},{"@type":"WebSite","@id":"https:\/\/aceweb.cat\/#website","url":"https:\/\/aceweb.cat\/","name":"ACE","description":"Associaci\u00f3 de Consultors d&#039;Estructures | ACE","publisher":{"@id":"https:\/\/aceweb.cat\/#organization"},"alternateName":"ACE","potentialAction":[{"@type":"SearchAction","target":{"@type":"EntryPoint","urlTemplate":"https:\/\/aceweb.cat\/?s={search_term_string}"},"query-input":{"@type":"PropertyValueSpecification","valueRequired":true,"valueName":"search_term_string"}}],"inLanguage":"es"},{"@type":"Organization","@id":"https:\/\/aceweb.cat\/#organization","name":"ACE","alternateName":"ACE","url":"https:\/\/aceweb.cat\/","logo":{"@type":"ImageObject","inLanguage":"es","@id":"https:\/\/aceweb.cat\/#\/schema\/logo\/image\/","url":"https:\/\/aceweb.cat\/wp-content\/uploads\/2022\/10\/logo.svg","contentUrl":"https:\/\/aceweb.cat\/wp-content\/uploads\/2022\/10\/logo.svg","width":1,"height":1,"caption":"ACE"},"image":{"@id":"https:\/\/aceweb.cat\/#\/schema\/logo\/image\/"}}]}},"_links":{"self":[{"href":"https:\/\/aceweb.cat\/es\/wp-json\/wp\/v2\/product\/39925","targetHints":{"allow":["GET"]}}],"collection":[{"href":"https:\/\/aceweb.cat\/es\/wp-json\/wp\/v2\/product"}],"about":[{"href":"https:\/\/aceweb.cat\/es\/wp-json\/wp\/v2\/types\/product"}],"version-history":[{"count":3,"href":"https:\/\/aceweb.cat\/es\/wp-json\/wp\/v2\/product\/39925\/revisions"}],"predecessor-version":[{"id":40498,"href":"https:\/\/aceweb.cat\/es\/wp-json\/wp\/v2\/product\/39925\/revisions\/40498"}],"wp:featuredmedia":[{"embeddable":true,"href":"https:\/\/aceweb.cat\/es\/wp-json\/wp\/v2\/media\/36486"}],"wp:attachment":[{"href":"https:\/\/aceweb.cat\/es\/wp-json\/wp\/v2\/media?parent=39925"}],"wp:term":[{"taxonomy":"product_brand","embeddable":true,"href":"https:\/\/aceweb.cat\/es\/wp-json\/wp\/v2\/product_brand?post=39925"},{"taxonomy":"product_cat","embeddable":true,"href":"https:\/\/aceweb.cat\/es\/wp-json\/wp\/v2\/product_cat?post=39925"},{"taxonomy":"product_tag","embeddable":true,"href":"https:\/\/aceweb.cat\/es\/wp-json\/wp\/v2\/product_tag?post=39925"}],"curies":[{"name":"wp","href":"https:\/\/api.w.org\/{rel}","templated":true}]}}