{"id":42046,"date":"2023-03-27T10:00:42","date_gmt":"2023-03-27T10:00:42","guid":{"rendered":"https:\/\/aceweb.cat\/?post_type=product&#038;p=42046"},"modified":"2025-03-26T12:23:13","modified_gmt":"2025-03-26T12:23:13","slug":"quaderns-destructures-74","status":"publish","type":"product","link":"https:\/\/aceweb.cat\/es\/producto\/quaderns-destructures-74\/","title":{"rendered":"Quaderns d&#8217;Estructures 74"},"content":{"rendered":"<p>Aquest n\u00famero inclou:<\/p>\n<h2><strong>1. Editorial<\/strong><\/h2>\n<p>Editorial redactada por <strong>Laure\u00e0 Mir\u00f3<\/strong>. Descarga la revista para conocer c\u00f3mo afecta el cambio clim\u00e1tico y cu\u00e1l es la responsabilidad de los consultores de estructuras:<\/p>\n<p><em>\u00abNuestra sociedad comienza ya a sufrir las consecuencias del cambio clim\u00e1tico producido por el hecho de haber sobrepasado ampliamente nuestras posibilidades de crecimiento, y en las pr\u00f3ximas d\u00e9cadas deberemos enfrentarnos a una crisis de nuestra civilizaci\u00f3n de proporciones dif\u00edcilmente concebibles. Nuestra voracidad sobre el medio natural no tiene l\u00edmite, y no somos conscientes de que nuestro bienestar \u2015y nuestra propia supervivencia\u2015 dependen totalmente de la biodiversidad existente en selvas, monta\u00f1as, mares y sabanas. Estamos rodeados de una mir\u00edada de seres vivos maravillosos que tratamos con total desconsideraci\u00f3n, ignorando todo inter\u00e9s o necesidad que no sea estrictamente humana, y nos hemos arrojado a una espiral consumista y de comodidades que est\u00e1 basada en la destrucci\u00f3n del espacio que compartimos con el resto de especies.<\/em><em>\u00ab<\/em><\/p>\n<h2><strong>2. Da\u00f1o en los edificio por culpa de grandes movimientos de tierras<\/strong><\/h2>\n<p>Art\u00edculo redactado por <strong>Fruit\u00f3s Ma\u00f1\u00e0<\/strong>. Descarga la revista para conocer como afectan las excavaciones en las edificaciones contiguas:<\/p>\n<p><em>\u00abCuando hacemos una gran excavaci\u00f3n en zona urbana, sea un s\u00f3tano o un t\u00fanel, se modifica de forma muy substancial el estado tensional del suelo y en consecuencia, el estado tensional, los edificios en que se apoyan. Como resultado de esta modificaci\u00f3n del estado tensional, los edificios pueden presentar lesiones i\/o deformaciones o no. Desde la t\u00e9cnica \u00fanicamente se suele reaccionar cuando el usuario observa que le aparecen lesiones tan importantes como para preocuparlo, y solo entonces, lo hace p\u00fablico.\u00bb<\/em><\/p>\n<h2><strong>3. Pasarela Industrial a DAMM<\/strong><\/h2>\n<p>Art\u00edculo redactado por Luis Choliz. Descarga la revista para conocer las complicaciones que se encontr\u00f3 para el dise\u00f1o de la pasarela:<\/p>\n<p><em>\u00abEl primer condicionante de dise\u00f1o fue el trazado. La pasarela discurrir\u00eda a 17 m de altura, pasando por encima de la nave donde se realiza la cogeneraci\u00f3n, el edificio donde se ubican los equipamientos fundamentales de servicio de la f\u00e1brica (\u201cedificio de energ\u00eda\u201d), la calle principal de circulaci\u00f3n interna y un potente rack de instalaciones. Para m\u00e1s inri, la puerta que se prepar\u00f3 en la fachada del EBL no quedaba enfrentada con el n\u00facleo de salida del aparcamiento en el ESR, lo que implicaba que hacer la pasarela con un trazado recto entre ambos puntos llevar\u00eda a una planta trapecial de la pasarela. Una opci\u00f3n era desplazar la puerta preparada (lo que, de hecho, se hizo) pero el desplazamiento m\u00e1ximo posible no permit\u00eda a\u00fan el trazado recto. No era un drama, pero mientras tanto se hab\u00eda construido una pantalla ac\u00fastica sobre la cubierta del edificio intermedio.<\/em><em>\u00ab<\/em><\/p>\n<h2><strong>4. Una paraboloide para F\u00e9lix Candela<\/strong><\/h2>\n<p>Art\u00edculo redactado por <strong>Florentino Regalado<\/strong>. Descarga la revista para conocer el capitulo IX del extracto del libro \u201cHistorietas biogr\u00e1ficas de un ingeniero\u201d:<\/p>\n<p><em>\u00abEn abril de 1992, publicamos en el Diario Informaci\u00f3n de Alicante un art\u00edculo titulado \u201cLa humildad de la Ingenier\u00eda pura\u201d, sobre un sencillo paraboloide hiperb\u00f3lico que proyectamos para un peque\u00f1o parque en San Vicente del Raspeig. Dicho art\u00edculo se reproduce tal cual apareci\u00f3 publicado, porque si bien existen en el mismo algunas afirmaciones que el tiempo transcurrido han subsanado, como puede ser la afirmaci\u00f3n relativa a los puentes atirantados; lo que en \u00e9l se expone, creemos que sigue teniendo plena validez. Por otra parte, el art\u00edculo no tendr\u00eda mayor raz\u00f3n de ser, si no tuviera tambi\u00e9n para nosotros un considerable valor sentimental y humano, por todo lo que se cuenta a continuaci\u00f3n<\/em><em style=\"font-size: 16px;\">.\u00bb<\/em><\/p>\n<h2><strong>5. Historia de una escalera<\/strong><\/h2>\n<p>Art\u00edculo redactado por <strong>Florentino Regalado<\/strong>. Descarga la revista para conocer el capitulo IX del extracto del libro \u201cHistorietas biogr\u00e1ficas de un ingeniero\u201d:<\/p>\n<p><em>\u00abLa historieta que les cuento en este cap\u00edtulo, me ha servido para mostrarle a mis alumnos siempre que surg\u00eda la ocasi\u00f3n, que si uno se siente seguro de su trabajo y cree razonadamente que est\u00e1 bien hecho, y si se puede demostrar con las matem\u00e1ticas mucho mejor, especialmente cuando de dise\u00f1ar y\u00a0 dimensionar una estructura se trata, no se debe consentir que nadie la manipule y la refuerce innecesariamente por un por si acaso; porque si as\u00ed se consiente se est\u00e1 poniendo de manifiesto un grado de inseguridad notable, asumiendo ser un profesional poco fiable.\u00bb<\/em><\/p>\n<h2><strong>6. Entrevista a Juan Carlos Arroyo<\/strong><\/h2>\n<p>Entrevista realizada por\u00a0<strong>Mar\u00eda Leach<\/strong>\u00a0con fotos de\u00a0<strong>Jordi Tost<\/strong>. Descarga la revista para continuar leyendo esta interesante entrevista:<\/p>\n<p><em>\u00ab\u201c<strong>La sostenibilidad ha de ser una de las misiones de los consultores de estructuras de hoy<\/strong>\u201d \u201cAsociarnos entre consultores siempre es beneficioso porque tenemos problemas similares y podemos ayudarnos entre nosotros a resolverlos\u201d \u201cUna agrupaci\u00f3n de consultores o de empresas de consultor\u00eda transmite una sensaci\u00f3n de fortaleza dentro del ecosistema constructor\u201d \u201cExplicar lo complicado de forma simple\u2026: Esta capacidad de simplificar en el mundo t\u00e9cnico la utilizo siempre en mis clases porque es muy golosa a efectos del alumno. Esa tozudez m\u00eda por entender las cosas desde la base es lo que luego me permite transmitir los conceptos con mayor claridad. Los alumnos lo valoran mucho, creo&#8230;\u201d.\u00bb<\/em><\/p>\n<h2><strong>7. Llista de membres de l&#8217;associaci\u00f3<\/strong><\/h2>\n<p>Conoce los miembros de la Associaci\u00f3 Consultors d&#8217;Estructures. Podr\u00e1s ver los nuevos integrantes\u00a0 que participan para el reconocimiento de la profesi\u00f3n dentro del mundo de las estructuras.<\/p>\n","protected":false},"excerpt":{"rendered":"<ul>\n<li>1. Editorial<\/li>\n<li>2. Da\u00f1os en los edificios por culpa de grandes movimientos de tierras<\/li>\n<li>3. Pasarela industrial en DAMM<\/li>\n<li>4. Una paraboloide para F\u00e9lix Candela<\/li>\n<li>5. Historia de una escalera<\/li>\n<li>6. Entrevista a Juan Carlos Arroyo<\/li>\n<li>7. Lista de miembros de la asociaci\u00f3n<\/li>\n<\/ul>\n","protected":false},"featured_media":42050,"template":"","meta":{"_acf_changed":false,"site-sidebar-layout":"default","site-content-layout":"default","ast-global-header-display":"","ast-main-header-display":"","ast-hfb-above-header-display":"","ast-hfb-below-header-display":"","ast-hfb-mobile-header-display":"","site-post-title":"","ast-breadcrumbs-content":"","ast-featured-img":"","footer-sml-layout":"","theme-transparent-header-meta":"default","adv-header-id-meta":"","stick-header-meta":"","header-above-stick-meta":"","header-main-stick-meta":"","header-below-stick-meta":""},"product_brand":[],"product_cat":[595],"product_tag":[],"class_list":{"0":"post-42046","1":"product","2":"type-product","3":"status-publish","4":"has-post-thumbnail","6":"product_cat-cuaderno-de-estructuras","7":"desktop-align-left","8":"tablet-align-left","9":"mobile-align-left","11":"first","12":"instock","13":"taxable","14":"shipping-taxable","15":"purchasable","16":"product-type-variable"},"acf":[],"yoast_head":"<!-- This site is optimized with the Yoast SEO plugin v27.1.1 - https:\/\/yoast.com\/product\/yoast-seo-wordpress\/ -->\n<title>Quaderns d&#039;Estructures 74 | ACE<\/title>\n<meta name=\"description\" content=\"Revista n\u00ba 74 con art\u00edculos de actualidad que tratan sobre la construcci\u00f3n de estructuras y que publica la Asociaci\u00f3n de Consultores de Estructuras (ACE).\" \/>\n<meta name=\"robots\" content=\"index, follow, max-snippet:-1, max-image-preview:large, max-video-preview:-1\" \/>\n<link rel=\"canonical\" href=\"https:\/\/aceweb.cat\/producte\/quaderns-destructures-74\/\" \/>\n<meta property=\"og:locale\" content=\"es_ES\" \/>\n<meta property=\"og:type\" content=\"article\" \/>\n<meta property=\"og:title\" content=\"Quaderns d&#039;Estructures 74 | ACE\" \/>\n<meta property=\"og:description\" content=\"Revista n\u00ba 74 con art\u00edculos de actualidad que tratan sobre la construcci\u00f3n de estructuras y que publica la Asociaci\u00f3n de Consultores de Estructuras (ACE).\" \/>\n<meta property=\"og:url\" content=\"https:\/\/aceweb.cat\/producte\/quaderns-destructures-74\/\" \/>\n<meta property=\"og:site_name\" content=\"aceweb.cat\" \/>\n<meta property=\"article:modified_time\" content=\"2025-03-26T12:23:13+00:00\" \/>\n<meta property=\"og:image\" content=\"https:\/\/aceweb.cat\/wp-content\/uploads\/2023\/05\/Quaderns-estructures-74.jpg\" \/>\n\t<meta property=\"og:image:width\" content=\"724\" \/>\n\t<meta property=\"og:image:height\" content=\"1024\" \/>\n\t<meta property=\"og:image:type\" content=\"image\/jpeg\" \/>\n<meta name=\"twitter:card\" content=\"summary_large_image\" \/>\n<meta name=\"twitter:label1\" content=\"Tiempo de lectura\" \/>\n\t<meta name=\"twitter:data1\" content=\"5 minutos\" \/>\n<script type=\"application\/ld+json\" class=\"yoast-schema-graph\">{\"@context\":\"https:\/\/schema.org\",\"@graph\":[{\"@type\":\"WebPage\",\"@id\":\"https:\/\/aceweb.cat\/producte\/quaderns-destructures-74\/\",\"url\":\"https:\/\/aceweb.cat\/producte\/quaderns-destructures-74\/\",\"name\":\"Quaderns d'Estructures 74 | ACE\",\"isPartOf\":{\"@id\":\"https:\/\/aceweb.cat\/#website\"},\"primaryImageOfPage\":{\"@id\":\"https:\/\/aceweb.cat\/producte\/quaderns-destructures-74\/#primaryimage\"},\"image\":{\"@id\":\"https:\/\/aceweb.cat\/producte\/quaderns-destructures-74\/#primaryimage\"},\"thumbnailUrl\":\"https:\/\/aceweb.cat\/wp-content\/uploads\/2023\/05\/Quaderns-estructures-74.jpg\",\"datePublished\":\"2023-03-27T10:00:42+00:00\",\"dateModified\":\"2025-03-26T12:23:13+00:00\",\"description\":\"Revista n\u00ba 74 con art\u00edculos de actualidad que tratan sobre la construcci\u00f3n de estructuras y que publica la Asociaci\u00f3n de Consultores de Estructuras (ACE).\",\"breadcrumb\":{\"@id\":\"https:\/\/aceweb.cat\/producte\/quaderns-destructures-74\/#breadcrumb\"},\"inLanguage\":\"es\",\"potentialAction\":[{\"@type\":\"ReadAction\",\"target\":[\"https:\/\/aceweb.cat\/producte\/quaderns-destructures-74\/\"]}]},{\"@type\":\"ImageObject\",\"inLanguage\":\"es\",\"@id\":\"https:\/\/aceweb.cat\/producte\/quaderns-destructures-74\/#primaryimage\",\"url\":\"https:\/\/aceweb.cat\/wp-content\/uploads\/2023\/05\/Quaderns-estructures-74.jpg\",\"contentUrl\":\"https:\/\/aceweb.cat\/wp-content\/uploads\/2023\/05\/Quaderns-estructures-74.jpg\",\"width\":724,\"height\":1024,\"caption\":\"ACE. Quadern d'estructura 74\"},{\"@type\":\"BreadcrumbList\",\"@id\":\"https:\/\/aceweb.cat\/producte\/quaderns-destructures-74\/#breadcrumb\",\"itemListElement\":[{\"@type\":\"ListItem\",\"position\":1,\"name\":\"Inici\",\"item\":\"https:\/\/aceweb.cat\/\"},{\"@type\":\"ListItem\",\"position\":2,\"name\":\"Tienda\",\"item\":\"https:\/\/aceweb.cat\/es\/tienda\/\"},{\"@type\":\"ListItem\",\"position\":3,\"name\":\"Quadern d\u2019Estructures\",\"item\":\"https:\/\/aceweb.cat\/es\/categoria-producto\/cuaderno-de-estructuras\/\"},{\"@type\":\"ListItem\",\"position\":4,\"name\":\"Quaderns d&#8217;Estructures 74\"}]},{\"@type\":\"WebSite\",\"@id\":\"https:\/\/aceweb.cat\/#website\",\"url\":\"https:\/\/aceweb.cat\/\",\"name\":\"ACE\",\"description\":\"Associaci\u00f3 de Consultors d&#039;Estructures | ACE\",\"publisher\":{\"@id\":\"https:\/\/aceweb.cat\/#organization\"},\"alternateName\":\"ACE\",\"potentialAction\":[{\"@type\":\"SearchAction\",\"target\":{\"@type\":\"EntryPoint\",\"urlTemplate\":\"https:\/\/aceweb.cat\/?s={search_term_string}\"},\"query-input\":{\"@type\":\"PropertyValueSpecification\",\"valueRequired\":true,\"valueName\":\"search_term_string\"}}],\"inLanguage\":\"es\"},{\"@type\":\"Organization\",\"@id\":\"https:\/\/aceweb.cat\/#organization\",\"name\":\"ACE\",\"alternateName\":\"ACE\",\"url\":\"https:\/\/aceweb.cat\/\",\"logo\":{\"@type\":\"ImageObject\",\"inLanguage\":\"es\",\"@id\":\"https:\/\/aceweb.cat\/#\/schema\/logo\/image\/\",\"url\":\"https:\/\/aceweb.cat\/wp-content\/uploads\/2022\/10\/logo.svg\",\"contentUrl\":\"https:\/\/aceweb.cat\/wp-content\/uploads\/2022\/10\/logo.svg\",\"width\":1,\"height\":1,\"caption\":\"ACE\"},\"image\":{\"@id\":\"https:\/\/aceweb.cat\/#\/schema\/logo\/image\/\"}}]}<\/script>\n<!-- \/ Yoast SEO plugin. -->","yoast_head_json":{"title":"Quaderns d'Estructures 74 | ACE","description":"Revista n\u00ba 74 con art\u00edculos de actualidad que tratan sobre la construcci\u00f3n de estructuras y que publica la Asociaci\u00f3n de Consultores de Estructuras (ACE).","robots":{"index":"index","follow":"follow","max-snippet":"max-snippet:-1","max-image-preview":"max-image-preview:large","max-video-preview":"max-video-preview:-1"},"canonical":"https:\/\/aceweb.cat\/producte\/quaderns-destructures-74\/","og_locale":"es_ES","og_type":"article","og_title":"Quaderns d'Estructures 74 | ACE","og_description":"Revista n\u00ba 74 con art\u00edculos de actualidad que tratan sobre la construcci\u00f3n de estructuras y que publica la Asociaci\u00f3n de Consultores de Estructuras (ACE).","og_url":"https:\/\/aceweb.cat\/producte\/quaderns-destructures-74\/","og_site_name":"aceweb.cat","article_modified_time":"2025-03-26T12:23:13+00:00","og_image":[{"width":724,"height":1024,"url":"https:\/\/aceweb.cat\/wp-content\/uploads\/2023\/05\/Quaderns-estructures-74.jpg","type":"image\/jpeg"}],"twitter_card":"summary_large_image","twitter_misc":{"Tiempo de lectura":"5 minutos"},"schema":{"@context":"https:\/\/schema.org","@graph":[{"@type":"WebPage","@id":"https:\/\/aceweb.cat\/producte\/quaderns-destructures-74\/","url":"https:\/\/aceweb.cat\/producte\/quaderns-destructures-74\/","name":"Quaderns d'Estructures 74 | ACE","isPartOf":{"@id":"https:\/\/aceweb.cat\/#website"},"primaryImageOfPage":{"@id":"https:\/\/aceweb.cat\/producte\/quaderns-destructures-74\/#primaryimage"},"image":{"@id":"https:\/\/aceweb.cat\/producte\/quaderns-destructures-74\/#primaryimage"},"thumbnailUrl":"https:\/\/aceweb.cat\/wp-content\/uploads\/2023\/05\/Quaderns-estructures-74.jpg","datePublished":"2023-03-27T10:00:42+00:00","dateModified":"2025-03-26T12:23:13+00:00","description":"Revista n\u00ba 74 con art\u00edculos de actualidad que tratan sobre la construcci\u00f3n de estructuras y que publica la Asociaci\u00f3n de Consultores de Estructuras (ACE).","breadcrumb":{"@id":"https:\/\/aceweb.cat\/producte\/quaderns-destructures-74\/#breadcrumb"},"inLanguage":"es","potentialAction":[{"@type":"ReadAction","target":["https:\/\/aceweb.cat\/producte\/quaderns-destructures-74\/"]}]},{"@type":"ImageObject","inLanguage":"es","@id":"https:\/\/aceweb.cat\/producte\/quaderns-destructures-74\/#primaryimage","url":"https:\/\/aceweb.cat\/wp-content\/uploads\/2023\/05\/Quaderns-estructures-74.jpg","contentUrl":"https:\/\/aceweb.cat\/wp-content\/uploads\/2023\/05\/Quaderns-estructures-74.jpg","width":724,"height":1024,"caption":"ACE. Quadern d'estructura 74"},{"@type":"BreadcrumbList","@id":"https:\/\/aceweb.cat\/producte\/quaderns-destructures-74\/#breadcrumb","itemListElement":[{"@type":"ListItem","position":1,"name":"Inici","item":"https:\/\/aceweb.cat\/"},{"@type":"ListItem","position":2,"name":"Tienda","item":"https:\/\/aceweb.cat\/es\/tienda\/"},{"@type":"ListItem","position":3,"name":"Quadern d\u2019Estructures","item":"https:\/\/aceweb.cat\/es\/categoria-producto\/cuaderno-de-estructuras\/"},{"@type":"ListItem","position":4,"name":"Quaderns d&#8217;Estructures 74"}]},{"@type":"WebSite","@id":"https:\/\/aceweb.cat\/#website","url":"https:\/\/aceweb.cat\/","name":"ACE","description":"Associaci\u00f3 de Consultors d&#039;Estructures | ACE","publisher":{"@id":"https:\/\/aceweb.cat\/#organization"},"alternateName":"ACE","potentialAction":[{"@type":"SearchAction","target":{"@type":"EntryPoint","urlTemplate":"https:\/\/aceweb.cat\/?s={search_term_string}"},"query-input":{"@type":"PropertyValueSpecification","valueRequired":true,"valueName":"search_term_string"}}],"inLanguage":"es"},{"@type":"Organization","@id":"https:\/\/aceweb.cat\/#organization","name":"ACE","alternateName":"ACE","url":"https:\/\/aceweb.cat\/","logo":{"@type":"ImageObject","inLanguage":"es","@id":"https:\/\/aceweb.cat\/#\/schema\/logo\/image\/","url":"https:\/\/aceweb.cat\/wp-content\/uploads\/2022\/10\/logo.svg","contentUrl":"https:\/\/aceweb.cat\/wp-content\/uploads\/2022\/10\/logo.svg","width":1,"height":1,"caption":"ACE"},"image":{"@id":"https:\/\/aceweb.cat\/#\/schema\/logo\/image\/"}}]}},"_links":{"self":[{"href":"https:\/\/aceweb.cat\/es\/wp-json\/wp\/v2\/product\/42046","targetHints":{"allow":["GET"]}}],"collection":[{"href":"https:\/\/aceweb.cat\/es\/wp-json\/wp\/v2\/product"}],"about":[{"href":"https:\/\/aceweb.cat\/es\/wp-json\/wp\/v2\/types\/product"}],"version-history":[{"count":4,"href":"https:\/\/aceweb.cat\/es\/wp-json\/wp\/v2\/product\/42046\/revisions"}],"predecessor-version":[{"id":46204,"href":"https:\/\/aceweb.cat\/es\/wp-json\/wp\/v2\/product\/42046\/revisions\/46204"}],"wp:featuredmedia":[{"embeddable":true,"href":"https:\/\/aceweb.cat\/es\/wp-json\/wp\/v2\/media\/42050"}],"wp:attachment":[{"href":"https:\/\/aceweb.cat\/es\/wp-json\/wp\/v2\/media?parent=42046"}],"wp:term":[{"taxonomy":"product_brand","embeddable":true,"href":"https:\/\/aceweb.cat\/es\/wp-json\/wp\/v2\/product_brand?post=42046"},{"taxonomy":"product_cat","embeddable":true,"href":"https:\/\/aceweb.cat\/es\/wp-json\/wp\/v2\/product_cat?post=42046"},{"taxonomy":"product_tag","embeddable":true,"href":"https:\/\/aceweb.cat\/es\/wp-json\/wp\/v2\/product_tag?post=42046"}],"curies":[{"name":"wp","href":"https:\/\/api.w.org\/{rel}","templated":true}]}}