{"id":42222,"date":"2023-05-22T08:10:35","date_gmt":"2023-05-22T08:10:35","guid":{"rendered":"https:\/\/aceweb.cat\/?post_type=product&#038;p=42222"},"modified":"2023-10-20T05:54:55","modified_gmt":"2023-10-20T05:54:55","slug":"monografico-4-guia-cge-consultoria-geotecnica-en-edificacion-castellano","status":"publish","type":"product","link":"https:\/\/aceweb.cat\/es\/producto\/monografico-4-guia-cge-consultoria-geotecnica-en-edificacion-castellano\/","title":{"rendered":"Monogr\u00e1fico 4. GU\u00cdA CGE. Consultor\u00eda Geot\u00e9cnica en Edificaci\u00f3n. Castellano"},"content":{"rendered":"<p>La Comisi\u00f3n de Geotecnia de la ACE ha preparado unas hojas de c\u00e1lculo para la monograf\u00eda 4 \u201cGU\u00cdA CGE. Consultor\u00eda Geot\u00e9cnica en Edificaci\u00f3n\u201d 1a edici\u00f3n 2022. Castellano. Solo formato pdf.<\/p>\n","protected":false},"excerpt":{"rendered":"<p>La Comisi\u00f3n de Geotecnia de la ACE ha preparado unas hojas de c\u00e1lculo para la monograf\u00eda 4 \u201cGU\u00cdA CGE. Consultor\u00eda Geot\u00e9cnica en Edificaci\u00f3n\u201d 1a edici\u00f3n 2022. Castellano<\/p>\n","protected":false},"featured_media":42232,"template":"","meta":{"_acf_changed":false,"site-sidebar-layout":"default","site-content-layout":"default","ast-global-header-display":"","ast-main-header-display":"","ast-hfb-above-header-display":"","ast-hfb-below-header-display":"","ast-hfb-mobile-header-display":"","site-post-title":"","ast-breadcrumbs-content":"","ast-featured-img":"","footer-sml-layout":"","theme-transparent-header-meta":"default","adv-header-id-meta":"","stick-header-meta":"","header-above-stick-meta":"","header-main-stick-meta":"","header-below-stick-meta":""},"product_brand":[],"product_cat":[1471],"product_tag":[],"class_list":{"0":"post-42222","1":"product","2":"type-product","3":"status-publish","4":"has-post-thumbnail","6":"product_cat-monograficos","7":"desktop-align-left","8":"tablet-align-left","9":"mobile-align-left","11":"first","12":"instock","13":"downloadable","14":"virtual","15":"taxable","16":"purchasable","17":"product-type-simple"},"acf":[],"yoast_head":"<!-- This site is optimized with the Yoast SEO plugin v27.1.1 - https:\/\/yoast.com\/product\/yoast-seo-wordpress\/ -->\n<title>Guia CGE. Consultor\u00eda Geot\u00e9cnica en Edificaci\u00f3n - Castellano<\/title>\n<meta name=\"description\" content=\"Descarga el monogr\u00e1fico 4, la &quot;Gu\u00eda CGE. Consultor\u00eda Geot\u00e9cnica en Edificaci\u00f3n&quot;, creada con la colaboraci\u00f3n de muchos t\u00e9cnicos, empresas e instituciones.\" \/>\n<meta name=\"robots\" content=\"index, follow, max-snippet:-1, max-image-preview:large, max-video-preview:-1\" \/>\n<link rel=\"canonical\" href=\"https:\/\/aceweb.cat\/es\/producto\/monografico-4-guia-cge-consultoria-geotecnica-en-edificacion-castellano\/\" \/>\n<meta property=\"og:locale\" content=\"es_ES\" \/>\n<meta property=\"og:type\" content=\"article\" \/>\n<meta property=\"og:title\" content=\"Guia CGE. Consultor\u00eda Geot\u00e9cnica en Edificaci\u00f3n - Castellano\" \/>\n<meta property=\"og:description\" content=\"Descarga el monogr\u00e1fico 4, la &quot;Gu\u00eda CGE. Consultor\u00eda Geot\u00e9cnica en Edificaci\u00f3n&quot;, creada con la colaboraci\u00f3n de muchos t\u00e9cnicos, empresas e instituciones.\" \/>\n<meta property=\"og:url\" content=\"https:\/\/aceweb.cat\/es\/producto\/monografico-4-guia-cge-consultoria-geotecnica-en-edificacion-castellano\/\" \/>\n<meta property=\"og:site_name\" content=\"aceweb.cat\" \/>\n<meta property=\"article:modified_time\" content=\"2023-10-20T05:54:55+00:00\" \/>\n<meta property=\"og:image\" content=\"https:\/\/aceweb.cat\/wp-content\/uploads\/2023\/05\/Monografico_4_CAST_Coberta-e1684745443428.jpg\" \/>\n\t<meta property=\"og:image:width\" content=\"1240\" \/>\n\t<meta property=\"og:image:height\" content=\"1754\" \/>\n\t<meta property=\"og:image:type\" content=\"image\/jpeg\" \/>\n<meta name=\"twitter:card\" content=\"summary_large_image\" \/>\n<meta name=\"twitter:label1\" content=\"Tiempo de lectura\" \/>\n\t<meta name=\"twitter:data1\" content=\"1 minuto\" \/>\n<script type=\"application\/ld+json\" class=\"yoast-schema-graph\">{\"@context\":\"https:\/\/schema.org\",\"@graph\":[{\"@type\":\"WebPage\",\"@id\":\"https:\/\/aceweb.cat\/es\/producto\/monografico-4-guia-cge-consultoria-geotecnica-en-edificacion-castellano\/\",\"url\":\"https:\/\/aceweb.cat\/es\/producto\/monografico-4-guia-cge-consultoria-geotecnica-en-edificacion-castellano\/\",\"name\":\"Guia CGE. Consultor\u00eda Geot\u00e9cnica en Edificaci\u00f3n - Castellano\",\"isPartOf\":{\"@id\":\"https:\/\/aceweb.cat\/#website\"},\"primaryImageOfPage\":{\"@id\":\"https:\/\/aceweb.cat\/es\/producto\/monografico-4-guia-cge-consultoria-geotecnica-en-edificacion-castellano\/#primaryimage\"},\"image\":{\"@id\":\"https:\/\/aceweb.cat\/es\/producto\/monografico-4-guia-cge-consultoria-geotecnica-en-edificacion-castellano\/#primaryimage\"},\"thumbnailUrl\":\"https:\/\/aceweb.cat\/wp-content\/uploads\/2023\/05\/Monografico_4_CAST_Coberta-e1684745443428.jpg\",\"datePublished\":\"2023-05-22T08:10:35+00:00\",\"dateModified\":\"2023-10-20T05:54:55+00:00\",\"description\":\"Descarga el monogr\u00e1fico 4, la \\\"Gu\u00eda CGE. Consultor\u00eda Geot\u00e9cnica en Edificaci\u00f3n\\\", creada con la colaboraci\u00f3n de muchos t\u00e9cnicos, empresas e instituciones.\",\"breadcrumb\":{\"@id\":\"https:\/\/aceweb.cat\/es\/producto\/monografico-4-guia-cge-consultoria-geotecnica-en-edificacion-castellano\/#breadcrumb\"},\"inLanguage\":\"es\",\"potentialAction\":[{\"@type\":\"ReadAction\",\"target\":[\"https:\/\/aceweb.cat\/es\/producto\/monografico-4-guia-cge-consultoria-geotecnica-en-edificacion-castellano\/\"]}]},{\"@type\":\"ImageObject\",\"inLanguage\":\"es\",\"@id\":\"https:\/\/aceweb.cat\/es\/producto\/monografico-4-guia-cge-consultoria-geotecnica-en-edificacion-castellano\/#primaryimage\",\"url\":\"https:\/\/aceweb.cat\/wp-content\/uploads\/2023\/05\/Monografico_4_CAST_Coberta-e1684745443428.jpg\",\"contentUrl\":\"https:\/\/aceweb.cat\/wp-content\/uploads\/2023\/05\/Monografico_4_CAST_Coberta-e1684745443428.jpg\",\"width\":1240,\"height\":1754,\"caption\":\"Monogr\u00e1fico 4 Castellano\"},{\"@type\":\"BreadcrumbList\",\"@id\":\"https:\/\/aceweb.cat\/es\/producto\/monografico-4-guia-cge-consultoria-geotecnica-en-edificacion-castellano\/#breadcrumb\",\"itemListElement\":[{\"@type\":\"ListItem\",\"position\":1,\"name\":\"Inici\",\"item\":\"https:\/\/aceweb.cat\/\"},{\"@type\":\"ListItem\",\"position\":2,\"name\":\"Tienda\",\"item\":\"https:\/\/aceweb.cat\/es\/tienda\/\"},{\"@type\":\"ListItem\",\"position\":3,\"name\":\"Monogr\u00e1ficos\",\"item\":\"https:\/\/aceweb.cat\/es\/categoria-producto\/monograficos\/\"},{\"@type\":\"ListItem\",\"position\":4,\"name\":\"Monogr\u00e1fico 4. GU\u00cdA CGE. Consultor\u00eda Geot\u00e9cnica en Edificaci\u00f3n. Castellano\"}]},{\"@type\":\"WebSite\",\"@id\":\"https:\/\/aceweb.cat\/#website\",\"url\":\"https:\/\/aceweb.cat\/\",\"name\":\"ACE\",\"description\":\"Associaci\u00f3 de Consultors d&#039;Estructures | ACE\",\"publisher\":{\"@id\":\"https:\/\/aceweb.cat\/#organization\"},\"alternateName\":\"ACE\",\"potentialAction\":[{\"@type\":\"SearchAction\",\"target\":{\"@type\":\"EntryPoint\",\"urlTemplate\":\"https:\/\/aceweb.cat\/?s={search_term_string}\"},\"query-input\":{\"@type\":\"PropertyValueSpecification\",\"valueRequired\":true,\"valueName\":\"search_term_string\"}}],\"inLanguage\":\"es\"},{\"@type\":\"Organization\",\"@id\":\"https:\/\/aceweb.cat\/#organization\",\"name\":\"ACE\",\"alternateName\":\"ACE\",\"url\":\"https:\/\/aceweb.cat\/\",\"logo\":{\"@type\":\"ImageObject\",\"inLanguage\":\"es\",\"@id\":\"https:\/\/aceweb.cat\/#\/schema\/logo\/image\/\",\"url\":\"https:\/\/aceweb.cat\/wp-content\/uploads\/2022\/10\/logo.svg\",\"contentUrl\":\"https:\/\/aceweb.cat\/wp-content\/uploads\/2022\/10\/logo.svg\",\"width\":1,\"height\":1,\"caption\":\"ACE\"},\"image\":{\"@id\":\"https:\/\/aceweb.cat\/#\/schema\/logo\/image\/\"}}]}<\/script>\n<!-- \/ Yoast SEO plugin. -->","yoast_head_json":{"title":"Guia CGE. Consultor\u00eda Geot\u00e9cnica en Edificaci\u00f3n - Castellano","description":"Descarga el monogr\u00e1fico 4, la \"Gu\u00eda CGE. Consultor\u00eda Geot\u00e9cnica en Edificaci\u00f3n\", creada con la colaboraci\u00f3n de muchos t\u00e9cnicos, empresas e instituciones.","robots":{"index":"index","follow":"follow","max-snippet":"max-snippet:-1","max-image-preview":"max-image-preview:large","max-video-preview":"max-video-preview:-1"},"canonical":"https:\/\/aceweb.cat\/es\/producto\/monografico-4-guia-cge-consultoria-geotecnica-en-edificacion-castellano\/","og_locale":"es_ES","og_type":"article","og_title":"Guia CGE. Consultor\u00eda Geot\u00e9cnica en Edificaci\u00f3n - Castellano","og_description":"Descarga el monogr\u00e1fico 4, la \"Gu\u00eda CGE. Consultor\u00eda Geot\u00e9cnica en Edificaci\u00f3n\", creada con la colaboraci\u00f3n de muchos t\u00e9cnicos, empresas e instituciones.","og_url":"https:\/\/aceweb.cat\/es\/producto\/monografico-4-guia-cge-consultoria-geotecnica-en-edificacion-castellano\/","og_site_name":"aceweb.cat","article_modified_time":"2023-10-20T05:54:55+00:00","og_image":[{"width":1240,"height":1754,"url":"https:\/\/aceweb.cat\/wp-content\/uploads\/2023\/05\/Monografico_4_CAST_Coberta-e1684745443428.jpg","type":"image\/jpeg"}],"twitter_card":"summary_large_image","twitter_misc":{"Tiempo de lectura":"1 minuto"},"schema":{"@context":"https:\/\/schema.org","@graph":[{"@type":"WebPage","@id":"https:\/\/aceweb.cat\/es\/producto\/monografico-4-guia-cge-consultoria-geotecnica-en-edificacion-castellano\/","url":"https:\/\/aceweb.cat\/es\/producto\/monografico-4-guia-cge-consultoria-geotecnica-en-edificacion-castellano\/","name":"Guia CGE. Consultor\u00eda Geot\u00e9cnica en Edificaci\u00f3n - Castellano","isPartOf":{"@id":"https:\/\/aceweb.cat\/#website"},"primaryImageOfPage":{"@id":"https:\/\/aceweb.cat\/es\/producto\/monografico-4-guia-cge-consultoria-geotecnica-en-edificacion-castellano\/#primaryimage"},"image":{"@id":"https:\/\/aceweb.cat\/es\/producto\/monografico-4-guia-cge-consultoria-geotecnica-en-edificacion-castellano\/#primaryimage"},"thumbnailUrl":"https:\/\/aceweb.cat\/wp-content\/uploads\/2023\/05\/Monografico_4_CAST_Coberta-e1684745443428.jpg","datePublished":"2023-05-22T08:10:35+00:00","dateModified":"2023-10-20T05:54:55+00:00","description":"Descarga el monogr\u00e1fico 4, la \"Gu\u00eda CGE. Consultor\u00eda Geot\u00e9cnica en Edificaci\u00f3n\", creada con la colaboraci\u00f3n de muchos t\u00e9cnicos, empresas e instituciones.","breadcrumb":{"@id":"https:\/\/aceweb.cat\/es\/producto\/monografico-4-guia-cge-consultoria-geotecnica-en-edificacion-castellano\/#breadcrumb"},"inLanguage":"es","potentialAction":[{"@type":"ReadAction","target":["https:\/\/aceweb.cat\/es\/producto\/monografico-4-guia-cge-consultoria-geotecnica-en-edificacion-castellano\/"]}]},{"@type":"ImageObject","inLanguage":"es","@id":"https:\/\/aceweb.cat\/es\/producto\/monografico-4-guia-cge-consultoria-geotecnica-en-edificacion-castellano\/#primaryimage","url":"https:\/\/aceweb.cat\/wp-content\/uploads\/2023\/05\/Monografico_4_CAST_Coberta-e1684745443428.jpg","contentUrl":"https:\/\/aceweb.cat\/wp-content\/uploads\/2023\/05\/Monografico_4_CAST_Coberta-e1684745443428.jpg","width":1240,"height":1754,"caption":"Monogr\u00e1fico 4 Castellano"},{"@type":"BreadcrumbList","@id":"https:\/\/aceweb.cat\/es\/producto\/monografico-4-guia-cge-consultoria-geotecnica-en-edificacion-castellano\/#breadcrumb","itemListElement":[{"@type":"ListItem","position":1,"name":"Inici","item":"https:\/\/aceweb.cat\/"},{"@type":"ListItem","position":2,"name":"Tienda","item":"https:\/\/aceweb.cat\/es\/tienda\/"},{"@type":"ListItem","position":3,"name":"Monogr\u00e1ficos","item":"https:\/\/aceweb.cat\/es\/categoria-producto\/monograficos\/"},{"@type":"ListItem","position":4,"name":"Monogr\u00e1fico 4. GU\u00cdA CGE. Consultor\u00eda Geot\u00e9cnica en Edificaci\u00f3n. Castellano"}]},{"@type":"WebSite","@id":"https:\/\/aceweb.cat\/#website","url":"https:\/\/aceweb.cat\/","name":"ACE","description":"Associaci\u00f3 de Consultors d&#039;Estructures | ACE","publisher":{"@id":"https:\/\/aceweb.cat\/#organization"},"alternateName":"ACE","potentialAction":[{"@type":"SearchAction","target":{"@type":"EntryPoint","urlTemplate":"https:\/\/aceweb.cat\/?s={search_term_string}"},"query-input":{"@type":"PropertyValueSpecification","valueRequired":true,"valueName":"search_term_string"}}],"inLanguage":"es"},{"@type":"Organization","@id":"https:\/\/aceweb.cat\/#organization","name":"ACE","alternateName":"ACE","url":"https:\/\/aceweb.cat\/","logo":{"@type":"ImageObject","inLanguage":"es","@id":"https:\/\/aceweb.cat\/#\/schema\/logo\/image\/","url":"https:\/\/aceweb.cat\/wp-content\/uploads\/2022\/10\/logo.svg","contentUrl":"https:\/\/aceweb.cat\/wp-content\/uploads\/2022\/10\/logo.svg","width":1,"height":1,"caption":"ACE"},"image":{"@id":"https:\/\/aceweb.cat\/#\/schema\/logo\/image\/"}}]}},"_links":{"self":[{"href":"https:\/\/aceweb.cat\/es\/wp-json\/wp\/v2\/product\/42222","targetHints":{"allow":["GET"]}}],"collection":[{"href":"https:\/\/aceweb.cat\/es\/wp-json\/wp\/v2\/product"}],"about":[{"href":"https:\/\/aceweb.cat\/es\/wp-json\/wp\/v2\/types\/product"}],"version-history":[{"count":2,"href":"https:\/\/aceweb.cat\/es\/wp-json\/wp\/v2\/product\/42222\/revisions"}],"predecessor-version":[{"id":43225,"href":"https:\/\/aceweb.cat\/es\/wp-json\/wp\/v2\/product\/42222\/revisions\/43225"}],"wp:featuredmedia":[{"embeddable":true,"href":"https:\/\/aceweb.cat\/es\/wp-json\/wp\/v2\/media\/42232"}],"wp:attachment":[{"href":"https:\/\/aceweb.cat\/es\/wp-json\/wp\/v2\/media?parent=42222"}],"wp:term":[{"taxonomy":"product_brand","embeddable":true,"href":"https:\/\/aceweb.cat\/es\/wp-json\/wp\/v2\/product_brand?post=42222"},{"taxonomy":"product_cat","embeddable":true,"href":"https:\/\/aceweb.cat\/es\/wp-json\/wp\/v2\/product_cat?post=42222"},{"taxonomy":"product_tag","embeddable":true,"href":"https:\/\/aceweb.cat\/es\/wp-json\/wp\/v2\/product_tag?post=42222"}],"curies":[{"name":"wp","href":"https:\/\/api.w.org\/{rel}","templated":true}]}}