{"id":42271,"date":"2023-05-28T07:28:55","date_gmt":"2023-05-28T07:28:55","guid":{"rendered":"https:\/\/aceweb.cat\/?post_type=product&#038;p=42271"},"modified":"2023-06-07T08:21:36","modified_gmt":"2023-06-07T08:21:36","slug":"quaderns-destructures-75","status":"publish","type":"product","link":"https:\/\/aceweb.cat\/es\/producto\/quaderns-destructures-75\/","title":{"rendered":"Quaderns d&#8217;Estructures 75"},"content":{"rendered":"<p>Este n\u00famero incluye:<\/p>\n<h2><strong>1. Editorial<\/strong><\/h2>\n<p>Editorial redactada por <strong>David Pedrerol<\/strong>. Descarga la revista para conocer c\u00f3mo afecta el reciclaje en la construcci\u00f3n:<\/p>\n<p><em>\u00abLa UNESCO fij\u00f3 el d\u00eda 17 de mayo como el <strong>D\u00eda Mundial del Reciclaje<\/strong> con el objetivo de concienciar a la sociedad sobre la importancia de tratar los residuos como corresponden, disminuyendo as\u00ed el consumo de recursos con la clara voluntad de proteger el medio ambiente (Todo gran movimiento social debe tener su d\u00eda, aunque su presencia sea cotidiana). La importancia que tiene el reciclaje en el mundo de la construcci\u00f3n es evidente, pues esta industria es responsable del 75% del consumo de los recursos naturales de la tierra y del 40% de las emisiones de CO2 a la atm\u00f3sfera. Y c\u00f3mo no, <strong>el consultor de estructuras tiene algo que decir, y aportar<\/strong>.<\/em><em>\u00ab<\/em><\/p>\n<h2><strong>2. Ses (Steel embed System). El nuevo sistema integrado de forjado, caracter\u00edsticas principales y ejemplo de c\u00e1lculo<\/strong><\/h2>\n<p>Art\u00edculo redactado por <strong>Joan Francesc Garc\u00eda Beltr\u00e1n<\/strong>. Descarga la revista para conocer el nuevo sistema integrado de forjado:<\/p>\n<p><em>\u00abJoan Francesc Garc\u00eda Beltr\u00e1n, arquitecto miembro de la ACE y fundador de JFG CONSULTORS lanza un nuevo sistema de forjado integrado bajo el nombre comercial de SES: Steel Embed System.<br \/>\nEl sistema se comercializa en dos versiones, Mixto y Seco, seg\u00fan las necesidades y limitaciones de los proyectos de edificaci\u00f3n.<br \/>\nEl SES interpreta la necesidad de hormigonado, de apuntalamiento, el tiempo de ejecuci\u00f3n y la necesidad de manipulaci\u00f3n en obra como debilidades de los sistemas constructivos actuales y se marca como objetivo dise\u00f1ar un forjado que las elimine o minimice tanto como sea posible.<br \/>\nEl comportamiento del SES Mixto y el SES seco se asemeja a las prelosas de hormig\u00f3n en tanto a su capacidad para cubrir grandes extensiones, su f\u00e1cil manipulaci\u00f3n y su funcionamiento como encofrado perdido; si bien reduce notablemente su peso propio, posibilitando su ejecuci\u00f3n sin necesidad de apuntalamiento<br \/>\n.\u00bb<\/em><\/p>\n<h2><strong>3. Geometr\u00eda estructural con GeoGebra<\/strong><\/h2>\n<p>Art\u00edculo redactado por <strong>Josep M. Genesc\u00e0<\/strong>. Descarga la revista para conocer la est\u00e1tica gr\u00e1fica:<\/p>\n<p><em>\u00abA lo largo de la historia, se ha podido comprobar que teor\u00edas antiguas ya superadas se han revitalizado con la aparici\u00f3n de nuevas herramientas o nuevos procedimientos. Esto es lo que est\u00e1 pasando, ahora mismo, con la est\u00e1tica gr\u00e1fica. Al mismo tiempo, actualmente, \u00e9sta se encuentra absolutamente abandonada, tanto desde el punto de vista acad\u00e9mico como profesional. Efectivamente, no se pueden resolver problemas estructurales con ayuda de una escuadra y un cartab\u00f3n, ni siquiera con un sistema de dibujo automatizado, cuando la modificaci\u00f3n de la longitud de una barra o la alteraci\u00f3n de una carga implica repetir el dibujo desde el principio. Pero la aparici\u00f3n de programas de geometr\u00eda din\u00e1mica ha proporcionado la herramienta adecuada, y en el momento preciso, para dar a la est\u00e1tica gr\u00e1fica un nuevo impulso y permitir, no s\u00f3lo, resolver los problemas que plantea la est\u00e1tica gr\u00e1fica con relativa facilidad , sino tambi\u00e9n situarse en un contexto geom\u00e9trico extraordinariamente interesante y did\u00e1ctico.<\/em><em>\u00ab<\/em><\/p>\n<h2><strong>4. Uso de Biopol\u00edmeros en la prefabricaci\u00f3n de muros de tapia<\/strong><\/h2>\n<p>Art\u00edculo redactado por <strong>Jorge Emmanuel Canales<\/strong>. Descarga la revista para conocer el uso constructivo de la tapia:<\/p>\n<p><em>\u00abLa tapia es una t\u00e9cnica constructiva que consiste en compactar barro dentro de un encofrado con la ayuda de un pis\u00f3n hasta forma un muro del tama\u00f1o y forma deseados; sin embargo, esta t\u00e9cnica tambi\u00e9n se puede usar para construir cimientos y pisos. El uso de la tapia se remonta a m\u00e1s de 4 mil a\u00f1os atr\u00e1s en China, y ha sido utilizada alrededor del mundo en lugares tan diversos como Vietnam, Ecuador o Alemania. En la actualidad, la tapia y otras t\u00e9cnicas de construcci\u00f3n de barro son ampliamente usadas en pa\u00edses en v\u00edas de desarrollo debido a la ubicuidad y el bajo coste del material, por este motivo aproximadamente un tercio de la poblaci\u00f3n mundial a\u00fan vive en edificaciones de barro.<br \/>\nPor su parte, en pa\u00edses desarrollados los materiales de construcci\u00f3n tradicionales como la tapia o el adobe fueron reemplazados paulatinamente por materiales de origen industrial como el hormig\u00f3n y el acero debido a su mayor resistencia a esfuerzos mec\u00e1nicos, su capacidad de producirse masivamente, entre otras razones. Sin embargo, las construcciones de tapia cuentan con importantes ventajas frente a otro tipo de edificaciones de mamposter\u00eda u hormig\u00f3n armado como son una menor conductividad t\u00e9rmica y una mayor capacidad de absorci\u00f3n de la humedad ambiental, dando como resultado espacios con mejor confort higrot\u00e9rmico<br \/>\n<\/em><em style=\"font-size: 16px;\">.\u00bb<\/em><\/p>\n<h2><strong>5. Entrevista a Cesc Aldab\u00f3, director general de l\u2019ACE<\/strong><\/h2>\n<p>Entrevista realitzada per Mar\u00eda Leach amb fotos de Jordi Tost. Descarrega la revista per a continuar llegint aquesta interessant entrevista:<\/p>\n<p><em>\u00ab\u201cTreballar per promoure la nostra professi\u00f3 em sembla molt necessari, interessant i engrescador\u201d \u201cEl gran valor de l\u2019ACE \u00e9s la formaci\u00f3 interna continuada, l\u2019intercanvi desinteressat de coneixement entre col\u00b7legues. Per a mi, el m\u00e9s enriquidor de l\u2019associaci\u00f3\u201d. \u201cLa companyia i la interacci\u00f3 humana ajuden a rebaixar la pressi\u00f3 i l\u2019estr\u00e8s emocional que podem patir en certs moments de la nostra vida laboral\u201d. \u201d Estem treballant perqu\u00e8 l\u2019ACE no nom\u00e9s avali el producte del consultor d\u2019estructures, sin\u00f3 que tamb\u00e9 verifiqui el servei, especialment en l\u2019\u00e0mbit de la responsabilitat civil.\u201c \u201cGaudeixo agafant el problema de c\u00e0lcul, tallant-lo a trossos i intentant analitzar-los un per un. Tinc una mentalitat molt cient\u00edfica\u201d \u201cA l\u2019associaci\u00f3 hi ha moltes ganes de modernitzar-se i posar-se al dia en el tema de les tecnologies.\u201d\u00bb<\/em><\/p>\n<h2><strong>6. Lista de miembros de la asociaci\u00f3n<\/strong><\/h2>\n<p>Conoce a los miembros de la Asociaci\u00f3n Consultores de Estructuras. Podr\u00e1s ver a los nuevos integrantes que participan por el reconocimiento de la profesi\u00f3n dentro del mundo de la construcci\u00f3n.<\/p>\n","protected":false},"excerpt":{"rendered":"<ul>\n<li>1. Editorial<\/li>\n<li>2. Ses (Steel embed System). El nuevo sistema integrado de forjado, caracter\u00edsticas principales y ejemplo de c\u00e1lculo<\/li>\n<li>3. Geometr\u00eda estructural con GeoGebra<\/li>\n<li>4. Uso de Biopol\u00edmeros en la prefabricaci\u00f3n de muros de tapia<\/li>\n<li>5. Entrevista a Cesc Aldab\u00f3, director general de l\u2019ACE<\/li>\n<li>6. Lista de miembros de la asociaci\u00f3n<\/li>\n<\/ul>\n","protected":false},"featured_media":42351,"template":"","meta":{"_acf_changed":false,"site-sidebar-layout":"default","site-content-layout":"default","ast-global-header-display":"","ast-main-header-display":"","ast-hfb-above-header-display":"","ast-hfb-below-header-display":"","ast-hfb-mobile-header-display":"","site-post-title":"","ast-breadcrumbs-content":"","ast-featured-img":"","footer-sml-layout":"","theme-transparent-header-meta":"default","adv-header-id-meta":"","stick-header-meta":"","header-above-stick-meta":"","header-main-stick-meta":"","header-below-stick-meta":""},"product_brand":[],"product_cat":[595],"product_tag":[],"class_list":{"0":"post-42271","1":"product","2":"type-product","3":"status-publish","4":"has-post-thumbnail","6":"product_cat-cuaderno-de-estructuras","7":"desktop-align-left","8":"tablet-align-left","9":"mobile-align-left","11":"first","12":"instock","13":"taxable","14":"shipping-taxable","15":"purchasable","16":"product-type-variable"},"acf":[],"yoast_head":"<!-- This site is optimized with the Yoast SEO plugin v27.1.1 - https:\/\/yoast.com\/product\/yoast-seo-wordpress\/ -->\n<title>Quaderns d&#039;Estructures 75 | ACE<\/title>\n<meta name=\"description\" content=\"Revista n\u00ba 75 con art\u00edculos de actualidad que tratan sobre la construcci\u00f3n de estructuras y que publica la Asociaci\u00f3n de Consultores de Estructuras (ACE).\" \/>\n<meta name=\"robots\" content=\"index, follow, max-snippet:-1, max-image-preview:large, max-video-preview:-1\" \/>\n<link rel=\"canonical\" href=\"https:\/\/aceweb.cat\/es\/producto\/quaderns-destructures-75\/\" \/>\n<meta property=\"og:locale\" content=\"es_ES\" \/>\n<meta property=\"og:type\" content=\"article\" \/>\n<meta property=\"og:title\" content=\"Quaderns d&#039;Estructures 75 | ACE\" \/>\n<meta property=\"og:description\" content=\"Revista n\u00ba 75 con art\u00edculos de actualidad que tratan sobre la construcci\u00f3n de estructuras y que publica la Asociaci\u00f3n de Consultores de Estructuras (ACE).\" \/>\n<meta property=\"og:url\" content=\"https:\/\/aceweb.cat\/es\/producto\/quaderns-destructures-75\/\" \/>\n<meta property=\"og:site_name\" content=\"aceweb.cat\" \/>\n<meta property=\"article:modified_time\" content=\"2023-06-07T08:21:36+00:00\" \/>\n<meta property=\"og:image\" content=\"https:\/\/aceweb.cat\/wp-content\/uploads\/2023\/05\/Portada_QE_75-scaled-e1685288580704.jpg\" \/>\n\t<meta property=\"og:image:width\" content=\"1810\" \/>\n\t<meta property=\"og:image:height\" content=\"2560\" \/>\n\t<meta property=\"og:image:type\" content=\"image\/jpeg\" \/>\n<meta name=\"twitter:card\" content=\"summary_large_image\" \/>\n<meta name=\"twitter:label1\" content=\"Tiempo de lectura\" \/>\n\t<meta name=\"twitter:data1\" content=\"6 minutos\" \/>\n<script type=\"application\/ld+json\" class=\"yoast-schema-graph\">{\"@context\":\"https:\/\/schema.org\",\"@graph\":[{\"@type\":\"WebPage\",\"@id\":\"https:\/\/aceweb.cat\/es\/producto\/quaderns-destructures-75\/\",\"url\":\"https:\/\/aceweb.cat\/es\/producto\/quaderns-destructures-75\/\",\"name\":\"Quaderns d'Estructures 75 | ACE\",\"isPartOf\":{\"@id\":\"https:\/\/aceweb.cat\/#website\"},\"primaryImageOfPage\":{\"@id\":\"https:\/\/aceweb.cat\/es\/producto\/quaderns-destructures-75\/#primaryimage\"},\"image\":{\"@id\":\"https:\/\/aceweb.cat\/es\/producto\/quaderns-destructures-75\/#primaryimage\"},\"thumbnailUrl\":\"https:\/\/aceweb.cat\/wp-content\/uploads\/2023\/05\/Portada_QE_75-scaled-e1685288580704.jpg\",\"datePublished\":\"2023-05-28T07:28:55+00:00\",\"dateModified\":\"2023-06-07T08:21:36+00:00\",\"description\":\"Revista n\u00ba 75 con art\u00edculos de actualidad que tratan sobre la construcci\u00f3n de estructuras y que publica la Asociaci\u00f3n de Consultores de Estructuras (ACE).\",\"breadcrumb\":{\"@id\":\"https:\/\/aceweb.cat\/es\/producto\/quaderns-destructures-75\/#breadcrumb\"},\"inLanguage\":\"es\",\"potentialAction\":[{\"@type\":\"ReadAction\",\"target\":[\"https:\/\/aceweb.cat\/es\/producto\/quaderns-destructures-75\/\"]}]},{\"@type\":\"ImageObject\",\"inLanguage\":\"es\",\"@id\":\"https:\/\/aceweb.cat\/es\/producto\/quaderns-destructures-75\/#primaryimage\",\"url\":\"https:\/\/aceweb.cat\/wp-content\/uploads\/2023\/05\/Portada_QE_75-scaled-e1685288580704.jpg\",\"contentUrl\":\"https:\/\/aceweb.cat\/wp-content\/uploads\/2023\/05\/Portada_QE_75-scaled-e1685288580704.jpg\",\"width\":1810,\"height\":2560,\"caption\":\"Portada QE75\"},{\"@type\":\"BreadcrumbList\",\"@id\":\"https:\/\/aceweb.cat\/es\/producto\/quaderns-destructures-75\/#breadcrumb\",\"itemListElement\":[{\"@type\":\"ListItem\",\"position\":1,\"name\":\"Inici\",\"item\":\"https:\/\/aceweb.cat\/\"},{\"@type\":\"ListItem\",\"position\":2,\"name\":\"Tienda\",\"item\":\"https:\/\/aceweb.cat\/es\/tienda\/\"},{\"@type\":\"ListItem\",\"position\":3,\"name\":\"Quadern d\u2019Estructures\",\"item\":\"https:\/\/aceweb.cat\/es\/categoria-producto\/cuaderno-de-estructuras\/\"},{\"@type\":\"ListItem\",\"position\":4,\"name\":\"Quaderns d&#8217;Estructures 75\"}]},{\"@type\":\"WebSite\",\"@id\":\"https:\/\/aceweb.cat\/#website\",\"url\":\"https:\/\/aceweb.cat\/\",\"name\":\"ACE\",\"description\":\"Associaci\u00f3 de Consultors d&#039;Estructures | ACE\",\"publisher\":{\"@id\":\"https:\/\/aceweb.cat\/#organization\"},\"alternateName\":\"ACE\",\"potentialAction\":[{\"@type\":\"SearchAction\",\"target\":{\"@type\":\"EntryPoint\",\"urlTemplate\":\"https:\/\/aceweb.cat\/?s={search_term_string}\"},\"query-input\":{\"@type\":\"PropertyValueSpecification\",\"valueRequired\":true,\"valueName\":\"search_term_string\"}}],\"inLanguage\":\"es\"},{\"@type\":\"Organization\",\"@id\":\"https:\/\/aceweb.cat\/#organization\",\"name\":\"ACE\",\"alternateName\":\"ACE\",\"url\":\"https:\/\/aceweb.cat\/\",\"logo\":{\"@type\":\"ImageObject\",\"inLanguage\":\"es\",\"@id\":\"https:\/\/aceweb.cat\/#\/schema\/logo\/image\/\",\"url\":\"https:\/\/aceweb.cat\/wp-content\/uploads\/2022\/10\/logo.svg\",\"contentUrl\":\"https:\/\/aceweb.cat\/wp-content\/uploads\/2022\/10\/logo.svg\",\"width\":1,\"height\":1,\"caption\":\"ACE\"},\"image\":{\"@id\":\"https:\/\/aceweb.cat\/#\/schema\/logo\/image\/\"}}]}<\/script>\n<!-- \/ Yoast SEO plugin. -->","yoast_head_json":{"title":"Quaderns d'Estructures 75 | ACE","description":"Revista n\u00ba 75 con art\u00edculos de actualidad que tratan sobre la construcci\u00f3n de estructuras y que publica la Asociaci\u00f3n de Consultores de Estructuras (ACE).","robots":{"index":"index","follow":"follow","max-snippet":"max-snippet:-1","max-image-preview":"max-image-preview:large","max-video-preview":"max-video-preview:-1"},"canonical":"https:\/\/aceweb.cat\/es\/producto\/quaderns-destructures-75\/","og_locale":"es_ES","og_type":"article","og_title":"Quaderns d'Estructures 75 | ACE","og_description":"Revista n\u00ba 75 con art\u00edculos de actualidad que tratan sobre la construcci\u00f3n de estructuras y que publica la Asociaci\u00f3n de Consultores de Estructuras (ACE).","og_url":"https:\/\/aceweb.cat\/es\/producto\/quaderns-destructures-75\/","og_site_name":"aceweb.cat","article_modified_time":"2023-06-07T08:21:36+00:00","og_image":[{"width":1810,"height":2560,"url":"https:\/\/aceweb.cat\/wp-content\/uploads\/2023\/05\/Portada_QE_75-scaled-e1685288580704.jpg","type":"image\/jpeg"}],"twitter_card":"summary_large_image","twitter_misc":{"Tiempo de lectura":"6 minutos"},"schema":{"@context":"https:\/\/schema.org","@graph":[{"@type":"WebPage","@id":"https:\/\/aceweb.cat\/es\/producto\/quaderns-destructures-75\/","url":"https:\/\/aceweb.cat\/es\/producto\/quaderns-destructures-75\/","name":"Quaderns d'Estructures 75 | ACE","isPartOf":{"@id":"https:\/\/aceweb.cat\/#website"},"primaryImageOfPage":{"@id":"https:\/\/aceweb.cat\/es\/producto\/quaderns-destructures-75\/#primaryimage"},"image":{"@id":"https:\/\/aceweb.cat\/es\/producto\/quaderns-destructures-75\/#primaryimage"},"thumbnailUrl":"https:\/\/aceweb.cat\/wp-content\/uploads\/2023\/05\/Portada_QE_75-scaled-e1685288580704.jpg","datePublished":"2023-05-28T07:28:55+00:00","dateModified":"2023-06-07T08:21:36+00:00","description":"Revista n\u00ba 75 con art\u00edculos de actualidad que tratan sobre la construcci\u00f3n de estructuras y que publica la Asociaci\u00f3n de Consultores de Estructuras (ACE).","breadcrumb":{"@id":"https:\/\/aceweb.cat\/es\/producto\/quaderns-destructures-75\/#breadcrumb"},"inLanguage":"es","potentialAction":[{"@type":"ReadAction","target":["https:\/\/aceweb.cat\/es\/producto\/quaderns-destructures-75\/"]}]},{"@type":"ImageObject","inLanguage":"es","@id":"https:\/\/aceweb.cat\/es\/producto\/quaderns-destructures-75\/#primaryimage","url":"https:\/\/aceweb.cat\/wp-content\/uploads\/2023\/05\/Portada_QE_75-scaled-e1685288580704.jpg","contentUrl":"https:\/\/aceweb.cat\/wp-content\/uploads\/2023\/05\/Portada_QE_75-scaled-e1685288580704.jpg","width":1810,"height":2560,"caption":"Portada QE75"},{"@type":"BreadcrumbList","@id":"https:\/\/aceweb.cat\/es\/producto\/quaderns-destructures-75\/#breadcrumb","itemListElement":[{"@type":"ListItem","position":1,"name":"Inici","item":"https:\/\/aceweb.cat\/"},{"@type":"ListItem","position":2,"name":"Tienda","item":"https:\/\/aceweb.cat\/es\/tienda\/"},{"@type":"ListItem","position":3,"name":"Quadern d\u2019Estructures","item":"https:\/\/aceweb.cat\/es\/categoria-producto\/cuaderno-de-estructuras\/"},{"@type":"ListItem","position":4,"name":"Quaderns d&#8217;Estructures 75"}]},{"@type":"WebSite","@id":"https:\/\/aceweb.cat\/#website","url":"https:\/\/aceweb.cat\/","name":"ACE","description":"Associaci\u00f3 de Consultors d&#039;Estructures | ACE","publisher":{"@id":"https:\/\/aceweb.cat\/#organization"},"alternateName":"ACE","potentialAction":[{"@type":"SearchAction","target":{"@type":"EntryPoint","urlTemplate":"https:\/\/aceweb.cat\/?s={search_term_string}"},"query-input":{"@type":"PropertyValueSpecification","valueRequired":true,"valueName":"search_term_string"}}],"inLanguage":"es"},{"@type":"Organization","@id":"https:\/\/aceweb.cat\/#organization","name":"ACE","alternateName":"ACE","url":"https:\/\/aceweb.cat\/","logo":{"@type":"ImageObject","inLanguage":"es","@id":"https:\/\/aceweb.cat\/#\/schema\/logo\/image\/","url":"https:\/\/aceweb.cat\/wp-content\/uploads\/2022\/10\/logo.svg","contentUrl":"https:\/\/aceweb.cat\/wp-content\/uploads\/2022\/10\/logo.svg","width":1,"height":1,"caption":"ACE"},"image":{"@id":"https:\/\/aceweb.cat\/#\/schema\/logo\/image\/"}}]}},"_links":{"self":[{"href":"https:\/\/aceweb.cat\/es\/wp-json\/wp\/v2\/product\/42271","targetHints":{"allow":["GET"]}}],"collection":[{"href":"https:\/\/aceweb.cat\/es\/wp-json\/wp\/v2\/product"}],"about":[{"href":"https:\/\/aceweb.cat\/es\/wp-json\/wp\/v2\/types\/product"}],"version-history":[{"count":3,"href":"https:\/\/aceweb.cat\/es\/wp-json\/wp\/v2\/product\/42271\/revisions"}],"predecessor-version":[{"id":42520,"href":"https:\/\/aceweb.cat\/es\/wp-json\/wp\/v2\/product\/42271\/revisions\/42520"}],"wp:featuredmedia":[{"embeddable":true,"href":"https:\/\/aceweb.cat\/es\/wp-json\/wp\/v2\/media\/42351"}],"wp:attachment":[{"href":"https:\/\/aceweb.cat\/es\/wp-json\/wp\/v2\/media?parent=42271"}],"wp:term":[{"taxonomy":"product_brand","embeddable":true,"href":"https:\/\/aceweb.cat\/es\/wp-json\/wp\/v2\/product_brand?post=42271"},{"taxonomy":"product_cat","embeddable":true,"href":"https:\/\/aceweb.cat\/es\/wp-json\/wp\/v2\/product_cat?post=42271"},{"taxonomy":"product_tag","embeddable":true,"href":"https:\/\/aceweb.cat\/es\/wp-json\/wp\/v2\/product_tag?post=42271"}],"curies":[{"name":"wp","href":"https:\/\/api.w.org\/{rel}","templated":true}]}}