{"id":42485,"date":"2023-06-02T15:28:56","date_gmt":"2023-06-02T15:28:56","guid":{"rendered":"https:\/\/aceweb.cat\/?post_type=product&#038;p=42485"},"modified":"2023-06-17T08:25:32","modified_gmt":"2023-06-17T08:25:32","slug":"monografico-4-guia-cge-consultoria-geotecnica-en-edificacion-catala","status":"publish","type":"product","link":"https:\/\/aceweb.cat\/es\/producto\/monografico-4-guia-cge-consultoria-geotecnica-en-edificacion-catala\/","title":{"rendered":"Monogr\u00e1fico 4. GU\u00cdA CGE. Consultor\u00eda Geot\u00e9cnica en edificaci\u00f3n. Catal\u00e0"},"content":{"rendered":"<p>Elaborada per la Comisi\u00f3n de Geotecnia\u00a0 de l\u2019Associaci\u00f3 de Consultors d\u2019Estructures, la cual\u00a0 trabaja desde hace a\u00f1os en la redacci\u00f3n de este documento, la gu\u00eda CGE.<\/p>\n<p>La gu\u00eda, eminentemente pragm\u00e1tica, pretende ser de utilidad de cara tanto en la redacci\u00f3n de proyectos de cimentaciones y contenciones, como de cara a la ejecuci\u00f3n y direcci\u00f3n de las obras, en que interaccionan la estructura y el terreno. Pero tambi\u00e9n se ha redactado pensando en los promotores, equipos, talleres de arquitectura.<\/p>\n<p>Para facilitar la lectura de la gu\u00eda se ha organizado su contenido en tres partes debido al inter\u00e9s que cada una de ellas pueda despertar a los usuarios del documento que son:<\/p>\n<ul>\n<li>Marco de referencia. Agentes relacionados com la edificaci\u00f3n.<\/li>\n<li>Geotecnia y\u00a0 Estructura. T\u00e9cnicos de la edificaci\u00f3n.<\/li>\n<li>Consultor\u00eda de Geotecnia. Los especialistas<\/li>\n<\/ul>\n","protected":false},"excerpt":{"rendered":"<p>Elaborada por la Comisi\u00f3n de Geot\u00e9cnia de l\u2019Associaci\u00f3 de Consultors d\u2019Estructures, la que trabaja desde hace a\u00f1os en la redaccci\u00f3n de este documento, la Gu\u00eda CGE pretende ser de utilidad tanto en la redacci\u00f3n de proyectos de cimentaciones y contenciones, como en la ejecuci\u00f3n y direcci\u00f3n de las obras, en que interaccionan la estructura y el terreno.<\/p>\n","protected":false},"featured_media":42439,"template":"","meta":{"_acf_changed":false,"site-sidebar-layout":"default","site-content-layout":"default","ast-global-header-display":"","ast-main-header-display":"","ast-hfb-above-header-display":"","ast-hfb-below-header-display":"","ast-hfb-mobile-header-display":"","site-post-title":"","ast-breadcrumbs-content":"","ast-featured-img":"","footer-sml-layout":"","theme-transparent-header-meta":"default","adv-header-id-meta":"","stick-header-meta":"","header-above-stick-meta":"","header-main-stick-meta":"","header-below-stick-meta":""},"product_brand":[],"product_cat":[1471],"product_tag":[],"class_list":{"0":"post-42485","1":"product","2":"type-product","3":"status-publish","4":"has-post-thumbnail","6":"product_cat-monograficos","7":"desktop-align-left","8":"tablet-align-left","9":"mobile-align-left","11":"first","12":"instock","13":"taxable","14":"shipping-taxable","15":"purchasable","16":"product-type-variable"},"acf":[],"yoast_head":"<!-- This site is optimized with the Yoast SEO plugin v27.1.1 - https:\/\/yoast.com\/product\/yoast-seo-wordpress\/ -->\n<title>Monogr\u00e0fic 4. Guia de Geot\u00e8cnica en Edificaci\u00f3. Catal\u00e0<\/title>\n<meta name=\"description\" content=\"L&#039;Associaci\u00f3 de Consultors d\u2019Estructures presenta el monogr\u00e0fic n\u00famero 4, elaborada per la Comissi\u00f3 de Geot\u00e8cnia de l\u2019Associaci\u00f3\" \/>\n<meta name=\"robots\" content=\"index, follow, max-snippet:-1, max-image-preview:large, max-video-preview:-1\" \/>\n<link rel=\"canonical\" href=\"https:\/\/aceweb.cat\/es\/producto\/monografico-4-guia-cge-consultoria-geotecnica-en-edificacion-catala\/\" \/>\n<meta property=\"og:locale\" content=\"es_ES\" \/>\n<meta property=\"og:type\" content=\"article\" \/>\n<meta property=\"og:title\" content=\"Monogr\u00e0fic 4. Guia de Geot\u00e8cnica en Edificaci\u00f3. Catal\u00e0\" \/>\n<meta property=\"og:description\" content=\"L&#039;Associaci\u00f3 de Consultors d\u2019Estructures presenta el monogr\u00e0fic n\u00famero 4, elaborada per la Comissi\u00f3 de Geot\u00e8cnia de l\u2019Associaci\u00f3\" \/>\n<meta property=\"og:url\" content=\"https:\/\/aceweb.cat\/es\/producto\/monografico-4-guia-cge-consultoria-geotecnica-en-edificacion-catala\/\" \/>\n<meta property=\"og:site_name\" content=\"aceweb.cat\" \/>\n<meta property=\"article:modified_time\" content=\"2023-06-17T08:25:32+00:00\" \/>\n<meta property=\"og:image\" content=\"https:\/\/aceweb.cat\/wp-content\/uploads\/2023\/05\/Monografic_4_Guia_CGE_CAST_portada-scaled-e1685450393620.jpg\" \/>\n\t<meta property=\"og:image:width\" content=\"1804\" \/>\n\t<meta property=\"og:image:height\" content=\"2560\" \/>\n\t<meta property=\"og:image:type\" content=\"image\/jpeg\" \/>\n<meta name=\"twitter:card\" content=\"summary_large_image\" \/>\n<meta name=\"twitter:label1\" content=\"Tiempo de lectura\" \/>\n\t<meta name=\"twitter:data1\" content=\"1 minuto\" \/>\n<script type=\"application\/ld+json\" class=\"yoast-schema-graph\">{\"@context\":\"https:\/\/schema.org\",\"@graph\":[{\"@type\":\"WebPage\",\"@id\":\"https:\/\/aceweb.cat\/es\/producto\/monografico-4-guia-cge-consultoria-geotecnica-en-edificacion-catala\/\",\"url\":\"https:\/\/aceweb.cat\/es\/producto\/monografico-4-guia-cge-consultoria-geotecnica-en-edificacion-catala\/\",\"name\":\"Monogr\u00e0fic 4. Guia de Geot\u00e8cnica en Edificaci\u00f3. Catal\u00e0\",\"isPartOf\":{\"@id\":\"https:\/\/aceweb.cat\/#website\"},\"primaryImageOfPage\":{\"@id\":\"https:\/\/aceweb.cat\/es\/producto\/monografico-4-guia-cge-consultoria-geotecnica-en-edificacion-catala\/#primaryimage\"},\"image\":{\"@id\":\"https:\/\/aceweb.cat\/es\/producto\/monografico-4-guia-cge-consultoria-geotecnica-en-edificacion-catala\/#primaryimage\"},\"thumbnailUrl\":\"https:\/\/aceweb.cat\/wp-content\/uploads\/2023\/05\/Monografic_4_Guia_CGE_CAST_portada-scaled-e1685450393620.jpg\",\"datePublished\":\"2023-06-02T15:28:56+00:00\",\"dateModified\":\"2023-06-17T08:25:32+00:00\",\"description\":\"L'Associaci\u00f3 de Consultors d\u2019Estructures presenta el monogr\u00e0fic n\u00famero 4, elaborada per la Comissi\u00f3 de Geot\u00e8cnia de l\u2019Associaci\u00f3\",\"breadcrumb\":{\"@id\":\"https:\/\/aceweb.cat\/es\/producto\/monografico-4-guia-cge-consultoria-geotecnica-en-edificacion-catala\/#breadcrumb\"},\"inLanguage\":\"es\",\"potentialAction\":[{\"@type\":\"ReadAction\",\"target\":[\"https:\/\/aceweb.cat\/es\/producto\/monografico-4-guia-cge-consultoria-geotecnica-en-edificacion-catala\/\"]}]},{\"@type\":\"ImageObject\",\"inLanguage\":\"es\",\"@id\":\"https:\/\/aceweb.cat\/es\/producto\/monografico-4-guia-cge-consultoria-geotecnica-en-edificacion-catala\/#primaryimage\",\"url\":\"https:\/\/aceweb.cat\/wp-content\/uploads\/2023\/05\/Monografic_4_Guia_CGE_CAST_portada-scaled-e1685450393620.jpg\",\"contentUrl\":\"https:\/\/aceweb.cat\/wp-content\/uploads\/2023\/05\/Monografic_4_Guia_CGE_CAST_portada-scaled-e1685450393620.jpg\",\"width\":1804,\"height\":2560,\"caption\":\"Gu\u00eda CGE. Consultor\u00eda Geot\u00e9cnica en Edificaci\u00f3n. Castellano\"},{\"@type\":\"BreadcrumbList\",\"@id\":\"https:\/\/aceweb.cat\/es\/producto\/monografico-4-guia-cge-consultoria-geotecnica-en-edificacion-catala\/#breadcrumb\",\"itemListElement\":[{\"@type\":\"ListItem\",\"position\":1,\"name\":\"Inici\",\"item\":\"https:\/\/aceweb.cat\/\"},{\"@type\":\"ListItem\",\"position\":2,\"name\":\"Tienda\",\"item\":\"https:\/\/aceweb.cat\/es\/tienda\/\"},{\"@type\":\"ListItem\",\"position\":3,\"name\":\"Monogr\u00e1ficos\",\"item\":\"https:\/\/aceweb.cat\/es\/categoria-producto\/monograficos\/\"},{\"@type\":\"ListItem\",\"position\":4,\"name\":\"Monogr\u00e1fico 4. GU\u00cdA CGE. Consultor\u00eda Geot\u00e9cnica en edificaci\u00f3n. Catal\u00e0\"}]},{\"@type\":\"WebSite\",\"@id\":\"https:\/\/aceweb.cat\/#website\",\"url\":\"https:\/\/aceweb.cat\/\",\"name\":\"ACE\",\"description\":\"Associaci\u00f3 de Consultors d&#039;Estructures | ACE\",\"publisher\":{\"@id\":\"https:\/\/aceweb.cat\/#organization\"},\"alternateName\":\"ACE\",\"potentialAction\":[{\"@type\":\"SearchAction\",\"target\":{\"@type\":\"EntryPoint\",\"urlTemplate\":\"https:\/\/aceweb.cat\/?s={search_term_string}\"},\"query-input\":{\"@type\":\"PropertyValueSpecification\",\"valueRequired\":true,\"valueName\":\"search_term_string\"}}],\"inLanguage\":\"es\"},{\"@type\":\"Organization\",\"@id\":\"https:\/\/aceweb.cat\/#organization\",\"name\":\"ACE\",\"alternateName\":\"ACE\",\"url\":\"https:\/\/aceweb.cat\/\",\"logo\":{\"@type\":\"ImageObject\",\"inLanguage\":\"es\",\"@id\":\"https:\/\/aceweb.cat\/#\/schema\/logo\/image\/\",\"url\":\"https:\/\/aceweb.cat\/wp-content\/uploads\/2022\/10\/logo.svg\",\"contentUrl\":\"https:\/\/aceweb.cat\/wp-content\/uploads\/2022\/10\/logo.svg\",\"width\":1,\"height\":1,\"caption\":\"ACE\"},\"image\":{\"@id\":\"https:\/\/aceweb.cat\/#\/schema\/logo\/image\/\"}}]}<\/script>\n<!-- \/ Yoast SEO plugin. -->","yoast_head_json":{"title":"Monogr\u00e0fic 4. Guia de Geot\u00e8cnica en Edificaci\u00f3. Catal\u00e0","description":"L'Associaci\u00f3 de Consultors d\u2019Estructures presenta el monogr\u00e0fic n\u00famero 4, elaborada per la Comissi\u00f3 de Geot\u00e8cnia de l\u2019Associaci\u00f3","robots":{"index":"index","follow":"follow","max-snippet":"max-snippet:-1","max-image-preview":"max-image-preview:large","max-video-preview":"max-video-preview:-1"},"canonical":"https:\/\/aceweb.cat\/es\/producto\/monografico-4-guia-cge-consultoria-geotecnica-en-edificacion-catala\/","og_locale":"es_ES","og_type":"article","og_title":"Monogr\u00e0fic 4. Guia de Geot\u00e8cnica en Edificaci\u00f3. Catal\u00e0","og_description":"L'Associaci\u00f3 de Consultors d\u2019Estructures presenta el monogr\u00e0fic n\u00famero 4, elaborada per la Comissi\u00f3 de Geot\u00e8cnia de l\u2019Associaci\u00f3","og_url":"https:\/\/aceweb.cat\/es\/producto\/monografico-4-guia-cge-consultoria-geotecnica-en-edificacion-catala\/","og_site_name":"aceweb.cat","article_modified_time":"2023-06-17T08:25:32+00:00","og_image":[{"width":1804,"height":2560,"url":"https:\/\/aceweb.cat\/wp-content\/uploads\/2023\/05\/Monografic_4_Guia_CGE_CAST_portada-scaled-e1685450393620.jpg","type":"image\/jpeg"}],"twitter_card":"summary_large_image","twitter_misc":{"Tiempo de lectura":"1 minuto"},"schema":{"@context":"https:\/\/schema.org","@graph":[{"@type":"WebPage","@id":"https:\/\/aceweb.cat\/es\/producto\/monografico-4-guia-cge-consultoria-geotecnica-en-edificacion-catala\/","url":"https:\/\/aceweb.cat\/es\/producto\/monografico-4-guia-cge-consultoria-geotecnica-en-edificacion-catala\/","name":"Monogr\u00e0fic 4. Guia de Geot\u00e8cnica en Edificaci\u00f3. Catal\u00e0","isPartOf":{"@id":"https:\/\/aceweb.cat\/#website"},"primaryImageOfPage":{"@id":"https:\/\/aceweb.cat\/es\/producto\/monografico-4-guia-cge-consultoria-geotecnica-en-edificacion-catala\/#primaryimage"},"image":{"@id":"https:\/\/aceweb.cat\/es\/producto\/monografico-4-guia-cge-consultoria-geotecnica-en-edificacion-catala\/#primaryimage"},"thumbnailUrl":"https:\/\/aceweb.cat\/wp-content\/uploads\/2023\/05\/Monografic_4_Guia_CGE_CAST_portada-scaled-e1685450393620.jpg","datePublished":"2023-06-02T15:28:56+00:00","dateModified":"2023-06-17T08:25:32+00:00","description":"L'Associaci\u00f3 de Consultors d\u2019Estructures presenta el monogr\u00e0fic n\u00famero 4, elaborada per la Comissi\u00f3 de Geot\u00e8cnia de l\u2019Associaci\u00f3","breadcrumb":{"@id":"https:\/\/aceweb.cat\/es\/producto\/monografico-4-guia-cge-consultoria-geotecnica-en-edificacion-catala\/#breadcrumb"},"inLanguage":"es","potentialAction":[{"@type":"ReadAction","target":["https:\/\/aceweb.cat\/es\/producto\/monografico-4-guia-cge-consultoria-geotecnica-en-edificacion-catala\/"]}]},{"@type":"ImageObject","inLanguage":"es","@id":"https:\/\/aceweb.cat\/es\/producto\/monografico-4-guia-cge-consultoria-geotecnica-en-edificacion-catala\/#primaryimage","url":"https:\/\/aceweb.cat\/wp-content\/uploads\/2023\/05\/Monografic_4_Guia_CGE_CAST_portada-scaled-e1685450393620.jpg","contentUrl":"https:\/\/aceweb.cat\/wp-content\/uploads\/2023\/05\/Monografic_4_Guia_CGE_CAST_portada-scaled-e1685450393620.jpg","width":1804,"height":2560,"caption":"Gu\u00eda CGE. Consultor\u00eda Geot\u00e9cnica en Edificaci\u00f3n. Castellano"},{"@type":"BreadcrumbList","@id":"https:\/\/aceweb.cat\/es\/producto\/monografico-4-guia-cge-consultoria-geotecnica-en-edificacion-catala\/#breadcrumb","itemListElement":[{"@type":"ListItem","position":1,"name":"Inici","item":"https:\/\/aceweb.cat\/"},{"@type":"ListItem","position":2,"name":"Tienda","item":"https:\/\/aceweb.cat\/es\/tienda\/"},{"@type":"ListItem","position":3,"name":"Monogr\u00e1ficos","item":"https:\/\/aceweb.cat\/es\/categoria-producto\/monograficos\/"},{"@type":"ListItem","position":4,"name":"Monogr\u00e1fico 4. GU\u00cdA CGE. Consultor\u00eda Geot\u00e9cnica en edificaci\u00f3n. Catal\u00e0"}]},{"@type":"WebSite","@id":"https:\/\/aceweb.cat\/#website","url":"https:\/\/aceweb.cat\/","name":"ACE","description":"Associaci\u00f3 de Consultors d&#039;Estructures | ACE","publisher":{"@id":"https:\/\/aceweb.cat\/#organization"},"alternateName":"ACE","potentialAction":[{"@type":"SearchAction","target":{"@type":"EntryPoint","urlTemplate":"https:\/\/aceweb.cat\/?s={search_term_string}"},"query-input":{"@type":"PropertyValueSpecification","valueRequired":true,"valueName":"search_term_string"}}],"inLanguage":"es"},{"@type":"Organization","@id":"https:\/\/aceweb.cat\/#organization","name":"ACE","alternateName":"ACE","url":"https:\/\/aceweb.cat\/","logo":{"@type":"ImageObject","inLanguage":"es","@id":"https:\/\/aceweb.cat\/#\/schema\/logo\/image\/","url":"https:\/\/aceweb.cat\/wp-content\/uploads\/2022\/10\/logo.svg","contentUrl":"https:\/\/aceweb.cat\/wp-content\/uploads\/2022\/10\/logo.svg","width":1,"height":1,"caption":"ACE"},"image":{"@id":"https:\/\/aceweb.cat\/#\/schema\/logo\/image\/"}}]}},"_links":{"self":[{"href":"https:\/\/aceweb.cat\/es\/wp-json\/wp\/v2\/product\/42485","targetHints":{"allow":["GET"]}}],"collection":[{"href":"https:\/\/aceweb.cat\/es\/wp-json\/wp\/v2\/product"}],"about":[{"href":"https:\/\/aceweb.cat\/es\/wp-json\/wp\/v2\/types\/product"}],"version-history":[{"count":2,"href":"https:\/\/aceweb.cat\/es\/wp-json\/wp\/v2\/product\/42485\/revisions"}],"predecessor-version":[{"id":42500,"href":"https:\/\/aceweb.cat\/es\/wp-json\/wp\/v2\/product\/42485\/revisions\/42500"}],"wp:featuredmedia":[{"embeddable":true,"href":"https:\/\/aceweb.cat\/es\/wp-json\/wp\/v2\/media\/42439"}],"wp:attachment":[{"href":"https:\/\/aceweb.cat\/es\/wp-json\/wp\/v2\/media?parent=42485"}],"wp:term":[{"taxonomy":"product_brand","embeddable":true,"href":"https:\/\/aceweb.cat\/es\/wp-json\/wp\/v2\/product_brand?post=42485"},{"taxonomy":"product_cat","embeddable":true,"href":"https:\/\/aceweb.cat\/es\/wp-json\/wp\/v2\/product_cat?post=42485"},{"taxonomy":"product_tag","embeddable":true,"href":"https:\/\/aceweb.cat\/es\/wp-json\/wp\/v2\/product_tag?post=42485"}],"curies":[{"name":"wp","href":"https:\/\/api.w.org\/{rel}","templated":true}]}}