{"id":42528,"date":"2023-06-06T08:28:24","date_gmt":"2023-06-06T08:28:24","guid":{"rendered":"https:\/\/aceweb.cat\/?post_type=product&#038;p=42528"},"modified":"2023-08-17T10:14:47","modified_gmt":"2023-08-17T10:14:47","slug":"quaderns-destructures-76","status":"publish","type":"product","link":"https:\/\/aceweb.cat\/es\/producto\/quaderns-destructures-76\/","title":{"rendered":"Quaderns d&#8217;Estructures 76"},"content":{"rendered":"<p>Este n\u00famero incluye:<\/p>\n<h2><strong>1. Editorial<\/strong><\/h2>\n<p>Art\u00edculo redactado por <strong>Josep Baquer<\/strong>. Descarga la revista para conocer el por qu\u00e9 de una gu\u00eda de geotecnia:<\/p>\n<p><em>\u00ab<\/em><\/p>\n<p>El pasado 22 de septiembre en la Aula M\u00e1ster del Campus Nort de la UPC, hac\u00edamos la jornada t\u00e9cnica para presentar el Cuarto Monogr\u00e1fico ACE-IEE, Gu\u00eda CGE (Consultor\u00eda Geot\u00e9cnica en Edificaci\u00f3n). All\u00ed nos encontramos a m\u00e1s de ochenta t\u00e9cnicos aparte de una treintena m\u00e1s que siguieron la jornada on line, S\u00f3lo este dato, ya habla del inter\u00e9s que hab\u00eda para conocer esta nueva Gu\u00eda de la ACE.<\/p>\n<p>Ha sido el fruto de las aportaciones de mucha gente, canalizadas por el equipo de redacci\u00f3n formado por tres t\u00e9cnicos, dos del campo de la geotecnia y uno del campo de la consultor\u00eda de estructuras.<\/p>\n<p><em>\u00ab<\/em><\/p>\n<h2><strong>2. Nuevos m\u00e9todos de c\u00e1lculo y dimensionamientos directos basados en sistemas para estructuras de acero<\/strong><\/h2>\n<p>Art\u00edculo redactado por <strong>Itsaso Arrayago, Kim J. R. Rasmussen, Hao Zhang i Esther Real<\/strong>. Descarga la revista para conocer los avances en las herramientas de an\u00e1lisis basados en el m\u00e9todo de los elementos\u00a0 finitos:<\/p>\n<p><em>\u00abLos avances en las herramientas de an\u00e1lisis basadas en el m\u00e9todo de los elementos finitos y las mejoras en la capacidad de c\u00e1lculo de los ordenadores de sobremesa posibilitan predecir, de manera muy precisa, la estabilidad, resistencia y modo de fallo de las estructuras de acero. El desarrollo de dichas herramientas permite, en este momento, considerar las estructuras como sistemas completos en lugar de como un conjunto de elementos y uniones, adem\u00e1s de posibilitar su c\u00e1lculo y comprobaci\u00f3n directamente a partir de un an\u00e1lisis num\u00e9rico avanzado en un solo paso, sustituyendo el tradicional m\u00e9todo de c\u00e1lculo de esfuerzos y posterior verificaci\u00f3n de resistencias. En otras palabras, han propiciado un cambio de paradigma en el c\u00e1lculo estructural, dando lugar a los nuevos m\u00e9todos directos basados en sistemas. Estos nuevos m\u00e9todos permiten simplificar enormemente el proceso de verificaci\u00f3n de las estructuras y resultan en soluciones m\u00e1s ligeras y econ\u00f3micas, puesto que aprovechan mejor la capacidad de redistribuci\u00f3n de las estructuras.\u00bb<\/em><\/p>\n<h2><strong>3. IV Congreso de Consultores de Estructuras<\/strong><\/h2>\n<p>Art\u00edculo redactado por<strong> Josep Baquer.<\/strong> Descarga la revista para conocer el desarrollo del IV Congreso de la ACE:<\/p>\n<p><em>\u00abEntre ponencias y comunicaciones, en las pausas-caf\u00e9, en las comidas o en la cena de gala, mientras habl\u00e1bamos y coment\u00e1bamos tantas cosas que hab\u00edamos vivido y que hab\u00edan quedado como interrumpidas a causa de la pandemia, era cuando nos dec\u00edamos unos a otros que aquello que est\u00e1bamos haciendo ten\u00eda que hacerse y val\u00eda la pena que lo estuvi\u00e9ramos haciendo. \u00bfY qu\u00e9 est\u00e1bamos haciendo? Nuestro Cuarto Congreso casi con un a\u00f1o de retraso. Pero lo est\u00e1bamos celebrando y nos lo sent\u00edamos muy nuestro.<\/em><em>\u00ab<\/em><\/p>\n<h2><strong>4. Conexiones a posteriori de armaduras en hormig\u00f3n. Nuevo m\u00e9todo de c\u00e1lculo seg\u00fan informe t\u00e9cnico TR 069 frente al de la norma EC2, parte 1-1<\/strong><\/h2>\n<p>Art\u00edculo redactado por <strong>Jos\u00e9 Mar\u00eda Guill\u00e9m.<\/strong> Descarga la revista para conocer las conexiones a posteriori con barras corrugadas:<\/p>\n<p><em>\u00abTanto en puentes como en la de t\u00faneles, la construcci\u00f3n de zunchos y cimientos, as\u00ed como losas o muros ofrece un amplio campo de aplicaci\u00f3n a la instalaci\u00f3n de armaduras. Esto se debe sobre todo a que la resina, comparada con el hormig\u00f3n en masa, presenta no s\u00f3lo una alta resistencia a compresi\u00f3n, sino tambi\u00e9n a tracci\u00f3n. Debido a ello se pueden realizar estructuras de hormig\u00f3n sometidas a tracci\u00f3n y a flexi\u00f3n con hormig\u00f3n armado<\/em><em style=\"font-size: 16px;\">.\u00bb<\/em><\/p>\n<h2><strong>5. Nuevo Software \u00abMAPEI STRUCTURAL DESIGN\u00bb<\/strong><\/h2>\n<p>Art\u00edculo redactado por <strong>Pedro \u00c1ngel Madera<\/strong>. Descarga la revista para conocer el nuevo software de c\u00e1lculo de refuerzos Mapei Structural Design:<\/p>\n<p><em>\u00abTras un trabajo de m\u00e1s de cuatro a\u00f1os, el nuevo software de c\u00e1lculo de refuerzos MAPEI STRUCTURAL DESIGN ya est\u00e1 disponible. Desarrollado por EUCENTRE (Centro Europeo de Formaci\u00f3n e Investigaci\u00f3n en Ingenier\u00eda S\u00edsmica) en lenguaje JAVA, se implement\u00f3 sobre la base de software anterior desarrollado y distribuido gratuitamente durante m\u00e1s de 15 a\u00f1os por MAPEI S.p.A. y previamente desarrollado principalmente por la Universidad Federico II de N\u00e1poles.\u00bb<\/em><\/p>\n<h2><strong>6. Entrevista a Jorge Blasco<\/strong><\/h2>\n<p>Entrevista realizada por <strong>Mar\u00eda Leach<\/strong> con fotos de <strong>Jordi Tost<\/strong>. Descarrega la revista para\u00a0 continuar leyendo esta interesante entrevista:<\/p>\n<p>\u00abJorge Blasco es Arquitecto, miembro de la Agrupaci\u00f3n de Arquitectos Expertos, Peritos, Forenses y Mediadores del COAC, diplomado en Arquitectura Legal y Forense, experto en estructuras y cimentaciones, as\u00ed como diplomado en Investigaci\u00f3n Avanzada de Incendios. Tambi\u00e9n es profesor asociado de la ETSAB-UPC y ha impartido cursos, masters y postgrados sobre su especialidad por toda la geograf\u00eda espa\u00f1ola. Eso s\u00ed, su gran pasi\u00f3n es la construcci\u00f3n con madera, y de ah\u00ed que la labor profesional de Blasco haya ido siempre ligada a la difusi\u00f3n y puesta en pr\u00e1ctica de los excepcionales beneficios del uso de este material.\u00bb<\/p>\n<h2><strong>6. Lista de miembros de la asociaci\u00f3n<\/strong><\/h2>\n<p>Conoce a los miembros de la Asociaci\u00f3n Consultores de Estructuras. Podr\u00e1s ver a los nuevos integrantes que participan por el reconocimiento de la profesi\u00f3n dentro del mundo de la construcci\u00f3n.<\/p>\n","protected":false},"excerpt":{"rendered":"<ul>\n<li>1. Editorial<\/li>\n<li>2. Nuevos m\u00e9todos de c\u00e1lculo y dimensionamiento directos basados en sistemas para estructuras de acero<\/li>\n<li>3. IV Congreso de Consultores de Estructuras<\/li>\n<li>4. Conexiones a posteriori de armaduras de hormig\u00f3n<\/li>\n<li>5. Nuevo software \u00abMapei Structural Design\u00bb<\/li>\n<li>6. Entrevista a Jorge Blasco<\/li>\n<li>7. Lista de miembros de la asociaci\u00f3n<\/li>\n<\/ul>\n","protected":false},"featured_media":42583,"template":"","meta":{"_acf_changed":false,"site-sidebar-layout":"default","site-content-layout":"default","ast-global-header-display":"","ast-main-header-display":"","ast-hfb-above-header-display":"","ast-hfb-below-header-display":"","ast-hfb-mobile-header-display":"","site-post-title":"","ast-breadcrumbs-content":"","ast-featured-img":"","footer-sml-layout":"","theme-transparent-header-meta":"default","adv-header-id-meta":"","stick-header-meta":"","header-above-stick-meta":"","header-main-stick-meta":"","header-below-stick-meta":""},"product_brand":[],"product_cat":[595],"product_tag":[],"class_list":{"0":"post-42528","1":"product","2":"type-product","3":"status-publish","4":"has-post-thumbnail","6":"product_cat-cuaderno-de-estructuras","7":"desktop-align-left","8":"tablet-align-left","9":"mobile-align-left","11":"first","12":"instock","13":"taxable","14":"shipping-taxable","15":"purchasable","16":"product-type-variable"},"acf":[],"yoast_head":"<!-- This site is optimized with the Yoast SEO plugin v27.1.1 - https:\/\/yoast.com\/product\/yoast-seo-wordpress\/ -->\n<title>Quaderns d&#039;Estructures 76 | ACE<\/title>\n<meta name=\"description\" content=\"Revista n\u00ba 76 amb articles d&#039;actualitat que tracten sobre la construcci\u00f3 d&#039;estructures i que publica l&#039;Associaci\u00f3 de Consultors d&#039;Estructures (ACE).\" \/>\n<meta name=\"robots\" content=\"index, follow, max-snippet:-1, max-image-preview:large, max-video-preview:-1\" \/>\n<link rel=\"canonical\" href=\"https:\/\/aceweb.cat\/es\/producto\/quaderns-destructures-76\/\" \/>\n<meta property=\"og:locale\" content=\"es_ES\" \/>\n<meta property=\"og:type\" content=\"article\" \/>\n<meta property=\"og:title\" content=\"Quaderns d&#039;Estructures 76 | ACE\" \/>\n<meta property=\"og:description\" content=\"Revista n\u00ba 76 amb articles d&#039;actualitat que tracten sobre la construcci\u00f3 d&#039;estructures i que publica l&#039;Associaci\u00f3 de Consultors d&#039;Estructures (ACE).\" \/>\n<meta property=\"og:url\" content=\"https:\/\/aceweb.cat\/es\/producto\/quaderns-destructures-76\/\" \/>\n<meta property=\"og:site_name\" content=\"aceweb.cat\" \/>\n<meta property=\"article:modified_time\" content=\"2023-08-17T10:14:47+00:00\" \/>\n<meta property=\"og:image\" content=\"https:\/\/aceweb.cat\/wp-content\/uploads\/2023\/06\/Portada-QE-76-e1686134572859.jpeg\" \/>\n\t<meta property=\"og:image:width\" content=\"1654\" \/>\n\t<meta property=\"og:image:height\" content=\"2339\" \/>\n\t<meta property=\"og:image:type\" content=\"image\/jpeg\" \/>\n<meta name=\"twitter:card\" content=\"summary_large_image\" \/>\n<meta name=\"twitter:label1\" content=\"Tiempo de lectura\" \/>\n\t<meta name=\"twitter:data1\" content=\"5 minutos\" \/>\n<script type=\"application\/ld+json\" class=\"yoast-schema-graph\">{\"@context\":\"https:\/\/schema.org\",\"@graph\":[{\"@type\":\"WebPage\",\"@id\":\"https:\/\/aceweb.cat\/es\/producto\/quaderns-destructures-76\/\",\"url\":\"https:\/\/aceweb.cat\/es\/producto\/quaderns-destructures-76\/\",\"name\":\"Quaderns d'Estructures 76 | ACE\",\"isPartOf\":{\"@id\":\"https:\/\/aceweb.cat\/#website\"},\"primaryImageOfPage\":{\"@id\":\"https:\/\/aceweb.cat\/es\/producto\/quaderns-destructures-76\/#primaryimage\"},\"image\":{\"@id\":\"https:\/\/aceweb.cat\/es\/producto\/quaderns-destructures-76\/#primaryimage\"},\"thumbnailUrl\":\"https:\/\/aceweb.cat\/wp-content\/uploads\/2023\/06\/Portada-QE-76-e1686134572859.jpeg\",\"datePublished\":\"2023-06-06T08:28:24+00:00\",\"dateModified\":\"2023-08-17T10:14:47+00:00\",\"description\":\"Revista n\u00ba 76 amb articles d'actualitat que tracten sobre la construcci\u00f3 d'estructures i que publica l'Associaci\u00f3 de Consultors d'Estructures (ACE).\",\"breadcrumb\":{\"@id\":\"https:\/\/aceweb.cat\/es\/producto\/quaderns-destructures-76\/#breadcrumb\"},\"inLanguage\":\"es\",\"potentialAction\":[{\"@type\":\"ReadAction\",\"target\":[\"https:\/\/aceweb.cat\/es\/producto\/quaderns-destructures-76\/\"]}]},{\"@type\":\"ImageObject\",\"inLanguage\":\"es\",\"@id\":\"https:\/\/aceweb.cat\/es\/producto\/quaderns-destructures-76\/#primaryimage\",\"url\":\"https:\/\/aceweb.cat\/wp-content\/uploads\/2023\/06\/Portada-QE-76-e1686134572859.jpeg\",\"contentUrl\":\"https:\/\/aceweb.cat\/wp-content\/uploads\/2023\/06\/Portada-QE-76-e1686134572859.jpeg\",\"width\":1654,\"height\":2339,\"caption\":\"Imatge portada QE76\"},{\"@type\":\"BreadcrumbList\",\"@id\":\"https:\/\/aceweb.cat\/es\/producto\/quaderns-destructures-76\/#breadcrumb\",\"itemListElement\":[{\"@type\":\"ListItem\",\"position\":1,\"name\":\"Inici\",\"item\":\"https:\/\/aceweb.cat\/\"},{\"@type\":\"ListItem\",\"position\":2,\"name\":\"Tienda\",\"item\":\"https:\/\/aceweb.cat\/es\/tienda\/\"},{\"@type\":\"ListItem\",\"position\":3,\"name\":\"Quadern d\u2019Estructures\",\"item\":\"https:\/\/aceweb.cat\/es\/categoria-producto\/cuaderno-de-estructuras\/\"},{\"@type\":\"ListItem\",\"position\":4,\"name\":\"Quaderns d&#8217;Estructures 76\"}]},{\"@type\":\"WebSite\",\"@id\":\"https:\/\/aceweb.cat\/#website\",\"url\":\"https:\/\/aceweb.cat\/\",\"name\":\"ACE\",\"description\":\"Associaci\u00f3 de Consultors d&#039;Estructures | ACE\",\"publisher\":{\"@id\":\"https:\/\/aceweb.cat\/#organization\"},\"alternateName\":\"ACE\",\"potentialAction\":[{\"@type\":\"SearchAction\",\"target\":{\"@type\":\"EntryPoint\",\"urlTemplate\":\"https:\/\/aceweb.cat\/?s={search_term_string}\"},\"query-input\":{\"@type\":\"PropertyValueSpecification\",\"valueRequired\":true,\"valueName\":\"search_term_string\"}}],\"inLanguage\":\"es\"},{\"@type\":\"Organization\",\"@id\":\"https:\/\/aceweb.cat\/#organization\",\"name\":\"ACE\",\"alternateName\":\"ACE\",\"url\":\"https:\/\/aceweb.cat\/\",\"logo\":{\"@type\":\"ImageObject\",\"inLanguage\":\"es\",\"@id\":\"https:\/\/aceweb.cat\/#\/schema\/logo\/image\/\",\"url\":\"https:\/\/aceweb.cat\/wp-content\/uploads\/2022\/10\/logo.svg\",\"contentUrl\":\"https:\/\/aceweb.cat\/wp-content\/uploads\/2022\/10\/logo.svg\",\"width\":1,\"height\":1,\"caption\":\"ACE\"},\"image\":{\"@id\":\"https:\/\/aceweb.cat\/#\/schema\/logo\/image\/\"}}]}<\/script>\n<!-- \/ Yoast SEO plugin. -->","yoast_head_json":{"title":"Quaderns d'Estructures 76 | ACE","description":"Revista n\u00ba 76 amb articles d'actualitat que tracten sobre la construcci\u00f3 d'estructures i que publica l'Associaci\u00f3 de Consultors d'Estructures (ACE).","robots":{"index":"index","follow":"follow","max-snippet":"max-snippet:-1","max-image-preview":"max-image-preview:large","max-video-preview":"max-video-preview:-1"},"canonical":"https:\/\/aceweb.cat\/es\/producto\/quaderns-destructures-76\/","og_locale":"es_ES","og_type":"article","og_title":"Quaderns d'Estructures 76 | ACE","og_description":"Revista n\u00ba 76 amb articles d'actualitat que tracten sobre la construcci\u00f3 d'estructures i que publica l'Associaci\u00f3 de Consultors d'Estructures (ACE).","og_url":"https:\/\/aceweb.cat\/es\/producto\/quaderns-destructures-76\/","og_site_name":"aceweb.cat","article_modified_time":"2023-08-17T10:14:47+00:00","og_image":[{"width":1654,"height":2339,"url":"https:\/\/aceweb.cat\/wp-content\/uploads\/2023\/06\/Portada-QE-76-e1686134572859.jpeg","type":"image\/jpeg"}],"twitter_card":"summary_large_image","twitter_misc":{"Tiempo de lectura":"5 minutos"},"schema":{"@context":"https:\/\/schema.org","@graph":[{"@type":"WebPage","@id":"https:\/\/aceweb.cat\/es\/producto\/quaderns-destructures-76\/","url":"https:\/\/aceweb.cat\/es\/producto\/quaderns-destructures-76\/","name":"Quaderns d'Estructures 76 | ACE","isPartOf":{"@id":"https:\/\/aceweb.cat\/#website"},"primaryImageOfPage":{"@id":"https:\/\/aceweb.cat\/es\/producto\/quaderns-destructures-76\/#primaryimage"},"image":{"@id":"https:\/\/aceweb.cat\/es\/producto\/quaderns-destructures-76\/#primaryimage"},"thumbnailUrl":"https:\/\/aceweb.cat\/wp-content\/uploads\/2023\/06\/Portada-QE-76-e1686134572859.jpeg","datePublished":"2023-06-06T08:28:24+00:00","dateModified":"2023-08-17T10:14:47+00:00","description":"Revista n\u00ba 76 amb articles d'actualitat que tracten sobre la construcci\u00f3 d'estructures i que publica l'Associaci\u00f3 de Consultors d'Estructures (ACE).","breadcrumb":{"@id":"https:\/\/aceweb.cat\/es\/producto\/quaderns-destructures-76\/#breadcrumb"},"inLanguage":"es","potentialAction":[{"@type":"ReadAction","target":["https:\/\/aceweb.cat\/es\/producto\/quaderns-destructures-76\/"]}]},{"@type":"ImageObject","inLanguage":"es","@id":"https:\/\/aceweb.cat\/es\/producto\/quaderns-destructures-76\/#primaryimage","url":"https:\/\/aceweb.cat\/wp-content\/uploads\/2023\/06\/Portada-QE-76-e1686134572859.jpeg","contentUrl":"https:\/\/aceweb.cat\/wp-content\/uploads\/2023\/06\/Portada-QE-76-e1686134572859.jpeg","width":1654,"height":2339,"caption":"Imatge portada QE76"},{"@type":"BreadcrumbList","@id":"https:\/\/aceweb.cat\/es\/producto\/quaderns-destructures-76\/#breadcrumb","itemListElement":[{"@type":"ListItem","position":1,"name":"Inici","item":"https:\/\/aceweb.cat\/"},{"@type":"ListItem","position":2,"name":"Tienda","item":"https:\/\/aceweb.cat\/es\/tienda\/"},{"@type":"ListItem","position":3,"name":"Quadern d\u2019Estructures","item":"https:\/\/aceweb.cat\/es\/categoria-producto\/cuaderno-de-estructuras\/"},{"@type":"ListItem","position":4,"name":"Quaderns d&#8217;Estructures 76"}]},{"@type":"WebSite","@id":"https:\/\/aceweb.cat\/#website","url":"https:\/\/aceweb.cat\/","name":"ACE","description":"Associaci\u00f3 de Consultors d&#039;Estructures | ACE","publisher":{"@id":"https:\/\/aceweb.cat\/#organization"},"alternateName":"ACE","potentialAction":[{"@type":"SearchAction","target":{"@type":"EntryPoint","urlTemplate":"https:\/\/aceweb.cat\/?s={search_term_string}"},"query-input":{"@type":"PropertyValueSpecification","valueRequired":true,"valueName":"search_term_string"}}],"inLanguage":"es"},{"@type":"Organization","@id":"https:\/\/aceweb.cat\/#organization","name":"ACE","alternateName":"ACE","url":"https:\/\/aceweb.cat\/","logo":{"@type":"ImageObject","inLanguage":"es","@id":"https:\/\/aceweb.cat\/#\/schema\/logo\/image\/","url":"https:\/\/aceweb.cat\/wp-content\/uploads\/2022\/10\/logo.svg","contentUrl":"https:\/\/aceweb.cat\/wp-content\/uploads\/2022\/10\/logo.svg","width":1,"height":1,"caption":"ACE"},"image":{"@id":"https:\/\/aceweb.cat\/#\/schema\/logo\/image\/"}}]}},"_links":{"self":[{"href":"https:\/\/aceweb.cat\/es\/wp-json\/wp\/v2\/product\/42528","targetHints":{"allow":["GET"]}}],"collection":[{"href":"https:\/\/aceweb.cat\/es\/wp-json\/wp\/v2\/product"}],"about":[{"href":"https:\/\/aceweb.cat\/es\/wp-json\/wp\/v2\/types\/product"}],"version-history":[{"count":3,"href":"https:\/\/aceweb.cat\/es\/wp-json\/wp\/v2\/product\/42528\/revisions"}],"predecessor-version":[{"id":43006,"href":"https:\/\/aceweb.cat\/es\/wp-json\/wp\/v2\/product\/42528\/revisions\/43006"}],"wp:featuredmedia":[{"embeddable":true,"href":"https:\/\/aceweb.cat\/es\/wp-json\/wp\/v2\/media\/42583"}],"wp:attachment":[{"href":"https:\/\/aceweb.cat\/es\/wp-json\/wp\/v2\/media?parent=42528"}],"wp:term":[{"taxonomy":"product_brand","embeddable":true,"href":"https:\/\/aceweb.cat\/es\/wp-json\/wp\/v2\/product_brand?post=42528"},{"taxonomy":"product_cat","embeddable":true,"href":"https:\/\/aceweb.cat\/es\/wp-json\/wp\/v2\/product_cat?post=42528"},{"taxonomy":"product_tag","embeddable":true,"href":"https:\/\/aceweb.cat\/es\/wp-json\/wp\/v2\/product_tag?post=42528"}],"curies":[{"name":"wp","href":"https:\/\/api.w.org\/{rel}","templated":true}]}}