{"id":42593,"date":"2023-06-07T11:30:34","date_gmt":"2023-06-07T11:30:34","guid":{"rendered":"https:\/\/aceweb.cat\/?post_type=product&#038;p=42593"},"modified":"2023-06-08T10:43:57","modified_gmt":"2023-06-08T10:43:57","slug":"quaderns-destructures-77","status":"publish","type":"product","link":"https:\/\/aceweb.cat\/es\/producto\/quaderns-destructures-77\/","title":{"rendered":"Quaderns d&#8217;Estructures 77"},"content":{"rendered":"<p>Este n\u00famero incluye:<\/p>\n<h2><strong>1. Editorial<\/strong><\/h2>\n<p>Art\u00edculo redactado por <strong>Josep Baquer<\/strong>. Descarga la revista para conocer el cambio de sede:<\/p>\n<p><em>\u00abNuestra asociaci\u00f3n nace en 1986 aunque oficialmente lo hizo en 1989, a\u00f1o en que todav\u00eda se iban agrupando muchas escuelas t\u00e9cnicas catalanas al abrigo de lo que acabar\u00eda siendo la UPC. Los asociados de la ACE, se hab\u00edan convertido en t\u00e9cnicos profesionales en este per\u00edodo de gestaci\u00f3n de la UPC, por eso casi de forma \u201cnatural\u201d, la ACE pudo establecer su sede en el \u00e1mbito de la UPC, inicialmente como \u201cclub\u201d entre los \u201cAmigos de la UPC\u201d en el edificio Nexus del Campus Norte de Barcelona y, a partir de 2011, en el edificio Til\u00b7lers, como \u201cclub\u201d miembro de Alumni UPC. En el a\u00f1o 2019, en tres meses hubo dos cambios de sede, siempre en el contexto de Alumni UPC, primero al edificio V\u00e8rtex y \u00faltimamente al edificio Omega.<\/em><\/p>\n<p><em>\u00ab<\/em><\/p>\n<h2><strong>2. La durabilidad del hormig\u00f3n visto (el acero)<\/strong><\/h2>\n<p>Art\u00edculo redactado por <strong>Fruitu\u00f3s Ma\u00f1\u00e0 Reixach<\/strong>. Descarga la revista para conocer un m\u00e9todo para programar actuaciones de refuerzo sobre hormigones envejecidos:<\/p>\n<p><em>\u00ab<\/em><\/p>\n<p>Nuestro objetivo es poner al alcance un m\u00e9todo para programar actuaciones de refuerzo sobre hormigones envejecidos, en cualquier caso no se trata de hacer otro manual sobre la corrosi\u00f3n de los aceros, ya hay suficientes sobre el tema. La gu\u00eda de durabilidad del CEB satisface con creces ese objetivo.<\/p>\n<p>Es habitual que se nombre a un t\u00e9cnico para resolver la corrosi\u00f3n de los aceros de los pies de unos pilares o de los bordes de un balc\u00f3n. Aparte de tener los conocimientos necesarios para hacer frente al problema, es necesario estar preparados para resolver la pregunta inmediata: \u00bfc\u00f3mo est\u00e1 el resto de la estructura?. Este art\u00edculo se propone ofrecer algunos criterios para poder responder a la pregunta anterior y sobre todo, qu\u00e9 hacer y c\u00f3mo hacerlo para actuar sobre el resto de la estructura en un futuro.<em>\u00ab<\/em><\/p>\n<h2><strong>3. Recortes de Prensa: Accidentes y patolog\u00edas estructurales\u00a0<\/strong><\/h2>\n<p>Art\u00edculo redactado por<strong> Enric Xercavins.<\/strong> Descarga la revista para conocer el seguimiento de accidentes y patolog\u00edas estructurales:<\/p>\n<p><em>\u00abMi vida profesional empez\u00f3 en 1973 y desde principios de los a\u00f1os 80 hice un seguimiento de accidentes y patolog\u00edas estructurales que sal\u00edan en la prensa, fotocopi\u00e1ndolos, hasta que a partir del 2009, abr\u00ed una carpeta digital para continuar archivando las noticias relativas a las estructuras. Me han ayudado mucho para aprender y entender m\u00e1s el funcionamiento de las estructuras.<br \/>\nDe los 300 recortes de prensa que tengo archivados, he escogido los m\u00e1s singulares, resumiendo las noticias con &#8230;&#8230;. (puntos suspensivos). Transcrito una cincuentena de recortes, ejemplo de accidentes y patolog\u00edas estructurales especiales.<br \/>\nLos accidentes y patolog\u00edas se han producido por diferentes circunstancias dentro de la mec\u00e1nica de estructuras en las que trabajamos y que los periodistas a veces dan versiones sensacionalistas, aunque tambi\u00e9n hay art\u00edculos en los que se han informado a fondo con los t\u00e9cnicos obra y han pedido tambi\u00e9n la opini\u00f3n a especialistas en proyectos de estructura para dar una noticia fiable.<\/em><em>\u00ab<\/em><\/p>\n<h2><strong>4. La responsailidada de Consultor de Estructuras en esta emergencia clim\u00e1tica<\/strong><\/h2>\n<p>Art\u00edculo redactado por <strong>Will Arnold.<\/strong> Descarga la revista para conocer el papel que pueden jugar los consultores de estructuras para abordar el cambio clim\u00e1tico:<\/p>\n<p><em>\u00ab<\/em>Durante los \u00faltimos 100 a\u00f1os, los humanos hemos sido responsables de liberar cada a\u00f1o m\u00e1s carbono (entendiendo por carbono \u00abel equivalente de di\u00f3xido de carbono\u00bb, CO2e, que incluye todos los gases de efecto invernadero) a la atm\u00f3sfera de lo que las plantas y la vida marina del mundo pueden absorber. Los niveles de carbono en la atm\u00f3sfera han aumentado, as\u00ed como las temperaturas globales, y el planeta es ahora casi 1\u00b0C m\u00e1s c\u00e1lido que antes de la industrializaci\u00f3n. Este cambio en la temperatura global se ha manifestado a trav\u00e9s de un aumento de niveles de inundaciones, sequ\u00edas, tormentas e incendios.<\/p>\n<p>Se considera que un aumento de 1,5\u00b0C es el punto de inflexi\u00f3n m\u00e1s all\u00e1 del cual los efectos del calentamiento se convierten en extremos y dif\u00edciles de controlar [1], un aumento de solo 0,5\u00b0C respecto a los niveles actuales. Claramente, es necesario realizar cambios en todos los \u00e1mbitos de la vida, y para citar el Panel Intergubernamental sobre el Cambio Clim\u00e1tico (IPCC), estos deben ser \u00abr\u00e1pidos, de gran alcance y sin precedentes\u00bb, para quedarnos en un punto cercano al objetivo de 1,5 \u00b0C.<em style=\"font-size: 16px;\">\u00ab<\/em><\/p>\n<h2><strong>5. Apertura de agujeros en paredes de carga a base de cimentaci\u00f3n<\/strong><\/h2>\n<p>Art\u00edculo redactado por <strong>Juan Jos\u00e9 Rosas<\/strong>. Descarga la revista para conocer el an\u00e1lisis de los efectos sobre una cimentaci\u00f3n existente, asociados en las aperturas de agujeros en paredes de carga:<\/p>\n<p><em>\u00abEn este art\u00edculo se analizan los efectos, sobre la cimentaci\u00f3n existente, asociados a las aperturas de huecos en paredes de carga en la planta base (nivel de cimentaci\u00f3n), as\u00ed mismo se plantean, en caso necesario, las actuaciones de refuerzo a realizar sobre la cimentaci\u00f3n para hacer compatible \u00e9sta con los requerimientos del apeo necesario.<br \/>\nCon la finalidad de encuadrar el \u00e1mbito de an\u00e1lisis del art\u00edculo, se consideran aperturas en estructuras de edificaci\u00f3n con g\u00e1libo menor de 2,50 metros y anchura inferior a 2,50 metros, se excluyen aquellas actuaciones en terrenos muy blandos no aptos para cimentar superficialmente o que la estructura muestre lesiones o indicios que apunten a un mal funcionamiento de la cimentaci\u00f3n existente. Las anteriores exclusiones no implican que lo aqu\u00ed tratado no sea aplicable en situaciones m\u00e1s complejas, sino que en dichos casos se requerir\u00e1 un nivel de an\u00e1lisis m\u00e1s detallado al aqu\u00ed expuesto.\u00bb<\/em><\/p>\n<h2><strong>6. <\/strong><strong>Lista de miembros de la asociaci\u00f3n<\/strong><\/h2>\n<p>Conoce a los miembros de la Asociaci\u00f3n Consultores de Estructuras. Podr\u00e1s ver a los nuevos integrantes que participan por el reconocimiento de la profesi\u00f3n dentro del mundo de la construcci\u00f3n.<\/p>\n","protected":false},"excerpt":{"rendered":"<ul>\n<li>1. Editorial<\/li>\n<li>2. La durabilidad del hormig\u00f3n visto<\/li>\n<li>3. Recortes de prensa: accidentes y patolog\u00edas estructurales<\/li>\n<li>4. La responsabilidad del consultor de estructuras en esta emergencia clim\u00e1tica<\/li>\n<li>5. Apertura de agujeros en paredes de carga a base de cimentaci\u00f3n<\/li>\n<li>6. Lista de miembros de la asociaci\u00f3n<\/li>\n<\/ul>\n","protected":false},"featured_media":42600,"template":"","meta":{"_acf_changed":false,"site-sidebar-layout":"default","site-content-layout":"default","ast-global-header-display":"","ast-main-header-display":"","ast-hfb-above-header-display":"","ast-hfb-below-header-display":"","ast-hfb-mobile-header-display":"","site-post-title":"","ast-breadcrumbs-content":"","ast-featured-img":"","footer-sml-layout":"","theme-transparent-header-meta":"default","adv-header-id-meta":"","stick-header-meta":"","header-above-stick-meta":"","header-main-stick-meta":"","header-below-stick-meta":""},"product_brand":[],"product_cat":[595],"product_tag":[],"class_list":{"0":"post-42593","1":"product","2":"type-product","3":"status-publish","4":"has-post-thumbnail","6":"product_cat-cuaderno-de-estructuras","7":"desktop-align-left","8":"tablet-align-left","9":"mobile-align-left","11":"first","12":"instock","13":"taxable","14":"shipping-taxable","15":"purchasable","16":"product-type-variable"},"acf":[],"yoast_head":"<!-- This site is optimized with the Yoast SEO plugin v27.1.1 - https:\/\/yoast.com\/product\/yoast-seo-wordpress\/ -->\n<title>Quaderns d&#039;Estructures 77 | ACE<\/title>\n<meta name=\"description\" content=\"Revista n\u00ba 77 amb articles d&#039;actualitat que tracten sobre la construcci\u00f3 d&#039;estructures i que publica l&#039;Associaci\u00f3 de Consultors d&#039;Estructures (ACE).\" \/>\n<meta name=\"robots\" content=\"index, follow, max-snippet:-1, max-image-preview:large, max-video-preview:-1\" \/>\n<link rel=\"canonical\" href=\"https:\/\/aceweb.cat\/es\/producto\/quaderns-destructures-77\/\" \/>\n<meta property=\"og:locale\" content=\"es_ES\" \/>\n<meta property=\"og:type\" content=\"article\" \/>\n<meta property=\"og:title\" content=\"Quaderns d&#039;Estructures 77 | ACE\" \/>\n<meta property=\"og:description\" content=\"Revista n\u00ba 77 amb articles d&#039;actualitat que tracten sobre la construcci\u00f3 d&#039;estructures i que publica l&#039;Associaci\u00f3 de Consultors d&#039;Estructures (ACE).\" \/>\n<meta property=\"og:url\" content=\"https:\/\/aceweb.cat\/es\/producto\/quaderns-destructures-77\/\" \/>\n<meta property=\"og:site_name\" content=\"aceweb.cat\" \/>\n<meta property=\"article:modified_time\" content=\"2023-06-08T10:43:57+00:00\" \/>\n<meta property=\"og:image\" content=\"https:\/\/aceweb.cat\/wp-content\/uploads\/2023\/06\/Portada-QE-77_Page_1-e1686139590453.jpeg\" \/>\n\t<meta property=\"og:image:width\" content=\"1654\" \/>\n\t<meta property=\"og:image:height\" content=\"2339\" \/>\n\t<meta property=\"og:image:type\" content=\"image\/jpeg\" \/>\n<meta name=\"twitter:card\" content=\"summary_large_image\" \/>\n<meta name=\"twitter:label1\" content=\"Tiempo de lectura\" \/>\n\t<meta name=\"twitter:data1\" content=\"6 minutos\" \/>\n<script type=\"application\/ld+json\" class=\"yoast-schema-graph\">{\"@context\":\"https:\/\/schema.org\",\"@graph\":[{\"@type\":\"WebPage\",\"@id\":\"https:\/\/aceweb.cat\/es\/producto\/quaderns-destructures-77\/\",\"url\":\"https:\/\/aceweb.cat\/es\/producto\/quaderns-destructures-77\/\",\"name\":\"Quaderns d'Estructures 77 | ACE\",\"isPartOf\":{\"@id\":\"https:\/\/aceweb.cat\/#website\"},\"primaryImageOfPage\":{\"@id\":\"https:\/\/aceweb.cat\/es\/producto\/quaderns-destructures-77\/#primaryimage\"},\"image\":{\"@id\":\"https:\/\/aceweb.cat\/es\/producto\/quaderns-destructures-77\/#primaryimage\"},\"thumbnailUrl\":\"https:\/\/aceweb.cat\/wp-content\/uploads\/2023\/06\/Portada-QE-77_Page_1-e1686139590453.jpeg\",\"datePublished\":\"2023-06-07T11:30:34+00:00\",\"dateModified\":\"2023-06-08T10:43:57+00:00\",\"description\":\"Revista n\u00ba 77 amb articles d'actualitat que tracten sobre la construcci\u00f3 d'estructures i que publica l'Associaci\u00f3 de Consultors d'Estructures (ACE).\",\"breadcrumb\":{\"@id\":\"https:\/\/aceweb.cat\/es\/producto\/quaderns-destructures-77\/#breadcrumb\"},\"inLanguage\":\"es\",\"potentialAction\":[{\"@type\":\"ReadAction\",\"target\":[\"https:\/\/aceweb.cat\/es\/producto\/quaderns-destructures-77\/\"]}]},{\"@type\":\"ImageObject\",\"inLanguage\":\"es\",\"@id\":\"https:\/\/aceweb.cat\/es\/producto\/quaderns-destructures-77\/#primaryimage\",\"url\":\"https:\/\/aceweb.cat\/wp-content\/uploads\/2023\/06\/Portada-QE-77_Page_1-e1686139590453.jpeg\",\"contentUrl\":\"https:\/\/aceweb.cat\/wp-content\/uploads\/2023\/06\/Portada-QE-77_Page_1-e1686139590453.jpeg\",\"width\":1654,\"height\":2339,\"caption\":\"Portada QE77\"},{\"@type\":\"BreadcrumbList\",\"@id\":\"https:\/\/aceweb.cat\/es\/producto\/quaderns-destructures-77\/#breadcrumb\",\"itemListElement\":[{\"@type\":\"ListItem\",\"position\":1,\"name\":\"Inici\",\"item\":\"https:\/\/aceweb.cat\/\"},{\"@type\":\"ListItem\",\"position\":2,\"name\":\"Tienda\",\"item\":\"https:\/\/aceweb.cat\/es\/tienda\/\"},{\"@type\":\"ListItem\",\"position\":3,\"name\":\"Quadern d\u2019Estructures\",\"item\":\"https:\/\/aceweb.cat\/es\/categoria-producto\/cuaderno-de-estructuras\/\"},{\"@type\":\"ListItem\",\"position\":4,\"name\":\"Quaderns d&#8217;Estructures 77\"}]},{\"@type\":\"WebSite\",\"@id\":\"https:\/\/aceweb.cat\/#website\",\"url\":\"https:\/\/aceweb.cat\/\",\"name\":\"ACE\",\"description\":\"Associaci\u00f3 de Consultors d&#039;Estructures | ACE\",\"publisher\":{\"@id\":\"https:\/\/aceweb.cat\/#organization\"},\"alternateName\":\"ACE\",\"potentialAction\":[{\"@type\":\"SearchAction\",\"target\":{\"@type\":\"EntryPoint\",\"urlTemplate\":\"https:\/\/aceweb.cat\/?s={search_term_string}\"},\"query-input\":{\"@type\":\"PropertyValueSpecification\",\"valueRequired\":true,\"valueName\":\"search_term_string\"}}],\"inLanguage\":\"es\"},{\"@type\":\"Organization\",\"@id\":\"https:\/\/aceweb.cat\/#organization\",\"name\":\"ACE\",\"alternateName\":\"ACE\",\"url\":\"https:\/\/aceweb.cat\/\",\"logo\":{\"@type\":\"ImageObject\",\"inLanguage\":\"es\",\"@id\":\"https:\/\/aceweb.cat\/#\/schema\/logo\/image\/\",\"url\":\"https:\/\/aceweb.cat\/wp-content\/uploads\/2022\/10\/logo.svg\",\"contentUrl\":\"https:\/\/aceweb.cat\/wp-content\/uploads\/2022\/10\/logo.svg\",\"width\":1,\"height\":1,\"caption\":\"ACE\"},\"image\":{\"@id\":\"https:\/\/aceweb.cat\/#\/schema\/logo\/image\/\"}}]}<\/script>\n<!-- \/ Yoast SEO plugin. -->","yoast_head_json":{"title":"Quaderns d'Estructures 77 | ACE","description":"Revista n\u00ba 77 amb articles d'actualitat que tracten sobre la construcci\u00f3 d'estructures i que publica l'Associaci\u00f3 de Consultors d'Estructures (ACE).","robots":{"index":"index","follow":"follow","max-snippet":"max-snippet:-1","max-image-preview":"max-image-preview:large","max-video-preview":"max-video-preview:-1"},"canonical":"https:\/\/aceweb.cat\/es\/producto\/quaderns-destructures-77\/","og_locale":"es_ES","og_type":"article","og_title":"Quaderns d'Estructures 77 | ACE","og_description":"Revista n\u00ba 77 amb articles d'actualitat que tracten sobre la construcci\u00f3 d'estructures i que publica l'Associaci\u00f3 de Consultors d'Estructures (ACE).","og_url":"https:\/\/aceweb.cat\/es\/producto\/quaderns-destructures-77\/","og_site_name":"aceweb.cat","article_modified_time":"2023-06-08T10:43:57+00:00","og_image":[{"width":1654,"height":2339,"url":"https:\/\/aceweb.cat\/wp-content\/uploads\/2023\/06\/Portada-QE-77_Page_1-e1686139590453.jpeg","type":"image\/jpeg"}],"twitter_card":"summary_large_image","twitter_misc":{"Tiempo de lectura":"6 minutos"},"schema":{"@context":"https:\/\/schema.org","@graph":[{"@type":"WebPage","@id":"https:\/\/aceweb.cat\/es\/producto\/quaderns-destructures-77\/","url":"https:\/\/aceweb.cat\/es\/producto\/quaderns-destructures-77\/","name":"Quaderns d'Estructures 77 | ACE","isPartOf":{"@id":"https:\/\/aceweb.cat\/#website"},"primaryImageOfPage":{"@id":"https:\/\/aceweb.cat\/es\/producto\/quaderns-destructures-77\/#primaryimage"},"image":{"@id":"https:\/\/aceweb.cat\/es\/producto\/quaderns-destructures-77\/#primaryimage"},"thumbnailUrl":"https:\/\/aceweb.cat\/wp-content\/uploads\/2023\/06\/Portada-QE-77_Page_1-e1686139590453.jpeg","datePublished":"2023-06-07T11:30:34+00:00","dateModified":"2023-06-08T10:43:57+00:00","description":"Revista n\u00ba 77 amb articles d'actualitat que tracten sobre la construcci\u00f3 d'estructures i que publica l'Associaci\u00f3 de Consultors d'Estructures (ACE).","breadcrumb":{"@id":"https:\/\/aceweb.cat\/es\/producto\/quaderns-destructures-77\/#breadcrumb"},"inLanguage":"es","potentialAction":[{"@type":"ReadAction","target":["https:\/\/aceweb.cat\/es\/producto\/quaderns-destructures-77\/"]}]},{"@type":"ImageObject","inLanguage":"es","@id":"https:\/\/aceweb.cat\/es\/producto\/quaderns-destructures-77\/#primaryimage","url":"https:\/\/aceweb.cat\/wp-content\/uploads\/2023\/06\/Portada-QE-77_Page_1-e1686139590453.jpeg","contentUrl":"https:\/\/aceweb.cat\/wp-content\/uploads\/2023\/06\/Portada-QE-77_Page_1-e1686139590453.jpeg","width":1654,"height":2339,"caption":"Portada QE77"},{"@type":"BreadcrumbList","@id":"https:\/\/aceweb.cat\/es\/producto\/quaderns-destructures-77\/#breadcrumb","itemListElement":[{"@type":"ListItem","position":1,"name":"Inici","item":"https:\/\/aceweb.cat\/"},{"@type":"ListItem","position":2,"name":"Tienda","item":"https:\/\/aceweb.cat\/es\/tienda\/"},{"@type":"ListItem","position":3,"name":"Quadern d\u2019Estructures","item":"https:\/\/aceweb.cat\/es\/categoria-producto\/cuaderno-de-estructuras\/"},{"@type":"ListItem","position":4,"name":"Quaderns d&#8217;Estructures 77"}]},{"@type":"WebSite","@id":"https:\/\/aceweb.cat\/#website","url":"https:\/\/aceweb.cat\/","name":"ACE","description":"Associaci\u00f3 de Consultors d&#039;Estructures | ACE","publisher":{"@id":"https:\/\/aceweb.cat\/#organization"},"alternateName":"ACE","potentialAction":[{"@type":"SearchAction","target":{"@type":"EntryPoint","urlTemplate":"https:\/\/aceweb.cat\/?s={search_term_string}"},"query-input":{"@type":"PropertyValueSpecification","valueRequired":true,"valueName":"search_term_string"}}],"inLanguage":"es"},{"@type":"Organization","@id":"https:\/\/aceweb.cat\/#organization","name":"ACE","alternateName":"ACE","url":"https:\/\/aceweb.cat\/","logo":{"@type":"ImageObject","inLanguage":"es","@id":"https:\/\/aceweb.cat\/#\/schema\/logo\/image\/","url":"https:\/\/aceweb.cat\/wp-content\/uploads\/2022\/10\/logo.svg","contentUrl":"https:\/\/aceweb.cat\/wp-content\/uploads\/2022\/10\/logo.svg","width":1,"height":1,"caption":"ACE"},"image":{"@id":"https:\/\/aceweb.cat\/#\/schema\/logo\/image\/"}}]}},"_links":{"self":[{"href":"https:\/\/aceweb.cat\/es\/wp-json\/wp\/v2\/product\/42593","targetHints":{"allow":["GET"]}}],"collection":[{"href":"https:\/\/aceweb.cat\/es\/wp-json\/wp\/v2\/product"}],"about":[{"href":"https:\/\/aceweb.cat\/es\/wp-json\/wp\/v2\/types\/product"}],"version-history":[{"count":2,"href":"https:\/\/aceweb.cat\/es\/wp-json\/wp\/v2\/product\/42593\/revisions"}],"predecessor-version":[{"id":42632,"href":"https:\/\/aceweb.cat\/es\/wp-json\/wp\/v2\/product\/42593\/revisions\/42632"}],"wp:featuredmedia":[{"embeddable":true,"href":"https:\/\/aceweb.cat\/es\/wp-json\/wp\/v2\/media\/42600"}],"wp:attachment":[{"href":"https:\/\/aceweb.cat\/es\/wp-json\/wp\/v2\/media?parent=42593"}],"wp:term":[{"taxonomy":"product_brand","embeddable":true,"href":"https:\/\/aceweb.cat\/es\/wp-json\/wp\/v2\/product_brand?post=42593"},{"taxonomy":"product_cat","embeddable":true,"href":"https:\/\/aceweb.cat\/es\/wp-json\/wp\/v2\/product_cat?post=42593"},{"taxonomy":"product_tag","embeddable":true,"href":"https:\/\/aceweb.cat\/es\/wp-json\/wp\/v2\/product_tag?post=42593"}],"curies":[{"name":"wp","href":"https:\/\/api.w.org\/{rel}","templated":true}]}}