{"id":43096,"date":"2023-08-17T21:35:07","date_gmt":"2023-08-17T21:35:07","guid":{"rendered":"https:\/\/aceweb.cat\/?post_type=product&#038;p=43096"},"modified":"2023-09-14T14:24:25","modified_gmt":"2023-09-14T14:24:25","slug":"quaderns-destructures-78","status":"publish","type":"product","link":"https:\/\/aceweb.cat\/es\/producto\/quaderns-destructures-78\/","title":{"rendered":"Quaderns d&#8217;Estructures 78"},"content":{"rendered":"<p>Aquest n\u00famero inclou:<\/p>\n<h2><strong>1. Editorial<\/strong><\/h2>\n<p>Articulo redactado per <strong>Miquel Rodr\u00edguez<\/strong>. Descarga la revista para conocer los premios ACE:<\/p>\n<p><em>\u00abOtro verano m\u00e1s y toca repasar el curso y plantear el siguiente. Como cada a\u00f1o el final de temporada equivale al final del mundo. No hay tiempo para nada, ni para pensar. Hay que hacer todo a la carrera, y asegurar la calidad en esas condiciones no es f\u00e1cil. A uno le pasan muchas cosas por la cabeza de qu\u00e9 hacer al respecto y cu\u00e1l es la mejor manera de organizarse.<br \/>\nNos ocurre cada julio lo mismo y se empieza a relativizar la urgencia de las cosas, pero lo que es cierto es que siguen agolp\u00e1ndose las entregas durante este mes, y nuestro entorno nos exige tener todo el trabajo acabado para que, mientras nosotros disfrutamos nuestras vacaciones, el resto no pare de trabajar.<\/em><em>\u00ab<\/em><\/p>\n<h2>2. La c\u00fapula del proyecto del centro comercial X Madrid de Alcorc\u00f3n.<\/h2>\n<p>Articulo redactado por <strong>Enrique Soriano, Pep Tornabell, Gerard Bertomeu, \u00c1ngel Antequera, Ignacio Costales i Carles Jaen<\/strong>. Descarga la revista para conocer el primer premio a la mejor obra de estructuras:<\/p>\n<p><em>\u00bb La c\u00fapula del centro comercial X Madrid, de dise\u00f1o inicial de B+R Arquitectos y Arenas&amp;Asociados, se ha convertido en un hito en Alcorc\u00f3n. Se trata de una c\u00fapula de casi 80 m de di\u00e1metro que soporta una interesante tensoestructura de ic\u00f3nicos conoides soportados por m\u00e1stiles flotantes, que cubre una plaza de casi media hect\u00e1rea. En este documento se describe el proceso llevado a cabo para poder optimizar la c\u00fapula, tanto en geometr\u00eda como en coste, consiguiendo una estructura capaz de integrar instalaciones y desag\u00fces de una manera casi imperceptible.<\/em><em>\u00ab<\/em><\/p>\n<h2><strong>3. Edificio WittyWood<\/strong><\/h2>\n<p>Articulo\u00a0 redactat por<strong> Jorge Blasco.<\/strong> Descarga la revista para conocer el edificio:<\/p>\n<p><em>\u00abEl edificio WittyWood ha sido el primer edificio de oficinas de Espa\u00f1a que se ha construido \u00edntegramente en madera. Se encuentra ubicado en el distrito 22@ de Barcelona, en pleno barrio del Poblenou.<br \/>\nSe trata de un edificio de 22 metros de altura, 5 plantas sobre rasante y 2 plantas bajo rasante, aunque en proyecto original se part\u00eda de 3 plantas s\u00f3tano.<br \/>\nLa estructura bajo rasante se basa en una estructura convencional de hormig\u00f3n armado. En cambio, sobre rasante, el edificio se ha ejecutado \u00edntegramente con madera, utilizando varios sistemas, dando un aire de bienestar y calidez interior para el usuario y huyendo del entorno fr\u00edo de los edificios habituales de oficinas.<br \/>\nEstructuralmente, las plantas tienen unas luces m\u00e1ximas entre p\u00f3rticos de 9,60 metros. De esta manera se generan espacios di\u00e1fanos con libertad de distribuci\u00f3n interior premisa inicial del proyecto arquitect\u00f3nico.<\/em><em>\u00ab<\/em><\/p>\n<h2><strong>4.\u00a0 Estructura y cimenaci\u00f3n de la cava del Castell de Peralada<\/strong><strong>\u00a0<\/strong><\/h2>\n<p>Articulo redactado por <strong>Antoni Bl\u00e1zquez i Llu\u00eds Guanter.<\/strong> Descarga la revista para conocer el proyecto:<\/p>\n<p><em>\u00abEl proyecto y ejecuci\u00f3n de la cimentaci\u00f3n y estructura de esta obra re\u00fane algunas singularidades, de las cuales, las m\u00e1s destacables son:<br \/>\n1. Naves de hasta 30 m de luz, resueltas con b\u00f3vedas de hormig\u00f3n post tesado y hormigonadas \u201cin situ\u201d a alturas de hasta 10 m.<br \/>\n2. Elementos de hormig\u00f3n visto, a veces coloreado, con exigencias diversas de acabado, superficies inclinadas, curvas y de gran altura sin juntas de hormigonamiento.<br \/>\n3. Elementos exteriores de estructura met\u00e1lica con formas singulares y grandes voladizos.<br \/>\n4. Rehabilitaci\u00f3n de edificios existentes con apeos de paredes de mamposter\u00eda, b\u00f3vedas de cer\u00e1mica, refuerzos de forjados, etc.<br \/>\nEste proyecto no podr\u00eda haberse llevado a cabo sin una estrecha colaboraci\u00f3n entre el consultor de estructuras y los arquitectos en todas las fases del proyecto, as\u00ed como en la ejecuci\u00f3n de la obra.<\/em><em style=\"font-size: 16px;\">\u00ab<\/em><\/p>\n<h2><strong>5. Slow Building Sant Cugat<\/strong><\/h2>\n<p>Articulo redactado por <strong>Marc B\u00e0rbara i Guillermo Barenys<\/strong>. Descarga la revista para conocer el proyecto:<\/p>\n<p><em>\u00abEl proyecto consta de dos edificaciones diferenciadas estructuralmente debido a los requisitos funcionales y de dise\u00f1o.<br \/>\nConcesionario y aparcamiento: Edificio de PB+1 y dos plantas s\u00f3tano. La estructura horizontal consiste en losas macizas y aligeradas posttesadas. La estructura vertical est\u00e1 formada por pilares y pantallas de hormig\u00f3n armado. Los techos tienen una luz m\u00e1xima de 15m y con sobrecargas de hasta 25 kN\/m\u00b2. La utilizaci\u00f3n de losas posttesadas ha permitido realizar un Espacio de Exposici\u00f3n de Concesionario di\u00e1fano, siguiendo los requisitos del programa.<br \/>\nOficinas: Edificio de Planta Baja +8 y dos plantas s\u00f3tano. La estructura vertical y horizontal es mixta, de hormig\u00f3n y acero. Las luces son de 7,5m y las sobrecargas son de hasta 8 kN\/m\u00b2. Un pilar se ramifica en tirantes y tornapuntas generando una estructura tridimensional que resuelve el doble voladizo, y se expresa en fachada como una cercha que muestra el recorrido de las cargas. Un n\u00facleo de hormig\u00f3n armado contribuye a la estabilidad global del edificio.<br \/>\nLa presencia de la estructura en la fachada se completa con una escalera exterior colgada desde la cercha.\u00bb<\/em><\/p>\n<h2><strong>6. P\u00e8rgola productiva de fusta a la Ronda de Dalt<\/strong><\/h2>\n<p>Articulo redactado por<strong> Marta Farr\u00fas, David Garcia i Xiomara M\u00e1rquez<\/strong>. Descarga la revista para conocer el proyecto:<\/p>\n<p><em>\u00abProyecto y ejecuci\u00f3n de 3 p\u00e9rgolas de madera con placas fotovoltaicas encima que act\u00faan como elementos de transformaci\u00f3n del espacio p\u00fablico en el tramo de cubrimiento de la Ronda de Dalt situado entre la Avenida del Jord\u00e0 y la Avenida Vallcarca, en Barcelona. Con una geometr\u00eda en planta muy irregular y una superficie de 2000m2 la p\u00e9rgola principal y 100m2 las secundarias, presentan alturas variables de 5 a 7m y est\u00e1n formadas por p\u00f3rticos de luces entre soportes de hasta 18m. En uno de los frentes se coloca una plantaci\u00f3n vegetal que sube por encima de estos elementos. El resultado final es una gran plaza que act\u00faa como espacio bioclim\u00e1tico, dando sombra y energ\u00eda a los equipamientos del barrio.\u00bb<\/em><\/p>\n<h2><strong>7. Ampliaci\u00f3 de l&#8217;escola Petit Estel-La Nova<\/strong><\/h2>\n<p>Articulo redactado por <strong>Laia Mar\u00edn.<\/strong>Descarga la revista para conocer el proyecto:<\/p>\n<p><em>\u00abSe proyecta una ampliaci\u00f3n de la escuela El Petit Estel \u2013 La Nova en Terrassa. Esta ampliaci\u00f3n contempla tres actuaciones desde el punto de vista estructural:<br \/>\nReconvertir dos antiguas casas entre medianeras con una construcci\u00f3n tradicional de muros de carga y viguetas de madera con bovedilla cer\u00e1mica en guarder\u00eda. El nuevo programa obliga a ensanchar los espacios y por lo tanto se hace necesario el apeo del muro de carga central convirti\u00e9ndolo en un p\u00f3rtico de pilares met\u00e1licos.<br \/>\nLa zona de encuentro de la rehabilitaci\u00f3n con la nueva construcci\u00f3n se hace a trav\u00e9s de un volumen disconforme de muros de carga perimetrales que se quiere dejar como porche abierto al patio, obligando a desplazar los nuevos apoyos a 2m del antiguo muro de cerramiento cer\u00e1mico y de carga.<br \/>\nFinalmente, la nueva construcci\u00f3n yuxtapuesta a la escuela existente y que en todo momento estar\u00e1 en funcionamiento, contempla una remonta. Esta no es posible apoyarla directamente encima del edificio que ya hab\u00eda sufrido una remonta anterior. A dem\u00e1s se debe proyectar sin actuar al interior de la escuela durante las obras, ya que esta estar\u00e1 en funcionamiento durante todas las obras. Esto obliga a construir una remonta colocando los pilares al exterior del edificio existente y creando un voladizo doble de 5 y 7 m descompensado.\u00bb<\/em><\/p>\n<h2><strong>8. Base operativa Sarbus<\/strong><\/h2>\n<p>Articulo redactado por <strong>Carles Romea.<\/strong>Descarga la revista para conocer el proyecto:<\/p>\n<p><em>\u00abDesde una libertad formal absoluta, y siguiendo siempre las directrices del programa del cliente, se interpret\u00f3 que la estructura de la gasolinera deb\u00eda tener un peque\u00f1o protagonismo. As\u00ed, en una primera lluvia de ideas, salieron algunos elementos de reflexi\u00f3n sobre su dise\u00f1o: Contenci\u00f3n formal pero no exento de inter\u00e9s y ligereza. Rehuir del exhibicionismo gratuito. Soluci\u00f3n f\u00e1cilmente construible. Resaltar la imagen de marca. Colores corporativos claros. A partir de aqu\u00ed, se hizo evidente que deb\u00edan reducirse al m\u00e1ximo los elementos de soporte, que el material estructural que nos permitir\u00eda esta soluci\u00f3n se decantaba hacia el acero, y que para aliviar al m\u00e1ximo la estructura s deb\u00eda utilizar varias soluciones a la vez.\u00bb<\/em><\/p>\n<h2><strong>9. Tile vaults as integrated formwork for concrete shells<br \/>\n<\/strong><\/h2>\n<p>Articulo redactado por <strong>David L\u00f3pez.<\/strong>Descarga la revista para conocer el proyecto:<\/p>\n<p><em>\u00abLos encofrados para l\u00e1minas de hormig\u00f3n suelen ser caros y derrochadores. Las b\u00f3vedas de teja se pueden utilizar como encofrado permanente para l\u00e1minas de hormig\u00f3n, para reducir los costes y los residuos de construcci\u00f3n y, por lo tanto, proporcionar una soluci\u00f3n interesante para la construcci\u00f3n eficiente de estructuras abovedadas. El hormig\u00f3n se vierte sobre un encofrado de b\u00f3veda de azulejos, formando despu\u00e9s una estructura mixta.<br \/>\nEsta tesis doctoral, desarrollada en ETH Zurich y UPC, propone el uso de b\u00f3vedas de teja como encofrado integrado para l\u00e1minas de hormig\u00f3n y t\u00e9cnica constructiva, una investigaci\u00f3n experimental concluyente para su validaci\u00f3n y un modelo FE fiable para su an\u00e1lisis estructural. Adem\u00e1s, se desarrolla e implementa computacionalmente un m\u00e9todo bidimensional para el dise\u00f1o y evaluaci\u00f3n estructural de dichas estructuras. Tambi\u00e9n se describen los primeros pasos y resultados preliminares en el enfoque tridimensional de este m\u00e9todo.\u00bb<\/em><\/p>\n<h2><strong>10. La geometria estructural amb el programa GeoGebra<br \/>\n<\/strong><\/h2>\n<p>Articulo redactado por <strong>Josep M. Genesc\u00e0.<\/strong>Descarga la revista para conocer el proyecto:<\/p>\n<p><em>\u00abLa geometr\u00eda estructural con el programa GeoGebra permite la resoluci\u00f3n de problemas estructurales en el contexto de la est\u00e1tica gr\u00e1fica de forma din\u00e1mica y, al mismo tiempo, efectuar hip\u00f3tesis de carga o de geometr\u00eda de una forma simple y did\u00e1ctica.\u00bb<\/em><\/p>\n<h2><strong>11. Refor\u00e7 d&#8217;estructura de ma\u00f3 amb TRM sotmesos a accions extraordin\u00e0ries<br \/>\n<\/strong><\/h2>\n<p>Articulo redactado por <strong>Salvador Ivorra, F. Javier Baeza, David Bru, Luis Estevan, Javier Pereira, Ricardo Reynou, Benjamin Torres i Francisco B. Varona.<\/strong>Descarga la revista para conocer el proyecto:<\/p>\n<p><em>\u00abLas estructuras realizadas en ladrillo o mamposter\u00eda resultan especialmente sensibles al da\u00f1o sufrido por fuerzas horizontales, como la acci\u00f3n de los terremotos. Entre las diferentes opciones de refuerzo, este trabajo se centra en el uso de los Textile Reinforced Mortars (TRM), basados en la incoporaci\u00f3n de una malla de fibras en una matriz de mortero. La investigaci\u00f3n aqu\u00ed presentada incluye diferentes estudios experimentales y num\u00e9ricos, con los que se evalu\u00f3 la eficacia de este material para mejorar el comportamiento de este tipo de estructuras. Se realizaron ensayos para caracterizar la resistencia de distintos TRM, la adherencia sobre sustratos de ladrillo y la capacidad de refuerzo a cortante de muros bajo cargas est\u00e1ticas o c\u00edclicas en su plano. El estudio se complet\u00f3 con ensayos no destructivos para la evaluaci\u00f3n de da\u00f1os, modelizaciones mediante elementos finitos o el an\u00e1lisis tras la exposici\u00f3n a elevadas temperaturas y fuego real. A modo de resumen general, se comprob\u00f3 que este material es capaz de incrementar sustancialmente la capacidad mec\u00e1nica de las estructuras de f\u00e1brica de ladrillo, aunque sus prestaciones pueden quedar comprometidas en caso de incendio.\u00bb<\/em><\/p>\n<h2><strong>12. <\/strong><strong> Lista de miembros de la asociaci\u00f3n<\/strong><\/h2>\n<p>Conoce a los miembros de la Associaci\u00f3 Consultors d&#8217;Estructures. Podr\u00e1s ver los nuevos integrantes que participan por el reconocimiento de la profesi\u00f3n dentro del mundo de la construcci\u00f3n.<\/p>\n","protected":false},"excerpt":{"rendered":"<ul>\n<li>1. Editorial<\/li>\n<li>2. La c\u00fapula del proyecto del centro comercial X Madrid<\/li>\n<li>3.- Edificio WittyWood<\/li>\n<li>4.- Estructura y cimentaci\u00f3n de las cavas del Castell de Perelada<\/li>\n<li>5.- Slow Building Sant Cugat<\/li>\n<li>6.- P\u00e9rgola\u00a0 productiva de madera en la Ronda de Dalt<\/li>\n<li>7.- Ampliaci\u00f3n de la escuela Petit Estel-La Nova<\/li>\n<li>8.- Base operativa Sarbus<\/li>\n<li>9.- Tile vaults as integrated formwork for concrete shells<\/li>\n<li>10.- La geometr\u00eda estructural con el programa GeoGebra<\/li>\n<li>11.- Refuerzo de estructuras de ladrillo con TRM sometidas a acciones extraordinarias<\/li>\n<li>12. Lista de miembros de la asociaci\u00f3n<\/li>\n<\/ul>\n","protected":false},"featured_media":43104,"template":"","meta":{"_acf_changed":false,"site-sidebar-layout":"default","site-content-layout":"default","ast-global-header-display":"","ast-main-header-display":"","ast-hfb-above-header-display":"","ast-hfb-below-header-display":"","ast-hfb-mobile-header-display":"","site-post-title":"","ast-breadcrumbs-content":"","ast-featured-img":"","footer-sml-layout":"","theme-transparent-header-meta":"default","adv-header-id-meta":"","stick-header-meta":"","header-above-stick-meta":"","header-main-stick-meta":"","header-below-stick-meta":""},"product_brand":[],"product_cat":[595],"product_tag":[],"class_list":{"0":"post-43096","1":"product","2":"type-product","3":"status-publish","4":"has-post-thumbnail","6":"product_cat-cuaderno-de-estructuras","7":"desktop-align-left","8":"tablet-align-left","9":"mobile-align-left","11":"first","12":"instock","13":"taxable","14":"shipping-taxable","15":"purchasable","16":"product-type-variable"},"acf":[],"yoast_head":"<!-- This site is optimized with the Yoast SEO plugin v27.1.1 - https:\/\/yoast.com\/product\/yoast-seo-wordpress\/ -->\n<title>Quaderns d&#039;Estructures 78 | ACE<\/title>\n<meta name=\"description\" content=\"Revista especial Premios ACE 2023 n\u00ba 78 con la presentaci\u00f3n de los proyectos presentados a los Premios ACE 2023 en las tres categor\u00edas.\" \/>\n<meta name=\"robots\" content=\"index, follow, max-snippet:-1, max-image-preview:large, max-video-preview:-1\" \/>\n<link rel=\"canonical\" href=\"https:\/\/aceweb.cat\/es\/producto\/quaderns-destructures-78\/\" \/>\n<meta property=\"og:locale\" content=\"es_ES\" \/>\n<meta property=\"og:type\" content=\"article\" \/>\n<meta property=\"og:title\" content=\"Quaderns d&#039;Estructures 78 | ACE\" \/>\n<meta property=\"og:description\" content=\"Revista especial Premios ACE 2023 n\u00ba 78 con la presentaci\u00f3n de los proyectos presentados a los Premios ACE 2023 en las tres categor\u00edas.\" \/>\n<meta property=\"og:url\" content=\"https:\/\/aceweb.cat\/es\/producto\/quaderns-destructures-78\/\" \/>\n<meta property=\"og:site_name\" content=\"aceweb.cat\" \/>\n<meta property=\"article:modified_time\" content=\"2023-09-14T14:24:25+00:00\" \/>\n<meta property=\"og:image\" content=\"https:\/\/aceweb.cat\/wp-content\/uploads\/2023\/08\/portada-78-scaled-e1692364430634.jpg\" \/>\n\t<meta property=\"og:image:width\" content=\"1810\" \/>\n\t<meta property=\"og:image:height\" content=\"2560\" \/>\n\t<meta property=\"og:image:type\" content=\"image\/jpeg\" \/>\n<meta name=\"twitter:card\" content=\"summary_large_image\" \/>\n<meta name=\"twitter:label1\" content=\"Tiempo de lectura\" \/>\n\t<meta name=\"twitter:data1\" content=\"10 minutos\" \/>\n<script type=\"application\/ld+json\" class=\"yoast-schema-graph\">{\"@context\":\"https:\/\/schema.org\",\"@graph\":[{\"@type\":\"WebPage\",\"@id\":\"https:\/\/aceweb.cat\/es\/producto\/quaderns-destructures-78\/\",\"url\":\"https:\/\/aceweb.cat\/es\/producto\/quaderns-destructures-78\/\",\"name\":\"Quaderns d'Estructures 78 | ACE\",\"isPartOf\":{\"@id\":\"https:\/\/aceweb.cat\/#website\"},\"primaryImageOfPage\":{\"@id\":\"https:\/\/aceweb.cat\/es\/producto\/quaderns-destructures-78\/#primaryimage\"},\"image\":{\"@id\":\"https:\/\/aceweb.cat\/es\/producto\/quaderns-destructures-78\/#primaryimage\"},\"thumbnailUrl\":\"https:\/\/aceweb.cat\/wp-content\/uploads\/2023\/08\/portada-78-scaled-e1692364430634.jpg\",\"datePublished\":\"2023-08-17T21:35:07+00:00\",\"dateModified\":\"2023-09-14T14:24:25+00:00\",\"description\":\"Revista especial Premios ACE 2023 n\u00ba 78 con la presentaci\u00f3n de los proyectos presentados a los Premios ACE 2023 en las tres categor\u00edas.\",\"breadcrumb\":{\"@id\":\"https:\/\/aceweb.cat\/es\/producto\/quaderns-destructures-78\/#breadcrumb\"},\"inLanguage\":\"es\",\"potentialAction\":[{\"@type\":\"ReadAction\",\"target\":[\"https:\/\/aceweb.cat\/es\/producto\/quaderns-destructures-78\/\"]}]},{\"@type\":\"ImageObject\",\"inLanguage\":\"es\",\"@id\":\"https:\/\/aceweb.cat\/es\/producto\/quaderns-destructures-78\/#primaryimage\",\"url\":\"https:\/\/aceweb.cat\/wp-content\/uploads\/2023\/08\/portada-78-scaled-e1692364430634.jpg\",\"contentUrl\":\"https:\/\/aceweb.cat\/wp-content\/uploads\/2023\/08\/portada-78-scaled-e1692364430634.jpg\",\"width\":1810,\"height\":2560},{\"@type\":\"BreadcrumbList\",\"@id\":\"https:\/\/aceweb.cat\/es\/producto\/quaderns-destructures-78\/#breadcrumb\",\"itemListElement\":[{\"@type\":\"ListItem\",\"position\":1,\"name\":\"Inici\",\"item\":\"https:\/\/aceweb.cat\/\"},{\"@type\":\"ListItem\",\"position\":2,\"name\":\"Tienda\",\"item\":\"https:\/\/aceweb.cat\/es\/tienda\/\"},{\"@type\":\"ListItem\",\"position\":3,\"name\":\"Quadern d\u2019Estructures\",\"item\":\"https:\/\/aceweb.cat\/es\/categoria-producto\/cuaderno-de-estructuras\/\"},{\"@type\":\"ListItem\",\"position\":4,\"name\":\"Quaderns d&#8217;Estructures 78\"}]},{\"@type\":\"WebSite\",\"@id\":\"https:\/\/aceweb.cat\/#website\",\"url\":\"https:\/\/aceweb.cat\/\",\"name\":\"ACE\",\"description\":\"Associaci\u00f3 de Consultors d&#039;Estructures | ACE\",\"publisher\":{\"@id\":\"https:\/\/aceweb.cat\/#organization\"},\"alternateName\":\"ACE\",\"potentialAction\":[{\"@type\":\"SearchAction\",\"target\":{\"@type\":\"EntryPoint\",\"urlTemplate\":\"https:\/\/aceweb.cat\/?s={search_term_string}\"},\"query-input\":{\"@type\":\"PropertyValueSpecification\",\"valueRequired\":true,\"valueName\":\"search_term_string\"}}],\"inLanguage\":\"es\"},{\"@type\":\"Organization\",\"@id\":\"https:\/\/aceweb.cat\/#organization\",\"name\":\"ACE\",\"alternateName\":\"ACE\",\"url\":\"https:\/\/aceweb.cat\/\",\"logo\":{\"@type\":\"ImageObject\",\"inLanguage\":\"es\",\"@id\":\"https:\/\/aceweb.cat\/#\/schema\/logo\/image\/\",\"url\":\"https:\/\/aceweb.cat\/wp-content\/uploads\/2022\/10\/logo.svg\",\"contentUrl\":\"https:\/\/aceweb.cat\/wp-content\/uploads\/2022\/10\/logo.svg\",\"width\":1,\"height\":1,\"caption\":\"ACE\"},\"image\":{\"@id\":\"https:\/\/aceweb.cat\/#\/schema\/logo\/image\/\"}}]}<\/script>\n<!-- \/ Yoast SEO plugin. -->","yoast_head_json":{"title":"Quaderns d'Estructures 78 | ACE","description":"Revista especial Premios ACE 2023 n\u00ba 78 con la presentaci\u00f3n de los proyectos presentados a los Premios ACE 2023 en las tres categor\u00edas.","robots":{"index":"index","follow":"follow","max-snippet":"max-snippet:-1","max-image-preview":"max-image-preview:large","max-video-preview":"max-video-preview:-1"},"canonical":"https:\/\/aceweb.cat\/es\/producto\/quaderns-destructures-78\/","og_locale":"es_ES","og_type":"article","og_title":"Quaderns d'Estructures 78 | ACE","og_description":"Revista especial Premios ACE 2023 n\u00ba 78 con la presentaci\u00f3n de los proyectos presentados a los Premios ACE 2023 en las tres categor\u00edas.","og_url":"https:\/\/aceweb.cat\/es\/producto\/quaderns-destructures-78\/","og_site_name":"aceweb.cat","article_modified_time":"2023-09-14T14:24:25+00:00","og_image":[{"width":1810,"height":2560,"url":"https:\/\/aceweb.cat\/wp-content\/uploads\/2023\/08\/portada-78-scaled-e1692364430634.jpg","type":"image\/jpeg"}],"twitter_card":"summary_large_image","twitter_misc":{"Tiempo de lectura":"10 minutos"},"schema":{"@context":"https:\/\/schema.org","@graph":[{"@type":"WebPage","@id":"https:\/\/aceweb.cat\/es\/producto\/quaderns-destructures-78\/","url":"https:\/\/aceweb.cat\/es\/producto\/quaderns-destructures-78\/","name":"Quaderns d'Estructures 78 | ACE","isPartOf":{"@id":"https:\/\/aceweb.cat\/#website"},"primaryImageOfPage":{"@id":"https:\/\/aceweb.cat\/es\/producto\/quaderns-destructures-78\/#primaryimage"},"image":{"@id":"https:\/\/aceweb.cat\/es\/producto\/quaderns-destructures-78\/#primaryimage"},"thumbnailUrl":"https:\/\/aceweb.cat\/wp-content\/uploads\/2023\/08\/portada-78-scaled-e1692364430634.jpg","datePublished":"2023-08-17T21:35:07+00:00","dateModified":"2023-09-14T14:24:25+00:00","description":"Revista especial Premios ACE 2023 n\u00ba 78 con la presentaci\u00f3n de los proyectos presentados a los Premios ACE 2023 en las tres categor\u00edas.","breadcrumb":{"@id":"https:\/\/aceweb.cat\/es\/producto\/quaderns-destructures-78\/#breadcrumb"},"inLanguage":"es","potentialAction":[{"@type":"ReadAction","target":["https:\/\/aceweb.cat\/es\/producto\/quaderns-destructures-78\/"]}]},{"@type":"ImageObject","inLanguage":"es","@id":"https:\/\/aceweb.cat\/es\/producto\/quaderns-destructures-78\/#primaryimage","url":"https:\/\/aceweb.cat\/wp-content\/uploads\/2023\/08\/portada-78-scaled-e1692364430634.jpg","contentUrl":"https:\/\/aceweb.cat\/wp-content\/uploads\/2023\/08\/portada-78-scaled-e1692364430634.jpg","width":1810,"height":2560},{"@type":"BreadcrumbList","@id":"https:\/\/aceweb.cat\/es\/producto\/quaderns-destructures-78\/#breadcrumb","itemListElement":[{"@type":"ListItem","position":1,"name":"Inici","item":"https:\/\/aceweb.cat\/"},{"@type":"ListItem","position":2,"name":"Tienda","item":"https:\/\/aceweb.cat\/es\/tienda\/"},{"@type":"ListItem","position":3,"name":"Quadern d\u2019Estructures","item":"https:\/\/aceweb.cat\/es\/categoria-producto\/cuaderno-de-estructuras\/"},{"@type":"ListItem","position":4,"name":"Quaderns d&#8217;Estructures 78"}]},{"@type":"WebSite","@id":"https:\/\/aceweb.cat\/#website","url":"https:\/\/aceweb.cat\/","name":"ACE","description":"Associaci\u00f3 de Consultors d&#039;Estructures | ACE","publisher":{"@id":"https:\/\/aceweb.cat\/#organization"},"alternateName":"ACE","potentialAction":[{"@type":"SearchAction","target":{"@type":"EntryPoint","urlTemplate":"https:\/\/aceweb.cat\/?s={search_term_string}"},"query-input":{"@type":"PropertyValueSpecification","valueRequired":true,"valueName":"search_term_string"}}],"inLanguage":"es"},{"@type":"Organization","@id":"https:\/\/aceweb.cat\/#organization","name":"ACE","alternateName":"ACE","url":"https:\/\/aceweb.cat\/","logo":{"@type":"ImageObject","inLanguage":"es","@id":"https:\/\/aceweb.cat\/#\/schema\/logo\/image\/","url":"https:\/\/aceweb.cat\/wp-content\/uploads\/2022\/10\/logo.svg","contentUrl":"https:\/\/aceweb.cat\/wp-content\/uploads\/2022\/10\/logo.svg","width":1,"height":1,"caption":"ACE"},"image":{"@id":"https:\/\/aceweb.cat\/#\/schema\/logo\/image\/"}}]}},"_links":{"self":[{"href":"https:\/\/aceweb.cat\/es\/wp-json\/wp\/v2\/product\/43096","targetHints":{"allow":["GET"]}}],"collection":[{"href":"https:\/\/aceweb.cat\/es\/wp-json\/wp\/v2\/product"}],"about":[{"href":"https:\/\/aceweb.cat\/es\/wp-json\/wp\/v2\/types\/product"}],"version-history":[{"count":2,"href":"https:\/\/aceweb.cat\/es\/wp-json\/wp\/v2\/product\/43096\/revisions"}],"predecessor-version":[{"id":43112,"href":"https:\/\/aceweb.cat\/es\/wp-json\/wp\/v2\/product\/43096\/revisions\/43112"}],"wp:featuredmedia":[{"embeddable":true,"href":"https:\/\/aceweb.cat\/es\/wp-json\/wp\/v2\/media\/43104"}],"wp:attachment":[{"href":"https:\/\/aceweb.cat\/es\/wp-json\/wp\/v2\/media?parent=43096"}],"wp:term":[{"taxonomy":"product_brand","embeddable":true,"href":"https:\/\/aceweb.cat\/es\/wp-json\/wp\/v2\/product_brand?post=43096"},{"taxonomy":"product_cat","embeddable":true,"href":"https:\/\/aceweb.cat\/es\/wp-json\/wp\/v2\/product_cat?post=43096"},{"taxonomy":"product_tag","embeddable":true,"href":"https:\/\/aceweb.cat\/es\/wp-json\/wp\/v2\/product_tag?post=43096"}],"curies":[{"name":"wp","href":"https:\/\/api.w.org\/{rel}","templated":true}]}}