{"id":43197,"date":"2023-09-19T13:20:00","date_gmt":"2023-09-19T13:20:00","guid":{"rendered":"https:\/\/aceweb.cat\/?post_type=product&#038;p=43197"},"modified":"2024-04-18T15:35:39","modified_gmt":"2024-04-18T15:35:39","slug":"libro-iii-congreso-de-consultores-de-estructuras-pdf-descargable-copia","status":"publish","type":"product","link":"https:\/\/aceweb.cat\/es\/producto\/libro-iii-congreso-de-consultores-de-estructuras-pdf-descargable-copia\/","title":{"rendered":"Libro III Congreso de Consultores de Estructuras &#8211; PDF descargable"},"content":{"rendered":"<p>En formato digital descargable<\/p>\n<h2>1. Nuevos hormigones<\/h2>\n<h2>2. Rehabilitaci\u00f3n estructural<\/h2>\n<h2>3. Postesado en la edificaci\u00f3n<\/h2>\n<h2>4. C\u00f3digo Estructural: Normativa<\/h2>\n<h2>5. Madera Estructural<\/h2>\n<h2>6. Juntas de dilataci\u00f3n<\/h2>\n<h2>7. Geotecnia y cimientos<\/h2>\n<h2>8. Herramientas de c\u00e1lculo<\/h2>\n<h2>9. Otros temas estructurales<\/h2>\n<h2>10. Exposici\u00f3n de proyectos realizados<\/h2>\n<h2>11. Entrevistas<\/h2>\n","protected":false},"excerpt":{"rendered":"<p>La Asociaci\u00f3n de Consultores de Estructuras (ACE) ha celebrado durante los d\u00edas 3, 4 y\u00a0 5 de abril de 2019 su III Congreso. El evento, que ha tenido lugar en Barcelona, se ha llevado a cabo durante tres d\u00edas y ha contado con un programa cargado de mesas redondas interesantes y ponencias lideradas por profesionales dentro del mundo de la consultor\u00eda de estructuras, la ingenier\u00eda o la arquitectura.<\/p>\n<p>Francisco Arriaga, Miquel Rodr\u00edguez, Antonio Aguado, Miguel \u00c1ngel Berm\u00fadez son algunos de los expertos que han expuesto varios temas de inter\u00e9s en sus ponencias.<\/p>\n","protected":false},"featured_media":43199,"template":"","meta":{"_acf_changed":false,"site-sidebar-layout":"default","site-content-layout":"default","ast-global-header-display":"","ast-main-header-display":"","ast-hfb-above-header-display":"","ast-hfb-below-header-display":"","ast-hfb-mobile-header-display":"","site-post-title":"","ast-breadcrumbs-content":"","ast-featured-img":"","footer-sml-layout":"","theme-transparent-header-meta":"default","adv-header-id-meta":"","stick-header-meta":"","header-above-stick-meta":"","header-main-stick-meta":"","header-below-stick-meta":""},"product_brand":[],"product_cat":[530],"product_tag":[],"class_list":{"0":"post-43197","1":"product","2":"type-product","3":"status-publish","4":"has-post-thumbnail","6":"product_cat-otros","7":"desktop-align-left","8":"tablet-align-left","9":"mobile-align-left","11":"first","12":"instock","13":"downloadable","14":"virtual","15":"taxable","16":"purchasable","17":"product-type-simple"},"acf":[],"yoast_head":"<!-- This site is optimized with the Yoast SEO plugin v27.1.1 - https:\/\/yoast.com\/product\/yoast-seo-wordpress\/ -->\n<title>Libro III Congreso de Consultores de Estructuras - PDF descargable | ACE<\/title>\n<meta name=\"description\" content=\"Libro contenido III Congreso. La Asociaci\u00f3n de Consultores de Estructuras (ACE) ha celebrado los d\u00edas 3, 4 y 5 de abril de 2019 su III Congreso.\" \/>\n<meta name=\"robots\" content=\"index, follow, max-snippet:-1, max-image-preview:large, max-video-preview:-1\" \/>\n<link rel=\"canonical\" href=\"https:\/\/aceweb.cat\/es\/producto\/libro-iii-congreso-de-consultores-de-estructuras-pdf-descargable-copia\/\" \/>\n<meta property=\"og:locale\" content=\"es_ES\" \/>\n<meta property=\"og:type\" content=\"article\" \/>\n<meta property=\"og:title\" content=\"Libro III Congreso de Consultores de Estructuras - PDF descargable | ACE\" \/>\n<meta property=\"og:description\" content=\"Libro contenido III Congreso. La Asociaci\u00f3n de Consultores de Estructuras (ACE) ha celebrado los d\u00edas 3, 4 y 5 de abril de 2019 su III Congreso.\" \/>\n<meta property=\"og:url\" content=\"https:\/\/aceweb.cat\/es\/producto\/libro-iii-congreso-de-consultores-de-estructuras-pdf-descargable-copia\/\" \/>\n<meta property=\"og:site_name\" content=\"aceweb.cat\" \/>\n<meta property=\"article:modified_time\" content=\"2024-04-18T15:35:39+00:00\" \/>\n<meta property=\"og:image\" content=\"https:\/\/aceweb.cat\/wp-content\/uploads\/2023\/09\/portada-III-congres-ACE.jpg\" \/>\n\t<meta property=\"og:image:width\" content=\"794\" \/>\n\t<meta property=\"og:image:height\" content=\"1123\" \/>\n\t<meta property=\"og:image:type\" content=\"image\/jpeg\" \/>\n<meta name=\"twitter:card\" content=\"summary_large_image\" \/>\n<meta name=\"twitter:label1\" content=\"Tiempo de lectura\" \/>\n\t<meta name=\"twitter:data1\" content=\"1 minuto\" \/>\n<script type=\"application\/ld+json\" class=\"yoast-schema-graph\">{\"@context\":\"https:\/\/schema.org\",\"@graph\":[{\"@type\":\"WebPage\",\"@id\":\"https:\/\/aceweb.cat\/es\/producto\/libro-iii-congreso-de-consultores-de-estructuras-pdf-descargable-copia\/\",\"url\":\"https:\/\/aceweb.cat\/es\/producto\/libro-iii-congreso-de-consultores-de-estructuras-pdf-descargable-copia\/\",\"name\":\"Libro III Congreso de Consultores de Estructuras - PDF descargable | ACE\",\"isPartOf\":{\"@id\":\"https:\/\/aceweb.cat\/#website\"},\"primaryImageOfPage\":{\"@id\":\"https:\/\/aceweb.cat\/es\/producto\/libro-iii-congreso-de-consultores-de-estructuras-pdf-descargable-copia\/#primaryimage\"},\"image\":{\"@id\":\"https:\/\/aceweb.cat\/es\/producto\/libro-iii-congreso-de-consultores-de-estructuras-pdf-descargable-copia\/#primaryimage\"},\"thumbnailUrl\":\"https:\/\/aceweb.cat\/wp-content\/uploads\/2023\/09\/portada-III-congres-ACE.jpg\",\"datePublished\":\"2023-09-19T13:20:00+00:00\",\"dateModified\":\"2024-04-18T15:35:39+00:00\",\"description\":\"Libro contenido III Congreso. La Asociaci\u00f3n de Consultores de Estructuras (ACE) ha celebrado los d\u00edas 3, 4 y 5 de abril de 2019 su III Congreso.\",\"breadcrumb\":{\"@id\":\"https:\/\/aceweb.cat\/es\/producto\/libro-iii-congreso-de-consultores-de-estructuras-pdf-descargable-copia\/#breadcrumb\"},\"inLanguage\":\"es\",\"potentialAction\":[{\"@type\":\"ReadAction\",\"target\":[\"https:\/\/aceweb.cat\/es\/producto\/libro-iii-congreso-de-consultores-de-estructuras-pdf-descargable-copia\/\"]}]},{\"@type\":\"ImageObject\",\"inLanguage\":\"es\",\"@id\":\"https:\/\/aceweb.cat\/es\/producto\/libro-iii-congreso-de-consultores-de-estructuras-pdf-descargable-copia\/#primaryimage\",\"url\":\"https:\/\/aceweb.cat\/wp-content\/uploads\/2023\/09\/portada-III-congres-ACE.jpg\",\"contentUrl\":\"https:\/\/aceweb.cat\/wp-content\/uploads\/2023\/09\/portada-III-congres-ACE.jpg\",\"width\":794,\"height\":1123},{\"@type\":\"BreadcrumbList\",\"@id\":\"https:\/\/aceweb.cat\/es\/producto\/libro-iii-congreso-de-consultores-de-estructuras-pdf-descargable-copia\/#breadcrumb\",\"itemListElement\":[{\"@type\":\"ListItem\",\"position\":1,\"name\":\"Inici\",\"item\":\"https:\/\/aceweb.cat\/\"},{\"@type\":\"ListItem\",\"position\":2,\"name\":\"Tienda\",\"item\":\"https:\/\/aceweb.cat\/es\/tienda\/\"},{\"@type\":\"ListItem\",\"position\":3,\"name\":\"Altres\",\"item\":\"https:\/\/aceweb.cat\/categoria-producte\/altres\/\"},{\"@type\":\"ListItem\",\"position\":4,\"name\":\"Libro III Congreso de Consultores de Estructuras &#8211; PDF descargable\"}]},{\"@type\":\"WebSite\",\"@id\":\"https:\/\/aceweb.cat\/#website\",\"url\":\"https:\/\/aceweb.cat\/\",\"name\":\"ACE\",\"description\":\"Associaci\u00f3 de Consultors d&#039;Estructures | ACE\",\"publisher\":{\"@id\":\"https:\/\/aceweb.cat\/#organization\"},\"alternateName\":\"ACE\",\"potentialAction\":[{\"@type\":\"SearchAction\",\"target\":{\"@type\":\"EntryPoint\",\"urlTemplate\":\"https:\/\/aceweb.cat\/?s={search_term_string}\"},\"query-input\":{\"@type\":\"PropertyValueSpecification\",\"valueRequired\":true,\"valueName\":\"search_term_string\"}}],\"inLanguage\":\"es\"},{\"@type\":\"Organization\",\"@id\":\"https:\/\/aceweb.cat\/#organization\",\"name\":\"ACE\",\"alternateName\":\"ACE\",\"url\":\"https:\/\/aceweb.cat\/\",\"logo\":{\"@type\":\"ImageObject\",\"inLanguage\":\"es\",\"@id\":\"https:\/\/aceweb.cat\/#\/schema\/logo\/image\/\",\"url\":\"https:\/\/aceweb.cat\/wp-content\/uploads\/2022\/10\/logo.svg\",\"contentUrl\":\"https:\/\/aceweb.cat\/wp-content\/uploads\/2022\/10\/logo.svg\",\"width\":1,\"height\":1,\"caption\":\"ACE\"},\"image\":{\"@id\":\"https:\/\/aceweb.cat\/#\/schema\/logo\/image\/\"}}]}<\/script>\n<!-- \/ Yoast SEO plugin. -->","yoast_head_json":{"title":"Libro III Congreso de Consultores de Estructuras - PDF descargable | ACE","description":"Libro contenido III Congreso. La Asociaci\u00f3n de Consultores de Estructuras (ACE) ha celebrado los d\u00edas 3, 4 y 5 de abril de 2019 su III Congreso.","robots":{"index":"index","follow":"follow","max-snippet":"max-snippet:-1","max-image-preview":"max-image-preview:large","max-video-preview":"max-video-preview:-1"},"canonical":"https:\/\/aceweb.cat\/es\/producto\/libro-iii-congreso-de-consultores-de-estructuras-pdf-descargable-copia\/","og_locale":"es_ES","og_type":"article","og_title":"Libro III Congreso de Consultores de Estructuras - PDF descargable | ACE","og_description":"Libro contenido III Congreso. La Asociaci\u00f3n de Consultores de Estructuras (ACE) ha celebrado los d\u00edas 3, 4 y 5 de abril de 2019 su III Congreso.","og_url":"https:\/\/aceweb.cat\/es\/producto\/libro-iii-congreso-de-consultores-de-estructuras-pdf-descargable-copia\/","og_site_name":"aceweb.cat","article_modified_time":"2024-04-18T15:35:39+00:00","og_image":[{"width":794,"height":1123,"url":"https:\/\/aceweb.cat\/wp-content\/uploads\/2023\/09\/portada-III-congres-ACE.jpg","type":"image\/jpeg"}],"twitter_card":"summary_large_image","twitter_misc":{"Tiempo de lectura":"1 minuto"},"schema":{"@context":"https:\/\/schema.org","@graph":[{"@type":"WebPage","@id":"https:\/\/aceweb.cat\/es\/producto\/libro-iii-congreso-de-consultores-de-estructuras-pdf-descargable-copia\/","url":"https:\/\/aceweb.cat\/es\/producto\/libro-iii-congreso-de-consultores-de-estructuras-pdf-descargable-copia\/","name":"Libro III Congreso de Consultores de Estructuras - PDF descargable | ACE","isPartOf":{"@id":"https:\/\/aceweb.cat\/#website"},"primaryImageOfPage":{"@id":"https:\/\/aceweb.cat\/es\/producto\/libro-iii-congreso-de-consultores-de-estructuras-pdf-descargable-copia\/#primaryimage"},"image":{"@id":"https:\/\/aceweb.cat\/es\/producto\/libro-iii-congreso-de-consultores-de-estructuras-pdf-descargable-copia\/#primaryimage"},"thumbnailUrl":"https:\/\/aceweb.cat\/wp-content\/uploads\/2023\/09\/portada-III-congres-ACE.jpg","datePublished":"2023-09-19T13:20:00+00:00","dateModified":"2024-04-18T15:35:39+00:00","description":"Libro contenido III Congreso. La Asociaci\u00f3n de Consultores de Estructuras (ACE) ha celebrado los d\u00edas 3, 4 y 5 de abril de 2019 su III Congreso.","breadcrumb":{"@id":"https:\/\/aceweb.cat\/es\/producto\/libro-iii-congreso-de-consultores-de-estructuras-pdf-descargable-copia\/#breadcrumb"},"inLanguage":"es","potentialAction":[{"@type":"ReadAction","target":["https:\/\/aceweb.cat\/es\/producto\/libro-iii-congreso-de-consultores-de-estructuras-pdf-descargable-copia\/"]}]},{"@type":"ImageObject","inLanguage":"es","@id":"https:\/\/aceweb.cat\/es\/producto\/libro-iii-congreso-de-consultores-de-estructuras-pdf-descargable-copia\/#primaryimage","url":"https:\/\/aceweb.cat\/wp-content\/uploads\/2023\/09\/portada-III-congres-ACE.jpg","contentUrl":"https:\/\/aceweb.cat\/wp-content\/uploads\/2023\/09\/portada-III-congres-ACE.jpg","width":794,"height":1123},{"@type":"BreadcrumbList","@id":"https:\/\/aceweb.cat\/es\/producto\/libro-iii-congreso-de-consultores-de-estructuras-pdf-descargable-copia\/#breadcrumb","itemListElement":[{"@type":"ListItem","position":1,"name":"Inici","item":"https:\/\/aceweb.cat\/"},{"@type":"ListItem","position":2,"name":"Tienda","item":"https:\/\/aceweb.cat\/es\/tienda\/"},{"@type":"ListItem","position":3,"name":"Altres","item":"https:\/\/aceweb.cat\/categoria-producte\/altres\/"},{"@type":"ListItem","position":4,"name":"Libro III Congreso de Consultores de Estructuras &#8211; PDF descargable"}]},{"@type":"WebSite","@id":"https:\/\/aceweb.cat\/#website","url":"https:\/\/aceweb.cat\/","name":"ACE","description":"Associaci\u00f3 de Consultors d&#039;Estructures | ACE","publisher":{"@id":"https:\/\/aceweb.cat\/#organization"},"alternateName":"ACE","potentialAction":[{"@type":"SearchAction","target":{"@type":"EntryPoint","urlTemplate":"https:\/\/aceweb.cat\/?s={search_term_string}"},"query-input":{"@type":"PropertyValueSpecification","valueRequired":true,"valueName":"search_term_string"}}],"inLanguage":"es"},{"@type":"Organization","@id":"https:\/\/aceweb.cat\/#organization","name":"ACE","alternateName":"ACE","url":"https:\/\/aceweb.cat\/","logo":{"@type":"ImageObject","inLanguage":"es","@id":"https:\/\/aceweb.cat\/#\/schema\/logo\/image\/","url":"https:\/\/aceweb.cat\/wp-content\/uploads\/2022\/10\/logo.svg","contentUrl":"https:\/\/aceweb.cat\/wp-content\/uploads\/2022\/10\/logo.svg","width":1,"height":1,"caption":"ACE"},"image":{"@id":"https:\/\/aceweb.cat\/#\/schema\/logo\/image\/"}}]}},"_links":{"self":[{"href":"https:\/\/aceweb.cat\/es\/wp-json\/wp\/v2\/product\/43197","targetHints":{"allow":["GET"]}}],"collection":[{"href":"https:\/\/aceweb.cat\/es\/wp-json\/wp\/v2\/product"}],"about":[{"href":"https:\/\/aceweb.cat\/es\/wp-json\/wp\/v2\/types\/product"}],"version-history":[{"count":3,"href":"https:\/\/aceweb.cat\/es\/wp-json\/wp\/v2\/product\/43197\/revisions"}],"predecessor-version":[{"id":44424,"href":"https:\/\/aceweb.cat\/es\/wp-json\/wp\/v2\/product\/43197\/revisions\/44424"}],"wp:featuredmedia":[{"embeddable":true,"href":"https:\/\/aceweb.cat\/es\/wp-json\/wp\/v2\/media\/43199"}],"wp:attachment":[{"href":"https:\/\/aceweb.cat\/es\/wp-json\/wp\/v2\/media?parent=43197"}],"wp:term":[{"taxonomy":"product_brand","embeddable":true,"href":"https:\/\/aceweb.cat\/es\/wp-json\/wp\/v2\/product_brand?post=43197"},{"taxonomy":"product_cat","embeddable":true,"href":"https:\/\/aceweb.cat\/es\/wp-json\/wp\/v2\/product_cat?post=43197"},{"taxonomy":"product_tag","embeddable":true,"href":"https:\/\/aceweb.cat\/es\/wp-json\/wp\/v2\/product_tag?post=43197"}],"curies":[{"name":"wp","href":"https:\/\/api.w.org\/{rel}","templated":true}]}}