{"id":43458,"date":"2023-11-21T18:09:35","date_gmt":"2023-11-21T18:09:35","guid":{"rendered":"https:\/\/aceweb.cat\/?post_type=product&#038;p=43458"},"modified":"2025-04-02T15:06:21","modified_gmt":"2025-04-02T15:06:21","slug":"quaderns-destructures-79","status":"publish","type":"product","link":"https:\/\/aceweb.cat\/es\/producto\/quaderns-destructures-79\/","title":{"rendered":"Quaderns d&#8217;Estructures 79"},"content":{"rendered":"<p>Este n\u00famero incluye:<\/p>\n<h2><strong>1. Editorial<\/strong><\/h2>\n<p>Articulo redactado por <strong>Enric Heredia<\/strong>. Descarga la revista para conocer como afecta el cambio en la nueva junta directiva para la pr\u00f3xima legislatura:<\/p>\n<p><em>\u00abLa \u201cAsociaci\u00f3 de Consultors d\u2019Estructures\u201d (ACE) sigue adelante con fuerzas renovadas. Despu\u00e9s de afrontar varios a\u00f1os marcados por complejidades como la pandemia de la COVID-19, la guerra en Ucrania y las oscilaciones desenfrenadas de los mercados en t\u00e9rminos de variaciones de precios, estamos ingresando en una nueva legislatura que abarca el per\u00edodo 2023-2027. Este tr\u00e1fico se utiliza con un vigor y determinaci\u00f3n absolutos para hacer frente a los retos que el futuro nos presenta.<\/em><em>\u00ab<\/em><\/p>\n<h2><strong>2. Consolidaci\u00f3n del terreno de cimentaci\u00f3n mediante la inyecci\u00f3n de resinas expansivas de la Ermita de Nuestra Se\u00f1ora del Buen Suceso en Gelsa (Zaragoza)<\/strong><\/h2>\n<p>Articulo redactado por <strong>Rub\u00e9n Galisteo del Rio y Alberto Gracia Bernal<\/strong>. Descarga la revista para obtener informaci\u00f3n suficiente sobre la naturaleza geol\u00f3gica-geot\u00e9cnica del terreno:<\/p>\n<p><em>\u00abLos trabajos se realizaron por la Empresa URETEK, por encargo de los Servicios T\u00e9cnicos Diocesanos del Arzobispado de Zaragoza, y se basaron en la investigaci\u00f3n realizada por C.T.A. Consultores T\u00e9cnicos Asociados, S.A.P., especializada, desde hace m\u00e1s de 30 a\u00f1os, en estudios geot\u00e9cnicos relacionados con patolog\u00edas de cimentaciones.\u00bb<\/em><\/p>\n<h2><strong>3. El c\u00f3digo estructural y la sostenibilidad de las estructuras: Constextualizaci\u00f3n.<\/strong><\/h2>\n<p>Articulo redactado por <strong>La comisi\u00f3n de Sostenibilidad de la ACE.<\/strong> Descarga la revista para conocer dentro del campo de la sostenibilidad un documento de rehabilitaci\u00f3n de techos existentes:<\/p>\n<p><em>\u00abLa reciente aprobaci\u00f3n del C\u00f3digo Estructural ha actualizado y extendido a las estructuras met\u00e1licas y mixtas el \u00edndice de contribuci\u00f3n de la estructura a la sostenibilidad que figuraba ya como anexo a las derogadas instrucciones EHE-08 y EAE. El art\u00edculo 6.1 del C\u00f3digo da a entender que la aplicaci\u00f3n de este \u00edndice es condici\u00f3n suficiente para evaluar correctamente la contribuci\u00f3n a la sostenibilidad de las estructuras; sin embargo, desde nuestro punto de vista este \u00edndice, aunque presenta aspectos interesantes, resulta del todo insuficiente para caracterizar de forma adecuada los aspectos relativos a la sostenibilidad de las estructuras de edificaci\u00f3n u obra civil. En nuestra opini\u00f3n resulta necesario contextualizar adecuadamente esta metodolog\u00eda para encuadrarla correctamente dentro del marco general de los estudios de sostenibilidad, de forma que queden claras sus limitaciones y no se pierda el foco en los aspectos clave que resultan imprescindibles para abordar de forma exitosa cualquier an\u00e1lisis de sostenibilidad.<\/em><em>\u00ab<\/em><\/p>\n<h2><strong>4. Lean design o dise\u00f1o ajustado: 10 cosas a hacer ya<\/strong><\/h2>\n<p>Article redactado por <strong>Natasha Watson.<\/strong> Descarga la revista para conocer como los consultores de estructuras pueden producir dise\u00f1os que hagan un uso eficiente del material para reducir su impacto ambiental:<\/p>\n<p><em>\u00ab<\/em><\/p>\n<p>El n\u00famero de junio de The Structural Engineer de 2020 introdujo seis temas para abordar la cuesti\u00f3n clim\u00e1tica. Uno de ellos fue el lean design o dise\u00f1o ajustado, que representa un llamamiento a los consultores se estructuras para esforzarse al m\u00e1ximo en conseguir dise\u00f1os que minimicen la demanda de materiales nuevos donde sea posible.<\/p>\n<p>Este art\u00edculo da consejos pr\u00e1cticos para reducir el impacto de nuestros edificios en el medio ambiente desde ya mismo, y lo hace orden\u00e1ndolos de acuerdo a la magnitud de la capacidad de ahorro.<em style=\"font-size: 16px;\">\u00ab<\/em><\/p>\n<h2><strong>5. El mercat de abastos de Algeciras<\/strong><\/h2>\n<p>Articulo redactado por <strong>Carles Romea<\/strong>. Descarga la revista para conocer la visita al mercado de abastos de la ciudad de Algeciras:<\/p>\n<p><em>\u00abObra de referencia incontestable de la arquitectura civil del siglo XX, tiene un papel destacado entre las estructuras de hormig\u00f3n por su elegante y simple soluci\u00f3n que, aprovechando su comportamiento tensional de membrana, logra aunar ligereza y simplificaci\u00f3n constructiva.\u00bb<\/em><\/p>\n<h2><strong>6. Lista de miembros de la Asociaci\u00f3n\u00a0<\/strong><\/h2>\n<p>Conoce los miembros de la Associaci\u00f3 de Consultors d&#8217;Estructures. Podr\u00e1s ver los nuevos integrantes que participan para reconocimiento de la profesi\u00f3n en el mundo de la construcci\u00f3n.<\/p>\n","protected":false},"excerpt":{"rendered":"<ul>\n<li>1. Editorial<\/li>\n<li>2. Consolidaci\u00f3n del terreno de cimentaci\u00f3n mediante la inyecci\u00f3n de resinas expansivas<\/li>\n<li>3. El c\u00f3digo estructural y la sostenibilidad de las estructuras: contextualizaci\u00f3n<\/li>\n<li>4. Lean design o dise\u00f1o ajustado: 10 cosas para hacer ya<\/li>\n<li>5. El mercado de abastos de Algeciras<\/li>\n<li>6. Lista de miembros de la asociaci\u00f3n<\/li>\n<\/ul>\n","protected":false},"featured_media":43468,"template":"","meta":{"_acf_changed":false,"site-sidebar-layout":"default","site-content-layout":"default","ast-global-header-display":"","ast-main-header-display":"","ast-hfb-above-header-display":"","ast-hfb-below-header-display":"","ast-hfb-mobile-header-display":"","site-post-title":"","ast-breadcrumbs-content":"","ast-featured-img":"","footer-sml-layout":"","theme-transparent-header-meta":"default","adv-header-id-meta":"","stick-header-meta":"","header-above-stick-meta":"","header-main-stick-meta":"","header-below-stick-meta":""},"product_brand":[],"product_cat":[595],"product_tag":[],"class_list":{"0":"post-43458","1":"product","2":"type-product","3":"status-publish","4":"has-post-thumbnail","6":"product_cat-cuaderno-de-estructuras","7":"desktop-align-left","8":"tablet-align-left","9":"mobile-align-left","11":"first","12":"instock","13":"taxable","14":"shipping-taxable","15":"purchasable","16":"product-type-variable"},"acf":[],"yoast_head":"<!-- This site is optimized with the Yoast SEO plugin v27.1.1 - https:\/\/yoast.com\/product\/yoast-seo-wordpress\/ -->\n<title>Quaderns d&#039;Estructures 79 | ACE<\/title>\n<meta name=\"description\" content=\"Revista n\u00ba 79 con art\u00edculos de actualidad que tratan sobre la construcci\u00f3n de estructuras y que publica la Asociaci\u00f3n de Consultores de Estructuras (ACE).\" \/>\n<meta name=\"robots\" content=\"index, follow, max-snippet:-1, max-image-preview:large, max-video-preview:-1\" \/>\n<link rel=\"canonical\" href=\"https:\/\/aceweb.cat\/es\/producto\/quaderns-destructures-79\/\" \/>\n<meta property=\"og:locale\" content=\"es_ES\" \/>\n<meta property=\"og:type\" content=\"article\" \/>\n<meta property=\"og:title\" content=\"Quaderns d&#039;Estructures 79 | ACE\" \/>\n<meta property=\"og:description\" content=\"Revista n\u00ba 79 con art\u00edculos de actualidad que tratan sobre la construcci\u00f3n de estructuras y que publica la Asociaci\u00f3n de Consultores de Estructuras (ACE).\" \/>\n<meta property=\"og:url\" content=\"https:\/\/aceweb.cat\/es\/producto\/quaderns-destructures-79\/\" \/>\n<meta property=\"og:site_name\" content=\"aceweb.cat\" \/>\n<meta property=\"article:modified_time\" content=\"2025-04-02T15:06:21+00:00\" \/>\n<meta property=\"og:image\" content=\"https:\/\/aceweb.cat\/wp-content\/uploads\/2023\/11\/portada-QE79-e1701174167693.jpg\" \/>\n\t<meta property=\"og:image:width\" content=\"1241\" \/>\n\t<meta property=\"og:image:height\" content=\"1754\" \/>\n\t<meta property=\"og:image:type\" content=\"image\/jpeg\" \/>\n<meta name=\"twitter:card\" content=\"summary_large_image\" \/>\n<meta name=\"twitter:label1\" content=\"Tiempo de lectura\" \/>\n\t<meta name=\"twitter:data1\" content=\"4 minutos\" \/>\n<script type=\"application\/ld+json\" class=\"yoast-schema-graph\">{\"@context\":\"https:\/\/schema.org\",\"@graph\":[{\"@type\":\"WebPage\",\"@id\":\"https:\/\/aceweb.cat\/es\/producto\/quaderns-destructures-79\/\",\"url\":\"https:\/\/aceweb.cat\/es\/producto\/quaderns-destructures-79\/\",\"name\":\"Quaderns d'Estructures 79 | ACE\",\"isPartOf\":{\"@id\":\"https:\/\/aceweb.cat\/#website\"},\"primaryImageOfPage\":{\"@id\":\"https:\/\/aceweb.cat\/es\/producto\/quaderns-destructures-79\/#primaryimage\"},\"image\":{\"@id\":\"https:\/\/aceweb.cat\/es\/producto\/quaderns-destructures-79\/#primaryimage\"},\"thumbnailUrl\":\"https:\/\/aceweb.cat\/wp-content\/uploads\/2023\/11\/portada-QE79-e1701174167693.jpg\",\"datePublished\":\"2023-11-21T18:09:35+00:00\",\"dateModified\":\"2025-04-02T15:06:21+00:00\",\"description\":\"Revista n\u00ba 79 con art\u00edculos de actualidad que tratan sobre la construcci\u00f3n de estructuras y que publica la Asociaci\u00f3n de Consultores de Estructuras (ACE).\",\"breadcrumb\":{\"@id\":\"https:\/\/aceweb.cat\/es\/producto\/quaderns-destructures-79\/#breadcrumb\"},\"inLanguage\":\"es\",\"potentialAction\":[{\"@type\":\"ReadAction\",\"target\":[\"https:\/\/aceweb.cat\/es\/producto\/quaderns-destructures-79\/\"]}]},{\"@type\":\"ImageObject\",\"inLanguage\":\"es\",\"@id\":\"https:\/\/aceweb.cat\/es\/producto\/quaderns-destructures-79\/#primaryimage\",\"url\":\"https:\/\/aceweb.cat\/wp-content\/uploads\/2023\/11\/portada-QE79-e1701174167693.jpg\",\"contentUrl\":\"https:\/\/aceweb.cat\/wp-content\/uploads\/2023\/11\/portada-QE79-e1701174167693.jpg\",\"width\":1241,\"height\":1754,\"caption\":\"ACE Quaderns d'Estructures 79\"},{\"@type\":\"BreadcrumbList\",\"@id\":\"https:\/\/aceweb.cat\/es\/producto\/quaderns-destructures-79\/#breadcrumb\",\"itemListElement\":[{\"@type\":\"ListItem\",\"position\":1,\"name\":\"Inici\",\"item\":\"https:\/\/aceweb.cat\/\"},{\"@type\":\"ListItem\",\"position\":2,\"name\":\"Tienda\",\"item\":\"https:\/\/aceweb.cat\/es\/tienda\/\"},{\"@type\":\"ListItem\",\"position\":3,\"name\":\"Quadern d\u2019Estructures\",\"item\":\"https:\/\/aceweb.cat\/es\/categoria-producto\/cuaderno-de-estructuras\/\"},{\"@type\":\"ListItem\",\"position\":4,\"name\":\"Quaderns d&#8217;Estructures 79\"}]},{\"@type\":\"WebSite\",\"@id\":\"https:\/\/aceweb.cat\/#website\",\"url\":\"https:\/\/aceweb.cat\/\",\"name\":\"ACE\",\"description\":\"Associaci\u00f3 de Consultors d&#039;Estructures | ACE\",\"publisher\":{\"@id\":\"https:\/\/aceweb.cat\/#organization\"},\"alternateName\":\"ACE\",\"potentialAction\":[{\"@type\":\"SearchAction\",\"target\":{\"@type\":\"EntryPoint\",\"urlTemplate\":\"https:\/\/aceweb.cat\/?s={search_term_string}\"},\"query-input\":{\"@type\":\"PropertyValueSpecification\",\"valueRequired\":true,\"valueName\":\"search_term_string\"}}],\"inLanguage\":\"es\"},{\"@type\":\"Organization\",\"@id\":\"https:\/\/aceweb.cat\/#organization\",\"name\":\"ACE\",\"alternateName\":\"ACE\",\"url\":\"https:\/\/aceweb.cat\/\",\"logo\":{\"@type\":\"ImageObject\",\"inLanguage\":\"es\",\"@id\":\"https:\/\/aceweb.cat\/#\/schema\/logo\/image\/\",\"url\":\"https:\/\/aceweb.cat\/wp-content\/uploads\/2022\/10\/logo.svg\",\"contentUrl\":\"https:\/\/aceweb.cat\/wp-content\/uploads\/2022\/10\/logo.svg\",\"width\":1,\"height\":1,\"caption\":\"ACE\"},\"image\":{\"@id\":\"https:\/\/aceweb.cat\/#\/schema\/logo\/image\/\"}}]}<\/script>\n<!-- \/ Yoast SEO plugin. -->","yoast_head_json":{"title":"Quaderns d'Estructures 79 | ACE","description":"Revista n\u00ba 79 con art\u00edculos de actualidad que tratan sobre la construcci\u00f3n de estructuras y que publica la Asociaci\u00f3n de Consultores de Estructuras (ACE).","robots":{"index":"index","follow":"follow","max-snippet":"max-snippet:-1","max-image-preview":"max-image-preview:large","max-video-preview":"max-video-preview:-1"},"canonical":"https:\/\/aceweb.cat\/es\/producto\/quaderns-destructures-79\/","og_locale":"es_ES","og_type":"article","og_title":"Quaderns d'Estructures 79 | ACE","og_description":"Revista n\u00ba 79 con art\u00edculos de actualidad que tratan sobre la construcci\u00f3n de estructuras y que publica la Asociaci\u00f3n de Consultores de Estructuras (ACE).","og_url":"https:\/\/aceweb.cat\/es\/producto\/quaderns-destructures-79\/","og_site_name":"aceweb.cat","article_modified_time":"2025-04-02T15:06:21+00:00","og_image":[{"width":1241,"height":1754,"url":"https:\/\/aceweb.cat\/wp-content\/uploads\/2023\/11\/portada-QE79-e1701174167693.jpg","type":"image\/jpeg"}],"twitter_card":"summary_large_image","twitter_misc":{"Tiempo de lectura":"4 minutos"},"schema":{"@context":"https:\/\/schema.org","@graph":[{"@type":"WebPage","@id":"https:\/\/aceweb.cat\/es\/producto\/quaderns-destructures-79\/","url":"https:\/\/aceweb.cat\/es\/producto\/quaderns-destructures-79\/","name":"Quaderns d'Estructures 79 | ACE","isPartOf":{"@id":"https:\/\/aceweb.cat\/#website"},"primaryImageOfPage":{"@id":"https:\/\/aceweb.cat\/es\/producto\/quaderns-destructures-79\/#primaryimage"},"image":{"@id":"https:\/\/aceweb.cat\/es\/producto\/quaderns-destructures-79\/#primaryimage"},"thumbnailUrl":"https:\/\/aceweb.cat\/wp-content\/uploads\/2023\/11\/portada-QE79-e1701174167693.jpg","datePublished":"2023-11-21T18:09:35+00:00","dateModified":"2025-04-02T15:06:21+00:00","description":"Revista n\u00ba 79 con art\u00edculos de actualidad que tratan sobre la construcci\u00f3n de estructuras y que publica la Asociaci\u00f3n de Consultores de Estructuras (ACE).","breadcrumb":{"@id":"https:\/\/aceweb.cat\/es\/producto\/quaderns-destructures-79\/#breadcrumb"},"inLanguage":"es","potentialAction":[{"@type":"ReadAction","target":["https:\/\/aceweb.cat\/es\/producto\/quaderns-destructures-79\/"]}]},{"@type":"ImageObject","inLanguage":"es","@id":"https:\/\/aceweb.cat\/es\/producto\/quaderns-destructures-79\/#primaryimage","url":"https:\/\/aceweb.cat\/wp-content\/uploads\/2023\/11\/portada-QE79-e1701174167693.jpg","contentUrl":"https:\/\/aceweb.cat\/wp-content\/uploads\/2023\/11\/portada-QE79-e1701174167693.jpg","width":1241,"height":1754,"caption":"ACE Quaderns d'Estructures 79"},{"@type":"BreadcrumbList","@id":"https:\/\/aceweb.cat\/es\/producto\/quaderns-destructures-79\/#breadcrumb","itemListElement":[{"@type":"ListItem","position":1,"name":"Inici","item":"https:\/\/aceweb.cat\/"},{"@type":"ListItem","position":2,"name":"Tienda","item":"https:\/\/aceweb.cat\/es\/tienda\/"},{"@type":"ListItem","position":3,"name":"Quadern d\u2019Estructures","item":"https:\/\/aceweb.cat\/es\/categoria-producto\/cuaderno-de-estructuras\/"},{"@type":"ListItem","position":4,"name":"Quaderns d&#8217;Estructures 79"}]},{"@type":"WebSite","@id":"https:\/\/aceweb.cat\/#website","url":"https:\/\/aceweb.cat\/","name":"ACE","description":"Associaci\u00f3 de Consultors d&#039;Estructures | ACE","publisher":{"@id":"https:\/\/aceweb.cat\/#organization"},"alternateName":"ACE","potentialAction":[{"@type":"SearchAction","target":{"@type":"EntryPoint","urlTemplate":"https:\/\/aceweb.cat\/?s={search_term_string}"},"query-input":{"@type":"PropertyValueSpecification","valueRequired":true,"valueName":"search_term_string"}}],"inLanguage":"es"},{"@type":"Organization","@id":"https:\/\/aceweb.cat\/#organization","name":"ACE","alternateName":"ACE","url":"https:\/\/aceweb.cat\/","logo":{"@type":"ImageObject","inLanguage":"es","@id":"https:\/\/aceweb.cat\/#\/schema\/logo\/image\/","url":"https:\/\/aceweb.cat\/wp-content\/uploads\/2022\/10\/logo.svg","contentUrl":"https:\/\/aceweb.cat\/wp-content\/uploads\/2022\/10\/logo.svg","width":1,"height":1,"caption":"ACE"},"image":{"@id":"https:\/\/aceweb.cat\/#\/schema\/logo\/image\/"}}]}},"_links":{"self":[{"href":"https:\/\/aceweb.cat\/es\/wp-json\/wp\/v2\/product\/43458","targetHints":{"allow":["GET"]}}],"collection":[{"href":"https:\/\/aceweb.cat\/es\/wp-json\/wp\/v2\/product"}],"about":[{"href":"https:\/\/aceweb.cat\/es\/wp-json\/wp\/v2\/types\/product"}],"version-history":[{"count":3,"href":"https:\/\/aceweb.cat\/es\/wp-json\/wp\/v2\/product\/43458\/revisions"}],"predecessor-version":[{"id":46252,"href":"https:\/\/aceweb.cat\/es\/wp-json\/wp\/v2\/product\/43458\/revisions\/46252"}],"wp:featuredmedia":[{"embeddable":true,"href":"https:\/\/aceweb.cat\/es\/wp-json\/wp\/v2\/media\/43468"}],"wp:attachment":[{"href":"https:\/\/aceweb.cat\/es\/wp-json\/wp\/v2\/media?parent=43458"}],"wp:term":[{"taxonomy":"product_brand","embeddable":true,"href":"https:\/\/aceweb.cat\/es\/wp-json\/wp\/v2\/product_brand?post=43458"},{"taxonomy":"product_cat","embeddable":true,"href":"https:\/\/aceweb.cat\/es\/wp-json\/wp\/v2\/product_cat?post=43458"},{"taxonomy":"product_tag","embeddable":true,"href":"https:\/\/aceweb.cat\/es\/wp-json\/wp\/v2\/product_tag?post=43458"}],"curies":[{"name":"wp","href":"https:\/\/api.w.org\/{rel}","templated":true}]}}