{"id":44355,"date":"2024-03-28T11:42:36","date_gmt":"2024-03-28T11:42:36","guid":{"rendered":"https:\/\/aceweb.cat\/?post_type=product&#038;p=44355"},"modified":"2025-09-15T16:41:37","modified_gmt":"2025-09-15T16:41:37","slug":"quaderns-destructures-80","status":"publish","type":"product","link":"https:\/\/aceweb.cat\/es\/producto\/quaderns-destructures-80\/","title":{"rendered":"Quaderns d&#8217;Estructures 80"},"content":{"rendered":"<p>Este n\u00famero incluye:<\/p>\n<h2><strong>1. Editorial<\/strong><\/h2>\n<p>Articulo redactado por <strong>Merc\u00e8 Ramos<\/strong>. Descarga la revista para conocer las prioridades de los socios de la ACE:<br \/>\n\u00ab<em>Las condiciones profesionales de nuestros miembros son una de nuestras prioridades fundamentales y uno de los motivos de ser de la ACE. En los \u00faltimos a\u00f1os, hemos observado una revisi\u00f3n significativa de los precios de las unidades de obra en los sectores de la edificaci\u00f3n y obra civil, as\u00ed como tambi\u00e9n un peque\u00f1o cambio en la manera en que la administraciones contratan los servicios t\u00e9cnicos para la redacci\u00f3n de proyectos y la direcci\u00f3n de obras.<\/em>\u00bb<\/p>\n<h2>2. Nuestra profesi\u00f3n frente\u00a0 el BIM. Una reflexi\u00f3n personal.<\/h2>\n<p>Articulo redactado por <strong>Luis Ch\u00f3liz del Junco<\/strong>. Descarga la revista para conocer la opini\u00f3n a la que se enfrenta el consultor:<br \/>\n\u00ab<em>Nota previa: \u00abel calculista\u00bb designa, tradicionalmente, a la persona del equipo de proyecto que es especialista en la estructura. No s\u00f3lo realiza los c\u00e1lculos necesarios (que no es moco de pavo), sino que tambi\u00e9n tiene voz en el dise\u00f1o y resuelve los problemas y las dudas que se planteen. La denominaci\u00f3n que hoy en d\u00eda prefiere la ACE para esta persona es la de \u00abconsultor de estructuras\u00bb, tal vez por el aura de respetabilidad y el sentimiento generalizado de \u00abellos son los que saben\u00bb que conlleva el trabajar en una consultor\u00eda en vez de en una oficina de c\u00e1lculo.<\/em>\u00bb<\/p>\n<h2>3. Apuntes de pr\u00e1ctica profesional. Apeos.<\/h2>\n<p>Articulo redactado por <strong>Gemma Mu\u00f1oz<\/strong> y<span style=\"font-size: 16px; font-style: normal; font-weight: 400;\">\u00a0<\/span><span style=\"font-size: 16px;\">\u00a0<strong>Xavier Falguera<\/strong>. Descarga la revista para conocer un documento pr\u00e1ctico que explica todo lo que hace falta tener en cuenta para hacer oberturas en paredes de carga:<\/span><\/p>\n<p>\u00ab<em>Estas oberturas, a pesar de no parecer un trabajo complejo, son actuaciones en que confluyen muchas cuestiones divergentes. Aguantan parte de la estructura y la transmiten a las plantas inferiores cambiando el descenso original de las cargas. Es por esta raz\u00f3n, que requieren de una metodolog\u00eda concreta y acotada, para no excluir ning\u00fan dato importante<\/em>\u00ab.<\/p>\n<h2>4. Fusta i captaci\u00f3 de Carboni.<\/h2>\n<p>Articulo redactado por <strong>Will Hawkins<\/strong>. Descarga la revista para conocer como analiza\u00a0 Will Hawkins la retenci\u00f3n de carbono, la circularidad en las estructuras de madera y las implicaciones para la sostenibilidad en la toma de decisiones en el dise\u00f1o estructural:<br \/>\n\u00ab<em>Traducci\u00f3n del texto original de Will Hawkins publicado en enero de 2021 en la revista The Structural Engineer, disponible en <a href=\"https:\/\/www.istructe.org\/journal\/volumes\/volume-99-(2021)\/issue-1\/timber-and-carbon-sequestration\/\">https:\/\/www.istructe.org\/journal\/volumes\/volume-99-(2021)\/issue-1\/timber-and-carbon-sequestration\/<\/a>. Agradecemos a su autor y a The Institution of Structural Engineers el permiso desinteresado para su traducci\u00f3n y publicaci\u00f3n. Traducido del ingl\u00e9s por Oriol Palou, Arquitecto Consultor de Estructuras y miembro de la comisi\u00f3n de sostenibilidad de la ACE.<\/em><br \/>\n<em>El primer paso, si queremos reducir el carbono incorporado de los edificios, es calcularlo de forma fiable y comparable, para lo cual se ha formado un amplio consenso en torno a la metodolog\u00eda basada en BS EN 159781 (*) para el An\u00e1lisis del Ciclo de Vida (ACV en adelante).<\/em>\u00bb<\/p>\n<h2>5. Cemento, hormig\u00f3n y sostenibilidad.<\/h2>\n<p>Articulo redactado por\u00a0 <strong>Jordi Altet<\/strong>. Descarga la revista para conocer las acciones tomados para reducir y mitigar las emisiones de los gases de efecto invernadero:<br \/>\n\u00ab<em>Es conocido por el amplio p\u00fablico que el sector del cemento-hormig\u00f3n genera entre el 7 y el 8% de las emisiones de los gases de efecto invernadero. Estos sectores hace d\u00e9cadas que iniciaron acciones para reducir y mitigar estas emisiones. En este art\u00edculo queremos informaros de las acciones llevadas a cabo y de las que est\u00e1n por venir.<\/em>\u00bb<\/p>\n<h2>6. Ramon Pedrerol Jard\u00ed, en memoria.<\/h2>\n<p>Articulo redactado por\u00a0 <strong>\u00c1gata Pedrerol<\/strong>. Descarga la revista para conocer una breve memoria de Ramon Perdrerol:<\/p>\n<p><em>\u00ab\u2019El ingeniero y arquitecto Ramon Pedrerol Jard\u00ed falleci\u00f3 el 3 de febrero pasado en Barcelona. Hasta que la enfermedad se lo impidi\u00f3 a finales de 2023, vino a trabajar cada d\u00eda a Indus, como lo hab\u00eda hecho desde que ten\u00eda 25 a\u00f1os, el 1970.<\/em><\/p>\n<p><em>En un acto, al que ya no pudo asistir, el 14 de diciembre de 2023 fue nombrado socio de honor de la ACE y agradeci\u00f3 de todo coraz\u00f3n este reconocimiento de los compa\u00f1eros de profesi\u00f3n. En el texto que fue le\u00eddo en su nombre, hablaba de los or\u00edgenes del centro de centro de c\u00e1lculo de estructuras con el ordenador en Indus C\u00e1lculo.<\/em>\u00bb<\/p>\n<p>&nbsp;<\/p>\n<h2><strong>7. Lista de miembros de la Asociaci\u00f3n\u00a0<\/strong><\/h2>\n<p>Conoce los miembros de la Associaci\u00f3 de Consultors d&#8217;Estructures. Podr\u00e1s ver los nuevos integrantes que participan para reconocimiento de la profesi\u00f3n en el mundo de la construcci\u00f3n.<\/p>\n","protected":false},"excerpt":{"rendered":"<ul>\n<li>1. Editorial<\/li>\n<li>2. Nuestra profesi\u00f3n frente al BIM. Una reflexi\u00f3n personal<\/li>\n<li>3. Apuntes de pr\u00e1ctica profesional. Apeos<\/li>\n<li>4. Madera y captaci\u00f3n de carbono<\/li>\n<li>5. Cemento, hormig\u00f3n y sostenibilidad<\/li>\n<li>6. Ramon Pedrerol Jard\u00ed en memoria<\/li>\n<li>7. Lista de miembros de la asociaci\u00f3n<\/li>\n<\/ul>\n","protected":false},"featured_media":44369,"template":"","meta":{"_acf_changed":false,"site-sidebar-layout":"default","site-content-layout":"default","ast-global-header-display":"","ast-main-header-display":"","ast-hfb-above-header-display":"","ast-hfb-below-header-display":"","ast-hfb-mobile-header-display":"","site-post-title":"","ast-breadcrumbs-content":"","ast-featured-img":"","footer-sml-layout":"","theme-transparent-header-meta":"default","adv-header-id-meta":"","stick-header-meta":"","header-above-stick-meta":"","header-main-stick-meta":"","header-below-stick-meta":""},"product_brand":[],"product_cat":[595],"product_tag":[],"class_list":{"0":"post-44355","1":"product","2":"type-product","3":"status-publish","4":"has-post-thumbnail","6":"product_cat-cuaderno-de-estructuras","7":"desktop-align-left","8":"tablet-align-left","9":"mobile-align-left","11":"first","12":"instock","13":"taxable","14":"shipping-taxable","15":"purchasable","16":"product-type-variable"},"acf":[],"yoast_head":"<!-- This site is optimized with the Yoast SEO plugin v27.1.1 - https:\/\/yoast.com\/product\/yoast-seo-wordpress\/ -->\n<title>Quaderns d&#039;Estructures 80 | ACE<\/title>\n<meta name=\"description\" content=\"Revista n\u00ba 80 con art\u00edculos de actualidad que tratan sobre la construcci\u00f3n de estructuras y que publica la Asociaci\u00f3n de Consultores de Estructuras (ACE).\" \/>\n<meta name=\"robots\" content=\"index, follow, max-snippet:-1, max-image-preview:large, max-video-preview:-1\" \/>\n<link rel=\"canonical\" href=\"https:\/\/aceweb.cat\/es\/producto\/quaderns-destructures-80\/\" \/>\n<meta property=\"og:locale\" content=\"es_ES\" \/>\n<meta property=\"og:type\" content=\"article\" \/>\n<meta property=\"og:title\" content=\"Quaderns d&#039;Estructures 80 | ACE\" \/>\n<meta property=\"og:description\" content=\"Revista n\u00ba 80 con art\u00edculos de actualidad que tratan sobre la construcci\u00f3n de estructuras y que publica la Asociaci\u00f3n de Consultores de Estructuras (ACE).\" \/>\n<meta property=\"og:url\" content=\"https:\/\/aceweb.cat\/es\/producto\/quaderns-destructures-80\/\" \/>\n<meta property=\"og:site_name\" content=\"aceweb.cat\" \/>\n<meta property=\"article:modified_time\" content=\"2025-09-15T16:41:37+00:00\" \/>\n<meta property=\"og:image\" content=\"https:\/\/aceweb.cat\/wp-content\/uploads\/2024\/03\/portada_qe80-scaled-e1711636428938.jpg\" \/>\n\t<meta property=\"og:image:width\" content=\"1816\" \/>\n\t<meta property=\"og:image:height\" content=\"2560\" \/>\n\t<meta property=\"og:image:type\" content=\"image\/jpeg\" \/>\n<meta name=\"twitter:card\" content=\"summary_large_image\" \/>\n<meta name=\"twitter:label1\" content=\"Tiempo de lectura\" \/>\n\t<meta name=\"twitter:data1\" content=\"5 minutos\" \/>\n<script type=\"application\/ld+json\" class=\"yoast-schema-graph\">{\"@context\":\"https:\/\/schema.org\",\"@graph\":[{\"@type\":\"WebPage\",\"@id\":\"https:\/\/aceweb.cat\/es\/producto\/quaderns-destructures-80\/\",\"url\":\"https:\/\/aceweb.cat\/es\/producto\/quaderns-destructures-80\/\",\"name\":\"Quaderns d'Estructures 80 | ACE\",\"isPartOf\":{\"@id\":\"https:\/\/aceweb.cat\/#website\"},\"primaryImageOfPage\":{\"@id\":\"https:\/\/aceweb.cat\/es\/producto\/quaderns-destructures-80\/#primaryimage\"},\"image\":{\"@id\":\"https:\/\/aceweb.cat\/es\/producto\/quaderns-destructures-80\/#primaryimage\"},\"thumbnailUrl\":\"https:\/\/aceweb.cat\/wp-content\/uploads\/2024\/03\/portada_qe80-scaled-e1711636428938.jpg\",\"datePublished\":\"2024-03-28T11:42:36+00:00\",\"dateModified\":\"2025-09-15T16:41:37+00:00\",\"description\":\"Revista n\u00ba 80 con art\u00edculos de actualidad que tratan sobre la construcci\u00f3n de estructuras y que publica la Asociaci\u00f3n de Consultores de Estructuras (ACE).\",\"breadcrumb\":{\"@id\":\"https:\/\/aceweb.cat\/es\/producto\/quaderns-destructures-80\/#breadcrumb\"},\"inLanguage\":\"es\",\"potentialAction\":[{\"@type\":\"ReadAction\",\"target\":[\"https:\/\/aceweb.cat\/es\/producto\/quaderns-destructures-80\/\"]}]},{\"@type\":\"ImageObject\",\"inLanguage\":\"es\",\"@id\":\"https:\/\/aceweb.cat\/es\/producto\/quaderns-destructures-80\/#primaryimage\",\"url\":\"https:\/\/aceweb.cat\/wp-content\/uploads\/2024\/03\/portada_qe80-scaled-e1711636428938.jpg\",\"contentUrl\":\"https:\/\/aceweb.cat\/wp-content\/uploads\/2024\/03\/portada_qe80-scaled-e1711636428938.jpg\",\"width\":1816,\"height\":2560},{\"@type\":\"BreadcrumbList\",\"@id\":\"https:\/\/aceweb.cat\/es\/producto\/quaderns-destructures-80\/#breadcrumb\",\"itemListElement\":[{\"@type\":\"ListItem\",\"position\":1,\"name\":\"Inici\",\"item\":\"https:\/\/aceweb.cat\/\"},{\"@type\":\"ListItem\",\"position\":2,\"name\":\"Tienda\",\"item\":\"https:\/\/aceweb.cat\/es\/tienda\/\"},{\"@type\":\"ListItem\",\"position\":3,\"name\":\"Quadern d\u2019Estructures\",\"item\":\"https:\/\/aceweb.cat\/es\/categoria-producto\/cuaderno-de-estructuras\/\"},{\"@type\":\"ListItem\",\"position\":4,\"name\":\"Quaderns d&#8217;Estructures 80\"}]},{\"@type\":\"WebSite\",\"@id\":\"https:\/\/aceweb.cat\/#website\",\"url\":\"https:\/\/aceweb.cat\/\",\"name\":\"ACE\",\"description\":\"Associaci\u00f3 de Consultors d&#039;Estructures | ACE\",\"publisher\":{\"@id\":\"https:\/\/aceweb.cat\/#organization\"},\"alternateName\":\"ACE\",\"potentialAction\":[{\"@type\":\"SearchAction\",\"target\":{\"@type\":\"EntryPoint\",\"urlTemplate\":\"https:\/\/aceweb.cat\/?s={search_term_string}\"},\"query-input\":{\"@type\":\"PropertyValueSpecification\",\"valueRequired\":true,\"valueName\":\"search_term_string\"}}],\"inLanguage\":\"es\"},{\"@type\":\"Organization\",\"@id\":\"https:\/\/aceweb.cat\/#organization\",\"name\":\"ACE\",\"alternateName\":\"ACE\",\"url\":\"https:\/\/aceweb.cat\/\",\"logo\":{\"@type\":\"ImageObject\",\"inLanguage\":\"es\",\"@id\":\"https:\/\/aceweb.cat\/#\/schema\/logo\/image\/\",\"url\":\"https:\/\/aceweb.cat\/wp-content\/uploads\/2022\/10\/logo.svg\",\"contentUrl\":\"https:\/\/aceweb.cat\/wp-content\/uploads\/2022\/10\/logo.svg\",\"width\":1,\"height\":1,\"caption\":\"ACE\"},\"image\":{\"@id\":\"https:\/\/aceweb.cat\/#\/schema\/logo\/image\/\"}}]}<\/script>\n<!-- \/ Yoast SEO plugin. -->","yoast_head_json":{"title":"Quaderns d'Estructures 80 | ACE","description":"Revista n\u00ba 80 con art\u00edculos de actualidad que tratan sobre la construcci\u00f3n de estructuras y que publica la Asociaci\u00f3n de Consultores de Estructuras (ACE).","robots":{"index":"index","follow":"follow","max-snippet":"max-snippet:-1","max-image-preview":"max-image-preview:large","max-video-preview":"max-video-preview:-1"},"canonical":"https:\/\/aceweb.cat\/es\/producto\/quaderns-destructures-80\/","og_locale":"es_ES","og_type":"article","og_title":"Quaderns d'Estructures 80 | ACE","og_description":"Revista n\u00ba 80 con art\u00edculos de actualidad que tratan sobre la construcci\u00f3n de estructuras y que publica la Asociaci\u00f3n de Consultores de Estructuras (ACE).","og_url":"https:\/\/aceweb.cat\/es\/producto\/quaderns-destructures-80\/","og_site_name":"aceweb.cat","article_modified_time":"2025-09-15T16:41:37+00:00","og_image":[{"width":1816,"height":2560,"url":"https:\/\/aceweb.cat\/wp-content\/uploads\/2024\/03\/portada_qe80-scaled-e1711636428938.jpg","type":"image\/jpeg"}],"twitter_card":"summary_large_image","twitter_misc":{"Tiempo de lectura":"5 minutos"},"schema":{"@context":"https:\/\/schema.org","@graph":[{"@type":"WebPage","@id":"https:\/\/aceweb.cat\/es\/producto\/quaderns-destructures-80\/","url":"https:\/\/aceweb.cat\/es\/producto\/quaderns-destructures-80\/","name":"Quaderns d'Estructures 80 | ACE","isPartOf":{"@id":"https:\/\/aceweb.cat\/#website"},"primaryImageOfPage":{"@id":"https:\/\/aceweb.cat\/es\/producto\/quaderns-destructures-80\/#primaryimage"},"image":{"@id":"https:\/\/aceweb.cat\/es\/producto\/quaderns-destructures-80\/#primaryimage"},"thumbnailUrl":"https:\/\/aceweb.cat\/wp-content\/uploads\/2024\/03\/portada_qe80-scaled-e1711636428938.jpg","datePublished":"2024-03-28T11:42:36+00:00","dateModified":"2025-09-15T16:41:37+00:00","description":"Revista n\u00ba 80 con art\u00edculos de actualidad que tratan sobre la construcci\u00f3n de estructuras y que publica la Asociaci\u00f3n de Consultores de Estructuras (ACE).","breadcrumb":{"@id":"https:\/\/aceweb.cat\/es\/producto\/quaderns-destructures-80\/#breadcrumb"},"inLanguage":"es","potentialAction":[{"@type":"ReadAction","target":["https:\/\/aceweb.cat\/es\/producto\/quaderns-destructures-80\/"]}]},{"@type":"ImageObject","inLanguage":"es","@id":"https:\/\/aceweb.cat\/es\/producto\/quaderns-destructures-80\/#primaryimage","url":"https:\/\/aceweb.cat\/wp-content\/uploads\/2024\/03\/portada_qe80-scaled-e1711636428938.jpg","contentUrl":"https:\/\/aceweb.cat\/wp-content\/uploads\/2024\/03\/portada_qe80-scaled-e1711636428938.jpg","width":1816,"height":2560},{"@type":"BreadcrumbList","@id":"https:\/\/aceweb.cat\/es\/producto\/quaderns-destructures-80\/#breadcrumb","itemListElement":[{"@type":"ListItem","position":1,"name":"Inici","item":"https:\/\/aceweb.cat\/"},{"@type":"ListItem","position":2,"name":"Tienda","item":"https:\/\/aceweb.cat\/es\/tienda\/"},{"@type":"ListItem","position":3,"name":"Quadern d\u2019Estructures","item":"https:\/\/aceweb.cat\/es\/categoria-producto\/cuaderno-de-estructuras\/"},{"@type":"ListItem","position":4,"name":"Quaderns d&#8217;Estructures 80"}]},{"@type":"WebSite","@id":"https:\/\/aceweb.cat\/#website","url":"https:\/\/aceweb.cat\/","name":"ACE","description":"Associaci\u00f3 de Consultors d&#039;Estructures | ACE","publisher":{"@id":"https:\/\/aceweb.cat\/#organization"},"alternateName":"ACE","potentialAction":[{"@type":"SearchAction","target":{"@type":"EntryPoint","urlTemplate":"https:\/\/aceweb.cat\/?s={search_term_string}"},"query-input":{"@type":"PropertyValueSpecification","valueRequired":true,"valueName":"search_term_string"}}],"inLanguage":"es"},{"@type":"Organization","@id":"https:\/\/aceweb.cat\/#organization","name":"ACE","alternateName":"ACE","url":"https:\/\/aceweb.cat\/","logo":{"@type":"ImageObject","inLanguage":"es","@id":"https:\/\/aceweb.cat\/#\/schema\/logo\/image\/","url":"https:\/\/aceweb.cat\/wp-content\/uploads\/2022\/10\/logo.svg","contentUrl":"https:\/\/aceweb.cat\/wp-content\/uploads\/2022\/10\/logo.svg","width":1,"height":1,"caption":"ACE"},"image":{"@id":"https:\/\/aceweb.cat\/#\/schema\/logo\/image\/"}}]}},"_links":{"self":[{"href":"https:\/\/aceweb.cat\/es\/wp-json\/wp\/v2\/product\/44355","targetHints":{"allow":["GET"]}}],"collection":[{"href":"https:\/\/aceweb.cat\/es\/wp-json\/wp\/v2\/product"}],"about":[{"href":"https:\/\/aceweb.cat\/es\/wp-json\/wp\/v2\/types\/product"}],"version-history":[{"count":4,"href":"https:\/\/aceweb.cat\/es\/wp-json\/wp\/v2\/product\/44355\/revisions"}],"predecessor-version":[{"id":46256,"href":"https:\/\/aceweb.cat\/es\/wp-json\/wp\/v2\/product\/44355\/revisions\/46256"}],"wp:featuredmedia":[{"embeddable":true,"href":"https:\/\/aceweb.cat\/es\/wp-json\/wp\/v2\/media\/44369"}],"wp:attachment":[{"href":"https:\/\/aceweb.cat\/es\/wp-json\/wp\/v2\/media?parent=44355"}],"wp:term":[{"taxonomy":"product_brand","embeddable":true,"href":"https:\/\/aceweb.cat\/es\/wp-json\/wp\/v2\/product_brand?post=44355"},{"taxonomy":"product_cat","embeddable":true,"href":"https:\/\/aceweb.cat\/es\/wp-json\/wp\/v2\/product_cat?post=44355"},{"taxonomy":"product_tag","embeddable":true,"href":"https:\/\/aceweb.cat\/es\/wp-json\/wp\/v2\/product_tag?post=44355"}],"curies":[{"name":"wp","href":"https:\/\/api.w.org\/{rel}","templated":true}]}}