{"id":44829,"date":"2024-05-29T10:43:57","date_gmt":"2024-05-29T10:43:57","guid":{"rendered":"https:\/\/aceweb.cat\/?post_type=product&#038;p=44829"},"modified":"2024-06-11T07:01:55","modified_gmt":"2024-06-11T07:01:55","slug":"curso-ejercicios-practicos-de-estructuras-frente-las-vibraciones","status":"publish","type":"product","link":"https:\/\/aceweb.cat\/es\/producto\/curso-ejercicios-practicos-de-estructuras-frente-las-vibraciones\/","title":{"rendered":"Curso ejercicios pr\u00e1cticos de estructuras frente las vibraciones"},"content":{"rendered":"<p>En este curso se presenta de forma \u00fanicamente pr\u00e1ctica de la parte te\u00f3rica que fue dada al curso <span style=\"color: #0000ff;\"><a style=\"color: #0000ff;\" href=\"https:\/\/aceweb.cat\/es\/agenda\/curso-estructuras-frente-vibraciones\/\" target=\"_blank\" rel=\"noopener\">Dise\u00f1o de estructuras ante vibraciones en las estructuras civiles\/industriales<\/a><\/span>, basado en normativa actualizada y gu\u00edas orientadas a la edificaci\u00f3n.<\/p>\n<p>Aplicando modelos simples y Gu\u00edas de dise\u00f1o acreditadas, se incluyen ejercicios t\u00edpicos para estructuras met\u00e1licas, mixtas, de madera e instalaciones.<\/p>\n<h4><strong><u>OBJETIVOS<\/u><\/strong><\/h4>\n<p>El objetivo del curso es la realizaci\u00f3n de ejercicios de estructuras ante las vibraciones, divulgar conocimientos b\u00e1sicos \u00fatiles para el dise\u00f1o abordando la resoluci\u00f3n de los casos m\u00e1s habituales en techos, pasarelas, vibraciones por maquinaria y efectos din\u00e1micos en general ( tr\u00e1fico, viento).<\/p>\n<h4>Aparte del pago, no olvides realizar la inscripci\u00f3n en:<\/h4>\n<div class=\"wp-block-button\"><a class=\"wp-block-button__link has-text-align-left wp-element-button\" href=\"https:\/\/forms.gle\/nSJJWgaoEg4UigNd8\" target=\"_blank\" rel=\"noopener noopenero noreferrer\"><strong><mark class=\"has-inline-color has-ast-global-color-1-color\" style=\"background-color: rgba(0, 0, 0, 0);\">Formulario de inscripci\u00f3n<\/mark><\/strong><\/a><\/div>\n<p><\/p>\n<h4>M\u00e1s informaci\u00f3n:<\/h4>\n<div class=\"wp-block-button\"><a class=\"wp-block-button__link has-text-align-left wp-element-button\" href=\"https:\/\/aceweb.cat\/es\/agenda\/curso-ejercicios-practicos-de-estructuras-frente-vibraciones\/\" target=\"_blank\" rel=\"noreferrer noopener\"><strong><mark class=\"has-inline-color has-ast-global-color-1- color\" style=\"background-color: rgba(0, 0, 0, 0);\">Informaci\u00f3n<\/mark><\/strong><\/a><\/div>\n","protected":false},"excerpt":{"rendered":"<p>En este curso se presenta de forma \u00fanicamente pr\u00e1ctica de la parte te\u00f3rica que fue dada al curso <span style=\"color: #0000ff;\"><a style=\"color: #0000ff;\" href=\"https:\/\/aceweb.cat\/es\/agenda\/curso-estructuras-frente-vibraciones\/\" target=\"_blank\" rel=\"noopener\">Dise\u00f1o de estructuras ante vibraciones en las estructuras civiles\/industriales<\/a><\/span>, basado en normativa actualizada y gu\u00edas orientadas a la edificaci\u00f3n.<\/p>\n<p>Aplicando modelos simples y Gu\u00edas de dise\u00f1o acreditadas, se incluyen ejercicios t\u00edpicos para estructuras met\u00e1licas, mixtas, de madera e instalaciones.<\/p>\n","protected":false},"featured_media":44741,"template":"","meta":{"_acf_changed":false,"site-sidebar-layout":"default","site-content-layout":"default","ast-global-header-display":"","ast-main-header-display":"","ast-hfb-above-header-display":"","ast-hfb-below-header-display":"","ast-hfb-mobile-header-display":"","site-post-title":"","ast-breadcrumbs-content":"","ast-featured-img":"","footer-sml-layout":"","theme-transparent-header-meta":"default","adv-header-id-meta":"","stick-header-meta":"","header-above-stick-meta":"","header-main-stick-meta":"","header-below-stick-meta":""},"product_brand":[],"product_cat":[1470],"product_tag":[],"class_list":{"0":"post-44829","1":"product","2":"type-product","3":"status-publish","4":"has-post-thumbnail","6":"product_cat-jornadas-cursos","7":"desktop-align-left","8":"tablet-align-left","9":"mobile-align-left","11":"first","12":"instock","13":"virtual","14":"purchasable","15":"product-type-simple"},"acf":[],"yoast_head":"<!-- This site is optimized with the Yoast SEO plugin v27.1.1 - https:\/\/yoast.com\/product\/yoast-seo-wordpress\/ -->\n<title>Curso ejercicios pr\u00e1cticos de estructuras frente las vibraciones | ACE<\/title>\n<meta name=\"description\" content=\"En este curso se presenta de forma \u00fanicamente pr\u00e1ctica de la parte te\u00f3rica que fue dada al curso Dise\u00f1o de estructuras ante vibraciones en las estructuras civiles\/industriales, basado en normativa actualizada y gu\u00edas orientadas a la edificaci\u00f3n. Aplicando modelos simples y Gu\u00edas de dise\u00f1o acreditadas, se incluyen ejercicios t\u00edpicos para estructuras met\u00e1licas, mixtas, de madera e instalaciones.\" \/>\n<meta name=\"robots\" content=\"index, follow, max-snippet:-1, max-image-preview:large, max-video-preview:-1\" \/>\n<link rel=\"canonical\" href=\"https:\/\/aceweb.cat\/es\/producto\/curso-ejercicios-practicos-de-estructuras-frente-las-vibraciones\/\" \/>\n<meta property=\"og:locale\" content=\"es_ES\" \/>\n<meta property=\"og:type\" content=\"article\" \/>\n<meta property=\"og:title\" content=\"Curso ejercicios pr\u00e1cticos de estructuras frente las vibraciones | ACE\" \/>\n<meta property=\"og:description\" content=\"En este curso se presenta de forma \u00fanicamente pr\u00e1ctica de la parte te\u00f3rica que fue dada al curso Dise\u00f1o de estructuras ante vibraciones en las estructuras civiles\/industriales, basado en normativa actualizada y gu\u00edas orientadas a la edificaci\u00f3n. Aplicando modelos simples y Gu\u00edas de dise\u00f1o acreditadas, se incluyen ejercicios t\u00edpicos para estructuras met\u00e1licas, mixtas, de madera e instalaciones.\" \/>\n<meta property=\"og:url\" content=\"https:\/\/aceweb.cat\/es\/producto\/curso-ejercicios-practicos-de-estructuras-frente-las-vibraciones\/\" \/>\n<meta property=\"og:site_name\" content=\"aceweb.cat\" \/>\n<meta property=\"article:modified_time\" content=\"2024-06-11T07:01:55+00:00\" \/>\n<meta property=\"og:image\" content=\"https:\/\/aceweb.cat\/wp-content\/uploads\/2024\/05\/imagen-2.jpg\" \/>\n\t<meta property=\"og:image:width\" content=\"373\" \/>\n\t<meta property=\"og:image:height\" content=\"280\" \/>\n\t<meta property=\"og:image:type\" content=\"image\/jpeg\" \/>\n<meta name=\"twitter:card\" content=\"summary_large_image\" \/>\n<meta name=\"twitter:label1\" content=\"Tiempo de lectura\" \/>\n\t<meta name=\"twitter:data1\" content=\"1 minuto\" \/>\n<script type=\"application\/ld+json\" class=\"yoast-schema-graph\">{\"@context\":\"https:\/\/schema.org\",\"@graph\":[{\"@type\":\"WebPage\",\"@id\":\"https:\/\/aceweb.cat\/es\/producto\/curso-ejercicios-practicos-de-estructuras-frente-las-vibraciones\/\",\"url\":\"https:\/\/aceweb.cat\/es\/producto\/curso-ejercicios-practicos-de-estructuras-frente-las-vibraciones\/\",\"name\":\"Curso ejercicios pr\u00e1cticos de estructuras frente las vibraciones | ACE\",\"isPartOf\":{\"@id\":\"https:\/\/aceweb.cat\/#website\"},\"primaryImageOfPage\":{\"@id\":\"https:\/\/aceweb.cat\/es\/producto\/curso-ejercicios-practicos-de-estructuras-frente-las-vibraciones\/#primaryimage\"},\"image\":{\"@id\":\"https:\/\/aceweb.cat\/es\/producto\/curso-ejercicios-practicos-de-estructuras-frente-las-vibraciones\/#primaryimage\"},\"thumbnailUrl\":\"https:\/\/aceweb.cat\/wp-content\/uploads\/2024\/05\/imagen-2.jpg\",\"datePublished\":\"2024-05-29T10:43:57+00:00\",\"dateModified\":\"2024-06-11T07:01:55+00:00\",\"description\":\"En este curso se presenta de forma \u00fanicamente pr\u00e1ctica de la parte te\u00f3rica que fue dada al curso Dise\u00f1o de estructuras ante vibraciones en las estructuras civiles\/industriales, basado en normativa actualizada y gu\u00edas orientadas a la edificaci\u00f3n. Aplicando modelos simples y Gu\u00edas de dise\u00f1o acreditadas, se incluyen ejercicios t\u00edpicos para estructuras met\u00e1licas, mixtas, de madera e instalaciones.\",\"breadcrumb\":{\"@id\":\"https:\/\/aceweb.cat\/es\/producto\/curso-ejercicios-practicos-de-estructuras-frente-las-vibraciones\/#breadcrumb\"},\"inLanguage\":\"es\",\"potentialAction\":[{\"@type\":\"ReadAction\",\"target\":[\"https:\/\/aceweb.cat\/es\/producto\/curso-ejercicios-practicos-de-estructuras-frente-las-vibraciones\/\"]}]},{\"@type\":\"ImageObject\",\"inLanguage\":\"es\",\"@id\":\"https:\/\/aceweb.cat\/es\/producto\/curso-ejercicios-practicos-de-estructuras-frente-las-vibraciones\/#primaryimage\",\"url\":\"https:\/\/aceweb.cat\/wp-content\/uploads\/2024\/05\/imagen-2.jpg\",\"contentUrl\":\"https:\/\/aceweb.cat\/wp-content\/uploads\/2024\/05\/imagen-2.jpg\",\"width\":373,\"height\":280},{\"@type\":\"BreadcrumbList\",\"@id\":\"https:\/\/aceweb.cat\/es\/producto\/curso-ejercicios-practicos-de-estructuras-frente-las-vibraciones\/#breadcrumb\",\"itemListElement\":[{\"@type\":\"ListItem\",\"position\":1,\"name\":\"Inici\",\"item\":\"https:\/\/aceweb.cat\/\"},{\"@type\":\"ListItem\",\"position\":2,\"name\":\"Tienda\",\"item\":\"https:\/\/aceweb.cat\/es\/tienda\/\"},{\"@type\":\"ListItem\",\"position\":3,\"name\":\"Jornadas-Cursos\",\"item\":\"https:\/\/aceweb.cat\/es\/categoria-producto\/jornadas-cursos\/\"},{\"@type\":\"ListItem\",\"position\":4,\"name\":\"Curso ejercicios pr\u00e1cticos de estructuras frente las vibraciones\"}]},{\"@type\":\"WebSite\",\"@id\":\"https:\/\/aceweb.cat\/#website\",\"url\":\"https:\/\/aceweb.cat\/\",\"name\":\"ACE\",\"description\":\"Associaci\u00f3 de Consultors d&#039;Estructures | ACE\",\"publisher\":{\"@id\":\"https:\/\/aceweb.cat\/#organization\"},\"alternateName\":\"ACE\",\"potentialAction\":[{\"@type\":\"SearchAction\",\"target\":{\"@type\":\"EntryPoint\",\"urlTemplate\":\"https:\/\/aceweb.cat\/?s={search_term_string}\"},\"query-input\":{\"@type\":\"PropertyValueSpecification\",\"valueRequired\":true,\"valueName\":\"search_term_string\"}}],\"inLanguage\":\"es\"},{\"@type\":\"Organization\",\"@id\":\"https:\/\/aceweb.cat\/#organization\",\"name\":\"ACE\",\"alternateName\":\"ACE\",\"url\":\"https:\/\/aceweb.cat\/\",\"logo\":{\"@type\":\"ImageObject\",\"inLanguage\":\"es\",\"@id\":\"https:\/\/aceweb.cat\/#\/schema\/logo\/image\/\",\"url\":\"https:\/\/aceweb.cat\/wp-content\/uploads\/2022\/10\/logo.svg\",\"contentUrl\":\"https:\/\/aceweb.cat\/wp-content\/uploads\/2022\/10\/logo.svg\",\"width\":1,\"height\":1,\"caption\":\"ACE\"},\"image\":{\"@id\":\"https:\/\/aceweb.cat\/#\/schema\/logo\/image\/\"}}]}<\/script>\n<!-- \/ Yoast SEO plugin. -->","yoast_head_json":{"title":"Curso ejercicios pr\u00e1cticos de estructuras frente las vibraciones | ACE","description":"En este curso se presenta de forma \u00fanicamente pr\u00e1ctica de la parte te\u00f3rica que fue dada al curso Dise\u00f1o de estructuras ante vibraciones en las estructuras civiles\/industriales, basado en normativa actualizada y gu\u00edas orientadas a la edificaci\u00f3n. Aplicando modelos simples y Gu\u00edas de dise\u00f1o acreditadas, se incluyen ejercicios t\u00edpicos para estructuras met\u00e1licas, mixtas, de madera e instalaciones.","robots":{"index":"index","follow":"follow","max-snippet":"max-snippet:-1","max-image-preview":"max-image-preview:large","max-video-preview":"max-video-preview:-1"},"canonical":"https:\/\/aceweb.cat\/es\/producto\/curso-ejercicios-practicos-de-estructuras-frente-las-vibraciones\/","og_locale":"es_ES","og_type":"article","og_title":"Curso ejercicios pr\u00e1cticos de estructuras frente las vibraciones | ACE","og_description":"En este curso se presenta de forma \u00fanicamente pr\u00e1ctica de la parte te\u00f3rica que fue dada al curso Dise\u00f1o de estructuras ante vibraciones en las estructuras civiles\/industriales, basado en normativa actualizada y gu\u00edas orientadas a la edificaci\u00f3n. Aplicando modelos simples y Gu\u00edas de dise\u00f1o acreditadas, se incluyen ejercicios t\u00edpicos para estructuras met\u00e1licas, mixtas, de madera e instalaciones.","og_url":"https:\/\/aceweb.cat\/es\/producto\/curso-ejercicios-practicos-de-estructuras-frente-las-vibraciones\/","og_site_name":"aceweb.cat","article_modified_time":"2024-06-11T07:01:55+00:00","og_image":[{"width":373,"height":280,"url":"https:\/\/aceweb.cat\/wp-content\/uploads\/2024\/05\/imagen-2.jpg","type":"image\/jpeg"}],"twitter_card":"summary_large_image","twitter_misc":{"Tiempo de lectura":"1 minuto"},"schema":{"@context":"https:\/\/schema.org","@graph":[{"@type":"WebPage","@id":"https:\/\/aceweb.cat\/es\/producto\/curso-ejercicios-practicos-de-estructuras-frente-las-vibraciones\/","url":"https:\/\/aceweb.cat\/es\/producto\/curso-ejercicios-practicos-de-estructuras-frente-las-vibraciones\/","name":"Curso ejercicios pr\u00e1cticos de estructuras frente las vibraciones | ACE","isPartOf":{"@id":"https:\/\/aceweb.cat\/#website"},"primaryImageOfPage":{"@id":"https:\/\/aceweb.cat\/es\/producto\/curso-ejercicios-practicos-de-estructuras-frente-las-vibraciones\/#primaryimage"},"image":{"@id":"https:\/\/aceweb.cat\/es\/producto\/curso-ejercicios-practicos-de-estructuras-frente-las-vibraciones\/#primaryimage"},"thumbnailUrl":"https:\/\/aceweb.cat\/wp-content\/uploads\/2024\/05\/imagen-2.jpg","datePublished":"2024-05-29T10:43:57+00:00","dateModified":"2024-06-11T07:01:55+00:00","description":"En este curso se presenta de forma \u00fanicamente pr\u00e1ctica de la parte te\u00f3rica que fue dada al curso Dise\u00f1o de estructuras ante vibraciones en las estructuras civiles\/industriales, basado en normativa actualizada y gu\u00edas orientadas a la edificaci\u00f3n. Aplicando modelos simples y Gu\u00edas de dise\u00f1o acreditadas, se incluyen ejercicios t\u00edpicos para estructuras met\u00e1licas, mixtas, de madera e instalaciones.","breadcrumb":{"@id":"https:\/\/aceweb.cat\/es\/producto\/curso-ejercicios-practicos-de-estructuras-frente-las-vibraciones\/#breadcrumb"},"inLanguage":"es","potentialAction":[{"@type":"ReadAction","target":["https:\/\/aceweb.cat\/es\/producto\/curso-ejercicios-practicos-de-estructuras-frente-las-vibraciones\/"]}]},{"@type":"ImageObject","inLanguage":"es","@id":"https:\/\/aceweb.cat\/es\/producto\/curso-ejercicios-practicos-de-estructuras-frente-las-vibraciones\/#primaryimage","url":"https:\/\/aceweb.cat\/wp-content\/uploads\/2024\/05\/imagen-2.jpg","contentUrl":"https:\/\/aceweb.cat\/wp-content\/uploads\/2024\/05\/imagen-2.jpg","width":373,"height":280},{"@type":"BreadcrumbList","@id":"https:\/\/aceweb.cat\/es\/producto\/curso-ejercicios-practicos-de-estructuras-frente-las-vibraciones\/#breadcrumb","itemListElement":[{"@type":"ListItem","position":1,"name":"Inici","item":"https:\/\/aceweb.cat\/"},{"@type":"ListItem","position":2,"name":"Tienda","item":"https:\/\/aceweb.cat\/es\/tienda\/"},{"@type":"ListItem","position":3,"name":"Jornadas-Cursos","item":"https:\/\/aceweb.cat\/es\/categoria-producto\/jornadas-cursos\/"},{"@type":"ListItem","position":4,"name":"Curso ejercicios pr\u00e1cticos de estructuras frente las vibraciones"}]},{"@type":"WebSite","@id":"https:\/\/aceweb.cat\/#website","url":"https:\/\/aceweb.cat\/","name":"ACE","description":"Associaci\u00f3 de Consultors d&#039;Estructures | ACE","publisher":{"@id":"https:\/\/aceweb.cat\/#organization"},"alternateName":"ACE","potentialAction":[{"@type":"SearchAction","target":{"@type":"EntryPoint","urlTemplate":"https:\/\/aceweb.cat\/?s={search_term_string}"},"query-input":{"@type":"PropertyValueSpecification","valueRequired":true,"valueName":"search_term_string"}}],"inLanguage":"es"},{"@type":"Organization","@id":"https:\/\/aceweb.cat\/#organization","name":"ACE","alternateName":"ACE","url":"https:\/\/aceweb.cat\/","logo":{"@type":"ImageObject","inLanguage":"es","@id":"https:\/\/aceweb.cat\/#\/schema\/logo\/image\/","url":"https:\/\/aceweb.cat\/wp-content\/uploads\/2022\/10\/logo.svg","contentUrl":"https:\/\/aceweb.cat\/wp-content\/uploads\/2022\/10\/logo.svg","width":1,"height":1,"caption":"ACE"},"image":{"@id":"https:\/\/aceweb.cat\/#\/schema\/logo\/image\/"}}]}},"_links":{"self":[{"href":"https:\/\/aceweb.cat\/es\/wp-json\/wp\/v2\/product\/44829","targetHints":{"allow":["GET"]}}],"collection":[{"href":"https:\/\/aceweb.cat\/es\/wp-json\/wp\/v2\/product"}],"about":[{"href":"https:\/\/aceweb.cat\/es\/wp-json\/wp\/v2\/types\/product"}],"version-history":[{"count":3,"href":"https:\/\/aceweb.cat\/es\/wp-json\/wp\/v2\/product\/44829\/revisions"}],"predecessor-version":[{"id":44873,"href":"https:\/\/aceweb.cat\/es\/wp-json\/wp\/v2\/product\/44829\/revisions\/44873"}],"wp:featuredmedia":[{"embeddable":true,"href":"https:\/\/aceweb.cat\/es\/wp-json\/wp\/v2\/media\/44741"}],"wp:attachment":[{"href":"https:\/\/aceweb.cat\/es\/wp-json\/wp\/v2\/media?parent=44829"}],"wp:term":[{"taxonomy":"product_brand","embeddable":true,"href":"https:\/\/aceweb.cat\/es\/wp-json\/wp\/v2\/product_brand?post=44829"},{"taxonomy":"product_cat","embeddable":true,"href":"https:\/\/aceweb.cat\/es\/wp-json\/wp\/v2\/product_cat?post=44829"},{"taxonomy":"product_tag","embeddable":true,"href":"https:\/\/aceweb.cat\/es\/wp-json\/wp\/v2\/product_tag?post=44829"}],"curies":[{"name":"wp","href":"https:\/\/api.w.org\/{rel}","templated":true}]}}