{"id":45017,"date":"2024-07-23T09:29:51","date_gmt":"2024-07-23T09:29:51","guid":{"rendered":"https:\/\/aceweb.cat\/?post_type=product&#038;p=45017"},"modified":"2024-07-29T18:36:18","modified_gmt":"2024-07-29T18:36:18","slug":"curso-sostenibilidad-en-las-estructuras","status":"publish","type":"product","link":"https:\/\/aceweb.cat\/es\/producto\/curso-sostenibilidad-en-las-estructuras\/","title":{"rendered":"Curso de sostenibilidad en las estructuras"},"content":{"rendered":"<p>El paradigma del dise\u00f1o estructural est\u00e1 destinado a cambiar r\u00e1pidamente. Para la concepci\u00f3n de una estructura cada vez se valora m\u00e1s realizar una esmerada evaluaci\u00f3n de su sostenibilidad y adaptar su dise\u00f1o para tener en cuenta los impactos ambientales asociados. Varios organismos oficiales imponen ya la realizaci\u00f3n de an\u00e1lisis de ciclo de vida en sus licitaciones y limitan la cantidad de CO<sub>2<\/sub> que puede emitir la construcci\u00f3n de las obras que encargan, y estos topes al carbono embebido en las construcciones ya son obligatorios en pa\u00edses como Francia para cualquier edificio, p\u00fablico o privado.<\/p>\n<p>&nbsp;<\/p>\n<p>&nbsp;<\/p>\n<h4><strong><u>OBJECTIVOS<\/u><\/strong><\/h4>\n<p>La\u00a0ACE ofrece este curso de sostenibilidad dirigido espec\u00edficamente a consultores de estructuras para que no te quedes atr\u00e1s. En \u00e9l se expondr\u00e1 el marco general de la sostenibilidad en edificaci\u00f3n, se detallar\u00e1n los impactos y planteamientos de futuro de los principales materiales estructurales y se analizar\u00e1n los m\u00e9todos y estrategias que nos permitir\u00e1n dise\u00f1ar estructuras m\u00e1s sostenibles.<\/p>\n<p>&nbsp;<\/p>\n<h4>A parte del pago, no\u00a0 olvides hacer la inscripci\u00f3n en:<\/h4>\n<div class=\"wp-block-button\"><a class=\"wp-block-button__link has-text-align-left wp-element-button\" href=\"https:\/\/forms.gle\/7XXh2G6bYennwyfr8\" target=\"_blank\" rel=\"noreferrer noopener\"><strong><mark class=\"has-inline-color has-ast-global-color-1-color\" style=\"background-color: rgba(0, 0, 0, 0);\">Formulario de inscripci\u00f3n<\/mark><\/strong><\/a><\/div>\n<p>&nbsp;<\/p>\n<h4>M\u00e1s informaci\u00f3n:<\/h4>\n<div class=\"wp-block-button\"><a class=\"wp-block-button__link has-text-align-left wp-element-button\" href=\"https:\/\/aceweb.cat\/es\/formacio\/cursos\/curso-sostenibilidad-de-las-estructuras-ace\/\" target=\"_blank\" rel=\"noreferrer noopener\"><strong><mark class=\"has-inline-color has-ast-global-color-1-color\" style=\"background-color: rgba(0, 0, 0, 0);\">Informaci\u00f3n<\/mark><\/strong><\/a><\/div>\n","protected":false},"excerpt":{"rendered":"<p>En este curso\u00a0 se expondr\u00e1 el marco general de la sostenibilidad en edificaci\u00f3n, se detallar\u00e1n los impactos y planteamientos de futuro de los principales materiales estructurales y se analizar\u00e1n los m\u00e9todos y estrategias que nos permitir\u00e1n dise\u00f1ar estructuras m\u00e1s sostenibles.<\/p>\n","protected":false},"featured_media":45005,"template":"","meta":{"_acf_changed":false,"site-sidebar-layout":"default","site-content-layout":"default","ast-global-header-display":"","ast-main-header-display":"","ast-hfb-above-header-display":"","ast-hfb-below-header-display":"","ast-hfb-mobile-header-display":"","site-post-title":"","ast-breadcrumbs-content":"","ast-featured-img":"","footer-sml-layout":"","theme-transparent-header-meta":"default","adv-header-id-meta":"","stick-header-meta":"","header-above-stick-meta":"","header-main-stick-meta":"","header-below-stick-meta":""},"product_brand":[],"product_cat":[1470],"product_tag":[],"class_list":{"0":"post-45017","1":"product","2":"type-product","3":"status-publish","4":"has-post-thumbnail","6":"product_cat-jornadas-cursos","7":"desktop-align-left","8":"tablet-align-left","9":"mobile-align-left","11":"first","12":"instock","13":"virtual","14":"purchasable","15":"product-type-simple"},"acf":[],"yoast_head":"<!-- This site is optimized with the Yoast SEO plugin v27.1.1 - https:\/\/yoast.com\/product\/yoast-seo-wordpress\/ -->\n<title>Curso de sostenibilidad en las estructuras | ACE<\/title>\n<meta name=\"description\" content=\"En este curso se expondr\u00e1 el marco general de la sostenibilidad en edificaci\u00f3n, se detallar\u00e1n los impactos y planteamientos de futuro de los principales materiales estructurales y se analizar\u00e1n los m\u00e9todos y estrategias que nos permitir\u00e1n dise\u00f1ar estructuras m\u00e1s sostenibles\" \/>\n<meta name=\"robots\" content=\"index, follow, max-snippet:-1, max-image-preview:large, max-video-preview:-1\" \/>\n<link rel=\"canonical\" href=\"https:\/\/aceweb.cat\/es\/producto\/curso-sostenibilidad-en-las-estructuras\/\" \/>\n<meta property=\"og:locale\" content=\"es_ES\" \/>\n<meta property=\"og:type\" content=\"article\" \/>\n<meta property=\"og:title\" content=\"Curso de sostenibilidad en las estructuras | ACE\" \/>\n<meta property=\"og:description\" content=\"En este curso se expondr\u00e1 el marco general de la sostenibilidad en edificaci\u00f3n, se detallar\u00e1n los impactos y planteamientos de futuro de los principales materiales estructurales y se analizar\u00e1n los m\u00e9todos y estrategias que nos permitir\u00e1n dise\u00f1ar estructuras m\u00e1s sostenibles\" \/>\n<meta property=\"og:url\" content=\"https:\/\/aceweb.cat\/es\/producto\/curso-sostenibilidad-en-las-estructuras\/\" \/>\n<meta property=\"og:site_name\" content=\"aceweb.cat\" \/>\n<meta property=\"article:modified_time\" content=\"2024-07-29T18:36:18+00:00\" \/>\n<meta property=\"og:image\" content=\"https:\/\/aceweb.cat\/wp-content\/uploads\/2024\/07\/2-1024x1024.png\" \/>\n\t<meta property=\"og:image:width\" content=\"1024\" \/>\n\t<meta property=\"og:image:height\" content=\"1024\" \/>\n\t<meta property=\"og:image:type\" content=\"image\/png\" \/>\n<meta name=\"twitter:card\" content=\"summary_large_image\" \/>\n<meta name=\"twitter:label1\" content=\"Tiempo de lectura\" \/>\n\t<meta name=\"twitter:data1\" content=\"2 minutos\" \/>\n<script type=\"application\/ld+json\" class=\"yoast-schema-graph\">{\"@context\":\"https:\/\/schema.org\",\"@graph\":[{\"@type\":\"WebPage\",\"@id\":\"https:\/\/aceweb.cat\/es\/producto\/curso-sostenibilidad-en-las-estructuras\/\",\"url\":\"https:\/\/aceweb.cat\/es\/producto\/curso-sostenibilidad-en-las-estructuras\/\",\"name\":\"Curso de sostenibilidad en las estructuras | ACE\",\"isPartOf\":{\"@id\":\"https:\/\/aceweb.cat\/#website\"},\"primaryImageOfPage\":{\"@id\":\"https:\/\/aceweb.cat\/es\/producto\/curso-sostenibilidad-en-las-estructuras\/#primaryimage\"},\"image\":{\"@id\":\"https:\/\/aceweb.cat\/es\/producto\/curso-sostenibilidad-en-las-estructuras\/#primaryimage\"},\"thumbnailUrl\":\"https:\/\/aceweb.cat\/wp-content\/uploads\/2024\/07\/2.png\",\"datePublished\":\"2024-07-23T09:29:51+00:00\",\"dateModified\":\"2024-07-29T18:36:18+00:00\",\"description\":\"En este curso se expondr\u00e1 el marco general de la sostenibilidad en edificaci\u00f3n, se detallar\u00e1n los impactos y planteamientos de futuro de los principales materiales estructurales y se analizar\u00e1n los m\u00e9todos y estrategias que nos permitir\u00e1n dise\u00f1ar estructuras m\u00e1s sostenibles\",\"breadcrumb\":{\"@id\":\"https:\/\/aceweb.cat\/es\/producto\/curso-sostenibilidad-en-las-estructuras\/#breadcrumb\"},\"inLanguage\":\"es\",\"potentialAction\":[{\"@type\":\"ReadAction\",\"target\":[\"https:\/\/aceweb.cat\/es\/producto\/curso-sostenibilidad-en-las-estructuras\/\"]}]},{\"@type\":\"ImageObject\",\"inLanguage\":\"es\",\"@id\":\"https:\/\/aceweb.cat\/es\/producto\/curso-sostenibilidad-en-las-estructuras\/#primaryimage\",\"url\":\"https:\/\/aceweb.cat\/wp-content\/uploads\/2024\/07\/2.png\",\"contentUrl\":\"https:\/\/aceweb.cat\/wp-content\/uploads\/2024\/07\/2.png\",\"width\":1080,\"height\":1080},{\"@type\":\"BreadcrumbList\",\"@id\":\"https:\/\/aceweb.cat\/es\/producto\/curso-sostenibilidad-en-las-estructuras\/#breadcrumb\",\"itemListElement\":[{\"@type\":\"ListItem\",\"position\":1,\"name\":\"Inici\",\"item\":\"https:\/\/aceweb.cat\/\"},{\"@type\":\"ListItem\",\"position\":2,\"name\":\"Tienda\",\"item\":\"https:\/\/aceweb.cat\/es\/tienda\/\"},{\"@type\":\"ListItem\",\"position\":3,\"name\":\"Jornadas-Cursos\",\"item\":\"https:\/\/aceweb.cat\/es\/categoria-producto\/jornadas-cursos\/\"},{\"@type\":\"ListItem\",\"position\":4,\"name\":\"Curso de sostenibilidad en las estructuras\"}]},{\"@type\":\"WebSite\",\"@id\":\"https:\/\/aceweb.cat\/#website\",\"url\":\"https:\/\/aceweb.cat\/\",\"name\":\"ACE\",\"description\":\"Associaci\u00f3 de Consultors d&#039;Estructures | ACE\",\"publisher\":{\"@id\":\"https:\/\/aceweb.cat\/#organization\"},\"alternateName\":\"ACE\",\"potentialAction\":[{\"@type\":\"SearchAction\",\"target\":{\"@type\":\"EntryPoint\",\"urlTemplate\":\"https:\/\/aceweb.cat\/?s={search_term_string}\"},\"query-input\":{\"@type\":\"PropertyValueSpecification\",\"valueRequired\":true,\"valueName\":\"search_term_string\"}}],\"inLanguage\":\"es\"},{\"@type\":\"Organization\",\"@id\":\"https:\/\/aceweb.cat\/#organization\",\"name\":\"ACE\",\"alternateName\":\"ACE\",\"url\":\"https:\/\/aceweb.cat\/\",\"logo\":{\"@type\":\"ImageObject\",\"inLanguage\":\"es\",\"@id\":\"https:\/\/aceweb.cat\/#\/schema\/logo\/image\/\",\"url\":\"https:\/\/aceweb.cat\/wp-content\/uploads\/2022\/10\/logo.svg\",\"contentUrl\":\"https:\/\/aceweb.cat\/wp-content\/uploads\/2022\/10\/logo.svg\",\"width\":1,\"height\":1,\"caption\":\"ACE\"},\"image\":{\"@id\":\"https:\/\/aceweb.cat\/#\/schema\/logo\/image\/\"}}]}<\/script>\n<!-- \/ Yoast SEO plugin. -->","yoast_head_json":{"title":"Curso de sostenibilidad en las estructuras | ACE","description":"En este curso se expondr\u00e1 el marco general de la sostenibilidad en edificaci\u00f3n, se detallar\u00e1n los impactos y planteamientos de futuro de los principales materiales estructurales y se analizar\u00e1n los m\u00e9todos y estrategias que nos permitir\u00e1n dise\u00f1ar estructuras m\u00e1s sostenibles","robots":{"index":"index","follow":"follow","max-snippet":"max-snippet:-1","max-image-preview":"max-image-preview:large","max-video-preview":"max-video-preview:-1"},"canonical":"https:\/\/aceweb.cat\/es\/producto\/curso-sostenibilidad-en-las-estructuras\/","og_locale":"es_ES","og_type":"article","og_title":"Curso de sostenibilidad en las estructuras | ACE","og_description":"En este curso se expondr\u00e1 el marco general de la sostenibilidad en edificaci\u00f3n, se detallar\u00e1n los impactos y planteamientos de futuro de los principales materiales estructurales y se analizar\u00e1n los m\u00e9todos y estrategias que nos permitir\u00e1n dise\u00f1ar estructuras m\u00e1s sostenibles","og_url":"https:\/\/aceweb.cat\/es\/producto\/curso-sostenibilidad-en-las-estructuras\/","og_site_name":"aceweb.cat","article_modified_time":"2024-07-29T18:36:18+00:00","og_image":[{"width":1024,"height":1024,"url":"https:\/\/aceweb.cat\/wp-content\/uploads\/2024\/07\/2-1024x1024.png","type":"image\/png"}],"twitter_card":"summary_large_image","twitter_misc":{"Tiempo de lectura":"2 minutos"},"schema":{"@context":"https:\/\/schema.org","@graph":[{"@type":"WebPage","@id":"https:\/\/aceweb.cat\/es\/producto\/curso-sostenibilidad-en-las-estructuras\/","url":"https:\/\/aceweb.cat\/es\/producto\/curso-sostenibilidad-en-las-estructuras\/","name":"Curso de sostenibilidad en las estructuras | ACE","isPartOf":{"@id":"https:\/\/aceweb.cat\/#website"},"primaryImageOfPage":{"@id":"https:\/\/aceweb.cat\/es\/producto\/curso-sostenibilidad-en-las-estructuras\/#primaryimage"},"image":{"@id":"https:\/\/aceweb.cat\/es\/producto\/curso-sostenibilidad-en-las-estructuras\/#primaryimage"},"thumbnailUrl":"https:\/\/aceweb.cat\/wp-content\/uploads\/2024\/07\/2.png","datePublished":"2024-07-23T09:29:51+00:00","dateModified":"2024-07-29T18:36:18+00:00","description":"En este curso se expondr\u00e1 el marco general de la sostenibilidad en edificaci\u00f3n, se detallar\u00e1n los impactos y planteamientos de futuro de los principales materiales estructurales y se analizar\u00e1n los m\u00e9todos y estrategias que nos permitir\u00e1n dise\u00f1ar estructuras m\u00e1s sostenibles","breadcrumb":{"@id":"https:\/\/aceweb.cat\/es\/producto\/curso-sostenibilidad-en-las-estructuras\/#breadcrumb"},"inLanguage":"es","potentialAction":[{"@type":"ReadAction","target":["https:\/\/aceweb.cat\/es\/producto\/curso-sostenibilidad-en-las-estructuras\/"]}]},{"@type":"ImageObject","inLanguage":"es","@id":"https:\/\/aceweb.cat\/es\/producto\/curso-sostenibilidad-en-las-estructuras\/#primaryimage","url":"https:\/\/aceweb.cat\/wp-content\/uploads\/2024\/07\/2.png","contentUrl":"https:\/\/aceweb.cat\/wp-content\/uploads\/2024\/07\/2.png","width":1080,"height":1080},{"@type":"BreadcrumbList","@id":"https:\/\/aceweb.cat\/es\/producto\/curso-sostenibilidad-en-las-estructuras\/#breadcrumb","itemListElement":[{"@type":"ListItem","position":1,"name":"Inici","item":"https:\/\/aceweb.cat\/"},{"@type":"ListItem","position":2,"name":"Tienda","item":"https:\/\/aceweb.cat\/es\/tienda\/"},{"@type":"ListItem","position":3,"name":"Jornadas-Cursos","item":"https:\/\/aceweb.cat\/es\/categoria-producto\/jornadas-cursos\/"},{"@type":"ListItem","position":4,"name":"Curso de sostenibilidad en las estructuras"}]},{"@type":"WebSite","@id":"https:\/\/aceweb.cat\/#website","url":"https:\/\/aceweb.cat\/","name":"ACE","description":"Associaci\u00f3 de Consultors d&#039;Estructures | ACE","publisher":{"@id":"https:\/\/aceweb.cat\/#organization"},"alternateName":"ACE","potentialAction":[{"@type":"SearchAction","target":{"@type":"EntryPoint","urlTemplate":"https:\/\/aceweb.cat\/?s={search_term_string}"},"query-input":{"@type":"PropertyValueSpecification","valueRequired":true,"valueName":"search_term_string"}}],"inLanguage":"es"},{"@type":"Organization","@id":"https:\/\/aceweb.cat\/#organization","name":"ACE","alternateName":"ACE","url":"https:\/\/aceweb.cat\/","logo":{"@type":"ImageObject","inLanguage":"es","@id":"https:\/\/aceweb.cat\/#\/schema\/logo\/image\/","url":"https:\/\/aceweb.cat\/wp-content\/uploads\/2022\/10\/logo.svg","contentUrl":"https:\/\/aceweb.cat\/wp-content\/uploads\/2022\/10\/logo.svg","width":1,"height":1,"caption":"ACE"},"image":{"@id":"https:\/\/aceweb.cat\/#\/schema\/logo\/image\/"}}]}},"_links":{"self":[{"href":"https:\/\/aceweb.cat\/es\/wp-json\/wp\/v2\/product\/45017","targetHints":{"allow":["GET"]}}],"collection":[{"href":"https:\/\/aceweb.cat\/es\/wp-json\/wp\/v2\/product"}],"about":[{"href":"https:\/\/aceweb.cat\/es\/wp-json\/wp\/v2\/types\/product"}],"version-history":[{"count":5,"href":"https:\/\/aceweb.cat\/es\/wp-json\/wp\/v2\/product\/45017\/revisions"}],"predecessor-version":[{"id":45060,"href":"https:\/\/aceweb.cat\/es\/wp-json\/wp\/v2\/product\/45017\/revisions\/45060"}],"wp:featuredmedia":[{"embeddable":true,"href":"https:\/\/aceweb.cat\/es\/wp-json\/wp\/v2\/media\/45005"}],"wp:attachment":[{"href":"https:\/\/aceweb.cat\/es\/wp-json\/wp\/v2\/media?parent=45017"}],"wp:term":[{"taxonomy":"product_brand","embeddable":true,"href":"https:\/\/aceweb.cat\/es\/wp-json\/wp\/v2\/product_brand?post=45017"},{"taxonomy":"product_cat","embeddable":true,"href":"https:\/\/aceweb.cat\/es\/wp-json\/wp\/v2\/product_cat?post=45017"},{"taxonomy":"product_tag","embeddable":true,"href":"https:\/\/aceweb.cat\/es\/wp-json\/wp\/v2\/product_tag?post=45017"}],"curies":[{"name":"wp","href":"https:\/\/api.w.org\/{rel}","templated":true}]}}