{"id":45150,"date":"2024-08-28T07:55:09","date_gmt":"2024-08-28T07:55:09","guid":{"rendered":"https:\/\/aceweb.cat\/?post_type=product&#038;p=45150"},"modified":"2025-09-16T14:35:22","modified_gmt":"2025-09-16T14:35:22","slug":"quaderns-destructures-81","status":"publish","type":"product","link":"https:\/\/aceweb.cat\/es\/producto\/quaderns-destructures-81\/","title":{"rendered":"Quaderns d&#8217;Estructures 81"},"content":{"rendered":"<p>Este n\u00famero incluye:<\/p>\n<h2><strong>1. Editorial<\/strong><\/h2>\n<p>Articulo redactado por <strong>Gemma Mu\u00f1oz<\/strong>. Descarga la revista para conocer el futuro de la formaci\u00f3n:<br \/>\n\u00abLa formaci\u00f3n es como una pareja estable, la quieres con locura, pero a veces te hace hervir la sangre. Por esta raz\u00f3n, principalmente lo que debemos conseguir es transmitir esta adoraci\u00f3n, que los alumnos lo perciban y as\u00ed profundicen en el contenido m\u00e1s intensamente.\u00bb<\/p>\n<h2>2. Sismo en elementos no estructurales. Primera parte.<\/h2>\n<p>Articulo redactado por <strong>Alfredo Arnedo Cano<\/strong>. Descarga la revista para conocer la importancia de los elementos que no forman parte de la estructura en caso de sismo:<br \/>\n\u00abLos elementos que no forman parte de la estructura de un edificio (NSC) son muy importantes para la seguridad de las personas en caso de sismo.<br \/>\nAqu\u00ed se trata el conjunto de medios para evaluar las acciones s\u00edsmicas en componentes no estructurales y se describe brevemente la metodolog\u00eda para su soportaci\u00f3n, fijaci\u00f3n y anclaje.<br \/>\nComo en otros aspectos de seguridad de las construcciones (estabilidad, resistencia al fuego, etc.) siempre hay una serie de objetivos a satisfacer<em>.<\/em>\u00bb<\/p>\n<h2>3.\u00a0 Sistema pretensdo de laminados de fibra de carbono S&amp;P.<\/h2>\n<p>Articulo redactado por <strong>Iv\u00e1n Carrace<\/strong><span style=\"font-size: 16px;\">. Descarga la revista para conocer el sistema de pretensado con laminados de carbono de S&amp;P:<\/span><\/p>\n<p>\u00abEl pretensado con laminados de carbono S&amp;P C &#8211; Laminate tiene una influencia muy positiva en el comportamiento de una estructura reforzada de hormig\u00f3n armado. Combina las ventajas del refuerzo con los laminados convencionales S&amp;P C &#8211; Laminate EBR (pegados externamente) y los pretensados convencionales.<br \/>\nEl sistema consiste en aplicar en el laminado una fuerza de tesado mediante un gato hidr\u00e1ulico, de forma que se aplicar\u00e1n esfuerzos de compresi\u00f3n en la zona de tracci\u00f3n de la secci\u00f3n transversal del elemento de hormig\u00f3n armado, reduciendo los esfuerzos de tracci\u00f3n en las armaduras de acero bajo cargas en servicio, y reduciendo la deflexi\u00f3n y formaci\u00f3n de grietas.\u00bb<\/p>\n<h2>4. El uso de la b\u00f3veda cer\u00e1mica para contener tierras: Una soluci\u00f3n sostenible.<\/h2>\n<p>Articulo redactado por <strong>Robert Brufau<\/strong>. Descarga la revista para conocer la conferencia\u00a0 que pronunci\u00f3 en octubre del 2022 en la f\u00e1brica Asland, en la obra que Guastavino construy\u00f3 en Castellar de n\u2019Hug:<br \/>\n\u00abComienzo explicando unos conceptos b\u00e1sicos para entender lo que expondr\u00e9 en esta sesi\u00f3n.<br \/>\n<strong>Trabajar por la forma<\/strong><br \/>\nEs una de las maneras m\u00e1s sostenibles para hacer arquitectura, ya que se minimiza la cantidad de material a emplear. Se basa en el trabajo puro de los elementos a esfuerzos axiales, de tracci\u00f3n o de compresi\u00f3n, minimizando el trabajo a esfuerzos flectores y cortantes.<br \/>\n<strong>Las catenarias y los pol\u00edgonos funiculares. Su inversi\u00f3n<\/strong><br \/>\nSe trata de un m\u00e9todo para conseguir esfuerzos axiales puros de compresi\u00f3n. Si nosotros suspendemos una cadena formada por un continuo de peque\u00f1os anillos consecutivos, solo habr\u00e1 una forma posible. Es la que dispondr\u00eda cada peque\u00f1a pieza de manera que se encadenasen esfuerzos axiales puros de tracci\u00f3n entre ellas.\u00bb<\/p>\n<h2>5. La descarbonizaci\u00f3n de la estructura.<\/h2>\n<p>Articulo redactado por\u00a0 <strong>Oriol Par\u00eds Viviana<\/strong>. Descarga la revista para conocer una visi\u00f3n transversal de algunas estrategias para descarbonizar las estructuras:<br \/>\n\u00abSeg\u00fan datos de la Comisi\u00f3n Europea, el sector de la edificaci\u00f3n en Europa es responsable de 1\/2 de todos los materiales extra\u00eddos, 1\/2 del consumo total de energ\u00eda, 1\/3 del consumo de agua y\u00a0 1\/3 de la generaci\u00f3n de residuos, con los consecuentes impactos ambientales que se derivan.<br \/>\nDesde hace unos a\u00f1os estos datos preocupantes del sector, que tienen implicaciones a escala planetaria, se ven reflejadas en las diferentes directivas europeas que obliguen\u00a0 los pa\u00edses a redactar normativas para mejorar el comportamiento ambiental de los edificios<em>.<\/em>\u00bb<\/p>\n<h2>6. <strong>Lista de miembros de la Asociaci\u00f3n\u00a0<\/strong><\/h2>\n<p>Conoce los miembros de la Associaci\u00f3 de Consultors d&#8217;Estructures. Podr\u00e1s ver los nuevos integrantes que participan para reconocimiento de la profesi\u00f3n en el mundo de la construcci\u00f3n.<\/p>\n","protected":false},"excerpt":{"rendered":"<ul>\n<li>1. Editorial<\/li>\n<li>2. Sismo en elementos no estructurales. Primera parte.<\/li>\n<li>3. Sistema pretensado de laminados de fibra de carbono S&amp;P<\/li>\n<li>4. El uso de la \u00abvolta\u00bb cer\u00e1mica para contener tierras. Una soluci\u00f3n muy sostenible<\/li>\n<li>5. La descarbonizaci\u00f3n de la estructura<\/li>\n<li>6. Lista de miembros de la asociaci\u00f3n<\/li>\n<\/ul>\n","protected":false},"featured_media":45159,"template":"","meta":{"_acf_changed":false,"site-sidebar-layout":"default","site-content-layout":"default","ast-global-header-display":"","ast-main-header-display":"","ast-hfb-above-header-display":"","ast-hfb-below-header-display":"","ast-hfb-mobile-header-display":"","site-post-title":"","ast-breadcrumbs-content":"","ast-featured-img":"","footer-sml-layout":"","theme-transparent-header-meta":"default","adv-header-id-meta":"","stick-header-meta":"","header-above-stick-meta":"","header-main-stick-meta":"","header-below-stick-meta":""},"product_brand":[],"product_cat":[595],"product_tag":[],"class_list":{"0":"post-45150","1":"product","2":"type-product","3":"status-publish","4":"has-post-thumbnail","6":"product_cat-cuaderno-de-estructuras","7":"desktop-align-left","8":"tablet-align-left","9":"mobile-align-left","11":"first","12":"instock","13":"taxable","14":"shipping-taxable","15":"purchasable","16":"product-type-variable"},"acf":[],"yoast_head":"<!-- This site is optimized with the Yoast SEO plugin v27.1.1 - https:\/\/yoast.com\/product\/yoast-seo-wordpress\/ -->\n<title>Quaderns d&#039;Estructures 81 | ACE<\/title>\n<meta name=\"description\" content=\"Revista n\u00ba 81 con art\u00edculos de actualidad que tratan sobre la construcci\u00f3n de estructuras y que publica la Asociaci\u00f3n de Consultores de Estructuras (ACE).\" \/>\n<meta name=\"robots\" content=\"index, follow, max-snippet:-1, max-image-preview:large, max-video-preview:-1\" \/>\n<link rel=\"canonical\" href=\"https:\/\/aceweb.cat\/es\/producto\/quaderns-destructures-81\/\" \/>\n<meta property=\"og:locale\" content=\"es_ES\" \/>\n<meta property=\"og:type\" content=\"article\" \/>\n<meta property=\"og:title\" content=\"Quaderns d&#039;Estructures 81 | ACE\" \/>\n<meta property=\"og:description\" content=\"Revista n\u00ba 81 con art\u00edculos de actualidad que tratan sobre la construcci\u00f3n de estructuras y que publica la Asociaci\u00f3n de Consultores de Estructuras (ACE).\" \/>\n<meta property=\"og:url\" content=\"https:\/\/aceweb.cat\/es\/producto\/quaderns-destructures-81\/\" \/>\n<meta property=\"og:site_name\" content=\"aceweb.cat\" \/>\n<meta property=\"article:modified_time\" content=\"2025-09-16T14:35:22+00:00\" \/>\n<meta property=\"og:image\" content=\"https:\/\/aceweb.cat\/wp-content\/uploads\/2024\/08\/portada_qe81-e1725386987521.jpg\" \/>\n\t<meta property=\"og:image:width\" content=\"1241\" \/>\n\t<meta property=\"og:image:height\" content=\"1755\" \/>\n\t<meta property=\"og:image:type\" content=\"image\/jpeg\" \/>\n<meta name=\"twitter:card\" content=\"summary_large_image\" \/>\n<meta name=\"twitter:label1\" content=\"Tiempo de lectura\" \/>\n\t<meta name=\"twitter:data1\" content=\"4 minutos\" \/>\n<script type=\"application\/ld+json\" class=\"yoast-schema-graph\">{\"@context\":\"https:\/\/schema.org\",\"@graph\":[{\"@type\":\"WebPage\",\"@id\":\"https:\/\/aceweb.cat\/es\/producto\/quaderns-destructures-81\/\",\"url\":\"https:\/\/aceweb.cat\/es\/producto\/quaderns-destructures-81\/\",\"name\":\"Quaderns d'Estructures 81 | ACE\",\"isPartOf\":{\"@id\":\"https:\/\/aceweb.cat\/#website\"},\"primaryImageOfPage\":{\"@id\":\"https:\/\/aceweb.cat\/es\/producto\/quaderns-destructures-81\/#primaryimage\"},\"image\":{\"@id\":\"https:\/\/aceweb.cat\/es\/producto\/quaderns-destructures-81\/#primaryimage\"},\"thumbnailUrl\":\"https:\/\/aceweb.cat\/wp-content\/uploads\/2024\/08\/portada_qe81-e1725386987521.jpg\",\"datePublished\":\"2024-08-28T07:55:09+00:00\",\"dateModified\":\"2025-09-16T14:35:22+00:00\",\"description\":\"Revista n\u00ba 81 con art\u00edculos de actualidad que tratan sobre la construcci\u00f3n de estructuras y que publica la Asociaci\u00f3n de Consultores de Estructuras (ACE).\",\"breadcrumb\":{\"@id\":\"https:\/\/aceweb.cat\/es\/producto\/quaderns-destructures-81\/#breadcrumb\"},\"inLanguage\":\"es\",\"potentialAction\":[{\"@type\":\"ReadAction\",\"target\":[\"https:\/\/aceweb.cat\/es\/producto\/quaderns-destructures-81\/\"]}]},{\"@type\":\"ImageObject\",\"inLanguage\":\"es\",\"@id\":\"https:\/\/aceweb.cat\/es\/producto\/quaderns-destructures-81\/#primaryimage\",\"url\":\"https:\/\/aceweb.cat\/wp-content\/uploads\/2024\/08\/portada_qe81-e1725386987521.jpg\",\"contentUrl\":\"https:\/\/aceweb.cat\/wp-content\/uploads\/2024\/08\/portada_qe81-e1725386987521.jpg\",\"width\":1241,\"height\":1755},{\"@type\":\"BreadcrumbList\",\"@id\":\"https:\/\/aceweb.cat\/es\/producto\/quaderns-destructures-81\/#breadcrumb\",\"itemListElement\":[{\"@type\":\"ListItem\",\"position\":1,\"name\":\"Inici\",\"item\":\"https:\/\/aceweb.cat\/\"},{\"@type\":\"ListItem\",\"position\":2,\"name\":\"Tienda\",\"item\":\"https:\/\/aceweb.cat\/es\/tienda\/\"},{\"@type\":\"ListItem\",\"position\":3,\"name\":\"Quadern d\u2019Estructures\",\"item\":\"https:\/\/aceweb.cat\/es\/categoria-producto\/cuaderno-de-estructuras\/\"},{\"@type\":\"ListItem\",\"position\":4,\"name\":\"Quaderns d&#8217;Estructures 81\"}]},{\"@type\":\"WebSite\",\"@id\":\"https:\/\/aceweb.cat\/#website\",\"url\":\"https:\/\/aceweb.cat\/\",\"name\":\"ACE\",\"description\":\"Associaci\u00f3 de Consultors d&#039;Estructures | ACE\",\"publisher\":{\"@id\":\"https:\/\/aceweb.cat\/#organization\"},\"alternateName\":\"ACE\",\"potentialAction\":[{\"@type\":\"SearchAction\",\"target\":{\"@type\":\"EntryPoint\",\"urlTemplate\":\"https:\/\/aceweb.cat\/?s={search_term_string}\"},\"query-input\":{\"@type\":\"PropertyValueSpecification\",\"valueRequired\":true,\"valueName\":\"search_term_string\"}}],\"inLanguage\":\"es\"},{\"@type\":\"Organization\",\"@id\":\"https:\/\/aceweb.cat\/#organization\",\"name\":\"ACE\",\"alternateName\":\"ACE\",\"url\":\"https:\/\/aceweb.cat\/\",\"logo\":{\"@type\":\"ImageObject\",\"inLanguage\":\"es\",\"@id\":\"https:\/\/aceweb.cat\/#\/schema\/logo\/image\/\",\"url\":\"https:\/\/aceweb.cat\/wp-content\/uploads\/2022\/10\/logo.svg\",\"contentUrl\":\"https:\/\/aceweb.cat\/wp-content\/uploads\/2022\/10\/logo.svg\",\"width\":1,\"height\":1,\"caption\":\"ACE\"},\"image\":{\"@id\":\"https:\/\/aceweb.cat\/#\/schema\/logo\/image\/\"}}]}<\/script>\n<!-- \/ Yoast SEO plugin. -->","yoast_head_json":{"title":"Quaderns d'Estructures 81 | ACE","description":"Revista n\u00ba 81 con art\u00edculos de actualidad que tratan sobre la construcci\u00f3n de estructuras y que publica la Asociaci\u00f3n de Consultores de Estructuras (ACE).","robots":{"index":"index","follow":"follow","max-snippet":"max-snippet:-1","max-image-preview":"max-image-preview:large","max-video-preview":"max-video-preview:-1"},"canonical":"https:\/\/aceweb.cat\/es\/producto\/quaderns-destructures-81\/","og_locale":"es_ES","og_type":"article","og_title":"Quaderns d'Estructures 81 | ACE","og_description":"Revista n\u00ba 81 con art\u00edculos de actualidad que tratan sobre la construcci\u00f3n de estructuras y que publica la Asociaci\u00f3n de Consultores de Estructuras (ACE).","og_url":"https:\/\/aceweb.cat\/es\/producto\/quaderns-destructures-81\/","og_site_name":"aceweb.cat","article_modified_time":"2025-09-16T14:35:22+00:00","og_image":[{"width":1241,"height":1755,"url":"https:\/\/aceweb.cat\/wp-content\/uploads\/2024\/08\/portada_qe81-e1725386987521.jpg","type":"image\/jpeg"}],"twitter_card":"summary_large_image","twitter_misc":{"Tiempo de lectura":"4 minutos"},"schema":{"@context":"https:\/\/schema.org","@graph":[{"@type":"WebPage","@id":"https:\/\/aceweb.cat\/es\/producto\/quaderns-destructures-81\/","url":"https:\/\/aceweb.cat\/es\/producto\/quaderns-destructures-81\/","name":"Quaderns d'Estructures 81 | ACE","isPartOf":{"@id":"https:\/\/aceweb.cat\/#website"},"primaryImageOfPage":{"@id":"https:\/\/aceweb.cat\/es\/producto\/quaderns-destructures-81\/#primaryimage"},"image":{"@id":"https:\/\/aceweb.cat\/es\/producto\/quaderns-destructures-81\/#primaryimage"},"thumbnailUrl":"https:\/\/aceweb.cat\/wp-content\/uploads\/2024\/08\/portada_qe81-e1725386987521.jpg","datePublished":"2024-08-28T07:55:09+00:00","dateModified":"2025-09-16T14:35:22+00:00","description":"Revista n\u00ba 81 con art\u00edculos de actualidad que tratan sobre la construcci\u00f3n de estructuras y que publica la Asociaci\u00f3n de Consultores de Estructuras (ACE).","breadcrumb":{"@id":"https:\/\/aceweb.cat\/es\/producto\/quaderns-destructures-81\/#breadcrumb"},"inLanguage":"es","potentialAction":[{"@type":"ReadAction","target":["https:\/\/aceweb.cat\/es\/producto\/quaderns-destructures-81\/"]}]},{"@type":"ImageObject","inLanguage":"es","@id":"https:\/\/aceweb.cat\/es\/producto\/quaderns-destructures-81\/#primaryimage","url":"https:\/\/aceweb.cat\/wp-content\/uploads\/2024\/08\/portada_qe81-e1725386987521.jpg","contentUrl":"https:\/\/aceweb.cat\/wp-content\/uploads\/2024\/08\/portada_qe81-e1725386987521.jpg","width":1241,"height":1755},{"@type":"BreadcrumbList","@id":"https:\/\/aceweb.cat\/es\/producto\/quaderns-destructures-81\/#breadcrumb","itemListElement":[{"@type":"ListItem","position":1,"name":"Inici","item":"https:\/\/aceweb.cat\/"},{"@type":"ListItem","position":2,"name":"Tienda","item":"https:\/\/aceweb.cat\/es\/tienda\/"},{"@type":"ListItem","position":3,"name":"Quadern d\u2019Estructures","item":"https:\/\/aceweb.cat\/es\/categoria-producto\/cuaderno-de-estructuras\/"},{"@type":"ListItem","position":4,"name":"Quaderns d&#8217;Estructures 81"}]},{"@type":"WebSite","@id":"https:\/\/aceweb.cat\/#website","url":"https:\/\/aceweb.cat\/","name":"ACE","description":"Associaci\u00f3 de Consultors d&#039;Estructures | ACE","publisher":{"@id":"https:\/\/aceweb.cat\/#organization"},"alternateName":"ACE","potentialAction":[{"@type":"SearchAction","target":{"@type":"EntryPoint","urlTemplate":"https:\/\/aceweb.cat\/?s={search_term_string}"},"query-input":{"@type":"PropertyValueSpecification","valueRequired":true,"valueName":"search_term_string"}}],"inLanguage":"es"},{"@type":"Organization","@id":"https:\/\/aceweb.cat\/#organization","name":"ACE","alternateName":"ACE","url":"https:\/\/aceweb.cat\/","logo":{"@type":"ImageObject","inLanguage":"es","@id":"https:\/\/aceweb.cat\/#\/schema\/logo\/image\/","url":"https:\/\/aceweb.cat\/wp-content\/uploads\/2022\/10\/logo.svg","contentUrl":"https:\/\/aceweb.cat\/wp-content\/uploads\/2022\/10\/logo.svg","width":1,"height":1,"caption":"ACE"},"image":{"@id":"https:\/\/aceweb.cat\/#\/schema\/logo\/image\/"}}]}},"_links":{"self":[{"href":"https:\/\/aceweb.cat\/es\/wp-json\/wp\/v2\/product\/45150","targetHints":{"allow":["GET"]}}],"collection":[{"href":"https:\/\/aceweb.cat\/es\/wp-json\/wp\/v2\/product"}],"about":[{"href":"https:\/\/aceweb.cat\/es\/wp-json\/wp\/v2\/types\/product"}],"version-history":[{"count":5,"href":"https:\/\/aceweb.cat\/es\/wp-json\/wp\/v2\/product\/45150\/revisions"}],"predecessor-version":[{"id":46781,"href":"https:\/\/aceweb.cat\/es\/wp-json\/wp\/v2\/product\/45150\/revisions\/46781"}],"wp:featuredmedia":[{"embeddable":true,"href":"https:\/\/aceweb.cat\/es\/wp-json\/wp\/v2\/media\/45159"}],"wp:attachment":[{"href":"https:\/\/aceweb.cat\/es\/wp-json\/wp\/v2\/media?parent=45150"}],"wp:term":[{"taxonomy":"product_brand","embeddable":true,"href":"https:\/\/aceweb.cat\/es\/wp-json\/wp\/v2\/product_brand?post=45150"},{"taxonomy":"product_cat","embeddable":true,"href":"https:\/\/aceweb.cat\/es\/wp-json\/wp\/v2\/product_cat?post=45150"},{"taxonomy":"product_tag","embeddable":true,"href":"https:\/\/aceweb.cat\/es\/wp-json\/wp\/v2\/product_tag?post=45150"}],"curies":[{"name":"wp","href":"https:\/\/api.w.org\/{rel}","templated":true}]}}