{"id":45497,"date":"2024-11-27T11:14:02","date_gmt":"2024-11-27T11:14:02","guid":{"rendered":"https:\/\/aceweb.cat\/?post_type=product&#038;p=45497"},"modified":"2024-12-09T13:46:47","modified_gmt":"2024-12-09T13:46:47","slug":"quaderns-destructures-82","status":"publish","type":"product","link":"https:\/\/aceweb.cat\/es\/producto\/quaderns-destructures-82\/","title":{"rendered":"Quaderns d&#8217;Estructures 82"},"content":{"rendered":"<p>Este n\u00famero incluye:<\/p>\n<h2><strong>1. Editorial<\/strong><\/h2>\n<p>Articulo redactado por <strong>Xavier Falguera<\/strong>. Descarga la revista para conocer la comisi\u00f3n de control de la ACE:<br \/>\n\u00ab<em>Est\u00e1 formada por asociados que, de forma voluntaria, nos reunimos peri\u00f3dicamente en la sede de la ACE para<\/em><br \/>\n<em>revisar los proyectos que hemos incluido previamente en un orden del d\u00eda.<\/em><br \/>\n<em>Hacemos un trabajo muy importante porque el control de calidad es uno de los pilares de nuestra asociaci\u00f3n,<\/em><br \/>\n<em>y es algo que es especialmente valorado por otras entidades o asociacione<\/em>s.\u00bb<\/p>\n<h2>2. Sismo en elementos no estructurales. 2\u00aa parte.<\/h2>\n<p>Articulo redactado por <strong>Alfredo Arnedo Cano<\/strong>. Descarga la revista para conocer la importancia de los elementos que no forman parte de la estructura en caso de sismo:<br \/>\n\u00ab<em>Los denominados espectros de piso (\u00abfloor response spectra\u00bb FRS) son espectros que ilustran la respuesta de un oscilador simple situado en un forjado determinado de un edificio. Se trata de determinar la respuesta para un equipo particular.<\/em><br \/>\n<em>A partir de una falla, el sismo alcanza la base de un edificio, lo somete a un acelerograma dado que a su vez se va convirtiendo en otros particulares de cada piso<\/em>.\u00bb<\/p>\n<h2>3.\u00a0 Incremento de la durabilidad en el hormig\u00f3n armado mediante acciones preventivas y correctivas.<\/h2>\n<p>Articulo redactado por <strong>Juan Pablo Gonz\u00e1lez Garc\u00eda<\/strong><span style=\"font-size: 16px;\">. Descarga la revista para conocer la importancia del incremento de la durabilidad en las estructuras de hormig\u00f3n armado:<\/span><\/p>\n<p>\u00ab<em>La durabilidad referida al hormig\u00f3n armado es la capacidad que tiene el material para soportar los ataques f\u00edsicos y qu\u00edmicos a lo largo de su vida \u00fatil y llegar al final de esta con un coeficiente de seguridad que pueda<\/em><br \/>\n<em>considerarse aceptable para el uso y la clase de exposici\u00f3n para los que se proyect\u00f3. Es un tema de vital importancia en el articulado de las nuevas normativas de \u00e1mbito estructural (C\u00f3digo Estructural), ya que se persigue prolongar al m\u00e1ximo la vida \u00fatil de las estructuras con la premisa de que resulta m\u00e1s sostenible y econ\u00f3mico reparar e incrementar la protecci\u00f3n de las estructuras existentes para aumentar su vida \u00fatil, que demolerlas y construirlas de nuevo al concluir su vida \u00fatil.<\/em>\u00bb<\/p>\n<h2>4. Dise\u00f1o eficiente de encepados.<\/h2>\n<p>Articulo redactado por <strong>Petra Topinkova e Hip\u00f3lito Ortiz<\/strong>. Descarga la revista para conocer el dise\u00f1o de un encepado con diversas opciones disponibles para conseguir soluciones estructurales eficientes y seguras:<br \/>\n\u00ab<em>\u00bfQU\u00c9 ES UN ENCEPADO?\u00a0<\/em><br \/>\n<em>Un encepado es una losa de hormig\u00f3n ampliamente empleada en cimientos de edificaciones, puentes, estructuras marinas y otras infraestructuras pesadas, especialmente cuando las condiciones del terreno no son<\/em><br \/>\n<em>adecuadas para cimientos superficiales. El objetivo principal es repartir las cargas de la superestructura entre los pilotes, los cuales transfieren dichas cargas a las capas m\u00e1s profundas y estables del suelo o roca<\/em>.\u00bb<\/p>\n<h2>5. Divisi\u00f3n de edificio residencial existente con nueva junta de dilataci\u00f3n.<\/h2>\n<p>Articulo redactado por\u00a0 <strong>Laure\u00e0 Mir\u00f3 Bretos<\/strong>. Descarga la revista para conocer la experiencia profesional de inter\u00e9s:<br \/>\n\u00ab<em>Todo empieza en marzo de 2021, cuando se me solicita inspeccionar un conjunto residencial de cinco escaleras de vecinos ubicado en Blanes (Girona). La edificaci\u00f3n tienes dos alas dispuestas en forma de V, con dos escaleras de vecinos por ala y la quinta situado en el v\u00e9rtice. La construcci\u00f3n, de mediados de los a\u00f1os setenta, presenta una estructura t\u00edpica de la \u00e9poca, cuando todav\u00eda era costumbre construir con paredes de f\u00e1brica portantes, pero ya exist\u00eda presi\u00f3n para obtener plantas bajas y s\u00f3tanos di\u00e1fanos&#8230;<\/em>\u00bb<\/p>\n<h2>6. <strong>Lista de miembros de la Asociaci\u00f3n\u00a0<\/strong><\/h2>\n<p>Conoce los miembros de la Associaci\u00f3 de Consultors d&#8217;Estructures. Podr\u00e1s ver los nuevos integrantes que participan para reconocimiento de la profesi\u00f3n en el mundo de la construcci\u00f3n.<\/p>\n","protected":false},"excerpt":{"rendered":"<ul>\n<li>1. Editorial<\/li>\n<li>2. Sismo en elementos no estructurales. 2\u00aa parte.<\/li>\n<li>3. Incremento de la durabilidad en el hormig\u00f3n armado mediante acciones preventivas y correctivas.<\/li>\n<li>4. Dise\u00f1o eficiente de encepados.<\/li>\n<li>5. Divisi\u00f3n de edificio residencial existente con nueva junta de dilataci\u00f3n.<\/li>\n<li>6. Lista de miembros de la asociaci\u00f3n<\/li>\n<\/ul>\n","protected":false},"featured_media":45514,"template":"","meta":{"_acf_changed":false,"site-sidebar-layout":"default","site-content-layout":"default","ast-global-header-display":"","ast-main-header-display":"","ast-hfb-above-header-display":"","ast-hfb-below-header-display":"","ast-hfb-mobile-header-display":"","site-post-title":"","ast-breadcrumbs-content":"","ast-featured-img":"","footer-sml-layout":"","theme-transparent-header-meta":"default","adv-header-id-meta":"","stick-header-meta":"","header-above-stick-meta":"","header-main-stick-meta":"","header-below-stick-meta":""},"product_brand":[],"product_cat":[595],"product_tag":[],"class_list":{"0":"post-45497","1":"product","2":"type-product","3":"status-publish","4":"has-post-thumbnail","6":"product_cat-cuaderno-de-estructuras","7":"desktop-align-left","8":"tablet-align-left","9":"mobile-align-left","11":"first","12":"instock","13":"taxable","14":"shipping-taxable","15":"purchasable","16":"product-type-variable","17":"has-default-attributes"},"acf":[],"yoast_head":"<!-- This site is optimized with the Yoast SEO plugin v27.1.1 - https:\/\/yoast.com\/product\/yoast-seo-wordpress\/ -->\n<title>Quaderns d&#039;Estructures 82 | ACE<\/title>\n<meta name=\"description\" content=\"Revista n\u00ba 82 con art\u00edculos de actualidad que tratan sobre la construcci\u00f3n de estructuras y que publica la Asociaci\u00f3n de Consultores de Estructuras (ACE).\" \/>\n<meta name=\"robots\" content=\"index, follow, max-snippet:-1, max-image-preview:large, max-video-preview:-1\" \/>\n<link rel=\"canonical\" href=\"https:\/\/aceweb.cat\/es\/producto\/quaderns-destructures-82\/\" \/>\n<meta property=\"og:locale\" content=\"es_ES\" \/>\n<meta property=\"og:type\" content=\"article\" \/>\n<meta property=\"og:title\" content=\"Quaderns d&#039;Estructures 82 | ACE\" \/>\n<meta property=\"og:description\" content=\"Revista n\u00ba 82 con art\u00edculos de actualidad que tratan sobre la construcci\u00f3n de estructuras y que publica la Asociaci\u00f3n de Consultores de Estructuras (ACE).\" \/>\n<meta property=\"og:url\" content=\"https:\/\/aceweb.cat\/es\/producto\/quaderns-destructures-82\/\" \/>\n<meta property=\"og:site_name\" content=\"aceweb.cat\" \/>\n<meta property=\"article:modified_time\" content=\"2024-12-09T13:46:47+00:00\" \/>\n<meta property=\"og:image\" content=\"https:\/\/aceweb.cat\/wp-content\/uploads\/2024\/11\/portada_82-scaled-e1732712407675.jpg\" \/>\n\t<meta property=\"og:image:width\" content=\"1806\" \/>\n\t<meta property=\"og:image:height\" content=\"2560\" \/>\n\t<meta property=\"og:image:type\" content=\"image\/jpeg\" \/>\n<meta name=\"twitter:card\" content=\"summary_large_image\" \/>\n<meta name=\"twitter:label1\" content=\"Tiempo de lectura\" \/>\n\t<meta name=\"twitter:data1\" content=\"4 minutos\" \/>\n<script type=\"application\/ld+json\" class=\"yoast-schema-graph\">{\"@context\":\"https:\/\/schema.org\",\"@graph\":[{\"@type\":\"WebPage\",\"@id\":\"https:\/\/aceweb.cat\/es\/producto\/quaderns-destructures-82\/\",\"url\":\"https:\/\/aceweb.cat\/es\/producto\/quaderns-destructures-82\/\",\"name\":\"Quaderns d'Estructures 82 | ACE\",\"isPartOf\":{\"@id\":\"https:\/\/aceweb.cat\/#website\"},\"primaryImageOfPage\":{\"@id\":\"https:\/\/aceweb.cat\/es\/producto\/quaderns-destructures-82\/#primaryimage\"},\"image\":{\"@id\":\"https:\/\/aceweb.cat\/es\/producto\/quaderns-destructures-82\/#primaryimage\"},\"thumbnailUrl\":\"https:\/\/aceweb.cat\/wp-content\/uploads\/2024\/11\/portada_82-scaled-e1732712407675.jpg\",\"datePublished\":\"2024-11-27T11:14:02+00:00\",\"dateModified\":\"2024-12-09T13:46:47+00:00\",\"description\":\"Revista n\u00ba 82 con art\u00edculos de actualidad que tratan sobre la construcci\u00f3n de estructuras y que publica la Asociaci\u00f3n de Consultores de Estructuras (ACE).\",\"breadcrumb\":{\"@id\":\"https:\/\/aceweb.cat\/es\/producto\/quaderns-destructures-82\/#breadcrumb\"},\"inLanguage\":\"es\",\"potentialAction\":[{\"@type\":\"ReadAction\",\"target\":[\"https:\/\/aceweb.cat\/es\/producto\/quaderns-destructures-82\/\"]}]},{\"@type\":\"ImageObject\",\"inLanguage\":\"es\",\"@id\":\"https:\/\/aceweb.cat\/es\/producto\/quaderns-destructures-82\/#primaryimage\",\"url\":\"https:\/\/aceweb.cat\/wp-content\/uploads\/2024\/11\/portada_82-scaled-e1732712407675.jpg\",\"contentUrl\":\"https:\/\/aceweb.cat\/wp-content\/uploads\/2024\/11\/portada_82-scaled-e1732712407675.jpg\",\"width\":1806,\"height\":2560},{\"@type\":\"BreadcrumbList\",\"@id\":\"https:\/\/aceweb.cat\/es\/producto\/quaderns-destructures-82\/#breadcrumb\",\"itemListElement\":[{\"@type\":\"ListItem\",\"position\":1,\"name\":\"Inici\",\"item\":\"https:\/\/aceweb.cat\/\"},{\"@type\":\"ListItem\",\"position\":2,\"name\":\"Tienda\",\"item\":\"https:\/\/aceweb.cat\/es\/tienda\/\"},{\"@type\":\"ListItem\",\"position\":3,\"name\":\"Quadern d\u2019Estructures\",\"item\":\"https:\/\/aceweb.cat\/es\/categoria-producto\/cuaderno-de-estructuras\/\"},{\"@type\":\"ListItem\",\"position\":4,\"name\":\"Quaderns d&#8217;Estructures 82\"}]},{\"@type\":\"WebSite\",\"@id\":\"https:\/\/aceweb.cat\/#website\",\"url\":\"https:\/\/aceweb.cat\/\",\"name\":\"ACE\",\"description\":\"Associaci\u00f3 de Consultors d&#039;Estructures | ACE\",\"publisher\":{\"@id\":\"https:\/\/aceweb.cat\/#organization\"},\"alternateName\":\"ACE\",\"potentialAction\":[{\"@type\":\"SearchAction\",\"target\":{\"@type\":\"EntryPoint\",\"urlTemplate\":\"https:\/\/aceweb.cat\/?s={search_term_string}\"},\"query-input\":{\"@type\":\"PropertyValueSpecification\",\"valueRequired\":true,\"valueName\":\"search_term_string\"}}],\"inLanguage\":\"es\"},{\"@type\":\"Organization\",\"@id\":\"https:\/\/aceweb.cat\/#organization\",\"name\":\"ACE\",\"alternateName\":\"ACE\",\"url\":\"https:\/\/aceweb.cat\/\",\"logo\":{\"@type\":\"ImageObject\",\"inLanguage\":\"es\",\"@id\":\"https:\/\/aceweb.cat\/#\/schema\/logo\/image\/\",\"url\":\"https:\/\/aceweb.cat\/wp-content\/uploads\/2022\/10\/logo.svg\",\"contentUrl\":\"https:\/\/aceweb.cat\/wp-content\/uploads\/2022\/10\/logo.svg\",\"width\":1,\"height\":1,\"caption\":\"ACE\"},\"image\":{\"@id\":\"https:\/\/aceweb.cat\/#\/schema\/logo\/image\/\"}}]}<\/script>\n<!-- \/ Yoast SEO plugin. -->","yoast_head_json":{"title":"Quaderns d'Estructures 82 | ACE","description":"Revista n\u00ba 82 con art\u00edculos de actualidad que tratan sobre la construcci\u00f3n de estructuras y que publica la Asociaci\u00f3n de Consultores de Estructuras (ACE).","robots":{"index":"index","follow":"follow","max-snippet":"max-snippet:-1","max-image-preview":"max-image-preview:large","max-video-preview":"max-video-preview:-1"},"canonical":"https:\/\/aceweb.cat\/es\/producto\/quaderns-destructures-82\/","og_locale":"es_ES","og_type":"article","og_title":"Quaderns d'Estructures 82 | ACE","og_description":"Revista n\u00ba 82 con art\u00edculos de actualidad que tratan sobre la construcci\u00f3n de estructuras y que publica la Asociaci\u00f3n de Consultores de Estructuras (ACE).","og_url":"https:\/\/aceweb.cat\/es\/producto\/quaderns-destructures-82\/","og_site_name":"aceweb.cat","article_modified_time":"2024-12-09T13:46:47+00:00","og_image":[{"width":1806,"height":2560,"url":"https:\/\/aceweb.cat\/wp-content\/uploads\/2024\/11\/portada_82-scaled-e1732712407675.jpg","type":"image\/jpeg"}],"twitter_card":"summary_large_image","twitter_misc":{"Tiempo de lectura":"4 minutos"},"schema":{"@context":"https:\/\/schema.org","@graph":[{"@type":"WebPage","@id":"https:\/\/aceweb.cat\/es\/producto\/quaderns-destructures-82\/","url":"https:\/\/aceweb.cat\/es\/producto\/quaderns-destructures-82\/","name":"Quaderns d'Estructures 82 | ACE","isPartOf":{"@id":"https:\/\/aceweb.cat\/#website"},"primaryImageOfPage":{"@id":"https:\/\/aceweb.cat\/es\/producto\/quaderns-destructures-82\/#primaryimage"},"image":{"@id":"https:\/\/aceweb.cat\/es\/producto\/quaderns-destructures-82\/#primaryimage"},"thumbnailUrl":"https:\/\/aceweb.cat\/wp-content\/uploads\/2024\/11\/portada_82-scaled-e1732712407675.jpg","datePublished":"2024-11-27T11:14:02+00:00","dateModified":"2024-12-09T13:46:47+00:00","description":"Revista n\u00ba 82 con art\u00edculos de actualidad que tratan sobre la construcci\u00f3n de estructuras y que publica la Asociaci\u00f3n de Consultores de Estructuras (ACE).","breadcrumb":{"@id":"https:\/\/aceweb.cat\/es\/producto\/quaderns-destructures-82\/#breadcrumb"},"inLanguage":"es","potentialAction":[{"@type":"ReadAction","target":["https:\/\/aceweb.cat\/es\/producto\/quaderns-destructures-82\/"]}]},{"@type":"ImageObject","inLanguage":"es","@id":"https:\/\/aceweb.cat\/es\/producto\/quaderns-destructures-82\/#primaryimage","url":"https:\/\/aceweb.cat\/wp-content\/uploads\/2024\/11\/portada_82-scaled-e1732712407675.jpg","contentUrl":"https:\/\/aceweb.cat\/wp-content\/uploads\/2024\/11\/portada_82-scaled-e1732712407675.jpg","width":1806,"height":2560},{"@type":"BreadcrumbList","@id":"https:\/\/aceweb.cat\/es\/producto\/quaderns-destructures-82\/#breadcrumb","itemListElement":[{"@type":"ListItem","position":1,"name":"Inici","item":"https:\/\/aceweb.cat\/"},{"@type":"ListItem","position":2,"name":"Tienda","item":"https:\/\/aceweb.cat\/es\/tienda\/"},{"@type":"ListItem","position":3,"name":"Quadern d\u2019Estructures","item":"https:\/\/aceweb.cat\/es\/categoria-producto\/cuaderno-de-estructuras\/"},{"@type":"ListItem","position":4,"name":"Quaderns d&#8217;Estructures 82"}]},{"@type":"WebSite","@id":"https:\/\/aceweb.cat\/#website","url":"https:\/\/aceweb.cat\/","name":"ACE","description":"Associaci\u00f3 de Consultors d&#039;Estructures | ACE","publisher":{"@id":"https:\/\/aceweb.cat\/#organization"},"alternateName":"ACE","potentialAction":[{"@type":"SearchAction","target":{"@type":"EntryPoint","urlTemplate":"https:\/\/aceweb.cat\/?s={search_term_string}"},"query-input":{"@type":"PropertyValueSpecification","valueRequired":true,"valueName":"search_term_string"}}],"inLanguage":"es"},{"@type":"Organization","@id":"https:\/\/aceweb.cat\/#organization","name":"ACE","alternateName":"ACE","url":"https:\/\/aceweb.cat\/","logo":{"@type":"ImageObject","inLanguage":"es","@id":"https:\/\/aceweb.cat\/#\/schema\/logo\/image\/","url":"https:\/\/aceweb.cat\/wp-content\/uploads\/2022\/10\/logo.svg","contentUrl":"https:\/\/aceweb.cat\/wp-content\/uploads\/2022\/10\/logo.svg","width":1,"height":1,"caption":"ACE"},"image":{"@id":"https:\/\/aceweb.cat\/#\/schema\/logo\/image\/"}}]}},"_links":{"self":[{"href":"https:\/\/aceweb.cat\/es\/wp-json\/wp\/v2\/product\/45497","targetHints":{"allow":["GET"]}}],"collection":[{"href":"https:\/\/aceweb.cat\/es\/wp-json\/wp\/v2\/product"}],"about":[{"href":"https:\/\/aceweb.cat\/es\/wp-json\/wp\/v2\/types\/product"}],"version-history":[{"count":3,"href":"https:\/\/aceweb.cat\/es\/wp-json\/wp\/v2\/product\/45497\/revisions"}],"predecessor-version":[{"id":45718,"href":"https:\/\/aceweb.cat\/es\/wp-json\/wp\/v2\/product\/45497\/revisions\/45718"}],"wp:featuredmedia":[{"embeddable":true,"href":"https:\/\/aceweb.cat\/es\/wp-json\/wp\/v2\/media\/45514"}],"wp:attachment":[{"href":"https:\/\/aceweb.cat\/es\/wp-json\/wp\/v2\/media?parent=45497"}],"wp:term":[{"taxonomy":"product_brand","embeddable":true,"href":"https:\/\/aceweb.cat\/es\/wp-json\/wp\/v2\/product_brand?post=45497"},{"taxonomy":"product_cat","embeddable":true,"href":"https:\/\/aceweb.cat\/es\/wp-json\/wp\/v2\/product_cat?post=45497"},{"taxonomy":"product_tag","embeddable":true,"href":"https:\/\/aceweb.cat\/es\/wp-json\/wp\/v2\/product_tag?post=45497"}],"curies":[{"name":"wp","href":"https:\/\/api.w.org\/{rel}","templated":true}]}}