{"id":45814,"date":"2025-01-20T11:52:08","date_gmt":"2025-01-20T11:52:08","guid":{"rendered":"https:\/\/aceweb.cat\/?post_type=product&#038;p=45814"},"modified":"2025-01-20T14:40:58","modified_gmt":"2025-01-20T14:40:58","slug":"curso-de-sostenibilidad-en-las-estructuras-copia","status":"publish","type":"product","link":"https:\/\/aceweb.cat\/es\/producto\/curso-de-sostenibilidad-en-las-estructuras-copia\/","title":{"rendered":"Curso de estructuras ligeras"},"content":{"rendered":"<p>Se trata de un curso eminentemente pr\u00e1ctico, basado en la posici\u00f3n de Euroc\u00f3digo 3\u00a0parte 1-3 en parte contenido en la anterior instrucci\u00f3n EAE. Aplicable a fachadas y cubiertas de edificios y naves\u00a0ya a edificaci\u00f3n residencial (\u201csteel framing\u201d). Se explican ejercicios basados en dise\u00f1os reales, tanto de chapas trapezoidales como de correas y montantes.<\/p>\n<p>Hay que advertir que este tema no se ha incluido en el vigente C\u00f3digo Estructural. \u00a0La caracter\u00edstica esencial es que esta tipolog\u00eda \u00a0\u00a0es la susceptibilidad a los fen\u00f3menos de abolladura inherente a su ligereza, predominan las secciones de clase 4.<\/p>\n<p>A los asistentes se les entregar\u00e1 una copia pdf de los cap\u00edtulos 5 y 6 del libro \u201cNaves industriales con acero\u201d APTA 2009, autor Alfredo Arnedo.<\/p>\n<p><strong>\u00a0<\/strong><\/p>\n<p>&nbsp;<\/p>\n<p>&nbsp;<\/p>\n<p><strong><u>OBJECTIVOS<\/u><\/strong><\/p>\n<p><strong><u>\u00a0<\/u><\/strong><\/p>\n<p>El objetivo del curso es la realizaci\u00f3n de ejercicios de estructuras ligeras, divulgar conocimientos b\u00e1sicos para el dise\u00f1o abordando la resoluci\u00f3n de los casos reales.<\/p>\n<h4>A parte del pago, no\u00a0 olvides hacer la inscripci\u00f3n en:<\/h4>\n<div class=\"wp-block-button\"><a class=\"wp-block-button__link has-text-align-left wp-element-button\" href=\"https:\/\/forms.gle\/jrYrsiKycCb8bN1m6\" target=\"_blank\" rel=\"noreferrer noopener\"><strong><mark class=\"has-inline-color has-ast-global-color-1-color\" style=\"background-color: rgba(0, 0, 0, 0);\">Formulario de inscripci\u00f3n<\/mark><\/strong><\/a><\/div>\n<p>&nbsp;<\/p>\n<h4>M\u00e1s informaci\u00f3n:<\/h4>\n<div class=\"wp-block-button\"><a class=\"wp-block-button__link has-text-align-left wp-element-button\" href=\"https:\/\/aceweb.cat\/es\/formacio\/cursos\/curso-estructuras-ligeras\" target=\"_blank\" rel=\"noreferrer noopener\"><strong><mark class=\"has-inline-color has-ast-global-color-1-color\" style=\"background-color: rgba(0, 0, 0, 0);\">Informaci\u00f3n<\/mark><\/strong><\/a><\/div>\n","protected":false},"excerpt":{"rendered":"<p>El objetivo del curso es la realizaci\u00f3n de ejercicios de estructuras ligeras, divulgar conocimientos b\u00e1sicos para el dise\u00f1o abordando la resoluci\u00f3n de los casos reales.<\/p>\n","protected":false},"featured_media":45816,"template":"","meta":{"_acf_changed":false,"site-sidebar-layout":"default","site-content-layout":"default","ast-global-header-display":"","ast-main-header-display":"","ast-hfb-above-header-display":"","ast-hfb-below-header-display":"","ast-hfb-mobile-header-display":"","site-post-title":"","ast-breadcrumbs-content":"","ast-featured-img":"","footer-sml-layout":"","theme-transparent-header-meta":"default","adv-header-id-meta":"","stick-header-meta":"","header-above-stick-meta":"","header-main-stick-meta":"","header-below-stick-meta":""},"product_brand":[],"product_cat":[1470],"product_tag":[],"class_list":{"0":"post-45814","1":"product","2":"type-product","3":"status-publish","4":"has-post-thumbnail","6":"product_cat-jornadas-cursos","7":"desktop-align-left","8":"tablet-align-left","9":"mobile-align-left","11":"first","12":"instock","13":"virtual","14":"purchasable","15":"product-type-simple"},"acf":[],"yoast_head":"<!-- This site is optimized with the Yoast SEO plugin v27.1.1 - https:\/\/yoast.com\/product\/yoast-seo-wordpress\/ -->\n<title>Curso de estructuras ligeras| ACE<\/title>\n<meta name=\"description\" content=\"Se trata de un curso eminentemente pr\u00e1ctico, basado en la posici\u00f3n de Euroc\u00f3digo 3 parte 1-3 en parte contenido en la anterior instrucci\u00f3n EAE. Aplicable a fachadas y cubiertas de edificios y naves ya a edificaci\u00f3n residencial (\u201csteel framing\u201d). Se explican ejercicios basados en dise\u00f1os reales, tanto de chapas trapezoidales como de correas y montantes.\" \/>\n<meta name=\"robots\" content=\"index, follow, max-snippet:-1, max-image-preview:large, max-video-preview:-1\" \/>\n<link rel=\"canonical\" href=\"https:\/\/aceweb.cat\/es\/producto\/curso-de-sostenibilidad-en-las-estructuras-copia\/\" \/>\n<meta property=\"og:locale\" content=\"es_ES\" \/>\n<meta property=\"og:type\" content=\"article\" \/>\n<meta property=\"og:title\" content=\"Curso de estructuras ligeras| ACE\" \/>\n<meta property=\"og:description\" content=\"Se trata de un curso eminentemente pr\u00e1ctico, basado en la posici\u00f3n de Euroc\u00f3digo 3 parte 1-3 en parte contenido en la anterior instrucci\u00f3n EAE. Aplicable a fachadas y cubiertas de edificios y naves ya a edificaci\u00f3n residencial (\u201csteel framing\u201d). Se explican ejercicios basados en dise\u00f1os reales, tanto de chapas trapezoidales como de correas y montantes.\" \/>\n<meta property=\"og:url\" content=\"https:\/\/aceweb.cat\/es\/producto\/curso-de-sostenibilidad-en-las-estructuras-copia\/\" \/>\n<meta property=\"og:site_name\" content=\"aceweb.cat\" \/>\n<meta property=\"article:modified_time\" content=\"2025-01-20T14:40:58+00:00\" \/>\n<meta property=\"og:image\" content=\"https:\/\/aceweb.cat\/wp-content\/uploads\/2025\/01\/imatge-curs-estructures-lleugeres.png\" \/>\n\t<meta property=\"og:image:width\" content=\"846\" \/>\n\t<meta property=\"og:image:height\" content=\"383\" \/>\n\t<meta property=\"og:image:type\" content=\"image\/png\" \/>\n<meta name=\"twitter:card\" content=\"summary_large_image\" \/>\n<meta name=\"twitter:label1\" content=\"Tiempo de lectura\" \/>\n\t<meta name=\"twitter:data1\" content=\"2 minutos\" \/>\n<script type=\"application\/ld+json\" class=\"yoast-schema-graph\">{\"@context\":\"https:\/\/schema.org\",\"@graph\":[{\"@type\":\"WebPage\",\"@id\":\"https:\/\/aceweb.cat\/es\/producto\/curso-de-sostenibilidad-en-las-estructuras-copia\/\",\"url\":\"https:\/\/aceweb.cat\/es\/producto\/curso-de-sostenibilidad-en-las-estructuras-copia\/\",\"name\":\"Curso de estructuras ligeras| ACE\",\"isPartOf\":{\"@id\":\"https:\/\/aceweb.cat\/#website\"},\"primaryImageOfPage\":{\"@id\":\"https:\/\/aceweb.cat\/es\/producto\/curso-de-sostenibilidad-en-las-estructuras-copia\/#primaryimage\"},\"image\":{\"@id\":\"https:\/\/aceweb.cat\/es\/producto\/curso-de-sostenibilidad-en-las-estructuras-copia\/#primaryimage\"},\"thumbnailUrl\":\"https:\/\/aceweb.cat\/wp-content\/uploads\/2025\/01\/imatge-curs-estructures-lleugeres.png\",\"datePublished\":\"2025-01-20T11:52:08+00:00\",\"dateModified\":\"2025-01-20T14:40:58+00:00\",\"description\":\"Se trata de un curso eminentemente pr\u00e1ctico, basado en la posici\u00f3n de Euroc\u00f3digo 3 parte 1-3 en parte contenido en la anterior instrucci\u00f3n EAE. Aplicable a fachadas y cubiertas de edificios y naves ya a edificaci\u00f3n residencial (\u201csteel framing\u201d). Se explican ejercicios basados en dise\u00f1os reales, tanto de chapas trapezoidales como de correas y montantes.\",\"breadcrumb\":{\"@id\":\"https:\/\/aceweb.cat\/es\/producto\/curso-de-sostenibilidad-en-las-estructuras-copia\/#breadcrumb\"},\"inLanguage\":\"es\",\"potentialAction\":[{\"@type\":\"ReadAction\",\"target\":[\"https:\/\/aceweb.cat\/es\/producto\/curso-de-sostenibilidad-en-las-estructuras-copia\/\"]}]},{\"@type\":\"ImageObject\",\"inLanguage\":\"es\",\"@id\":\"https:\/\/aceweb.cat\/es\/producto\/curso-de-sostenibilidad-en-las-estructuras-copia\/#primaryimage\",\"url\":\"https:\/\/aceweb.cat\/wp-content\/uploads\/2025\/01\/imatge-curs-estructures-lleugeres.png\",\"contentUrl\":\"https:\/\/aceweb.cat\/wp-content\/uploads\/2025\/01\/imatge-curs-estructures-lleugeres.png\",\"width\":846,\"height\":383},{\"@type\":\"BreadcrumbList\",\"@id\":\"https:\/\/aceweb.cat\/es\/producto\/curso-de-sostenibilidad-en-las-estructuras-copia\/#breadcrumb\",\"itemListElement\":[{\"@type\":\"ListItem\",\"position\":1,\"name\":\"Inici\",\"item\":\"https:\/\/aceweb.cat\/\"},{\"@type\":\"ListItem\",\"position\":2,\"name\":\"Tienda\",\"item\":\"https:\/\/aceweb.cat\/es\/tienda\/\"},{\"@type\":\"ListItem\",\"position\":3,\"name\":\"Jornadas-Cursos\",\"item\":\"https:\/\/aceweb.cat\/es\/categoria-producto\/jornadas-cursos\/\"},{\"@type\":\"ListItem\",\"position\":4,\"name\":\"Curso de estructuras ligeras\"}]},{\"@type\":\"WebSite\",\"@id\":\"https:\/\/aceweb.cat\/#website\",\"url\":\"https:\/\/aceweb.cat\/\",\"name\":\"ACE\",\"description\":\"Associaci\u00f3 de Consultors d&#039;Estructures | ACE\",\"publisher\":{\"@id\":\"https:\/\/aceweb.cat\/#organization\"},\"alternateName\":\"ACE\",\"potentialAction\":[{\"@type\":\"SearchAction\",\"target\":{\"@type\":\"EntryPoint\",\"urlTemplate\":\"https:\/\/aceweb.cat\/?s={search_term_string}\"},\"query-input\":{\"@type\":\"PropertyValueSpecification\",\"valueRequired\":true,\"valueName\":\"search_term_string\"}}],\"inLanguage\":\"es\"},{\"@type\":\"Organization\",\"@id\":\"https:\/\/aceweb.cat\/#organization\",\"name\":\"ACE\",\"alternateName\":\"ACE\",\"url\":\"https:\/\/aceweb.cat\/\",\"logo\":{\"@type\":\"ImageObject\",\"inLanguage\":\"es\",\"@id\":\"https:\/\/aceweb.cat\/#\/schema\/logo\/image\/\",\"url\":\"https:\/\/aceweb.cat\/wp-content\/uploads\/2022\/10\/logo.svg\",\"contentUrl\":\"https:\/\/aceweb.cat\/wp-content\/uploads\/2022\/10\/logo.svg\",\"width\":1,\"height\":1,\"caption\":\"ACE\"},\"image\":{\"@id\":\"https:\/\/aceweb.cat\/#\/schema\/logo\/image\/\"}}]}<\/script>\n<!-- \/ Yoast SEO plugin. -->","yoast_head_json":{"title":"Curso de estructuras ligeras| ACE","description":"Se trata de un curso eminentemente pr\u00e1ctico, basado en la posici\u00f3n de Euroc\u00f3digo 3 parte 1-3 en parte contenido en la anterior instrucci\u00f3n EAE. Aplicable a fachadas y cubiertas de edificios y naves ya a edificaci\u00f3n residencial (\u201csteel framing\u201d). Se explican ejercicios basados en dise\u00f1os reales, tanto de chapas trapezoidales como de correas y montantes.","robots":{"index":"index","follow":"follow","max-snippet":"max-snippet:-1","max-image-preview":"max-image-preview:large","max-video-preview":"max-video-preview:-1"},"canonical":"https:\/\/aceweb.cat\/es\/producto\/curso-de-sostenibilidad-en-las-estructuras-copia\/","og_locale":"es_ES","og_type":"article","og_title":"Curso de estructuras ligeras| ACE","og_description":"Se trata de un curso eminentemente pr\u00e1ctico, basado en la posici\u00f3n de Euroc\u00f3digo 3 parte 1-3 en parte contenido en la anterior instrucci\u00f3n EAE. Aplicable a fachadas y cubiertas de edificios y naves ya a edificaci\u00f3n residencial (\u201csteel framing\u201d). Se explican ejercicios basados en dise\u00f1os reales, tanto de chapas trapezoidales como de correas y montantes.","og_url":"https:\/\/aceweb.cat\/es\/producto\/curso-de-sostenibilidad-en-las-estructuras-copia\/","og_site_name":"aceweb.cat","article_modified_time":"2025-01-20T14:40:58+00:00","og_image":[{"width":846,"height":383,"url":"https:\/\/aceweb.cat\/wp-content\/uploads\/2025\/01\/imatge-curs-estructures-lleugeres.png","type":"image\/png"}],"twitter_card":"summary_large_image","twitter_misc":{"Tiempo de lectura":"2 minutos"},"schema":{"@context":"https:\/\/schema.org","@graph":[{"@type":"WebPage","@id":"https:\/\/aceweb.cat\/es\/producto\/curso-de-sostenibilidad-en-las-estructuras-copia\/","url":"https:\/\/aceweb.cat\/es\/producto\/curso-de-sostenibilidad-en-las-estructuras-copia\/","name":"Curso de estructuras ligeras| ACE","isPartOf":{"@id":"https:\/\/aceweb.cat\/#website"},"primaryImageOfPage":{"@id":"https:\/\/aceweb.cat\/es\/producto\/curso-de-sostenibilidad-en-las-estructuras-copia\/#primaryimage"},"image":{"@id":"https:\/\/aceweb.cat\/es\/producto\/curso-de-sostenibilidad-en-las-estructuras-copia\/#primaryimage"},"thumbnailUrl":"https:\/\/aceweb.cat\/wp-content\/uploads\/2025\/01\/imatge-curs-estructures-lleugeres.png","datePublished":"2025-01-20T11:52:08+00:00","dateModified":"2025-01-20T14:40:58+00:00","description":"Se trata de un curso eminentemente pr\u00e1ctico, basado en la posici\u00f3n de Euroc\u00f3digo 3 parte 1-3 en parte contenido en la anterior instrucci\u00f3n EAE. Aplicable a fachadas y cubiertas de edificios y naves ya a edificaci\u00f3n residencial (\u201csteel framing\u201d). Se explican ejercicios basados en dise\u00f1os reales, tanto de chapas trapezoidales como de correas y montantes.","breadcrumb":{"@id":"https:\/\/aceweb.cat\/es\/producto\/curso-de-sostenibilidad-en-las-estructuras-copia\/#breadcrumb"},"inLanguage":"es","potentialAction":[{"@type":"ReadAction","target":["https:\/\/aceweb.cat\/es\/producto\/curso-de-sostenibilidad-en-las-estructuras-copia\/"]}]},{"@type":"ImageObject","inLanguage":"es","@id":"https:\/\/aceweb.cat\/es\/producto\/curso-de-sostenibilidad-en-las-estructuras-copia\/#primaryimage","url":"https:\/\/aceweb.cat\/wp-content\/uploads\/2025\/01\/imatge-curs-estructures-lleugeres.png","contentUrl":"https:\/\/aceweb.cat\/wp-content\/uploads\/2025\/01\/imatge-curs-estructures-lleugeres.png","width":846,"height":383},{"@type":"BreadcrumbList","@id":"https:\/\/aceweb.cat\/es\/producto\/curso-de-sostenibilidad-en-las-estructuras-copia\/#breadcrumb","itemListElement":[{"@type":"ListItem","position":1,"name":"Inici","item":"https:\/\/aceweb.cat\/"},{"@type":"ListItem","position":2,"name":"Tienda","item":"https:\/\/aceweb.cat\/es\/tienda\/"},{"@type":"ListItem","position":3,"name":"Jornadas-Cursos","item":"https:\/\/aceweb.cat\/es\/categoria-producto\/jornadas-cursos\/"},{"@type":"ListItem","position":4,"name":"Curso de estructuras ligeras"}]},{"@type":"WebSite","@id":"https:\/\/aceweb.cat\/#website","url":"https:\/\/aceweb.cat\/","name":"ACE","description":"Associaci\u00f3 de Consultors d&#039;Estructures | ACE","publisher":{"@id":"https:\/\/aceweb.cat\/#organization"},"alternateName":"ACE","potentialAction":[{"@type":"SearchAction","target":{"@type":"EntryPoint","urlTemplate":"https:\/\/aceweb.cat\/?s={search_term_string}"},"query-input":{"@type":"PropertyValueSpecification","valueRequired":true,"valueName":"search_term_string"}}],"inLanguage":"es"},{"@type":"Organization","@id":"https:\/\/aceweb.cat\/#organization","name":"ACE","alternateName":"ACE","url":"https:\/\/aceweb.cat\/","logo":{"@type":"ImageObject","inLanguage":"es","@id":"https:\/\/aceweb.cat\/#\/schema\/logo\/image\/","url":"https:\/\/aceweb.cat\/wp-content\/uploads\/2022\/10\/logo.svg","contentUrl":"https:\/\/aceweb.cat\/wp-content\/uploads\/2022\/10\/logo.svg","width":1,"height":1,"caption":"ACE"},"image":{"@id":"https:\/\/aceweb.cat\/#\/schema\/logo\/image\/"}}]}},"_links":{"self":[{"href":"https:\/\/aceweb.cat\/es\/wp-json\/wp\/v2\/product\/45814","targetHints":{"allow":["GET"]}}],"collection":[{"href":"https:\/\/aceweb.cat\/es\/wp-json\/wp\/v2\/product"}],"about":[{"href":"https:\/\/aceweb.cat\/es\/wp-json\/wp\/v2\/types\/product"}],"version-history":[{"count":1,"href":"https:\/\/aceweb.cat\/es\/wp-json\/wp\/v2\/product\/45814\/revisions"}],"predecessor-version":[{"id":45825,"href":"https:\/\/aceweb.cat\/es\/wp-json\/wp\/v2\/product\/45814\/revisions\/45825"}],"wp:featuredmedia":[{"embeddable":true,"href":"https:\/\/aceweb.cat\/es\/wp-json\/wp\/v2\/media\/45816"}],"wp:attachment":[{"href":"https:\/\/aceweb.cat\/es\/wp-json\/wp\/v2\/media?parent=45814"}],"wp:term":[{"taxonomy":"product_brand","embeddable":true,"href":"https:\/\/aceweb.cat\/es\/wp-json\/wp\/v2\/product_brand?post=45814"},{"taxonomy":"product_cat","embeddable":true,"href":"https:\/\/aceweb.cat\/es\/wp-json\/wp\/v2\/product_cat?post=45814"},{"taxonomy":"product_tag","embeddable":true,"href":"https:\/\/aceweb.cat\/es\/wp-json\/wp\/v2\/product_tag?post=45814"}],"curies":[{"name":"wp","href":"https:\/\/api.w.org\/{rel}","templated":true}]}}