{"id":46309,"date":"2025-04-16T15:55:59","date_gmt":"2025-04-16T15:55:59","guid":{"rendered":"https:\/\/aceweb.cat\/?post_type=product&#038;p=46309"},"modified":"2025-07-31T09:07:15","modified_gmt":"2025-07-31T09:07:15","slug":"quaderns-destructures-83","status":"publish","type":"product","link":"https:\/\/aceweb.cat\/es\/producto\/quaderns-destructures-83\/","title":{"rendered":"Quaderns d&#8217;Estructures 83"},"content":{"rendered":"<p>Este n\u00famero incluye:<\/p>\n<h2><strong>1. Editorial<\/strong><\/h2>\n<p>Articulo redactado por <strong>Enric Heredia Campmany-Gaudet<\/strong>. Descarga la revista para conocer la evoluci\u00f3n de\u00a0 la ACE:<br \/>\n\u00abLa junta que tengo el honor de presidir desde 2019 lleva ya seis a\u00f1os de dedicaci\u00f3n, esfuerzo e ilusi\u00f3n al servicio<br \/>\nde nuestra asociaci\u00f3n. Ahora, a medio mandato de la segunda y \u00faltima legislatura, siguiendo los estatutos que establecen un l\u00edmite de dos legislaturas para garantizar la renovaci\u00f3n democr\u00e1tica, es momento de consolidar el trabajo realizado y proyectar el futuro de la ACE para las generaciones de consultores de estructuras que vendr\u00e1n.\u00bb<\/p>\n<h2>2. Vigas pretensadas existentes en obra. Evaluaci\u00f3n cuantitativa<\/h2>\n<p>Articulo redactado por <strong>Josep Baquer Sistach<\/strong>. Descarga la revista para conocer como proceder para realizar una evaluaci\u00f3n cuantitativa fiable:<br \/>\n\u00abLa pregunta que nos formulamos cuando tenemos que evaluar vigas pretensadas en edificaci\u00f3n (rehabilitaci\u00f3n o cambio de uso) u obra p\u00fablica (revisiones o posibles alteraciones de cargas), es sobre la posibilidad misma de proceder a una evaluaci\u00f3n cuantitativa fiable, dado que en la mayor\u00eda de los casos no se dispone de la ficha t\u00e9cnica del fabricante o de los datos pertinentes en la memoria de c\u00e1lculo del proyecto original o en las notas<br \/>\nde modificados de obra.\u00bb<\/p>\n<h2>3.\u00a0 Aquella vez que nos metimos (literalmente) en arenas movedizas.<\/h2>\n<p>Articulo redactado por <strong>Luis Ch\u00f3liz del Junco<\/strong><span style=\"font-size: 16px;\">. Descarga la revista para conocer la obra sobre arenas movedizas:<\/span><\/p>\n<p>\u00ab<em>Tal cual. Como suena. A solo 50 m de la C-35, nos metimos en arenas movedizas, que se tragaron la excavadora. <\/em><em>Y al constructor se lo llevaban los demonios: \u00bfc\u00f3mo diantres no les hab\u00eda avisado?<\/em><br \/>\n<em>Esta es la historia de c\u00f3mo nos metimos, y de c\u00f3mo salimos.<\/em>\u00bb<\/p>\n<h2>4. Compromiso de los consultores de estructuras con la sostenibilidad del sector: estrategias y acciones.<\/h2>\n<p>Articulo redactado por <strong>Montserrat Bosch Gonz\u00e1lez<\/strong>. Descarga la revista para conocer que puede hacer un consultor para avanzar en la sostenibilidad:<br \/>\n\u00ab<em>El paradigma del dise\u00f1o estructural est\u00e1 destinado a cambiar r\u00e1pidamente. A la hora de concebir una estructura, cada d\u00eda se valora m\u00e1s realizar una cuidadosa evaluaci\u00f3n de su sostenibilidad y adaptar su dise\u00f1o para tener en cuenta los impactos ambientales asociados. <\/em><\/p>\n<p><em>Diversos organismos oficiales imponen ya la realizaci\u00f3n de an\u00e1lisis de ciclo de vida en sus licitaciones y limitan la cantidad de CO2 asociado a la construcci\u00f3n de las obras que encargan, y estos topes al carbono embebido ya son obligatorios en pa\u00edses como Francia para cualquier edificio, p\u00fablico o privado.<\/em>\u00bb<\/p>\n<h2>5. Diagnostico estructural y rehabilitaci\u00f3n de la cubierta de una nave de gran luz.<\/h2>\n<p>Articulo redactado por\u00a0 <strong>Alfredo Arnedo Pena e Ivan Trull\u00e0s Tugues<\/strong>. Descarga la revista para conocer como se hizo la rehabilitaci\u00f3n de la cubierta de una nave de gran luz:<br \/>\n\u00ab<em>La cubierta objeto de diagn\u00f3stico estructural y rehabilitaci\u00f3n corresponde a un parque de carbones de una central t\u00e9rmica. Es una estructura met\u00e1lica configurada por diecis\u00e9is alineaciones de cerchas separadas 15 m. La distancia entre los pilares interiores de dichas cerchas es de 160 m. La ocupaci\u00f3n total en planta de la estructura es de 43.510 m2. Frente al deterioro que ha experimentado la chapa de cerramiento, de manera generalizada en fijaciones as\u00ed como produci\u00e9ndose desprendimientos en zonas de m\u00e1ximas succiones del viento (borde de fachada abierta y lucernarios laterales), se plantea su sustituci\u00f3n y las operaciones de revisi\u00f3n y refuerzo estructural necesarias para prolongar la vida \u00fatil de la estructura un per\u00edodo m\u00ednimo de 15 a\u00f1os.<\/em><br \/>\n<em>Las normas de acciones en vigor en la \u00e9poca de la construcci\u00f3n de la estructura (mediados de los a\u00f1os 80) tend\u00edan a infravalorar las cargas de viento respecto al estado actual del conocimiento, reflejado en los Euroc\u00f3digos. Una vez se han obtenido los esfuerzos correspondientes de forma realista y ajustada, se ha visto la necesidad de reforzar determinadas zonas<\/em>.\u00bb<\/p>\n<h2>6. Hormigones de cal con funci\u00f3n estructural.<\/h2>\n<p>Articulo redactado por\u00a0 <strong>Joan Ramon Rosell y Montserrat Bosch Gonz\u00e1lez<\/strong>. Descarga la revista para conocer como utilizar el hormig\u00f3n de cal en las estructuras:<\/p>\n<p>\u00abDespu\u00e9s de a\u00f1os en que el cemento se ha impuesto de manera rotunda en el mundo de la construcci\u00f3n, \u00faltimamente y por motivos diversos, observamos c\u00f3mo hay un cierto clima de reivindicaci\u00f3n del uso de la cal. El hormig\u00f3n de cal, un material de construcci\u00f3n que se ajusta perfectamente a la tradici\u00f3n constructiva mediterr\u00e1nea, cumple con los requisitos de compatibilidad en obras de restauraci\u00f3n y, en determinadas condiciones, tiene un menor impacto ambiental que las soluciones cementicias. En este contexto, se viene experimentando, desde hace a\u00f1os, con morteros y hormigones para obras de rehabilitaci\u00f3n, restauraci\u00f3n e incluso de nueva construcci\u00f3n, dise\u00f1ados espec\u00edficamente para cada intervenci\u00f3n.\u00bb<\/p>\n<h2>7. <strong>Lista de miembros de la Asociaci\u00f3n\u00a0<\/strong><\/h2>\n<p>Conoce los miembros de la Associaci\u00f3 de Consultors d&#8217;Estructures. Podr\u00e1s ver los nuevos integrantes que participan para reconocimiento de la profesi\u00f3n en el mundo de la construcci\u00f3n.<\/p>\n","protected":false},"excerpt":{"rendered":"<ul>\n<li>1. Editorial<\/li>\n<li>2. Vigas pretensadas existentes en obra. Evaluaci\u00f3n cuantitativa.<\/li>\n<li>3. Aquella vez que nos metimos (literalmente) en arenas movedizas.<\/li>\n<li>4. Compromiso de los consultores de estructuras con la sostenibilidad del sector: estrategias y acciones.<\/li>\n<li>5. Diagn\u00f3stico estructural y rehabilitaci\u00f3n de la cubierta de una nave de gran luz.<\/li>\n<li>6. Hormigones de cal como funci\u00f3n estructural.<\/li>\n<li>7. Lista de miembros de la asociaci\u00f3n.<\/li>\n<\/ul>\n","protected":false},"featured_media":46326,"template":"","meta":{"_acf_changed":false,"site-sidebar-layout":"default","site-content-layout":"default","ast-global-header-display":"","ast-main-header-display":"","ast-hfb-above-header-display":"","ast-hfb-below-header-display":"","ast-hfb-mobile-header-display":"","site-post-title":"","ast-breadcrumbs-content":"","ast-featured-img":"","footer-sml-layout":"","theme-transparent-header-meta":"default","adv-header-id-meta":"","stick-header-meta":"","header-above-stick-meta":"","header-main-stick-meta":"","header-below-stick-meta":""},"product_brand":[],"product_cat":[595],"product_tag":[],"class_list":{"0":"post-46309","1":"product","2":"type-product","3":"status-publish","4":"has-post-thumbnail","6":"product_cat-cuaderno-de-estructuras","7":"desktop-align-left","8":"tablet-align-left","9":"mobile-align-left","11":"first","12":"instock","13":"taxable","14":"shipping-taxable","15":"purchasable","16":"product-type-variable","17":"has-default-attributes"},"acf":[],"yoast_head":"<!-- This site is optimized with the Yoast SEO plugin v27.1.1 - https:\/\/yoast.com\/product\/yoast-seo-wordpress\/ -->\n<title>Quaderns d&#039;Estructures 83 | ACE<\/title>\n<meta name=\"description\" content=\"Revista n\u00ba 83 con art\u00edculos de actualidad que tratan sobre la construcci\u00f3n de estructuras y que publica la Asociaci\u00f3n de Consultores de Estructuras (ACE).\" \/>\n<meta name=\"robots\" content=\"index, follow, max-snippet:-1, max-image-preview:large, max-video-preview:-1\" \/>\n<link rel=\"canonical\" href=\"https:\/\/aceweb.cat\/es\/producto\/quaderns-destructures-83\/\" \/>\n<meta property=\"og:locale\" content=\"es_ES\" \/>\n<meta property=\"og:type\" content=\"article\" \/>\n<meta property=\"og:title\" content=\"Quaderns d&#039;Estructures 83 | ACE\" \/>\n<meta property=\"og:description\" content=\"Revista n\u00ba 83 con art\u00edculos de actualidad que tratan sobre la construcci\u00f3n de estructuras y que publica la Asociaci\u00f3n de Consultores de Estructuras (ACE).\" \/>\n<meta property=\"og:url\" content=\"https:\/\/aceweb.cat\/es\/producto\/quaderns-destructures-83\/\" \/>\n<meta property=\"og:site_name\" content=\"aceweb.cat\" \/>\n<meta property=\"article:modified_time\" content=\"2025-07-31T09:07:15+00:00\" \/>\n<meta property=\"og:image\" content=\"https:\/\/aceweb.cat\/wp-content\/uploads\/2025\/04\/portada_831-e1744875799751.jpeg\" \/>\n\t<meta property=\"og:image:width\" content=\"992\" \/>\n\t<meta property=\"og:image:height\" content=\"1402\" \/>\n\t<meta property=\"og:image:type\" content=\"image\/jpeg\" \/>\n<meta name=\"twitter:card\" content=\"summary_large_image\" \/>\n<meta name=\"twitter:label1\" content=\"Tiempo de lectura\" \/>\n\t<meta name=\"twitter:data1\" content=\"5 minutos\" \/>\n<script type=\"application\/ld+json\" class=\"yoast-schema-graph\">{\"@context\":\"https:\/\/schema.org\",\"@graph\":[{\"@type\":\"WebPage\",\"@id\":\"https:\/\/aceweb.cat\/es\/producto\/quaderns-destructures-83\/\",\"url\":\"https:\/\/aceweb.cat\/es\/producto\/quaderns-destructures-83\/\",\"name\":\"Quaderns d'Estructures 83 | ACE\",\"isPartOf\":{\"@id\":\"https:\/\/aceweb.cat\/#website\"},\"primaryImageOfPage\":{\"@id\":\"https:\/\/aceweb.cat\/es\/producto\/quaderns-destructures-83\/#primaryimage\"},\"image\":{\"@id\":\"https:\/\/aceweb.cat\/es\/producto\/quaderns-destructures-83\/#primaryimage\"},\"thumbnailUrl\":\"https:\/\/aceweb.cat\/wp-content\/uploads\/2025\/04\/portada_831-e1744875799751.jpeg\",\"datePublished\":\"2025-04-16T15:55:59+00:00\",\"dateModified\":\"2025-07-31T09:07:15+00:00\",\"description\":\"Revista n\u00ba 83 con art\u00edculos de actualidad que tratan sobre la construcci\u00f3n de estructuras y que publica la Asociaci\u00f3n de Consultores de Estructuras (ACE).\",\"breadcrumb\":{\"@id\":\"https:\/\/aceweb.cat\/es\/producto\/quaderns-destructures-83\/#breadcrumb\"},\"inLanguage\":\"es\",\"potentialAction\":[{\"@type\":\"ReadAction\",\"target\":[\"https:\/\/aceweb.cat\/es\/producto\/quaderns-destructures-83\/\"]}]},{\"@type\":\"ImageObject\",\"inLanguage\":\"es\",\"@id\":\"https:\/\/aceweb.cat\/es\/producto\/quaderns-destructures-83\/#primaryimage\",\"url\":\"https:\/\/aceweb.cat\/wp-content\/uploads\/2025\/04\/portada_831-e1744875799751.jpeg\",\"contentUrl\":\"https:\/\/aceweb.cat\/wp-content\/uploads\/2025\/04\/portada_831-e1744875799751.jpeg\",\"width\":992,\"height\":1402},{\"@type\":\"BreadcrumbList\",\"@id\":\"https:\/\/aceweb.cat\/es\/producto\/quaderns-destructures-83\/#breadcrumb\",\"itemListElement\":[{\"@type\":\"ListItem\",\"position\":1,\"name\":\"Inici\",\"item\":\"https:\/\/aceweb.cat\/\"},{\"@type\":\"ListItem\",\"position\":2,\"name\":\"Tienda\",\"item\":\"https:\/\/aceweb.cat\/es\/tienda\/\"},{\"@type\":\"ListItem\",\"position\":3,\"name\":\"Quadern d\u2019Estructures\",\"item\":\"https:\/\/aceweb.cat\/categoria-producte\/quadern-destructures\/\"},{\"@type\":\"ListItem\",\"position\":4,\"name\":\"Quaderns d&#8217;Estructures 83\"}]},{\"@type\":\"WebSite\",\"@id\":\"https:\/\/aceweb.cat\/#website\",\"url\":\"https:\/\/aceweb.cat\/\",\"name\":\"ACE\",\"description\":\"Associaci\u00f3 de Consultors d&#039;Estructures | ACE\",\"publisher\":{\"@id\":\"https:\/\/aceweb.cat\/#organization\"},\"alternateName\":\"ACE\",\"potentialAction\":[{\"@type\":\"SearchAction\",\"target\":{\"@type\":\"EntryPoint\",\"urlTemplate\":\"https:\/\/aceweb.cat\/?s={search_term_string}\"},\"query-input\":{\"@type\":\"PropertyValueSpecification\",\"valueRequired\":true,\"valueName\":\"search_term_string\"}}],\"inLanguage\":\"es\"},{\"@type\":\"Organization\",\"@id\":\"https:\/\/aceweb.cat\/#organization\",\"name\":\"ACE\",\"alternateName\":\"ACE\",\"url\":\"https:\/\/aceweb.cat\/\",\"logo\":{\"@type\":\"ImageObject\",\"inLanguage\":\"es\",\"@id\":\"https:\/\/aceweb.cat\/#\/schema\/logo\/image\/\",\"url\":\"https:\/\/aceweb.cat\/wp-content\/uploads\/2022\/10\/logo.svg\",\"contentUrl\":\"https:\/\/aceweb.cat\/wp-content\/uploads\/2022\/10\/logo.svg\",\"width\":1,\"height\":1,\"caption\":\"ACE\"},\"image\":{\"@id\":\"https:\/\/aceweb.cat\/#\/schema\/logo\/image\/\"}}]}<\/script>\n<!-- \/ Yoast SEO plugin. -->","yoast_head_json":{"title":"Quaderns d'Estructures 83 | ACE","description":"Revista n\u00ba 83 con art\u00edculos de actualidad que tratan sobre la construcci\u00f3n de estructuras y que publica la Asociaci\u00f3n de Consultores de Estructuras (ACE).","robots":{"index":"index","follow":"follow","max-snippet":"max-snippet:-1","max-image-preview":"max-image-preview:large","max-video-preview":"max-video-preview:-1"},"canonical":"https:\/\/aceweb.cat\/es\/producto\/quaderns-destructures-83\/","og_locale":"es_ES","og_type":"article","og_title":"Quaderns d'Estructures 83 | ACE","og_description":"Revista n\u00ba 83 con art\u00edculos de actualidad que tratan sobre la construcci\u00f3n de estructuras y que publica la Asociaci\u00f3n de Consultores de Estructuras (ACE).","og_url":"https:\/\/aceweb.cat\/es\/producto\/quaderns-destructures-83\/","og_site_name":"aceweb.cat","article_modified_time":"2025-07-31T09:07:15+00:00","og_image":[{"width":992,"height":1402,"url":"https:\/\/aceweb.cat\/wp-content\/uploads\/2025\/04\/portada_831-e1744875799751.jpeg","type":"image\/jpeg"}],"twitter_card":"summary_large_image","twitter_misc":{"Tiempo de lectura":"5 minutos"},"schema":{"@context":"https:\/\/schema.org","@graph":[{"@type":"WebPage","@id":"https:\/\/aceweb.cat\/es\/producto\/quaderns-destructures-83\/","url":"https:\/\/aceweb.cat\/es\/producto\/quaderns-destructures-83\/","name":"Quaderns d'Estructures 83 | ACE","isPartOf":{"@id":"https:\/\/aceweb.cat\/#website"},"primaryImageOfPage":{"@id":"https:\/\/aceweb.cat\/es\/producto\/quaderns-destructures-83\/#primaryimage"},"image":{"@id":"https:\/\/aceweb.cat\/es\/producto\/quaderns-destructures-83\/#primaryimage"},"thumbnailUrl":"https:\/\/aceweb.cat\/wp-content\/uploads\/2025\/04\/portada_831-e1744875799751.jpeg","datePublished":"2025-04-16T15:55:59+00:00","dateModified":"2025-07-31T09:07:15+00:00","description":"Revista n\u00ba 83 con art\u00edculos de actualidad que tratan sobre la construcci\u00f3n de estructuras y que publica la Asociaci\u00f3n de Consultores de Estructuras (ACE).","breadcrumb":{"@id":"https:\/\/aceweb.cat\/es\/producto\/quaderns-destructures-83\/#breadcrumb"},"inLanguage":"es","potentialAction":[{"@type":"ReadAction","target":["https:\/\/aceweb.cat\/es\/producto\/quaderns-destructures-83\/"]}]},{"@type":"ImageObject","inLanguage":"es","@id":"https:\/\/aceweb.cat\/es\/producto\/quaderns-destructures-83\/#primaryimage","url":"https:\/\/aceweb.cat\/wp-content\/uploads\/2025\/04\/portada_831-e1744875799751.jpeg","contentUrl":"https:\/\/aceweb.cat\/wp-content\/uploads\/2025\/04\/portada_831-e1744875799751.jpeg","width":992,"height":1402},{"@type":"BreadcrumbList","@id":"https:\/\/aceweb.cat\/es\/producto\/quaderns-destructures-83\/#breadcrumb","itemListElement":[{"@type":"ListItem","position":1,"name":"Inici","item":"https:\/\/aceweb.cat\/"},{"@type":"ListItem","position":2,"name":"Tienda","item":"https:\/\/aceweb.cat\/es\/tienda\/"},{"@type":"ListItem","position":3,"name":"Quadern d\u2019Estructures","item":"https:\/\/aceweb.cat\/categoria-producte\/quadern-destructures\/"},{"@type":"ListItem","position":4,"name":"Quaderns d&#8217;Estructures 83"}]},{"@type":"WebSite","@id":"https:\/\/aceweb.cat\/#website","url":"https:\/\/aceweb.cat\/","name":"ACE","description":"Associaci\u00f3 de Consultors d&#039;Estructures | ACE","publisher":{"@id":"https:\/\/aceweb.cat\/#organization"},"alternateName":"ACE","potentialAction":[{"@type":"SearchAction","target":{"@type":"EntryPoint","urlTemplate":"https:\/\/aceweb.cat\/?s={search_term_string}"},"query-input":{"@type":"PropertyValueSpecification","valueRequired":true,"valueName":"search_term_string"}}],"inLanguage":"es"},{"@type":"Organization","@id":"https:\/\/aceweb.cat\/#organization","name":"ACE","alternateName":"ACE","url":"https:\/\/aceweb.cat\/","logo":{"@type":"ImageObject","inLanguage":"es","@id":"https:\/\/aceweb.cat\/#\/schema\/logo\/image\/","url":"https:\/\/aceweb.cat\/wp-content\/uploads\/2022\/10\/logo.svg","contentUrl":"https:\/\/aceweb.cat\/wp-content\/uploads\/2022\/10\/logo.svg","width":1,"height":1,"caption":"ACE"},"image":{"@id":"https:\/\/aceweb.cat\/#\/schema\/logo\/image\/"}}]}},"_links":{"self":[{"href":"https:\/\/aceweb.cat\/es\/wp-json\/wp\/v2\/product\/46309","targetHints":{"allow":["GET"]}}],"collection":[{"href":"https:\/\/aceweb.cat\/es\/wp-json\/wp\/v2\/product"}],"about":[{"href":"https:\/\/aceweb.cat\/es\/wp-json\/wp\/v2\/types\/product"}],"version-history":[{"count":2,"href":"https:\/\/aceweb.cat\/es\/wp-json\/wp\/v2\/product\/46309\/revisions"}],"predecessor-version":[{"id":46403,"href":"https:\/\/aceweb.cat\/es\/wp-json\/wp\/v2\/product\/46309\/revisions\/46403"}],"wp:featuredmedia":[{"embeddable":true,"href":"https:\/\/aceweb.cat\/es\/wp-json\/wp\/v2\/media\/46326"}],"wp:attachment":[{"href":"https:\/\/aceweb.cat\/es\/wp-json\/wp\/v2\/media?parent=46309"}],"wp:term":[{"taxonomy":"product_brand","embeddable":true,"href":"https:\/\/aceweb.cat\/es\/wp-json\/wp\/v2\/product_brand?post=46309"},{"taxonomy":"product_cat","embeddable":true,"href":"https:\/\/aceweb.cat\/es\/wp-json\/wp\/v2\/product_cat?post=46309"},{"taxonomy":"product_tag","embeddable":true,"href":"https:\/\/aceweb.cat\/es\/wp-json\/wp\/v2\/product_tag?post=46309"}],"curies":[{"name":"wp","href":"https:\/\/api.w.org\/{rel}","templated":true}]}}