{"id":47013,"date":"2025-12-09T20:25:26","date_gmt":"2025-12-09T20:25:26","guid":{"rendered":"https:\/\/aceweb.cat\/?post_type=product&#038;p=47013"},"modified":"2025-12-10T13:13:38","modified_gmt":"2025-12-10T13:13:38","slug":"quaderns-destructures-85","status":"publish","type":"product","link":"https:\/\/aceweb.cat\/es\/producto\/quaderns-destructures-85\/","title":{"rendered":"Quaderns d&#8217;Estructures 85"},"content":{"rendered":"<p>Este n\u00famero incluye:<\/p>\n<h2><strong>1. Editorial<\/strong><\/h2>\n<p>Articulo redactado por <strong>Laure\u00e0 Mir\u00f3 Bretos<\/strong>. Descarga la revista para conocer a\u00a0 la ACE:<br \/>\n\u00ab<em>ACE siempre se ha caracterizado por disponer de numerosos socios y socias que, de forma generosa y altruista, <\/em><em>colaboran en actividades muy diversas, dedicando su tiempo y conocimientos con el objeto de crear comunidad y <\/em><em>hacer crecer nuestra asociaci\u00f3n. Este es el verdadero sentido de nuestra entidad, y el sentimiento de pertenencia <\/em><em>y de lealtad hacia ella es el que nos da relevancia ante la sociedad y nos hace fuertes en el sector.<\/em>\u00bb<\/p>\n<h2>2. Capitalizando el conocimiento en consultoria estructural con inteligencia artificial<\/h2>\n<p>Articulo redactado por <strong>Carles Farr\u00e9 Serra<\/strong>. Descarga la revista para conocer como utilizar la inteligencia artificial en los despacho de consultor\u00eda estructural:<br \/>\n\u00ab<em>Una de las grandes virtudes de la inteligencia artificial <\/em><em>es su capacidad para \u00abrecordar\u00bb, o lo que llamamos<\/em><br \/>\n<em>\u00abmemoria\u00bb. Esto no solo permite que pueda retener informaci\u00f3n <\/em><em>a lo largo de m\u00faltiples interacciones, sino <\/em><em>tambi\u00e9n conservar y aplicar conocimiento sin intervenci\u00f3n <\/em><em>humana, algo que, bien implementado en una <\/em><em>empresa, representa una ventaja competitiva dif\u00edcil de <\/em><em>igualar. Al encapsular tu experiencia en un modelo o<\/em><br \/>\n<em>emplearla como contexto para grandes modelos generativos, <\/em><em>puedes distribuir y aprovechar el conocimiento<\/em><br \/>\n<em>de formas in\u00e9ditas.<\/em><br \/>\n<em>Cuando exploramos c\u00f3mo aplicar la IA al \u00e1mbito de <\/em><em>las estructuras, los conceptos clave siempre se repiten:<\/em><br \/>\n<em>aprovechar nuestros datos, mejorar la toma de decisiones, <\/em><em>automatizar procesos y optimizar resultados, entre<\/em><br \/>\n<em>otros.<\/em>\u00bb<\/p>\n<h2>3.\u00a0 Simulaciones CFD para el c\u00e1lculo de estructuras con FALCON<\/h2>\n<p>Articulo redactado por <strong>Manuel Amicone<\/strong><span style=\"font-size: 16px;\">. Descarga la revista para conocer como utilizar la herramienta FALCON:<\/span><\/p>\n<p>\u00ab<em>La determinaci\u00f3n de las cargas de viento en las estructuras <\/em><em>es una tem\u00e1tica compleja que se aborda mediante<\/em><br \/>\n<em>la transformaci\u00f3n a una \u00abcarga est\u00e1tica equivalente\u00bb. <\/em><em>Tanto los euroc\u00f3digos como las normas americanas<\/em><br \/>\n<em>adoptan este enfoque, calculando la fuerza que el viento <\/em><em>ejerce sobre la estructura como una presi\u00f3n aplicada<\/em><br \/>\n<em>en un \u00e1rea afectada por distintos coeficientes dependientes <\/em><em>de la forma de la estructura, \u00e1rea cargada, riesgo, topograf\u00eda&#8230;<\/em><br \/>\n<em>Adem\u00e1s, las normas coinciden en adoptar \u00abvelocidades <\/em><em>caracter\u00edsticas\u00bb dependientes de zonas geogr\u00e1ficas<\/em><br \/>\n<em>que, afect\u00e1ndolas por rugosidades de los distintos <\/em><em>terrenos posibles, dan como resultado perfiles de presi\u00f3n<\/em><br \/>\n<em>de viento incidente.<\/em>\u00bb<\/p>\n<h2>4. Transformaci\u00f3n digital en 2026 de la obligaci\u00f3n a la oportunidad<\/h2>\n<p>Articulo redactado por <strong>Miquel Descl\u00f2s i Chlo\u00e9 S\u00e1nchez<\/strong>. Descarga la revista para conocer la novedades en las nuevas obligaciones:<br \/>\n\u00ab<em>La transformaci\u00f3n digital en la gesti\u00f3n de empresas lleva <\/em><em>a\u00f1os avanzando. Sin embargo, hasta ahora, hab\u00eda<\/em><br \/>\n<em>sido m\u00e1s una decisi\u00f3n estrat\u00e9gica que una exigencia normativa. <\/em><em>En este sentido, 2026 marca un punto de inflexi\u00f3n. <\/em><em>Buenos ejemplos de ello son la entrada en vigor <\/em><em>del sistema VeriFactu, que modificar\u00e1 la forma de emitir <\/em><em>y conservar facturas, y la implantaci\u00f3n definitiva del <\/em><em>registro horario digital, que sustituir\u00e1 los m\u00e9todos manuales <\/em><em>por soluciones verificables y accesibles en tiempo <\/em><em>real.<\/em><span style=\"font-size: 16px;\">\u00ab<\/span><\/p>\n<h2>5. La viga Vierendeel, una tipolog\u00eda innovadora<\/h2>\n<p>Articulo redactado por\u00a0 <b>Josep Maria Pons-Poblet i Laure\u00e0 Mir\u00f3 Bretos.<\/b> Descarga la revista para conocer como se patent\u00f3 una nueva tipologia de viga:<br \/>\n\u00ab<em>A finales del siglo XIX, el ingeniero belga Jules Arthur Vierendeel (1852-1940) present\u00f3 la patente de una nueva tipolog\u00eda de viga (conocida posteriormente como viga Vierendeel). Caracterizada por la ausencia de diagonales en su entramado, parec\u00eda contradecir las condiciones de estabilidad y equilibrio, hecho que, junto con la elevada deformaci\u00f3n y la dificultad de c\u00e1lculo, llev\u00f3 a que los t\u00e9cnicos de la \u00e9poca dudaran de su viabilidad. <\/em><\/p>\n<p><em>A pesar de ello, su uso se populariz\u00f3 a lo largo del siglo XX, siendo utilizada tanto en ingenier\u00eda civil como en arquitectura. \u00bfCu\u00e1l es la ventaja de la viga Vierendeel frente a otras tipolog\u00edas, como las celos\u00edas con diagonales? En este art\u00edculo se presenta esta tipolog\u00eda y sus caracter\u00edsticas principales, el c\u00e1lculo, as\u00ed como la implementaci\u00f3n en obras de ingenier\u00eda civil y de arquitectura.<\/em>\u00bb<\/p>\n<h2>6. <strong>Lista de miembros de la Asociaci\u00f3n\u00a0<\/strong><\/h2>\n<p>Conoce los miembros de la Associaci\u00f3 de Consultors d&#8217;Estructures. Podr\u00e1s ver los nuevos integrantes que participan para reconocimiento de la profesi\u00f3n en el mundo de la construcci\u00f3n.<\/p>\n","protected":false},"excerpt":{"rendered":"<ul>\n<li>1. Editorial<\/li>\n<li>2. Capitalizando el conocimiento en consultor\u00eda estructural con Inteligencia Artificial<\/li>\n<li>3. Simulaciones CFD para el c\u00e1lculo de estructuras con FALCON<\/li>\n<li>4. Transformaci\u00f3n digital en 2026, de la obligaci\u00f3n<\/li>\n<li>5. La viga Vierendeel, una tipolog\u00eda innovadora<\/li>\n<li>6.Lista de miembros de la asociaci\u00f3n.<\/li>\n<\/ul>\n","protected":false},"featured_media":47025,"template":"","meta":{"_acf_changed":false,"site-sidebar-layout":"default","site-content-layout":"default","ast-global-header-display":"","ast-main-header-display":"","ast-hfb-above-header-display":"","ast-hfb-below-header-display":"","ast-hfb-mobile-header-display":"","site-post-title":"","ast-breadcrumbs-content":"","ast-featured-img":"","footer-sml-layout":"","theme-transparent-header-meta":"default","adv-header-id-meta":"","stick-header-meta":"","header-above-stick-meta":"","header-main-stick-meta":"","header-below-stick-meta":""},"product_brand":[],"product_cat":[595],"product_tag":[],"class_list":{"0":"post-47013","1":"product","2":"type-product","3":"status-publish","4":"has-post-thumbnail","6":"product_cat-cuaderno-de-estructuras","7":"desktop-align-left","8":"tablet-align-left","9":"mobile-align-left","11":"first","12":"instock","13":"taxable","14":"shipping-taxable","15":"purchasable","16":"product-type-variable","17":"has-default-attributes"},"acf":[],"yoast_head":"<!-- This site is optimized with the Yoast SEO plugin v27.1.1 - https:\/\/yoast.com\/product\/yoast-seo-wordpress\/ -->\n<title>Quaderns d&#039;Estructures 85 | ACE<\/title>\n<meta name=\"description\" content=\"Revista n\u00ba 85 con art\u00edculos de actualidad que tratan sobre la construcci\u00f3n de estructuras y que publica la Asociaci\u00f3n de Consultores de Estructuras (ACE).\" \/>\n<meta name=\"robots\" content=\"index, follow, max-snippet:-1, max-image-preview:large, max-video-preview:-1\" \/>\n<link rel=\"canonical\" href=\"https:\/\/aceweb.cat\/es\/producto\/quaderns-destructures-85\/\" \/>\n<meta property=\"og:locale\" content=\"es_ES\" \/>\n<meta property=\"og:type\" content=\"article\" \/>\n<meta property=\"og:title\" content=\"Quaderns d&#039;Estructures 85 | ACE\" \/>\n<meta property=\"og:description\" content=\"Revista n\u00ba 85 con art\u00edculos de actualidad que tratan sobre la construcci\u00f3n de estructuras y que publica la Asociaci\u00f3n de Consultores de Estructuras (ACE).\" \/>\n<meta property=\"og:url\" content=\"https:\/\/aceweb.cat\/es\/producto\/quaderns-destructures-85\/\" \/>\n<meta property=\"og:site_name\" content=\"aceweb.cat\" \/>\n<meta property=\"article:modified_time\" content=\"2025-12-10T13:13:38+00:00\" \/>\n<meta property=\"og:image\" content=\"https:\/\/aceweb.cat\/wp-content\/uploads\/2025\/12\/portada-85-scaled-e1765356565401.jpg\" \/>\n\t<meta property=\"og:image:width\" content=\"1810\" \/>\n\t<meta property=\"og:image:height\" content=\"2560\" \/>\n\t<meta property=\"og:image:type\" content=\"image\/jpeg\" \/>\n<meta name=\"twitter:card\" content=\"summary_large_image\" \/>\n<meta name=\"twitter:label1\" content=\"Tiempo de lectura\" \/>\n\t<meta name=\"twitter:data1\" content=\"4 minutos\" \/>\n<script type=\"application\/ld+json\" class=\"yoast-schema-graph\">{\"@context\":\"https:\/\/schema.org\",\"@graph\":[{\"@type\":\"WebPage\",\"@id\":\"https:\/\/aceweb.cat\/es\/producto\/quaderns-destructures-85\/\",\"url\":\"https:\/\/aceweb.cat\/es\/producto\/quaderns-destructures-85\/\",\"name\":\"Quaderns d'Estructures 85 | ACE\",\"isPartOf\":{\"@id\":\"https:\/\/aceweb.cat\/#website\"},\"primaryImageOfPage\":{\"@id\":\"https:\/\/aceweb.cat\/es\/producto\/quaderns-destructures-85\/#primaryimage\"},\"image\":{\"@id\":\"https:\/\/aceweb.cat\/es\/producto\/quaderns-destructures-85\/#primaryimage\"},\"thumbnailUrl\":\"https:\/\/aceweb.cat\/wp-content\/uploads\/2025\/12\/portada-85-scaled-e1765356565401.jpg\",\"datePublished\":\"2025-12-09T20:25:26+00:00\",\"dateModified\":\"2025-12-10T13:13:38+00:00\",\"description\":\"Revista n\u00ba 85 con art\u00edculos de actualidad que tratan sobre la construcci\u00f3n de estructuras y que publica la Asociaci\u00f3n de Consultores de Estructuras (ACE).\",\"breadcrumb\":{\"@id\":\"https:\/\/aceweb.cat\/es\/producto\/quaderns-destructures-85\/#breadcrumb\"},\"inLanguage\":\"es\",\"potentialAction\":[{\"@type\":\"ReadAction\",\"target\":[\"https:\/\/aceweb.cat\/es\/producto\/quaderns-destructures-85\/\"]}]},{\"@type\":\"ImageObject\",\"inLanguage\":\"es\",\"@id\":\"https:\/\/aceweb.cat\/es\/producto\/quaderns-destructures-85\/#primaryimage\",\"url\":\"https:\/\/aceweb.cat\/wp-content\/uploads\/2025\/12\/portada-85-scaled-e1765356565401.jpg\",\"contentUrl\":\"https:\/\/aceweb.cat\/wp-content\/uploads\/2025\/12\/portada-85-scaled-e1765356565401.jpg\",\"width\":1810,\"height\":2560},{\"@type\":\"BreadcrumbList\",\"@id\":\"https:\/\/aceweb.cat\/es\/producto\/quaderns-destructures-85\/#breadcrumb\",\"itemListElement\":[{\"@type\":\"ListItem\",\"position\":1,\"name\":\"Inici\",\"item\":\"https:\/\/aceweb.cat\/\"},{\"@type\":\"ListItem\",\"position\":2,\"name\":\"Tienda\",\"item\":\"https:\/\/aceweb.cat\/es\/tienda\/\"},{\"@type\":\"ListItem\",\"position\":3,\"name\":\"Quadern d\u2019Estructures\",\"item\":\"https:\/\/aceweb.cat\/es\/categoria-producto\/cuaderno-de-estructuras\/\"},{\"@type\":\"ListItem\",\"position\":4,\"name\":\"Quaderns d&#8217;Estructures 85\"}]},{\"@type\":\"WebSite\",\"@id\":\"https:\/\/aceweb.cat\/#website\",\"url\":\"https:\/\/aceweb.cat\/\",\"name\":\"ACE\",\"description\":\"Associaci\u00f3 de Consultors d&#039;Estructures | ACE\",\"publisher\":{\"@id\":\"https:\/\/aceweb.cat\/#organization\"},\"alternateName\":\"ACE\",\"potentialAction\":[{\"@type\":\"SearchAction\",\"target\":{\"@type\":\"EntryPoint\",\"urlTemplate\":\"https:\/\/aceweb.cat\/?s={search_term_string}\"},\"query-input\":{\"@type\":\"PropertyValueSpecification\",\"valueRequired\":true,\"valueName\":\"search_term_string\"}}],\"inLanguage\":\"es\"},{\"@type\":\"Organization\",\"@id\":\"https:\/\/aceweb.cat\/#organization\",\"name\":\"ACE\",\"alternateName\":\"ACE\",\"url\":\"https:\/\/aceweb.cat\/\",\"logo\":{\"@type\":\"ImageObject\",\"inLanguage\":\"es\",\"@id\":\"https:\/\/aceweb.cat\/#\/schema\/logo\/image\/\",\"url\":\"https:\/\/aceweb.cat\/wp-content\/uploads\/2022\/10\/logo.svg\",\"contentUrl\":\"https:\/\/aceweb.cat\/wp-content\/uploads\/2022\/10\/logo.svg\",\"width\":1,\"height\":1,\"caption\":\"ACE\"},\"image\":{\"@id\":\"https:\/\/aceweb.cat\/#\/schema\/logo\/image\/\"}}]}<\/script>\n<!-- \/ Yoast SEO plugin. -->","yoast_head_json":{"title":"Quaderns d'Estructures 85 | ACE","description":"Revista n\u00ba 85 con art\u00edculos de actualidad que tratan sobre la construcci\u00f3n de estructuras y que publica la Asociaci\u00f3n de Consultores de Estructuras (ACE).","robots":{"index":"index","follow":"follow","max-snippet":"max-snippet:-1","max-image-preview":"max-image-preview:large","max-video-preview":"max-video-preview:-1"},"canonical":"https:\/\/aceweb.cat\/es\/producto\/quaderns-destructures-85\/","og_locale":"es_ES","og_type":"article","og_title":"Quaderns d'Estructures 85 | ACE","og_description":"Revista n\u00ba 85 con art\u00edculos de actualidad que tratan sobre la construcci\u00f3n de estructuras y que publica la Asociaci\u00f3n de Consultores de Estructuras (ACE).","og_url":"https:\/\/aceweb.cat\/es\/producto\/quaderns-destructures-85\/","og_site_name":"aceweb.cat","article_modified_time":"2025-12-10T13:13:38+00:00","og_image":[{"width":1810,"height":2560,"url":"https:\/\/aceweb.cat\/wp-content\/uploads\/2025\/12\/portada-85-scaled-e1765356565401.jpg","type":"image\/jpeg"}],"twitter_card":"summary_large_image","twitter_misc":{"Tiempo de lectura":"4 minutos"},"schema":{"@context":"https:\/\/schema.org","@graph":[{"@type":"WebPage","@id":"https:\/\/aceweb.cat\/es\/producto\/quaderns-destructures-85\/","url":"https:\/\/aceweb.cat\/es\/producto\/quaderns-destructures-85\/","name":"Quaderns d'Estructures 85 | ACE","isPartOf":{"@id":"https:\/\/aceweb.cat\/#website"},"primaryImageOfPage":{"@id":"https:\/\/aceweb.cat\/es\/producto\/quaderns-destructures-85\/#primaryimage"},"image":{"@id":"https:\/\/aceweb.cat\/es\/producto\/quaderns-destructures-85\/#primaryimage"},"thumbnailUrl":"https:\/\/aceweb.cat\/wp-content\/uploads\/2025\/12\/portada-85-scaled-e1765356565401.jpg","datePublished":"2025-12-09T20:25:26+00:00","dateModified":"2025-12-10T13:13:38+00:00","description":"Revista n\u00ba 85 con art\u00edculos de actualidad que tratan sobre la construcci\u00f3n de estructuras y que publica la Asociaci\u00f3n de Consultores de Estructuras (ACE).","breadcrumb":{"@id":"https:\/\/aceweb.cat\/es\/producto\/quaderns-destructures-85\/#breadcrumb"},"inLanguage":"es","potentialAction":[{"@type":"ReadAction","target":["https:\/\/aceweb.cat\/es\/producto\/quaderns-destructures-85\/"]}]},{"@type":"ImageObject","inLanguage":"es","@id":"https:\/\/aceweb.cat\/es\/producto\/quaderns-destructures-85\/#primaryimage","url":"https:\/\/aceweb.cat\/wp-content\/uploads\/2025\/12\/portada-85-scaled-e1765356565401.jpg","contentUrl":"https:\/\/aceweb.cat\/wp-content\/uploads\/2025\/12\/portada-85-scaled-e1765356565401.jpg","width":1810,"height":2560},{"@type":"BreadcrumbList","@id":"https:\/\/aceweb.cat\/es\/producto\/quaderns-destructures-85\/#breadcrumb","itemListElement":[{"@type":"ListItem","position":1,"name":"Inici","item":"https:\/\/aceweb.cat\/"},{"@type":"ListItem","position":2,"name":"Tienda","item":"https:\/\/aceweb.cat\/es\/tienda\/"},{"@type":"ListItem","position":3,"name":"Quadern d\u2019Estructures","item":"https:\/\/aceweb.cat\/es\/categoria-producto\/cuaderno-de-estructuras\/"},{"@type":"ListItem","position":4,"name":"Quaderns d&#8217;Estructures 85"}]},{"@type":"WebSite","@id":"https:\/\/aceweb.cat\/#website","url":"https:\/\/aceweb.cat\/","name":"ACE","description":"Associaci\u00f3 de Consultors d&#039;Estructures | ACE","publisher":{"@id":"https:\/\/aceweb.cat\/#organization"},"alternateName":"ACE","potentialAction":[{"@type":"SearchAction","target":{"@type":"EntryPoint","urlTemplate":"https:\/\/aceweb.cat\/?s={search_term_string}"},"query-input":{"@type":"PropertyValueSpecification","valueRequired":true,"valueName":"search_term_string"}}],"inLanguage":"es"},{"@type":"Organization","@id":"https:\/\/aceweb.cat\/#organization","name":"ACE","alternateName":"ACE","url":"https:\/\/aceweb.cat\/","logo":{"@type":"ImageObject","inLanguage":"es","@id":"https:\/\/aceweb.cat\/#\/schema\/logo\/image\/","url":"https:\/\/aceweb.cat\/wp-content\/uploads\/2022\/10\/logo.svg","contentUrl":"https:\/\/aceweb.cat\/wp-content\/uploads\/2022\/10\/logo.svg","width":1,"height":1,"caption":"ACE"},"image":{"@id":"https:\/\/aceweb.cat\/#\/schema\/logo\/image\/"}}]}},"_links":{"self":[{"href":"https:\/\/aceweb.cat\/es\/wp-json\/wp\/v2\/product\/47013","targetHints":{"allow":["GET"]}}],"collection":[{"href":"https:\/\/aceweb.cat\/es\/wp-json\/wp\/v2\/product"}],"about":[{"href":"https:\/\/aceweb.cat\/es\/wp-json\/wp\/v2\/types\/product"}],"version-history":[{"count":2,"href":"https:\/\/aceweb.cat\/es\/wp-json\/wp\/v2\/product\/47013\/revisions"}],"predecessor-version":[{"id":47046,"href":"https:\/\/aceweb.cat\/es\/wp-json\/wp\/v2\/product\/47013\/revisions\/47046"}],"wp:featuredmedia":[{"embeddable":true,"href":"https:\/\/aceweb.cat\/es\/wp-json\/wp\/v2\/media\/47025"}],"wp:attachment":[{"href":"https:\/\/aceweb.cat\/es\/wp-json\/wp\/v2\/media?parent=47013"}],"wp:term":[{"taxonomy":"product_brand","embeddable":true,"href":"https:\/\/aceweb.cat\/es\/wp-json\/wp\/v2\/product_brand?post=47013"},{"taxonomy":"product_cat","embeddable":true,"href":"https:\/\/aceweb.cat\/es\/wp-json\/wp\/v2\/product_cat?post=47013"},{"taxonomy":"product_tag","embeddable":true,"href":"https:\/\/aceweb.cat\/es\/wp-json\/wp\/v2\/product_tag?post=47013"}],"curies":[{"name":"wp","href":"https:\/\/api.w.org\/{rel}","templated":true}]}}