{"id":47262,"date":"2026-03-13T11:55:09","date_gmt":"2026-03-13T11:55:09","guid":{"rendered":"https:\/\/aceweb.cat\/?post_type=product&#038;p=47262"},"modified":"2026-03-18T17:34:43","modified_gmt":"2026-03-18T17:34:43","slug":"curso-de-sostenibilidad-en-las-estructuras-2025-copia","status":"publish","type":"product","link":"https:\/\/aceweb.cat\/es\/producto\/curso-de-sostenibilidad-en-las-estructuras-2025-copia\/","title":{"rendered":"Formaci\u00f3n de t\u00e9cnicos de soporte a Bombers en caso de emergencia"},"content":{"rendered":"<p>Cuando los da\u00f1os ocasionados por un desastre natural son de gran alcance, es necesario disponer de un gran volumen de t\u00e9cnicos para evaluar de manera r\u00e1pida la habitabilidad estructural de los edificios. La aportaci\u00f3n de t\u00e9cnicos voluntarios que puedan actuar como apoyo al Cuerpo de Bomberos ayudar\u00e1 en gran medida al restablecimiento de la normalidad para muchas familias.<\/p>\n<p>Este curso est\u00e1 orientado a formar t\u00e9cnicos que de manera voluntaria puedan colaborar de manera coordinada con Bombers en la evaluaci\u00f3n de la habitabilidad estructural de los edificios, de acuerdo con su metodolog\u00eda. Este primer curso, adem\u00e1s de preparar a los voluntarios para operar conjuntamente con Bombers en caso de una emergencia de gran magnitud, profundiza en la vulnerabilidad s\u00edsmica de los edificios.<\/p>\n<p>Los t\u00e9cnicos que obtengan una evaluaci\u00f3n satisfactoria en el curso podr\u00e1n formar parte del <strong>Grupo de T\u00e9cnicos Voluntarios<\/strong> especialistas en estructuras que, gestionado por la ACE, podr\u00e1n ser movilizados en caso de necesidad por el cuerpo de Bombers.<\/p>\n<p>Este curso cuenta con la colaboraci\u00f3n de Bombers, Protecci\u00f3n Civil y de la asociaci\u00f3n francesa AFPS, Association Fran\u00e7aise du G\u00e9nie Parasismique (<a href=\"https:\/\/www.afps-seisme.org\/\">https:\/\/www.afps-seisme.org\/<\/a>).<\/p>\n<p>&nbsp;<\/p>\n<h4>A parte del pago, no\u00a0 olvides hacer la inscripci\u00f3n en:<\/h4>\n<div class=\"wp-block-button\"><a class=\"wp-block-button__link has-text-align-left wp-element-button\" href=\"https:\/\/forms.gle\/jufN1W2JhRfMgYxs6\" target=\"_blank\" rel=\"noreferrer noopener\"><strong><mark class=\"has-inline-color has-ast-global-color-1-color\" style=\"background-color: rgba(0, 0, 0, 0);\">Formulario de inscripci\u00f3n<\/mark><\/strong><\/a><\/div>\n<p>&nbsp;<\/p>\n<h4>M\u00e1s informaci\u00f3n:<\/h4>\n<div class=\"wp-block-button\"><a class=\"wp-block-button__link has-text-align-left wp-element-button\" href=\"https:\/\/www.dropbox.com\/scl\/fi\/dm781075igvxgxhewl31v\/Formaci-t-cnics-voluntaris-suport-bombers-2026.pdf?rlkey=8rwo82gzlnbb2gtjxml3t8nid&amp;dl=0\" target=\"_blank\" rel=\"noreferrer noopener\"><strong><mark class=\"has-inline-color has-ast-global-color-1-color\" style=\"background-color: rgba(0, 0, 0, 0);\">Informaci\u00f3n<\/mark><\/strong><\/a><\/div>\n","protected":false},"excerpt":{"rendered":"<p>Este curso est\u00e1 orientado a formar t\u00e9cnicos que de manera voluntaria puedan colaborar de manera coordinada con Bombers en la evaluaci\u00f3n de la habitabilidad estructural de los edificios, de acuerdo con su metodolog\u00eda. Este primer curso, adem\u00e1s de preparar a los voluntarios para operar conjuntamente con Bombers en caso de una emergencia de gran magnitud, profundiza en la vulnerabilidad s\u00edsmica de los edificios.<\/p>\n<p>Los t\u00e9cnicos que obtengan una evaluaci\u00f3n satisfactoria en el curso podr\u00e1n formar parte del <strong>Grupo de T\u00e9cnicos Voluntarios<\/strong> especialistas en estructuras que, gestionado por la ACE, podr\u00e1n ser movilizados en caso de necesidad por el cuerpo de Bombers.<\/p>\n","protected":false},"featured_media":47250,"template":"","meta":{"_acf_changed":false,"site-sidebar-layout":"default","site-content-layout":"default","ast-global-header-display":"","ast-main-header-display":"","ast-hfb-above-header-display":"","ast-hfb-below-header-display":"","ast-hfb-mobile-header-display":"","site-post-title":"","ast-breadcrumbs-content":"","ast-featured-img":"","footer-sml-layout":"","theme-transparent-header-meta":"default","adv-header-id-meta":"","stick-header-meta":"","header-above-stick-meta":"","header-main-stick-meta":"","header-below-stick-meta":""},"product_brand":[],"product_cat":[1470],"product_tag":[],"class_list":{"0":"post-47262","1":"product","2":"type-product","3":"status-publish","4":"has-post-thumbnail","6":"product_cat-jornadas-cursos","7":"desktop-align-left","8":"tablet-align-left","9":"mobile-align-left","11":"first","12":"instock","13":"purchasable","14":"product-type-simple"},"acf":[],"yoast_head":"<!-- This site is optimized with the Yoast SEO plugin v27.1.1 - https:\/\/yoast.com\/product\/yoast-seo-wordpress\/ -->\n<title>FORMACI\u00d3N T\u00c9CNICOS SOPORTE A BOMBERS ACE\/AFPS 2026<\/title>\n<meta name=\"description\" content=\"Este curso est\u00e1 orientado a formar t\u00e9cnicos que de manera voluntaria puedan colaborar de manera coordinada con Bombers en la evaluaci\u00f3n de la habitabilidad estructural de los edificios, de acuerdo con su metodolog\u00eda. Este primer curso, adem\u00e1s de preparar a los voluntarios para operar conjuntamente con Bombers en caso de una emergencia de gran magnitud, profundiza en la vulnerabilidad s\u00edsmica de los edificios.\" \/>\n<meta name=\"robots\" content=\"index, follow, max-snippet:-1, max-image-preview:large, max-video-preview:-1\" \/>\n<link rel=\"canonical\" href=\"https:\/\/aceweb.cat\/es\/producto\/curso-de-sostenibilidad-en-las-estructuras-2025-copia\/\" \/>\n<meta property=\"og:locale\" content=\"es_ES\" \/>\n<meta property=\"og:type\" content=\"article\" \/>\n<meta property=\"og:title\" content=\"FORMACI\u00d3N T\u00c9CNICOS SOPORTE A BOMBERS ACE\/AFPS 2026\" \/>\n<meta property=\"og:description\" content=\"Este curso est\u00e1 orientado a formar t\u00e9cnicos que de manera voluntaria puedan colaborar de manera coordinada con Bombers en la evaluaci\u00f3n de la habitabilidad estructural de los edificios, de acuerdo con su metodolog\u00eda. Este primer curso, adem\u00e1s de preparar a los voluntarios para operar conjuntamente con Bombers en caso de una emergencia de gran magnitud, profundiza en la vulnerabilidad s\u00edsmica de los edificios.\" \/>\n<meta property=\"og:url\" content=\"https:\/\/aceweb.cat\/es\/producto\/curso-de-sostenibilidad-en-las-estructuras-2025-copia\/\" \/>\n<meta property=\"og:site_name\" content=\"aceweb.cat\" \/>\n<meta property=\"article:modified_time\" content=\"2026-03-18T17:34:43+00:00\" \/>\n<meta property=\"og:image\" content=\"https:\/\/aceweb.cat\/wp-content\/uploads\/2026\/03\/Curs_tecnics_voluntaris_01-scaled.jpg\" \/>\n\t<meta property=\"og:image:width\" content=\"2560\" \/>\n\t<meta property=\"og:image:height\" content=\"1922\" \/>\n\t<meta property=\"og:image:type\" content=\"image\/jpeg\" \/>\n<meta name=\"twitter:card\" content=\"summary_large_image\" \/>\n<meta name=\"twitter:label1\" content=\"Tiempo de lectura\" \/>\n\t<meta name=\"twitter:data1\" content=\"2 minutos\" \/>\n<script type=\"application\/ld+json\" class=\"yoast-schema-graph\">{\"@context\":\"https:\/\/schema.org\",\"@graph\":[{\"@type\":\"WebPage\",\"@id\":\"https:\/\/aceweb.cat\/es\/producto\/curso-de-sostenibilidad-en-las-estructuras-2025-copia\/\",\"url\":\"https:\/\/aceweb.cat\/es\/producto\/curso-de-sostenibilidad-en-las-estructuras-2025-copia\/\",\"name\":\"FORMACI\u00d3N T\u00c9CNICOS SOPORTE A BOMBERS ACE\/AFPS 2026\",\"isPartOf\":{\"@id\":\"https:\/\/aceweb.cat\/#website\"},\"primaryImageOfPage\":{\"@id\":\"https:\/\/aceweb.cat\/es\/producto\/curso-de-sostenibilidad-en-las-estructuras-2025-copia\/#primaryimage\"},\"image\":{\"@id\":\"https:\/\/aceweb.cat\/es\/producto\/curso-de-sostenibilidad-en-las-estructuras-2025-copia\/#primaryimage\"},\"thumbnailUrl\":\"https:\/\/aceweb.cat\/wp-content\/uploads\/2026\/03\/Curs_tecnics_voluntaris_01-scaled.jpg\",\"datePublished\":\"2026-03-13T11:55:09+00:00\",\"dateModified\":\"2026-03-18T17:34:43+00:00\",\"description\":\"Este curso est\u00e1 orientado a formar t\u00e9cnicos que de manera voluntaria puedan colaborar de manera coordinada con Bombers en la evaluaci\u00f3n de la habitabilidad estructural de los edificios, de acuerdo con su metodolog\u00eda. Este primer curso, adem\u00e1s de preparar a los voluntarios para operar conjuntamente con Bombers en caso de una emergencia de gran magnitud, profundiza en la vulnerabilidad s\u00edsmica de los edificios.\",\"breadcrumb\":{\"@id\":\"https:\/\/aceweb.cat\/es\/producto\/curso-de-sostenibilidad-en-las-estructuras-2025-copia\/#breadcrumb\"},\"inLanguage\":\"es\",\"potentialAction\":[{\"@type\":\"ReadAction\",\"target\":[\"https:\/\/aceweb.cat\/es\/producto\/curso-de-sostenibilidad-en-las-estructuras-2025-copia\/\"]}]},{\"@type\":\"ImageObject\",\"inLanguage\":\"es\",\"@id\":\"https:\/\/aceweb.cat\/es\/producto\/curso-de-sostenibilidad-en-las-estructuras-2025-copia\/#primaryimage\",\"url\":\"https:\/\/aceweb.cat\/wp-content\/uploads\/2026\/03\/Curs_tecnics_voluntaris_01-scaled.jpg\",\"contentUrl\":\"https:\/\/aceweb.cat\/wp-content\/uploads\/2026\/03\/Curs_tecnics_voluntaris_01-scaled.jpg\",\"width\":2560,\"height\":1922},{\"@type\":\"BreadcrumbList\",\"@id\":\"https:\/\/aceweb.cat\/es\/producto\/curso-de-sostenibilidad-en-las-estructuras-2025-copia\/#breadcrumb\",\"itemListElement\":[{\"@type\":\"ListItem\",\"position\":1,\"name\":\"Inici\",\"item\":\"https:\/\/aceweb.cat\/\"},{\"@type\":\"ListItem\",\"position\":2,\"name\":\"Tienda\",\"item\":\"https:\/\/aceweb.cat\/es\/tienda\/\"},{\"@type\":\"ListItem\",\"position\":3,\"name\":\"Jornadas-Cursos\",\"item\":\"https:\/\/aceweb.cat\/es\/categoria-producto\/jornadas-cursos\/\"},{\"@type\":\"ListItem\",\"position\":4,\"name\":\"Formaci\u00f3n de t\u00e9cnicos de soporte a Bombers en caso de emergencia\"}]},{\"@type\":\"WebSite\",\"@id\":\"https:\/\/aceweb.cat\/#website\",\"url\":\"https:\/\/aceweb.cat\/\",\"name\":\"ACE\",\"description\":\"Associaci\u00f3 de Consultors d&#039;Estructures | ACE\",\"publisher\":{\"@id\":\"https:\/\/aceweb.cat\/#organization\"},\"alternateName\":\"ACE\",\"potentialAction\":[{\"@type\":\"SearchAction\",\"target\":{\"@type\":\"EntryPoint\",\"urlTemplate\":\"https:\/\/aceweb.cat\/?s={search_term_string}\"},\"query-input\":{\"@type\":\"PropertyValueSpecification\",\"valueRequired\":true,\"valueName\":\"search_term_string\"}}],\"inLanguage\":\"es\"},{\"@type\":\"Organization\",\"@id\":\"https:\/\/aceweb.cat\/#organization\",\"name\":\"ACE\",\"alternateName\":\"ACE\",\"url\":\"https:\/\/aceweb.cat\/\",\"logo\":{\"@type\":\"ImageObject\",\"inLanguage\":\"es\",\"@id\":\"https:\/\/aceweb.cat\/#\/schema\/logo\/image\/\",\"url\":\"https:\/\/aceweb.cat\/wp-content\/uploads\/2022\/10\/logo.svg\",\"contentUrl\":\"https:\/\/aceweb.cat\/wp-content\/uploads\/2022\/10\/logo.svg\",\"width\":1,\"height\":1,\"caption\":\"ACE\"},\"image\":{\"@id\":\"https:\/\/aceweb.cat\/#\/schema\/logo\/image\/\"}}]}<\/script>\n<!-- \/ Yoast SEO plugin. -->","yoast_head_json":{"title":"FORMACI\u00d3N T\u00c9CNICOS SOPORTE A BOMBERS ACE\/AFPS 2026","description":"Este curso est\u00e1 orientado a formar t\u00e9cnicos que de manera voluntaria puedan colaborar de manera coordinada con Bombers en la evaluaci\u00f3n de la habitabilidad estructural de los edificios, de acuerdo con su metodolog\u00eda. Este primer curso, adem\u00e1s de preparar a los voluntarios para operar conjuntamente con Bombers en caso de una emergencia de gran magnitud, profundiza en la vulnerabilidad s\u00edsmica de los edificios.","robots":{"index":"index","follow":"follow","max-snippet":"max-snippet:-1","max-image-preview":"max-image-preview:large","max-video-preview":"max-video-preview:-1"},"canonical":"https:\/\/aceweb.cat\/es\/producto\/curso-de-sostenibilidad-en-las-estructuras-2025-copia\/","og_locale":"es_ES","og_type":"article","og_title":"FORMACI\u00d3N T\u00c9CNICOS SOPORTE A BOMBERS ACE\/AFPS 2026","og_description":"Este curso est\u00e1 orientado a formar t\u00e9cnicos que de manera voluntaria puedan colaborar de manera coordinada con Bombers en la evaluaci\u00f3n de la habitabilidad estructural de los edificios, de acuerdo con su metodolog\u00eda. Este primer curso, adem\u00e1s de preparar a los voluntarios para operar conjuntamente con Bombers en caso de una emergencia de gran magnitud, profundiza en la vulnerabilidad s\u00edsmica de los edificios.","og_url":"https:\/\/aceweb.cat\/es\/producto\/curso-de-sostenibilidad-en-las-estructuras-2025-copia\/","og_site_name":"aceweb.cat","article_modified_time":"2026-03-18T17:34:43+00:00","og_image":[{"width":2560,"height":1922,"url":"https:\/\/aceweb.cat\/wp-content\/uploads\/2026\/03\/Curs_tecnics_voluntaris_01-scaled.jpg","type":"image\/jpeg"}],"twitter_card":"summary_large_image","twitter_misc":{"Tiempo de lectura":"2 minutos"},"schema":{"@context":"https:\/\/schema.org","@graph":[{"@type":"WebPage","@id":"https:\/\/aceweb.cat\/es\/producto\/curso-de-sostenibilidad-en-las-estructuras-2025-copia\/","url":"https:\/\/aceweb.cat\/es\/producto\/curso-de-sostenibilidad-en-las-estructuras-2025-copia\/","name":"FORMACI\u00d3N T\u00c9CNICOS SOPORTE A BOMBERS ACE\/AFPS 2026","isPartOf":{"@id":"https:\/\/aceweb.cat\/#website"},"primaryImageOfPage":{"@id":"https:\/\/aceweb.cat\/es\/producto\/curso-de-sostenibilidad-en-las-estructuras-2025-copia\/#primaryimage"},"image":{"@id":"https:\/\/aceweb.cat\/es\/producto\/curso-de-sostenibilidad-en-las-estructuras-2025-copia\/#primaryimage"},"thumbnailUrl":"https:\/\/aceweb.cat\/wp-content\/uploads\/2026\/03\/Curs_tecnics_voluntaris_01-scaled.jpg","datePublished":"2026-03-13T11:55:09+00:00","dateModified":"2026-03-18T17:34:43+00:00","description":"Este curso est\u00e1 orientado a formar t\u00e9cnicos que de manera voluntaria puedan colaborar de manera coordinada con Bombers en la evaluaci\u00f3n de la habitabilidad estructural de los edificios, de acuerdo con su metodolog\u00eda. Este primer curso, adem\u00e1s de preparar a los voluntarios para operar conjuntamente con Bombers en caso de una emergencia de gran magnitud, profundiza en la vulnerabilidad s\u00edsmica de los edificios.","breadcrumb":{"@id":"https:\/\/aceweb.cat\/es\/producto\/curso-de-sostenibilidad-en-las-estructuras-2025-copia\/#breadcrumb"},"inLanguage":"es","potentialAction":[{"@type":"ReadAction","target":["https:\/\/aceweb.cat\/es\/producto\/curso-de-sostenibilidad-en-las-estructuras-2025-copia\/"]}]},{"@type":"ImageObject","inLanguage":"es","@id":"https:\/\/aceweb.cat\/es\/producto\/curso-de-sostenibilidad-en-las-estructuras-2025-copia\/#primaryimage","url":"https:\/\/aceweb.cat\/wp-content\/uploads\/2026\/03\/Curs_tecnics_voluntaris_01-scaled.jpg","contentUrl":"https:\/\/aceweb.cat\/wp-content\/uploads\/2026\/03\/Curs_tecnics_voluntaris_01-scaled.jpg","width":2560,"height":1922},{"@type":"BreadcrumbList","@id":"https:\/\/aceweb.cat\/es\/producto\/curso-de-sostenibilidad-en-las-estructuras-2025-copia\/#breadcrumb","itemListElement":[{"@type":"ListItem","position":1,"name":"Inici","item":"https:\/\/aceweb.cat\/"},{"@type":"ListItem","position":2,"name":"Tienda","item":"https:\/\/aceweb.cat\/es\/tienda\/"},{"@type":"ListItem","position":3,"name":"Jornadas-Cursos","item":"https:\/\/aceweb.cat\/es\/categoria-producto\/jornadas-cursos\/"},{"@type":"ListItem","position":4,"name":"Formaci\u00f3n de t\u00e9cnicos de soporte a Bombers en caso de emergencia"}]},{"@type":"WebSite","@id":"https:\/\/aceweb.cat\/#website","url":"https:\/\/aceweb.cat\/","name":"ACE","description":"Associaci\u00f3 de Consultors d&#039;Estructures | ACE","publisher":{"@id":"https:\/\/aceweb.cat\/#organization"},"alternateName":"ACE","potentialAction":[{"@type":"SearchAction","target":{"@type":"EntryPoint","urlTemplate":"https:\/\/aceweb.cat\/?s={search_term_string}"},"query-input":{"@type":"PropertyValueSpecification","valueRequired":true,"valueName":"search_term_string"}}],"inLanguage":"es"},{"@type":"Organization","@id":"https:\/\/aceweb.cat\/#organization","name":"ACE","alternateName":"ACE","url":"https:\/\/aceweb.cat\/","logo":{"@type":"ImageObject","inLanguage":"es","@id":"https:\/\/aceweb.cat\/#\/schema\/logo\/image\/","url":"https:\/\/aceweb.cat\/wp-content\/uploads\/2022\/10\/logo.svg","contentUrl":"https:\/\/aceweb.cat\/wp-content\/uploads\/2022\/10\/logo.svg","width":1,"height":1,"caption":"ACE"},"image":{"@id":"https:\/\/aceweb.cat\/#\/schema\/logo\/image\/"}}]}},"_links":{"self":[{"href":"https:\/\/aceweb.cat\/es\/wp-json\/wp\/v2\/product\/47262","targetHints":{"allow":["GET"]}}],"collection":[{"href":"https:\/\/aceweb.cat\/es\/wp-json\/wp\/v2\/product"}],"about":[{"href":"https:\/\/aceweb.cat\/es\/wp-json\/wp\/v2\/types\/product"}],"version-history":[{"count":1,"href":"https:\/\/aceweb.cat\/es\/wp-json\/wp\/v2\/product\/47262\/revisions"}],"predecessor-version":[{"id":47279,"href":"https:\/\/aceweb.cat\/es\/wp-json\/wp\/v2\/product\/47262\/revisions\/47279"}],"wp:featuredmedia":[{"embeddable":true,"href":"https:\/\/aceweb.cat\/es\/wp-json\/wp\/v2\/media\/47250"}],"wp:attachment":[{"href":"https:\/\/aceweb.cat\/es\/wp-json\/wp\/v2\/media?parent=47262"}],"wp:term":[{"taxonomy":"product_brand","embeddable":true,"href":"https:\/\/aceweb.cat\/es\/wp-json\/wp\/v2\/product_brand?post=47262"},{"taxonomy":"product_cat","embeddable":true,"href":"https:\/\/aceweb.cat\/es\/wp-json\/wp\/v2\/product_cat?post=47262"},{"taxonomy":"product_tag","embeddable":true,"href":"https:\/\/aceweb.cat\/es\/wp-json\/wp\/v2\/product_tag?post=47262"}],"curies":[{"name":"wp","href":"https:\/\/api.w.org\/{rel}","templated":true}]}}