{"id":47385,"date":"2026-04-14T06:40:32","date_gmt":"2026-04-14T06:40:32","guid":{"rendered":"https:\/\/aceweb.cat\/?post_type=product&#038;p=47385"},"modified":"2026-04-14T07:20:32","modified_gmt":"2026-04-14T07:20:32","slug":"curso-ejercicios-practicos-de-estructuras-frente-las-vibraciones-copia","status":"publish","type":"product","link":"https:\/\/aceweb.cat\/es\/producto\/curso-ejercicios-practicos-de-estructuras-frente-las-vibraciones-copia\/","title":{"rendered":"Curso de estructuras mixtas en edificaci\u00f3n"},"content":{"rendered":"<p>Las estructuras mixtas en vigas y forjados son ventajosas en caso de sobrecargas y luces grandes, siendo de menor canto total que en las estructuras convencionales. En pilares adem\u00e1s de su mayor resistencia permiten dimensiones inferiores.<\/p>\n<p>&nbsp;<\/p>\n<p>En este curso se tratan los aspectos b\u00e1sicos que permiten resolver la mayor\u00eda de las estructuras de edificaci\u00f3n urbana\/industrial de acuerdo con Euroc\u00f3digo 4 (ahora contenido en el C\u00f3digo Estructural) y AISC.<\/p>\n<p>&nbsp;<\/p>\n<h4>Aparte del pago, no olvides realizar la inscripci\u00f3n en:<\/h4>\n<div class=\"wp-block-button\"><a class=\"wp-block-button__link has-text-align-left wp-element-button\" href=\"https:\/\/forms.gle\/GXNwtz6kM1RihzyD7\" target=\"_blank\" rel=\"noopener noopenero noreferrer\"><strong><mark class=\"has-inline-color has-ast-global-color-1-color\" style=\"background-color: rgba(0, 0, 0, 0);\">Formulario de inscripci\u00f3n<\/mark><\/strong><\/a><\/div>\n<p>&nbsp;<\/p>\n<h4>M\u00e1s informaci\u00f3n:<\/h4>\n<div class=\"wp-block-button\"><a class=\"wp-block-button__link has-text-align-left wp-element-button\" href=\"https:\/\/www.dropbox.com\/scl\/fi\/kekmafjtmi4mp1h5jm1nd\/Presentaci-n-curso-de-estructuras-mixtas-en-edificaci-n.pdf?rlkey=leztkqv4804in1h9in9mff60n&amp;dl=0\" target=\"_blank\" rel=\"noreferrer noopener\"><strong><mark class=\"has-inline-color has-ast-global-color-1- color\" style=\"background-color: rgba(0, 0, 0, 0);\">Informaci\u00f3n<\/mark><\/strong><\/a><\/div>\n","protected":false},"excerpt":{"rendered":"<p>Las estructuras mixtas en vigas y forjados son ventajosas en caso de sobrecargas y luces grandes, siendo de menor canto total que en las estructuras convencionales. En pilares adem\u00e1s de su mayor resistencia permiten dimensiones inferiores.<\/p>\n<p>En este curso se tratan los aspectos b\u00e1sicos que permiten resolver la mayor\u00eda de las estructuras de edificaci\u00f3n urbana\/industrial de acuerdo con Euroc\u00f3digo 4 (ahora contenido en el C\u00f3digo Estructural) y AISC.<\/p>\n","protected":false},"featured_media":47391,"template":"","meta":{"_acf_changed":false,"site-sidebar-layout":"default","site-content-layout":"default","ast-global-header-display":"","ast-main-header-display":"","ast-hfb-above-header-display":"","ast-hfb-below-header-display":"","ast-hfb-mobile-header-display":"","site-post-title":"","ast-breadcrumbs-content":"","ast-featured-img":"","footer-sml-layout":"","theme-transparent-header-meta":"default","adv-header-id-meta":"","stick-header-meta":"","header-above-stick-meta":"","header-main-stick-meta":"","header-below-stick-meta":""},"product_brand":[],"product_cat":[1470],"product_tag":[],"class_list":{"0":"post-47385","1":"product","2":"type-product","3":"status-publish","4":"has-post-thumbnail","6":"product_cat-jornadas-cursos","7":"desktop-align-left","8":"tablet-align-left","9":"mobile-align-left","11":"first","12":"instock","13":"virtual","14":"purchasable","15":"product-type-simple"},"acf":[],"yoast_head":"<!-- This site is optimized with the Yoast SEO plugin v27.1.1 - https:\/\/yoast.com\/product\/yoast-seo-wordpress\/ -->\n<title>Curso de estructuras mixtas en edificaci\u00f3n | ACE<\/title>\n<meta name=\"description\" content=\"En este curso se tratan los aspectos b\u00e1sicos que permiten resolver la mayor\u00eda de las estructuras de edificaci\u00f3n urbana\/industrial de acuerdo con Euroc\u00f3digo 4 (ahora contenido en el C\u00f3digo Estructural) y AISC.\" \/>\n<meta name=\"robots\" content=\"index, follow, max-snippet:-1, max-image-preview:large, max-video-preview:-1\" \/>\n<link rel=\"canonical\" href=\"https:\/\/aceweb.cat\/producte\/curs-destructures-mixtes-en-edificacio\/\" \/>\n<meta property=\"og:locale\" content=\"es_ES\" \/>\n<meta property=\"og:type\" content=\"article\" \/>\n<meta property=\"og:title\" content=\"Curso de estructuras mixtas en edificaci\u00f3n | ACE\" \/>\n<meta property=\"og:description\" content=\"En este curso se tratan los aspectos b\u00e1sicos que permiten resolver la mayor\u00eda de las estructuras de edificaci\u00f3n urbana\/industrial de acuerdo con Euroc\u00f3digo 4 (ahora contenido en el C\u00f3digo Estructural) y AISC.\" \/>\n<meta property=\"og:url\" content=\"https:\/\/aceweb.cat\/producte\/curs-destructures-mixtes-en-edificacio\/\" \/>\n<meta property=\"og:site_name\" content=\"aceweb.cat\" \/>\n<meta property=\"article:modified_time\" content=\"2026-04-14T07:20:32+00:00\" \/>\n<meta property=\"og:image\" content=\"https:\/\/aceweb.cat\/wp-content\/uploads\/2026\/04\/imatge-curs.png\" \/>\n\t<meta property=\"og:image:width\" content=\"596\" \/>\n\t<meta property=\"og:image:height\" content=\"278\" \/>\n\t<meta property=\"og:image:type\" content=\"image\/png\" \/>\n<meta name=\"twitter:card\" content=\"summary_large_image\" \/>\n<meta name=\"twitter:label1\" content=\"Tiempo de lectura\" \/>\n\t<meta name=\"twitter:data1\" content=\"1 minuto\" \/>\n<script type=\"application\/ld+json\" class=\"yoast-schema-graph\">{\"@context\":\"https:\/\/schema.org\",\"@graph\":[{\"@type\":\"WebPage\",\"@id\":\"https:\/\/aceweb.cat\/producte\/curs-destructures-mixtes-en-edificacio\/\",\"url\":\"https:\/\/aceweb.cat\/producte\/curs-destructures-mixtes-en-edificacio\/\",\"name\":\"Curso de estructuras mixtas en edificaci\u00f3n | ACE\",\"isPartOf\":{\"@id\":\"https:\/\/aceweb.cat\/#website\"},\"primaryImageOfPage\":{\"@id\":\"https:\/\/aceweb.cat\/producte\/curs-destructures-mixtes-en-edificacio\/#primaryimage\"},\"image\":{\"@id\":\"https:\/\/aceweb.cat\/producte\/curs-destructures-mixtes-en-edificacio\/#primaryimage\"},\"thumbnailUrl\":\"https:\/\/aceweb.cat\/wp-content\/uploads\/2026\/04\/imatge-curs.png\",\"datePublished\":\"2026-04-14T06:40:32+00:00\",\"dateModified\":\"2026-04-14T07:20:32+00:00\",\"description\":\"En este curso se tratan los aspectos b\u00e1sicos que permiten resolver la mayor\u00eda de las estructuras de edificaci\u00f3n urbana\/industrial de acuerdo con Euroc\u00f3digo 4 (ahora contenido en el C\u00f3digo Estructural) y AISC.\",\"breadcrumb\":{\"@id\":\"https:\/\/aceweb.cat\/producte\/curs-destructures-mixtes-en-edificacio\/#breadcrumb\"},\"inLanguage\":\"es\",\"potentialAction\":[{\"@type\":\"ReadAction\",\"target\":[\"https:\/\/aceweb.cat\/producte\/curs-destructures-mixtes-en-edificacio\/\"]}]},{\"@type\":\"ImageObject\",\"inLanguage\":\"es\",\"@id\":\"https:\/\/aceweb.cat\/producte\/curs-destructures-mixtes-en-edificacio\/#primaryimage\",\"url\":\"https:\/\/aceweb.cat\/wp-content\/uploads\/2026\/04\/imatge-curs.png\",\"contentUrl\":\"https:\/\/aceweb.cat\/wp-content\/uploads\/2026\/04\/imatge-curs.png\",\"width\":596,\"height\":278},{\"@type\":\"BreadcrumbList\",\"@id\":\"https:\/\/aceweb.cat\/producte\/curs-destructures-mixtes-en-edificacio\/#breadcrumb\",\"itemListElement\":[{\"@type\":\"ListItem\",\"position\":1,\"name\":\"Inici\",\"item\":\"https:\/\/aceweb.cat\/\"},{\"@type\":\"ListItem\",\"position\":2,\"name\":\"Tienda\",\"item\":\"https:\/\/aceweb.cat\/es\/tienda\/\"},{\"@type\":\"ListItem\",\"position\":3,\"name\":\"Jornades-Cursos\",\"item\":\"https:\/\/aceweb.cat\/categoria-producte\/jornades-cursos\/\"},{\"@type\":\"ListItem\",\"position\":4,\"name\":\"Curso de estructuras mixtas en edificaci\u00f3n\"}]},{\"@type\":\"WebSite\",\"@id\":\"https:\/\/aceweb.cat\/#website\",\"url\":\"https:\/\/aceweb.cat\/\",\"name\":\"ACE\",\"description\":\"Associaci\u00f3 de Consultors d&#039;Estructures | ACE\",\"publisher\":{\"@id\":\"https:\/\/aceweb.cat\/#organization\"},\"alternateName\":\"ACE\",\"potentialAction\":[{\"@type\":\"SearchAction\",\"target\":{\"@type\":\"EntryPoint\",\"urlTemplate\":\"https:\/\/aceweb.cat\/?s={search_term_string}\"},\"query-input\":{\"@type\":\"PropertyValueSpecification\",\"valueRequired\":true,\"valueName\":\"search_term_string\"}}],\"inLanguage\":\"es\"},{\"@type\":\"Organization\",\"@id\":\"https:\/\/aceweb.cat\/#organization\",\"name\":\"ACE\",\"alternateName\":\"ACE\",\"url\":\"https:\/\/aceweb.cat\/\",\"logo\":{\"@type\":\"ImageObject\",\"inLanguage\":\"es\",\"@id\":\"https:\/\/aceweb.cat\/#\/schema\/logo\/image\/\",\"url\":\"https:\/\/aceweb.cat\/wp-content\/uploads\/2022\/10\/logo.svg\",\"contentUrl\":\"https:\/\/aceweb.cat\/wp-content\/uploads\/2022\/10\/logo.svg\",\"width\":1,\"height\":1,\"caption\":\"ACE\"},\"image\":{\"@id\":\"https:\/\/aceweb.cat\/#\/schema\/logo\/image\/\"}}]}<\/script>\n<!-- \/ Yoast SEO plugin. -->","yoast_head_json":{"title":"Curso de estructuras mixtas en edificaci\u00f3n | ACE","description":"En este curso se tratan los aspectos b\u00e1sicos que permiten resolver la mayor\u00eda de las estructuras de edificaci\u00f3n urbana\/industrial de acuerdo con Euroc\u00f3digo 4 (ahora contenido en el C\u00f3digo Estructural) y AISC.","robots":{"index":"index","follow":"follow","max-snippet":"max-snippet:-1","max-image-preview":"max-image-preview:large","max-video-preview":"max-video-preview:-1"},"canonical":"https:\/\/aceweb.cat\/producte\/curs-destructures-mixtes-en-edificacio\/","og_locale":"es_ES","og_type":"article","og_title":"Curso de estructuras mixtas en edificaci\u00f3n | ACE","og_description":"En este curso se tratan los aspectos b\u00e1sicos que permiten resolver la mayor\u00eda de las estructuras de edificaci\u00f3n urbana\/industrial de acuerdo con Euroc\u00f3digo 4 (ahora contenido en el C\u00f3digo Estructural) y AISC.","og_url":"https:\/\/aceweb.cat\/producte\/curs-destructures-mixtes-en-edificacio\/","og_site_name":"aceweb.cat","article_modified_time":"2026-04-14T07:20:32+00:00","og_image":[{"width":596,"height":278,"url":"https:\/\/aceweb.cat\/wp-content\/uploads\/2026\/04\/imatge-curs.png","type":"image\/png"}],"twitter_card":"summary_large_image","twitter_misc":{"Tiempo de lectura":"1 minuto"},"schema":{"@context":"https:\/\/schema.org","@graph":[{"@type":"WebPage","@id":"https:\/\/aceweb.cat\/producte\/curs-destructures-mixtes-en-edificacio\/","url":"https:\/\/aceweb.cat\/producte\/curs-destructures-mixtes-en-edificacio\/","name":"Curso de estructuras mixtas en edificaci\u00f3n | ACE","isPartOf":{"@id":"https:\/\/aceweb.cat\/#website"},"primaryImageOfPage":{"@id":"https:\/\/aceweb.cat\/producte\/curs-destructures-mixtes-en-edificacio\/#primaryimage"},"image":{"@id":"https:\/\/aceweb.cat\/producte\/curs-destructures-mixtes-en-edificacio\/#primaryimage"},"thumbnailUrl":"https:\/\/aceweb.cat\/wp-content\/uploads\/2026\/04\/imatge-curs.png","datePublished":"2026-04-14T06:40:32+00:00","dateModified":"2026-04-14T07:20:32+00:00","description":"En este curso se tratan los aspectos b\u00e1sicos que permiten resolver la mayor\u00eda de las estructuras de edificaci\u00f3n urbana\/industrial de acuerdo con Euroc\u00f3digo 4 (ahora contenido en el C\u00f3digo Estructural) y AISC.","breadcrumb":{"@id":"https:\/\/aceweb.cat\/producte\/curs-destructures-mixtes-en-edificacio\/#breadcrumb"},"inLanguage":"es","potentialAction":[{"@type":"ReadAction","target":["https:\/\/aceweb.cat\/producte\/curs-destructures-mixtes-en-edificacio\/"]}]},{"@type":"ImageObject","inLanguage":"es","@id":"https:\/\/aceweb.cat\/producte\/curs-destructures-mixtes-en-edificacio\/#primaryimage","url":"https:\/\/aceweb.cat\/wp-content\/uploads\/2026\/04\/imatge-curs.png","contentUrl":"https:\/\/aceweb.cat\/wp-content\/uploads\/2026\/04\/imatge-curs.png","width":596,"height":278},{"@type":"BreadcrumbList","@id":"https:\/\/aceweb.cat\/producte\/curs-destructures-mixtes-en-edificacio\/#breadcrumb","itemListElement":[{"@type":"ListItem","position":1,"name":"Inici","item":"https:\/\/aceweb.cat\/"},{"@type":"ListItem","position":2,"name":"Tienda","item":"https:\/\/aceweb.cat\/es\/tienda\/"},{"@type":"ListItem","position":3,"name":"Jornades-Cursos","item":"https:\/\/aceweb.cat\/categoria-producte\/jornades-cursos\/"},{"@type":"ListItem","position":4,"name":"Curso de estructuras mixtas en edificaci\u00f3n"}]},{"@type":"WebSite","@id":"https:\/\/aceweb.cat\/#website","url":"https:\/\/aceweb.cat\/","name":"ACE","description":"Associaci\u00f3 de Consultors d&#039;Estructures | ACE","publisher":{"@id":"https:\/\/aceweb.cat\/#organization"},"alternateName":"ACE","potentialAction":[{"@type":"SearchAction","target":{"@type":"EntryPoint","urlTemplate":"https:\/\/aceweb.cat\/?s={search_term_string}"},"query-input":{"@type":"PropertyValueSpecification","valueRequired":true,"valueName":"search_term_string"}}],"inLanguage":"es"},{"@type":"Organization","@id":"https:\/\/aceweb.cat\/#organization","name":"ACE","alternateName":"ACE","url":"https:\/\/aceweb.cat\/","logo":{"@type":"ImageObject","inLanguage":"es","@id":"https:\/\/aceweb.cat\/#\/schema\/logo\/image\/","url":"https:\/\/aceweb.cat\/wp-content\/uploads\/2022\/10\/logo.svg","contentUrl":"https:\/\/aceweb.cat\/wp-content\/uploads\/2022\/10\/logo.svg","width":1,"height":1,"caption":"ACE"},"image":{"@id":"https:\/\/aceweb.cat\/#\/schema\/logo\/image\/"}}]}},"_links":{"self":[{"href":"https:\/\/aceweb.cat\/es\/wp-json\/wp\/v2\/product\/47385","targetHints":{"allow":["GET"]}}],"collection":[{"href":"https:\/\/aceweb.cat\/es\/wp-json\/wp\/v2\/product"}],"about":[{"href":"https:\/\/aceweb.cat\/es\/wp-json\/wp\/v2\/types\/product"}],"version-history":[{"count":1,"href":"https:\/\/aceweb.cat\/es\/wp-json\/wp\/v2\/product\/47385\/revisions"}],"predecessor-version":[{"id":47393,"href":"https:\/\/aceweb.cat\/es\/wp-json\/wp\/v2\/product\/47385\/revisions\/47393"}],"wp:featuredmedia":[{"embeddable":true,"href":"https:\/\/aceweb.cat\/es\/wp-json\/wp\/v2\/media\/47391"}],"wp:attachment":[{"href":"https:\/\/aceweb.cat\/es\/wp-json\/wp\/v2\/media?parent=47385"}],"wp:term":[{"taxonomy":"product_brand","embeddable":true,"href":"https:\/\/aceweb.cat\/es\/wp-json\/wp\/v2\/product_brand?post=47385"},{"taxonomy":"product_cat","embeddable":true,"href":"https:\/\/aceweb.cat\/es\/wp-json\/wp\/v2\/product_cat?post=47385"},{"taxonomy":"product_tag","embeddable":true,"href":"https:\/\/aceweb.cat\/es\/wp-json\/wp\/v2\/product_tag?post=47385"}],"curies":[{"name":"wp","href":"https:\/\/api.w.org\/{rel}","templated":true}]}}