{"id":47423,"date":"2026-04-22T08:04:52","date_gmt":"2026-04-22T08:04:52","guid":{"rendered":"https:\/\/aceweb.cat\/?post_type=product&#038;p=47423"},"modified":"2026-04-22T12:09:02","modified_gmt":"2026-04-22T12:09:02","slug":"quaderns-destructures-86","status":"publish","type":"product","link":"https:\/\/aceweb.cat\/es\/producto\/quaderns-destructures-86\/","title":{"rendered":"Quaderns d&#8217;Estructures 86"},"content":{"rendered":"<p>Este n\u00famero incluye:<\/p>\n<h2><strong>1. Editorial<\/strong><\/h2>\n<p>Articulo redactado por <strong>Jorge Blasco Miguel<\/strong>. Descarga la revista para conocer d\u00f3nde est\u00e1 la ACE:<br \/>\n\u00abNos acercamos al \u00faltimo a\u00f1o de mandato de la actual Junta, despu\u00e9s de unos a\u00f1os intensos en los que la ACE<br \/>\nha continuado consolid\u00e1ndose como punto de encuentro natural de la consultor\u00eda de estructuras en el pa\u00eds. Durante este per\u00edodo, hemos vivido cambios profundos en el sector, una pandemia de por medio y una aceleraci\u00f3n tecnol\u00f3gica que ha transformado la manera de trabajar y de relacionarnos profesionalmente.<br \/>\nEn este contexto, la renovaci\u00f3n generacional en la ACE ya no es solo un deseo razonable: es una necesidad<br \/>\nestructural si queremos que la asociaci\u00f3n contin\u00fae siendo relevante, \u00fatil y exigente, tanto para los que llevan d\u00e9cadas en la profesi\u00f3n como para los que acaban de incorporarse.\u00bb<\/p>\n<h2>2. La madera: del \u00e1rbol a la estructura<\/h2>\n<p>Articulo redactado por <strong>Francisco Arriaga Martitegui<\/strong>. Descarga la revista para conocer la conferencia realizada el 18 de diciembre de 2025:<br \/>\n\u00abLa madera es un material de origen org\u00e1nico que se utiliza en la fabricaci\u00f3n de estructuras y que presenta unas<br \/>\ncaracter\u00edsticas que dan lugar a fuertes diferencias con otros materiales. Estas son consecuencia de sus funciones<br \/>\nen el \u00e1rbol. El objetivo de este texto es conocer las particularidades del material, incluyendo reflexiones que ayuden a entender mejor la madera como \u00abmaterial\u00bb estructural.\u00bb<\/p>\n<h2>3.\u00a0 Reutilizaci\u00f3n de estructuras de acero<\/h2>\n<p>Articulo redactado por <strong>Alfredo Arnedo Pena<\/strong><span style=\"font-size: 16px;\">. Descarga la revista para conocer como se puede reutilizar las estructuras de acero:<\/span><\/p>\n<p>\u00abEl objetivo de este art\u00edculo es divulgar el estado de conocimiento actual aplicable a la reutilizaci\u00f3n de la estructura de acero que se inscribe en los temas de circularidad y sostenibilidad en la construcci\u00f3n.<br \/>\nEl Parlamento Europeo y el Consejo publicaron en 2008 la Directiva revisada sobre residuos, en la que se establecen medidas para evitar los efectos negativos de la generaci\u00f3n de residuos y establecer las normas generales para la gesti\u00f3n de los mismos.\u00bb<\/p>\n<h2>4. Metodolog\u00eda de transmisi\u00f3n de esfuerzos en recalces con micropilotes mediante efecto cu\u00f1a en muros de mamposter\u00eda<\/h2>\n<p>Articulo redactado por <strong>Juan Jos\u00e9 Rosas Alaguero<\/strong>. Descarga la revista para conocer el an\u00e1lisis de una metodoolog\u00eda para transmitir los esfuerzos desde los micropilotes a una cimentaci\u00f3n:<br \/>\n\u00abGarantizar la adecuada transferencia de fuerzas desde los micropilotes a la estructura existente es una de<br \/>\nlas problem\u00e1ticas m\u00e1s habituales a la hora de recalzar una estructura antigua cuya cimentaci\u00f3n est\u00e1 basada<br \/>\nen muros de carga de mamposter\u00eda empotrados en el terreno.<br \/>\nEn este tipo de proyectos, es habitual centrarse en el dise\u00f1o de los micropilotes, ya que estos elementos suelen<br \/>\nser los que presupuestariamente tienen mayor peso, no dedic\u00e1ndole el tiempo adecuado al dise\u00f1o del elemento<br \/>\nque estructuralmente suele ser m\u00e1s cr\u00edtico: la viga que transfiere la rea<em>cci\u00f3n de los micropilotes a la estructura presexistente.\u00bb<\/em><\/p>\n<h2>5. Ingenir\u00eda forense. Aprende de los fallos para construir con mayor seguridad<\/h2>\n<p>Articulo redactado por\u00a0 <b>Carles Romea y Jos\u00e9 Carlo Coya Pi\u00f1eiro.<\/b> Descarga la revista para conocer las sesiones t\u00e9cnicas organizadas por Zigurat:<br \/>\n\u00abDurante el mes de marzo de 2026, ZIGURAT Institute of Technology y la ACE organizaron dos sesiones t\u00e9cnicas<br \/>\ndedicadas a la ingenier\u00eda forense, una disciplina clave para comprender por qu\u00e9 fallan las estructuras y qu\u00e9 ense\u00f1anzas pueden extraerse de esos fallos. A trav\u00e9s de dos casos de estudio, analizados por los profesores<br \/>\nJos\u00e9 Carlos Coya y Carles Romea, el ciclo abord\u00f3 no solo las causas t\u00e9cnicas de distintos siniestros estructurales,<br \/>\nsino tambi\u00e9n cuestiones esenciales como la toma de decisiones durante el proyecto y la obra, la verificaci\u00f3n<br \/>\nde cambios en ejecuci\u00f3n y la responsabilidad profesional en procesos complejos.<em style=\"font-size: 16px;\">.<\/em><span style=\"font-size: 16px;\">\u00ab<\/span><\/p>\n<h2>6. <strong>Lista de miembros de la Asociaci\u00f3n\u00a0<\/strong><\/h2>\n<p>Conoce los miembros de la Associaci\u00f3 de Consultors d&#8217;Estructures. Podr\u00e1s ver los nuevos integrantes que participan para reconocimiento de la profesi\u00f3n en el mundo de la construcci\u00f3n.<\/p>\n","protected":false},"excerpt":{"rendered":"<ul>\n<li>1. Editorial<\/li>\n<li>2. La madera: del \u00e1rbol a la estructura<\/li>\n<li>3. Reutilizaci\u00f3n de estructuras de acero<\/li>\n<li>4. Metodolog\u00eda de transmisi\u00f3n de esfuerzos en recalces con micropilotes mediante efecto cu\u00f1a en muros de mamposter\u00eda<\/li>\n<li>5. Ingenier\u00eda forense: aprender de los fallos para construir con mayor seguridad<\/li>\n<li>6.Lista de miembros de la asociaci\u00f3n.<\/li>\n<\/ul>\n","protected":false},"featured_media":47427,"template":"","meta":{"_acf_changed":false,"site-sidebar-layout":"default","site-content-layout":"default","ast-global-header-display":"","ast-main-header-display":"","ast-hfb-above-header-display":"","ast-hfb-below-header-display":"","ast-hfb-mobile-header-display":"","site-post-title":"","ast-breadcrumbs-content":"","ast-featured-img":"","footer-sml-layout":"","theme-transparent-header-meta":"default","adv-header-id-meta":"","stick-header-meta":"","header-above-stick-meta":"","header-main-stick-meta":"","header-below-stick-meta":""},"product_brand":[],"product_cat":[595],"product_tag":[],"class_list":{"0":"post-47423","1":"product","2":"type-product","3":"status-publish","4":"has-post-thumbnail","6":"product_cat-cuaderno-de-estructuras","7":"desktop-align-left","8":"tablet-align-left","9":"mobile-align-left","11":"first","12":"instock","13":"taxable","14":"shipping-taxable","15":"purchasable","16":"product-type-variable","17":"has-default-attributes"},"acf":[],"yoast_head":"<!-- This site is optimized with the Yoast SEO plugin v27.1.1 - https:\/\/yoast.com\/product\/yoast-seo-wordpress\/ -->\n<title>Quaderns d&#039;Estructures n\u00fam. 86 | ACE<\/title>\n<meta name=\"description\" content=\"Revista n\u00ba 86 con art\u00edculos variados que tratan sobre la madera: del \u00e1rbol a la estructura, el acero, recalces con micropilotes e ingenier\u00eda forense\" \/>\n<meta name=\"robots\" content=\"index, follow, max-snippet:-1, max-image-preview:large, max-video-preview:-1\" \/>\n<link rel=\"canonical\" href=\"https:\/\/aceweb.cat\/es\/producto\/quaderns-destructures-86\/\" \/>\n<meta property=\"og:locale\" content=\"es_ES\" \/>\n<meta property=\"og:type\" content=\"article\" \/>\n<meta property=\"og:title\" content=\"Quaderns d&#039;Estructures n\u00fam. 86 | ACE\" \/>\n<meta property=\"og:description\" content=\"Revista n\u00ba 86 con art\u00edculos variados que tratan sobre la madera: del \u00e1rbol a la estructura, el acero, recalces con micropilotes e ingenier\u00eda forense\" \/>\n<meta property=\"og:url\" content=\"https:\/\/aceweb.cat\/es\/producto\/quaderns-destructures-86\/\" \/>\n<meta property=\"og:site_name\" content=\"aceweb.cat\" \/>\n<meta property=\"article:modified_time\" content=\"2026-04-22T12:09:02+00:00\" \/>\n<meta property=\"og:image\" content=\"https:\/\/aceweb.cat\/wp-content\/uploads\/2026\/04\/Portada-QE86-scaled-e1776847101365.jpg\" \/>\n\t<meta property=\"og:image:width\" content=\"1805\" \/>\n\t<meta property=\"og:image:height\" content=\"2560\" \/>\n\t<meta property=\"og:image:type\" content=\"image\/jpeg\" \/>\n<meta name=\"twitter:card\" content=\"summary_large_image\" \/>\n<meta name=\"twitter:label1\" content=\"Tiempo de lectura\" \/>\n\t<meta name=\"twitter:data1\" content=\"4 minutos\" \/>\n<script type=\"application\/ld+json\" class=\"yoast-schema-graph\">{\"@context\":\"https:\/\/schema.org\",\"@graph\":[{\"@type\":\"WebPage\",\"@id\":\"https:\/\/aceweb.cat\/es\/producto\/quaderns-destructures-86\/\",\"url\":\"https:\/\/aceweb.cat\/es\/producto\/quaderns-destructures-86\/\",\"name\":\"Quaderns d'Estructures n\u00fam. 86 | ACE\",\"isPartOf\":{\"@id\":\"https:\/\/aceweb.cat\/#website\"},\"primaryImageOfPage\":{\"@id\":\"https:\/\/aceweb.cat\/es\/producto\/quaderns-destructures-86\/#primaryimage\"},\"image\":{\"@id\":\"https:\/\/aceweb.cat\/es\/producto\/quaderns-destructures-86\/#primaryimage\"},\"thumbnailUrl\":\"https:\/\/aceweb.cat\/wp-content\/uploads\/2026\/04\/Portada-QE86-scaled-e1776847101365.jpg\",\"datePublished\":\"2026-04-22T08:04:52+00:00\",\"dateModified\":\"2026-04-22T12:09:02+00:00\",\"description\":\"Revista n\u00ba 86 con art\u00edculos variados que tratan sobre la madera: del \u00e1rbol a la estructura, el acero, recalces con micropilotes e ingenier\u00eda forense\",\"breadcrumb\":{\"@id\":\"https:\/\/aceweb.cat\/es\/producto\/quaderns-destructures-86\/#breadcrumb\"},\"inLanguage\":\"es\",\"potentialAction\":[{\"@type\":\"ReadAction\",\"target\":[\"https:\/\/aceweb.cat\/es\/producto\/quaderns-destructures-86\/\"]}]},{\"@type\":\"ImageObject\",\"inLanguage\":\"es\",\"@id\":\"https:\/\/aceweb.cat\/es\/producto\/quaderns-destructures-86\/#primaryimage\",\"url\":\"https:\/\/aceweb.cat\/wp-content\/uploads\/2026\/04\/Portada-QE86-scaled-e1776847101365.jpg\",\"contentUrl\":\"https:\/\/aceweb.cat\/wp-content\/uploads\/2026\/04\/Portada-QE86-scaled-e1776847101365.jpg\",\"width\":1805,\"height\":2560},{\"@type\":\"BreadcrumbList\",\"@id\":\"https:\/\/aceweb.cat\/es\/producto\/quaderns-destructures-86\/#breadcrumb\",\"itemListElement\":[{\"@type\":\"ListItem\",\"position\":1,\"name\":\"Inici\",\"item\":\"https:\/\/aceweb.cat\/\"},{\"@type\":\"ListItem\",\"position\":2,\"name\":\"Tienda\",\"item\":\"https:\/\/aceweb.cat\/es\/tienda\/\"},{\"@type\":\"ListItem\",\"position\":3,\"name\":\"Quadern d\u2019Estructures\",\"item\":\"https:\/\/aceweb.cat\/categoria-producte\/quadern-destructures\/\"},{\"@type\":\"ListItem\",\"position\":4,\"name\":\"Quaderns d&#8217;Estructures 86\"}]},{\"@type\":\"WebSite\",\"@id\":\"https:\/\/aceweb.cat\/#website\",\"url\":\"https:\/\/aceweb.cat\/\",\"name\":\"ACE\",\"description\":\"Associaci\u00f3 de Consultors d&#039;Estructures | ACE\",\"publisher\":{\"@id\":\"https:\/\/aceweb.cat\/#organization\"},\"alternateName\":\"ACE\",\"potentialAction\":[{\"@type\":\"SearchAction\",\"target\":{\"@type\":\"EntryPoint\",\"urlTemplate\":\"https:\/\/aceweb.cat\/?s={search_term_string}\"},\"query-input\":{\"@type\":\"PropertyValueSpecification\",\"valueRequired\":true,\"valueName\":\"search_term_string\"}}],\"inLanguage\":\"es\"},{\"@type\":\"Organization\",\"@id\":\"https:\/\/aceweb.cat\/#organization\",\"name\":\"ACE\",\"alternateName\":\"ACE\",\"url\":\"https:\/\/aceweb.cat\/\",\"logo\":{\"@type\":\"ImageObject\",\"inLanguage\":\"es\",\"@id\":\"https:\/\/aceweb.cat\/#\/schema\/logo\/image\/\",\"url\":\"https:\/\/aceweb.cat\/wp-content\/uploads\/2022\/10\/logo.svg\",\"contentUrl\":\"https:\/\/aceweb.cat\/wp-content\/uploads\/2022\/10\/logo.svg\",\"width\":1,\"height\":1,\"caption\":\"ACE\"},\"image\":{\"@id\":\"https:\/\/aceweb.cat\/#\/schema\/logo\/image\/\"}}]}<\/script>\n<!-- \/ Yoast SEO plugin. -->","yoast_head_json":{"title":"Quaderns d'Estructures n\u00fam. 86 | ACE","description":"Revista n\u00ba 86 con art\u00edculos variados que tratan sobre la madera: del \u00e1rbol a la estructura, el acero, recalces con micropilotes e ingenier\u00eda forense","robots":{"index":"index","follow":"follow","max-snippet":"max-snippet:-1","max-image-preview":"max-image-preview:large","max-video-preview":"max-video-preview:-1"},"canonical":"https:\/\/aceweb.cat\/es\/producto\/quaderns-destructures-86\/","og_locale":"es_ES","og_type":"article","og_title":"Quaderns d'Estructures n\u00fam. 86 | ACE","og_description":"Revista n\u00ba 86 con art\u00edculos variados que tratan sobre la madera: del \u00e1rbol a la estructura, el acero, recalces con micropilotes e ingenier\u00eda forense","og_url":"https:\/\/aceweb.cat\/es\/producto\/quaderns-destructures-86\/","og_site_name":"aceweb.cat","article_modified_time":"2026-04-22T12:09:02+00:00","og_image":[{"width":1805,"height":2560,"url":"https:\/\/aceweb.cat\/wp-content\/uploads\/2026\/04\/Portada-QE86-scaled-e1776847101365.jpg","type":"image\/jpeg"}],"twitter_card":"summary_large_image","twitter_misc":{"Tiempo de lectura":"4 minutos"},"schema":{"@context":"https:\/\/schema.org","@graph":[{"@type":"WebPage","@id":"https:\/\/aceweb.cat\/es\/producto\/quaderns-destructures-86\/","url":"https:\/\/aceweb.cat\/es\/producto\/quaderns-destructures-86\/","name":"Quaderns d'Estructures n\u00fam. 86 | ACE","isPartOf":{"@id":"https:\/\/aceweb.cat\/#website"},"primaryImageOfPage":{"@id":"https:\/\/aceweb.cat\/es\/producto\/quaderns-destructures-86\/#primaryimage"},"image":{"@id":"https:\/\/aceweb.cat\/es\/producto\/quaderns-destructures-86\/#primaryimage"},"thumbnailUrl":"https:\/\/aceweb.cat\/wp-content\/uploads\/2026\/04\/Portada-QE86-scaled-e1776847101365.jpg","datePublished":"2026-04-22T08:04:52+00:00","dateModified":"2026-04-22T12:09:02+00:00","description":"Revista n\u00ba 86 con art\u00edculos variados que tratan sobre la madera: del \u00e1rbol a la estructura, el acero, recalces con micropilotes e ingenier\u00eda forense","breadcrumb":{"@id":"https:\/\/aceweb.cat\/es\/producto\/quaderns-destructures-86\/#breadcrumb"},"inLanguage":"es","potentialAction":[{"@type":"ReadAction","target":["https:\/\/aceweb.cat\/es\/producto\/quaderns-destructures-86\/"]}]},{"@type":"ImageObject","inLanguage":"es","@id":"https:\/\/aceweb.cat\/es\/producto\/quaderns-destructures-86\/#primaryimage","url":"https:\/\/aceweb.cat\/wp-content\/uploads\/2026\/04\/Portada-QE86-scaled-e1776847101365.jpg","contentUrl":"https:\/\/aceweb.cat\/wp-content\/uploads\/2026\/04\/Portada-QE86-scaled-e1776847101365.jpg","width":1805,"height":2560},{"@type":"BreadcrumbList","@id":"https:\/\/aceweb.cat\/es\/producto\/quaderns-destructures-86\/#breadcrumb","itemListElement":[{"@type":"ListItem","position":1,"name":"Inici","item":"https:\/\/aceweb.cat\/"},{"@type":"ListItem","position":2,"name":"Tienda","item":"https:\/\/aceweb.cat\/es\/tienda\/"},{"@type":"ListItem","position":3,"name":"Quadern d\u2019Estructures","item":"https:\/\/aceweb.cat\/categoria-producte\/quadern-destructures\/"},{"@type":"ListItem","position":4,"name":"Quaderns d&#8217;Estructures 86"}]},{"@type":"WebSite","@id":"https:\/\/aceweb.cat\/#website","url":"https:\/\/aceweb.cat\/","name":"ACE","description":"Associaci\u00f3 de Consultors d&#039;Estructures | ACE","publisher":{"@id":"https:\/\/aceweb.cat\/#organization"},"alternateName":"ACE","potentialAction":[{"@type":"SearchAction","target":{"@type":"EntryPoint","urlTemplate":"https:\/\/aceweb.cat\/?s={search_term_string}"},"query-input":{"@type":"PropertyValueSpecification","valueRequired":true,"valueName":"search_term_string"}}],"inLanguage":"es"},{"@type":"Organization","@id":"https:\/\/aceweb.cat\/#organization","name":"ACE","alternateName":"ACE","url":"https:\/\/aceweb.cat\/","logo":{"@type":"ImageObject","inLanguage":"es","@id":"https:\/\/aceweb.cat\/#\/schema\/logo\/image\/","url":"https:\/\/aceweb.cat\/wp-content\/uploads\/2022\/10\/logo.svg","contentUrl":"https:\/\/aceweb.cat\/wp-content\/uploads\/2022\/10\/logo.svg","width":1,"height":1,"caption":"ACE"},"image":{"@id":"https:\/\/aceweb.cat\/#\/schema\/logo\/image\/"}}]}},"_links":{"self":[{"href":"https:\/\/aceweb.cat\/es\/wp-json\/wp\/v2\/product\/47423","targetHints":{"allow":["GET"]}}],"collection":[{"href":"https:\/\/aceweb.cat\/es\/wp-json\/wp\/v2\/product"}],"about":[{"href":"https:\/\/aceweb.cat\/es\/wp-json\/wp\/v2\/types\/product"}],"version-history":[{"count":3,"href":"https:\/\/aceweb.cat\/es\/wp-json\/wp\/v2\/product\/47423\/revisions"}],"predecessor-version":[{"id":47438,"href":"https:\/\/aceweb.cat\/es\/wp-json\/wp\/v2\/product\/47423\/revisions\/47438"}],"wp:featuredmedia":[{"embeddable":true,"href":"https:\/\/aceweb.cat\/es\/wp-json\/wp\/v2\/media\/47427"}],"wp:attachment":[{"href":"https:\/\/aceweb.cat\/es\/wp-json\/wp\/v2\/media?parent=47423"}],"wp:term":[{"taxonomy":"product_brand","embeddable":true,"href":"https:\/\/aceweb.cat\/es\/wp-json\/wp\/v2\/product_brand?post=47423"},{"taxonomy":"product_cat","embeddable":true,"href":"https:\/\/aceweb.cat\/es\/wp-json\/wp\/v2\/product_cat?post=47423"},{"taxonomy":"product_tag","embeddable":true,"href":"https:\/\/aceweb.cat\/es\/wp-json\/wp\/v2\/product_tag?post=47423"}],"curies":[{"name":"wp","href":"https:\/\/api.w.org\/{rel}","templated":true}]}}